{"id":82106,"date":"2022-03-30T07:47:46","date_gmt":"2022-03-30T05:47:46","guid":{"rendered":"https:\/\/www.bagnoitalia.com\/product\/banera-de-hidromasaje-rinconera-150x150-cm-para-dos-personas-con-cromoterapia-y-radio-vs109"},"modified":"2022-03-30T07:47:46","modified_gmt":"2022-03-30T05:47:46","slug":"banera-de-hidromasaje-rinconera-150x150-cm-para-dos-personas-con-cromoterapia-y-radio-vs109","status":"publish","type":"product","link":"https:\/\/www.bagnoitalia.com\/es\/producto\/banera-de-hidromasaje-rinconera-150x150-cm-para-dos-personas-con-cromoterapia-y-radio-vs109.html","title":{"rendered":"Ba\u00f1era de hidromasaje rinconera 150&#215;150 cm para dos personas con cromoterapia y radio VS109"},"content":{"rendered":"<p><span style=\"font-size: 18pt; color: #ff0000;\"><strong>BA\u00d1ERA HIDROMASAJE VS109<\/strong><br \/><\/span><\/p>\n<\/p>\n<p> <strong>CARACTER\u00cdSTICAS DEL PRODUCTO:<\/strong><\/p>\n<p> Ba\u00f1era de 150&#215;150 cm<\/p>\n<p> hidromasaje de 9 chorros<\/p>\n<p> Bomba de agua de 1,5 CV<\/p>\n<p> cromoterapia<\/p>\n<p> Radio y altavoz<\/p>\n<p> 2 cojines de reposacabezas<\/p>\n<p> Circulaci\u00f3n de agua y sistema de aspiraci\u00f3n.<\/p>\n<p> luz LED<\/p>\n<p> salvavidas automatico<\/p>\n<p> toallero<\/p>\n<p> grifer\u00eda con teleducha extra\u00edble<\/p>\n<p> Pantalla de control de funciones<\/p>\n<\/p>\n<p> <strong>DETALLES:<\/strong><\/p>\n<p> Estructura de acero<\/p>\n<p> Revestimiento acr\u00edlico sanitario blanco de alta calidad<\/p>\n<p> Peso 100 kg<\/p><\/p>\n","protected":false},"excerpt":{"rendered":"<p>Ba\u00f1era de hidromasaje con 9 jets, 2 reposacabezas, radio y altavoz, toallero, cromoterapia, salvavidas autom\u00e1tico<\/p>\n","protected":false},"featured_media":52504,"comment_status":"open","ping_status":"closed","template":"","meta":[],"product_brand":[9914],"product_cat":[9709,9745],"product_tag":[],"class_list":{"0":"post-82106","1":"product","2":"type-product","3":"status-publish","4":"has-post-thumbnail","6":"product_brand-simba-es","7":"product_cat-banera-de-hidromasaje","8":"product_cat-piscinas-de-hidromasaje","10":"first","11":"instock","12":"sale","13":"taxable","14":"shipping-taxable","15":"purchasable","16":"product-type-simple"},"exclude_global_add_ons":[],"addons":[],"yoast_head":"<!-- This site is optimized with the Yoast SEO plugin v26.7 - https:\/\/yoast.com\/wordpress\/plugins\/seo\/ -->\n<title>Ba\u00f1era de hidromasaje rinconera 150x150 cm para dos personas con cromoterapia y radio VS109<\/title>\n<meta name=\"description\" content=\"Ba\u00f1era de hidromasaje con 9 jets, 2 reposacabezas, radio y altavoz, toallero, cromoterapia, salvavidas autom\u00e1tico\" \/>\n<meta name=\"robots\" content=\"index, follow, max-snippet:-1, max-image-preview:large, max-video-preview:-1\" \/>\n<link rel=\"canonical\" href=\"https:\/\/www.bagnoitalia.com\/es\/producto\/banera-de-hidromasaje-rinconera-150x150-cm-para-dos-personas-con-cromoterapia-y-radio-vs109.html\" \/>\n<meta property=\"og:locale\" content=\"es_ES\" \/>\n<meta property=\"og:type\" content=\"article\" \/>\n<meta property=\"og:title\" content=\"Ba\u00f1era de hidromasaje rinconera 150x150 cm para dos personas con cromoterapia y radio VS109\" \/>\n<meta property=\"og:description\" content=\"Ba\u00f1era de hidromasaje con 9 jets, 2 reposacabezas, radio y altavoz, toallero, cromoterapia, salvavidas autom\u00e1tico\" \/>\n<meta property=\"og:url\" content=\"https:\/\/www.bagnoitalia.com\/es\/producto\/banera-de-hidromasaje-rinconera-150x150-cm-para-dos-personas-con-cromoterapia-y-radio-vs109.html\" \/>\n<meta property=\"og:site_name\" content=\"Bagno Italia\" \/>\n<meta property=\"og:image\" content=\"https:\/\/img.bagnoitalia.com\/wp-content\/uploads\/virtuemart\/product\/V4S-0010_1.jpg\" \/>\n\t<meta property=\"og:image:width\" content=\"550\" \/>\n\t<meta property=\"og:image:height\" content=\"550\" \/>\n\t<meta property=\"og:image:type\" content=\"image\/jpeg\" \/>\n<meta name=\"twitter:card\" content=\"summary_large_image\" \/>\n<script type=\"application\/ld+json\" class=\"yoast-schema-graph\">{\"@context\":\"https:\/\/schema.org\",\"@graph\":[{\"@type\":\"WebPage\",\"@id\":\"https:\/\/www.bagnoitalia.com\/es\/producto\/banera-de-hidromasaje-rinconera-150x150-cm-para-dos-personas-con-cromoterapia-y-radio-vs109.html\",\"url\":\"https:\/\/www.bagnoitalia.com\/es\/producto\/banera-de-hidromasaje-rinconera-150x150-cm-para-dos-personas-con-cromoterapia-y-radio-vs109.html\",\"name\":\"Ba\u00f1era de hidromasaje rinconera 150x150 cm para dos personas con cromoterapia y radio VS109\",\"isPartOf\":{\"@id\":\"https:\/\/www.bagnoitalia.com\/es#website\"},\"primaryImageOfPage\":{\"@id\":\"https:\/\/www.bagnoitalia.com\/es\/producto\/banera-de-hidromasaje-rinconera-150x150-cm-para-dos-personas-con-cromoterapia-y-radio-vs109.html#primaryimage\"},\"image\":{\"@id\":\"https:\/\/www.bagnoitalia.com\/es\/producto\/banera-de-hidromasaje-rinconera-150x150-cm-para-dos-personas-con-cromoterapia-y-radio-vs109.html#primaryimage\"},\"thumbnailUrl\":\"https:\/\/img.bagnoitalia.com\/wp-content\/uploads\/virtuemart\/product\/V4S-0010_1.jpg\",\"datePublished\":\"2022-03-30T05:47:46+00:00\",\"description\":\"Ba\u00f1era de hidromasaje con 9 jets, 2 reposacabezas, radio y altavoz, toallero, cromoterapia, salvavidas autom\u00e1tico\",\"breadcrumb\":{\"@id\":\"https:\/\/www.bagnoitalia.com\/es\/producto\/banera-de-hidromasaje-rinconera-150x150-cm-para-dos-personas-con-cromoterapia-y-radio-vs109.html#breadcrumb\"},\"inLanguage\":\"es\",\"potentialAction\":[{\"@type\":\"ReadAction\",\"target\":[\"https:\/\/www.bagnoitalia.com\/es\/producto\/banera-de-hidromasaje-rinconera-150x150-cm-para-dos-personas-con-cromoterapia-y-radio-vs109.html\"]}]},{\"@type\":\"ImageObject\",\"inLanguage\":\"es\",\"@id\":\"https:\/\/www.bagnoitalia.com\/es\/producto\/banera-de-hidromasaje-rinconera-150x150-cm-para-dos-personas-con-cromoterapia-y-radio-vs109.html#primaryimage\",\"url\":\"https:\/\/img.bagnoitalia.com\/wp-content\/uploads\/virtuemart\/product\/V4S-0010_1.jpg\",\"contentUrl\":\"https:\/\/img.bagnoitalia.com\/wp-content\/uploads\/virtuemart\/product\/V4S-0010_1.jpg\",\"width\":550,\"height\":550},{\"@type\":\"BreadcrumbList\",\"@id\":\"https:\/\/www.bagnoitalia.com\/es\/producto\/banera-de-hidromasaje-rinconera-150x150-cm-para-dos-personas-con-cromoterapia-y-radio-vs109.html#breadcrumb\",\"itemListElement\":[{\"@type\":\"ListItem\",\"position\":1,\"name\":\"Home\",\"item\":\"https:\/\/www.bagnoitalia.com\/es\"},{\"@type\":\"ListItem\",\"position\":2,\"name\":\"Productos\",\"item\":\"https:\/\/www.bagnoitalia.com\/es\/shop\"},{\"@type\":\"ListItem\",\"position\":3,\"name\":\"Ba\u00f1era de hidromasaje rinconera 150&#215;150 cm para dos personas con cromoterapia y radio VS109\"}]},{\"@type\":\"WebSite\",\"@id\":\"https:\/\/www.bagnoitalia.com\/es#website\",\"url\":\"https:\/\/www.bagnoitalia.com\/es\",\"name\":\"Bagno Italia\",\"description\":\"\",\"publisher\":{\"@id\":\"https:\/\/www.bagnoitalia.com\/es#organization\"},\"potentialAction\":[{\"@type\":\"SearchAction\",\"target\":{\"@type\":\"EntryPoint\",\"urlTemplate\":\"https:\/\/www.bagnoitalia.com\/es?s={search_term_string}\"},\"query-input\":{\"@type\":\"PropertyValueSpecification\",\"valueRequired\":true,\"valueName\":\"search_term_string\"}}],\"inLanguage\":\"es\"},{\"@type\":\"Organization\",\"@id\":\"https:\/\/www.bagnoitalia.com\/es#organization\",\"name\":\"Bagno Italia\",\"url\":\"https:\/\/www.bagnoitalia.com\/es\",\"logo\":{\"@type\":\"ImageObject\",\"inLanguage\":\"es\",\"@id\":\"https:\/\/www.bagnoitalia.com\/es#\/schema\/logo\/image\/\",\"url\":\"https:\/\/img.bagnoitalia.com\/wp-content\/uploads\/logo-bagnoitalia.webp\",\"contentUrl\":\"https:\/\/img.bagnoitalia.com\/wp-content\/uploads\/logo-bagnoitalia.webp\",\"width\":400,\"height\":70,\"caption\":\"Bagno Italia\"},\"image\":{\"@id\":\"https:\/\/www.bagnoitalia.com\/es#\/schema\/logo\/image\/\"}}]}<\/script>\n<!-- \/ Yoast SEO plugin. -->","yoast_head_json":{"title":"Ba\u00f1era de hidromasaje rinconera 150x150 cm para dos personas con cromoterapia y radio VS109","description":"Ba\u00f1era de hidromasaje con 9 jets, 2 reposacabezas, radio y altavoz, toallero, cromoterapia, salvavidas autom\u00e1tico","robots":{"index":"index","follow":"follow","max-snippet":"max-snippet:-1","max-image-preview":"max-image-preview:large","max-video-preview":"max-video-preview:-1"},"canonical":"https:\/\/www.bagnoitalia.com\/es\/producto\/banera-de-hidromasaje-rinconera-150x150-cm-para-dos-personas-con-cromoterapia-y-radio-vs109.html","og_locale":"es_ES","og_type":"article","og_title":"Ba\u00f1era de hidromasaje rinconera 150x150 cm para dos personas con cromoterapia y radio VS109","og_description":"Ba\u00f1era de hidromasaje con 9 jets, 2 reposacabezas, radio y altavoz, toallero, cromoterapia, salvavidas autom\u00e1tico","og_url":"https:\/\/www.bagnoitalia.com\/es\/producto\/banera-de-hidromasaje-rinconera-150x150-cm-para-dos-personas-con-cromoterapia-y-radio-vs109.html","og_site_name":"Bagno Italia","og_image":[{"width":550,"height":550,"url":"https:\/\/img.bagnoitalia.com\/wp-content\/uploads\/virtuemart\/product\/V4S-0010_1.jpg","type":"image\/jpeg"}],"twitter_card":"summary_large_image","schema":{"@context":"https:\/\/schema.org","@graph":[{"@type":"WebPage","@id":"https:\/\/www.bagnoitalia.com\/es\/producto\/banera-de-hidromasaje-rinconera-150x150-cm-para-dos-personas-con-cromoterapia-y-radio-vs109.html","url":"https:\/\/www.bagnoitalia.com\/es\/producto\/banera-de-hidromasaje-rinconera-150x150-cm-para-dos-personas-con-cromoterapia-y-radio-vs109.html","name":"Ba\u00f1era de hidromasaje rinconera 150x150 cm para dos personas con cromoterapia y radio VS109","isPartOf":{"@id":"https:\/\/www.bagnoitalia.com\/es#website"},"primaryImageOfPage":{"@id":"https:\/\/www.bagnoitalia.com\/es\/producto\/banera-de-hidromasaje-rinconera-150x150-cm-para-dos-personas-con-cromoterapia-y-radio-vs109.html#primaryimage"},"image":{"@id":"https:\/\/www.bagnoitalia.com\/es\/producto\/banera-de-hidromasaje-rinconera-150x150-cm-para-dos-personas-con-cromoterapia-y-radio-vs109.html#primaryimage"},"thumbnailUrl":"https:\/\/img.bagnoitalia.com\/wp-content\/uploads\/virtuemart\/product\/V4S-0010_1.jpg","datePublished":"2022-03-30T05:47:46+00:00","description":"Ba\u00f1era de hidromasaje con 9 jets, 2 reposacabezas, radio y altavoz, toallero, cromoterapia, salvavidas autom\u00e1tico","breadcrumb":{"@id":"https:\/\/www.bagnoitalia.com\/es\/producto\/banera-de-hidromasaje-rinconera-150x150-cm-para-dos-personas-con-cromoterapia-y-radio-vs109.html#breadcrumb"},"inLanguage":"es","potentialAction":[{"@type":"ReadAction","target":["https:\/\/www.bagnoitalia.com\/es\/producto\/banera-de-hidromasaje-rinconera-150x150-cm-para-dos-personas-con-cromoterapia-y-radio-vs109.html"]}]},{"@type":"ImageObject","inLanguage":"es","@id":"https:\/\/www.bagnoitalia.com\/es\/producto\/banera-de-hidromasaje-rinconera-150x150-cm-para-dos-personas-con-cromoterapia-y-radio-vs109.html#primaryimage","url":"https:\/\/img.bagnoitalia.com\/wp-content\/uploads\/virtuemart\/product\/V4S-0010_1.jpg","contentUrl":"https:\/\/img.bagnoitalia.com\/wp-content\/uploads\/virtuemart\/product\/V4S-0010_1.jpg","width":550,"height":550},{"@type":"BreadcrumbList","@id":"https:\/\/www.bagnoitalia.com\/es\/producto\/banera-de-hidromasaje-rinconera-150x150-cm-para-dos-personas-con-cromoterapia-y-radio-vs109.html#breadcrumb","itemListElement":[{"@type":"ListItem","position":1,"name":"Home","item":"https:\/\/www.bagnoitalia.com\/es"},{"@type":"ListItem","position":2,"name":"Productos","item":"https:\/\/www.bagnoitalia.com\/es\/shop"},{"@type":"ListItem","position":3,"name":"Ba\u00f1era de hidromasaje rinconera 150&#215;150 cm para dos personas con cromoterapia y radio VS109"}]},{"@type":"WebSite","@id":"https:\/\/www.bagnoitalia.com\/es#website","url":"https:\/\/www.bagnoitalia.com\/es","name":"Bagno Italia","description":"","publisher":{"@id":"https:\/\/www.bagnoitalia.com\/es#organization"},"potentialAction":[{"@type":"SearchAction","target":{"@type":"EntryPoint","urlTemplate":"https:\/\/www.bagnoitalia.com\/es?s={search_term_string}"},"query-input":{"@type":"PropertyValueSpecification","valueRequired":true,"valueName":"search_term_string"}}],"inLanguage":"es"},{"@type":"Organization","@id":"https:\/\/www.bagnoitalia.com\/es#organization","name":"Bagno Italia","url":"https:\/\/www.bagnoitalia.com\/es","logo":{"@type":"ImageObject","inLanguage":"es","@id":"https:\/\/www.bagnoitalia.com\/es#\/schema\/logo\/image\/","url":"https:\/\/img.bagnoitalia.com\/wp-content\/uploads\/logo-bagnoitalia.webp","contentUrl":"https:\/\/img.bagnoitalia.com\/wp-content\/uploads\/logo-bagnoitalia.webp","width":400,"height":70,"caption":"Bagno Italia"},"image":{"@id":"https:\/\/www.bagnoitalia.com\/es#\/schema\/logo\/image\/"}}]}},"_links":{"self":[{"href":"https:\/\/www.bagnoitalia.com\/es\/wp-json\/wp\/v2\/product\/82106","targetHints":{"allow":["GET"]}}],"collection":[{"href":"https:\/\/www.bagnoitalia.com\/es\/wp-json\/wp\/v2\/product"}],"about":[{"href":"https:\/\/www.bagnoitalia.com\/es\/wp-json\/wp\/v2\/types\/product"}],"replies":[{"embeddable":true,"href":"https:\/\/www.bagnoitalia.com\/es\/wp-json\/wp\/v2\/comments?post=82106"}],"version-history":[{"count":0,"href":"https:\/\/www.bagnoitalia.com\/es\/wp-json\/wp\/v2\/product\/82106\/revisions"}],"wp:featuredmedia":[{"embeddable":true,"href":"https:\/\/www.bagnoitalia.com\/es\/wp-json\/wp\/v2\/media\/52504"}],"wp:attachment":[{"href":"https:\/\/www.bagnoitalia.com\/es\/wp-json\/wp\/v2\/media?parent=82106"}],"wp:term":[{"taxonomy":"product_brand","embeddable":true,"href":"https:\/\/www.bagnoitalia.com\/es\/wp-json\/wp\/v2\/product_brand?post=82106"},{"taxonomy":"product_cat","embeddable":true,"href":"https:\/\/www.bagnoitalia.com\/es\/wp-json\/wp\/v2\/product_cat?post=82106"},{"taxonomy":"product_tag","embeddable":true,"href":"https:\/\/www.bagnoitalia.com\/es\/wp-json\/wp\/v2\/product_tag?post=82106"}],"curies":[{"name":"wp","href":"https:\/\/api.w.org\/{rel}","templated":true}]}}