{"id":82006,"date":"2022-03-30T07:47:46","date_gmt":"2022-03-30T05:47:46","guid":{"rendered":"https:\/\/www.bagnoitalia.com\/product\/sofa-cama-de-3-plazas-rossana-en-microfibra-roja-195x130-cms"},"modified":"2022-03-30T07:47:46","modified_gmt":"2022-03-30T05:47:46","slug":"sofa-cama-de-3-plazas-rossana-en-microfibra-roja-195x130-cms","status":"publish","type":"product","link":"https:\/\/www.bagnoitalia.com\/es\/producto\/sofa-cama-de-3-plazas-rossana-en-microfibra-roja-195x130-cms.html","title":{"rendered":"Sof\u00e1 cama de 3 plazas Rossana en microfibra roja 195&#215;130 cms"},"content":{"rendered":"<p><span style=\"text-decoration: underline; font-size: 12pt;\"><strong><span style=\"font-size: 24pt;\"><strong><span style=\"font-size: 24pt;\"><\/span><\/strong>SOF\u00c1 CAMA &quot;ROSSANA&quot;<\/span><br \/><\/strong><\/span><\/p>\n<\/p>\n<p> <strong style=\"font-family: 'Arial Unicode MS', sans-serif;\">CARACTER\u00cdSTICAS DEL PRODUCTO:<br \/><\/strong><\/p>\n<p> longitud: 195cm<\/p>\n<p> profundidad total: cerrado 95 cm; cuando est\u00e1 abierto (cama) 130 cm<\/p>\n<p> profundidad del asiento: 58 cm<\/p>\n<p> altura del respaldo desde el suelo: 98 cm<strong><br \/><\/strong><\/p>\n<p> altura del asiento desde el suelo: 52 cm<\/p>\n<p> para 3 personas<\/p>\n<p> con compartimento de almacenamiento<\/p>\n<p> 2 cojines a juego<\/p>\n<p> respaldo reclinable en posici\u00f3n de cama doble<\/p>\n<\/p>\n<p> MATERIALES:<\/p>\n<p> forro de microfibra roja<\/p>\n<p> estructura de madera de haya<\/p>\n<p> compartimento contenedor en mdf<\/p>\n<\/p>\n<\/p>\n<p> 049<\/p>\n","protected":false},"excerpt":{"rendered":"<p>Sof\u00e1 sin reposabrazos, de estilo moderno, tapizado en suave microfibra roja. Respaldo reclinable en posici\u00f3n cama. 2 almohadas a juego incluidas en el precio. Compartimento de almacenamiento debajo del asiento<\/p>\n","protected":false},"featured_media":51804,"comment_status":"open","ping_status":"closed","template":"","meta":[],"product_brand":[9926],"product_cat":[15],"product_tag":[],"class_list":{"0":"post-82006","1":"product","2":"type-product","3":"status-publish","4":"has-post-thumbnail","6":"product_brand-predator-arredo-casa-es","7":"product_cat-senza-categoria","9":"first","10":"outofstock","11":"taxable","12":"shipping-taxable","13":"purchasable","14":"product-type-simple"},"exclude_global_add_ons":[],"addons":[],"yoast_head":"<!-- This site is optimized with the Yoast SEO plugin v26.7 - https:\/\/yoast.com\/wordpress\/plugins\/seo\/ -->\n<title>Sof\u00e1 cama de 3 plazas Rossana en microfibra roja 195x130 cms<\/title>\n<meta name=\"description\" content=\"Sof\u00e1 sin reposabrazos, de estilo moderno, tapizado en suave microfibra roja. Respaldo reclinable en posici\u00f3n cama. 2 almohadas a juego incluidas en el precio. Compartimento de almacenamiento debajo del asiento\" \/>\n<meta name=\"robots\" content=\"index, follow, max-snippet:-1, max-image-preview:large, max-video-preview:-1\" \/>\n<link rel=\"canonical\" href=\"https:\/\/www.bagnoitalia.com\/es\/producto\/sofa-cama-de-3-plazas-rossana-en-microfibra-roja-195x130-cms.html\" \/>\n<meta property=\"og:locale\" content=\"es_ES\" \/>\n<meta property=\"og:type\" content=\"article\" \/>\n<meta property=\"og:title\" content=\"Sof\u00e1 cama de 3 plazas Rossana en microfibra roja 195x130 cms\" \/>\n<meta property=\"og:description\" content=\"Sof\u00e1 sin reposabrazos, de estilo moderno, tapizado en suave microfibra roja. Respaldo reclinable en posici\u00f3n cama. 2 almohadas a juego incluidas en el precio. Compartimento de almacenamiento debajo del asiento\" \/>\n<meta property=\"og:url\" content=\"https:\/\/www.bagnoitalia.com\/es\/producto\/sofa-cama-de-3-plazas-rossana-en-microfibra-roja-195x130-cms.html\" \/>\n<meta property=\"og:site_name\" content=\"Bagno Italia\" \/>\n<meta property=\"og:image\" content=\"https:\/\/img.bagnoitalia.com\/wp-content\/uploads\/virtuemart\/product\/D1V-0938_1.jpg\" \/>\n\t<meta property=\"og:image:width\" content=\"550\" \/>\n\t<meta property=\"og:image:height\" content=\"550\" \/>\n\t<meta property=\"og:image:type\" content=\"image\/jpeg\" \/>\n<meta name=\"twitter:card\" content=\"summary_large_image\" \/>\n<script type=\"application\/ld+json\" class=\"yoast-schema-graph\">{\"@context\":\"https:\/\/schema.org\",\"@graph\":[{\"@type\":\"WebPage\",\"@id\":\"https:\/\/www.bagnoitalia.com\/es\/producto\/sofa-cama-de-3-plazas-rossana-en-microfibra-roja-195x130-cms.html\",\"url\":\"https:\/\/www.bagnoitalia.com\/es\/producto\/sofa-cama-de-3-plazas-rossana-en-microfibra-roja-195x130-cms.html\",\"name\":\"Sof\u00e1 cama de 3 plazas Rossana en microfibra roja 195x130 cms\",\"isPartOf\":{\"@id\":\"https:\/\/www.bagnoitalia.com\/es#website\"},\"primaryImageOfPage\":{\"@id\":\"https:\/\/www.bagnoitalia.com\/es\/producto\/sofa-cama-de-3-plazas-rossana-en-microfibra-roja-195x130-cms.html#primaryimage\"},\"image\":{\"@id\":\"https:\/\/www.bagnoitalia.com\/es\/producto\/sofa-cama-de-3-plazas-rossana-en-microfibra-roja-195x130-cms.html#primaryimage\"},\"thumbnailUrl\":\"https:\/\/img.bagnoitalia.com\/wp-content\/uploads\/virtuemart\/product\/D1V-0938_1.jpg\",\"datePublished\":\"2022-03-30T05:47:46+00:00\",\"description\":\"Sof\u00e1 sin reposabrazos, de estilo moderno, tapizado en suave microfibra roja. Respaldo reclinable en posici\u00f3n cama. 2 almohadas a juego incluidas en el precio. Compartimento de almacenamiento debajo del asiento\",\"breadcrumb\":{\"@id\":\"https:\/\/www.bagnoitalia.com\/es\/producto\/sofa-cama-de-3-plazas-rossana-en-microfibra-roja-195x130-cms.html#breadcrumb\"},\"inLanguage\":\"es\",\"potentialAction\":[{\"@type\":\"ReadAction\",\"target\":[\"https:\/\/www.bagnoitalia.com\/es\/producto\/sofa-cama-de-3-plazas-rossana-en-microfibra-roja-195x130-cms.html\"]}]},{\"@type\":\"ImageObject\",\"inLanguage\":\"es\",\"@id\":\"https:\/\/www.bagnoitalia.com\/es\/producto\/sofa-cama-de-3-plazas-rossana-en-microfibra-roja-195x130-cms.html#primaryimage\",\"url\":\"https:\/\/img.bagnoitalia.com\/wp-content\/uploads\/virtuemart\/product\/D1V-0938_1.jpg\",\"contentUrl\":\"https:\/\/img.bagnoitalia.com\/wp-content\/uploads\/virtuemart\/product\/D1V-0938_1.jpg\",\"width\":550,\"height\":550},{\"@type\":\"BreadcrumbList\",\"@id\":\"https:\/\/www.bagnoitalia.com\/es\/producto\/sofa-cama-de-3-plazas-rossana-en-microfibra-roja-195x130-cms.html#breadcrumb\",\"itemListElement\":[{\"@type\":\"ListItem\",\"position\":1,\"name\":\"Home\",\"item\":\"https:\/\/www.bagnoitalia.com\/es\"},{\"@type\":\"ListItem\",\"position\":2,\"name\":\"Productos\",\"item\":\"https:\/\/www.bagnoitalia.com\/es\/shop\"},{\"@type\":\"ListItem\",\"position\":3,\"name\":\"Sof\u00e1 cama de 3 plazas Rossana en microfibra roja 195&#215;130 cms\"}]},{\"@type\":\"WebSite\",\"@id\":\"https:\/\/www.bagnoitalia.com\/es#website\",\"url\":\"https:\/\/www.bagnoitalia.com\/es\",\"name\":\"Bagno Italia\",\"description\":\"\",\"publisher\":{\"@id\":\"https:\/\/www.bagnoitalia.com\/es#organization\"},\"potentialAction\":[{\"@type\":\"SearchAction\",\"target\":{\"@type\":\"EntryPoint\",\"urlTemplate\":\"https:\/\/www.bagnoitalia.com\/es?s={search_term_string}\"},\"query-input\":{\"@type\":\"PropertyValueSpecification\",\"valueRequired\":true,\"valueName\":\"search_term_string\"}}],\"inLanguage\":\"es\"},{\"@type\":\"Organization\",\"@id\":\"https:\/\/www.bagnoitalia.com\/es#organization\",\"name\":\"Bagno Italia\",\"url\":\"https:\/\/www.bagnoitalia.com\/es\",\"logo\":{\"@type\":\"ImageObject\",\"inLanguage\":\"es\",\"@id\":\"https:\/\/www.bagnoitalia.com\/es#\/schema\/logo\/image\/\",\"url\":\"https:\/\/img.bagnoitalia.com\/wp-content\/uploads\/logo-bagnoitalia.webp\",\"contentUrl\":\"https:\/\/img.bagnoitalia.com\/wp-content\/uploads\/logo-bagnoitalia.webp\",\"width\":400,\"height\":70,\"caption\":\"Bagno Italia\"},\"image\":{\"@id\":\"https:\/\/www.bagnoitalia.com\/es#\/schema\/logo\/image\/\"}}]}<\/script>\n<!-- \/ Yoast SEO plugin. -->","yoast_head_json":{"title":"Sof\u00e1 cama de 3 plazas Rossana en microfibra roja 195x130 cms","description":"Sof\u00e1 sin reposabrazos, de estilo moderno, tapizado en suave microfibra roja. Respaldo reclinable en posici\u00f3n cama. 2 almohadas a juego incluidas en el precio. Compartimento de almacenamiento debajo del asiento","robots":{"index":"index","follow":"follow","max-snippet":"max-snippet:-1","max-image-preview":"max-image-preview:large","max-video-preview":"max-video-preview:-1"},"canonical":"https:\/\/www.bagnoitalia.com\/es\/producto\/sofa-cama-de-3-plazas-rossana-en-microfibra-roja-195x130-cms.html","og_locale":"es_ES","og_type":"article","og_title":"Sof\u00e1 cama de 3 plazas Rossana en microfibra roja 195x130 cms","og_description":"Sof\u00e1 sin reposabrazos, de estilo moderno, tapizado en suave microfibra roja. Respaldo reclinable en posici\u00f3n cama. 2 almohadas a juego incluidas en el precio. Compartimento de almacenamiento debajo del asiento","og_url":"https:\/\/www.bagnoitalia.com\/es\/producto\/sofa-cama-de-3-plazas-rossana-en-microfibra-roja-195x130-cms.html","og_site_name":"Bagno Italia","og_image":[{"width":550,"height":550,"url":"https:\/\/img.bagnoitalia.com\/wp-content\/uploads\/virtuemart\/product\/D1V-0938_1.jpg","type":"image\/jpeg"}],"twitter_card":"summary_large_image","schema":{"@context":"https:\/\/schema.org","@graph":[{"@type":"WebPage","@id":"https:\/\/www.bagnoitalia.com\/es\/producto\/sofa-cama-de-3-plazas-rossana-en-microfibra-roja-195x130-cms.html","url":"https:\/\/www.bagnoitalia.com\/es\/producto\/sofa-cama-de-3-plazas-rossana-en-microfibra-roja-195x130-cms.html","name":"Sof\u00e1 cama de 3 plazas Rossana en microfibra roja 195x130 cms","isPartOf":{"@id":"https:\/\/www.bagnoitalia.com\/es#website"},"primaryImageOfPage":{"@id":"https:\/\/www.bagnoitalia.com\/es\/producto\/sofa-cama-de-3-plazas-rossana-en-microfibra-roja-195x130-cms.html#primaryimage"},"image":{"@id":"https:\/\/www.bagnoitalia.com\/es\/producto\/sofa-cama-de-3-plazas-rossana-en-microfibra-roja-195x130-cms.html#primaryimage"},"thumbnailUrl":"https:\/\/img.bagnoitalia.com\/wp-content\/uploads\/virtuemart\/product\/D1V-0938_1.jpg","datePublished":"2022-03-30T05:47:46+00:00","description":"Sof\u00e1 sin reposabrazos, de estilo moderno, tapizado en suave microfibra roja. Respaldo reclinable en posici\u00f3n cama. 2 almohadas a juego incluidas en el precio. Compartimento de almacenamiento debajo del asiento","breadcrumb":{"@id":"https:\/\/www.bagnoitalia.com\/es\/producto\/sofa-cama-de-3-plazas-rossana-en-microfibra-roja-195x130-cms.html#breadcrumb"},"inLanguage":"es","potentialAction":[{"@type":"ReadAction","target":["https:\/\/www.bagnoitalia.com\/es\/producto\/sofa-cama-de-3-plazas-rossana-en-microfibra-roja-195x130-cms.html"]}]},{"@type":"ImageObject","inLanguage":"es","@id":"https:\/\/www.bagnoitalia.com\/es\/producto\/sofa-cama-de-3-plazas-rossana-en-microfibra-roja-195x130-cms.html#primaryimage","url":"https:\/\/img.bagnoitalia.com\/wp-content\/uploads\/virtuemart\/product\/D1V-0938_1.jpg","contentUrl":"https:\/\/img.bagnoitalia.com\/wp-content\/uploads\/virtuemart\/product\/D1V-0938_1.jpg","width":550,"height":550},{"@type":"BreadcrumbList","@id":"https:\/\/www.bagnoitalia.com\/es\/producto\/sofa-cama-de-3-plazas-rossana-en-microfibra-roja-195x130-cms.html#breadcrumb","itemListElement":[{"@type":"ListItem","position":1,"name":"Home","item":"https:\/\/www.bagnoitalia.com\/es"},{"@type":"ListItem","position":2,"name":"Productos","item":"https:\/\/www.bagnoitalia.com\/es\/shop"},{"@type":"ListItem","position":3,"name":"Sof\u00e1 cama de 3 plazas Rossana en microfibra roja 195&#215;130 cms"}]},{"@type":"WebSite","@id":"https:\/\/www.bagnoitalia.com\/es#website","url":"https:\/\/www.bagnoitalia.com\/es","name":"Bagno Italia","description":"","publisher":{"@id":"https:\/\/www.bagnoitalia.com\/es#organization"},"potentialAction":[{"@type":"SearchAction","target":{"@type":"EntryPoint","urlTemplate":"https:\/\/www.bagnoitalia.com\/es?s={search_term_string}"},"query-input":{"@type":"PropertyValueSpecification","valueRequired":true,"valueName":"search_term_string"}}],"inLanguage":"es"},{"@type":"Organization","@id":"https:\/\/www.bagnoitalia.com\/es#organization","name":"Bagno Italia","url":"https:\/\/www.bagnoitalia.com\/es","logo":{"@type":"ImageObject","inLanguage":"es","@id":"https:\/\/www.bagnoitalia.com\/es#\/schema\/logo\/image\/","url":"https:\/\/img.bagnoitalia.com\/wp-content\/uploads\/logo-bagnoitalia.webp","contentUrl":"https:\/\/img.bagnoitalia.com\/wp-content\/uploads\/logo-bagnoitalia.webp","width":400,"height":70,"caption":"Bagno Italia"},"image":{"@id":"https:\/\/www.bagnoitalia.com\/es#\/schema\/logo\/image\/"}}]}},"_links":{"self":[{"href":"https:\/\/www.bagnoitalia.com\/es\/wp-json\/wp\/v2\/product\/82006","targetHints":{"allow":["GET"]}}],"collection":[{"href":"https:\/\/www.bagnoitalia.com\/es\/wp-json\/wp\/v2\/product"}],"about":[{"href":"https:\/\/www.bagnoitalia.com\/es\/wp-json\/wp\/v2\/types\/product"}],"replies":[{"embeddable":true,"href":"https:\/\/www.bagnoitalia.com\/es\/wp-json\/wp\/v2\/comments?post=82006"}],"version-history":[{"count":0,"href":"https:\/\/www.bagnoitalia.com\/es\/wp-json\/wp\/v2\/product\/82006\/revisions"}],"wp:featuredmedia":[{"embeddable":true,"href":"https:\/\/www.bagnoitalia.com\/es\/wp-json\/wp\/v2\/media\/51804"}],"wp:attachment":[{"href":"https:\/\/www.bagnoitalia.com\/es\/wp-json\/wp\/v2\/media?parent=82006"}],"wp:term":[{"taxonomy":"product_brand","embeddable":true,"href":"https:\/\/www.bagnoitalia.com\/es\/wp-json\/wp\/v2\/product_brand?post=82006"},{"taxonomy":"product_cat","embeddable":true,"href":"https:\/\/www.bagnoitalia.com\/es\/wp-json\/wp\/v2\/product_cat?post=82006"},{"taxonomy":"product_tag","embeddable":true,"href":"https:\/\/www.bagnoitalia.com\/es\/wp-json\/wp\/v2\/product_tag?post=82006"}],"curies":[{"name":"wp","href":"https:\/\/api.w.org\/{rel}","templated":true}]}}