{"id":81954,"date":"2022-03-30T07:47:46","date_gmt":"2022-03-30T05:47:46","guid":{"rendered":"https:\/\/www.bagnoitalia.com\/product\/sofa-cama-alessia-con-chaise-longue-reversible-225x148-cm-ecopiel-bicolor-y-microfibra"},"modified":"2022-03-30T07:47:46","modified_gmt":"2022-03-30T05:47:46","slug":"sofa-cama-alessia-con-chaise-longue-reversible-225x148-cm-ecopiel-bicolor-y-microfibra","status":"publish","type":"product","link":"https:\/\/www.bagnoitalia.com\/es\/producto\/sofa-cama-alessia-con-chaise-longue-reversible-225x148-cm-ecopiel-bicolor-y-microfibra.html","title":{"rendered":"Sof\u00e1 cama Alessia con chaise longue reversible 225&#215;148 cm ecopiel bicolor y microfibra"},"content":{"rendered":"<p><span style=\"text-decoration: underline; font-size: 12pt;\"><strong><span style=\"font-size: 24pt;\"><strong><span style=\"font-size: 24pt;\"><\/span><\/strong>SOF\u00c1 CAMA ESQUINA &quot;ALESSIA&quot;<\/span><br \/><\/strong><\/span><\/p>\n<\/p>\n<p> <strong style=\"font-family: 'Arial Unicode MS', sans-serif;\">DETALLES DE PRODUCTO:<br \/><\/strong><\/p>\n<p> sof\u00e1 cerrado medidas 225 x 148 x H78 cm<\/p>\n<p> tama\u00f1o de la cama 193 x 105 cm<strong><br \/><\/strong><\/p>\n<p> La pen\u00ednsula se puede colocar a la derecha o a la izquierda (los reposabrazos son entrelazados y extra\u00edbles para permitir el movimiento de la chaise longue)<\/p>\n<p> almohadas incluidas<\/p>\n<p> 2 pr\u00e1cticos compartimentos de almacenamiento debajo del asiento y debajo de la pen\u00ednsula<\/p>\n<p> respaldo reclinable para posici\u00f3n de cama<\/p>\n<\/p>\n<p> MATERIALES:<\/p>\n<p> forro de microfibra gris y ecopiel negra<\/p>\n<p> estructura y reposabrazos en madera de haya y metal<\/p>\n<p> compartimento contenedor en mdf<\/p>\n<\/p>\n<\/p>\n<p> 016<\/p><\/p>\n","protected":false},"excerpt":{"rendered":"<p>Sof\u00e1 reclinable en posici\u00f3n cama, con 2 compartimentos de almacenaje y pen\u00ednsula que se puede instalar a derecha o izquierda. Tapicer\u00eda: asiento en ecopiel negra y microfibra gris<\/p>\n","protected":false},"featured_media":51448,"comment_status":"open","ping_status":"closed","template":"","meta":[],"product_brand":[9926],"product_cat":[15],"product_tag":[],"class_list":{"0":"post-81954","1":"product","2":"type-product","3":"status-publish","4":"has-post-thumbnail","6":"product_brand-predator-arredo-casa-es","7":"product_cat-senza-categoria","9":"first","10":"outofstock","11":"taxable","12":"shipping-taxable","13":"purchasable","14":"product-type-simple"},"exclude_global_add_ons":[],"addons":[],"yoast_head":"<!-- This site is optimized with the Yoast SEO plugin v26.7 - https:\/\/yoast.com\/wordpress\/plugins\/seo\/ -->\n<title>Sof\u00e1 cama Alessia con chaise longue reversible 225x148 cm ecopiel bicolor y microfibra<\/title>\n<meta name=\"description\" content=\"Sof\u00e1 reclinable en posici\u00f3n cama, con 2 compartimentos de almacenaje y pen\u00ednsula que se puede instalar a derecha o izquierda. Tapicer\u00eda: asiento en ecopiel negra y microfibra gris\" \/>\n<meta name=\"robots\" content=\"index, follow, max-snippet:-1, max-image-preview:large, max-video-preview:-1\" \/>\n<link rel=\"canonical\" href=\"https:\/\/www.bagnoitalia.com\/es\/producto\/sofa-cama-alessia-con-chaise-longue-reversible-225x148-cm-ecopiel-bicolor-y-microfibra.html\" \/>\n<meta property=\"og:locale\" content=\"es_ES\" \/>\n<meta property=\"og:type\" content=\"article\" \/>\n<meta property=\"og:title\" content=\"Sof\u00e1 cama Alessia con chaise longue reversible 225x148 cm ecopiel bicolor y microfibra\" \/>\n<meta property=\"og:description\" content=\"Sof\u00e1 reclinable en posici\u00f3n cama, con 2 compartimentos de almacenaje y pen\u00ednsula que se puede instalar a derecha o izquierda. Tapicer\u00eda: asiento en ecopiel negra y microfibra gris\" \/>\n<meta property=\"og:url\" content=\"https:\/\/www.bagnoitalia.com\/es\/producto\/sofa-cama-alessia-con-chaise-longue-reversible-225x148-cm-ecopiel-bicolor-y-microfibra.html\" \/>\n<meta property=\"og:site_name\" content=\"Bagno Italia\" \/>\n<meta property=\"og:image\" content=\"https:\/\/img.bagnoitalia.com\/wp-content\/uploads\/virtuemart\/product\/D1V-0925_1.jpg\" \/>\n\t<meta property=\"og:image:width\" content=\"550\" \/>\n\t<meta property=\"og:image:height\" content=\"550\" \/>\n\t<meta property=\"og:image:type\" content=\"image\/jpeg\" \/>\n<meta name=\"twitter:card\" content=\"summary_large_image\" \/>\n<script type=\"application\/ld+json\" class=\"yoast-schema-graph\">{\"@context\":\"https:\/\/schema.org\",\"@graph\":[{\"@type\":\"WebPage\",\"@id\":\"https:\/\/www.bagnoitalia.com\/es\/producto\/sofa-cama-alessia-con-chaise-longue-reversible-225x148-cm-ecopiel-bicolor-y-microfibra.html\",\"url\":\"https:\/\/www.bagnoitalia.com\/es\/producto\/sofa-cama-alessia-con-chaise-longue-reversible-225x148-cm-ecopiel-bicolor-y-microfibra.html\",\"name\":\"Sof\u00e1 cama Alessia con chaise longue reversible 225x148 cm ecopiel bicolor y microfibra\",\"isPartOf\":{\"@id\":\"https:\/\/www.bagnoitalia.com\/es#website\"},\"primaryImageOfPage\":{\"@id\":\"https:\/\/www.bagnoitalia.com\/es\/producto\/sofa-cama-alessia-con-chaise-longue-reversible-225x148-cm-ecopiel-bicolor-y-microfibra.html#primaryimage\"},\"image\":{\"@id\":\"https:\/\/www.bagnoitalia.com\/es\/producto\/sofa-cama-alessia-con-chaise-longue-reversible-225x148-cm-ecopiel-bicolor-y-microfibra.html#primaryimage\"},\"thumbnailUrl\":\"https:\/\/img.bagnoitalia.com\/wp-content\/uploads\/virtuemart\/product\/D1V-0925_1.jpg\",\"datePublished\":\"2022-03-30T05:47:46+00:00\",\"description\":\"Sof\u00e1 reclinable en posici\u00f3n cama, con 2 compartimentos de almacenaje y pen\u00ednsula que se puede instalar a derecha o izquierda. Tapicer\u00eda: asiento en ecopiel negra y microfibra gris\",\"breadcrumb\":{\"@id\":\"https:\/\/www.bagnoitalia.com\/es\/producto\/sofa-cama-alessia-con-chaise-longue-reversible-225x148-cm-ecopiel-bicolor-y-microfibra.html#breadcrumb\"},\"inLanguage\":\"es\",\"potentialAction\":[{\"@type\":\"ReadAction\",\"target\":[\"https:\/\/www.bagnoitalia.com\/es\/producto\/sofa-cama-alessia-con-chaise-longue-reversible-225x148-cm-ecopiel-bicolor-y-microfibra.html\"]}]},{\"@type\":\"ImageObject\",\"inLanguage\":\"es\",\"@id\":\"https:\/\/www.bagnoitalia.com\/es\/producto\/sofa-cama-alessia-con-chaise-longue-reversible-225x148-cm-ecopiel-bicolor-y-microfibra.html#primaryimage\",\"url\":\"https:\/\/img.bagnoitalia.com\/wp-content\/uploads\/virtuemart\/product\/D1V-0925_1.jpg\",\"contentUrl\":\"https:\/\/img.bagnoitalia.com\/wp-content\/uploads\/virtuemart\/product\/D1V-0925_1.jpg\",\"width\":550,\"height\":550},{\"@type\":\"BreadcrumbList\",\"@id\":\"https:\/\/www.bagnoitalia.com\/es\/producto\/sofa-cama-alessia-con-chaise-longue-reversible-225x148-cm-ecopiel-bicolor-y-microfibra.html#breadcrumb\",\"itemListElement\":[{\"@type\":\"ListItem\",\"position\":1,\"name\":\"Home\",\"item\":\"https:\/\/www.bagnoitalia.com\/es\"},{\"@type\":\"ListItem\",\"position\":2,\"name\":\"Productos\",\"item\":\"https:\/\/www.bagnoitalia.com\/es\/shop\"},{\"@type\":\"ListItem\",\"position\":3,\"name\":\"Sof\u00e1 cama Alessia con chaise longue reversible 225&#215;148 cm ecopiel bicolor y microfibra\"}]},{\"@type\":\"WebSite\",\"@id\":\"https:\/\/www.bagnoitalia.com\/es#website\",\"url\":\"https:\/\/www.bagnoitalia.com\/es\",\"name\":\"Bagno Italia\",\"description\":\"\",\"publisher\":{\"@id\":\"https:\/\/www.bagnoitalia.com\/es#organization\"},\"potentialAction\":[{\"@type\":\"SearchAction\",\"target\":{\"@type\":\"EntryPoint\",\"urlTemplate\":\"https:\/\/www.bagnoitalia.com\/es?s={search_term_string}\"},\"query-input\":{\"@type\":\"PropertyValueSpecification\",\"valueRequired\":true,\"valueName\":\"search_term_string\"}}],\"inLanguage\":\"es\"},{\"@type\":\"Organization\",\"@id\":\"https:\/\/www.bagnoitalia.com\/es#organization\",\"name\":\"Bagno Italia\",\"url\":\"https:\/\/www.bagnoitalia.com\/es\",\"logo\":{\"@type\":\"ImageObject\",\"inLanguage\":\"es\",\"@id\":\"https:\/\/www.bagnoitalia.com\/es#\/schema\/logo\/image\/\",\"url\":\"https:\/\/img.bagnoitalia.com\/wp-content\/uploads\/logo-bagnoitalia.webp\",\"contentUrl\":\"https:\/\/img.bagnoitalia.com\/wp-content\/uploads\/logo-bagnoitalia.webp\",\"width\":400,\"height\":70,\"caption\":\"Bagno Italia\"},\"image\":{\"@id\":\"https:\/\/www.bagnoitalia.com\/es#\/schema\/logo\/image\/\"}}]}<\/script>\n<!-- \/ Yoast SEO plugin. -->","yoast_head_json":{"title":"Sof\u00e1 cama Alessia con chaise longue reversible 225x148 cm ecopiel bicolor y microfibra","description":"Sof\u00e1 reclinable en posici\u00f3n cama, con 2 compartimentos de almacenaje y pen\u00ednsula que se puede instalar a derecha o izquierda. Tapicer\u00eda: asiento en ecopiel negra y microfibra gris","robots":{"index":"index","follow":"follow","max-snippet":"max-snippet:-1","max-image-preview":"max-image-preview:large","max-video-preview":"max-video-preview:-1"},"canonical":"https:\/\/www.bagnoitalia.com\/es\/producto\/sofa-cama-alessia-con-chaise-longue-reversible-225x148-cm-ecopiel-bicolor-y-microfibra.html","og_locale":"es_ES","og_type":"article","og_title":"Sof\u00e1 cama Alessia con chaise longue reversible 225x148 cm ecopiel bicolor y microfibra","og_description":"Sof\u00e1 reclinable en posici\u00f3n cama, con 2 compartimentos de almacenaje y pen\u00ednsula que se puede instalar a derecha o izquierda. Tapicer\u00eda: asiento en ecopiel negra y microfibra gris","og_url":"https:\/\/www.bagnoitalia.com\/es\/producto\/sofa-cama-alessia-con-chaise-longue-reversible-225x148-cm-ecopiel-bicolor-y-microfibra.html","og_site_name":"Bagno Italia","og_image":[{"width":550,"height":550,"url":"https:\/\/img.bagnoitalia.com\/wp-content\/uploads\/virtuemart\/product\/D1V-0925_1.jpg","type":"image\/jpeg"}],"twitter_card":"summary_large_image","schema":{"@context":"https:\/\/schema.org","@graph":[{"@type":"WebPage","@id":"https:\/\/www.bagnoitalia.com\/es\/producto\/sofa-cama-alessia-con-chaise-longue-reversible-225x148-cm-ecopiel-bicolor-y-microfibra.html","url":"https:\/\/www.bagnoitalia.com\/es\/producto\/sofa-cama-alessia-con-chaise-longue-reversible-225x148-cm-ecopiel-bicolor-y-microfibra.html","name":"Sof\u00e1 cama Alessia con chaise longue reversible 225x148 cm ecopiel bicolor y microfibra","isPartOf":{"@id":"https:\/\/www.bagnoitalia.com\/es#website"},"primaryImageOfPage":{"@id":"https:\/\/www.bagnoitalia.com\/es\/producto\/sofa-cama-alessia-con-chaise-longue-reversible-225x148-cm-ecopiel-bicolor-y-microfibra.html#primaryimage"},"image":{"@id":"https:\/\/www.bagnoitalia.com\/es\/producto\/sofa-cama-alessia-con-chaise-longue-reversible-225x148-cm-ecopiel-bicolor-y-microfibra.html#primaryimage"},"thumbnailUrl":"https:\/\/img.bagnoitalia.com\/wp-content\/uploads\/virtuemart\/product\/D1V-0925_1.jpg","datePublished":"2022-03-30T05:47:46+00:00","description":"Sof\u00e1 reclinable en posici\u00f3n cama, con 2 compartimentos de almacenaje y pen\u00ednsula que se puede instalar a derecha o izquierda. Tapicer\u00eda: asiento en ecopiel negra y microfibra gris","breadcrumb":{"@id":"https:\/\/www.bagnoitalia.com\/es\/producto\/sofa-cama-alessia-con-chaise-longue-reversible-225x148-cm-ecopiel-bicolor-y-microfibra.html#breadcrumb"},"inLanguage":"es","potentialAction":[{"@type":"ReadAction","target":["https:\/\/www.bagnoitalia.com\/es\/producto\/sofa-cama-alessia-con-chaise-longue-reversible-225x148-cm-ecopiel-bicolor-y-microfibra.html"]}]},{"@type":"ImageObject","inLanguage":"es","@id":"https:\/\/www.bagnoitalia.com\/es\/producto\/sofa-cama-alessia-con-chaise-longue-reversible-225x148-cm-ecopiel-bicolor-y-microfibra.html#primaryimage","url":"https:\/\/img.bagnoitalia.com\/wp-content\/uploads\/virtuemart\/product\/D1V-0925_1.jpg","contentUrl":"https:\/\/img.bagnoitalia.com\/wp-content\/uploads\/virtuemart\/product\/D1V-0925_1.jpg","width":550,"height":550},{"@type":"BreadcrumbList","@id":"https:\/\/www.bagnoitalia.com\/es\/producto\/sofa-cama-alessia-con-chaise-longue-reversible-225x148-cm-ecopiel-bicolor-y-microfibra.html#breadcrumb","itemListElement":[{"@type":"ListItem","position":1,"name":"Home","item":"https:\/\/www.bagnoitalia.com\/es"},{"@type":"ListItem","position":2,"name":"Productos","item":"https:\/\/www.bagnoitalia.com\/es\/shop"},{"@type":"ListItem","position":3,"name":"Sof\u00e1 cama Alessia con chaise longue reversible 225&#215;148 cm ecopiel bicolor y microfibra"}]},{"@type":"WebSite","@id":"https:\/\/www.bagnoitalia.com\/es#website","url":"https:\/\/www.bagnoitalia.com\/es","name":"Bagno Italia","description":"","publisher":{"@id":"https:\/\/www.bagnoitalia.com\/es#organization"},"potentialAction":[{"@type":"SearchAction","target":{"@type":"EntryPoint","urlTemplate":"https:\/\/www.bagnoitalia.com\/es?s={search_term_string}"},"query-input":{"@type":"PropertyValueSpecification","valueRequired":true,"valueName":"search_term_string"}}],"inLanguage":"es"},{"@type":"Organization","@id":"https:\/\/www.bagnoitalia.com\/es#organization","name":"Bagno Italia","url":"https:\/\/www.bagnoitalia.com\/es","logo":{"@type":"ImageObject","inLanguage":"es","@id":"https:\/\/www.bagnoitalia.com\/es#\/schema\/logo\/image\/","url":"https:\/\/img.bagnoitalia.com\/wp-content\/uploads\/logo-bagnoitalia.webp","contentUrl":"https:\/\/img.bagnoitalia.com\/wp-content\/uploads\/logo-bagnoitalia.webp","width":400,"height":70,"caption":"Bagno Italia"},"image":{"@id":"https:\/\/www.bagnoitalia.com\/es#\/schema\/logo\/image\/"}}]}},"_links":{"self":[{"href":"https:\/\/www.bagnoitalia.com\/es\/wp-json\/wp\/v2\/product\/81954","targetHints":{"allow":["GET"]}}],"collection":[{"href":"https:\/\/www.bagnoitalia.com\/es\/wp-json\/wp\/v2\/product"}],"about":[{"href":"https:\/\/www.bagnoitalia.com\/es\/wp-json\/wp\/v2\/types\/product"}],"replies":[{"embeddable":true,"href":"https:\/\/www.bagnoitalia.com\/es\/wp-json\/wp\/v2\/comments?post=81954"}],"version-history":[{"count":0,"href":"https:\/\/www.bagnoitalia.com\/es\/wp-json\/wp\/v2\/product\/81954\/revisions"}],"wp:featuredmedia":[{"embeddable":true,"href":"https:\/\/www.bagnoitalia.com\/es\/wp-json\/wp\/v2\/media\/51448"}],"wp:attachment":[{"href":"https:\/\/www.bagnoitalia.com\/es\/wp-json\/wp\/v2\/media?parent=81954"}],"wp:term":[{"taxonomy":"product_brand","embeddable":true,"href":"https:\/\/www.bagnoitalia.com\/es\/wp-json\/wp\/v2\/product_brand?post=81954"},{"taxonomy":"product_cat","embeddable":true,"href":"https:\/\/www.bagnoitalia.com\/es\/wp-json\/wp\/v2\/product_cat?post=81954"},{"taxonomy":"product_tag","embeddable":true,"href":"https:\/\/www.bagnoitalia.com\/es\/wp-json\/wp\/v2\/product_tag?post=81954"}],"curies":[{"name":"wp","href":"https:\/\/api.w.org\/{rel}","templated":true}]}}