{"id":81894,"date":"2022-03-30T07:47:46","date_gmt":"2022-03-30T05:47:46","guid":{"rendered":"https:\/\/www.bagnoitalia.com\/product\/banera-hidromasaje-rectangular-180x90-cm-14-jets-radio-cromoterapia-y-ozonoterapia-vs106"},"modified":"2022-03-30T07:47:46","modified_gmt":"2022-03-30T05:47:46","slug":"banera-hidromasaje-rectangular-180x90-cm-14-jets-radio-cromoterapia-y-ozonoterapia-vs106","status":"publish","type":"product","link":"https:\/\/www.bagnoitalia.com\/es\/producto\/banera-hidromasaje-rectangular-180x90-cm-14-jets-radio-cromoterapia-y-ozonoterapia-vs106.html","title":{"rendered":"Ba\u00f1era hidromasaje rectangular 180&#215;90 cm 14 jets radio cromoterapia y ozonoterapia VS106"},"content":{"rendered":"<p><span style=\"font-size: 18pt; color: #ff0000;\"><strong>BA\u00d1ERA HIDROMASAJE RECTANGULAR<\/strong><br \/><\/span><\/p>\n<\/p>\n<p> <span style=\"text-decoration: underline;\"><span style=\"font-size: 14pt;\"><strong>Especificaciones t\u00e9cnicas<\/strong><\/span><\/span> <span style=\"font-size: 14pt;\"><strong>:<\/strong><\/span><\/p>\n<p> <span style=\"font-size: 12pt;\">Ba\u00f1era de 180x90x60H cm fabricada en acr\u00edlico sanitario <span style=\"font-size: 12pt;\">blanco<\/span> de alta calidad con marco de acero y cristal en el lateral<\/span><br \/><span style=\"font-size: 12pt;\"><\/span><span style=\"font-size: 12pt;\"><\/span><\/p>\n<p> <span style=\"font-size: 12pt;\">14 chorros de hidromasaje (4 grandes y 10 peque\u00f1os)<\/span><\/p>\n<p> <span style=\"font-size: 12pt;\">Bomba de <span style=\"font-size: 12pt;\">hidromasaje<\/span> de 1.5 HP<\/span><br \/><span style=\"font-size: 12pt;\"><\/span><\/p>\n<p> <span style=\"font-size: 12pt;\">cromoterapia<\/span><br \/><span style=\"font-size: 12pt;\"><\/span><\/p>\n<p> <span style=\"font-size: 12pt;\">Grifos de acero cromado con ducha de mano<\/span><br \/><span style=\"font-size: 12pt;\"><\/span><span style=\"font-size: 12pt;\"><\/span><\/p>\n<p> <span style=\"font-size: 12pt;\">pantalla de control<\/span><\/p>\n<p> <span style=\"font-size: 12pt;\">sistema de regulaci\u00f3n de presi\u00f3n y <span style=\"font-size: 12pt;\">circulaci\u00f3n<\/span> de agua<\/span><\/p>\n<p> <span style=\"font-size: 12pt;\">2 reposacabezas<\/span><\/p>\n<p> <span style=\"font-size: 12pt;\">n.1 toallero<br \/><\/span><\/p>\n<p> <span style=\"font-size: 12pt;\">salvavidas automatico<\/span><\/p>\n<p> <span style=\"font-size: 12pt;\">Ozonoterapia<br \/><\/span><\/p>\n<p> <span style=\"font-size: 12pt;\">2 altavoces<\/span><\/p>\n<p> <span style=\"font-size: 12pt;\">Radio FM<br \/><\/span><\/p>\n<p> <span style=\"font-size: 12pt;\">cambiar<\/span><\/p>\n<p> <span style=\"font-size: 12pt;\">Peso del tanque: 100 kg<\/span><\/p>\n<\/p>\n<p> <span style=\"color: #ff0000;\"><strong><span style=\"font-size: 12pt;\">Certificaci\u00f3n CE<\/span><\/strong><\/span><\/p>\n","protected":false},"excerpt":{"rendered":"<p>Ba\u00f1era de hidromasaje rectangular con 14 jets, 2 reposacabezas, 2 altavoces y grifer\u00eda incluida en acero cromado<\/p>\n","protected":false},"featured_media":100882,"comment_status":"open","ping_status":"closed","template":"","meta":[],"product_brand":[9914],"product_cat":[9709,9745],"product_tag":[],"class_list":{"0":"post-81894","1":"product","2":"type-product","3":"status-publish","4":"has-post-thumbnail","6":"product_brand-simba-es","7":"product_cat-banera-de-hidromasaje","8":"product_cat-piscinas-de-hidromasaje","10":"first","11":"instock","12":"sale","13":"taxable","14":"shipping-taxable","15":"purchasable","16":"product-type-simple"},"exclude_global_add_ons":[],"addons":[],"yoast_head":"<!-- This site is optimized with the Yoast SEO plugin v26.7 - https:\/\/yoast.com\/wordpress\/plugins\/seo\/ -->\n<title>Ba\u00f1era hidromasaje rectangular 180x90 cm 14 jets radio cromoterapia y ozonoterapia VS106<\/title>\n<meta name=\"description\" content=\"Ba\u00f1era de hidromasaje rectangular con 14 jets, 2 reposacabezas, 2 altavoces y grifer\u00eda incluida en acero cromado\" \/>\n<meta name=\"robots\" content=\"index, follow, max-snippet:-1, max-image-preview:large, max-video-preview:-1\" \/>\n<link rel=\"canonical\" href=\"https:\/\/www.bagnoitalia.com\/es\/producto\/banera-hidromasaje-rectangular-180x90-cm-14-jets-radio-cromoterapia-y-ozonoterapia-vs106.html\" \/>\n<meta property=\"og:locale\" content=\"es_ES\" \/>\n<meta property=\"og:type\" content=\"article\" \/>\n<meta property=\"og:title\" content=\"Ba\u00f1era hidromasaje rectangular 180x90 cm 14 jets radio cromoterapia y ozonoterapia VS106\" \/>\n<meta property=\"og:description\" content=\"Ba\u00f1era de hidromasaje rectangular con 14 jets, 2 reposacabezas, 2 altavoces y grifer\u00eda incluida en acero cromado\" \/>\n<meta property=\"og:url\" content=\"https:\/\/www.bagnoitalia.com\/es\/producto\/banera-hidromasaje-rectangular-180x90-cm-14-jets-radio-cromoterapia-y-ozonoterapia-vs106.html\" \/>\n<meta property=\"og:site_name\" content=\"Bagno Italia\" \/>\n<meta property=\"og:image\" content=\"https:\/\/img.bagnoitalia.com\/wp-content\/uploads\/virtuemart\/product\/V4S-0007_1.jpg\" \/>\n\t<meta property=\"og:image:width\" content=\"500\" \/>\n\t<meta property=\"og:image:height\" content=\"500\" \/>\n\t<meta property=\"og:image:type\" content=\"image\/jpeg\" \/>\n<meta name=\"twitter:card\" content=\"summary_large_image\" \/>\n<script type=\"application\/ld+json\" class=\"yoast-schema-graph\">{\"@context\":\"https:\/\/schema.org\",\"@graph\":[{\"@type\":\"WebPage\",\"@id\":\"https:\/\/www.bagnoitalia.com\/es\/producto\/banera-hidromasaje-rectangular-180x90-cm-14-jets-radio-cromoterapia-y-ozonoterapia-vs106.html\",\"url\":\"https:\/\/www.bagnoitalia.com\/es\/producto\/banera-hidromasaje-rectangular-180x90-cm-14-jets-radio-cromoterapia-y-ozonoterapia-vs106.html\",\"name\":\"Ba\u00f1era hidromasaje rectangular 180x90 cm 14 jets radio cromoterapia y ozonoterapia VS106\",\"isPartOf\":{\"@id\":\"https:\/\/www.bagnoitalia.com\/es#website\"},\"primaryImageOfPage\":{\"@id\":\"https:\/\/www.bagnoitalia.com\/es\/producto\/banera-hidromasaje-rectangular-180x90-cm-14-jets-radio-cromoterapia-y-ozonoterapia-vs106.html#primaryimage\"},\"image\":{\"@id\":\"https:\/\/www.bagnoitalia.com\/es\/producto\/banera-hidromasaje-rectangular-180x90-cm-14-jets-radio-cromoterapia-y-ozonoterapia-vs106.html#primaryimage\"},\"thumbnailUrl\":\"https:\/\/img.bagnoitalia.com\/wp-content\/uploads\/1-137.webp\",\"datePublished\":\"2022-03-30T05:47:46+00:00\",\"description\":\"Ba\u00f1era de hidromasaje rectangular con 14 jets, 2 reposacabezas, 2 altavoces y grifer\u00eda incluida en acero cromado\",\"breadcrumb\":{\"@id\":\"https:\/\/www.bagnoitalia.com\/es\/producto\/banera-hidromasaje-rectangular-180x90-cm-14-jets-radio-cromoterapia-y-ozonoterapia-vs106.html#breadcrumb\"},\"inLanguage\":\"es\",\"potentialAction\":[{\"@type\":\"ReadAction\",\"target\":[\"https:\/\/www.bagnoitalia.com\/es\/producto\/banera-hidromasaje-rectangular-180x90-cm-14-jets-radio-cromoterapia-y-ozonoterapia-vs106.html\"]}]},{\"@type\":\"ImageObject\",\"inLanguage\":\"es\",\"@id\":\"https:\/\/www.bagnoitalia.com\/es\/producto\/banera-hidromasaje-rectangular-180x90-cm-14-jets-radio-cromoterapia-y-ozonoterapia-vs106.html#primaryimage\",\"url\":\"https:\/\/img.bagnoitalia.com\/wp-content\/uploads\/1-137.webp\",\"contentUrl\":\"https:\/\/img.bagnoitalia.com\/wp-content\/uploads\/1-137.webp\",\"width\":1200,\"height\":1200},{\"@type\":\"BreadcrumbList\",\"@id\":\"https:\/\/www.bagnoitalia.com\/es\/producto\/banera-hidromasaje-rectangular-180x90-cm-14-jets-radio-cromoterapia-y-ozonoterapia-vs106.html#breadcrumb\",\"itemListElement\":[{\"@type\":\"ListItem\",\"position\":1,\"name\":\"Home\",\"item\":\"https:\/\/www.bagnoitalia.com\/es\"},{\"@type\":\"ListItem\",\"position\":2,\"name\":\"Productos\",\"item\":\"https:\/\/www.bagnoitalia.com\/es\/shop\"},{\"@type\":\"ListItem\",\"position\":3,\"name\":\"Ba\u00f1era hidromasaje rectangular 180&#215;90 cm 14 jets radio cromoterapia y ozonoterapia VS106\"}]},{\"@type\":\"WebSite\",\"@id\":\"https:\/\/www.bagnoitalia.com\/es#website\",\"url\":\"https:\/\/www.bagnoitalia.com\/es\",\"name\":\"Bagno Italia\",\"description\":\"\",\"publisher\":{\"@id\":\"https:\/\/www.bagnoitalia.com\/es#organization\"},\"potentialAction\":[{\"@type\":\"SearchAction\",\"target\":{\"@type\":\"EntryPoint\",\"urlTemplate\":\"https:\/\/www.bagnoitalia.com\/es?s={search_term_string}\"},\"query-input\":{\"@type\":\"PropertyValueSpecification\",\"valueRequired\":true,\"valueName\":\"search_term_string\"}}],\"inLanguage\":\"es\"},{\"@type\":\"Organization\",\"@id\":\"https:\/\/www.bagnoitalia.com\/es#organization\",\"name\":\"Bagno Italia\",\"url\":\"https:\/\/www.bagnoitalia.com\/es\",\"logo\":{\"@type\":\"ImageObject\",\"inLanguage\":\"es\",\"@id\":\"https:\/\/www.bagnoitalia.com\/es#\/schema\/logo\/image\/\",\"url\":\"https:\/\/img.bagnoitalia.com\/wp-content\/uploads\/logo-bagnoitalia.webp\",\"contentUrl\":\"https:\/\/img.bagnoitalia.com\/wp-content\/uploads\/logo-bagnoitalia.webp\",\"width\":400,\"height\":70,\"caption\":\"Bagno Italia\"},\"image\":{\"@id\":\"https:\/\/www.bagnoitalia.com\/es#\/schema\/logo\/image\/\"}}]}<\/script>\n<!-- \/ Yoast SEO plugin. -->","yoast_head_json":{"title":"Ba\u00f1era hidromasaje rectangular 180x90 cm 14 jets radio cromoterapia y ozonoterapia VS106","description":"Ba\u00f1era de hidromasaje rectangular con 14 jets, 2 reposacabezas, 2 altavoces y grifer\u00eda incluida en acero cromado","robots":{"index":"index","follow":"follow","max-snippet":"max-snippet:-1","max-image-preview":"max-image-preview:large","max-video-preview":"max-video-preview:-1"},"canonical":"https:\/\/www.bagnoitalia.com\/es\/producto\/banera-hidromasaje-rectangular-180x90-cm-14-jets-radio-cromoterapia-y-ozonoterapia-vs106.html","og_locale":"es_ES","og_type":"article","og_title":"Ba\u00f1era hidromasaje rectangular 180x90 cm 14 jets radio cromoterapia y ozonoterapia VS106","og_description":"Ba\u00f1era de hidromasaje rectangular con 14 jets, 2 reposacabezas, 2 altavoces y grifer\u00eda incluida en acero cromado","og_url":"https:\/\/www.bagnoitalia.com\/es\/producto\/banera-hidromasaje-rectangular-180x90-cm-14-jets-radio-cromoterapia-y-ozonoterapia-vs106.html","og_site_name":"Bagno Italia","og_image":[{"width":500,"height":500,"url":"https:\/\/img.bagnoitalia.com\/wp-content\/uploads\/virtuemart\/product\/V4S-0007_1.jpg","type":"image\/jpeg"}],"twitter_card":"summary_large_image","schema":{"@context":"https:\/\/schema.org","@graph":[{"@type":"WebPage","@id":"https:\/\/www.bagnoitalia.com\/es\/producto\/banera-hidromasaje-rectangular-180x90-cm-14-jets-radio-cromoterapia-y-ozonoterapia-vs106.html","url":"https:\/\/www.bagnoitalia.com\/es\/producto\/banera-hidromasaje-rectangular-180x90-cm-14-jets-radio-cromoterapia-y-ozonoterapia-vs106.html","name":"Ba\u00f1era hidromasaje rectangular 180x90 cm 14 jets radio cromoterapia y ozonoterapia VS106","isPartOf":{"@id":"https:\/\/www.bagnoitalia.com\/es#website"},"primaryImageOfPage":{"@id":"https:\/\/www.bagnoitalia.com\/es\/producto\/banera-hidromasaje-rectangular-180x90-cm-14-jets-radio-cromoterapia-y-ozonoterapia-vs106.html#primaryimage"},"image":{"@id":"https:\/\/www.bagnoitalia.com\/es\/producto\/banera-hidromasaje-rectangular-180x90-cm-14-jets-radio-cromoterapia-y-ozonoterapia-vs106.html#primaryimage"},"thumbnailUrl":"https:\/\/img.bagnoitalia.com\/wp-content\/uploads\/1-137.webp","datePublished":"2022-03-30T05:47:46+00:00","description":"Ba\u00f1era de hidromasaje rectangular con 14 jets, 2 reposacabezas, 2 altavoces y grifer\u00eda incluida en acero cromado","breadcrumb":{"@id":"https:\/\/www.bagnoitalia.com\/es\/producto\/banera-hidromasaje-rectangular-180x90-cm-14-jets-radio-cromoterapia-y-ozonoterapia-vs106.html#breadcrumb"},"inLanguage":"es","potentialAction":[{"@type":"ReadAction","target":["https:\/\/www.bagnoitalia.com\/es\/producto\/banera-hidromasaje-rectangular-180x90-cm-14-jets-radio-cromoterapia-y-ozonoterapia-vs106.html"]}]},{"@type":"ImageObject","inLanguage":"es","@id":"https:\/\/www.bagnoitalia.com\/es\/producto\/banera-hidromasaje-rectangular-180x90-cm-14-jets-radio-cromoterapia-y-ozonoterapia-vs106.html#primaryimage","url":"https:\/\/img.bagnoitalia.com\/wp-content\/uploads\/1-137.webp","contentUrl":"https:\/\/img.bagnoitalia.com\/wp-content\/uploads\/1-137.webp","width":1200,"height":1200},{"@type":"BreadcrumbList","@id":"https:\/\/www.bagnoitalia.com\/es\/producto\/banera-hidromasaje-rectangular-180x90-cm-14-jets-radio-cromoterapia-y-ozonoterapia-vs106.html#breadcrumb","itemListElement":[{"@type":"ListItem","position":1,"name":"Home","item":"https:\/\/www.bagnoitalia.com\/es"},{"@type":"ListItem","position":2,"name":"Productos","item":"https:\/\/www.bagnoitalia.com\/es\/shop"},{"@type":"ListItem","position":3,"name":"Ba\u00f1era hidromasaje rectangular 180&#215;90 cm 14 jets radio cromoterapia y ozonoterapia VS106"}]},{"@type":"WebSite","@id":"https:\/\/www.bagnoitalia.com\/es#website","url":"https:\/\/www.bagnoitalia.com\/es","name":"Bagno Italia","description":"","publisher":{"@id":"https:\/\/www.bagnoitalia.com\/es#organization"},"potentialAction":[{"@type":"SearchAction","target":{"@type":"EntryPoint","urlTemplate":"https:\/\/www.bagnoitalia.com\/es?s={search_term_string}"},"query-input":{"@type":"PropertyValueSpecification","valueRequired":true,"valueName":"search_term_string"}}],"inLanguage":"es"},{"@type":"Organization","@id":"https:\/\/www.bagnoitalia.com\/es#organization","name":"Bagno Italia","url":"https:\/\/www.bagnoitalia.com\/es","logo":{"@type":"ImageObject","inLanguage":"es","@id":"https:\/\/www.bagnoitalia.com\/es#\/schema\/logo\/image\/","url":"https:\/\/img.bagnoitalia.com\/wp-content\/uploads\/logo-bagnoitalia.webp","contentUrl":"https:\/\/img.bagnoitalia.com\/wp-content\/uploads\/logo-bagnoitalia.webp","width":400,"height":70,"caption":"Bagno Italia"},"image":{"@id":"https:\/\/www.bagnoitalia.com\/es#\/schema\/logo\/image\/"}}]}},"_links":{"self":[{"href":"https:\/\/www.bagnoitalia.com\/es\/wp-json\/wp\/v2\/product\/81894","targetHints":{"allow":["GET"]}}],"collection":[{"href":"https:\/\/www.bagnoitalia.com\/es\/wp-json\/wp\/v2\/product"}],"about":[{"href":"https:\/\/www.bagnoitalia.com\/es\/wp-json\/wp\/v2\/types\/product"}],"replies":[{"embeddable":true,"href":"https:\/\/www.bagnoitalia.com\/es\/wp-json\/wp\/v2\/comments?post=81894"}],"version-history":[{"count":0,"href":"https:\/\/www.bagnoitalia.com\/es\/wp-json\/wp\/v2\/product\/81894\/revisions"}],"wp:featuredmedia":[{"embeddable":true,"href":"https:\/\/www.bagnoitalia.com\/es\/wp-json\/wp\/v2\/media\/100882"}],"wp:attachment":[{"href":"https:\/\/www.bagnoitalia.com\/es\/wp-json\/wp\/v2\/media?parent=81894"}],"wp:term":[{"taxonomy":"product_brand","embeddable":true,"href":"https:\/\/www.bagnoitalia.com\/es\/wp-json\/wp\/v2\/product_brand?post=81894"},{"taxonomy":"product_cat","embeddable":true,"href":"https:\/\/www.bagnoitalia.com\/es\/wp-json\/wp\/v2\/product_cat?post=81894"},{"taxonomy":"product_tag","embeddable":true,"href":"https:\/\/www.bagnoitalia.com\/es\/wp-json\/wp\/v2\/product_tag?post=81894"}],"curies":[{"name":"wp","href":"https:\/\/api.w.org\/{rel}","templated":true}]}}