{"id":81866,"date":"2022-03-30T07:47:46","date_gmt":"2022-03-30T05:47:46","guid":{"rendered":"https:\/\/www.bagnoitalia.com\/product\/cabina-con-banera-de-hidromasaje-de-170x93-cm-con-bano-turco-bluetooth-y-cromoterapia-cb078"},"modified":"2022-03-30T07:47:46","modified_gmt":"2022-03-30T05:47:46","slug":"cabina-con-banera-de-hidromasaje-de-170x93-cm-con-bano-turco-bluetooth-y-cromoterapia-cb078","status":"publish","type":"product","link":"https:\/\/www.bagnoitalia.com\/es\/producto\/cabina-con-banera-de-hidromasaje-de-170x93-cm-con-bano-turco-bluetooth-y-cromoterapia-cb078.html","title":{"rendered":"Cabina con ba\u00f1era de hidromasaje de 170&#215;93 cm con ba\u00f1o turco, Bluetooth y cromoterapia CB078"},"content":{"rendered":"<\/p>\n<p style=\"margin-bottom: 0cm;\"><span style=\"text-decoration: underline; font-size: 14pt;\"><strong>Cabina de hidromasaje CB078<br \/><\/strong><\/span><\/p>\n<\/p>\n<p style=\"margin-bottom: 0cm;\"> <span style=\"text-decoration: underline;\"><strong><span style=\"font-size: 12pt;\">Caracter\u00edsticas:<\/span><\/strong><\/span><\/p>\n<p> Dimensiones: 170x93xH220 cm (93 cm es la profundidad en el centro, mientras que en los lados la profundidad es de 75 cm)<\/p>\n<p> 6 chorros a lo largo de la columna de ducha<\/p>\n<p> Ba\u00f1era de hidromasaje con 2 + 2 peque\u00f1os chorros de aire (bajo los reposacabezas) y 4 grandes chorros de agua laterales<\/p>\n<p> Bluetooth<\/p>\n<p> 2 reposacabezas<\/p>\n<p> ba\u00f1o turco<\/p>\n<p> cromoterapia<\/p>\n<p> Masaje de pies<\/p>\n<p> Techo con luces de cromoterapia y rociador central<\/p>\n<p> Ducha deslizante lateral<\/p>\n<p> Panel de control<\/p>\n<p> Fondo antideslizante<\/p>\n<p> grifos<\/p>\n<p> Chorro en cascada<\/p>\n<p> Radio FM<\/p>\n<p> Altavoz<\/p>\n<p> Telefono manos libres<\/p>\n<p> Sistema de ventilaci\u00f3n<\/p>\n<p> Sostenedor de botella<\/p>\n<\/p>\n<p> <span style=\"text-decoration: underline;\"><strong>DETALLES DE PRODUCTO:<\/strong><\/span><\/p>\n<p> cristales azules<\/p>\n<p> Estructura en aluminio plata<\/p>\n<p> Lavabo de metacrilato blanco<\/p><\/p>\n","protected":false},"excerpt":{"rendered":"<p>Cabina de ducha equipada con jets de hidromasaje tanto en la ba\u00f1era como a lo largo de la columna de ducha. Multifunci\u00f3n: Ba\u00f1o turco, luces de cromoterapia, masaje de pies, radio.<\/p>\n","protected":false},"featured_media":50856,"comment_status":"open","ping_status":"closed","template":"","meta":[],"product_brand":[9932],"product_cat":[15],"product_tag":[],"class_list":{"0":"post-81866","1":"product","2":"type-product","3":"status-publish","4":"has-post-thumbnail","6":"product_brand-gd-trade-es","7":"product_cat-senza-categoria","9":"first","10":"outofstock","11":"taxable","12":"shipping-taxable","13":"purchasable","14":"product-type-simple"},"exclude_global_add_ons":[],"addons":[],"yoast_head":"<!-- This site is optimized with the Yoast SEO plugin v26.7 - https:\/\/yoast.com\/wordpress\/plugins\/seo\/ -->\n<title>Cabina con ba\u00f1era de hidromasaje 170x93 cm con ba\u00f1o turco y cromoterapia CB078<\/title>\n<meta name=\"description\" content=\"Cabina de ducha equipada con jets de hidromasaje tanto en la ba\u00f1era como a lo largo de la columna de ducha. Multifunci\u00f3n: Ba\u00f1o turco, luces de cromoterapia, masaje de pies, radio.\" \/>\n<meta name=\"robots\" content=\"index, follow, max-snippet:-1, max-image-preview:large, max-video-preview:-1\" \/>\n<link rel=\"canonical\" href=\"https:\/\/www.bagnoitalia.com\/es\/producto\/cabina-con-banera-de-hidromasaje-de-170x93-cm-con-bano-turco-bluetooth-y-cromoterapia-cb078.html\" \/>\n<meta property=\"og:locale\" content=\"es_ES\" \/>\n<meta property=\"og:type\" content=\"article\" \/>\n<meta property=\"og:title\" content=\"Cabina con ba\u00f1era de hidromasaje 170x93 cm con ba\u00f1o turco y cromoterapia CB078\" \/>\n<meta property=\"og:description\" content=\"Cabina de ducha equipada con jets de hidromasaje tanto en la ba\u00f1era como a lo largo de la columna de ducha. Multifunci\u00f3n: Ba\u00f1o turco, luces de cromoterapia, masaje de pies, radio.\" \/>\n<meta property=\"og:url\" content=\"https:\/\/www.bagnoitalia.com\/es\/producto\/cabina-con-banera-de-hidromasaje-de-170x93-cm-con-bano-turco-bluetooth-y-cromoterapia-cb078.html\" \/>\n<meta property=\"og:site_name\" content=\"Bagno Italia\" \/>\n<meta property=\"og:image\" content=\"https:\/\/img.bagnoitalia.com\/wp-content\/uploads\/virtuemart\/product\/C4B-01038_1.jpg\" \/>\n\t<meta property=\"og:image:width\" content=\"550\" \/>\n\t<meta property=\"og:image:height\" content=\"550\" \/>\n\t<meta property=\"og:image:type\" content=\"image\/jpeg\" \/>\n<meta name=\"twitter:card\" content=\"summary_large_image\" \/>\n<meta name=\"twitter:label1\" content=\"Tiempo de lectura\" \/>\n\t<meta name=\"twitter:data1\" content=\"1 minuto\" \/>\n<script type=\"application\/ld+json\" class=\"yoast-schema-graph\">{\"@context\":\"https:\/\/schema.org\",\"@graph\":[{\"@type\":\"WebPage\",\"@id\":\"https:\/\/www.bagnoitalia.com\/es\/producto\/cabina-con-banera-de-hidromasaje-de-170x93-cm-con-bano-turco-bluetooth-y-cromoterapia-cb078.html\",\"url\":\"https:\/\/www.bagnoitalia.com\/es\/producto\/cabina-con-banera-de-hidromasaje-de-170x93-cm-con-bano-turco-bluetooth-y-cromoterapia-cb078.html\",\"name\":\"Cabina con ba\u00f1era de hidromasaje 170x93 cm con ba\u00f1o turco y cromoterapia CB078\",\"isPartOf\":{\"@id\":\"https:\/\/www.bagnoitalia.com\/es#website\"},\"primaryImageOfPage\":{\"@id\":\"https:\/\/www.bagnoitalia.com\/es\/producto\/cabina-con-banera-de-hidromasaje-de-170x93-cm-con-bano-turco-bluetooth-y-cromoterapia-cb078.html#primaryimage\"},\"image\":{\"@id\":\"https:\/\/www.bagnoitalia.com\/es\/producto\/cabina-con-banera-de-hidromasaje-de-170x93-cm-con-bano-turco-bluetooth-y-cromoterapia-cb078.html#primaryimage\"},\"thumbnailUrl\":\"https:\/\/img.bagnoitalia.com\/wp-content\/uploads\/virtuemart\/product\/C4B-01038_1.jpg\",\"datePublished\":\"2022-03-30T05:47:46+00:00\",\"description\":\"Cabina de ducha equipada con jets de hidromasaje tanto en la ba\u00f1era como a lo largo de la columna de ducha. Multifunci\u00f3n: Ba\u00f1o turco, luces de cromoterapia, masaje de pies, radio.\",\"breadcrumb\":{\"@id\":\"https:\/\/www.bagnoitalia.com\/es\/producto\/cabina-con-banera-de-hidromasaje-de-170x93-cm-con-bano-turco-bluetooth-y-cromoterapia-cb078.html#breadcrumb\"},\"inLanguage\":\"es\",\"potentialAction\":[{\"@type\":\"ReadAction\",\"target\":[\"https:\/\/www.bagnoitalia.com\/es\/producto\/cabina-con-banera-de-hidromasaje-de-170x93-cm-con-bano-turco-bluetooth-y-cromoterapia-cb078.html\"]}]},{\"@type\":\"ImageObject\",\"inLanguage\":\"es\",\"@id\":\"https:\/\/www.bagnoitalia.com\/es\/producto\/cabina-con-banera-de-hidromasaje-de-170x93-cm-con-bano-turco-bluetooth-y-cromoterapia-cb078.html#primaryimage\",\"url\":\"https:\/\/img.bagnoitalia.com\/wp-content\/uploads\/virtuemart\/product\/C4B-01038_1.jpg\",\"contentUrl\":\"https:\/\/img.bagnoitalia.com\/wp-content\/uploads\/virtuemart\/product\/C4B-01038_1.jpg\",\"width\":550,\"height\":550},{\"@type\":\"BreadcrumbList\",\"@id\":\"https:\/\/www.bagnoitalia.com\/es\/producto\/cabina-con-banera-de-hidromasaje-de-170x93-cm-con-bano-turco-bluetooth-y-cromoterapia-cb078.html#breadcrumb\",\"itemListElement\":[{\"@type\":\"ListItem\",\"position\":1,\"name\":\"Home\",\"item\":\"https:\/\/www.bagnoitalia.com\/es\"},{\"@type\":\"ListItem\",\"position\":2,\"name\":\"Productos\",\"item\":\"https:\/\/www.bagnoitalia.com\/es\/shop\"},{\"@type\":\"ListItem\",\"position\":3,\"name\":\"Cabina con ba\u00f1era de hidromasaje de 170&#215;93 cm con ba\u00f1o turco, Bluetooth y cromoterapia CB078\"}]},{\"@type\":\"WebSite\",\"@id\":\"https:\/\/www.bagnoitalia.com\/es#website\",\"url\":\"https:\/\/www.bagnoitalia.com\/es\",\"name\":\"Bagno Italia\",\"description\":\"\",\"publisher\":{\"@id\":\"https:\/\/www.bagnoitalia.com\/es#organization\"},\"potentialAction\":[{\"@type\":\"SearchAction\",\"target\":{\"@type\":\"EntryPoint\",\"urlTemplate\":\"https:\/\/www.bagnoitalia.com\/es?s={search_term_string}\"},\"query-input\":{\"@type\":\"PropertyValueSpecification\",\"valueRequired\":true,\"valueName\":\"search_term_string\"}}],\"inLanguage\":\"es\"},{\"@type\":\"Organization\",\"@id\":\"https:\/\/www.bagnoitalia.com\/es#organization\",\"name\":\"Bagno Italia\",\"url\":\"https:\/\/www.bagnoitalia.com\/es\",\"logo\":{\"@type\":\"ImageObject\",\"inLanguage\":\"es\",\"@id\":\"https:\/\/www.bagnoitalia.com\/es#\/schema\/logo\/image\/\",\"url\":\"https:\/\/img.bagnoitalia.com\/wp-content\/uploads\/logo-bagnoitalia.webp\",\"contentUrl\":\"https:\/\/img.bagnoitalia.com\/wp-content\/uploads\/logo-bagnoitalia.webp\",\"width\":400,\"height\":70,\"caption\":\"Bagno Italia\"},\"image\":{\"@id\":\"https:\/\/www.bagnoitalia.com\/es#\/schema\/logo\/image\/\"}}]}<\/script>\n<!-- \/ Yoast SEO plugin. -->","yoast_head_json":{"title":"Cabina con ba\u00f1era de hidromasaje 170x93 cm con ba\u00f1o turco y cromoterapia CB078","description":"Cabina de ducha equipada con jets de hidromasaje tanto en la ba\u00f1era como a lo largo de la columna de ducha. Multifunci\u00f3n: Ba\u00f1o turco, luces de cromoterapia, masaje de pies, radio.","robots":{"index":"index","follow":"follow","max-snippet":"max-snippet:-1","max-image-preview":"max-image-preview:large","max-video-preview":"max-video-preview:-1"},"canonical":"https:\/\/www.bagnoitalia.com\/es\/producto\/cabina-con-banera-de-hidromasaje-de-170x93-cm-con-bano-turco-bluetooth-y-cromoterapia-cb078.html","og_locale":"es_ES","og_type":"article","og_title":"Cabina con ba\u00f1era de hidromasaje 170x93 cm con ba\u00f1o turco y cromoterapia CB078","og_description":"Cabina de ducha equipada con jets de hidromasaje tanto en la ba\u00f1era como a lo largo de la columna de ducha. Multifunci\u00f3n: Ba\u00f1o turco, luces de cromoterapia, masaje de pies, radio.","og_url":"https:\/\/www.bagnoitalia.com\/es\/producto\/cabina-con-banera-de-hidromasaje-de-170x93-cm-con-bano-turco-bluetooth-y-cromoterapia-cb078.html","og_site_name":"Bagno Italia","og_image":[{"width":550,"height":550,"url":"https:\/\/img.bagnoitalia.com\/wp-content\/uploads\/virtuemart\/product\/C4B-01038_1.jpg","type":"image\/jpeg"}],"twitter_card":"summary_large_image","twitter_misc":{"Tiempo de lectura":"1 minuto"},"schema":{"@context":"https:\/\/schema.org","@graph":[{"@type":"WebPage","@id":"https:\/\/www.bagnoitalia.com\/es\/producto\/cabina-con-banera-de-hidromasaje-de-170x93-cm-con-bano-turco-bluetooth-y-cromoterapia-cb078.html","url":"https:\/\/www.bagnoitalia.com\/es\/producto\/cabina-con-banera-de-hidromasaje-de-170x93-cm-con-bano-turco-bluetooth-y-cromoterapia-cb078.html","name":"Cabina con ba\u00f1era de hidromasaje 170x93 cm con ba\u00f1o turco y cromoterapia CB078","isPartOf":{"@id":"https:\/\/www.bagnoitalia.com\/es#website"},"primaryImageOfPage":{"@id":"https:\/\/www.bagnoitalia.com\/es\/producto\/cabina-con-banera-de-hidromasaje-de-170x93-cm-con-bano-turco-bluetooth-y-cromoterapia-cb078.html#primaryimage"},"image":{"@id":"https:\/\/www.bagnoitalia.com\/es\/producto\/cabina-con-banera-de-hidromasaje-de-170x93-cm-con-bano-turco-bluetooth-y-cromoterapia-cb078.html#primaryimage"},"thumbnailUrl":"https:\/\/img.bagnoitalia.com\/wp-content\/uploads\/virtuemart\/product\/C4B-01038_1.jpg","datePublished":"2022-03-30T05:47:46+00:00","description":"Cabina de ducha equipada con jets de hidromasaje tanto en la ba\u00f1era como a lo largo de la columna de ducha. Multifunci\u00f3n: Ba\u00f1o turco, luces de cromoterapia, masaje de pies, radio.","breadcrumb":{"@id":"https:\/\/www.bagnoitalia.com\/es\/producto\/cabina-con-banera-de-hidromasaje-de-170x93-cm-con-bano-turco-bluetooth-y-cromoterapia-cb078.html#breadcrumb"},"inLanguage":"es","potentialAction":[{"@type":"ReadAction","target":["https:\/\/www.bagnoitalia.com\/es\/producto\/cabina-con-banera-de-hidromasaje-de-170x93-cm-con-bano-turco-bluetooth-y-cromoterapia-cb078.html"]}]},{"@type":"ImageObject","inLanguage":"es","@id":"https:\/\/www.bagnoitalia.com\/es\/producto\/cabina-con-banera-de-hidromasaje-de-170x93-cm-con-bano-turco-bluetooth-y-cromoterapia-cb078.html#primaryimage","url":"https:\/\/img.bagnoitalia.com\/wp-content\/uploads\/virtuemart\/product\/C4B-01038_1.jpg","contentUrl":"https:\/\/img.bagnoitalia.com\/wp-content\/uploads\/virtuemart\/product\/C4B-01038_1.jpg","width":550,"height":550},{"@type":"BreadcrumbList","@id":"https:\/\/www.bagnoitalia.com\/es\/producto\/cabina-con-banera-de-hidromasaje-de-170x93-cm-con-bano-turco-bluetooth-y-cromoterapia-cb078.html#breadcrumb","itemListElement":[{"@type":"ListItem","position":1,"name":"Home","item":"https:\/\/www.bagnoitalia.com\/es"},{"@type":"ListItem","position":2,"name":"Productos","item":"https:\/\/www.bagnoitalia.com\/es\/shop"},{"@type":"ListItem","position":3,"name":"Cabina con ba\u00f1era de hidromasaje de 170&#215;93 cm con ba\u00f1o turco, Bluetooth y cromoterapia CB078"}]},{"@type":"WebSite","@id":"https:\/\/www.bagnoitalia.com\/es#website","url":"https:\/\/www.bagnoitalia.com\/es","name":"Bagno Italia","description":"","publisher":{"@id":"https:\/\/www.bagnoitalia.com\/es#organization"},"potentialAction":[{"@type":"SearchAction","target":{"@type":"EntryPoint","urlTemplate":"https:\/\/www.bagnoitalia.com\/es?s={search_term_string}"},"query-input":{"@type":"PropertyValueSpecification","valueRequired":true,"valueName":"search_term_string"}}],"inLanguage":"es"},{"@type":"Organization","@id":"https:\/\/www.bagnoitalia.com\/es#organization","name":"Bagno Italia","url":"https:\/\/www.bagnoitalia.com\/es","logo":{"@type":"ImageObject","inLanguage":"es","@id":"https:\/\/www.bagnoitalia.com\/es#\/schema\/logo\/image\/","url":"https:\/\/img.bagnoitalia.com\/wp-content\/uploads\/logo-bagnoitalia.webp","contentUrl":"https:\/\/img.bagnoitalia.com\/wp-content\/uploads\/logo-bagnoitalia.webp","width":400,"height":70,"caption":"Bagno Italia"},"image":{"@id":"https:\/\/www.bagnoitalia.com\/es#\/schema\/logo\/image\/"}}]}},"_links":{"self":[{"href":"https:\/\/www.bagnoitalia.com\/es\/wp-json\/wp\/v2\/product\/81866","targetHints":{"allow":["GET"]}}],"collection":[{"href":"https:\/\/www.bagnoitalia.com\/es\/wp-json\/wp\/v2\/product"}],"about":[{"href":"https:\/\/www.bagnoitalia.com\/es\/wp-json\/wp\/v2\/types\/product"}],"replies":[{"embeddable":true,"href":"https:\/\/www.bagnoitalia.com\/es\/wp-json\/wp\/v2\/comments?post=81866"}],"version-history":[{"count":0,"href":"https:\/\/www.bagnoitalia.com\/es\/wp-json\/wp\/v2\/product\/81866\/revisions"}],"wp:featuredmedia":[{"embeddable":true,"href":"https:\/\/www.bagnoitalia.com\/es\/wp-json\/wp\/v2\/media\/50856"}],"wp:attachment":[{"href":"https:\/\/www.bagnoitalia.com\/es\/wp-json\/wp\/v2\/media?parent=81866"}],"wp:term":[{"taxonomy":"product_brand","embeddable":true,"href":"https:\/\/www.bagnoitalia.com\/es\/wp-json\/wp\/v2\/product_brand?post=81866"},{"taxonomy":"product_cat","embeddable":true,"href":"https:\/\/www.bagnoitalia.com\/es\/wp-json\/wp\/v2\/product_cat?post=81866"},{"taxonomy":"product_tag","embeddable":true,"href":"https:\/\/www.bagnoitalia.com\/es\/wp-json\/wp\/v2\/product_tag?post=81866"}],"curies":[{"name":"wp","href":"https:\/\/api.w.org\/{rel}","templated":true}]}}