{"id":81846,"date":"2022-03-30T07:47:46","date_gmt":"2022-03-30T05:47:46","guid":{"rendered":"https:\/\/www.bagnoitalia.com\/product\/spa-hidromasaje-autohinchable-mspa-185-cm-132-jets-5-6-personas-relax-mg16"},"modified":"2025-08-07T16:30:52","modified_gmt":"2025-08-07T14:30:52","slug":"spa-hidromasaje-autohinchable-mspa-185-cm-132-jets-5-6-personas-relax-mg16","status":"publish","type":"product","link":"https:\/\/www.bagnoitalia.com\/es\/producto\/spa-hidromasaje-autohinchable-mspa-185-cm-132-jets-5-6-personas-relax-mg16.html","title":{"rendered":"Spa hidromasaje autohinchable Mspa 185 cm 132 jets 5-6 personas relax MG16"},"content":{"rendered":"<p><strong><span style=\"font-size: 14pt;\">MINIPISCINA <span style=\"font-size: 14pt;\">Mspa<\/span> WHIRLPOOL MG16<\/span><\/strong><\/p>\n<p><strong>Caracter\u00edsticas:<\/strong><\/p>\n<p>Dimensiones exteriores: 185x185xH68 cm<\/p>\n<p>Autoinflable, mediante motor interno<\/p>\n<p>para 5-6 personas<\/p>\n<p>132 chorros de hidromasaje<\/p>\n<p>Cobertura<\/p>\n<p>n.2 Filtros incluidos<\/p>\n<p>Indicador<\/p>\n<p>control remoto<\/p>\n<p>UVC con acci\u00f3n antibacteriana<\/p>\n<p><strong>ATENCI\u00d3N<\/strong> : desde el men\u00fa desplegable es posible combinar una <a href=\"struttura-in-simil-rattan-per-minipiscine-gonfiabili-mspa-rotonda-o-quadrata-con-gradini.html\">estructura tipo rat\u00e1n para<\/a> instalar alrededor de la minipiscina. El kit consta de <strong>7 armarios<\/strong> , 4 de los cuales con puertas y 3 abiertos (abiertos, sin puertas) y est\u00e1 disponible:<\/p>\n<p>&#8211; con solo 1 paso<\/p>\n<p>&#8211; con pelda\u00f1o doble, es decir, compuesto por 1 pelda\u00f1o simple y 2 pelda\u00f1os superpuestos (para un total de 3 piezas)<\/p>\n<p><strong>Detalles t\u00e9cnicos<\/strong><\/p>\n<p>calentador de 1,5 kW<\/p>\n<p>Potencia 220-240V<\/p>\n<p>potencia de filtrado 12V \/ 60W<\/p>\n<p>potencia de aire 600 W<\/p>\n<p>Capacidad m\u00e1xima 930 litros<\/p>\n<p>Material: PVC reforzado de 6 capas premium Rhino-tech<\/p>\n","protected":false},"excerpt":{"rendered":"<p>Minipiscina autohinchable Mspa 185xH68 cm hidromasaje spa con 132 jets, capacidad hasta 5-6 plazas<\/p>\n","protected":false},"featured_media":107862,"comment_status":"open","ping_status":"closed","template":"","meta":[],"product_brand":[9926],"product_cat":[9777],"product_tag":[],"class_list":{"0":"post-81846","1":"product","2":"type-product","3":"status-publish","4":"has-post-thumbnail","6":"product_brand-predator-arredo-casa-es","7":"product_cat-baneras-de-hidromasaje-inflables","9":"first","10":"instock","11":"sale","12":"taxable","13":"shipping-taxable","14":"purchasable","15":"product-type-simple"},"exclude_global_add_ons":false,"addons":[{"name":"Tipolog\u00eda","type":"multiple_choice","position":0,"required":true,"title_format":"heading","default":"","description_enable":false,"description":"","placeholder_enable":false,"placeholder":"","display":"select","restrictions_type":"any_text","adjust_price":false,"price":"","price_type":"flat_fee","restrictions":false,"min":"0","max":"0","options":[{"label":"sin estructura de rat\u00e1n","price":"","price_type":"quantity_based","image":0,"visibility":true},{"label":"con estructura de rat\u00e1n (1 escal\u00f3n)","price":"1799","price_type":"quantity_based","image":0,"visibility":true},{"label":"(No disponible) con estructura de rat\u00e1n (doble escal\u00f3n)","price":"1999","price_type":"quantity_based","image":0,"visibility":true}],"id":1716993071}],"yoast_head":"<!-- This site is optimized with the Yoast SEO plugin v26.7 - https:\/\/yoast.com\/wordpress\/plugins\/seo\/ -->\n<title>Mspa Minipiscina hidromasaje autohinchable 185 cm 132 jets 5-6 plazas spa relax MG16<\/title>\n<meta name=\"description\" content=\"Minipiscina autohinchable Mspa 185xH68 cm hidromasaje spa con 132 jets, capacidad hasta 5-6 plazas\" \/>\n<meta name=\"robots\" content=\"index, follow, max-snippet:-1, max-image-preview:large, max-video-preview:-1\" \/>\n<link rel=\"canonical\" href=\"https:\/\/www.bagnoitalia.com\/es\/producto\/spa-hidromasaje-autohinchable-mspa-185-cm-132-jets-5-6-personas-relax-mg16.html\" \/>\n<meta property=\"og:locale\" content=\"es_ES\" \/>\n<meta property=\"og:type\" content=\"article\" \/>\n<meta property=\"og:title\" content=\"Mspa Minipiscina hidromasaje autohinchable 185 cm 132 jets 5-6 plazas spa relax MG16\" \/>\n<meta property=\"og:description\" content=\"Minipiscina autohinchable Mspa 185xH68 cm hidromasaje spa con 132 jets, capacidad hasta 5-6 plazas\" \/>\n<meta property=\"og:url\" content=\"https:\/\/www.bagnoitalia.com\/es\/producto\/spa-hidromasaje-autohinchable-mspa-185-cm-132-jets-5-6-personas-relax-mg16.html\" \/>\n<meta property=\"og:site_name\" content=\"Bagno Italia\" \/>\n<meta property=\"article:modified_time\" content=\"2025-08-07T14:30:52+00:00\" \/>\n<meta property=\"og:image\" content=\"https:\/\/img.bagnoitalia.com\/wp-content\/uploads\/minipiscina-idromassaggio-132-getti-5-6-posti-spa-relax-mg16-set-rattan.jpg\" \/>\n\t<meta property=\"og:image:width\" content=\"1784\" \/>\n\t<meta property=\"og:image:height\" content=\"1784\" \/>\n\t<meta property=\"og:image:type\" content=\"image\/jpeg\" \/>\n<meta name=\"twitter:card\" content=\"summary_large_image\" \/>\n<meta name=\"twitter:label1\" content=\"Tiempo de lectura\" \/>\n\t<meta name=\"twitter:data1\" content=\"1 minuto\" \/>\n<script type=\"application\/ld+json\" class=\"yoast-schema-graph\">{\"@context\":\"https:\/\/schema.org\",\"@graph\":[{\"@type\":\"WebPage\",\"@id\":\"https:\/\/www.bagnoitalia.com\/es\/producto\/spa-hidromasaje-autohinchable-mspa-185-cm-132-jets-5-6-personas-relax-mg16.html\",\"url\":\"https:\/\/www.bagnoitalia.com\/es\/producto\/spa-hidromasaje-autohinchable-mspa-185-cm-132-jets-5-6-personas-relax-mg16.html\",\"name\":\"Mspa Minipiscina hidromasaje autohinchable 185 cm 132 jets 5-6 plazas spa relax MG16\",\"isPartOf\":{\"@id\":\"https:\/\/www.bagnoitalia.com\/es#website\"},\"primaryImageOfPage\":{\"@id\":\"https:\/\/www.bagnoitalia.com\/es\/producto\/spa-hidromasaje-autohinchable-mspa-185-cm-132-jets-5-6-personas-relax-mg16.html#primaryimage\"},\"image\":{\"@id\":\"https:\/\/www.bagnoitalia.com\/es\/producto\/spa-hidromasaje-autohinchable-mspa-185-cm-132-jets-5-6-personas-relax-mg16.html#primaryimage\"},\"thumbnailUrl\":\"https:\/\/img.bagnoitalia.com\/wp-content\/uploads\/minipiscina-idromassaggio-132-getti-5-6-posti-spa-relax-mg16-set-rattan.jpg\",\"datePublished\":\"2022-03-30T05:47:46+00:00\",\"dateModified\":\"2025-08-07T14:30:52+00:00\",\"description\":\"Minipiscina autohinchable Mspa 185xH68 cm hidromasaje spa con 132 jets, capacidad hasta 5-6 plazas\",\"breadcrumb\":{\"@id\":\"https:\/\/www.bagnoitalia.com\/es\/producto\/spa-hidromasaje-autohinchable-mspa-185-cm-132-jets-5-6-personas-relax-mg16.html#breadcrumb\"},\"inLanguage\":\"es\",\"potentialAction\":[{\"@type\":\"ReadAction\",\"target\":[\"https:\/\/www.bagnoitalia.com\/es\/producto\/spa-hidromasaje-autohinchable-mspa-185-cm-132-jets-5-6-personas-relax-mg16.html\"]}]},{\"@type\":\"ImageObject\",\"inLanguage\":\"es\",\"@id\":\"https:\/\/www.bagnoitalia.com\/es\/producto\/spa-hidromasaje-autohinchable-mspa-185-cm-132-jets-5-6-personas-relax-mg16.html#primaryimage\",\"url\":\"https:\/\/img.bagnoitalia.com\/wp-content\/uploads\/minipiscina-idromassaggio-132-getti-5-6-posti-spa-relax-mg16-set-rattan.jpg\",\"contentUrl\":\"https:\/\/img.bagnoitalia.com\/wp-content\/uploads\/minipiscina-idromassaggio-132-getti-5-6-posti-spa-relax-mg16-set-rattan.jpg\",\"width\":1784,\"height\":1784},{\"@type\":\"BreadcrumbList\",\"@id\":\"https:\/\/www.bagnoitalia.com\/es\/producto\/spa-hidromasaje-autohinchable-mspa-185-cm-132-jets-5-6-personas-relax-mg16.html#breadcrumb\",\"itemListElement\":[{\"@type\":\"ListItem\",\"position\":1,\"name\":\"Home\",\"item\":\"https:\/\/www.bagnoitalia.com\/es\"},{\"@type\":\"ListItem\",\"position\":2,\"name\":\"Productos\",\"item\":\"https:\/\/www.bagnoitalia.com\/es\/shop\"},{\"@type\":\"ListItem\",\"position\":3,\"name\":\"Spa hidromasaje autohinchable Mspa 185 cm 132 jets 5-6 personas relax MG16\"}]},{\"@type\":\"WebSite\",\"@id\":\"https:\/\/www.bagnoitalia.com\/es#website\",\"url\":\"https:\/\/www.bagnoitalia.com\/es\",\"name\":\"Bagno Italia\",\"description\":\"\",\"publisher\":{\"@id\":\"https:\/\/www.bagnoitalia.com\/es#organization\"},\"potentialAction\":[{\"@type\":\"SearchAction\",\"target\":{\"@type\":\"EntryPoint\",\"urlTemplate\":\"https:\/\/www.bagnoitalia.com\/es?s={search_term_string}\"},\"query-input\":{\"@type\":\"PropertyValueSpecification\",\"valueRequired\":true,\"valueName\":\"search_term_string\"}}],\"inLanguage\":\"es\"},{\"@type\":\"Organization\",\"@id\":\"https:\/\/www.bagnoitalia.com\/es#organization\",\"name\":\"Bagno Italia\",\"url\":\"https:\/\/www.bagnoitalia.com\/es\",\"logo\":{\"@type\":\"ImageObject\",\"inLanguage\":\"es\",\"@id\":\"https:\/\/www.bagnoitalia.com\/es#\/schema\/logo\/image\/\",\"url\":\"https:\/\/img.bagnoitalia.com\/wp-content\/uploads\/logo-bagnoitalia.webp\",\"contentUrl\":\"https:\/\/img.bagnoitalia.com\/wp-content\/uploads\/logo-bagnoitalia.webp\",\"width\":400,\"height\":70,\"caption\":\"Bagno Italia\"},\"image\":{\"@id\":\"https:\/\/www.bagnoitalia.com\/es#\/schema\/logo\/image\/\"}}]}<\/script>\n<!-- \/ Yoast SEO plugin. -->","yoast_head_json":{"title":"Mspa Minipiscina hidromasaje autohinchable 185 cm 132 jets 5-6 plazas spa relax MG16","description":"Minipiscina autohinchable Mspa 185xH68 cm hidromasaje spa con 132 jets, capacidad hasta 5-6 plazas","robots":{"index":"index","follow":"follow","max-snippet":"max-snippet:-1","max-image-preview":"max-image-preview:large","max-video-preview":"max-video-preview:-1"},"canonical":"https:\/\/www.bagnoitalia.com\/es\/producto\/spa-hidromasaje-autohinchable-mspa-185-cm-132-jets-5-6-personas-relax-mg16.html","og_locale":"es_ES","og_type":"article","og_title":"Mspa Minipiscina hidromasaje autohinchable 185 cm 132 jets 5-6 plazas spa relax MG16","og_description":"Minipiscina autohinchable Mspa 185xH68 cm hidromasaje spa con 132 jets, capacidad hasta 5-6 plazas","og_url":"https:\/\/www.bagnoitalia.com\/es\/producto\/spa-hidromasaje-autohinchable-mspa-185-cm-132-jets-5-6-personas-relax-mg16.html","og_site_name":"Bagno Italia","article_modified_time":"2025-08-07T14:30:52+00:00","og_image":[{"width":1784,"height":1784,"url":"https:\/\/img.bagnoitalia.com\/wp-content\/uploads\/minipiscina-idromassaggio-132-getti-5-6-posti-spa-relax-mg16-set-rattan.jpg","type":"image\/jpeg"}],"twitter_card":"summary_large_image","twitter_misc":{"Tiempo de lectura":"1 minuto"},"schema":{"@context":"https:\/\/schema.org","@graph":[{"@type":"WebPage","@id":"https:\/\/www.bagnoitalia.com\/es\/producto\/spa-hidromasaje-autohinchable-mspa-185-cm-132-jets-5-6-personas-relax-mg16.html","url":"https:\/\/www.bagnoitalia.com\/es\/producto\/spa-hidromasaje-autohinchable-mspa-185-cm-132-jets-5-6-personas-relax-mg16.html","name":"Mspa Minipiscina hidromasaje autohinchable 185 cm 132 jets 5-6 plazas spa relax MG16","isPartOf":{"@id":"https:\/\/www.bagnoitalia.com\/es#website"},"primaryImageOfPage":{"@id":"https:\/\/www.bagnoitalia.com\/es\/producto\/spa-hidromasaje-autohinchable-mspa-185-cm-132-jets-5-6-personas-relax-mg16.html#primaryimage"},"image":{"@id":"https:\/\/www.bagnoitalia.com\/es\/producto\/spa-hidromasaje-autohinchable-mspa-185-cm-132-jets-5-6-personas-relax-mg16.html#primaryimage"},"thumbnailUrl":"https:\/\/img.bagnoitalia.com\/wp-content\/uploads\/minipiscina-idromassaggio-132-getti-5-6-posti-spa-relax-mg16-set-rattan.jpg","datePublished":"2022-03-30T05:47:46+00:00","dateModified":"2025-08-07T14:30:52+00:00","description":"Minipiscina autohinchable Mspa 185xH68 cm hidromasaje spa con 132 jets, capacidad hasta 5-6 plazas","breadcrumb":{"@id":"https:\/\/www.bagnoitalia.com\/es\/producto\/spa-hidromasaje-autohinchable-mspa-185-cm-132-jets-5-6-personas-relax-mg16.html#breadcrumb"},"inLanguage":"es","potentialAction":[{"@type":"ReadAction","target":["https:\/\/www.bagnoitalia.com\/es\/producto\/spa-hidromasaje-autohinchable-mspa-185-cm-132-jets-5-6-personas-relax-mg16.html"]}]},{"@type":"ImageObject","inLanguage":"es","@id":"https:\/\/www.bagnoitalia.com\/es\/producto\/spa-hidromasaje-autohinchable-mspa-185-cm-132-jets-5-6-personas-relax-mg16.html#primaryimage","url":"https:\/\/img.bagnoitalia.com\/wp-content\/uploads\/minipiscina-idromassaggio-132-getti-5-6-posti-spa-relax-mg16-set-rattan.jpg","contentUrl":"https:\/\/img.bagnoitalia.com\/wp-content\/uploads\/minipiscina-idromassaggio-132-getti-5-6-posti-spa-relax-mg16-set-rattan.jpg","width":1784,"height":1784},{"@type":"BreadcrumbList","@id":"https:\/\/www.bagnoitalia.com\/es\/producto\/spa-hidromasaje-autohinchable-mspa-185-cm-132-jets-5-6-personas-relax-mg16.html#breadcrumb","itemListElement":[{"@type":"ListItem","position":1,"name":"Home","item":"https:\/\/www.bagnoitalia.com\/es"},{"@type":"ListItem","position":2,"name":"Productos","item":"https:\/\/www.bagnoitalia.com\/es\/shop"},{"@type":"ListItem","position":3,"name":"Spa hidromasaje autohinchable Mspa 185 cm 132 jets 5-6 personas relax MG16"}]},{"@type":"WebSite","@id":"https:\/\/www.bagnoitalia.com\/es#website","url":"https:\/\/www.bagnoitalia.com\/es","name":"Bagno Italia","description":"","publisher":{"@id":"https:\/\/www.bagnoitalia.com\/es#organization"},"potentialAction":[{"@type":"SearchAction","target":{"@type":"EntryPoint","urlTemplate":"https:\/\/www.bagnoitalia.com\/es?s={search_term_string}"},"query-input":{"@type":"PropertyValueSpecification","valueRequired":true,"valueName":"search_term_string"}}],"inLanguage":"es"},{"@type":"Organization","@id":"https:\/\/www.bagnoitalia.com\/es#organization","name":"Bagno Italia","url":"https:\/\/www.bagnoitalia.com\/es","logo":{"@type":"ImageObject","inLanguage":"es","@id":"https:\/\/www.bagnoitalia.com\/es#\/schema\/logo\/image\/","url":"https:\/\/img.bagnoitalia.com\/wp-content\/uploads\/logo-bagnoitalia.webp","contentUrl":"https:\/\/img.bagnoitalia.com\/wp-content\/uploads\/logo-bagnoitalia.webp","width":400,"height":70,"caption":"Bagno Italia"},"image":{"@id":"https:\/\/www.bagnoitalia.com\/es#\/schema\/logo\/image\/"}}]}},"_links":{"self":[{"href":"https:\/\/www.bagnoitalia.com\/es\/wp-json\/wp\/v2\/product\/81846","targetHints":{"allow":["GET"]}}],"collection":[{"href":"https:\/\/www.bagnoitalia.com\/es\/wp-json\/wp\/v2\/product"}],"about":[{"href":"https:\/\/www.bagnoitalia.com\/es\/wp-json\/wp\/v2\/types\/product"}],"replies":[{"embeddable":true,"href":"https:\/\/www.bagnoitalia.com\/es\/wp-json\/wp\/v2\/comments?post=81846"}],"version-history":[{"count":2,"href":"https:\/\/www.bagnoitalia.com\/es\/wp-json\/wp\/v2\/product\/81846\/revisions"}],"predecessor-version":[{"id":109383,"href":"https:\/\/www.bagnoitalia.com\/es\/wp-json\/wp\/v2\/product\/81846\/revisions\/109383"}],"wp:featuredmedia":[{"embeddable":true,"href":"https:\/\/www.bagnoitalia.com\/es\/wp-json\/wp\/v2\/media\/107862"}],"wp:attachment":[{"href":"https:\/\/www.bagnoitalia.com\/es\/wp-json\/wp\/v2\/media?parent=81846"}],"wp:term":[{"taxonomy":"product_brand","embeddable":true,"href":"https:\/\/www.bagnoitalia.com\/es\/wp-json\/wp\/v2\/product_brand?post=81846"},{"taxonomy":"product_cat","embeddable":true,"href":"https:\/\/www.bagnoitalia.com\/es\/wp-json\/wp\/v2\/product_cat?post=81846"},{"taxonomy":"product_tag","embeddable":true,"href":"https:\/\/www.bagnoitalia.com\/es\/wp-json\/wp\/v2\/product_tag?post=81846"}],"curies":[{"name":"wp","href":"https:\/\/api.w.org\/{rel}","templated":true}]}}