{"id":81826,"date":"2022-03-30T07:47:46","date_gmt":"2022-03-30T05:47:46","guid":{"rendered":"https:\/\/www.bagnoitalia.com\/product\/jacuzzi-multifuncional-170x115-para-dos-personas-vs103"},"modified":"2024-05-22T14:43:22","modified_gmt":"2024-05-22T12:43:22","slug":"jacuzzi-multifuncional-170x115-para-dos-personas-vs103","status":"publish","type":"product","link":"https:\/\/www.bagnoitalia.com\/es\/producto\/jacuzzi-multifuncional-170x115-para-dos-personas-vs103.html","title":{"rendered":"Jacuzzi multifuncional 170&#215;115 para dos personas VS103"},"content":{"rendered":"<p><strong><span style=\"font-size: 14pt;\">Jacuzzi VS103<\/span><\/strong><\/p>\n<p><strong>Disponible en versi\u00f3n DERECHA o IZQUIERDA<br \/>\n<\/strong><\/p>\n<p><span style=\"text-decoration: underline;\">CARACTER\u00cdSTICAS<\/span><\/p>\n<p>tama\u00f1o 170x115x63Hcm<\/p>\n<p>Bomba hidromasaje 1,5HP<\/p>\n<p>5 boquillas grandes<\/p>\n<p>10 boquillas peque\u00f1as<\/p>\n<p>2 cojines de reposacabezas negros<\/p>\n<p>Grifos incluidos<\/p>\n<p>Radio FM<\/p>\n<p>2 altavoces<\/p>\n<p>Tap\u00f3n de drenaje incluido<\/p>\n<p>Pantalla de control<\/p>\n<p>Sistema de regulaci\u00f3n de circulaci\u00f3n, aspiraci\u00f3n y presi\u00f3n de agua<\/p>\n<p>funci\u00f3n de desinfecci\u00f3n y esterilizaci\u00f3n<\/p>\n<p>Toallero lateral<\/p>\n<p>Salvavidas autom\u00e1tico<\/p>\n<p>BA\u00d1ERA EN ACR\u00cdLICO BLANCO Y ESTRUCTURA DE ACERO<\/p>\n<p>PESO 100KG<\/p>\n<p>La versi\u00f3n de la izquierda es como se muestra en la siguiente imagen:<\/p>\n<p><img fetchpriority=\"high\" decoding=\"async\" class=\" size-full wp-image-50504\" src=\"https:\/\/img.bagnoitalia.com\/wp-content\/uploads\/virtuemart\/product\/vasca-idro-relax-170x115x63h-versione-sinistra_1615822701_247.jpg\" alt=\"&lt;a ref =\" width=\"461\" height=\"461\" srcset=\"https:\/\/img.bagnoitalia.com\/wp-content\/uploads\/virtuemart\/product\/vasca-idro-relax-170x115x63h-versione-sinistra_1615822701_247.jpg 1400w, https:\/\/img.bagnoitalia.com\/wp-content\/uploads\/virtuemart\/product\/vasca-idro-relax-170x115x63h-versione-sinistra_1615822701_247-768x768.jpg 768w, https:\/\/img.bagnoitalia.com\/wp-content\/uploads\/virtuemart\/product\/vasca-idro-relax-170x115x63h-versione-sinistra_1615822701_247-990x990.jpg 990w, https:\/\/img.bagnoitalia.com\/wp-content\/uploads\/virtuemart\/product\/vasca-idro-relax-170x115x63h-versione-sinistra_1615822701_247-441x441.jpg 441w, https:\/\/img.bagnoitalia.com\/wp-content\/uploads\/virtuemart\/product\/vasca-idro-relax-170x115x63h-versione-sinistra_1615822701_247-100x100.jpg 100w, https:\/\/img.bagnoitalia.com\/wp-content\/uploads\/virtuemart\/product\/vasca-idro-relax-170x115x63h-versione-sinistra_1615822701_247-600x600.jpg 600w, https:\/\/img.bagnoitalia.com\/wp-content\/uploads\/virtuemart\/product\/vasca-idro-relax-170x115x63h-versione-sinistra_1615822701_247-150x150.jpg 150w\" sizes=\"(max-width: 461px) 100vw, 461px\" \/><\/p>\n","protected":false},"excerpt":{"rendered":"<p>Ba\u00f1era para dos personas 170x115x63H disponible en versi\u00f3n izquierda y derecha, con sistema de desinfecci\u00f3n y esterilizaci\u00f3n y grifer\u00eda incluida<\/p>\n","protected":false},"featured_media":50448,"comment_status":"open","ping_status":"closed","template":"","meta":[],"product_brand":[9914],"product_cat":[9709,9745],"product_tag":[],"class_list":{"0":"post-81826","1":"product","2":"type-product","3":"status-publish","4":"has-post-thumbnail","6":"product_brand-simba-es","7":"product_cat-banera-de-hidromasaje","8":"product_cat-piscinas-de-hidromasaje","10":"first","11":"instock","12":"sale","13":"taxable","14":"shipping-taxable","15":"purchasable","16":"product-type-simple"},"exclude_global_add_ons":false,"addons":[{"name":"Versi\u00f3n","type":"multiple_choice","position":0,"required":true,"title_format":"heading","default":"","description_enable":false,"description":"","placeholder_enable":false,"placeholder":"","display":"select","restrictions_type":"any_text","adjust_price":false,"price":"","price_type":"flat_fee","restrictions":false,"min":"0","max":"0","options":[{"label":"Versi\u00f3n derecha","price":"","price_type":"quantity_based","image":0,"visibility":true},{"label":"Versi\u00f3n izquierda","price":"","price_type":"quantity_based","image":0,"visibility":true}],"id":1716389003}],"yoast_head":"<!-- This site is optimized with the Yoast SEO plugin v26.7 - https:\/\/yoast.com\/wordpress\/plugins\/seo\/ -->\n<title>Ducha multifunci\u00f3n Whirlpool 170x115 para dos personas VS103<\/title>\n<meta name=\"description\" content=\"Ba\u00f1era para dos personas 170x115x63H disponible en versi\u00f3n izquierda y derecha, con sistema de desinfecci\u00f3n y esterilizaci\u00f3n y grifer\u00eda incluida\" \/>\n<meta name=\"robots\" content=\"index, follow, max-snippet:-1, max-image-preview:large, max-video-preview:-1\" \/>\n<link rel=\"canonical\" href=\"https:\/\/www.bagnoitalia.com\/es\/producto\/jacuzzi-multifuncional-170x115-para-dos-personas-vs103.html\" \/>\n<meta property=\"og:locale\" content=\"es_ES\" \/>\n<meta property=\"og:type\" content=\"article\" \/>\n<meta property=\"og:title\" content=\"Ducha multifunci\u00f3n Whirlpool 170x115 para dos personas VS103\" \/>\n<meta property=\"og:description\" content=\"Ba\u00f1era para dos personas 170x115x63H disponible en versi\u00f3n izquierda y derecha, con sistema de desinfecci\u00f3n y esterilizaci\u00f3n y grifer\u00eda incluida\" \/>\n<meta property=\"og:url\" content=\"https:\/\/www.bagnoitalia.com\/es\/producto\/jacuzzi-multifuncional-170x115-para-dos-personas-vs103.html\" \/>\n<meta property=\"og:site_name\" content=\"Bagno Italia\" \/>\n<meta property=\"article:modified_time\" content=\"2024-05-22T12:43:22+00:00\" \/>\n<meta property=\"og:image\" content=\"https:\/\/img.bagnoitalia.com\/wp-content\/uploads\/virtuemart\/product\/V4S-0004_1.jpg\" \/>\n\t<meta property=\"og:image:width\" content=\"550\" \/>\n\t<meta property=\"og:image:height\" content=\"550\" \/>\n\t<meta property=\"og:image:type\" content=\"image\/jpeg\" \/>\n<meta name=\"twitter:card\" content=\"summary_large_image\" \/>\n<meta name=\"twitter:label1\" content=\"Tiempo de lectura\" \/>\n\t<meta name=\"twitter:data1\" content=\"1 minuto\" \/>\n<script type=\"application\/ld+json\" class=\"yoast-schema-graph\">{\"@context\":\"https:\/\/schema.org\",\"@graph\":[{\"@type\":\"WebPage\",\"@id\":\"https:\/\/www.bagnoitalia.com\/es\/producto\/jacuzzi-multifuncional-170x115-para-dos-personas-vs103.html\",\"url\":\"https:\/\/www.bagnoitalia.com\/es\/producto\/jacuzzi-multifuncional-170x115-para-dos-personas-vs103.html\",\"name\":\"Ducha multifunci\u00f3n Whirlpool 170x115 para dos personas VS103\",\"isPartOf\":{\"@id\":\"https:\/\/www.bagnoitalia.com\/es#website\"},\"primaryImageOfPage\":{\"@id\":\"https:\/\/www.bagnoitalia.com\/es\/producto\/jacuzzi-multifuncional-170x115-para-dos-personas-vs103.html#primaryimage\"},\"image\":{\"@id\":\"https:\/\/www.bagnoitalia.com\/es\/producto\/jacuzzi-multifuncional-170x115-para-dos-personas-vs103.html#primaryimage\"},\"thumbnailUrl\":\"https:\/\/img.bagnoitalia.com\/wp-content\/uploads\/virtuemart\/product\/V4S-0004_1.jpg\",\"datePublished\":\"2022-03-30T05:47:46+00:00\",\"dateModified\":\"2024-05-22T12:43:22+00:00\",\"description\":\"Ba\u00f1era para dos personas 170x115x63H disponible en versi\u00f3n izquierda y derecha, con sistema de desinfecci\u00f3n y esterilizaci\u00f3n y grifer\u00eda incluida\",\"breadcrumb\":{\"@id\":\"https:\/\/www.bagnoitalia.com\/es\/producto\/jacuzzi-multifuncional-170x115-para-dos-personas-vs103.html#breadcrumb\"},\"inLanguage\":\"es\",\"potentialAction\":[{\"@type\":\"ReadAction\",\"target\":[\"https:\/\/www.bagnoitalia.com\/es\/producto\/jacuzzi-multifuncional-170x115-para-dos-personas-vs103.html\"]}]},{\"@type\":\"ImageObject\",\"inLanguage\":\"es\",\"@id\":\"https:\/\/www.bagnoitalia.com\/es\/producto\/jacuzzi-multifuncional-170x115-para-dos-personas-vs103.html#primaryimage\",\"url\":\"https:\/\/img.bagnoitalia.com\/wp-content\/uploads\/virtuemart\/product\/V4S-0004_1.jpg\",\"contentUrl\":\"https:\/\/img.bagnoitalia.com\/wp-content\/uploads\/virtuemart\/product\/V4S-0004_1.jpg\",\"width\":550,\"height\":550},{\"@type\":\"BreadcrumbList\",\"@id\":\"https:\/\/www.bagnoitalia.com\/es\/producto\/jacuzzi-multifuncional-170x115-para-dos-personas-vs103.html#breadcrumb\",\"itemListElement\":[{\"@type\":\"ListItem\",\"position\":1,\"name\":\"Home\",\"item\":\"https:\/\/www.bagnoitalia.com\/es\"},{\"@type\":\"ListItem\",\"position\":2,\"name\":\"Productos\",\"item\":\"https:\/\/www.bagnoitalia.com\/es\/shop\"},{\"@type\":\"ListItem\",\"position\":3,\"name\":\"Jacuzzi multifuncional 170&#215;115 para dos personas VS103\"}]},{\"@type\":\"WebSite\",\"@id\":\"https:\/\/www.bagnoitalia.com\/es#website\",\"url\":\"https:\/\/www.bagnoitalia.com\/es\",\"name\":\"Bagno Italia\",\"description\":\"\",\"publisher\":{\"@id\":\"https:\/\/www.bagnoitalia.com\/es#organization\"},\"potentialAction\":[{\"@type\":\"SearchAction\",\"target\":{\"@type\":\"EntryPoint\",\"urlTemplate\":\"https:\/\/www.bagnoitalia.com\/es?s={search_term_string}\"},\"query-input\":{\"@type\":\"PropertyValueSpecification\",\"valueRequired\":true,\"valueName\":\"search_term_string\"}}],\"inLanguage\":\"es\"},{\"@type\":\"Organization\",\"@id\":\"https:\/\/www.bagnoitalia.com\/es#organization\",\"name\":\"Bagno Italia\",\"url\":\"https:\/\/www.bagnoitalia.com\/es\",\"logo\":{\"@type\":\"ImageObject\",\"inLanguage\":\"es\",\"@id\":\"https:\/\/www.bagnoitalia.com\/es#\/schema\/logo\/image\/\",\"url\":\"https:\/\/img.bagnoitalia.com\/wp-content\/uploads\/logo-bagnoitalia.webp\",\"contentUrl\":\"https:\/\/img.bagnoitalia.com\/wp-content\/uploads\/logo-bagnoitalia.webp\",\"width\":400,\"height\":70,\"caption\":\"Bagno Italia\"},\"image\":{\"@id\":\"https:\/\/www.bagnoitalia.com\/es#\/schema\/logo\/image\/\"}}]}<\/script>\n<!-- \/ Yoast SEO plugin. -->","yoast_head_json":{"title":"Ducha multifunci\u00f3n Whirlpool 170x115 para dos personas VS103","description":"Ba\u00f1era para dos personas 170x115x63H disponible en versi\u00f3n izquierda y derecha, con sistema de desinfecci\u00f3n y esterilizaci\u00f3n y grifer\u00eda incluida","robots":{"index":"index","follow":"follow","max-snippet":"max-snippet:-1","max-image-preview":"max-image-preview:large","max-video-preview":"max-video-preview:-1"},"canonical":"https:\/\/www.bagnoitalia.com\/es\/producto\/jacuzzi-multifuncional-170x115-para-dos-personas-vs103.html","og_locale":"es_ES","og_type":"article","og_title":"Ducha multifunci\u00f3n Whirlpool 170x115 para dos personas VS103","og_description":"Ba\u00f1era para dos personas 170x115x63H disponible en versi\u00f3n izquierda y derecha, con sistema de desinfecci\u00f3n y esterilizaci\u00f3n y grifer\u00eda incluida","og_url":"https:\/\/www.bagnoitalia.com\/es\/producto\/jacuzzi-multifuncional-170x115-para-dos-personas-vs103.html","og_site_name":"Bagno Italia","article_modified_time":"2024-05-22T12:43:22+00:00","og_image":[{"width":550,"height":550,"url":"https:\/\/img.bagnoitalia.com\/wp-content\/uploads\/virtuemart\/product\/V4S-0004_1.jpg","type":"image\/jpeg"}],"twitter_card":"summary_large_image","twitter_misc":{"Tiempo de lectura":"1 minuto"},"schema":{"@context":"https:\/\/schema.org","@graph":[{"@type":"WebPage","@id":"https:\/\/www.bagnoitalia.com\/es\/producto\/jacuzzi-multifuncional-170x115-para-dos-personas-vs103.html","url":"https:\/\/www.bagnoitalia.com\/es\/producto\/jacuzzi-multifuncional-170x115-para-dos-personas-vs103.html","name":"Ducha multifunci\u00f3n Whirlpool 170x115 para dos personas VS103","isPartOf":{"@id":"https:\/\/www.bagnoitalia.com\/es#website"},"primaryImageOfPage":{"@id":"https:\/\/www.bagnoitalia.com\/es\/producto\/jacuzzi-multifuncional-170x115-para-dos-personas-vs103.html#primaryimage"},"image":{"@id":"https:\/\/www.bagnoitalia.com\/es\/producto\/jacuzzi-multifuncional-170x115-para-dos-personas-vs103.html#primaryimage"},"thumbnailUrl":"https:\/\/img.bagnoitalia.com\/wp-content\/uploads\/virtuemart\/product\/V4S-0004_1.jpg","datePublished":"2022-03-30T05:47:46+00:00","dateModified":"2024-05-22T12:43:22+00:00","description":"Ba\u00f1era para dos personas 170x115x63H disponible en versi\u00f3n izquierda y derecha, con sistema de desinfecci\u00f3n y esterilizaci\u00f3n y grifer\u00eda incluida","breadcrumb":{"@id":"https:\/\/www.bagnoitalia.com\/es\/producto\/jacuzzi-multifuncional-170x115-para-dos-personas-vs103.html#breadcrumb"},"inLanguage":"es","potentialAction":[{"@type":"ReadAction","target":["https:\/\/www.bagnoitalia.com\/es\/producto\/jacuzzi-multifuncional-170x115-para-dos-personas-vs103.html"]}]},{"@type":"ImageObject","inLanguage":"es","@id":"https:\/\/www.bagnoitalia.com\/es\/producto\/jacuzzi-multifuncional-170x115-para-dos-personas-vs103.html#primaryimage","url":"https:\/\/img.bagnoitalia.com\/wp-content\/uploads\/virtuemart\/product\/V4S-0004_1.jpg","contentUrl":"https:\/\/img.bagnoitalia.com\/wp-content\/uploads\/virtuemart\/product\/V4S-0004_1.jpg","width":550,"height":550},{"@type":"BreadcrumbList","@id":"https:\/\/www.bagnoitalia.com\/es\/producto\/jacuzzi-multifuncional-170x115-para-dos-personas-vs103.html#breadcrumb","itemListElement":[{"@type":"ListItem","position":1,"name":"Home","item":"https:\/\/www.bagnoitalia.com\/es"},{"@type":"ListItem","position":2,"name":"Productos","item":"https:\/\/www.bagnoitalia.com\/es\/shop"},{"@type":"ListItem","position":3,"name":"Jacuzzi multifuncional 170&#215;115 para dos personas VS103"}]},{"@type":"WebSite","@id":"https:\/\/www.bagnoitalia.com\/es#website","url":"https:\/\/www.bagnoitalia.com\/es","name":"Bagno Italia","description":"","publisher":{"@id":"https:\/\/www.bagnoitalia.com\/es#organization"},"potentialAction":[{"@type":"SearchAction","target":{"@type":"EntryPoint","urlTemplate":"https:\/\/www.bagnoitalia.com\/es?s={search_term_string}"},"query-input":{"@type":"PropertyValueSpecification","valueRequired":true,"valueName":"search_term_string"}}],"inLanguage":"es"},{"@type":"Organization","@id":"https:\/\/www.bagnoitalia.com\/es#organization","name":"Bagno Italia","url":"https:\/\/www.bagnoitalia.com\/es","logo":{"@type":"ImageObject","inLanguage":"es","@id":"https:\/\/www.bagnoitalia.com\/es#\/schema\/logo\/image\/","url":"https:\/\/img.bagnoitalia.com\/wp-content\/uploads\/logo-bagnoitalia.webp","contentUrl":"https:\/\/img.bagnoitalia.com\/wp-content\/uploads\/logo-bagnoitalia.webp","width":400,"height":70,"caption":"Bagno Italia"},"image":{"@id":"https:\/\/www.bagnoitalia.com\/es#\/schema\/logo\/image\/"}}]}},"_links":{"self":[{"href":"https:\/\/www.bagnoitalia.com\/es\/wp-json\/wp\/v2\/product\/81826","targetHints":{"allow":["GET"]}}],"collection":[{"href":"https:\/\/www.bagnoitalia.com\/es\/wp-json\/wp\/v2\/product"}],"about":[{"href":"https:\/\/www.bagnoitalia.com\/es\/wp-json\/wp\/v2\/types\/product"}],"replies":[{"embeddable":true,"href":"https:\/\/www.bagnoitalia.com\/es\/wp-json\/wp\/v2\/comments?post=81826"}],"version-history":[{"count":1,"href":"https:\/\/www.bagnoitalia.com\/es\/wp-json\/wp\/v2\/product\/81826\/revisions"}],"predecessor-version":[{"id":87481,"href":"https:\/\/www.bagnoitalia.com\/es\/wp-json\/wp\/v2\/product\/81826\/revisions\/87481"}],"wp:featuredmedia":[{"embeddable":true,"href":"https:\/\/www.bagnoitalia.com\/es\/wp-json\/wp\/v2\/media\/50448"}],"wp:attachment":[{"href":"https:\/\/www.bagnoitalia.com\/es\/wp-json\/wp\/v2\/media?parent=81826"}],"wp:term":[{"taxonomy":"product_brand","embeddable":true,"href":"https:\/\/www.bagnoitalia.com\/es\/wp-json\/wp\/v2\/product_brand?post=81826"},{"taxonomy":"product_cat","embeddable":true,"href":"https:\/\/www.bagnoitalia.com\/es\/wp-json\/wp\/v2\/product_cat?post=81826"},{"taxonomy":"product_tag","embeddable":true,"href":"https:\/\/www.bagnoitalia.com\/es\/wp-json\/wp\/v2\/product_tag?post=81826"}],"curies":[{"name":"wp","href":"https:\/\/api.w.org\/{rel}","templated":true}]}}