{"id":81814,"date":"2022-03-30T07:47:46","date_gmt":"2022-03-30T05:47:46","guid":{"rendered":"https:\/\/www.bagnoitalia.com\/product\/minipiscina-autohinchable-hidromasaje-mspa-185xh68-cm-para-5-6-personas-calentador-de-ozonoterapia-spa-relax-mg15"},"modified":"2025-08-07T16:31:01","modified_gmt":"2025-08-07T14:31:01","slug":"minipiscina-autohinchable-hidromasaje-mspa-185xh68-cm-para-5-6-personas-calentador-de-ozonoterapia-spa-relax-mg15","status":"publish","type":"product","link":"https:\/\/www.bagnoitalia.com\/es\/producto\/minipiscina-autohinchable-hidromasaje-mspa-185xh68-cm-para-5-6-personas-calentador-de-ozonoterapia-spa-relax-mg15.html","title":{"rendered":"Minipiscina autohinchable hidromasaje Mspa 185xH68 cm para 5\/6 personas calentador spa relax MG15"},"content":{"rendered":"<p><iframe title=\"reproductor de videos de youtube\" src=\"https:\/\/www.youtube.com\/embed\/xV0WQr1ZlV8\" width=\"553\" height=\"311\" frameborder=\"0\" allowfullscreen=\"allowfullscreen\"><\/iframe><\/p>\n<p><strong><span style=\"font-size: 14pt;\">MINI PISCINA AUTOINFLABLE Mspa WHIRLPOOL MG15<\/span><\/strong><\/p>\n<p><strong>Caracter\u00edsticas:<\/strong><\/p>\n<p>Dimensiones exteriores: 185x185xH68 cm<\/p>\n<p>Asientos: 5-6<\/p>\n<p>132 chorros de hidromasaje a 3 niveles de intensidad<\/p>\n<p>Sistema anticongelante<\/p>\n<p>alfombra de espuma<\/p>\n<p>2 filtros<\/p>\n<p>Funda t\u00e9rmica<\/p>\n<p>colch\u00f3n flotante<\/p>\n<p>Alfombra t\u00e9rmica<\/p>\n<p>Coj\u00edn de asiento antideslizante<\/p>\n<p>mando a distancia led<\/p>\n<p>UVC con acci\u00f3n antibacteriana<\/p>\n<p>&nbsp;<\/p>\n<p><a style=\"padding: 15px; background: #2395ea; color: #fff;\" href=\"images\/manuali\/manuale-uraban-series.pdf\" target=\"_blank\" rel=\"noopener\">Haga clic aqu\u00ed para descargar el manual<\/a><\/p>\n<p>&nbsp;<\/p>\n<p>ATENCI\u00d3N: desde el men\u00fa desplegable es posible combinar una <a href=\"struttura-in-simil-rattan-per-minipiscine-gonfiabili-mspa-rotonda-o-quadrata-con-gradini.html\">estructura tipo rat\u00e1n para<\/a> instalar alrededor de la minipiscina. El kit consta de <strong>7 muebles<\/strong> , 4 de los cuales con puertas y 3 abiertos (abiertos, sin puertas) y est\u00e1 disponible:<\/p>\n<p>&#8211; con solo 1 paso<\/p>\n<p>&#8211; con pelda\u00f1o doble, es decir, compuesto por 1 pelda\u00f1o simple y 2 pelda\u00f1os superpuestos (para un total de 3 piezas)<\/p>\n<p>&nbsp;<\/p>\n<p><strong>Detalles t\u00e9cnicos<\/strong><\/p>\n<p>calentador de 2,2 kW<\/p>\n<p>Potencia 220-240V<\/p>\n<p>potencia de filtrado 12V \/ 60W<\/p>\n<p>Capacidad m\u00e1xima 930 litros<\/p>\n<p>Material: PVC reforzado de 6 capas premium Rhino-tech<\/p>\n<p>&nbsp;<\/p>\n<p>&nbsp;<\/p>\n","protected":false},"excerpt":{"rendered":"<p>Minipiscina autohinchable Mspa 185xH68 cm hidromasaje spa con 132 jets, mando a distancia led, hasta 5-6 plazas<\/p>\n","protected":false},"featured_media":50328,"comment_status":"open","ping_status":"closed","template":"","meta":[],"product_brand":[9926],"product_cat":[9777],"product_tag":[],"class_list":{"0":"post-81814","1":"product","2":"type-product","3":"status-publish","4":"has-post-thumbnail","6":"product_brand-predator-arredo-casa-es","7":"product_cat-baneras-de-hidromasaje-inflables","9":"first","10":"instock","11":"sale","12":"taxable","13":"shipping-taxable","14":"purchasable","15":"product-type-simple"},"exclude_global_add_ons":false,"addons":[{"name":"Tipolog\u00eda","type":"multiple_choice","position":0,"required":true,"title_format":"heading","default":"","description_enable":false,"description":"","placeholder_enable":false,"placeholder":"","display":"select","restrictions_type":"any_text","adjust_price":false,"price":"","price_type":"flat_fee","restrictions":false,"min":"0","max":"0","options":[{"label":"sin estructura de rat\u00e1n","price":"","price_type":"quantity_based","image":0,"visibility":true},{"label":"con estructura de rat\u00e1n (1 escal\u00f3n)","price":"1799","price_type":"quantity_based","image":0,"visibility":true},{"label":"(No disponible) con estructura de rat\u00e1n (doble escal\u00f3n)","price":"1999","price_type":"quantity_based","image":0,"visibility":true}],"id":1716907864}],"yoast_head":"<!-- This site is optimized with the Yoast SEO plugin v26.7 - https:\/\/yoast.com\/wordpress\/plugins\/seo\/ -->\n<title>Mspa Minipiscina hidromasaje autohinchable 185xH68 cm para 5\/6 personas calentador de ozonoterapia spa relax MG15<\/title>\n<meta name=\"description\" content=\"Minipiscina autohinchable Mspa 185xH68 cm hidromasaje spa con 132 jets, ozonoterapia, mando a distancia led, hasta 5-6 plazas\" \/>\n<meta name=\"robots\" content=\"index, follow, max-snippet:-1, max-image-preview:large, max-video-preview:-1\" \/>\n<link rel=\"canonical\" href=\"https:\/\/www.bagnoitalia.com\/es\/producto\/minipiscina-autohinchable-hidromasaje-mspa-185xh68-cm-para-5-6-personas-calentador-de-ozonoterapia-spa-relax-mg15.html\" \/>\n<meta property=\"og:locale\" content=\"es_ES\" \/>\n<meta property=\"og:type\" content=\"article\" \/>\n<meta property=\"og:title\" content=\"Mspa Minipiscina hidromasaje autohinchable 185xH68 cm para 5\/6 personas calentador de ozonoterapia spa relax MG15\" \/>\n<meta property=\"og:description\" content=\"Minipiscina autohinchable Mspa 185xH68 cm hidromasaje spa con 132 jets, ozonoterapia, mando a distancia led, hasta 5-6 plazas\" \/>\n<meta property=\"og:url\" content=\"https:\/\/www.bagnoitalia.com\/es\/producto\/minipiscina-autohinchable-hidromasaje-mspa-185xh68-cm-para-5-6-personas-calentador-de-ozonoterapia-spa-relax-mg15.html\" \/>\n<meta property=\"og:site_name\" content=\"Bagno Italia\" \/>\n<meta property=\"article:modified_time\" content=\"2025-08-07T14:31:01+00:00\" \/>\n<meta property=\"og:image\" content=\"https:\/\/img.bagnoitalia.com\/wp-content\/uploads\/virtuemart\/product\/mpg-0010_1.jpg\" \/>\n\t<meta property=\"og:image:width\" content=\"538\" \/>\n\t<meta property=\"og:image:height\" content=\"539\" \/>\n\t<meta property=\"og:image:type\" content=\"image\/jpeg\" \/>\n<meta name=\"twitter:card\" content=\"summary_large_image\" \/>\n<meta name=\"twitter:label1\" content=\"Tiempo de lectura\" \/>\n\t<meta name=\"twitter:data1\" content=\"1 minuto\" \/>\n<script type=\"application\/ld+json\" class=\"yoast-schema-graph\">{\"@context\":\"https:\/\/schema.org\",\"@graph\":[{\"@type\":\"WebPage\",\"@id\":\"https:\/\/www.bagnoitalia.com\/es\/producto\/minipiscina-autohinchable-hidromasaje-mspa-185xh68-cm-para-5-6-personas-calentador-de-ozonoterapia-spa-relax-mg15.html\",\"url\":\"https:\/\/www.bagnoitalia.com\/es\/producto\/minipiscina-autohinchable-hidromasaje-mspa-185xh68-cm-para-5-6-personas-calentador-de-ozonoterapia-spa-relax-mg15.html\",\"name\":\"Mspa Minipiscina hidromasaje autohinchable 185xH68 cm para 5\/6 personas calentador de ozonoterapia spa relax MG15\",\"isPartOf\":{\"@id\":\"https:\/\/www.bagnoitalia.com\/es#website\"},\"primaryImageOfPage\":{\"@id\":\"https:\/\/www.bagnoitalia.com\/es\/producto\/minipiscina-autohinchable-hidromasaje-mspa-185xh68-cm-para-5-6-personas-calentador-de-ozonoterapia-spa-relax-mg15.html#primaryimage\"},\"image\":{\"@id\":\"https:\/\/www.bagnoitalia.com\/es\/producto\/minipiscina-autohinchable-hidromasaje-mspa-185xh68-cm-para-5-6-personas-calentador-de-ozonoterapia-spa-relax-mg15.html#primaryimage\"},\"thumbnailUrl\":\"https:\/\/img.bagnoitalia.com\/wp-content\/uploads\/virtuemart\/product\/mpg-0010_1.jpg\",\"datePublished\":\"2022-03-30T05:47:46+00:00\",\"dateModified\":\"2025-08-07T14:31:01+00:00\",\"description\":\"Minipiscina autohinchable Mspa 185xH68 cm hidromasaje spa con 132 jets, ozonoterapia, mando a distancia led, hasta 5-6 plazas\",\"breadcrumb\":{\"@id\":\"https:\/\/www.bagnoitalia.com\/es\/producto\/minipiscina-autohinchable-hidromasaje-mspa-185xh68-cm-para-5-6-personas-calentador-de-ozonoterapia-spa-relax-mg15.html#breadcrumb\"},\"inLanguage\":\"es\",\"potentialAction\":[{\"@type\":\"ReadAction\",\"target\":[\"https:\/\/www.bagnoitalia.com\/es\/producto\/minipiscina-autohinchable-hidromasaje-mspa-185xh68-cm-para-5-6-personas-calentador-de-ozonoterapia-spa-relax-mg15.html\"]}]},{\"@type\":\"ImageObject\",\"inLanguage\":\"es\",\"@id\":\"https:\/\/www.bagnoitalia.com\/es\/producto\/minipiscina-autohinchable-hidromasaje-mspa-185xh68-cm-para-5-6-personas-calentador-de-ozonoterapia-spa-relax-mg15.html#primaryimage\",\"url\":\"https:\/\/img.bagnoitalia.com\/wp-content\/uploads\/virtuemart\/product\/mpg-0010_1.jpg\",\"contentUrl\":\"https:\/\/img.bagnoitalia.com\/wp-content\/uploads\/virtuemart\/product\/mpg-0010_1.jpg\",\"width\":538,\"height\":539},{\"@type\":\"BreadcrumbList\",\"@id\":\"https:\/\/www.bagnoitalia.com\/es\/producto\/minipiscina-autohinchable-hidromasaje-mspa-185xh68-cm-para-5-6-personas-calentador-de-ozonoterapia-spa-relax-mg15.html#breadcrumb\",\"itemListElement\":[{\"@type\":\"ListItem\",\"position\":1,\"name\":\"Home\",\"item\":\"https:\/\/www.bagnoitalia.com\/es\"},{\"@type\":\"ListItem\",\"position\":2,\"name\":\"Productos\",\"item\":\"https:\/\/www.bagnoitalia.com\/es\/shop\"},{\"@type\":\"ListItem\",\"position\":3,\"name\":\"Minipiscina autohinchable hidromasaje Mspa 185xH68 cm para 5\/6 personas calentador spa relax MG15\"}]},{\"@type\":\"WebSite\",\"@id\":\"https:\/\/www.bagnoitalia.com\/es#website\",\"url\":\"https:\/\/www.bagnoitalia.com\/es\",\"name\":\"Bagno Italia\",\"description\":\"\",\"publisher\":{\"@id\":\"https:\/\/www.bagnoitalia.com\/es#organization\"},\"potentialAction\":[{\"@type\":\"SearchAction\",\"target\":{\"@type\":\"EntryPoint\",\"urlTemplate\":\"https:\/\/www.bagnoitalia.com\/es?s={search_term_string}\"},\"query-input\":{\"@type\":\"PropertyValueSpecification\",\"valueRequired\":true,\"valueName\":\"search_term_string\"}}],\"inLanguage\":\"es\"},{\"@type\":\"Organization\",\"@id\":\"https:\/\/www.bagnoitalia.com\/es#organization\",\"name\":\"Bagno Italia\",\"url\":\"https:\/\/www.bagnoitalia.com\/es\",\"logo\":{\"@type\":\"ImageObject\",\"inLanguage\":\"es\",\"@id\":\"https:\/\/www.bagnoitalia.com\/es#\/schema\/logo\/image\/\",\"url\":\"https:\/\/img.bagnoitalia.com\/wp-content\/uploads\/logo-bagnoitalia.webp\",\"contentUrl\":\"https:\/\/img.bagnoitalia.com\/wp-content\/uploads\/logo-bagnoitalia.webp\",\"width\":400,\"height\":70,\"caption\":\"Bagno Italia\"},\"image\":{\"@id\":\"https:\/\/www.bagnoitalia.com\/es#\/schema\/logo\/image\/\"}}]}<\/script>\n<!-- \/ Yoast SEO plugin. -->","yoast_head_json":{"title":"Mspa Minipiscina hidromasaje autohinchable 185xH68 cm para 5\/6 personas calentador de ozonoterapia spa relax MG15","description":"Minipiscina autohinchable Mspa 185xH68 cm hidromasaje spa con 132 jets, ozonoterapia, mando a distancia led, hasta 5-6 plazas","robots":{"index":"index","follow":"follow","max-snippet":"max-snippet:-1","max-image-preview":"max-image-preview:large","max-video-preview":"max-video-preview:-1"},"canonical":"https:\/\/www.bagnoitalia.com\/es\/producto\/minipiscina-autohinchable-hidromasaje-mspa-185xh68-cm-para-5-6-personas-calentador-de-ozonoterapia-spa-relax-mg15.html","og_locale":"es_ES","og_type":"article","og_title":"Mspa Minipiscina hidromasaje autohinchable 185xH68 cm para 5\/6 personas calentador de ozonoterapia spa relax MG15","og_description":"Minipiscina autohinchable Mspa 185xH68 cm hidromasaje spa con 132 jets, ozonoterapia, mando a distancia led, hasta 5-6 plazas","og_url":"https:\/\/www.bagnoitalia.com\/es\/producto\/minipiscina-autohinchable-hidromasaje-mspa-185xh68-cm-para-5-6-personas-calentador-de-ozonoterapia-spa-relax-mg15.html","og_site_name":"Bagno Italia","article_modified_time":"2025-08-07T14:31:01+00:00","og_image":[{"width":538,"height":539,"url":"https:\/\/img.bagnoitalia.com\/wp-content\/uploads\/virtuemart\/product\/mpg-0010_1.jpg","type":"image\/jpeg"}],"twitter_card":"summary_large_image","twitter_misc":{"Tiempo de lectura":"1 minuto"},"schema":{"@context":"https:\/\/schema.org","@graph":[{"@type":"WebPage","@id":"https:\/\/www.bagnoitalia.com\/es\/producto\/minipiscina-autohinchable-hidromasaje-mspa-185xh68-cm-para-5-6-personas-calentador-de-ozonoterapia-spa-relax-mg15.html","url":"https:\/\/www.bagnoitalia.com\/es\/producto\/minipiscina-autohinchable-hidromasaje-mspa-185xh68-cm-para-5-6-personas-calentador-de-ozonoterapia-spa-relax-mg15.html","name":"Mspa Minipiscina hidromasaje autohinchable 185xH68 cm para 5\/6 personas calentador de ozonoterapia spa relax MG15","isPartOf":{"@id":"https:\/\/www.bagnoitalia.com\/es#website"},"primaryImageOfPage":{"@id":"https:\/\/www.bagnoitalia.com\/es\/producto\/minipiscina-autohinchable-hidromasaje-mspa-185xh68-cm-para-5-6-personas-calentador-de-ozonoterapia-spa-relax-mg15.html#primaryimage"},"image":{"@id":"https:\/\/www.bagnoitalia.com\/es\/producto\/minipiscina-autohinchable-hidromasaje-mspa-185xh68-cm-para-5-6-personas-calentador-de-ozonoterapia-spa-relax-mg15.html#primaryimage"},"thumbnailUrl":"https:\/\/img.bagnoitalia.com\/wp-content\/uploads\/virtuemart\/product\/mpg-0010_1.jpg","datePublished":"2022-03-30T05:47:46+00:00","dateModified":"2025-08-07T14:31:01+00:00","description":"Minipiscina autohinchable Mspa 185xH68 cm hidromasaje spa con 132 jets, ozonoterapia, mando a distancia led, hasta 5-6 plazas","breadcrumb":{"@id":"https:\/\/www.bagnoitalia.com\/es\/producto\/minipiscina-autohinchable-hidromasaje-mspa-185xh68-cm-para-5-6-personas-calentador-de-ozonoterapia-spa-relax-mg15.html#breadcrumb"},"inLanguage":"es","potentialAction":[{"@type":"ReadAction","target":["https:\/\/www.bagnoitalia.com\/es\/producto\/minipiscina-autohinchable-hidromasaje-mspa-185xh68-cm-para-5-6-personas-calentador-de-ozonoterapia-spa-relax-mg15.html"]}]},{"@type":"ImageObject","inLanguage":"es","@id":"https:\/\/www.bagnoitalia.com\/es\/producto\/minipiscina-autohinchable-hidromasaje-mspa-185xh68-cm-para-5-6-personas-calentador-de-ozonoterapia-spa-relax-mg15.html#primaryimage","url":"https:\/\/img.bagnoitalia.com\/wp-content\/uploads\/virtuemart\/product\/mpg-0010_1.jpg","contentUrl":"https:\/\/img.bagnoitalia.com\/wp-content\/uploads\/virtuemart\/product\/mpg-0010_1.jpg","width":538,"height":539},{"@type":"BreadcrumbList","@id":"https:\/\/www.bagnoitalia.com\/es\/producto\/minipiscina-autohinchable-hidromasaje-mspa-185xh68-cm-para-5-6-personas-calentador-de-ozonoterapia-spa-relax-mg15.html#breadcrumb","itemListElement":[{"@type":"ListItem","position":1,"name":"Home","item":"https:\/\/www.bagnoitalia.com\/es"},{"@type":"ListItem","position":2,"name":"Productos","item":"https:\/\/www.bagnoitalia.com\/es\/shop"},{"@type":"ListItem","position":3,"name":"Minipiscina autohinchable hidromasaje Mspa 185xH68 cm para 5\/6 personas calentador spa relax MG15"}]},{"@type":"WebSite","@id":"https:\/\/www.bagnoitalia.com\/es#website","url":"https:\/\/www.bagnoitalia.com\/es","name":"Bagno Italia","description":"","publisher":{"@id":"https:\/\/www.bagnoitalia.com\/es#organization"},"potentialAction":[{"@type":"SearchAction","target":{"@type":"EntryPoint","urlTemplate":"https:\/\/www.bagnoitalia.com\/es?s={search_term_string}"},"query-input":{"@type":"PropertyValueSpecification","valueRequired":true,"valueName":"search_term_string"}}],"inLanguage":"es"},{"@type":"Organization","@id":"https:\/\/www.bagnoitalia.com\/es#organization","name":"Bagno Italia","url":"https:\/\/www.bagnoitalia.com\/es","logo":{"@type":"ImageObject","inLanguage":"es","@id":"https:\/\/www.bagnoitalia.com\/es#\/schema\/logo\/image\/","url":"https:\/\/img.bagnoitalia.com\/wp-content\/uploads\/logo-bagnoitalia.webp","contentUrl":"https:\/\/img.bagnoitalia.com\/wp-content\/uploads\/logo-bagnoitalia.webp","width":400,"height":70,"caption":"Bagno Italia"},"image":{"@id":"https:\/\/www.bagnoitalia.com\/es#\/schema\/logo\/image\/"}}]}},"_links":{"self":[{"href":"https:\/\/www.bagnoitalia.com\/es\/wp-json\/wp\/v2\/product\/81814","targetHints":{"allow":["GET"]}}],"collection":[{"href":"https:\/\/www.bagnoitalia.com\/es\/wp-json\/wp\/v2\/product"}],"about":[{"href":"https:\/\/www.bagnoitalia.com\/es\/wp-json\/wp\/v2\/types\/product"}],"replies":[{"embeddable":true,"href":"https:\/\/www.bagnoitalia.com\/es\/wp-json\/wp\/v2\/comments?post=81814"}],"version-history":[{"count":5,"href":"https:\/\/www.bagnoitalia.com\/es\/wp-json\/wp\/v2\/product\/81814\/revisions"}],"predecessor-version":[{"id":110141,"href":"https:\/\/www.bagnoitalia.com\/es\/wp-json\/wp\/v2\/product\/81814\/revisions\/110141"}],"wp:featuredmedia":[{"embeddable":true,"href":"https:\/\/www.bagnoitalia.com\/es\/wp-json\/wp\/v2\/media\/50328"}],"wp:attachment":[{"href":"https:\/\/www.bagnoitalia.com\/es\/wp-json\/wp\/v2\/media?parent=81814"}],"wp:term":[{"taxonomy":"product_brand","embeddable":true,"href":"https:\/\/www.bagnoitalia.com\/es\/wp-json\/wp\/v2\/product_brand?post=81814"},{"taxonomy":"product_cat","embeddable":true,"href":"https:\/\/www.bagnoitalia.com\/es\/wp-json\/wp\/v2\/product_cat?post=81814"},{"taxonomy":"product_tag","embeddable":true,"href":"https:\/\/www.bagnoitalia.com\/es\/wp-json\/wp\/v2\/product_tag?post=81814"}],"curies":[{"name":"wp","href":"https:\/\/api.w.org\/{rel}","templated":true}]}}