{"id":81790,"date":"2022-03-30T07:47:46","date_gmt":"2022-03-30T05:47:46","guid":{"rendered":"https:\/\/www.bagnoitalia.com\/product\/banera-hidromasaje-rectangular-relax-170x120-para-dos-personas-vs101"},"modified":"2022-03-30T07:47:46","modified_gmt":"2022-03-30T05:47:46","slug":"banera-hidromasaje-rectangular-relax-170x120-para-dos-personas-vs101","status":"publish","type":"product","link":"https:\/\/www.bagnoitalia.com\/es\/producto\/banera-hidromasaje-rectangular-relax-170x120-para-dos-personas-vs101.html","title":{"rendered":"Ba\u00f1era hidromasaje rectangular relax 170&#215;120 para dos personas VS101"},"content":{"rendered":"<h2><span style=\"text-decoration: underline;\"><strong>BA\u00d1ERA HIDROMASAJE PARA 2 PERSONAS VS101<\/strong><\/span><\/h2>\n<p> <strong>ESPECIFICACIONES:<br \/><\/strong><\/p>\n<ul>\n<li> Dimensiones ba\u00f1era hidromasaje: 170 X 120 X 58h cm<\/li>\n<li> Bomba de agua de 1,5HP con 8 boquillas<\/li>\n<li> 2 boquillas cromadas grandes<\/li>\n<li> 6 peque\u00f1as boquillas cromadas<\/li>\n<li> Sistema de protecci\u00f3n contra fugas el\u00e9ctricas (disyuntor)<\/li>\n<li> Cascada americana incluida<\/li>\n<li> Circulaci\u00f3n de agua<\/li>\n<li> Ba\u00f1era acr\u00edlica sanitaria blanca de alta calidad con marco de acero<\/li>\n<li> Peso: 130 kg<\/li>\n<li> Equipado con 4 paneles para poder instalar la ba\u00f1era en el centro del ba\u00f1o<\/li>\n<\/ul>\n<p> <strong><span style=\"color: #ff0000;\">GRIFER\u00cdA INCLUIDA EN EL PRECIO<\/span><\/strong><\/p>\n","protected":false},"excerpt":{"rendered":"<p>Ba\u00f1era de hidromasaje 170x120x58H cm con cristal panor\u00e1mico, 2 reposacabezas, 8 boquillas cromadas y mezclador efecto cascada Grifer\u00eda incluida<\/p>\n","protected":false},"featured_media":50188,"comment_status":"open","ping_status":"closed","template":"","meta":[],"product_brand":[9914],"product_cat":[9709,9745],"product_tag":[],"class_list":{"0":"post-81790","1":"product","2":"type-product","3":"status-publish","4":"has-post-thumbnail","6":"product_brand-simba-es","7":"product_cat-banera-de-hidromasaje","8":"product_cat-piscinas-de-hidromasaje","10":"first","11":"instock","12":"sale","13":"taxable","14":"shipping-taxable","15":"purchasable","16":"product-type-simple"},"exclude_global_add_ons":[],"addons":[],"yoast_head":"<!-- This site is optimized with the Yoast SEO plugin v26.7 - https:\/\/yoast.com\/wordpress\/plugins\/seo\/ -->\n<title>Ba\u00f1era hidromasaje 170x120 relax rectangular para dos personas ducha multifuncional VS101<\/title>\n<meta name=\"description\" content=\"Ba\u00f1era de hidromasaje 170x120x58H cm con cristal panor\u00e1mico, 2 reposacabezas, 8 boquillas cromadas y mezclador efecto cascada Grifer\u00eda incluida\" \/>\n<meta name=\"robots\" content=\"index, follow, max-snippet:-1, max-image-preview:large, max-video-preview:-1\" \/>\n<link rel=\"canonical\" href=\"https:\/\/www.bagnoitalia.com\/es\/producto\/banera-hidromasaje-rectangular-relax-170x120-para-dos-personas-vs101.html\" \/>\n<meta property=\"og:locale\" content=\"es_ES\" \/>\n<meta property=\"og:type\" content=\"article\" \/>\n<meta property=\"og:title\" content=\"Ba\u00f1era hidromasaje 170x120 relax rectangular para dos personas ducha multifuncional VS101\" \/>\n<meta property=\"og:description\" content=\"Ba\u00f1era de hidromasaje 170x120x58H cm con cristal panor\u00e1mico, 2 reposacabezas, 8 boquillas cromadas y mezclador efecto cascada Grifer\u00eda incluida\" \/>\n<meta property=\"og:url\" content=\"https:\/\/www.bagnoitalia.com\/es\/producto\/banera-hidromasaje-rectangular-relax-170x120-para-dos-personas-vs101.html\" \/>\n<meta property=\"og:site_name\" content=\"Bagno Italia\" \/>\n<meta property=\"og:image\" content=\"https:\/\/img.bagnoitalia.com\/wp-content\/uploads\/virtuemart\/product\/V4S-0002_1.jpg\" \/>\n\t<meta property=\"og:image:width\" content=\"399\" \/>\n\t<meta property=\"og:image:height\" content=\"400\" \/>\n\t<meta property=\"og:image:type\" content=\"image\/jpeg\" \/>\n<meta name=\"twitter:card\" content=\"summary_large_image\" \/>\n<script type=\"application\/ld+json\" class=\"yoast-schema-graph\">{\"@context\":\"https:\/\/schema.org\",\"@graph\":[{\"@type\":\"WebPage\",\"@id\":\"https:\/\/www.bagnoitalia.com\/es\/producto\/banera-hidromasaje-rectangular-relax-170x120-para-dos-personas-vs101.html\",\"url\":\"https:\/\/www.bagnoitalia.com\/es\/producto\/banera-hidromasaje-rectangular-relax-170x120-para-dos-personas-vs101.html\",\"name\":\"Ba\u00f1era hidromasaje 170x120 relax rectangular para dos personas ducha multifuncional VS101\",\"isPartOf\":{\"@id\":\"https:\/\/www.bagnoitalia.com\/es#website\"},\"primaryImageOfPage\":{\"@id\":\"https:\/\/www.bagnoitalia.com\/es\/producto\/banera-hidromasaje-rectangular-relax-170x120-para-dos-personas-vs101.html#primaryimage\"},\"image\":{\"@id\":\"https:\/\/www.bagnoitalia.com\/es\/producto\/banera-hidromasaje-rectangular-relax-170x120-para-dos-personas-vs101.html#primaryimage\"},\"thumbnailUrl\":\"https:\/\/img.bagnoitalia.com\/wp-content\/uploads\/virtuemart\/product\/V4S-0002_1.jpg\",\"datePublished\":\"2022-03-30T05:47:46+00:00\",\"description\":\"Ba\u00f1era de hidromasaje 170x120x58H cm con cristal panor\u00e1mico, 2 reposacabezas, 8 boquillas cromadas y mezclador efecto cascada Grifer\u00eda incluida\",\"breadcrumb\":{\"@id\":\"https:\/\/www.bagnoitalia.com\/es\/producto\/banera-hidromasaje-rectangular-relax-170x120-para-dos-personas-vs101.html#breadcrumb\"},\"inLanguage\":\"es\",\"potentialAction\":[{\"@type\":\"ReadAction\",\"target\":[\"https:\/\/www.bagnoitalia.com\/es\/producto\/banera-hidromasaje-rectangular-relax-170x120-para-dos-personas-vs101.html\"]}]},{\"@type\":\"ImageObject\",\"inLanguage\":\"es\",\"@id\":\"https:\/\/www.bagnoitalia.com\/es\/producto\/banera-hidromasaje-rectangular-relax-170x120-para-dos-personas-vs101.html#primaryimage\",\"url\":\"https:\/\/img.bagnoitalia.com\/wp-content\/uploads\/virtuemart\/product\/V4S-0002_1.jpg\",\"contentUrl\":\"https:\/\/img.bagnoitalia.com\/wp-content\/uploads\/virtuemart\/product\/V4S-0002_1.jpg\",\"width\":399,\"height\":400},{\"@type\":\"BreadcrumbList\",\"@id\":\"https:\/\/www.bagnoitalia.com\/es\/producto\/banera-hidromasaje-rectangular-relax-170x120-para-dos-personas-vs101.html#breadcrumb\",\"itemListElement\":[{\"@type\":\"ListItem\",\"position\":1,\"name\":\"Home\",\"item\":\"https:\/\/www.bagnoitalia.com\/es\"},{\"@type\":\"ListItem\",\"position\":2,\"name\":\"Productos\",\"item\":\"https:\/\/www.bagnoitalia.com\/es\/shop\"},{\"@type\":\"ListItem\",\"position\":3,\"name\":\"Ba\u00f1era hidromasaje rectangular relax 170&#215;120 para dos personas VS101\"}]},{\"@type\":\"WebSite\",\"@id\":\"https:\/\/www.bagnoitalia.com\/es#website\",\"url\":\"https:\/\/www.bagnoitalia.com\/es\",\"name\":\"Bagno Italia\",\"description\":\"\",\"publisher\":{\"@id\":\"https:\/\/www.bagnoitalia.com\/es#organization\"},\"potentialAction\":[{\"@type\":\"SearchAction\",\"target\":{\"@type\":\"EntryPoint\",\"urlTemplate\":\"https:\/\/www.bagnoitalia.com\/es?s={search_term_string}\"},\"query-input\":{\"@type\":\"PropertyValueSpecification\",\"valueRequired\":true,\"valueName\":\"search_term_string\"}}],\"inLanguage\":\"es\"},{\"@type\":\"Organization\",\"@id\":\"https:\/\/www.bagnoitalia.com\/es#organization\",\"name\":\"Bagno Italia\",\"url\":\"https:\/\/www.bagnoitalia.com\/es\",\"logo\":{\"@type\":\"ImageObject\",\"inLanguage\":\"es\",\"@id\":\"https:\/\/www.bagnoitalia.com\/es#\/schema\/logo\/image\/\",\"url\":\"https:\/\/img.bagnoitalia.com\/wp-content\/uploads\/logo-bagnoitalia.webp\",\"contentUrl\":\"https:\/\/img.bagnoitalia.com\/wp-content\/uploads\/logo-bagnoitalia.webp\",\"width\":400,\"height\":70,\"caption\":\"Bagno Italia\"},\"image\":{\"@id\":\"https:\/\/www.bagnoitalia.com\/es#\/schema\/logo\/image\/\"}}]}<\/script>\n<!-- \/ Yoast SEO plugin. -->","yoast_head_json":{"title":"Ba\u00f1era hidromasaje 170x120 relax rectangular para dos personas ducha multifuncional VS101","description":"Ba\u00f1era de hidromasaje 170x120x58H cm con cristal panor\u00e1mico, 2 reposacabezas, 8 boquillas cromadas y mezclador efecto cascada Grifer\u00eda incluida","robots":{"index":"index","follow":"follow","max-snippet":"max-snippet:-1","max-image-preview":"max-image-preview:large","max-video-preview":"max-video-preview:-1"},"canonical":"https:\/\/www.bagnoitalia.com\/es\/producto\/banera-hidromasaje-rectangular-relax-170x120-para-dos-personas-vs101.html","og_locale":"es_ES","og_type":"article","og_title":"Ba\u00f1era hidromasaje 170x120 relax rectangular para dos personas ducha multifuncional VS101","og_description":"Ba\u00f1era de hidromasaje 170x120x58H cm con cristal panor\u00e1mico, 2 reposacabezas, 8 boquillas cromadas y mezclador efecto cascada Grifer\u00eda incluida","og_url":"https:\/\/www.bagnoitalia.com\/es\/producto\/banera-hidromasaje-rectangular-relax-170x120-para-dos-personas-vs101.html","og_site_name":"Bagno Italia","og_image":[{"width":399,"height":400,"url":"https:\/\/img.bagnoitalia.com\/wp-content\/uploads\/virtuemart\/product\/V4S-0002_1.jpg","type":"image\/jpeg"}],"twitter_card":"summary_large_image","schema":{"@context":"https:\/\/schema.org","@graph":[{"@type":"WebPage","@id":"https:\/\/www.bagnoitalia.com\/es\/producto\/banera-hidromasaje-rectangular-relax-170x120-para-dos-personas-vs101.html","url":"https:\/\/www.bagnoitalia.com\/es\/producto\/banera-hidromasaje-rectangular-relax-170x120-para-dos-personas-vs101.html","name":"Ba\u00f1era hidromasaje 170x120 relax rectangular para dos personas ducha multifuncional VS101","isPartOf":{"@id":"https:\/\/www.bagnoitalia.com\/es#website"},"primaryImageOfPage":{"@id":"https:\/\/www.bagnoitalia.com\/es\/producto\/banera-hidromasaje-rectangular-relax-170x120-para-dos-personas-vs101.html#primaryimage"},"image":{"@id":"https:\/\/www.bagnoitalia.com\/es\/producto\/banera-hidromasaje-rectangular-relax-170x120-para-dos-personas-vs101.html#primaryimage"},"thumbnailUrl":"https:\/\/img.bagnoitalia.com\/wp-content\/uploads\/virtuemart\/product\/V4S-0002_1.jpg","datePublished":"2022-03-30T05:47:46+00:00","description":"Ba\u00f1era de hidromasaje 170x120x58H cm con cristal panor\u00e1mico, 2 reposacabezas, 8 boquillas cromadas y mezclador efecto cascada Grifer\u00eda incluida","breadcrumb":{"@id":"https:\/\/www.bagnoitalia.com\/es\/producto\/banera-hidromasaje-rectangular-relax-170x120-para-dos-personas-vs101.html#breadcrumb"},"inLanguage":"es","potentialAction":[{"@type":"ReadAction","target":["https:\/\/www.bagnoitalia.com\/es\/producto\/banera-hidromasaje-rectangular-relax-170x120-para-dos-personas-vs101.html"]}]},{"@type":"ImageObject","inLanguage":"es","@id":"https:\/\/www.bagnoitalia.com\/es\/producto\/banera-hidromasaje-rectangular-relax-170x120-para-dos-personas-vs101.html#primaryimage","url":"https:\/\/img.bagnoitalia.com\/wp-content\/uploads\/virtuemart\/product\/V4S-0002_1.jpg","contentUrl":"https:\/\/img.bagnoitalia.com\/wp-content\/uploads\/virtuemart\/product\/V4S-0002_1.jpg","width":399,"height":400},{"@type":"BreadcrumbList","@id":"https:\/\/www.bagnoitalia.com\/es\/producto\/banera-hidromasaje-rectangular-relax-170x120-para-dos-personas-vs101.html#breadcrumb","itemListElement":[{"@type":"ListItem","position":1,"name":"Home","item":"https:\/\/www.bagnoitalia.com\/es"},{"@type":"ListItem","position":2,"name":"Productos","item":"https:\/\/www.bagnoitalia.com\/es\/shop"},{"@type":"ListItem","position":3,"name":"Ba\u00f1era hidromasaje rectangular relax 170&#215;120 para dos personas VS101"}]},{"@type":"WebSite","@id":"https:\/\/www.bagnoitalia.com\/es#website","url":"https:\/\/www.bagnoitalia.com\/es","name":"Bagno Italia","description":"","publisher":{"@id":"https:\/\/www.bagnoitalia.com\/es#organization"},"potentialAction":[{"@type":"SearchAction","target":{"@type":"EntryPoint","urlTemplate":"https:\/\/www.bagnoitalia.com\/es?s={search_term_string}"},"query-input":{"@type":"PropertyValueSpecification","valueRequired":true,"valueName":"search_term_string"}}],"inLanguage":"es"},{"@type":"Organization","@id":"https:\/\/www.bagnoitalia.com\/es#organization","name":"Bagno Italia","url":"https:\/\/www.bagnoitalia.com\/es","logo":{"@type":"ImageObject","inLanguage":"es","@id":"https:\/\/www.bagnoitalia.com\/es#\/schema\/logo\/image\/","url":"https:\/\/img.bagnoitalia.com\/wp-content\/uploads\/logo-bagnoitalia.webp","contentUrl":"https:\/\/img.bagnoitalia.com\/wp-content\/uploads\/logo-bagnoitalia.webp","width":400,"height":70,"caption":"Bagno Italia"},"image":{"@id":"https:\/\/www.bagnoitalia.com\/es#\/schema\/logo\/image\/"}}]}},"_links":{"self":[{"href":"https:\/\/www.bagnoitalia.com\/es\/wp-json\/wp\/v2\/product\/81790","targetHints":{"allow":["GET"]}}],"collection":[{"href":"https:\/\/www.bagnoitalia.com\/es\/wp-json\/wp\/v2\/product"}],"about":[{"href":"https:\/\/www.bagnoitalia.com\/es\/wp-json\/wp\/v2\/types\/product"}],"replies":[{"embeddable":true,"href":"https:\/\/www.bagnoitalia.com\/es\/wp-json\/wp\/v2\/comments?post=81790"}],"version-history":[{"count":0,"href":"https:\/\/www.bagnoitalia.com\/es\/wp-json\/wp\/v2\/product\/81790\/revisions"}],"wp:featuredmedia":[{"embeddable":true,"href":"https:\/\/www.bagnoitalia.com\/es\/wp-json\/wp\/v2\/media\/50188"}],"wp:attachment":[{"href":"https:\/\/www.bagnoitalia.com\/es\/wp-json\/wp\/v2\/media?parent=81790"}],"wp:term":[{"taxonomy":"product_brand","embeddable":true,"href":"https:\/\/www.bagnoitalia.com\/es\/wp-json\/wp\/v2\/product_brand?post=81790"},{"taxonomy":"product_cat","embeddable":true,"href":"https:\/\/www.bagnoitalia.com\/es\/wp-json\/wp\/v2\/product_cat?post=81790"},{"taxonomy":"product_tag","embeddable":true,"href":"https:\/\/www.bagnoitalia.com\/es\/wp-json\/wp\/v2\/product_tag?post=81790"}],"curies":[{"name":"wp","href":"https:\/\/api.w.org\/{rel}","templated":true}]}}