{"id":81742,"date":"2022-03-30T07:47:46","date_gmt":"2022-03-30T05:47:46","guid":{"rendered":"https:\/\/www.bagnoitalia.com\/product\/minipiscina-hidromasaje-autohinchable-185x185-cm-spa-relax-6-plazas-132-jets-mg12"},"modified":"2025-08-07T16:31:09","modified_gmt":"2025-08-07T14:31:09","slug":"minipiscina-hidromasaje-autohinchable-185x185-cm-spa-relax-6-plazas-132-jets-mg12","status":"publish","type":"product","link":"https:\/\/www.bagnoitalia.com\/es\/producto\/minipiscina-hidromasaje-autohinchable-185x185-cm-spa-relax-6-plazas-132-jets-mg12.html","title":{"rendered":"Minipiscina hidromasaje autohinchable 185&#215;185 cm spa relax 6 plazas 132 jets MG12"},"content":{"rendered":"<p><strong><span style=\"font-size: 14pt;\"><span style=\"text-decoration: underline;\">MINI PISCINA AUTOINFLABLE CUADRADA MG12<\/span><br \/>\n<\/span><\/strong><\/p>\n<p>ATENCI\u00d3N: desde el men\u00fa desplegable es posible combinar una <a href=\"struttura-in-simil-rattan-per-minipiscine-gonfiabili-mspa-rotonda-o-quadrata-con-gradini.html\">estructura tipo rat\u00e1n para<\/a> instalar alrededor de la minipiscina. El kit consta de <strong>7 armarios<\/strong> , 4 de los cuales con puertas y 3 abiertos (abiertos, sin puertas) y est\u00e1 disponible:<\/p>\n<p>&#8211; con solo 1 paso<\/p>\n<p>&#8211; con pelda\u00f1o doble, es decir, compuesto por 1 pelda\u00f1o simple y 2 pelda\u00f1os superpuestos (para un total de 3 piezas)<\/p>\n<p><span style=\"text-decoration: underline;\"><span style=\"font-size: 14pt;\"><strong>DETALLES DE PRODUCTO:<br \/>\n<\/strong><\/span><\/span><\/p>\n<p>Dimensiones exteriores: 185&#215;185 cm<\/p>\n<p>Medidas internas: 145&#215;145 cm<\/p>\n<p>Altura: 68cm<\/p>\n<p>Se infla a trav\u00e9s del motor interno.<\/p>\n<p>132 chorros de aire a 3 niveles de velocidad de flujo<\/p>\n<p>Mando a distancia t\u00e1ctil resistente al agua con sistema LCD<\/p>\n<p>Apto para 6 personas<\/p>\n<p>C\u00e1mara de aire<\/p>\n<p>colch\u00f3n flotante<\/p>\n<p>Adaptador de tubo de escape<\/p>\n<p>Ozonoterapia<\/p>\n<p>Regulaci\u00f3n de temperatura (m\u00e1x. 40 \u00b0C)<\/p>\n<p>Calefactor (consumo m\u00e1ximo 1500W): permite aumentar la temperatura 1,5-2 \u00b0C\/hora<\/p>\n<p>Sistema de filtro de agua de 12V\/60W (2 filtros incluidos con el producto)<\/p>\n<p>Capacidad m\u00e1xima: 930 litros<\/p>\n<p>Potencia: 220-240 voltios<\/p>\n<p>Bomba de aire de 720W<\/p>\n<p>Material de PVC reforzado de 6 capas Rhino-TechTM Premium<\/p>\n<p>Funda de PVC reforzado, cierre de cremallera<\/p>\n<p>Sistema anticongelante<\/p>\n<p>Certificaciones: CE, ISO9001-2008<\/p>\n","protected":false},"excerpt":{"rendered":"<p>Minipiscina autohinchable con 132 chorros de aire, ozonoterapia. Accesorios incluidos: funda t\u00e9rmica, colch\u00f3n flotante, 2 filtros, vejiga hinchable, mando a distancia.<\/p>\n","protected":false},"featured_media":49668,"comment_status":"open","ping_status":"closed","template":"","meta":[],"product_brand":[9881],"product_cat":[9777],"product_tag":[],"class_list":{"0":"post-81742","1":"product","2":"type-product","3":"status-publish","4":"has-post-thumbnail","6":"product_brand-vari-produttori-es","7":"product_cat-baneras-de-hidromasaje-inflables","9":"first","10":"instock","11":"sale","12":"taxable","13":"shipping-taxable","14":"purchasable","15":"product-type-simple"},"exclude_global_add_ons":false,"addons":[{"name":"Tipolog\u00eda","type":"multiple_choice","position":0,"required":true,"title_format":"heading","default":"","description_enable":false,"description":"","placeholder_enable":false,"placeholder":"","display":"select","restrictions_type":"any_text","adjust_price":false,"price":"","price_type":"flat_fee","restrictions":false,"min":"0","max":"0","options":[{"label":"sin estructura de rat\u00e1n","price":"","price_type":"quantity_based","image":0,"visibility":true},{"label":"con estructura de rat\u00e1n (1 escal\u00f3n)","price":"1799","price_type":"quantity_based","image":0,"visibility":true},{"label":"(No disponible) con estructura de rat\u00e1n (doble escal\u00f3n)","price":"1999","price_type":"quantity_based","image":0,"visibility":true}],"id":1716562474}],"yoast_head":"<!-- This site is optimized with the Yoast SEO plugin v26.7 - https:\/\/yoast.com\/wordpress\/plugins\/seo\/ -->\n<title>Minipiscina hidromasaje autohinchable 185x185 cm spa relax 6 plazas 132 jets MG12<\/title>\n<meta name=\"description\" content=\"Minipiscina autohinchable con 132 chorros de aire, ozonoterapia. Accesorios incluidos: funda t\u00e9rmica, colch\u00f3n flotante, 2 filtros, vejiga hinchable, mando a distancia.\" \/>\n<meta name=\"robots\" content=\"index, follow, max-snippet:-1, max-image-preview:large, max-video-preview:-1\" \/>\n<link rel=\"canonical\" href=\"https:\/\/www.bagnoitalia.com\/es\/producto\/minipiscina-hidromasaje-autohinchable-185x185-cm-spa-relax-6-plazas-132-jets-mg12.html\" \/>\n<meta property=\"og:locale\" content=\"es_ES\" \/>\n<meta property=\"og:type\" content=\"article\" \/>\n<meta property=\"og:title\" content=\"Minipiscina hidromasaje autohinchable 185x185 cm spa relax 6 plazas 132 jets MG12\" \/>\n<meta property=\"og:description\" content=\"Minipiscina autohinchable con 132 chorros de aire, ozonoterapia. Accesorios incluidos: funda t\u00e9rmica, colch\u00f3n flotante, 2 filtros, vejiga hinchable, mando a distancia.\" \/>\n<meta property=\"og:url\" content=\"https:\/\/www.bagnoitalia.com\/es\/producto\/minipiscina-hidromasaje-autohinchable-185x185-cm-spa-relax-6-plazas-132-jets-mg12.html\" \/>\n<meta property=\"og:site_name\" content=\"Bagno Italia\" \/>\n<meta property=\"article:modified_time\" content=\"2025-08-07T14:31:09+00:00\" \/>\n<meta property=\"og:image\" content=\"https:\/\/img.bagnoitalia.com\/wp-content\/uploads\/virtuemart\/product\/mpg-0007_1.jpg\" \/>\n\t<meta property=\"og:image:width\" content=\"550\" \/>\n\t<meta property=\"og:image:height\" content=\"550\" \/>\n\t<meta property=\"og:image:type\" content=\"image\/jpeg\" \/>\n<meta name=\"twitter:card\" content=\"summary_large_image\" \/>\n<meta name=\"twitter:label1\" content=\"Tiempo de lectura\" \/>\n\t<meta name=\"twitter:data1\" content=\"2 minutos\" \/>\n<script type=\"application\/ld+json\" class=\"yoast-schema-graph\">{\"@context\":\"https:\/\/schema.org\",\"@graph\":[{\"@type\":\"WebPage\",\"@id\":\"https:\/\/www.bagnoitalia.com\/es\/producto\/minipiscina-hidromasaje-autohinchable-185x185-cm-spa-relax-6-plazas-132-jets-mg12.html\",\"url\":\"https:\/\/www.bagnoitalia.com\/es\/producto\/minipiscina-hidromasaje-autohinchable-185x185-cm-spa-relax-6-plazas-132-jets-mg12.html\",\"name\":\"Minipiscina hidromasaje autohinchable 185x185 cm spa relax 6 plazas 132 jets MG12\",\"isPartOf\":{\"@id\":\"https:\/\/www.bagnoitalia.com\/es#website\"},\"primaryImageOfPage\":{\"@id\":\"https:\/\/www.bagnoitalia.com\/es\/producto\/minipiscina-hidromasaje-autohinchable-185x185-cm-spa-relax-6-plazas-132-jets-mg12.html#primaryimage\"},\"image\":{\"@id\":\"https:\/\/www.bagnoitalia.com\/es\/producto\/minipiscina-hidromasaje-autohinchable-185x185-cm-spa-relax-6-plazas-132-jets-mg12.html#primaryimage\"},\"thumbnailUrl\":\"https:\/\/img.bagnoitalia.com\/wp-content\/uploads\/virtuemart\/product\/mpg-0007_1.jpg\",\"datePublished\":\"2022-03-30T05:47:46+00:00\",\"dateModified\":\"2025-08-07T14:31:09+00:00\",\"description\":\"Minipiscina autohinchable con 132 chorros de aire, ozonoterapia. Accesorios incluidos: funda t\u00e9rmica, colch\u00f3n flotante, 2 filtros, vejiga hinchable, mando a distancia.\",\"breadcrumb\":{\"@id\":\"https:\/\/www.bagnoitalia.com\/es\/producto\/minipiscina-hidromasaje-autohinchable-185x185-cm-spa-relax-6-plazas-132-jets-mg12.html#breadcrumb\"},\"inLanguage\":\"es\",\"potentialAction\":[{\"@type\":\"ReadAction\",\"target\":[\"https:\/\/www.bagnoitalia.com\/es\/producto\/minipiscina-hidromasaje-autohinchable-185x185-cm-spa-relax-6-plazas-132-jets-mg12.html\"]}]},{\"@type\":\"ImageObject\",\"inLanguage\":\"es\",\"@id\":\"https:\/\/www.bagnoitalia.com\/es\/producto\/minipiscina-hidromasaje-autohinchable-185x185-cm-spa-relax-6-plazas-132-jets-mg12.html#primaryimage\",\"url\":\"https:\/\/img.bagnoitalia.com\/wp-content\/uploads\/virtuemart\/product\/mpg-0007_1.jpg\",\"contentUrl\":\"https:\/\/img.bagnoitalia.com\/wp-content\/uploads\/virtuemart\/product\/mpg-0007_1.jpg\",\"width\":550,\"height\":550},{\"@type\":\"BreadcrumbList\",\"@id\":\"https:\/\/www.bagnoitalia.com\/es\/producto\/minipiscina-hidromasaje-autohinchable-185x185-cm-spa-relax-6-plazas-132-jets-mg12.html#breadcrumb\",\"itemListElement\":[{\"@type\":\"ListItem\",\"position\":1,\"name\":\"Home\",\"item\":\"https:\/\/www.bagnoitalia.com\/es\"},{\"@type\":\"ListItem\",\"position\":2,\"name\":\"Productos\",\"item\":\"https:\/\/www.bagnoitalia.com\/es\/shop\"},{\"@type\":\"ListItem\",\"position\":3,\"name\":\"Minipiscina hidromasaje autohinchable 185&#215;185 cm spa relax 6 plazas 132 jets MG12\"}]},{\"@type\":\"WebSite\",\"@id\":\"https:\/\/www.bagnoitalia.com\/es#website\",\"url\":\"https:\/\/www.bagnoitalia.com\/es\",\"name\":\"Bagno Italia\",\"description\":\"\",\"publisher\":{\"@id\":\"https:\/\/www.bagnoitalia.com\/es#organization\"},\"potentialAction\":[{\"@type\":\"SearchAction\",\"target\":{\"@type\":\"EntryPoint\",\"urlTemplate\":\"https:\/\/www.bagnoitalia.com\/es?s={search_term_string}\"},\"query-input\":{\"@type\":\"PropertyValueSpecification\",\"valueRequired\":true,\"valueName\":\"search_term_string\"}}],\"inLanguage\":\"es\"},{\"@type\":\"Organization\",\"@id\":\"https:\/\/www.bagnoitalia.com\/es#organization\",\"name\":\"Bagno Italia\",\"url\":\"https:\/\/www.bagnoitalia.com\/es\",\"logo\":{\"@type\":\"ImageObject\",\"inLanguage\":\"es\",\"@id\":\"https:\/\/www.bagnoitalia.com\/es#\/schema\/logo\/image\/\",\"url\":\"https:\/\/img.bagnoitalia.com\/wp-content\/uploads\/logo-bagnoitalia.webp\",\"contentUrl\":\"https:\/\/img.bagnoitalia.com\/wp-content\/uploads\/logo-bagnoitalia.webp\",\"width\":400,\"height\":70,\"caption\":\"Bagno Italia\"},\"image\":{\"@id\":\"https:\/\/www.bagnoitalia.com\/es#\/schema\/logo\/image\/\"}}]}<\/script>\n<!-- \/ Yoast SEO plugin. -->","yoast_head_json":{"title":"Minipiscina hidromasaje autohinchable 185x185 cm spa relax 6 plazas 132 jets MG12","description":"Minipiscina autohinchable con 132 chorros de aire, ozonoterapia. Accesorios incluidos: funda t\u00e9rmica, colch\u00f3n flotante, 2 filtros, vejiga hinchable, mando a distancia.","robots":{"index":"index","follow":"follow","max-snippet":"max-snippet:-1","max-image-preview":"max-image-preview:large","max-video-preview":"max-video-preview:-1"},"canonical":"https:\/\/www.bagnoitalia.com\/es\/producto\/minipiscina-hidromasaje-autohinchable-185x185-cm-spa-relax-6-plazas-132-jets-mg12.html","og_locale":"es_ES","og_type":"article","og_title":"Minipiscina hidromasaje autohinchable 185x185 cm spa relax 6 plazas 132 jets MG12","og_description":"Minipiscina autohinchable con 132 chorros de aire, ozonoterapia. Accesorios incluidos: funda t\u00e9rmica, colch\u00f3n flotante, 2 filtros, vejiga hinchable, mando a distancia.","og_url":"https:\/\/www.bagnoitalia.com\/es\/producto\/minipiscina-hidromasaje-autohinchable-185x185-cm-spa-relax-6-plazas-132-jets-mg12.html","og_site_name":"Bagno Italia","article_modified_time":"2025-08-07T14:31:09+00:00","og_image":[{"width":550,"height":550,"url":"https:\/\/img.bagnoitalia.com\/wp-content\/uploads\/virtuemart\/product\/mpg-0007_1.jpg","type":"image\/jpeg"}],"twitter_card":"summary_large_image","twitter_misc":{"Tiempo de lectura":"2 minutos"},"schema":{"@context":"https:\/\/schema.org","@graph":[{"@type":"WebPage","@id":"https:\/\/www.bagnoitalia.com\/es\/producto\/minipiscina-hidromasaje-autohinchable-185x185-cm-spa-relax-6-plazas-132-jets-mg12.html","url":"https:\/\/www.bagnoitalia.com\/es\/producto\/minipiscina-hidromasaje-autohinchable-185x185-cm-spa-relax-6-plazas-132-jets-mg12.html","name":"Minipiscina hidromasaje autohinchable 185x185 cm spa relax 6 plazas 132 jets MG12","isPartOf":{"@id":"https:\/\/www.bagnoitalia.com\/es#website"},"primaryImageOfPage":{"@id":"https:\/\/www.bagnoitalia.com\/es\/producto\/minipiscina-hidromasaje-autohinchable-185x185-cm-spa-relax-6-plazas-132-jets-mg12.html#primaryimage"},"image":{"@id":"https:\/\/www.bagnoitalia.com\/es\/producto\/minipiscina-hidromasaje-autohinchable-185x185-cm-spa-relax-6-plazas-132-jets-mg12.html#primaryimage"},"thumbnailUrl":"https:\/\/img.bagnoitalia.com\/wp-content\/uploads\/virtuemart\/product\/mpg-0007_1.jpg","datePublished":"2022-03-30T05:47:46+00:00","dateModified":"2025-08-07T14:31:09+00:00","description":"Minipiscina autohinchable con 132 chorros de aire, ozonoterapia. Accesorios incluidos: funda t\u00e9rmica, colch\u00f3n flotante, 2 filtros, vejiga hinchable, mando a distancia.","breadcrumb":{"@id":"https:\/\/www.bagnoitalia.com\/es\/producto\/minipiscina-hidromasaje-autohinchable-185x185-cm-spa-relax-6-plazas-132-jets-mg12.html#breadcrumb"},"inLanguage":"es","potentialAction":[{"@type":"ReadAction","target":["https:\/\/www.bagnoitalia.com\/es\/producto\/minipiscina-hidromasaje-autohinchable-185x185-cm-spa-relax-6-plazas-132-jets-mg12.html"]}]},{"@type":"ImageObject","inLanguage":"es","@id":"https:\/\/www.bagnoitalia.com\/es\/producto\/minipiscina-hidromasaje-autohinchable-185x185-cm-spa-relax-6-plazas-132-jets-mg12.html#primaryimage","url":"https:\/\/img.bagnoitalia.com\/wp-content\/uploads\/virtuemart\/product\/mpg-0007_1.jpg","contentUrl":"https:\/\/img.bagnoitalia.com\/wp-content\/uploads\/virtuemart\/product\/mpg-0007_1.jpg","width":550,"height":550},{"@type":"BreadcrumbList","@id":"https:\/\/www.bagnoitalia.com\/es\/producto\/minipiscina-hidromasaje-autohinchable-185x185-cm-spa-relax-6-plazas-132-jets-mg12.html#breadcrumb","itemListElement":[{"@type":"ListItem","position":1,"name":"Home","item":"https:\/\/www.bagnoitalia.com\/es"},{"@type":"ListItem","position":2,"name":"Productos","item":"https:\/\/www.bagnoitalia.com\/es\/shop"},{"@type":"ListItem","position":3,"name":"Minipiscina hidromasaje autohinchable 185&#215;185 cm spa relax 6 plazas 132 jets MG12"}]},{"@type":"WebSite","@id":"https:\/\/www.bagnoitalia.com\/es#website","url":"https:\/\/www.bagnoitalia.com\/es","name":"Bagno Italia","description":"","publisher":{"@id":"https:\/\/www.bagnoitalia.com\/es#organization"},"potentialAction":[{"@type":"SearchAction","target":{"@type":"EntryPoint","urlTemplate":"https:\/\/www.bagnoitalia.com\/es?s={search_term_string}"},"query-input":{"@type":"PropertyValueSpecification","valueRequired":true,"valueName":"search_term_string"}}],"inLanguage":"es"},{"@type":"Organization","@id":"https:\/\/www.bagnoitalia.com\/es#organization","name":"Bagno Italia","url":"https:\/\/www.bagnoitalia.com\/es","logo":{"@type":"ImageObject","inLanguage":"es","@id":"https:\/\/www.bagnoitalia.com\/es#\/schema\/logo\/image\/","url":"https:\/\/img.bagnoitalia.com\/wp-content\/uploads\/logo-bagnoitalia.webp","contentUrl":"https:\/\/img.bagnoitalia.com\/wp-content\/uploads\/logo-bagnoitalia.webp","width":400,"height":70,"caption":"Bagno Italia"},"image":{"@id":"https:\/\/www.bagnoitalia.com\/es#\/schema\/logo\/image\/"}}]}},"_links":{"self":[{"href":"https:\/\/www.bagnoitalia.com\/es\/wp-json\/wp\/v2\/product\/81742","targetHints":{"allow":["GET"]}}],"collection":[{"href":"https:\/\/www.bagnoitalia.com\/es\/wp-json\/wp\/v2\/product"}],"about":[{"href":"https:\/\/www.bagnoitalia.com\/es\/wp-json\/wp\/v2\/types\/product"}],"replies":[{"embeddable":true,"href":"https:\/\/www.bagnoitalia.com\/es\/wp-json\/wp\/v2\/comments?post=81742"}],"version-history":[{"count":1,"href":"https:\/\/www.bagnoitalia.com\/es\/wp-json\/wp\/v2\/product\/81742\/revisions"}],"predecessor-version":[{"id":88164,"href":"https:\/\/www.bagnoitalia.com\/es\/wp-json\/wp\/v2\/product\/81742\/revisions\/88164"}],"wp:featuredmedia":[{"embeddable":true,"href":"https:\/\/www.bagnoitalia.com\/es\/wp-json\/wp\/v2\/media\/49668"}],"wp:attachment":[{"href":"https:\/\/www.bagnoitalia.com\/es\/wp-json\/wp\/v2\/media?parent=81742"}],"wp:term":[{"taxonomy":"product_brand","embeddable":true,"href":"https:\/\/www.bagnoitalia.com\/es\/wp-json\/wp\/v2\/product_brand?post=81742"},{"taxonomy":"product_cat","embeddable":true,"href":"https:\/\/www.bagnoitalia.com\/es\/wp-json\/wp\/v2\/product_cat?post=81742"},{"taxonomy":"product_tag","embeddable":true,"href":"https:\/\/www.bagnoitalia.com\/es\/wp-json\/wp\/v2\/product_tag?post=81742"}],"curies":[{"name":"wp","href":"https:\/\/api.w.org\/{rel}","templated":true}]}}