{"id":81581,"date":"2022-02-09T13:31:43","date_gmt":"2022-02-09T12:31:43","guid":{"rendered":"https:\/\/www.bagnoitalia.com\/product\/round-spa-whirlpool-193-cm-with-external-motor-6-seats-ozone-therapy-mp21-2"},"modified":"2026-03-24T09:39:25","modified_gmt":"2026-03-24T08:39:25","slug":"round-spa-whirlpool-193-cm-with-external-motor-6-seats-ozone-therapy-mp21-2","status":"publish","type":"product","link":"https:\/\/www.bagnoitalia.com\/es\/producto\/round-spa-whirlpool-193-cm-with-external-motor-6-seats-ozone-therapy-mp21-2.html","title":{"rendered":"Spa redondo hidromasaje 193 cm con motor externo 6 plazas ozonoterapia MP21"},"content":{"rendered":"<p style=\"text-align: center;\"><span style=\"text-decoration: underline; color: #ff0000; font-size: 18pt;\"><strong>SPA DE HIDROMASAJE CON MOTOR EXTERNO MP21<\/strong><\/span><\/p>\n<p>&nbsp;<\/p>\n<p><span style=\"text-decoration: underline;\"><strong>DETALLES DEL PRODUCTO:<\/strong><\/span><\/p>\n<p>Spa redondo 193xH73 cm (di\u00e1metro interior 173 cm) para 6 personas con 138 jets (1200 litros max)<\/p>\n<p>Motor externo<\/p>\n<p>Chorros de aire con 3 velocidades de flujo ajustables (consumo m\u00e1x. 720W)<\/p>\n<p>Panel de mandos<\/p>\n<p>Ozonoterapia 5.5W (salida: 30-50mg\/Hr)<\/p>\n<p>Control de temperatura<\/p>\n<p>Calentador (consumo m\u00e1ximo 1500W)<\/p>\n<p>Sistema de filtraci\u00f3n de agua 12V\/60W (2 filtros incluidos con el producto)<\/p>\n<p>Alimentaci\u00f3n: 220-240 voltios<\/p>\n<p>Bomba de aire de 720W<\/p>\n<p>Material Rhino-TechTM Premium PVC reforzado de 6 capas<\/p>\n<p>Revestimiento pl\u00e1stico similar a la madera en color plata metalizado<\/p>\n<p>Revestimiento para mantener la temperatura<\/p>\n<p>Alfombra de espuma<\/p>\n<p>Adaptador para manguera de escape<\/p>\n<p>Certificaciones: CE, ISO9001-2008<\/p>\n<p>&nbsp;<\/p>\n<p>NB: el spa tambi\u00e9n est\u00e1 disponible en la versi\u00f3n SMART VERSION, que incluye conexi\u00f3n WI-FI y BLUETOOTH; puede adquirir esta versi\u00f3n seleccion\u00e1ndola en el men\u00fa superior.<\/p>\n","protected":false},"excerpt":{"rendered":"<p>Ba\u00f1era de hidromasaje con 138 chorros de hidromasaje de aire; equipada con motor externo, generador de ozono, calentador, cubierta.<\/p>\n","protected":false},"featured_media":47567,"comment_status":"open","ping_status":"closed","template":"","meta":[],"product_brand":[9926],"product_cat":[10071,9777],"product_tag":[],"class_list":{"0":"post-81581","1":"product","2":"type-product","3":"status-publish","4":"has-post-thumbnail","6":"product_brand-predator-arredo-casa-es","7":"product_cat-piscinas-de-hidromasaje-al-aire-libre","8":"product_cat-baneras-de-hidromasaje-inflables","10":"first","11":"instock","12":"sale","13":"taxable","14":"shipping-taxable","15":"purchasable","16":"product-type-simple"},"exclude_global_add_ons":false,"addons":[{"name":"Tipolog\u00eda","type":"multiple_choice","position":0,"required":true,"title_format":"heading","default":"","description_enable":false,"description":"","placeholder_enable":false,"placeholder":"","display":"select","restrictions_type":"any_text","adjust_price":false,"price":"","price_type":"flat_fee","restrictions":false,"min":"0","max":"0","options":[{"label":"versi\u00f3n est\u00e1ndar","price":"","price_type":"quantity_based","image":0,"visibility":true},{"label":"Versi\u00f3n Smart (con wifi y bluetooth)","price":"40","price_type":"quantity_based","image":0,"visibility":true}],"id":1716464461}],"yoast_head":"<!-- This site is optimized with the Yoast SEO plugin v26.7 - https:\/\/yoast.com\/wordpress\/plugins\/seo\/ -->\n<title>Spa redondo hidromasaje 193 cm con motor externo 6 plazas ozonoterapia MP21<\/title>\n<meta name=\"description\" content=\"Ba\u00f1era de hidromasaje con 138 chorros de hidromasaje de aire; equipada con motor externo, generador de ozono, calentador, cubierta.\" \/>\n<meta name=\"robots\" content=\"index, follow, max-snippet:-1, max-image-preview:large, max-video-preview:-1\" \/>\n<link rel=\"canonical\" href=\"https:\/\/www.bagnoitalia.com\/es\/producto\/round-spa-whirlpool-193-cm-with-external-motor-6-seats-ozone-therapy-mp21-2.html\" \/>\n<meta property=\"og:locale\" content=\"es_ES\" \/>\n<meta property=\"og:type\" content=\"article\" \/>\n<meta property=\"og:title\" content=\"Spa redondo hidromasaje 193 cm con motor externo 6 plazas ozonoterapia MP21\" \/>\n<meta property=\"og:description\" content=\"Ba\u00f1era de hidromasaje con 138 chorros de hidromasaje de aire; equipada con motor externo, generador de ozono, calentador, cubierta.\" \/>\n<meta property=\"og:url\" content=\"https:\/\/www.bagnoitalia.com\/es\/producto\/round-spa-whirlpool-193-cm-with-external-motor-6-seats-ozone-therapy-mp21-2.html\" \/>\n<meta property=\"og:site_name\" content=\"Bagno Italia\" \/>\n<meta property=\"article:modified_time\" content=\"2026-03-24T08:39:25+00:00\" \/>\n<meta property=\"og:image\" content=\"https:\/\/img.bagnoitalia.com\/wp-content\/uploads\/virtuemart\/product\/mini-hydromassage-spa-relax-motor-exterior.jpg\" \/>\n\t<meta property=\"og:image:width\" content=\"550\" \/>\n\t<meta property=\"og:image:height\" content=\"550\" \/>\n\t<meta property=\"og:image:type\" content=\"image\/jpeg\" \/>\n<meta name=\"twitter:card\" content=\"summary_large_image\" \/>\n<meta name=\"twitter:label1\" content=\"Tiempo de lectura\" \/>\n\t<meta name=\"twitter:data1\" content=\"1 minuto\" \/>\n<script type=\"application\/ld+json\" class=\"yoast-schema-graph\">{\"@context\":\"https:\/\/schema.org\",\"@graph\":[{\"@type\":\"WebPage\",\"@id\":\"https:\/\/www.bagnoitalia.com\/es\/producto\/round-spa-whirlpool-193-cm-with-external-motor-6-seats-ozone-therapy-mp21-2.html\",\"url\":\"https:\/\/www.bagnoitalia.com\/es\/producto\/round-spa-whirlpool-193-cm-with-external-motor-6-seats-ozone-therapy-mp21-2.html\",\"name\":\"Spa redondo hidromasaje 193 cm con motor externo 6 plazas ozonoterapia MP21\",\"isPartOf\":{\"@id\":\"https:\/\/www.bagnoitalia.com\/es#website\"},\"primaryImageOfPage\":{\"@id\":\"https:\/\/www.bagnoitalia.com\/es\/producto\/round-spa-whirlpool-193-cm-with-external-motor-6-seats-ozone-therapy-mp21-2.html#primaryimage\"},\"image\":{\"@id\":\"https:\/\/www.bagnoitalia.com\/es\/producto\/round-spa-whirlpool-193-cm-with-external-motor-6-seats-ozone-therapy-mp21-2.html#primaryimage\"},\"thumbnailUrl\":\"https:\/\/img.bagnoitalia.com\/wp-content\/uploads\/virtuemart\/product\/mini-hydromassage-spa-relax-motor-exterior.jpg\",\"datePublished\":\"2022-02-09T12:31:43+00:00\",\"dateModified\":\"2026-03-24T08:39:25+00:00\",\"description\":\"Ba\u00f1era de hidromasaje con 138 chorros de hidromasaje de aire; equipada con motor externo, generador de ozono, calentador, cubierta.\",\"breadcrumb\":{\"@id\":\"https:\/\/www.bagnoitalia.com\/es\/producto\/round-spa-whirlpool-193-cm-with-external-motor-6-seats-ozone-therapy-mp21-2.html#breadcrumb\"},\"inLanguage\":\"es\",\"potentialAction\":[{\"@type\":\"ReadAction\",\"target\":[\"https:\/\/www.bagnoitalia.com\/es\/producto\/round-spa-whirlpool-193-cm-with-external-motor-6-seats-ozone-therapy-mp21-2.html\"]}]},{\"@type\":\"ImageObject\",\"inLanguage\":\"es\",\"@id\":\"https:\/\/www.bagnoitalia.com\/es\/producto\/round-spa-whirlpool-193-cm-with-external-motor-6-seats-ozone-therapy-mp21-2.html#primaryimage\",\"url\":\"https:\/\/img.bagnoitalia.com\/wp-content\/uploads\/virtuemart\/product\/mini-hydromassage-spa-relax-motor-exterior.jpg\",\"contentUrl\":\"https:\/\/img.bagnoitalia.com\/wp-content\/uploads\/virtuemart\/product\/mini-hydromassage-spa-relax-motor-exterior.jpg\",\"width\":550,\"height\":550},{\"@type\":\"BreadcrumbList\",\"@id\":\"https:\/\/www.bagnoitalia.com\/es\/producto\/round-spa-whirlpool-193-cm-with-external-motor-6-seats-ozone-therapy-mp21-2.html#breadcrumb\",\"itemListElement\":[{\"@type\":\"ListItem\",\"position\":1,\"name\":\"Home\",\"item\":\"https:\/\/www.bagnoitalia.com\/es\"},{\"@type\":\"ListItem\",\"position\":2,\"name\":\"Productos\",\"item\":\"https:\/\/www.bagnoitalia.com\/es\/shop\"},{\"@type\":\"ListItem\",\"position\":3,\"name\":\"Spa redondo hidromasaje 193 cm con motor externo 6 plazas ozonoterapia MP21\"}]},{\"@type\":\"WebSite\",\"@id\":\"https:\/\/www.bagnoitalia.com\/es#website\",\"url\":\"https:\/\/www.bagnoitalia.com\/es\",\"name\":\"Bagno Italia\",\"description\":\"\",\"publisher\":{\"@id\":\"https:\/\/www.bagnoitalia.com\/es#organization\"},\"potentialAction\":[{\"@type\":\"SearchAction\",\"target\":{\"@type\":\"EntryPoint\",\"urlTemplate\":\"https:\/\/www.bagnoitalia.com\/es?s={search_term_string}\"},\"query-input\":{\"@type\":\"PropertyValueSpecification\",\"valueRequired\":true,\"valueName\":\"search_term_string\"}}],\"inLanguage\":\"es\"},{\"@type\":\"Organization\",\"@id\":\"https:\/\/www.bagnoitalia.com\/es#organization\",\"name\":\"Bagno Italia\",\"url\":\"https:\/\/www.bagnoitalia.com\/es\",\"logo\":{\"@type\":\"ImageObject\",\"inLanguage\":\"es\",\"@id\":\"https:\/\/www.bagnoitalia.com\/es#\/schema\/logo\/image\/\",\"url\":\"https:\/\/img.bagnoitalia.com\/wp-content\/uploads\/logo-bagnoitalia.webp\",\"contentUrl\":\"https:\/\/img.bagnoitalia.com\/wp-content\/uploads\/logo-bagnoitalia.webp\",\"width\":400,\"height\":70,\"caption\":\"Bagno Italia\"},\"image\":{\"@id\":\"https:\/\/www.bagnoitalia.com\/es#\/schema\/logo\/image\/\"}}]}<\/script>\n<!-- \/ Yoast SEO plugin. -->","yoast_head_json":{"title":"Spa redondo hidromasaje 193 cm con motor externo 6 plazas ozonoterapia MP21","description":"Ba\u00f1era de hidromasaje con 138 chorros de hidromasaje de aire; equipada con motor externo, generador de ozono, calentador, cubierta.","robots":{"index":"index","follow":"follow","max-snippet":"max-snippet:-1","max-image-preview":"max-image-preview:large","max-video-preview":"max-video-preview:-1"},"canonical":"https:\/\/www.bagnoitalia.com\/es\/producto\/round-spa-whirlpool-193-cm-with-external-motor-6-seats-ozone-therapy-mp21-2.html","og_locale":"es_ES","og_type":"article","og_title":"Spa redondo hidromasaje 193 cm con motor externo 6 plazas ozonoterapia MP21","og_description":"Ba\u00f1era de hidromasaje con 138 chorros de hidromasaje de aire; equipada con motor externo, generador de ozono, calentador, cubierta.","og_url":"https:\/\/www.bagnoitalia.com\/es\/producto\/round-spa-whirlpool-193-cm-with-external-motor-6-seats-ozone-therapy-mp21-2.html","og_site_name":"Bagno Italia","article_modified_time":"2026-03-24T08:39:25+00:00","og_image":[{"width":550,"height":550,"url":"https:\/\/img.bagnoitalia.com\/wp-content\/uploads\/virtuemart\/product\/mini-hydromassage-spa-relax-motor-exterior.jpg","type":"image\/jpeg"}],"twitter_card":"summary_large_image","twitter_misc":{"Tiempo de lectura":"1 minuto"},"schema":{"@context":"https:\/\/schema.org","@graph":[{"@type":"WebPage","@id":"https:\/\/www.bagnoitalia.com\/es\/producto\/round-spa-whirlpool-193-cm-with-external-motor-6-seats-ozone-therapy-mp21-2.html","url":"https:\/\/www.bagnoitalia.com\/es\/producto\/round-spa-whirlpool-193-cm-with-external-motor-6-seats-ozone-therapy-mp21-2.html","name":"Spa redondo hidromasaje 193 cm con motor externo 6 plazas ozonoterapia MP21","isPartOf":{"@id":"https:\/\/www.bagnoitalia.com\/es#website"},"primaryImageOfPage":{"@id":"https:\/\/www.bagnoitalia.com\/es\/producto\/round-spa-whirlpool-193-cm-with-external-motor-6-seats-ozone-therapy-mp21-2.html#primaryimage"},"image":{"@id":"https:\/\/www.bagnoitalia.com\/es\/producto\/round-spa-whirlpool-193-cm-with-external-motor-6-seats-ozone-therapy-mp21-2.html#primaryimage"},"thumbnailUrl":"https:\/\/img.bagnoitalia.com\/wp-content\/uploads\/virtuemart\/product\/mini-hydromassage-spa-relax-motor-exterior.jpg","datePublished":"2022-02-09T12:31:43+00:00","dateModified":"2026-03-24T08:39:25+00:00","description":"Ba\u00f1era de hidromasaje con 138 chorros de hidromasaje de aire; equipada con motor externo, generador de ozono, calentador, cubierta.","breadcrumb":{"@id":"https:\/\/www.bagnoitalia.com\/es\/producto\/round-spa-whirlpool-193-cm-with-external-motor-6-seats-ozone-therapy-mp21-2.html#breadcrumb"},"inLanguage":"es","potentialAction":[{"@type":"ReadAction","target":["https:\/\/www.bagnoitalia.com\/es\/producto\/round-spa-whirlpool-193-cm-with-external-motor-6-seats-ozone-therapy-mp21-2.html"]}]},{"@type":"ImageObject","inLanguage":"es","@id":"https:\/\/www.bagnoitalia.com\/es\/producto\/round-spa-whirlpool-193-cm-with-external-motor-6-seats-ozone-therapy-mp21-2.html#primaryimage","url":"https:\/\/img.bagnoitalia.com\/wp-content\/uploads\/virtuemart\/product\/mini-hydromassage-spa-relax-motor-exterior.jpg","contentUrl":"https:\/\/img.bagnoitalia.com\/wp-content\/uploads\/virtuemart\/product\/mini-hydromassage-spa-relax-motor-exterior.jpg","width":550,"height":550},{"@type":"BreadcrumbList","@id":"https:\/\/www.bagnoitalia.com\/es\/producto\/round-spa-whirlpool-193-cm-with-external-motor-6-seats-ozone-therapy-mp21-2.html#breadcrumb","itemListElement":[{"@type":"ListItem","position":1,"name":"Home","item":"https:\/\/www.bagnoitalia.com\/es"},{"@type":"ListItem","position":2,"name":"Productos","item":"https:\/\/www.bagnoitalia.com\/es\/shop"},{"@type":"ListItem","position":3,"name":"Spa redondo hidromasaje 193 cm con motor externo 6 plazas ozonoterapia MP21"}]},{"@type":"WebSite","@id":"https:\/\/www.bagnoitalia.com\/es#website","url":"https:\/\/www.bagnoitalia.com\/es","name":"Bagno Italia","description":"","publisher":{"@id":"https:\/\/www.bagnoitalia.com\/es#organization"},"potentialAction":[{"@type":"SearchAction","target":{"@type":"EntryPoint","urlTemplate":"https:\/\/www.bagnoitalia.com\/es?s={search_term_string}"},"query-input":{"@type":"PropertyValueSpecification","valueRequired":true,"valueName":"search_term_string"}}],"inLanguage":"es"},{"@type":"Organization","@id":"https:\/\/www.bagnoitalia.com\/es#organization","name":"Bagno Italia","url":"https:\/\/www.bagnoitalia.com\/es","logo":{"@type":"ImageObject","inLanguage":"es","@id":"https:\/\/www.bagnoitalia.com\/es#\/schema\/logo\/image\/","url":"https:\/\/img.bagnoitalia.com\/wp-content\/uploads\/logo-bagnoitalia.webp","contentUrl":"https:\/\/img.bagnoitalia.com\/wp-content\/uploads\/logo-bagnoitalia.webp","width":400,"height":70,"caption":"Bagno Italia"},"image":{"@id":"https:\/\/www.bagnoitalia.com\/es#\/schema\/logo\/image\/"}}]}},"_links":{"self":[{"href":"https:\/\/www.bagnoitalia.com\/es\/wp-json\/wp\/v2\/product\/81581","targetHints":{"allow":["GET"]}}],"collection":[{"href":"https:\/\/www.bagnoitalia.com\/es\/wp-json\/wp\/v2\/product"}],"about":[{"href":"https:\/\/www.bagnoitalia.com\/es\/wp-json\/wp\/v2\/types\/product"}],"replies":[{"embeddable":true,"href":"https:\/\/www.bagnoitalia.com\/es\/wp-json\/wp\/v2\/comments?post=81581"}],"version-history":[{"count":1,"href":"https:\/\/www.bagnoitalia.com\/es\/wp-json\/wp\/v2\/product\/81581\/revisions"}],"predecessor-version":[{"id":87742,"href":"https:\/\/www.bagnoitalia.com\/es\/wp-json\/wp\/v2\/product\/81581\/revisions\/87742"}],"wp:featuredmedia":[{"embeddable":true,"href":"https:\/\/www.bagnoitalia.com\/es\/wp-json\/wp\/v2\/media\/47567"}],"wp:attachment":[{"href":"https:\/\/www.bagnoitalia.com\/es\/wp-json\/wp\/v2\/media?parent=81581"}],"wp:term":[{"taxonomy":"product_brand","embeddable":true,"href":"https:\/\/www.bagnoitalia.com\/es\/wp-json\/wp\/v2\/product_brand?post=81581"},{"taxonomy":"product_cat","embeddable":true,"href":"https:\/\/www.bagnoitalia.com\/es\/wp-json\/wp\/v2\/product_cat?post=81581"},{"taxonomy":"product_tag","embeddable":true,"href":"https:\/\/www.bagnoitalia.com\/es\/wp-json\/wp\/v2\/product_tag?post=81581"}],"curies":[{"name":"wp","href":"https:\/\/api.w.org\/{rel}","templated":true}]}}