{"id":81480,"date":"2020-01-30T11:11:21","date_gmt":"2020-01-30T10:11:21","guid":{"rendered":"https:\/\/www.bagnoitalia.com\/product\/bathroom-cabinet-85-90-or-100-cm-glossy-white-matt-gray-light-oak-dark-oak-mirror-included-giusy3-model-2"},"modified":"2025-12-18T10:21:24","modified_gmt":"2025-12-18T09:21:24","slug":"bathroom-cabinet-85-90-or-100-cm-glossy-white-matt-gray-light-oak-dark-oak-mirror-included-giusy3-model-2","status":"publish","type":"product","link":"https:\/\/www.bagnoitalia.com\/es\/producto\/bathroom-cabinet-85-90-or-100-cm-glossy-white-matt-gray-light-oak-dark-oak-mirror-included-giusy3-model-2.html","title":{"rendered":"Mueble de ba\u00f1o Giusy3 85 90 o 100 cm en 9 colores moderno suspendido con espejo y lavabo"},"content":{"rendered":"<p><strong><span dir=\"auto\">MUEBLES DE BA\u00d1O GIUSY3<\/span><\/strong><\/p>\n<p>&nbsp;<\/p>\n<p><span dir=\"auto\">Muebles de ba\u00f1o modernos suspendidos disponibles en los siguientes tama\u00f1os (seleccione en el men\u00fa de arriba):<\/span><\/p>\n<p>&nbsp;<\/p>\n<p><span dir=\"auto\">\u2013 Mueble de 90 cm\u00a0<\/span><strong><span dir=\"auto\">,\u00a0<\/span><\/strong><span dir=\"auto\">2 cajones<\/span><span dir=\"auto\">\u00a0con\u00a0<\/span><strong><span dir=\"auto\">espejo<\/span><\/strong><span dir=\"auto\">\u00a0de 70\u00d790 cm<\/span><\/p>\n<p><span dir=\"auto\">\u2013 Mueble de 100 cm\u00a0<\/span><strong><span dir=\"auto\">,\u00a0<\/span><\/strong><span dir=\"auto\">2 cajones<\/span>\u00a0<span dir=\"auto\">con\u00a0<\/span><strong><span dir=\"auto\">espejo de<\/span><\/strong><span dir=\"auto\">\u00a070\u00d7100 cm<\/span><\/p>\n<p><span dir=\"auto\">\u2013 Mueble de 85 cm\u00a0<\/span><strong><span dir=\"auto\">,\u00a0<\/span><\/strong><span dir=\"auto\">2 cajones + 1 puerta (con\u00a0<\/span><strong><span dir=\"auto\">lavabo a derecha o izquierda<\/span><\/strong><span dir=\"auto\">\u00a0)<\/span>\u00a0<span dir=\"auto\">con\u00a0<\/span><strong><span dir=\"auto\">espejo de<\/span><\/strong><span dir=\"auto\">\u00a070\u00d790 cm<\/span><\/p>\n<p>&nbsp;<\/p>\n<p><span dir=\"auto\">La\u00a0<\/span><strong><span dir=\"auto\">profundidad<\/span><\/strong><span dir=\"auto\">\u00a0del armario es de 46 cm.<\/span><\/p>\n<p><span dir=\"auto\">La altura es\u00a0<\/span><strong><span dir=\"auto\">de 54cm.<\/span><\/strong><\/p>\n<p><span dir=\"auto\">Lavabo de cer\u00e1mica (91, 101 o 86,5 cm) con orificio para grifer\u00eda y rebosadero<\/span><\/p>\n<p><span dir=\"auto\">Mueble sin tiradores, la apertura se facilita mediante una ranura<\/span><\/p>\n<p><span dir=\"auto\">Bisagras con sistema soft-close (cierre amortiguado)<\/span><\/p>\n<p><span dir=\"auto\">Espejo rectangular reversible incluido<\/span><\/p>\n<p><span dir=\"auto\">9 colores disponibles: negro satinado, blanco brillante, blanco satinado, roble atlas, nogal maya, roble \u00e1frica, verde satinado, azul satinado, rojo satinado<\/span><\/p>\n<p>&nbsp;<\/p>\n<p><span dir=\"auto\">NB: LA GRIFER\u00cdA, EL DESAG\u00dcE Y LA APLICACI\u00d3N DE PARED NO EST\u00c1N INCLUIDOS EN EL PRECIO<\/span><\/p>\n<p><span dir=\"auto\">Puedes a\u00f1adir una luz de pared y\/o columna a juego seleccion\u00e1ndolas en el men\u00fa desplegable de arriba.<\/span><\/p>\n<p>&nbsp;<\/p>\n<p>&nbsp;<\/p>\n<p>&nbsp;<\/p>\n<p>&nbsp;<\/p>\n","protected":false},"excerpt":{"rendered":"<div class=\"woocommerce-product-details__short-description\">\n<p><span dir=\"auto\">Mueble de ba\u00f1o moderno de pared, disponible en versiones de 90 y 100 cm con dos cajones, o en 85 cm con dos cajones y una puerta. Colores disponibles: negro satinado, blanco brillante, blanco satinado, roble Atlas, nogal maya, roble africano, verde satinado, azul satinado y rojo satinado. Incluye espejo y lavabo de cer\u00e1mica.<\/span><\/p>\n<\/div>\n<div class=\"woocommerce-product-rating\">\n<div class=\"star-rating\" role=\"img\" aria-label=\"Calificado con 5.00 de 5\"><\/div>\n<\/div>\n","protected":false},"featured_media":115302,"comment_status":"open","ping_status":"closed","template":"","meta":[],"product_brand":[9884],"product_cat":[10117],"product_tag":[],"class_list":{"0":"post-81480","1":"product","2":"type-product","3":"status-publish","4":"has-post-thumbnail","6":"product_brand-deghi-es","7":"product_cat-senza-categoria-es","9":"first","10":"outofstock","11":"taxable","12":"shipping-taxable","13":"purchasable","14":"product-type-simple"},"exclude_global_add_ons":false,"addons":[{"name":"Tipo","type":"multiple_choice","position":0,"required":false,"title_format":"label","default":"","description_enable":false,"description":"","placeholder_enable":false,"placeholder":"","display":"select","restrictions_type":"any_text","adjust_price":false,"price":"","price_type":"flat_fee","restrictions":false,"min":"0","max":"0","options":[{"label":"90cm negro satinado","price":"","price_type":"flat_fee","image":0,"visibility":true},{"label":"90cm blanco brillante","price":"","price_type":"flat_fee","image":0,"visibility":true},{"label":"90cm blanco satinado","price":"","price_type":"flat_fee","image":0,"visibility":true},{"label":"90cm roble Atlas","price":"","price_type":"flat_fee","image":0,"visibility":true},{"label":"90cm nogal Maya","price":"","price_type":"flat_fee","image":0,"visibility":true},{"label":"90cm roble Africa","price":"","price_type":"flat_fee","image":0,"visibility":true},{"label":"90cm verde satinado","price":"","price_type":"flat_fee","image":0,"visibility":true},{"label":"90cm azul satinado","price":"","price_type":"flat_fee","image":0,"visibility":true},{"label":"90cm rojo satinado","price":"","price_type":"flat_fee","image":0,"visibility":true},{"label":"100cm Negro satinado","price":"40","price_type":"flat_fee","image":0,"visibility":true},{"label":"100cm blanco brillante","price":"40","price_type":"flat_fee","image":0,"visibility":true},{"label":"100cm blanco satinado","price":"40","price_type":"flat_fee","image":0,"visibility":true},{"label":"100cm roble Atlas","price":"40","price_type":"flat_fee","image":0,"visibility":true},{"label":"100cm nogal Maya","price":"40","price_type":"flat_fee","image":0,"visibility":true},{"label":"100cm roble Africa","price":"40","price_type":"flat_fee","image":0,"visibility":true},{"label":"100cm verde satinado","price":"40","price_type":"flat_fee","image":0,"visibility":true},{"label":"100cm azul satinado","price":"40","price_type":"flat_fee","image":0,"visibility":true},{"label":"100cm rojo satinado","price":"40","price_type":"flat_fee","image":0,"visibility":true},{"label":"85cm Lavabo a la derecha - Negro satinado","price":"30","price_type":"flat_fee","image":0,"visibility":true},{"label":"85cm Lavabo a la derecha - blanco brillante","price":"30","price_type":"flat_fee","image":0,"visibility":true},{"label":"85cm Lavabo a la derecha - blanco satinado","price":"30","price_type":"flat_fee","image":0,"visibility":true},{"label":"85cm Lavabo a la derecha - roble Atlas","price":"30","price_type":"flat_fee","image":0,"visibility":true},{"label":"85cm Lavabo a la derecha - nogal Maya","price":"30","price_type":"flat_fee","image":0,"visibility":true},{"label":"85cm Lavabo a la derecha - roble Africa","price":"30","price_type":"flat_fee","image":0,"visibility":true},{"label":"85cm Lavabo a la derecha - verde satinado","price":"30","price_type":"flat_fee","image":0,"visibility":true},{"label":"85cm Lavabo a la derecha - azul satinado","price":"30","price_type":"flat_fee","image":0,"visibility":true},{"label":"85cm Lavabo a la derecha - rojo satinado","price":"30","price_type":"flat_fee","image":0,"visibility":true},{"label":"85cm Lavabo a la izquierda - Negro satinado","price":"30","price_type":"flat_fee","image":0,"visibility":true},{"label":"85cm Lavabo a la izquierda - blanco brillante","price":"30","price_type":"flat_fee","image":0,"visibility":true},{"label":"85cm Lavabo a la izquierda - blanco satinado","price":"30","price_type":"flat_fee","image":0,"visibility":true},{"label":"85cm Lavabo a la izquierda - roble Atlas","price":"30","price_type":"flat_fee","image":0,"visibility":true},{"label":"85cm Lavabo a la izquierda - nogal maya","price":"30","price_type":"flat_fee","image":0,"visibility":true},{"label":"85cm Lavabo a la izquierda - roble africa","price":"30","price_type":"flat_fee","image":0,"visibility":true},{"label":"85cm Lavabo a la izquierda - verde satinado","price":"30","price_type":"flat_fee","image":0,"visibility":true},{"label":"85cm Lavabo a la izquierda - azul satinado","price":"30","price_type":"flat_fee","image":0,"visibility":true},{"label":"85cm Lavabo a la izquierda - rojo satinado","price":"30","price_type":"flat_fee","image":0,"visibility":true}],"id":1745418076},{"name":"aplique","type":"multiple_choice","position":1,"required":true,"title_format":"heading","default":"","description_enable":false,"description":"","placeholder_enable":false,"placeholder":"","display":"select","restrictions_type":"any_text","adjust_price":false,"price":"","price_type":"flat_fee","restrictions":false,"min":"0","max":"0","options":[{"label":"SIN aplique","price":"","price_type":"quantity_based","image":0,"visibility":true},{"label":"Aplique-led-cromado","price":"20","price_type":"quantity_based","image":0,"visibility":true},{"label":"Aplique-led-negro","price":"25","price_type":"quantity_based","image":0,"visibility":true}],"id":1717601211},{"name":"columna","type":"multiple_choice","position":2,"required":true,"title_format":"heading","default":"","description_enable":false,"description":"","placeholder_enable":false,"placeholder":"","display":"select","restrictions_type":"any_text","adjust_price":false,"price":"","price_type":"flat_fee","restrictions":false,"min":"0","max":"0","options":[{"label":"No","price":"","price_type":"quantity_based","image":0,"visibility":true},{"label":"columna 30xD24,2xH140 cm","price":"309","price_type":"quantity_based","image":0,"visibility":true}],"id":1717601212}],"yoast_head":"<!-- This site is optimized with the Yoast SEO plugin v26.7 - https:\/\/yoast.com\/wordpress\/plugins\/seo\/ -->\n<title>Mueble de cuarto de ba\u00f1o 85 90 o 100 cm blanco brillante gris mate roble claro roble oscuro espejo incluido modelo Giusy3<\/title>\n<meta name=\"description\" content=\"Mueble de ba\u00f1o moderno suspendido, disponible en 90 y 100 cm con 2 cajones, o en 85 cm con 2 cajones y una puerta. Disponible en 4 colores. Espejo y lavabo de cer\u00e1mica incluidos.\" \/>\n<meta name=\"robots\" content=\"index, follow, max-snippet:-1, max-image-preview:large, max-video-preview:-1\" \/>\n<link rel=\"canonical\" href=\"https:\/\/www.bagnoitalia.com\/es\/producto\/bathroom-cabinet-85-90-or-100-cm-glossy-white-matt-gray-light-oak-dark-oak-mirror-included-giusy3-model-2.html\" \/>\n<meta property=\"og:locale\" content=\"es_ES\" \/>\n<meta property=\"og:type\" content=\"article\" \/>\n<meta property=\"og:title\" content=\"Mueble de cuarto de ba\u00f1o 85 90 o 100 cm blanco brillante gris mate roble claro roble oscuro espejo incluido modelo Giusy3\" \/>\n<meta property=\"og:description\" content=\"Mueble de ba\u00f1o moderno suspendido, disponible en 90 y 100 cm con 2 cajones, o en 85 cm con 2 cajones y una puerta. Disponible en 4 colores. Espejo y lavabo de cer\u00e1mica incluidos.\" \/>\n<meta property=\"og:url\" content=\"https:\/\/www.bagnoitalia.com\/es\/producto\/bathroom-cabinet-85-90-or-100-cm-glossy-white-matt-gray-light-oak-dark-oak-mirror-included-giusy3-model-2.html\" \/>\n<meta property=\"og:site_name\" content=\"Bagno Italia\" \/>\n<meta property=\"article:modified_time\" content=\"2025-12-18T09:21:24+00:00\" \/>\n<meta property=\"og:image\" content=\"https:\/\/img.bagnoitalia.com\/wp-content\/uploads\/mobile-bagno-giusy3-sospeso-moderno-85-90-100-colori.jpg\" \/>\n\t<meta property=\"og:image:width\" content=\"1000\" \/>\n\t<meta property=\"og:image:height\" content=\"1000\" \/>\n\t<meta property=\"og:image:type\" content=\"image\/jpeg\" \/>\n<meta name=\"twitter:card\" content=\"summary_large_image\" \/>\n<meta name=\"twitter:label1\" content=\"Tiempo de lectura\" \/>\n\t<meta name=\"twitter:data1\" content=\"1 minuto\" \/>\n<script type=\"application\/ld+json\" class=\"yoast-schema-graph\">{\"@context\":\"https:\/\/schema.org\",\"@graph\":[{\"@type\":\"WebPage\",\"@id\":\"https:\/\/www.bagnoitalia.com\/es\/producto\/bathroom-cabinet-85-90-or-100-cm-glossy-white-matt-gray-light-oak-dark-oak-mirror-included-giusy3-model-2.html\",\"url\":\"https:\/\/www.bagnoitalia.com\/es\/producto\/bathroom-cabinet-85-90-or-100-cm-glossy-white-matt-gray-light-oak-dark-oak-mirror-included-giusy3-model-2.html\",\"name\":\"Mueble de cuarto de ba\u00f1o 85 90 o 100 cm blanco brillante gris mate roble claro roble oscuro espejo incluido modelo Giusy3\",\"isPartOf\":{\"@id\":\"https:\/\/www.bagnoitalia.com\/es#website\"},\"primaryImageOfPage\":{\"@id\":\"https:\/\/www.bagnoitalia.com\/es\/producto\/bathroom-cabinet-85-90-or-100-cm-glossy-white-matt-gray-light-oak-dark-oak-mirror-included-giusy3-model-2.html#primaryimage\"},\"image\":{\"@id\":\"https:\/\/www.bagnoitalia.com\/es\/producto\/bathroom-cabinet-85-90-or-100-cm-glossy-white-matt-gray-light-oak-dark-oak-mirror-included-giusy3-model-2.html#primaryimage\"},\"thumbnailUrl\":\"https:\/\/img.bagnoitalia.com\/wp-content\/uploads\/mobile-bagno-giusy3-sospeso-moderno-85-90-100-colori.jpg\",\"datePublished\":\"2020-01-30T10:11:21+00:00\",\"dateModified\":\"2025-12-18T09:21:24+00:00\",\"description\":\"Mueble de ba\u00f1o moderno suspendido, disponible en 90 y 100 cm con 2 cajones, o en 85 cm con 2 cajones y una puerta. Disponible en 4 colores. Espejo y lavabo de cer\u00e1mica incluidos.\",\"breadcrumb\":{\"@id\":\"https:\/\/www.bagnoitalia.com\/es\/producto\/bathroom-cabinet-85-90-or-100-cm-glossy-white-matt-gray-light-oak-dark-oak-mirror-included-giusy3-model-2.html#breadcrumb\"},\"inLanguage\":\"es\",\"potentialAction\":[{\"@type\":\"ReadAction\",\"target\":[\"https:\/\/www.bagnoitalia.com\/es\/producto\/bathroom-cabinet-85-90-or-100-cm-glossy-white-matt-gray-light-oak-dark-oak-mirror-included-giusy3-model-2.html\"]}]},{\"@type\":\"ImageObject\",\"inLanguage\":\"es\",\"@id\":\"https:\/\/www.bagnoitalia.com\/es\/producto\/bathroom-cabinet-85-90-or-100-cm-glossy-white-matt-gray-light-oak-dark-oak-mirror-included-giusy3-model-2.html#primaryimage\",\"url\":\"https:\/\/img.bagnoitalia.com\/wp-content\/uploads\/mobile-bagno-giusy3-sospeso-moderno-85-90-100-colori.jpg\",\"contentUrl\":\"https:\/\/img.bagnoitalia.com\/wp-content\/uploads\/mobile-bagno-giusy3-sospeso-moderno-85-90-100-colori.jpg\",\"width\":1000,\"height\":1000},{\"@type\":\"BreadcrumbList\",\"@id\":\"https:\/\/www.bagnoitalia.com\/es\/producto\/bathroom-cabinet-85-90-or-100-cm-glossy-white-matt-gray-light-oak-dark-oak-mirror-included-giusy3-model-2.html#breadcrumb\",\"itemListElement\":[{\"@type\":\"ListItem\",\"position\":1,\"name\":\"Home\",\"item\":\"https:\/\/www.bagnoitalia.com\/es\"},{\"@type\":\"ListItem\",\"position\":2,\"name\":\"Productos\",\"item\":\"https:\/\/www.bagnoitalia.com\/es\/shop\"},{\"@type\":\"ListItem\",\"position\":3,\"name\":\"Mueble de ba\u00f1o Giusy3 85 90 o 100 cm en 9 colores moderno suspendido con espejo y lavabo\"}]},{\"@type\":\"WebSite\",\"@id\":\"https:\/\/www.bagnoitalia.com\/es#website\",\"url\":\"https:\/\/www.bagnoitalia.com\/es\",\"name\":\"Bagno Italia\",\"description\":\"\",\"publisher\":{\"@id\":\"https:\/\/www.bagnoitalia.com\/es#organization\"},\"potentialAction\":[{\"@type\":\"SearchAction\",\"target\":{\"@type\":\"EntryPoint\",\"urlTemplate\":\"https:\/\/www.bagnoitalia.com\/es?s={search_term_string}\"},\"query-input\":{\"@type\":\"PropertyValueSpecification\",\"valueRequired\":true,\"valueName\":\"search_term_string\"}}],\"inLanguage\":\"es\"},{\"@type\":\"Organization\",\"@id\":\"https:\/\/www.bagnoitalia.com\/es#organization\",\"name\":\"Bagno Italia\",\"url\":\"https:\/\/www.bagnoitalia.com\/es\",\"logo\":{\"@type\":\"ImageObject\",\"inLanguage\":\"es\",\"@id\":\"https:\/\/www.bagnoitalia.com\/es#\/schema\/logo\/image\/\",\"url\":\"https:\/\/img.bagnoitalia.com\/wp-content\/uploads\/logo-bagnoitalia.webp\",\"contentUrl\":\"https:\/\/img.bagnoitalia.com\/wp-content\/uploads\/logo-bagnoitalia.webp\",\"width\":400,\"height\":70,\"caption\":\"Bagno Italia\"},\"image\":{\"@id\":\"https:\/\/www.bagnoitalia.com\/es#\/schema\/logo\/image\/\"}}]}<\/script>\n<!-- \/ Yoast SEO plugin. -->","yoast_head_json":{"title":"Mueble de cuarto de ba\u00f1o 85 90 o 100 cm blanco brillante gris mate roble claro roble oscuro espejo incluido modelo Giusy3","description":"Mueble de ba\u00f1o moderno suspendido, disponible en 90 y 100 cm con 2 cajones, o en 85 cm con 2 cajones y una puerta. Disponible en 4 colores. Espejo y lavabo de cer\u00e1mica incluidos.","robots":{"index":"index","follow":"follow","max-snippet":"max-snippet:-1","max-image-preview":"max-image-preview:large","max-video-preview":"max-video-preview:-1"},"canonical":"https:\/\/www.bagnoitalia.com\/es\/producto\/bathroom-cabinet-85-90-or-100-cm-glossy-white-matt-gray-light-oak-dark-oak-mirror-included-giusy3-model-2.html","og_locale":"es_ES","og_type":"article","og_title":"Mueble de cuarto de ba\u00f1o 85 90 o 100 cm blanco brillante gris mate roble claro roble oscuro espejo incluido modelo Giusy3","og_description":"Mueble de ba\u00f1o moderno suspendido, disponible en 90 y 100 cm con 2 cajones, o en 85 cm con 2 cajones y una puerta. Disponible en 4 colores. Espejo y lavabo de cer\u00e1mica incluidos.","og_url":"https:\/\/www.bagnoitalia.com\/es\/producto\/bathroom-cabinet-85-90-or-100-cm-glossy-white-matt-gray-light-oak-dark-oak-mirror-included-giusy3-model-2.html","og_site_name":"Bagno Italia","article_modified_time":"2025-12-18T09:21:24+00:00","og_image":[{"width":1000,"height":1000,"url":"https:\/\/img.bagnoitalia.com\/wp-content\/uploads\/mobile-bagno-giusy3-sospeso-moderno-85-90-100-colori.jpg","type":"image\/jpeg"}],"twitter_card":"summary_large_image","twitter_misc":{"Tiempo de lectura":"1 minuto"},"schema":{"@context":"https:\/\/schema.org","@graph":[{"@type":"WebPage","@id":"https:\/\/www.bagnoitalia.com\/es\/producto\/bathroom-cabinet-85-90-or-100-cm-glossy-white-matt-gray-light-oak-dark-oak-mirror-included-giusy3-model-2.html","url":"https:\/\/www.bagnoitalia.com\/es\/producto\/bathroom-cabinet-85-90-or-100-cm-glossy-white-matt-gray-light-oak-dark-oak-mirror-included-giusy3-model-2.html","name":"Mueble de cuarto de ba\u00f1o 85 90 o 100 cm blanco brillante gris mate roble claro roble oscuro espejo incluido modelo Giusy3","isPartOf":{"@id":"https:\/\/www.bagnoitalia.com\/es#website"},"primaryImageOfPage":{"@id":"https:\/\/www.bagnoitalia.com\/es\/producto\/bathroom-cabinet-85-90-or-100-cm-glossy-white-matt-gray-light-oak-dark-oak-mirror-included-giusy3-model-2.html#primaryimage"},"image":{"@id":"https:\/\/www.bagnoitalia.com\/es\/producto\/bathroom-cabinet-85-90-or-100-cm-glossy-white-matt-gray-light-oak-dark-oak-mirror-included-giusy3-model-2.html#primaryimage"},"thumbnailUrl":"https:\/\/img.bagnoitalia.com\/wp-content\/uploads\/mobile-bagno-giusy3-sospeso-moderno-85-90-100-colori.jpg","datePublished":"2020-01-30T10:11:21+00:00","dateModified":"2025-12-18T09:21:24+00:00","description":"Mueble de ba\u00f1o moderno suspendido, disponible en 90 y 100 cm con 2 cajones, o en 85 cm con 2 cajones y una puerta. Disponible en 4 colores. Espejo y lavabo de cer\u00e1mica incluidos.","breadcrumb":{"@id":"https:\/\/www.bagnoitalia.com\/es\/producto\/bathroom-cabinet-85-90-or-100-cm-glossy-white-matt-gray-light-oak-dark-oak-mirror-included-giusy3-model-2.html#breadcrumb"},"inLanguage":"es","potentialAction":[{"@type":"ReadAction","target":["https:\/\/www.bagnoitalia.com\/es\/producto\/bathroom-cabinet-85-90-or-100-cm-glossy-white-matt-gray-light-oak-dark-oak-mirror-included-giusy3-model-2.html"]}]},{"@type":"ImageObject","inLanguage":"es","@id":"https:\/\/www.bagnoitalia.com\/es\/producto\/bathroom-cabinet-85-90-or-100-cm-glossy-white-matt-gray-light-oak-dark-oak-mirror-included-giusy3-model-2.html#primaryimage","url":"https:\/\/img.bagnoitalia.com\/wp-content\/uploads\/mobile-bagno-giusy3-sospeso-moderno-85-90-100-colori.jpg","contentUrl":"https:\/\/img.bagnoitalia.com\/wp-content\/uploads\/mobile-bagno-giusy3-sospeso-moderno-85-90-100-colori.jpg","width":1000,"height":1000},{"@type":"BreadcrumbList","@id":"https:\/\/www.bagnoitalia.com\/es\/producto\/bathroom-cabinet-85-90-or-100-cm-glossy-white-matt-gray-light-oak-dark-oak-mirror-included-giusy3-model-2.html#breadcrumb","itemListElement":[{"@type":"ListItem","position":1,"name":"Home","item":"https:\/\/www.bagnoitalia.com\/es"},{"@type":"ListItem","position":2,"name":"Productos","item":"https:\/\/www.bagnoitalia.com\/es\/shop"},{"@type":"ListItem","position":3,"name":"Mueble de ba\u00f1o Giusy3 85 90 o 100 cm en 9 colores moderno suspendido con espejo y lavabo"}]},{"@type":"WebSite","@id":"https:\/\/www.bagnoitalia.com\/es#website","url":"https:\/\/www.bagnoitalia.com\/es","name":"Bagno Italia","description":"","publisher":{"@id":"https:\/\/www.bagnoitalia.com\/es#organization"},"potentialAction":[{"@type":"SearchAction","target":{"@type":"EntryPoint","urlTemplate":"https:\/\/www.bagnoitalia.com\/es?s={search_term_string}"},"query-input":{"@type":"PropertyValueSpecification","valueRequired":true,"valueName":"search_term_string"}}],"inLanguage":"es"},{"@type":"Organization","@id":"https:\/\/www.bagnoitalia.com\/es#organization","name":"Bagno Italia","url":"https:\/\/www.bagnoitalia.com\/es","logo":{"@type":"ImageObject","inLanguage":"es","@id":"https:\/\/www.bagnoitalia.com\/es#\/schema\/logo\/image\/","url":"https:\/\/img.bagnoitalia.com\/wp-content\/uploads\/logo-bagnoitalia.webp","contentUrl":"https:\/\/img.bagnoitalia.com\/wp-content\/uploads\/logo-bagnoitalia.webp","width":400,"height":70,"caption":"Bagno Italia"},"image":{"@id":"https:\/\/www.bagnoitalia.com\/es#\/schema\/logo\/image\/"}}]}},"_links":{"self":[{"href":"https:\/\/www.bagnoitalia.com\/es\/wp-json\/wp\/v2\/product\/81480","targetHints":{"allow":["GET"]}}],"collection":[{"href":"https:\/\/www.bagnoitalia.com\/es\/wp-json\/wp\/v2\/product"}],"about":[{"href":"https:\/\/www.bagnoitalia.com\/es\/wp-json\/wp\/v2\/types\/product"}],"replies":[{"embeddable":true,"href":"https:\/\/www.bagnoitalia.com\/es\/wp-json\/wp\/v2\/comments?post=81480"}],"version-history":[{"count":5,"href":"https:\/\/www.bagnoitalia.com\/es\/wp-json\/wp\/v2\/product\/81480\/revisions"}],"predecessor-version":[{"id":115429,"href":"https:\/\/www.bagnoitalia.com\/es\/wp-json\/wp\/v2\/product\/81480\/revisions\/115429"}],"wp:featuredmedia":[{"embeddable":true,"href":"https:\/\/www.bagnoitalia.com\/es\/wp-json\/wp\/v2\/media\/115302"}],"wp:attachment":[{"href":"https:\/\/www.bagnoitalia.com\/es\/wp-json\/wp\/v2\/media?parent=81480"}],"wp:term":[{"taxonomy":"product_brand","embeddable":true,"href":"https:\/\/www.bagnoitalia.com\/es\/wp-json\/wp\/v2\/product_brand?post=81480"},{"taxonomy":"product_cat","embeddable":true,"href":"https:\/\/www.bagnoitalia.com\/es\/wp-json\/wp\/v2\/product_cat?post=81480"},{"taxonomy":"product_tag","embeddable":true,"href":"https:\/\/www.bagnoitalia.com\/es\/wp-json\/wp\/v2\/product_tag?post=81480"}],"curies":[{"name":"wp","href":"https:\/\/api.w.org\/{rel}","templated":true}]}}