{"id":81472,"date":"2020-01-30T08:29:45","date_gmt":"2020-01-30T07:29:45","guid":{"rendered":"https:\/\/www.bagnoitalia.com\/product\/bathroom-cabinet-60-70-80-cm-4-colors-2-doors-or-2-drawers-ceramic-sink-and-mirror-giusy-model-2"},"modified":"2025-04-23T12:24:39","modified_gmt":"2025-04-23T10:24:39","slug":"bathroom-cabinet-60-70-80-cm-4-colors-2-doors-or-2-drawers-ceramic-sink-and-mirror-giusy-model-2","status":"publish","type":"product","link":"https:\/\/www.bagnoitalia.com\/es\/producto\/bathroom-cabinet-60-70-80-cm-4-colors-2-doors-or-2-drawers-ceramic-sink-and-mirror-giusy-model-2.html","title":{"rendered":"Mueble de ba\u00f1o Giusy 60 70 80 cm 3 colores 2 puertas o 2 cajones lavabo de cer\u00e1mica y espejo"},"content":{"rendered":"<p>&nbsp;<\/p>\n<p>MUEBLES DE BA\u00d1O GIUSY<\/p>\n<p>&nbsp;<\/p>\n<p>Moderno mueble de ba\u00f1o suspendido disponible en las siguientes medidas (a elegir en el men\u00fa superior)<\/p>\n<p>&nbsp;<\/p>\n<p>&#8211; armario de 60 cm, con espejo de \u00d8 60 cm<\/p>\n<p>&#8211; Armario de 70 cm, con espejo de \u00d8 70 cm<\/p>\n<p>&#8211; Armario de 80 cm, con espejo de \u00d8 80 cm<\/p>\n<p>&nbsp;<\/p>\n<p>&nbsp;<\/p>\n<p>La profundidad de los muebles con puertas es de 45,1 cm, para los muebles con cajones es de 46 cm<\/p>\n<p>La altura del mueble es de 54 cm<\/p>\n<p>Lavabo de cer\u00e1mica, blanco alto brillo, con agujero para grifo y rebosadero<\/p>\n<p>Mueble sin tiradores, la apertura se facilita mediante una ranura<\/p>\n<p>Bisagras con sistema de cierre suave<\/p>\n<p>3 colores disponibles: blanco mate, antracita, azul mate<\/p>\n<p>Posibilidad de combinar un mueble alto del mismo color que el mueble, 30xP24xAl140 cm<\/p>\n<p>&nbsp;<\/p>\n<p>NB: LA GRIFER\u00cdA Y EL DESAG\u00dcE NO EST\u00c1N INCLUIDOS EN EL PRECIO<\/p>\n<p>Nota: el color \u00abolmo\u00bb ya no est\u00e1 disponible, est\u00e1 fuera de producci\u00f3n.<\/p>\n<p>&nbsp;<\/p>\n<p>&nbsp;<\/p>\n<p>&nbsp;<\/p>\n<p>&nbsp;<\/p>\n<p>&nbsp;<\/p>\n<p>&nbsp;<\/p>\n<p>&nbsp;<\/p>\n<p>&nbsp;<\/p>\n<p>&nbsp;<\/p>\n<p>DA6<br \/>\nDE6<br \/>\nDA7<br \/>\nDE7<br \/>\nDA8<br \/>\nDE8<br \/>\nDEDAL<\/p>\n<p>&nbsp;<\/p>\n<p>&nbsp;<\/p>\n","protected":false},"excerpt":{"rendered":"<p>Mueble de ba\u00f1o suspendido moderno, disponible en 3 tama\u00f1os, con 2 puertas o 2 cajones, en blanco, azul o antracita. Lavabo de cer\u00e1mica. Espejo incluido en el precio.<\/p>\n","protected":false},"featured_media":107058,"comment_status":"open","ping_status":"closed","template":"","meta":[],"product_brand":[9884],"product_cat":[10117],"product_tag":[],"class_list":{"0":"post-81472","1":"product","2":"type-product","3":"status-publish","4":"has-post-thumbnail","6":"product_brand-deghi-es","7":"product_cat-senza-categoria-es","9":"first","10":"outofstock","11":"taxable","12":"shipping-taxable","13":"purchasable","14":"product-type-simple"},"exclude_global_add_ons":false,"addons":[{"name":"Tipo","type":"multiple_choice","position":0,"required":false,"title_format":"label","default":"","description_enable":false,"description":"","placeholder_enable":false,"placeholder":"","display":"select","restrictions_type":"any_text","adjust_price":false,"price":"","price_type":"flat_fee","restrictions":false,"min":"0","max":"0","options":[{"label":"Puertas 60cm Blanco","price":"","price_type":"flat_fee","image":0,"visibility":true},{"label":"Puertas 60cm Antracita","price":"","price_type":"flat_fee","image":0,"visibility":true},{"label":"60cm Cajones Blanco","price":"60","price_type":"flat_fee","image":0,"visibility":true},{"label":"60cm Cajones Antracita","price":"60","price_type":"flat_fee","image":0,"visibility":true},{"label":"60cm Cajones Azul","price":"60","price_type":"flat_fee","image":0,"visibility":true},{"label":"70cm Cajones Blanco","price":"110","price_type":"flat_fee","image":0,"visibility":true},{"label":"70cm Cajones Azul","price":"110","price_type":"flat_fee","image":0,"visibility":true},{"label":"80cm Puertas Blanco","price":"70","price_type":"flat_fee","image":0,"visibility":true},{"label":"Puertas 80cm Azul","price":"70","price_type":"flat_fee","image":0,"visibility":true},{"label":"80cm Cajones Blanco","price":"140","price_type":"flat_fee","image":0,"visibility":true},{"label":"Cajones 80cm Antracita","price":"140","price_type":"flat_fee","image":0,"visibility":true},{"label":"80cm Cajones Azul","price":"140","price_type":"flat_fee","image":0,"visibility":true}],"id":1745404273},{"name":"columna","type":"multiple_choice","position":1,"required":true,"title_format":"heading","default":"","description_enable":false,"description":"","placeholder_enable":false,"placeholder":"","display":"select","restrictions_type":"any_text","adjust_price":false,"price":"","price_type":"flat_fee","restrictions":false,"min":"0","max":"0","options":[{"label":"NO","price":"","price_type":"quantity_based","image":0,"visibility":true},{"label":"Columna blanca 30x24xH140 cm","price":"309","price_type":"quantity_based","image":0,"visibility":true},{"label":"Columna azul 30x24xH140 cm","price":"309","price_type":"flat_fee","image":0,"visibility":true},{"label":"(No disponible) columna Antracita 30x24xH140 cm","price":"309","price_type":"flat_fee","image":0,"visibility":true}],"id":1718290166}],"yoast_head":"<!-- This site is optimized with the Yoast SEO plugin v26.7 - https:\/\/yoast.com\/wordpress\/plugins\/seo\/ -->\n<title>Mueble de ba\u00f1o Giusy 60 70 80 cm 4 colores 2 puertas o 2 cajones lavabo de cer\u00e1mica y espejo<\/title>\n<meta name=\"description\" content=\"Mueble de ba\u00f1o moderno suspendido, disponible en 3 tama\u00f1os, con 2 puertas o 2 cajones, en blanco, olmo, azul o gris. Lavabo de cer\u00e1mica. Espejo incluido en el precio.\" \/>\n<meta name=\"robots\" content=\"index, follow, max-snippet:-1, max-image-preview:large, max-video-preview:-1\" \/>\n<link rel=\"canonical\" href=\"https:\/\/www.bagnoitalia.com\/es\/producto\/bathroom-cabinet-60-70-80-cm-4-colors-2-doors-or-2-drawers-ceramic-sink-and-mirror-giusy-model-2.html\" \/>\n<meta property=\"og:locale\" content=\"es_ES\" \/>\n<meta property=\"og:type\" content=\"article\" \/>\n<meta property=\"og:title\" content=\"Mueble de ba\u00f1o Giusy 60 70 80 cm 4 colores 2 puertas o 2 cajones lavabo de cer\u00e1mica y espejo\" \/>\n<meta property=\"og:description\" content=\"Mueble de ba\u00f1o moderno suspendido, disponible en 3 tama\u00f1os, con 2 puertas o 2 cajones, en blanco, olmo, azul o gris. Lavabo de cer\u00e1mica. Espejo incluido en el precio.\" \/>\n<meta property=\"og:url\" content=\"https:\/\/www.bagnoitalia.com\/es\/producto\/bathroom-cabinet-60-70-80-cm-4-colors-2-doors-or-2-drawers-ceramic-sink-and-mirror-giusy-model-2.html\" \/>\n<meta property=\"og:site_name\" content=\"Bagno Italia\" \/>\n<meta property=\"article:modified_time\" content=\"2025-04-23T10:24:39+00:00\" \/>\n<meta property=\"og:image\" content=\"https:\/\/img.bagnoitalia.com\/wp-content\/uploads\/1-13.jpg\" \/>\n\t<meta property=\"og:image:width\" content=\"550\" \/>\n\t<meta property=\"og:image:height\" content=\"550\" \/>\n\t<meta property=\"og:image:type\" content=\"image\/jpeg\" \/>\n<meta name=\"twitter:card\" content=\"summary_large_image\" \/>\n<meta name=\"twitter:label1\" content=\"Tiempo de lectura\" \/>\n\t<meta name=\"twitter:data1\" content=\"1 minuto\" \/>\n<script type=\"application\/ld+json\" class=\"yoast-schema-graph\">{\"@context\":\"https:\/\/schema.org\",\"@graph\":[{\"@type\":\"WebPage\",\"@id\":\"https:\/\/www.bagnoitalia.com\/es\/producto\/bathroom-cabinet-60-70-80-cm-4-colors-2-doors-or-2-drawers-ceramic-sink-and-mirror-giusy-model-2.html\",\"url\":\"https:\/\/www.bagnoitalia.com\/es\/producto\/bathroom-cabinet-60-70-80-cm-4-colors-2-doors-or-2-drawers-ceramic-sink-and-mirror-giusy-model-2.html\",\"name\":\"Mueble de ba\u00f1o Giusy 60 70 80 cm 4 colores 2 puertas o 2 cajones lavabo de cer\u00e1mica y espejo\",\"isPartOf\":{\"@id\":\"https:\/\/www.bagnoitalia.com\/es#website\"},\"primaryImageOfPage\":{\"@id\":\"https:\/\/www.bagnoitalia.com\/es\/producto\/bathroom-cabinet-60-70-80-cm-4-colors-2-doors-or-2-drawers-ceramic-sink-and-mirror-giusy-model-2.html#primaryimage\"},\"image\":{\"@id\":\"https:\/\/www.bagnoitalia.com\/es\/producto\/bathroom-cabinet-60-70-80-cm-4-colors-2-doors-or-2-drawers-ceramic-sink-and-mirror-giusy-model-2.html#primaryimage\"},\"thumbnailUrl\":\"https:\/\/img.bagnoitalia.com\/wp-content\/uploads\/1-13.jpg\",\"datePublished\":\"2020-01-30T07:29:45+00:00\",\"dateModified\":\"2025-04-23T10:24:39+00:00\",\"description\":\"Mueble de ba\u00f1o moderno suspendido, disponible en 3 tama\u00f1os, con 2 puertas o 2 cajones, en blanco, olmo, azul o gris. Lavabo de cer\u00e1mica. Espejo incluido en el precio.\",\"breadcrumb\":{\"@id\":\"https:\/\/www.bagnoitalia.com\/es\/producto\/bathroom-cabinet-60-70-80-cm-4-colors-2-doors-or-2-drawers-ceramic-sink-and-mirror-giusy-model-2.html#breadcrumb\"},\"inLanguage\":\"es\",\"potentialAction\":[{\"@type\":\"ReadAction\",\"target\":[\"https:\/\/www.bagnoitalia.com\/es\/producto\/bathroom-cabinet-60-70-80-cm-4-colors-2-doors-or-2-drawers-ceramic-sink-and-mirror-giusy-model-2.html\"]}]},{\"@type\":\"ImageObject\",\"inLanguage\":\"es\",\"@id\":\"https:\/\/www.bagnoitalia.com\/es\/producto\/bathroom-cabinet-60-70-80-cm-4-colors-2-doors-or-2-drawers-ceramic-sink-and-mirror-giusy-model-2.html#primaryimage\",\"url\":\"https:\/\/img.bagnoitalia.com\/wp-content\/uploads\/1-13.jpg\",\"contentUrl\":\"https:\/\/img.bagnoitalia.com\/wp-content\/uploads\/1-13.jpg\",\"width\":550,\"height\":550},{\"@type\":\"BreadcrumbList\",\"@id\":\"https:\/\/www.bagnoitalia.com\/es\/producto\/bathroom-cabinet-60-70-80-cm-4-colors-2-doors-or-2-drawers-ceramic-sink-and-mirror-giusy-model-2.html#breadcrumb\",\"itemListElement\":[{\"@type\":\"ListItem\",\"position\":1,\"name\":\"Home\",\"item\":\"https:\/\/www.bagnoitalia.com\/es\"},{\"@type\":\"ListItem\",\"position\":2,\"name\":\"Productos\",\"item\":\"https:\/\/www.bagnoitalia.com\/es\/shop\"},{\"@type\":\"ListItem\",\"position\":3,\"name\":\"Mueble de ba\u00f1o Giusy 60 70 80 cm 3 colores 2 puertas o 2 cajones lavabo de cer\u00e1mica y espejo\"}]},{\"@type\":\"WebSite\",\"@id\":\"https:\/\/www.bagnoitalia.com\/es#website\",\"url\":\"https:\/\/www.bagnoitalia.com\/es\",\"name\":\"Bagno Italia\",\"description\":\"\",\"publisher\":{\"@id\":\"https:\/\/www.bagnoitalia.com\/es#organization\"},\"potentialAction\":[{\"@type\":\"SearchAction\",\"target\":{\"@type\":\"EntryPoint\",\"urlTemplate\":\"https:\/\/www.bagnoitalia.com\/es?s={search_term_string}\"},\"query-input\":{\"@type\":\"PropertyValueSpecification\",\"valueRequired\":true,\"valueName\":\"search_term_string\"}}],\"inLanguage\":\"es\"},{\"@type\":\"Organization\",\"@id\":\"https:\/\/www.bagnoitalia.com\/es#organization\",\"name\":\"Bagno Italia\",\"url\":\"https:\/\/www.bagnoitalia.com\/es\",\"logo\":{\"@type\":\"ImageObject\",\"inLanguage\":\"es\",\"@id\":\"https:\/\/www.bagnoitalia.com\/es#\/schema\/logo\/image\/\",\"url\":\"https:\/\/img.bagnoitalia.com\/wp-content\/uploads\/logo-bagnoitalia.webp\",\"contentUrl\":\"https:\/\/img.bagnoitalia.com\/wp-content\/uploads\/logo-bagnoitalia.webp\",\"width\":400,\"height\":70,\"caption\":\"Bagno Italia\"},\"image\":{\"@id\":\"https:\/\/www.bagnoitalia.com\/es#\/schema\/logo\/image\/\"}}]}<\/script>\n<!-- \/ Yoast SEO plugin. -->","yoast_head_json":{"title":"Mueble de ba\u00f1o Giusy 60 70 80 cm 4 colores 2 puertas o 2 cajones lavabo de cer\u00e1mica y espejo","description":"Mueble de ba\u00f1o moderno suspendido, disponible en 3 tama\u00f1os, con 2 puertas o 2 cajones, en blanco, olmo, azul o gris. Lavabo de cer\u00e1mica. Espejo incluido en el precio.","robots":{"index":"index","follow":"follow","max-snippet":"max-snippet:-1","max-image-preview":"max-image-preview:large","max-video-preview":"max-video-preview:-1"},"canonical":"https:\/\/www.bagnoitalia.com\/es\/producto\/bathroom-cabinet-60-70-80-cm-4-colors-2-doors-or-2-drawers-ceramic-sink-and-mirror-giusy-model-2.html","og_locale":"es_ES","og_type":"article","og_title":"Mueble de ba\u00f1o Giusy 60 70 80 cm 4 colores 2 puertas o 2 cajones lavabo de cer\u00e1mica y espejo","og_description":"Mueble de ba\u00f1o moderno suspendido, disponible en 3 tama\u00f1os, con 2 puertas o 2 cajones, en blanco, olmo, azul o gris. Lavabo de cer\u00e1mica. Espejo incluido en el precio.","og_url":"https:\/\/www.bagnoitalia.com\/es\/producto\/bathroom-cabinet-60-70-80-cm-4-colors-2-doors-or-2-drawers-ceramic-sink-and-mirror-giusy-model-2.html","og_site_name":"Bagno Italia","article_modified_time":"2025-04-23T10:24:39+00:00","og_image":[{"width":550,"height":550,"url":"https:\/\/img.bagnoitalia.com\/wp-content\/uploads\/1-13.jpg","type":"image\/jpeg"}],"twitter_card":"summary_large_image","twitter_misc":{"Tiempo de lectura":"1 minuto"},"schema":{"@context":"https:\/\/schema.org","@graph":[{"@type":"WebPage","@id":"https:\/\/www.bagnoitalia.com\/es\/producto\/bathroom-cabinet-60-70-80-cm-4-colors-2-doors-or-2-drawers-ceramic-sink-and-mirror-giusy-model-2.html","url":"https:\/\/www.bagnoitalia.com\/es\/producto\/bathroom-cabinet-60-70-80-cm-4-colors-2-doors-or-2-drawers-ceramic-sink-and-mirror-giusy-model-2.html","name":"Mueble de ba\u00f1o Giusy 60 70 80 cm 4 colores 2 puertas o 2 cajones lavabo de cer\u00e1mica y espejo","isPartOf":{"@id":"https:\/\/www.bagnoitalia.com\/es#website"},"primaryImageOfPage":{"@id":"https:\/\/www.bagnoitalia.com\/es\/producto\/bathroom-cabinet-60-70-80-cm-4-colors-2-doors-or-2-drawers-ceramic-sink-and-mirror-giusy-model-2.html#primaryimage"},"image":{"@id":"https:\/\/www.bagnoitalia.com\/es\/producto\/bathroom-cabinet-60-70-80-cm-4-colors-2-doors-or-2-drawers-ceramic-sink-and-mirror-giusy-model-2.html#primaryimage"},"thumbnailUrl":"https:\/\/img.bagnoitalia.com\/wp-content\/uploads\/1-13.jpg","datePublished":"2020-01-30T07:29:45+00:00","dateModified":"2025-04-23T10:24:39+00:00","description":"Mueble de ba\u00f1o moderno suspendido, disponible en 3 tama\u00f1os, con 2 puertas o 2 cajones, en blanco, olmo, azul o gris. Lavabo de cer\u00e1mica. Espejo incluido en el precio.","breadcrumb":{"@id":"https:\/\/www.bagnoitalia.com\/es\/producto\/bathroom-cabinet-60-70-80-cm-4-colors-2-doors-or-2-drawers-ceramic-sink-and-mirror-giusy-model-2.html#breadcrumb"},"inLanguage":"es","potentialAction":[{"@type":"ReadAction","target":["https:\/\/www.bagnoitalia.com\/es\/producto\/bathroom-cabinet-60-70-80-cm-4-colors-2-doors-or-2-drawers-ceramic-sink-and-mirror-giusy-model-2.html"]}]},{"@type":"ImageObject","inLanguage":"es","@id":"https:\/\/www.bagnoitalia.com\/es\/producto\/bathroom-cabinet-60-70-80-cm-4-colors-2-doors-or-2-drawers-ceramic-sink-and-mirror-giusy-model-2.html#primaryimage","url":"https:\/\/img.bagnoitalia.com\/wp-content\/uploads\/1-13.jpg","contentUrl":"https:\/\/img.bagnoitalia.com\/wp-content\/uploads\/1-13.jpg","width":550,"height":550},{"@type":"BreadcrumbList","@id":"https:\/\/www.bagnoitalia.com\/es\/producto\/bathroom-cabinet-60-70-80-cm-4-colors-2-doors-or-2-drawers-ceramic-sink-and-mirror-giusy-model-2.html#breadcrumb","itemListElement":[{"@type":"ListItem","position":1,"name":"Home","item":"https:\/\/www.bagnoitalia.com\/es"},{"@type":"ListItem","position":2,"name":"Productos","item":"https:\/\/www.bagnoitalia.com\/es\/shop"},{"@type":"ListItem","position":3,"name":"Mueble de ba\u00f1o Giusy 60 70 80 cm 3 colores 2 puertas o 2 cajones lavabo de cer\u00e1mica y espejo"}]},{"@type":"WebSite","@id":"https:\/\/www.bagnoitalia.com\/es#website","url":"https:\/\/www.bagnoitalia.com\/es","name":"Bagno Italia","description":"","publisher":{"@id":"https:\/\/www.bagnoitalia.com\/es#organization"},"potentialAction":[{"@type":"SearchAction","target":{"@type":"EntryPoint","urlTemplate":"https:\/\/www.bagnoitalia.com\/es?s={search_term_string}"},"query-input":{"@type":"PropertyValueSpecification","valueRequired":true,"valueName":"search_term_string"}}],"inLanguage":"es"},{"@type":"Organization","@id":"https:\/\/www.bagnoitalia.com\/es#organization","name":"Bagno Italia","url":"https:\/\/www.bagnoitalia.com\/es","logo":{"@type":"ImageObject","inLanguage":"es","@id":"https:\/\/www.bagnoitalia.com\/es#\/schema\/logo\/image\/","url":"https:\/\/img.bagnoitalia.com\/wp-content\/uploads\/logo-bagnoitalia.webp","contentUrl":"https:\/\/img.bagnoitalia.com\/wp-content\/uploads\/logo-bagnoitalia.webp","width":400,"height":70,"caption":"Bagno Italia"},"image":{"@id":"https:\/\/www.bagnoitalia.com\/es#\/schema\/logo\/image\/"}}]}},"_links":{"self":[{"href":"https:\/\/www.bagnoitalia.com\/es\/wp-json\/wp\/v2\/product\/81472","targetHints":{"allow":["GET"]}}],"collection":[{"href":"https:\/\/www.bagnoitalia.com\/es\/wp-json\/wp\/v2\/product"}],"about":[{"href":"https:\/\/www.bagnoitalia.com\/es\/wp-json\/wp\/v2\/types\/product"}],"replies":[{"embeddable":true,"href":"https:\/\/www.bagnoitalia.com\/es\/wp-json\/wp\/v2\/comments?post=81472"}],"version-history":[{"count":3,"href":"https:\/\/www.bagnoitalia.com\/es\/wp-json\/wp\/v2\/product\/81472\/revisions"}],"predecessor-version":[{"id":107164,"href":"https:\/\/www.bagnoitalia.com\/es\/wp-json\/wp\/v2\/product\/81472\/revisions\/107164"}],"wp:featuredmedia":[{"embeddable":true,"href":"https:\/\/www.bagnoitalia.com\/es\/wp-json\/wp\/v2\/media\/107058"}],"wp:attachment":[{"href":"https:\/\/www.bagnoitalia.com\/es\/wp-json\/wp\/v2\/media?parent=81472"}],"wp:term":[{"taxonomy":"product_brand","embeddable":true,"href":"https:\/\/www.bagnoitalia.com\/es\/wp-json\/wp\/v2\/product_brand?post=81472"},{"taxonomy":"product_cat","embeddable":true,"href":"https:\/\/www.bagnoitalia.com\/es\/wp-json\/wp\/v2\/product_cat?post=81472"},{"taxonomy":"product_tag","embeddable":true,"href":"https:\/\/www.bagnoitalia.com\/es\/wp-json\/wp\/v2\/product_tag?post=81472"}],"curies":[{"name":"wp","href":"https:\/\/api.w.org\/{rel}","templated":true}]}}