{"id":81390,"date":"2019-07-02T09:33:25","date_gmt":"2019-07-02T07:33:25","guid":{"rendered":"https:\/\/www.bagnoitalia.com\/product\/fregadero-exterior-45-50-o-60-50-o-60-60-o-80-50-cm-lavadero-lav86"},"modified":"2024-05-24T15:22:30","modified_gmt":"2024-05-24T13:22:30","slug":"fregadero-exterior-45-50-o-60-50-o-60-60-o-80-50-cm-lavadero-lav86","status":"publish","type":"product","link":"https:\/\/www.bagnoitalia.com\/es\/producto\/fregadero-exterior-45-50-o-60-50-o-60-60-o-80-50-cm-lavadero-lav86.html","title":{"rendered":"Fregadero exterior 45\u00d750 o 60\u00d750 o 60\u00d760 o 80\u00d750 cm lavadero LAV86"},"content":{"rendered":"<p><span style=\"color: #000000; font-size: 18pt;\">LAVADORA EXTERIOR LAV86<\/span><\/p>\n<p><strong>TAMA\u00d1OS y TIPOS DISPONIBLES<\/strong><\/p>\n<p>Fregadero de 45\u00d750 cm con 1 puerta y tabla de lavar<\/p>\n<p>Fregadero de 60\u00d750 cm con 2 puertas y tabla de lavar<\/p>\n<p>Fregadero de 60\u00d760 cm con 2 puertas y tabla de lavar<\/p>\n<p>Fregadero de 80\u00d750 cm con 2 puertas<\/p>\n<p>Altura total 85 cm<\/p>\n<p>Pies regulables en altura de 15 mm.<\/p>\n<p>Desag\u00fce sif\u00f3n a 35\u00f745 cm del suelo<\/p>\n<p><strong>NB: s\u00f3lo en el modelo de 80\u00d750 cm la tabla de lavar NO est\u00e1 incluida<\/strong><\/p>\n<p><strong>M\u00c1S DETALLES<\/strong><\/p>\n<p>Gabinete de PVC resistente al agua<\/p>\n<p>Cuba y tabla de lavar en polipropileno, resistente a los \u00e1cidos.<\/p>\n<p>Puertas macizas con cierre abatible.<\/p>\n<p>Tiradores cromados<\/p>\n<p>Sif\u00f3n autolimpiante completo con desag\u00fce y rebosadero<\/p>\n<p>Lavabo perforable para instalaci\u00f3n de mezclador (Mezclador NO incluido)<\/p>\n<p>Apto para exteriores o lugares h\u00famedos<\/p>\n<p>PRODUCTO DESMONTADO: F\u00c1CIL Y R\u00c1PIDO DE MONTAR, MONTAJE SIN TORNILLOS.<\/p>\n<p><strong>ATENCI\u00d3N: Grifer\u00eda NO incluida<\/strong><\/p>\n","protected":false},"excerpt":{"rendered":"<p>Lavabo de 1 o 2 puertas disponible en 4 tama\u00f1os. Producto a montar.<\/p>\n","protected":false},"featured_media":44276,"comment_status":"open","ping_status":"closed","template":"","meta":[],"product_brand":[5004],"product_cat":[9677],"product_tag":[],"class_list":{"0":"post-81390","1":"product","2":"type-product","3":"status-publish","4":"has-post-thumbnail","6":"product_brand-vari-produttori","7":"product_cat-lavaderos","9":"first","10":"instock","11":"sale","12":"taxable","13":"shipping-taxable","14":"purchasable","15":"product-type-simple"},"exclude_global_add_ons":false,"addons":[{"name":"Dimensiones","type":"multiple_choice","position":0,"required":true,"title_format":"heading","default":"","description_enable":false,"description":"","placeholder_enable":false,"placeholder":"","display":"select","restrictions_type":"any_text","adjust_price":false,"price":"","price_type":"flat_fee","restrictions":false,"min":"0","max":"0","options":[{"label":"45x50 cm y 1 puerta","price":"","price_type":"quantity_based","image":0,"visibility":true},{"label":"60x50 cm y 2 puertas","price":"14","price_type":"quantity_based","image":0,"visibility":true},{"label":"60x60 cm y 2 puertas","price":"24","price_type":"quantity_based","image":0,"visibility":true},{"label":"80x50 cm y 2 puertas","price":"54","price_type":"quantity_based","image":0,"visibility":true}],"id":1716564151}],"yoast_head":"<!-- This site is optimized with the Yoast SEO plugin v26.7 - https:\/\/yoast.com\/wordpress\/plugins\/seo\/ -->\n<title>Fregadero exterior 45\u00d750 o 60\u00d750 o 60\u00d760 o 80\u00d750 cm lavadero LAV86<\/title>\n<meta name=\"description\" content=\"Lavabo de 1 o 2 puertas disponible en 4 tama\u00f1os. Producto a montar.\" \/>\n<meta name=\"robots\" content=\"index, follow, max-snippet:-1, max-image-preview:large, max-video-preview:-1\" \/>\n<link rel=\"canonical\" href=\"https:\/\/www.bagnoitalia.com\/es\/producto\/fregadero-exterior-45-50-o-60-50-o-60-60-o-80-50-cm-lavadero-lav86.html\" \/>\n<meta property=\"og:locale\" content=\"es_ES\" \/>\n<meta property=\"og:type\" content=\"article\" \/>\n<meta property=\"og:title\" content=\"Fregadero exterior 45\u00d750 o 60\u00d750 o 60\u00d760 o 80\u00d750 cm lavadero LAV86\" \/>\n<meta property=\"og:description\" content=\"Lavabo de 1 o 2 puertas disponible en 4 tama\u00f1os. Producto a montar.\" \/>\n<meta property=\"og:url\" content=\"https:\/\/www.bagnoitalia.com\/es\/producto\/fregadero-exterior-45-50-o-60-50-o-60-60-o-80-50-cm-lavadero-lav86.html\" \/>\n<meta property=\"og:site_name\" content=\"Bagno Italia\" \/>\n<meta property=\"article:modified_time\" content=\"2024-05-24T13:22:30+00:00\" \/>\n<meta property=\"og:image\" content=\"https:\/\/img.bagnoitalia.com\/wp-content\/uploads\/virtuemart\/product\/lavatoio-resina-varie-misure.jpg\" \/>\n\t<meta property=\"og:image:width\" content=\"550\" \/>\n\t<meta property=\"og:image:height\" content=\"550\" \/>\n\t<meta property=\"og:image:type\" content=\"image\/jpeg\" \/>\n<meta name=\"twitter:card\" content=\"summary_large_image\" \/>\n<meta name=\"twitter:label1\" content=\"Tiempo de lectura\" \/>\n\t<meta name=\"twitter:data1\" content=\"1 minuto\" \/>\n<script type=\"application\/ld+json\" class=\"yoast-schema-graph\">{\"@context\":\"https:\/\/schema.org\",\"@graph\":[{\"@type\":\"WebPage\",\"@id\":\"https:\/\/www.bagnoitalia.com\/es\/producto\/fregadero-exterior-45-50-o-60-50-o-60-60-o-80-50-cm-lavadero-lav86.html\",\"url\":\"https:\/\/www.bagnoitalia.com\/es\/producto\/fregadero-exterior-45-50-o-60-50-o-60-60-o-80-50-cm-lavadero-lav86.html\",\"name\":\"Fregadero exterior 45\u00d750 o 60\u00d750 o 60\u00d760 o 80\u00d750 cm lavadero LAV86\",\"isPartOf\":{\"@id\":\"https:\/\/www.bagnoitalia.com\/es#website\"},\"primaryImageOfPage\":{\"@id\":\"https:\/\/www.bagnoitalia.com\/es\/producto\/fregadero-exterior-45-50-o-60-50-o-60-60-o-80-50-cm-lavadero-lav86.html#primaryimage\"},\"image\":{\"@id\":\"https:\/\/www.bagnoitalia.com\/es\/producto\/fregadero-exterior-45-50-o-60-50-o-60-60-o-80-50-cm-lavadero-lav86.html#primaryimage\"},\"thumbnailUrl\":\"https:\/\/img.bagnoitalia.com\/wp-content\/uploads\/virtuemart\/product\/lavatoio-resina-varie-misure.jpg\",\"datePublished\":\"2019-07-02T07:33:25+00:00\",\"dateModified\":\"2024-05-24T13:22:30+00:00\",\"description\":\"Lavabo de 1 o 2 puertas disponible en 4 tama\u00f1os. Producto a montar.\",\"breadcrumb\":{\"@id\":\"https:\/\/www.bagnoitalia.com\/es\/producto\/fregadero-exterior-45-50-o-60-50-o-60-60-o-80-50-cm-lavadero-lav86.html#breadcrumb\"},\"inLanguage\":\"es\",\"potentialAction\":[{\"@type\":\"ReadAction\",\"target\":[\"https:\/\/www.bagnoitalia.com\/es\/producto\/fregadero-exterior-45-50-o-60-50-o-60-60-o-80-50-cm-lavadero-lav86.html\"]}]},{\"@type\":\"ImageObject\",\"inLanguage\":\"es\",\"@id\":\"https:\/\/www.bagnoitalia.com\/es\/producto\/fregadero-exterior-45-50-o-60-50-o-60-60-o-80-50-cm-lavadero-lav86.html#primaryimage\",\"url\":\"https:\/\/img.bagnoitalia.com\/wp-content\/uploads\/virtuemart\/product\/lavatoio-resina-varie-misure.jpg\",\"contentUrl\":\"https:\/\/img.bagnoitalia.com\/wp-content\/uploads\/virtuemart\/product\/lavatoio-resina-varie-misure.jpg\",\"width\":550,\"height\":550},{\"@type\":\"BreadcrumbList\",\"@id\":\"https:\/\/www.bagnoitalia.com\/es\/producto\/fregadero-exterior-45-50-o-60-50-o-60-60-o-80-50-cm-lavadero-lav86.html#breadcrumb\",\"itemListElement\":[{\"@type\":\"ListItem\",\"position\":1,\"name\":\"Home\",\"item\":\"https:\/\/www.bagnoitalia.com\/es\"},{\"@type\":\"ListItem\",\"position\":2,\"name\":\"Productos\",\"item\":\"https:\/\/www.bagnoitalia.com\/es\/shop\"},{\"@type\":\"ListItem\",\"position\":3,\"name\":\"Fregadero exterior 45\u00d750 o 60\u00d750 o 60\u00d760 o 80\u00d750 cm lavadero LAV86\"}]},{\"@type\":\"WebSite\",\"@id\":\"https:\/\/www.bagnoitalia.com\/es#website\",\"url\":\"https:\/\/www.bagnoitalia.com\/es\",\"name\":\"Bagno Italia\",\"description\":\"\",\"publisher\":{\"@id\":\"https:\/\/www.bagnoitalia.com\/es#organization\"},\"potentialAction\":[{\"@type\":\"SearchAction\",\"target\":{\"@type\":\"EntryPoint\",\"urlTemplate\":\"https:\/\/www.bagnoitalia.com\/es?s={search_term_string}\"},\"query-input\":{\"@type\":\"PropertyValueSpecification\",\"valueRequired\":true,\"valueName\":\"search_term_string\"}}],\"inLanguage\":\"es\"},{\"@type\":\"Organization\",\"@id\":\"https:\/\/www.bagnoitalia.com\/es#organization\",\"name\":\"Bagno Italia\",\"url\":\"https:\/\/www.bagnoitalia.com\/es\",\"logo\":{\"@type\":\"ImageObject\",\"inLanguage\":\"es\",\"@id\":\"https:\/\/www.bagnoitalia.com\/es#\/schema\/logo\/image\/\",\"url\":\"https:\/\/img.bagnoitalia.com\/wp-content\/uploads\/logo-bagnoitalia.webp\",\"contentUrl\":\"https:\/\/img.bagnoitalia.com\/wp-content\/uploads\/logo-bagnoitalia.webp\",\"width\":400,\"height\":70,\"caption\":\"Bagno Italia\"},\"image\":{\"@id\":\"https:\/\/www.bagnoitalia.com\/es#\/schema\/logo\/image\/\"}}]}<\/script>\n<!-- \/ Yoast SEO plugin. -->","yoast_head_json":{"title":"Fregadero exterior 45\u00d750 o 60\u00d750 o 60\u00d760 o 80\u00d750 cm lavadero LAV86","description":"Lavabo de 1 o 2 puertas disponible en 4 tama\u00f1os. Producto a montar.","robots":{"index":"index","follow":"follow","max-snippet":"max-snippet:-1","max-image-preview":"max-image-preview:large","max-video-preview":"max-video-preview:-1"},"canonical":"https:\/\/www.bagnoitalia.com\/es\/producto\/fregadero-exterior-45-50-o-60-50-o-60-60-o-80-50-cm-lavadero-lav86.html","og_locale":"es_ES","og_type":"article","og_title":"Fregadero exterior 45\u00d750 o 60\u00d750 o 60\u00d760 o 80\u00d750 cm lavadero LAV86","og_description":"Lavabo de 1 o 2 puertas disponible en 4 tama\u00f1os. Producto a montar.","og_url":"https:\/\/www.bagnoitalia.com\/es\/producto\/fregadero-exterior-45-50-o-60-50-o-60-60-o-80-50-cm-lavadero-lav86.html","og_site_name":"Bagno Italia","article_modified_time":"2024-05-24T13:22:30+00:00","og_image":[{"width":550,"height":550,"url":"https:\/\/img.bagnoitalia.com\/wp-content\/uploads\/virtuemart\/product\/lavatoio-resina-varie-misure.jpg","type":"image\/jpeg"}],"twitter_card":"summary_large_image","twitter_misc":{"Tiempo de lectura":"1 minuto"},"schema":{"@context":"https:\/\/schema.org","@graph":[{"@type":"WebPage","@id":"https:\/\/www.bagnoitalia.com\/es\/producto\/fregadero-exterior-45-50-o-60-50-o-60-60-o-80-50-cm-lavadero-lav86.html","url":"https:\/\/www.bagnoitalia.com\/es\/producto\/fregadero-exterior-45-50-o-60-50-o-60-60-o-80-50-cm-lavadero-lav86.html","name":"Fregadero exterior 45\u00d750 o 60\u00d750 o 60\u00d760 o 80\u00d750 cm lavadero LAV86","isPartOf":{"@id":"https:\/\/www.bagnoitalia.com\/es#website"},"primaryImageOfPage":{"@id":"https:\/\/www.bagnoitalia.com\/es\/producto\/fregadero-exterior-45-50-o-60-50-o-60-60-o-80-50-cm-lavadero-lav86.html#primaryimage"},"image":{"@id":"https:\/\/www.bagnoitalia.com\/es\/producto\/fregadero-exterior-45-50-o-60-50-o-60-60-o-80-50-cm-lavadero-lav86.html#primaryimage"},"thumbnailUrl":"https:\/\/img.bagnoitalia.com\/wp-content\/uploads\/virtuemart\/product\/lavatoio-resina-varie-misure.jpg","datePublished":"2019-07-02T07:33:25+00:00","dateModified":"2024-05-24T13:22:30+00:00","description":"Lavabo de 1 o 2 puertas disponible en 4 tama\u00f1os. Producto a montar.","breadcrumb":{"@id":"https:\/\/www.bagnoitalia.com\/es\/producto\/fregadero-exterior-45-50-o-60-50-o-60-60-o-80-50-cm-lavadero-lav86.html#breadcrumb"},"inLanguage":"es","potentialAction":[{"@type":"ReadAction","target":["https:\/\/www.bagnoitalia.com\/es\/producto\/fregadero-exterior-45-50-o-60-50-o-60-60-o-80-50-cm-lavadero-lav86.html"]}]},{"@type":"ImageObject","inLanguage":"es","@id":"https:\/\/www.bagnoitalia.com\/es\/producto\/fregadero-exterior-45-50-o-60-50-o-60-60-o-80-50-cm-lavadero-lav86.html#primaryimage","url":"https:\/\/img.bagnoitalia.com\/wp-content\/uploads\/virtuemart\/product\/lavatoio-resina-varie-misure.jpg","contentUrl":"https:\/\/img.bagnoitalia.com\/wp-content\/uploads\/virtuemart\/product\/lavatoio-resina-varie-misure.jpg","width":550,"height":550},{"@type":"BreadcrumbList","@id":"https:\/\/www.bagnoitalia.com\/es\/producto\/fregadero-exterior-45-50-o-60-50-o-60-60-o-80-50-cm-lavadero-lav86.html#breadcrumb","itemListElement":[{"@type":"ListItem","position":1,"name":"Home","item":"https:\/\/www.bagnoitalia.com\/es"},{"@type":"ListItem","position":2,"name":"Productos","item":"https:\/\/www.bagnoitalia.com\/es\/shop"},{"@type":"ListItem","position":3,"name":"Fregadero exterior 45\u00d750 o 60\u00d750 o 60\u00d760 o 80\u00d750 cm lavadero LAV86"}]},{"@type":"WebSite","@id":"https:\/\/www.bagnoitalia.com\/es#website","url":"https:\/\/www.bagnoitalia.com\/es","name":"Bagno Italia","description":"","publisher":{"@id":"https:\/\/www.bagnoitalia.com\/es#organization"},"potentialAction":[{"@type":"SearchAction","target":{"@type":"EntryPoint","urlTemplate":"https:\/\/www.bagnoitalia.com\/es?s={search_term_string}"},"query-input":{"@type":"PropertyValueSpecification","valueRequired":true,"valueName":"search_term_string"}}],"inLanguage":"es"},{"@type":"Organization","@id":"https:\/\/www.bagnoitalia.com\/es#organization","name":"Bagno Italia","url":"https:\/\/www.bagnoitalia.com\/es","logo":{"@type":"ImageObject","inLanguage":"es","@id":"https:\/\/www.bagnoitalia.com\/es#\/schema\/logo\/image\/","url":"https:\/\/img.bagnoitalia.com\/wp-content\/uploads\/logo-bagnoitalia.webp","contentUrl":"https:\/\/img.bagnoitalia.com\/wp-content\/uploads\/logo-bagnoitalia.webp","width":400,"height":70,"caption":"Bagno Italia"},"image":{"@id":"https:\/\/www.bagnoitalia.com\/es#\/schema\/logo\/image\/"}}]}},"_links":{"self":[{"href":"https:\/\/www.bagnoitalia.com\/es\/wp-json\/wp\/v2\/product\/81390","targetHints":{"allow":["GET"]}}],"collection":[{"href":"https:\/\/www.bagnoitalia.com\/es\/wp-json\/wp\/v2\/product"}],"about":[{"href":"https:\/\/www.bagnoitalia.com\/es\/wp-json\/wp\/v2\/types\/product"}],"replies":[{"embeddable":true,"href":"https:\/\/www.bagnoitalia.com\/es\/wp-json\/wp\/v2\/comments?post=81390"}],"version-history":[{"count":1,"href":"https:\/\/www.bagnoitalia.com\/es\/wp-json\/wp\/v2\/product\/81390\/revisions"}],"predecessor-version":[{"id":88203,"href":"https:\/\/www.bagnoitalia.com\/es\/wp-json\/wp\/v2\/product\/81390\/revisions\/88203"}],"wp:featuredmedia":[{"embeddable":true,"href":"https:\/\/www.bagnoitalia.com\/es\/wp-json\/wp\/v2\/media\/44276"}],"wp:attachment":[{"href":"https:\/\/www.bagnoitalia.com\/es\/wp-json\/wp\/v2\/media?parent=81390"}],"wp:term":[{"taxonomy":"product_brand","embeddable":true,"href":"https:\/\/www.bagnoitalia.com\/es\/wp-json\/wp\/v2\/product_brand?post=81390"},{"taxonomy":"product_cat","embeddable":true,"href":"https:\/\/www.bagnoitalia.com\/es\/wp-json\/wp\/v2\/product_cat?post=81390"},{"taxonomy":"product_tag","embeddable":true,"href":"https:\/\/www.bagnoitalia.com\/es\/wp-json\/wp\/v2\/product_tag?post=81390"}],"curies":[{"name":"wp","href":"https:\/\/api.w.org\/{rel}","templated":true}]}}