{"id":81264,"date":"2019-01-03T14:56:53","date_gmt":"2019-01-03T13:56:53","guid":{"rendered":"https:\/\/www.bagnoitalia.com\/product\/wall-hung-bathroom-vanity-120-cm-mirror-included-gemma-model-2"},"modified":"2019-01-03T14:56:53","modified_gmt":"2019-01-03T13:56:53","slug":"wall-hung-bathroom-vanity-120-cm-mirror-included-gemma-model-2","status":"publish","type":"product","link":"https:\/\/www.bagnoitalia.com\/es\/producto\/wall-hung-bathroom-vanity-120-cm-mirror-included-gemma-model-2.html","title":{"rendered":"Mueble de Ba\u00f1o Gemma 120 cm, Suspendido moderno, y espejo incluido"},"content":{"rendered":"<p style=\"margin-bottom: 0cm;\"><span style=\"text-decoration: underline;\"><strong>Mueble de ba\u00f1o Gemma<\/strong><\/span><\/p>\n<p style=\"margin-bottom: 0cm;\"><span style=\"text-decoration: underline;\"><strong><span style=\"font-size: 12pt;\">El precio incluye:<\/span><\/strong><\/span><\/p>\n<p>N\u00b0 1 base porta lavabo cm 120x46x50h formado por 2 puertas y 2 cajones<\/p>\n<p>N\u00b0 1 lavabo en mineralmarmo&nbsp;<\/p>\n<p>N\u00b0 1 Espejo reversibile 110&#215;70 cm<\/p>\n<p>&nbsp;<\/p>\n<p><strong><span style=\"font-size: 12pt;\">caracter\u00edsticas:<\/span><\/strong><\/p>\n<p style=\"margin-bottom: 0cm;\"><span style=\"font-size: 12pt;\"><\/span><\/p>\n<p style=\"margin-bottom: 0cm;\"><span style=\"font-size: 12pt;\">Muebles de madera MDF recubierto en PVC EFECTO MADERA <\/span><\/p>\n<p style=\"margin-bottom: 0cm;\"><span style=\"font-size: 12pt;\">Color Roble Oscuro <\/span><\/p>\n<p style=\"margin-bottom: 0cm;\"><span style=\"font-size: 12pt;\">Sistema de cierre suave <\/span><\/p>\n<p style=\"margin-bottom: 0cm;\"><span style=\"font-size: 12pt;\">Acabado interno en laminado <\/span><\/p>\n<p style=\"margin-bottom: 0cm;\"><span style=\"font-size: 12pt;\">Desbordador y agujero para grifer\u00eda incluido Grifer\u00eda, <\/span><\/p>\n<p style=\"margin-bottom: 0cm;\"><span style=\"font-size: 12pt;\">Desague, Drenaje y l\u00e1mparas est\u00e1n excluidos del precio.<\/span><\/p>\n<p>&nbsp;<\/p><\/p>\n","protected":false},"excerpt":{"rendered":"<p>Modelo de ba\u00f1o moderno tipo suspendido Gemma de 120 cm, Con 2 puertas, 2 cajones y Lavabo en mineralmarmol<\/p>\n","protected":false},"featured_media":42634,"comment_status":"open","ping_status":"closed","template":"","meta":[],"product_brand":[9884],"product_cat":[15],"product_tag":[],"class_list":{"0":"post-81264","1":"product","2":"type-product","3":"status-publish","4":"has-post-thumbnail","6":"product_brand-deghi-es","7":"product_cat-senza-categoria","9":"first","10":"outofstock","11":"taxable","12":"shipping-taxable","13":"purchasable","14":"product-type-simple"},"exclude_global_add_ons":false,"addons":[{"name":"CAMPI_COLORE_DEL_MOBILE\r\n","type":"select","position":0,"required":true,"title_format":"label","default":"","description_enable":false,"description":"","placeholder_enable":false,"placeholder":"","display":"select","restrictions_type":"any_text","adjust_price":false,"price":"","price_type":"","restrictions":false,"min":"0","max":"0","options":[]},{"name":"CAMPI_COLONNA\r\n","type":"select","position":0,"required":true,"title_format":"label","default":"","description_enable":false,"description":"","placeholder_enable":false,"placeholder":"","display":"select","restrictions_type":"any_text","adjust_price":false,"price":"","price_type":"","restrictions":false,"min":"0","max":"0","options":[]}],"yoast_head":"<!-- This site is optimized with the Yoast SEO plugin v26.7 - https:\/\/yoast.com\/wordpress\/plugins\/seo\/ -->\n<title>Giglio mueble de ba\u00f1o moderno de 120 cm suspendido lavabo de madera mineral MDF disponible en 3 colores<\/title>\n<meta name=\"description\" content=\"Modelo de ba\u00f1o moderno Giglio suspendido de 120 cm con lavabo de m\u00e1rmol mineral, base de madera MDF y disponible en 3 colores\" \/>\n<meta name=\"robots\" content=\"index, follow, max-snippet:-1, max-image-preview:large, max-video-preview:-1\" \/>\n<link rel=\"canonical\" href=\"https:\/\/www.bagnoitalia.com\/es\/producto\/wall-hung-bathroom-vanity-120-cm-mirror-included-gemma-model-2.html\" \/>\n<meta property=\"og:locale\" content=\"es_ES\" \/>\n<meta property=\"og:type\" content=\"article\" \/>\n<meta property=\"og:title\" content=\"Giglio mueble de ba\u00f1o moderno de 120 cm suspendido lavabo de madera mineral MDF disponible en 3 colores\" \/>\n<meta property=\"og:description\" content=\"Modelo de ba\u00f1o moderno Giglio suspendido de 120 cm con lavabo de m\u00e1rmol mineral, base de madera MDF y disponible en 3 colores\" \/>\n<meta property=\"og:url\" content=\"https:\/\/www.bagnoitalia.com\/es\/producto\/wall-hung-bathroom-vanity-120-cm-mirror-included-gemma-model-2.html\" \/>\n<meta property=\"og:site_name\" content=\"Bagno Italia\" \/>\n<meta property=\"og:image\" content=\"https:\/\/img.bagnoitalia.com\/wp-content\/uploads\/virtuemart\/product\/wall-hung-bathroom-vanity-gemma-4-colors_1556013925_419.jpg\" \/>\n\t<meta property=\"og:image:width\" content=\"550\" \/>\n\t<meta property=\"og:image:height\" content=\"550\" \/>\n\t<meta property=\"og:image:type\" content=\"image\/jpeg\" \/>\n<meta name=\"twitter:card\" content=\"summary_large_image\" \/>\n<script type=\"application\/ld+json\" class=\"yoast-schema-graph\">{\"@context\":\"https:\/\/schema.org\",\"@graph\":[{\"@type\":\"WebPage\",\"@id\":\"https:\/\/www.bagnoitalia.com\/es\/producto\/wall-hung-bathroom-vanity-120-cm-mirror-included-gemma-model-2.html\",\"url\":\"https:\/\/www.bagnoitalia.com\/es\/producto\/wall-hung-bathroom-vanity-120-cm-mirror-included-gemma-model-2.html\",\"name\":\"Giglio mueble de ba\u00f1o moderno de 120 cm suspendido lavabo de madera mineral MDF disponible en 3 colores\",\"isPartOf\":{\"@id\":\"https:\/\/www.bagnoitalia.com\/es#website\"},\"primaryImageOfPage\":{\"@id\":\"https:\/\/www.bagnoitalia.com\/es\/producto\/wall-hung-bathroom-vanity-120-cm-mirror-included-gemma-model-2.html#primaryimage\"},\"image\":{\"@id\":\"https:\/\/www.bagnoitalia.com\/es\/producto\/wall-hung-bathroom-vanity-120-cm-mirror-included-gemma-model-2.html#primaryimage\"},\"thumbnailUrl\":\"https:\/\/img.bagnoitalia.com\/wp-content\/uploads\/virtuemart\/product\/wall-hung-bathroom-vanity-gemma-4-colors_1556013925_419.jpg\",\"datePublished\":\"2019-01-03T13:56:53+00:00\",\"description\":\"Modelo de ba\u00f1o moderno Giglio suspendido de 120 cm con lavabo de m\u00e1rmol mineral, base de madera MDF y disponible en 3 colores\",\"breadcrumb\":{\"@id\":\"https:\/\/www.bagnoitalia.com\/es\/producto\/wall-hung-bathroom-vanity-120-cm-mirror-included-gemma-model-2.html#breadcrumb\"},\"inLanguage\":\"es\",\"potentialAction\":[{\"@type\":\"ReadAction\",\"target\":[\"https:\/\/www.bagnoitalia.com\/es\/producto\/wall-hung-bathroom-vanity-120-cm-mirror-included-gemma-model-2.html\"]}]},{\"@type\":\"ImageObject\",\"inLanguage\":\"es\",\"@id\":\"https:\/\/www.bagnoitalia.com\/es\/producto\/wall-hung-bathroom-vanity-120-cm-mirror-included-gemma-model-2.html#primaryimage\",\"url\":\"https:\/\/img.bagnoitalia.com\/wp-content\/uploads\/virtuemart\/product\/wall-hung-bathroom-vanity-gemma-4-colors_1556013925_419.jpg\",\"contentUrl\":\"https:\/\/img.bagnoitalia.com\/wp-content\/uploads\/virtuemart\/product\/wall-hung-bathroom-vanity-gemma-4-colors_1556013925_419.jpg\",\"width\":550,\"height\":550},{\"@type\":\"BreadcrumbList\",\"@id\":\"https:\/\/www.bagnoitalia.com\/es\/producto\/wall-hung-bathroom-vanity-120-cm-mirror-included-gemma-model-2.html#breadcrumb\",\"itemListElement\":[{\"@type\":\"ListItem\",\"position\":1,\"name\":\"Home\",\"item\":\"https:\/\/www.bagnoitalia.com\/es\"},{\"@type\":\"ListItem\",\"position\":2,\"name\":\"Productos\",\"item\":\"https:\/\/www.bagnoitalia.com\/es\/shop\"},{\"@type\":\"ListItem\",\"position\":3,\"name\":\"Mueble de Ba\u00f1o Gemma 120 cm, Suspendido moderno, y espejo incluido\"}]},{\"@type\":\"WebSite\",\"@id\":\"https:\/\/www.bagnoitalia.com\/es#website\",\"url\":\"https:\/\/www.bagnoitalia.com\/es\",\"name\":\"Bagno Italia\",\"description\":\"\",\"publisher\":{\"@id\":\"https:\/\/www.bagnoitalia.com\/es#organization\"},\"potentialAction\":[{\"@type\":\"SearchAction\",\"target\":{\"@type\":\"EntryPoint\",\"urlTemplate\":\"https:\/\/www.bagnoitalia.com\/es?s={search_term_string}\"},\"query-input\":{\"@type\":\"PropertyValueSpecification\",\"valueRequired\":true,\"valueName\":\"search_term_string\"}}],\"inLanguage\":\"es\"},{\"@type\":\"Organization\",\"@id\":\"https:\/\/www.bagnoitalia.com\/es#organization\",\"name\":\"Bagno Italia\",\"url\":\"https:\/\/www.bagnoitalia.com\/es\",\"logo\":{\"@type\":\"ImageObject\",\"inLanguage\":\"es\",\"@id\":\"https:\/\/www.bagnoitalia.com\/es#\/schema\/logo\/image\/\",\"url\":\"https:\/\/img.bagnoitalia.com\/wp-content\/uploads\/logo-bagnoitalia.webp\",\"contentUrl\":\"https:\/\/img.bagnoitalia.com\/wp-content\/uploads\/logo-bagnoitalia.webp\",\"width\":400,\"height\":70,\"caption\":\"Bagno Italia\"},\"image\":{\"@id\":\"https:\/\/www.bagnoitalia.com\/es#\/schema\/logo\/image\/\"}}]}<\/script>\n<!-- \/ Yoast SEO plugin. -->","yoast_head_json":{"title":"Giglio mueble de ba\u00f1o moderno de 120 cm suspendido lavabo de madera mineral MDF disponible en 3 colores","description":"Modelo de ba\u00f1o moderno Giglio suspendido de 120 cm con lavabo de m\u00e1rmol mineral, base de madera MDF y disponible en 3 colores","robots":{"index":"index","follow":"follow","max-snippet":"max-snippet:-1","max-image-preview":"max-image-preview:large","max-video-preview":"max-video-preview:-1"},"canonical":"https:\/\/www.bagnoitalia.com\/es\/producto\/wall-hung-bathroom-vanity-120-cm-mirror-included-gemma-model-2.html","og_locale":"es_ES","og_type":"article","og_title":"Giglio mueble de ba\u00f1o moderno de 120 cm suspendido lavabo de madera mineral MDF disponible en 3 colores","og_description":"Modelo de ba\u00f1o moderno Giglio suspendido de 120 cm con lavabo de m\u00e1rmol mineral, base de madera MDF y disponible en 3 colores","og_url":"https:\/\/www.bagnoitalia.com\/es\/producto\/wall-hung-bathroom-vanity-120-cm-mirror-included-gemma-model-2.html","og_site_name":"Bagno Italia","og_image":[{"width":550,"height":550,"url":"https:\/\/img.bagnoitalia.com\/wp-content\/uploads\/virtuemart\/product\/wall-hung-bathroom-vanity-gemma-4-colors_1556013925_419.jpg","type":"image\/jpeg"}],"twitter_card":"summary_large_image","schema":{"@context":"https:\/\/schema.org","@graph":[{"@type":"WebPage","@id":"https:\/\/www.bagnoitalia.com\/es\/producto\/wall-hung-bathroom-vanity-120-cm-mirror-included-gemma-model-2.html","url":"https:\/\/www.bagnoitalia.com\/es\/producto\/wall-hung-bathroom-vanity-120-cm-mirror-included-gemma-model-2.html","name":"Giglio mueble de ba\u00f1o moderno de 120 cm suspendido lavabo de madera mineral MDF disponible en 3 colores","isPartOf":{"@id":"https:\/\/www.bagnoitalia.com\/es#website"},"primaryImageOfPage":{"@id":"https:\/\/www.bagnoitalia.com\/es\/producto\/wall-hung-bathroom-vanity-120-cm-mirror-included-gemma-model-2.html#primaryimage"},"image":{"@id":"https:\/\/www.bagnoitalia.com\/es\/producto\/wall-hung-bathroom-vanity-120-cm-mirror-included-gemma-model-2.html#primaryimage"},"thumbnailUrl":"https:\/\/img.bagnoitalia.com\/wp-content\/uploads\/virtuemart\/product\/wall-hung-bathroom-vanity-gemma-4-colors_1556013925_419.jpg","datePublished":"2019-01-03T13:56:53+00:00","description":"Modelo de ba\u00f1o moderno Giglio suspendido de 120 cm con lavabo de m\u00e1rmol mineral, base de madera MDF y disponible en 3 colores","breadcrumb":{"@id":"https:\/\/www.bagnoitalia.com\/es\/producto\/wall-hung-bathroom-vanity-120-cm-mirror-included-gemma-model-2.html#breadcrumb"},"inLanguage":"es","potentialAction":[{"@type":"ReadAction","target":["https:\/\/www.bagnoitalia.com\/es\/producto\/wall-hung-bathroom-vanity-120-cm-mirror-included-gemma-model-2.html"]}]},{"@type":"ImageObject","inLanguage":"es","@id":"https:\/\/www.bagnoitalia.com\/es\/producto\/wall-hung-bathroom-vanity-120-cm-mirror-included-gemma-model-2.html#primaryimage","url":"https:\/\/img.bagnoitalia.com\/wp-content\/uploads\/virtuemart\/product\/wall-hung-bathroom-vanity-gemma-4-colors_1556013925_419.jpg","contentUrl":"https:\/\/img.bagnoitalia.com\/wp-content\/uploads\/virtuemart\/product\/wall-hung-bathroom-vanity-gemma-4-colors_1556013925_419.jpg","width":550,"height":550},{"@type":"BreadcrumbList","@id":"https:\/\/www.bagnoitalia.com\/es\/producto\/wall-hung-bathroom-vanity-120-cm-mirror-included-gemma-model-2.html#breadcrumb","itemListElement":[{"@type":"ListItem","position":1,"name":"Home","item":"https:\/\/www.bagnoitalia.com\/es"},{"@type":"ListItem","position":2,"name":"Productos","item":"https:\/\/www.bagnoitalia.com\/es\/shop"},{"@type":"ListItem","position":3,"name":"Mueble de Ba\u00f1o Gemma 120 cm, Suspendido moderno, y espejo incluido"}]},{"@type":"WebSite","@id":"https:\/\/www.bagnoitalia.com\/es#website","url":"https:\/\/www.bagnoitalia.com\/es","name":"Bagno Italia","description":"","publisher":{"@id":"https:\/\/www.bagnoitalia.com\/es#organization"},"potentialAction":[{"@type":"SearchAction","target":{"@type":"EntryPoint","urlTemplate":"https:\/\/www.bagnoitalia.com\/es?s={search_term_string}"},"query-input":{"@type":"PropertyValueSpecification","valueRequired":true,"valueName":"search_term_string"}}],"inLanguage":"es"},{"@type":"Organization","@id":"https:\/\/www.bagnoitalia.com\/es#organization","name":"Bagno Italia","url":"https:\/\/www.bagnoitalia.com\/es","logo":{"@type":"ImageObject","inLanguage":"es","@id":"https:\/\/www.bagnoitalia.com\/es#\/schema\/logo\/image\/","url":"https:\/\/img.bagnoitalia.com\/wp-content\/uploads\/logo-bagnoitalia.webp","contentUrl":"https:\/\/img.bagnoitalia.com\/wp-content\/uploads\/logo-bagnoitalia.webp","width":400,"height":70,"caption":"Bagno Italia"},"image":{"@id":"https:\/\/www.bagnoitalia.com\/es#\/schema\/logo\/image\/"}}]}},"_links":{"self":[{"href":"https:\/\/www.bagnoitalia.com\/es\/wp-json\/wp\/v2\/product\/81264","targetHints":{"allow":["GET"]}}],"collection":[{"href":"https:\/\/www.bagnoitalia.com\/es\/wp-json\/wp\/v2\/product"}],"about":[{"href":"https:\/\/www.bagnoitalia.com\/es\/wp-json\/wp\/v2\/types\/product"}],"replies":[{"embeddable":true,"href":"https:\/\/www.bagnoitalia.com\/es\/wp-json\/wp\/v2\/comments?post=81264"}],"version-history":[{"count":0,"href":"https:\/\/www.bagnoitalia.com\/es\/wp-json\/wp\/v2\/product\/81264\/revisions"}],"wp:featuredmedia":[{"embeddable":true,"href":"https:\/\/www.bagnoitalia.com\/es\/wp-json\/wp\/v2\/media\/42634"}],"wp:attachment":[{"href":"https:\/\/www.bagnoitalia.com\/es\/wp-json\/wp\/v2\/media?parent=81264"}],"wp:term":[{"taxonomy":"product_brand","embeddable":true,"href":"https:\/\/www.bagnoitalia.com\/es\/wp-json\/wp\/v2\/product_brand?post=81264"},{"taxonomy":"product_cat","embeddable":true,"href":"https:\/\/www.bagnoitalia.com\/es\/wp-json\/wp\/v2\/product_cat?post=81264"},{"taxonomy":"product_tag","embeddable":true,"href":"https:\/\/www.bagnoitalia.com\/es\/wp-json\/wp\/v2\/product_tag?post=81264"}],"curies":[{"name":"wp","href":"https:\/\/api.w.org\/{rel}","templated":true}]}}