{"id":81256,"date":"2018-12-21T15:43:42","date_gmt":"2018-12-21T14:43:42","guid":{"rendered":"https:\/\/www.bagnoitalia.com\/product\/jacuzzi-angular-150x150-cm-with-27-jets-vs093-2"},"modified":"2018-12-21T15:43:42","modified_gmt":"2018-12-21T14:43:42","slug":"jacuzzi-angular-150x150-cm-with-27-jets-vs093-2","status":"publish","type":"product","link":"https:\/\/www.bagnoitalia.com\/es\/producto\/jacuzzi-angular-150x150-cm-with-27-jets-vs093-2.html","title":{"rendered":"Ba\u00f1era de Hidromasaje Angular 150&#215;150 cm, con 27 Jets VS093"},"content":{"rendered":"<p>La ba\u00f1era de hidromasaje esquinera VS093 es una peque\u00f1a joya t\u00e9cnica que le proporcionar\u00e1 confort y relajaci\u00f3n en el cuarto de ba\u00f1o de su hogar.<\/p>\n<p>La ba\u00f1era mide 150x150x63cm y est\u00e1 equipada con 27 chorros de hidromasaje: 16 chorros de agua y 11 chorros de aire m\u00e1s peque\u00f1os. La ba\u00f1era tambi\u00e9n dispone de reposacabezas, cromoterapia, altavoz bluetooth y mezclador de cascada.<\/p>\n<p>El hidromasaje aporta muchos beneficios y se considera, con raz\u00f3n, uno de los mejores aliados de la mujer: combate la retenci\u00f3n de l\u00edquidos y la celulitis estimulando la microcirculaci\u00f3n, da sensaci\u00f3n de ligereza, especialmente en las piernas, alivia la tensi\u00f3n muscular y los dolores de cabeza, y levanta el \u00e1nimo, sobre todo cuando el hidromasaje se acompa\u00f1a de cromoterapia.<\/p>\n<p>&nbsp;<\/p>\n<p>&nbsp;<\/p>\n<p>Hidromasaje VS093<\/p>\n<p>&nbsp;<img fetchpriority=\"high\" decoding=\"async\" class=\" size-full wp-image-42582\" src=\"https:\/\/img.bagnoitalia.com\/wp-content\/uploads\/1-scheda-tecnica-vasche-idromassaggio.jpg\" alt=\"\" width=\"814\" height=\"126\" class=\"size-full wp-image-48815\" srcset=\"https:\/\/img.bagnoitalia.com\/wp-content\/uploads\/1-scheda-tecnica-vasche-idromassaggio.jpg 814w, https:\/\/img.bagnoitalia.com\/wp-content\/uploads\/1-scheda-tecnica-vasche-idromassaggio-768x119.jpg 768w, https:\/\/img.bagnoitalia.com\/wp-content\/uploads\/1-scheda-tecnica-vasche-idromassaggio-441x68.jpg 441w, https:\/\/img.bagnoitalia.com\/wp-content\/uploads\/1-scheda-tecnica-vasche-idromassaggio-600x93.jpg 600w, https:\/\/img.bagnoitalia.com\/wp-content\/uploads\/1-scheda-tecnica-vasche-idromassaggio-150x23.jpg 150w\" sizes=\"(max-width: 814px) 100vw, 814px\" \/><\/p>\n<p>Caracter\u00edsticas:<\/p>\n<p>Ba\u00f1era de hidromasaje 150x150xH63 cm<\/p>\n<p>Con doble bomba de hidromasaje (agua y aire)<\/p>\n<p>Total 27 jets de los cuales<\/p>\n<p>4 chorros de agua grandes<br \/>12 chorros de agua peque\u00f1os<br \/>11 chorros de aire (en el fondo de la ba\u00f1era)<\/p>\n<p>Cromoterapia con luz LED de 7 colores.<\/p>\n<p>Panel de control t\u00e1ctil<\/p>\n<p>Regulador de presi\u00f3n de masaje de lat\u00f3n cromado<\/p>\n<p>Temperatura del calentador termost\u00e1tico regulable<\/p>\n<p>Caja con conexi\u00f3n bluetooth, resistente al agua<\/p>\n<p>Mezclador en cascada<\/p>\n<p>Reposacabezas para dos personas<\/p>\n<p>&nbsp;<\/p>\n","protected":false},"excerpt":{"rendered":"<p>Hidromasaje 150x150xH63 cm con cromoterapia chorros de aire y agua<\/p>\n","protected":false},"featured_media":42550,"comment_status":"open","ping_status":"closed","template":"","meta":[],"product_brand":[9890],"product_cat":[9709,9745],"product_tag":[],"class_list":{"0":"post-81256","1":"product","2":"type-product","3":"status-publish","4":"has-post-thumbnail","6":"product_brand-idrom-es","7":"product_cat-banera-de-hidromasaje","8":"product_cat-piscinas-de-hidromasaje","10":"first","11":"instock","12":"sale","13":"taxable","14":"shipping-taxable","15":"purchasable","16":"product-type-simple"},"exclude_global_add_ons":[],"addons":[],"yoast_head":"<!-- This site is optimized with the Yoast SEO plugin v26.7 - https:\/\/yoast.com\/wordpress\/plugins\/seo\/ -->\n<title>Ba\u00f1era de Hidromasaje Angular 150x150 cm, con 27 Jets VS093 - Bagno Italia<\/title>\n<meta name=\"description\" content=\"Hidromasaje 150x150xH63 cm con cromoterapia chorros de aire y agua\" \/>\n<meta name=\"robots\" content=\"index, follow, max-snippet:-1, max-image-preview:large, max-video-preview:-1\" \/>\n<link rel=\"canonical\" href=\"https:\/\/www.bagnoitalia.com\/es\/producto\/jacuzzi-angular-150x150-cm-with-27-jets-vs093-2.html\" \/>\n<meta property=\"og:locale\" content=\"es_ES\" \/>\n<meta property=\"og:type\" content=\"article\" \/>\n<meta property=\"og:title\" content=\"Ba\u00f1era de Hidromasaje Angular 150x150 cm, con 27 Jets VS093 - Bagno Italia\" \/>\n<meta property=\"og:description\" content=\"Hidromasaje 150x150xH63 cm con cromoterapia chorros de aire y agua\" \/>\n<meta property=\"og:url\" content=\"https:\/\/www.bagnoitalia.com\/es\/producto\/jacuzzi-angular-150x150-cm-with-27-jets-vs093-2.html\" \/>\n<meta property=\"og:site_name\" content=\"Bagno Italia\" \/>\n<meta property=\"og:image\" content=\"https:\/\/img.bagnoitalia.com\/wp-content\/uploads\/virtuemart\/product\/jacuzzi-angular-150x150-cm-with-27-jets-vs093_1545407855_313.jpg\" \/>\n\t<meta property=\"og:image:width\" content=\"550\" \/>\n\t<meta property=\"og:image:height\" content=\"550\" \/>\n\t<meta property=\"og:image:type\" content=\"image\/jpeg\" \/>\n<meta name=\"twitter:card\" content=\"summary_large_image\" \/>\n<meta name=\"twitter:label1\" content=\"Tiempo de lectura\" \/>\n\t<meta name=\"twitter:data1\" content=\"1 minuto\" \/>\n<script type=\"application\/ld+json\" class=\"yoast-schema-graph\">{\"@context\":\"https:\/\/schema.org\",\"@graph\":[{\"@type\":\"WebPage\",\"@id\":\"https:\/\/www.bagnoitalia.com\/es\/producto\/jacuzzi-angular-150x150-cm-with-27-jets-vs093-2.html\",\"url\":\"https:\/\/www.bagnoitalia.com\/es\/producto\/jacuzzi-angular-150x150-cm-with-27-jets-vs093-2.html\",\"name\":\"Ba\u00f1era de Hidromasaje Angular 150x150 cm, con 27 Jets VS093 - Bagno Italia\",\"isPartOf\":{\"@id\":\"https:\/\/www.bagnoitalia.com\/es#website\"},\"primaryImageOfPage\":{\"@id\":\"https:\/\/www.bagnoitalia.com\/es\/producto\/jacuzzi-angular-150x150-cm-with-27-jets-vs093-2.html#primaryimage\"},\"image\":{\"@id\":\"https:\/\/www.bagnoitalia.com\/es\/producto\/jacuzzi-angular-150x150-cm-with-27-jets-vs093-2.html#primaryimage\"},\"thumbnailUrl\":\"https:\/\/img.bagnoitalia.com\/wp-content\/uploads\/virtuemart\/product\/jacuzzi-angular-150x150-cm-with-27-jets-vs093_1545407855_313.jpg\",\"datePublished\":\"2018-12-21T14:43:42+00:00\",\"description\":\"Hidromasaje 150x150xH63 cm con cromoterapia chorros de aire y agua\",\"breadcrumb\":{\"@id\":\"https:\/\/www.bagnoitalia.com\/es\/producto\/jacuzzi-angular-150x150-cm-with-27-jets-vs093-2.html#breadcrumb\"},\"inLanguage\":\"es\",\"potentialAction\":[{\"@type\":\"ReadAction\",\"target\":[\"https:\/\/www.bagnoitalia.com\/es\/producto\/jacuzzi-angular-150x150-cm-with-27-jets-vs093-2.html\"]}]},{\"@type\":\"ImageObject\",\"inLanguage\":\"es\",\"@id\":\"https:\/\/www.bagnoitalia.com\/es\/producto\/jacuzzi-angular-150x150-cm-with-27-jets-vs093-2.html#primaryimage\",\"url\":\"https:\/\/img.bagnoitalia.com\/wp-content\/uploads\/virtuemart\/product\/jacuzzi-angular-150x150-cm-with-27-jets-vs093_1545407855_313.jpg\",\"contentUrl\":\"https:\/\/img.bagnoitalia.com\/wp-content\/uploads\/virtuemart\/product\/jacuzzi-angular-150x150-cm-with-27-jets-vs093_1545407855_313.jpg\",\"width\":550,\"height\":550},{\"@type\":\"BreadcrumbList\",\"@id\":\"https:\/\/www.bagnoitalia.com\/es\/producto\/jacuzzi-angular-150x150-cm-with-27-jets-vs093-2.html#breadcrumb\",\"itemListElement\":[{\"@type\":\"ListItem\",\"position\":1,\"name\":\"Home\",\"item\":\"https:\/\/www.bagnoitalia.com\/es\"},{\"@type\":\"ListItem\",\"position\":2,\"name\":\"Productos\",\"item\":\"https:\/\/www.bagnoitalia.com\/es\/shop\"},{\"@type\":\"ListItem\",\"position\":3,\"name\":\"Ba\u00f1era de Hidromasaje Angular 150&#215;150 cm, con 27 Jets VS093\"}]},{\"@type\":\"WebSite\",\"@id\":\"https:\/\/www.bagnoitalia.com\/es#website\",\"url\":\"https:\/\/www.bagnoitalia.com\/es\",\"name\":\"Bagno Italia\",\"description\":\"\",\"publisher\":{\"@id\":\"https:\/\/www.bagnoitalia.com\/es#organization\"},\"potentialAction\":[{\"@type\":\"SearchAction\",\"target\":{\"@type\":\"EntryPoint\",\"urlTemplate\":\"https:\/\/www.bagnoitalia.com\/es?s={search_term_string}\"},\"query-input\":{\"@type\":\"PropertyValueSpecification\",\"valueRequired\":true,\"valueName\":\"search_term_string\"}}],\"inLanguage\":\"es\"},{\"@type\":\"Organization\",\"@id\":\"https:\/\/www.bagnoitalia.com\/es#organization\",\"name\":\"Bagno Italia\",\"url\":\"https:\/\/www.bagnoitalia.com\/es\",\"logo\":{\"@type\":\"ImageObject\",\"inLanguage\":\"es\",\"@id\":\"https:\/\/www.bagnoitalia.com\/es#\/schema\/logo\/image\/\",\"url\":\"https:\/\/img.bagnoitalia.com\/wp-content\/uploads\/logo-bagnoitalia.webp\",\"contentUrl\":\"https:\/\/img.bagnoitalia.com\/wp-content\/uploads\/logo-bagnoitalia.webp\",\"width\":400,\"height\":70,\"caption\":\"Bagno Italia\"},\"image\":{\"@id\":\"https:\/\/www.bagnoitalia.com\/es#\/schema\/logo\/image\/\"}}]}<\/script>\n<!-- \/ Yoast SEO plugin. -->","yoast_head_json":{"title":"Ba\u00f1era de Hidromasaje Angular 150x150 cm, con 27 Jets VS093 - Bagno Italia","description":"Hidromasaje 150x150xH63 cm con cromoterapia chorros de aire y agua","robots":{"index":"index","follow":"follow","max-snippet":"max-snippet:-1","max-image-preview":"max-image-preview:large","max-video-preview":"max-video-preview:-1"},"canonical":"https:\/\/www.bagnoitalia.com\/es\/producto\/jacuzzi-angular-150x150-cm-with-27-jets-vs093-2.html","og_locale":"es_ES","og_type":"article","og_title":"Ba\u00f1era de Hidromasaje Angular 150x150 cm, con 27 Jets VS093 - Bagno Italia","og_description":"Hidromasaje 150x150xH63 cm con cromoterapia chorros de aire y agua","og_url":"https:\/\/www.bagnoitalia.com\/es\/producto\/jacuzzi-angular-150x150-cm-with-27-jets-vs093-2.html","og_site_name":"Bagno Italia","og_image":[{"width":550,"height":550,"url":"https:\/\/img.bagnoitalia.com\/wp-content\/uploads\/virtuemart\/product\/jacuzzi-angular-150x150-cm-with-27-jets-vs093_1545407855_313.jpg","type":"image\/jpeg"}],"twitter_card":"summary_large_image","twitter_misc":{"Tiempo de lectura":"1 minuto"},"schema":{"@context":"https:\/\/schema.org","@graph":[{"@type":"WebPage","@id":"https:\/\/www.bagnoitalia.com\/es\/producto\/jacuzzi-angular-150x150-cm-with-27-jets-vs093-2.html","url":"https:\/\/www.bagnoitalia.com\/es\/producto\/jacuzzi-angular-150x150-cm-with-27-jets-vs093-2.html","name":"Ba\u00f1era de Hidromasaje Angular 150x150 cm, con 27 Jets VS093 - Bagno Italia","isPartOf":{"@id":"https:\/\/www.bagnoitalia.com\/es#website"},"primaryImageOfPage":{"@id":"https:\/\/www.bagnoitalia.com\/es\/producto\/jacuzzi-angular-150x150-cm-with-27-jets-vs093-2.html#primaryimage"},"image":{"@id":"https:\/\/www.bagnoitalia.com\/es\/producto\/jacuzzi-angular-150x150-cm-with-27-jets-vs093-2.html#primaryimage"},"thumbnailUrl":"https:\/\/img.bagnoitalia.com\/wp-content\/uploads\/virtuemart\/product\/jacuzzi-angular-150x150-cm-with-27-jets-vs093_1545407855_313.jpg","datePublished":"2018-12-21T14:43:42+00:00","description":"Hidromasaje 150x150xH63 cm con cromoterapia chorros de aire y agua","breadcrumb":{"@id":"https:\/\/www.bagnoitalia.com\/es\/producto\/jacuzzi-angular-150x150-cm-with-27-jets-vs093-2.html#breadcrumb"},"inLanguage":"es","potentialAction":[{"@type":"ReadAction","target":["https:\/\/www.bagnoitalia.com\/es\/producto\/jacuzzi-angular-150x150-cm-with-27-jets-vs093-2.html"]}]},{"@type":"ImageObject","inLanguage":"es","@id":"https:\/\/www.bagnoitalia.com\/es\/producto\/jacuzzi-angular-150x150-cm-with-27-jets-vs093-2.html#primaryimage","url":"https:\/\/img.bagnoitalia.com\/wp-content\/uploads\/virtuemart\/product\/jacuzzi-angular-150x150-cm-with-27-jets-vs093_1545407855_313.jpg","contentUrl":"https:\/\/img.bagnoitalia.com\/wp-content\/uploads\/virtuemart\/product\/jacuzzi-angular-150x150-cm-with-27-jets-vs093_1545407855_313.jpg","width":550,"height":550},{"@type":"BreadcrumbList","@id":"https:\/\/www.bagnoitalia.com\/es\/producto\/jacuzzi-angular-150x150-cm-with-27-jets-vs093-2.html#breadcrumb","itemListElement":[{"@type":"ListItem","position":1,"name":"Home","item":"https:\/\/www.bagnoitalia.com\/es"},{"@type":"ListItem","position":2,"name":"Productos","item":"https:\/\/www.bagnoitalia.com\/es\/shop"},{"@type":"ListItem","position":3,"name":"Ba\u00f1era de Hidromasaje Angular 150&#215;150 cm, con 27 Jets VS093"}]},{"@type":"WebSite","@id":"https:\/\/www.bagnoitalia.com\/es#website","url":"https:\/\/www.bagnoitalia.com\/es","name":"Bagno Italia","description":"","publisher":{"@id":"https:\/\/www.bagnoitalia.com\/es#organization"},"potentialAction":[{"@type":"SearchAction","target":{"@type":"EntryPoint","urlTemplate":"https:\/\/www.bagnoitalia.com\/es?s={search_term_string}"},"query-input":{"@type":"PropertyValueSpecification","valueRequired":true,"valueName":"search_term_string"}}],"inLanguage":"es"},{"@type":"Organization","@id":"https:\/\/www.bagnoitalia.com\/es#organization","name":"Bagno Italia","url":"https:\/\/www.bagnoitalia.com\/es","logo":{"@type":"ImageObject","inLanguage":"es","@id":"https:\/\/www.bagnoitalia.com\/es#\/schema\/logo\/image\/","url":"https:\/\/img.bagnoitalia.com\/wp-content\/uploads\/logo-bagnoitalia.webp","contentUrl":"https:\/\/img.bagnoitalia.com\/wp-content\/uploads\/logo-bagnoitalia.webp","width":400,"height":70,"caption":"Bagno Italia"},"image":{"@id":"https:\/\/www.bagnoitalia.com\/es#\/schema\/logo\/image\/"}}]}},"_links":{"self":[{"href":"https:\/\/www.bagnoitalia.com\/es\/wp-json\/wp\/v2\/product\/81256","targetHints":{"allow":["GET"]}}],"collection":[{"href":"https:\/\/www.bagnoitalia.com\/es\/wp-json\/wp\/v2\/product"}],"about":[{"href":"https:\/\/www.bagnoitalia.com\/es\/wp-json\/wp\/v2\/types\/product"}],"replies":[{"embeddable":true,"href":"https:\/\/www.bagnoitalia.com\/es\/wp-json\/wp\/v2\/comments?post=81256"}],"version-history":[{"count":0,"href":"https:\/\/www.bagnoitalia.com\/es\/wp-json\/wp\/v2\/product\/81256\/revisions"}],"wp:featuredmedia":[{"embeddable":true,"href":"https:\/\/www.bagnoitalia.com\/es\/wp-json\/wp\/v2\/media\/42550"}],"wp:attachment":[{"href":"https:\/\/www.bagnoitalia.com\/es\/wp-json\/wp\/v2\/media?parent=81256"}],"wp:term":[{"taxonomy":"product_brand","embeddable":true,"href":"https:\/\/www.bagnoitalia.com\/es\/wp-json\/wp\/v2\/product_brand?post=81256"},{"taxonomy":"product_cat","embeddable":true,"href":"https:\/\/www.bagnoitalia.com\/es\/wp-json\/wp\/v2\/product_cat?post=81256"},{"taxonomy":"product_tag","embeddable":true,"href":"https:\/\/www.bagnoitalia.com\/es\/wp-json\/wp\/v2\/product_tag?post=81256"}],"curies":[{"name":"wp","href":"https:\/\/api.w.org\/{rel}","templated":true}]}}