{"id":81228,"date":"2018-12-20T15:50:17","date_gmt":"2018-12-20T14:50:17","guid":{"rendered":"https:\/\/www.bagnoitalia.com\/product\/espejo-de-bano-arezzo-90x100-o-100x90-193"},"modified":"2024-09-23T10:36:49","modified_gmt":"2024-09-23T08:36:49","slug":"espejo-de-bano-arezzo-90x100-o-100x90-193","status":"publish","type":"product","link":"https:\/\/www.bagnoitalia.com\/es\/producto\/espejo-de-bano-arezzo-90x100-o-100x90-193.html","title":{"rendered":"Espejo de ba\u00f1o Arezzo 90&#215;100 o 100&#215;90 SP053"},"content":{"rendered":"<p><strong>El espejo de 90x100x2.5 cm se puede colocar tanto vertical como horizontalmente.<\/strong><\/p>\n<p><strong>Incluye kit de fijaci\u00f3n mural<\/strong><\/p>\n<p><strong>En el men\u00fa de abajo tambi\u00e9n es posible no solicitar el aplique (seleccionando el elemento NO Aplique)<\/strong><\/p>\n<p><strong>NB: la l\u00e1mpara de pared que ofrecemos es la de la foto secundaria mod. foto (con la luz encendida)<\/strong><\/p>\n","protected":false},"excerpt":{"rendered":"<p>El espejo de ba\u00f1o de 90&#215;100 se puede colocar en la pared tanto horizontal como verticalmente.<\/p>\n","protected":false},"featured_media":42302,"comment_status":"open","ping_status":"closed","template":"","meta":[],"product_brand":[5011],"product_cat":[9681],"product_tag":[],"class_list":{"0":"post-81228","1":"product","2":"type-product","3":"status-publish","4":"has-post-thumbnail","6":"product_brand-baden-haus","7":"product_cat-espejos","9":"first","10":"instock","11":"sale","12":"taxable","13":"shipping-taxable","14":"purchasable","15":"product-type-simple"},"exclude_global_add_ons":[],"addons":[],"yoast_head":"<!-- This site is optimized with the Yoast SEO plugin v26.7 - https:\/\/yoast.com\/wordpress\/plugins\/seo\/ -->\n<title>Espejo de ba\u00f1o Arezzo 90x100 bh<\/title>\n<meta name=\"description\" content=\"Arezzo Espejo de ba\u00f1o de 90x100 o 100x90 cm, instalaci\u00f3n tanto vertical como horizontal, con o sin aplique.\" \/>\n<meta name=\"robots\" content=\"index, follow, max-snippet:-1, max-image-preview:large, max-video-preview:-1\" \/>\n<link rel=\"canonical\" href=\"https:\/\/www.bagnoitalia.com\/es\/producto\/espejo-de-bano-arezzo-90x100-o-100x90-193.html\" \/>\n<meta property=\"og:locale\" content=\"es_ES\" \/>\n<meta property=\"og:type\" content=\"article\" \/>\n<meta property=\"og:title\" content=\"Espejo de ba\u00f1o Arezzo 90x100 bh\" \/>\n<meta property=\"og:description\" content=\"Arezzo Espejo de ba\u00f1o de 90x100 o 100x90 cm, instalaci\u00f3n tanto vertical como horizontal, con o sin aplique.\" \/>\n<meta property=\"og:url\" content=\"https:\/\/www.bagnoitalia.com\/es\/producto\/espejo-de-bano-arezzo-90x100-o-100x90-193.html\" \/>\n<meta property=\"og:site_name\" content=\"Bagno Italia\" \/>\n<meta property=\"article:modified_time\" content=\"2024-09-23T08:36:49+00:00\" \/>\n<meta property=\"og:image\" content=\"https:\/\/img.bagnoitalia.com\/wp-content\/uploads\/virtuemart\/product\/141x70-cm-led-bathroom-mirror-with-anti-fog-system-132_1545321419_636.jpg\" \/>\n\t<meta property=\"og:image:width\" content=\"571\" \/>\n\t<meta property=\"og:image:height\" content=\"570\" \/>\n\t<meta property=\"og:image:type\" content=\"image\/jpeg\" \/>\n<meta name=\"twitter:card\" content=\"summary_large_image\" \/>\n<meta name=\"twitter:label1\" content=\"Tiempo de lectura\" \/>\n\t<meta name=\"twitter:data1\" content=\"1 minuto\" \/>\n<script type=\"application\/ld+json\" class=\"yoast-schema-graph\">{\"@context\":\"https:\/\/schema.org\",\"@graph\":[{\"@type\":\"WebPage\",\"@id\":\"https:\/\/www.bagnoitalia.com\/es\/producto\/espejo-de-bano-arezzo-90x100-o-100x90-193.html\",\"url\":\"https:\/\/www.bagnoitalia.com\/es\/producto\/espejo-de-bano-arezzo-90x100-o-100x90-193.html\",\"name\":\"Espejo de ba\u00f1o Arezzo 90x100 bh\",\"isPartOf\":{\"@id\":\"https:\/\/www.bagnoitalia.com\/es#website\"},\"primaryImageOfPage\":{\"@id\":\"https:\/\/www.bagnoitalia.com\/es\/producto\/espejo-de-bano-arezzo-90x100-o-100x90-193.html#primaryimage\"},\"image\":{\"@id\":\"https:\/\/www.bagnoitalia.com\/es\/producto\/espejo-de-bano-arezzo-90x100-o-100x90-193.html#primaryimage\"},\"thumbnailUrl\":\"https:\/\/img.bagnoitalia.com\/wp-content\/uploads\/virtuemart\/product\/141x70-cm-led-bathroom-mirror-with-anti-fog-system-132_1545321419_636.jpg\",\"datePublished\":\"2018-12-20T14:50:17+00:00\",\"dateModified\":\"2024-09-23T08:36:49+00:00\",\"description\":\"Arezzo Espejo de ba\u00f1o de 90x100 o 100x90 cm, instalaci\u00f3n tanto vertical como horizontal, con o sin aplique.\",\"breadcrumb\":{\"@id\":\"https:\/\/www.bagnoitalia.com\/es\/producto\/espejo-de-bano-arezzo-90x100-o-100x90-193.html#breadcrumb\"},\"inLanguage\":\"es\",\"potentialAction\":[{\"@type\":\"ReadAction\",\"target\":[\"https:\/\/www.bagnoitalia.com\/es\/producto\/espejo-de-bano-arezzo-90x100-o-100x90-193.html\"]}]},{\"@type\":\"ImageObject\",\"inLanguage\":\"es\",\"@id\":\"https:\/\/www.bagnoitalia.com\/es\/producto\/espejo-de-bano-arezzo-90x100-o-100x90-193.html#primaryimage\",\"url\":\"https:\/\/img.bagnoitalia.com\/wp-content\/uploads\/virtuemart\/product\/141x70-cm-led-bathroom-mirror-with-anti-fog-system-132_1545321419_636.jpg\",\"contentUrl\":\"https:\/\/img.bagnoitalia.com\/wp-content\/uploads\/virtuemart\/product\/141x70-cm-led-bathroom-mirror-with-anti-fog-system-132_1545321419_636.jpg\",\"width\":571,\"height\":570},{\"@type\":\"BreadcrumbList\",\"@id\":\"https:\/\/www.bagnoitalia.com\/es\/producto\/espejo-de-bano-arezzo-90x100-o-100x90-193.html#breadcrumb\",\"itemListElement\":[{\"@type\":\"ListItem\",\"position\":1,\"name\":\"Home\",\"item\":\"https:\/\/www.bagnoitalia.com\/es\"},{\"@type\":\"ListItem\",\"position\":2,\"name\":\"Productos\",\"item\":\"https:\/\/www.bagnoitalia.com\/es\/shop\"},{\"@type\":\"ListItem\",\"position\":3,\"name\":\"Espejo de ba\u00f1o Arezzo 90&#215;100 o 100&#215;90 SP053\"}]},{\"@type\":\"WebSite\",\"@id\":\"https:\/\/www.bagnoitalia.com\/es#website\",\"url\":\"https:\/\/www.bagnoitalia.com\/es\",\"name\":\"Bagno Italia\",\"description\":\"\",\"publisher\":{\"@id\":\"https:\/\/www.bagnoitalia.com\/es#organization\"},\"potentialAction\":[{\"@type\":\"SearchAction\",\"target\":{\"@type\":\"EntryPoint\",\"urlTemplate\":\"https:\/\/www.bagnoitalia.com\/es?s={search_term_string}\"},\"query-input\":{\"@type\":\"PropertyValueSpecification\",\"valueRequired\":true,\"valueName\":\"search_term_string\"}}],\"inLanguage\":\"es\"},{\"@type\":\"Organization\",\"@id\":\"https:\/\/www.bagnoitalia.com\/es#organization\",\"name\":\"Bagno Italia\",\"url\":\"https:\/\/www.bagnoitalia.com\/es\",\"logo\":{\"@type\":\"ImageObject\",\"inLanguage\":\"es\",\"@id\":\"https:\/\/www.bagnoitalia.com\/es#\/schema\/logo\/image\/\",\"url\":\"https:\/\/img.bagnoitalia.com\/wp-content\/uploads\/logo-bagnoitalia.webp\",\"contentUrl\":\"https:\/\/img.bagnoitalia.com\/wp-content\/uploads\/logo-bagnoitalia.webp\",\"width\":400,\"height\":70,\"caption\":\"Bagno Italia\"},\"image\":{\"@id\":\"https:\/\/www.bagnoitalia.com\/es#\/schema\/logo\/image\/\"}}]}<\/script>\n<!-- \/ Yoast SEO plugin. -->","yoast_head_json":{"title":"Espejo de ba\u00f1o Arezzo 90x100 bh","description":"Arezzo Espejo de ba\u00f1o de 90x100 o 100x90 cm, instalaci\u00f3n tanto vertical como horizontal, con o sin aplique.","robots":{"index":"index","follow":"follow","max-snippet":"max-snippet:-1","max-image-preview":"max-image-preview:large","max-video-preview":"max-video-preview:-1"},"canonical":"https:\/\/www.bagnoitalia.com\/es\/producto\/espejo-de-bano-arezzo-90x100-o-100x90-193.html","og_locale":"es_ES","og_type":"article","og_title":"Espejo de ba\u00f1o Arezzo 90x100 bh","og_description":"Arezzo Espejo de ba\u00f1o de 90x100 o 100x90 cm, instalaci\u00f3n tanto vertical como horizontal, con o sin aplique.","og_url":"https:\/\/www.bagnoitalia.com\/es\/producto\/espejo-de-bano-arezzo-90x100-o-100x90-193.html","og_site_name":"Bagno Italia","article_modified_time":"2024-09-23T08:36:49+00:00","og_image":[{"width":571,"height":570,"url":"https:\/\/img.bagnoitalia.com\/wp-content\/uploads\/virtuemart\/product\/141x70-cm-led-bathroom-mirror-with-anti-fog-system-132_1545321419_636.jpg","type":"image\/jpeg"}],"twitter_card":"summary_large_image","twitter_misc":{"Tiempo de lectura":"1 minuto"},"schema":{"@context":"https:\/\/schema.org","@graph":[{"@type":"WebPage","@id":"https:\/\/www.bagnoitalia.com\/es\/producto\/espejo-de-bano-arezzo-90x100-o-100x90-193.html","url":"https:\/\/www.bagnoitalia.com\/es\/producto\/espejo-de-bano-arezzo-90x100-o-100x90-193.html","name":"Espejo de ba\u00f1o Arezzo 90x100 bh","isPartOf":{"@id":"https:\/\/www.bagnoitalia.com\/es#website"},"primaryImageOfPage":{"@id":"https:\/\/www.bagnoitalia.com\/es\/producto\/espejo-de-bano-arezzo-90x100-o-100x90-193.html#primaryimage"},"image":{"@id":"https:\/\/www.bagnoitalia.com\/es\/producto\/espejo-de-bano-arezzo-90x100-o-100x90-193.html#primaryimage"},"thumbnailUrl":"https:\/\/img.bagnoitalia.com\/wp-content\/uploads\/virtuemart\/product\/141x70-cm-led-bathroom-mirror-with-anti-fog-system-132_1545321419_636.jpg","datePublished":"2018-12-20T14:50:17+00:00","dateModified":"2024-09-23T08:36:49+00:00","description":"Arezzo Espejo de ba\u00f1o de 90x100 o 100x90 cm, instalaci\u00f3n tanto vertical como horizontal, con o sin aplique.","breadcrumb":{"@id":"https:\/\/www.bagnoitalia.com\/es\/producto\/espejo-de-bano-arezzo-90x100-o-100x90-193.html#breadcrumb"},"inLanguage":"es","potentialAction":[{"@type":"ReadAction","target":["https:\/\/www.bagnoitalia.com\/es\/producto\/espejo-de-bano-arezzo-90x100-o-100x90-193.html"]}]},{"@type":"ImageObject","inLanguage":"es","@id":"https:\/\/www.bagnoitalia.com\/es\/producto\/espejo-de-bano-arezzo-90x100-o-100x90-193.html#primaryimage","url":"https:\/\/img.bagnoitalia.com\/wp-content\/uploads\/virtuemart\/product\/141x70-cm-led-bathroom-mirror-with-anti-fog-system-132_1545321419_636.jpg","contentUrl":"https:\/\/img.bagnoitalia.com\/wp-content\/uploads\/virtuemart\/product\/141x70-cm-led-bathroom-mirror-with-anti-fog-system-132_1545321419_636.jpg","width":571,"height":570},{"@type":"BreadcrumbList","@id":"https:\/\/www.bagnoitalia.com\/es\/producto\/espejo-de-bano-arezzo-90x100-o-100x90-193.html#breadcrumb","itemListElement":[{"@type":"ListItem","position":1,"name":"Home","item":"https:\/\/www.bagnoitalia.com\/es"},{"@type":"ListItem","position":2,"name":"Productos","item":"https:\/\/www.bagnoitalia.com\/es\/shop"},{"@type":"ListItem","position":3,"name":"Espejo de ba\u00f1o Arezzo 90&#215;100 o 100&#215;90 SP053"}]},{"@type":"WebSite","@id":"https:\/\/www.bagnoitalia.com\/es#website","url":"https:\/\/www.bagnoitalia.com\/es","name":"Bagno Italia","description":"","publisher":{"@id":"https:\/\/www.bagnoitalia.com\/es#organization"},"potentialAction":[{"@type":"SearchAction","target":{"@type":"EntryPoint","urlTemplate":"https:\/\/www.bagnoitalia.com\/es?s={search_term_string}"},"query-input":{"@type":"PropertyValueSpecification","valueRequired":true,"valueName":"search_term_string"}}],"inLanguage":"es"},{"@type":"Organization","@id":"https:\/\/www.bagnoitalia.com\/es#organization","name":"Bagno Italia","url":"https:\/\/www.bagnoitalia.com\/es","logo":{"@type":"ImageObject","inLanguage":"es","@id":"https:\/\/www.bagnoitalia.com\/es#\/schema\/logo\/image\/","url":"https:\/\/img.bagnoitalia.com\/wp-content\/uploads\/logo-bagnoitalia.webp","contentUrl":"https:\/\/img.bagnoitalia.com\/wp-content\/uploads\/logo-bagnoitalia.webp","width":400,"height":70,"caption":"Bagno Italia"},"image":{"@id":"https:\/\/www.bagnoitalia.com\/es#\/schema\/logo\/image\/"}}]}},"_links":{"self":[{"href":"https:\/\/www.bagnoitalia.com\/es\/wp-json\/wp\/v2\/product\/81228","targetHints":{"allow":["GET"]}}],"collection":[{"href":"https:\/\/www.bagnoitalia.com\/es\/wp-json\/wp\/v2\/product"}],"about":[{"href":"https:\/\/www.bagnoitalia.com\/es\/wp-json\/wp\/v2\/types\/product"}],"replies":[{"embeddable":true,"href":"https:\/\/www.bagnoitalia.com\/es\/wp-json\/wp\/v2\/comments?post=81228"}],"version-history":[{"count":2,"href":"https:\/\/www.bagnoitalia.com\/es\/wp-json\/wp\/v2\/product\/81228\/revisions"}],"predecessor-version":[{"id":92299,"href":"https:\/\/www.bagnoitalia.com\/es\/wp-json\/wp\/v2\/product\/81228\/revisions\/92299"}],"wp:featuredmedia":[{"embeddable":true,"href":"https:\/\/www.bagnoitalia.com\/es\/wp-json\/wp\/v2\/media\/42302"}],"wp:attachment":[{"href":"https:\/\/www.bagnoitalia.com\/es\/wp-json\/wp\/v2\/media?parent=81228"}],"wp:term":[{"taxonomy":"product_brand","embeddable":true,"href":"https:\/\/www.bagnoitalia.com\/es\/wp-json\/wp\/v2\/product_brand?post=81228"},{"taxonomy":"product_cat","embeddable":true,"href":"https:\/\/www.bagnoitalia.com\/es\/wp-json\/wp\/v2\/product_cat?post=81228"},{"taxonomy":"product_tag","embeddable":true,"href":"https:\/\/www.bagnoitalia.com\/es\/wp-json\/wp\/v2\/product_tag?post=81228"}],"curies":[{"name":"wp","href":"https:\/\/api.w.org\/{rel}","templated":true}]}}