{"id":81204,"date":"2018-12-19T10:59:27","date_gmt":"2018-12-19T09:59:27","guid":{"rendered":"https:\/\/www.bagnoitalia.com\/product\/cabina-de-ducha-70x90-reversible-transparente-o-semicircular-vidrio-opaco-box010-549"},"modified":"2018-12-19T10:59:27","modified_gmt":"2018-12-19T09:59:27","slug":"cabina-de-ducha-70x90-reversible-transparente-o-semicircular-vidrio-opaco-box010-549","status":"publish","type":"product","link":"https:\/\/www.bagnoitalia.com\/es\/producto\/cabina-de-ducha-70x90-reversible-transparente-o-semicircular-vidrio-opaco-box010-549.html","title":{"rendered":"Cabina de Ducha 70&#215;90 Reversible Cristal transparente u Opaco, Semicircular BOX061"},"content":{"rendered":"<p><span style=\"font-size: 12pt;\"><strong>Cabina de ducha 70x90x185H REVERSIBLE <br \/><\/strong><\/span><\/p>\n<\/p>\n<p><span style=\"color: #000000;\">Vidrio templado de 6mm.<\/span><\/p>\n<p><span style=\"color: #000000;\">Perfiles en aluminio cromo pulido. <br \/><\/span><\/p>\n<p><span style=\"color: #000000;\">Cierre magn\u00e9tico (im\u00e1n) <br \/><\/span><\/p>\n<p><span style=\"color: #000000;\">Apertura con 2 puertas correderas de esquina. Tama\u00f1o de la entrada 42 cm<\/span><\/p>\n<p><span style=\"color: #000000;\">Ajustable hasta 2 cm menos y 1 cm m\u00e1s por lado.<\/span><\/p>\n<p><span style=\"color: #000000;\">Adaptable hasta 68 a 71 cm y desde 88 a 91 cm. <br \/><\/span><\/p>\n<p><span style=\"color: #000000;\">Disponible con vidrio transparente u opaco. <br \/><\/span><\/p>\n<p><span style=\"color: #000000;\">Plato de ducha no incluido (puede agregarlo a trav\u00e9s del men\u00fa de arriba) <br \/><\/span><\/p>\n<p><span style=\"text-decoration: underline; font-size: 10pt; color: #ff0000;\"><strong>En el men\u00fa anterior es posible agregar otra puerta fija para tener la caja de tres lados<\/strong><\/span><\/p>\n<p><img fetchpriority=\"high\" decoding=\"async\" class=\" size-full wp-image-15381\" src=\"https:\/\/img.bagnoitalia.com\/wp-content\/uploads\/1b.jpg\" alt=\"https:\/\/www.bagnoitalia.it\/https:\/\/img.bagnoitalia.com\/wp-content\/uploads\/1b.jpg\" width=\"812\" height=\"77\" \/><\/p>\n<\/p>\n<p><strong>La versi\u00f3n DERECHA de la placa es como se muestra a continuaci\u00f3n (la versi\u00f3n izquierda est\u00e1 en el otro lado)<\/strong><\/p><\/p>\n","protected":false},"excerpt":{"rendered":"<p>Cabina de ducha perfil de aluminio semicircular reversible 70x90x185H, cristal de 6 mm<\/p>\n","protected":false},"featured_media":42082,"comment_status":"open","ping_status":"closed","template":"","meta":[],"product_brand":[9887],"product_cat":[15],"product_tag":[],"class_list":{"0":"post-81204","1":"product","2":"type-product","3":"status-publish","4":"has-post-thumbnail","6":"product_brand-hydrastar-es","7":"product_cat-senza-categoria","9":"first","10":"outofstock","11":"taxable","12":"shipping-taxable","13":"purchasable","14":"product-type-simple"},"exclude_global_add_ons":false,"addons":[{"name":"CAMPI_PIATTO_DOCCIA\r\n","type":"select","position":0,"required":true,"title_format":"label","default":"","description_enable":false,"description":"","placeholder_enable":false,"placeholder":"","display":"select","restrictions_type":"any_text","adjust_price":false,"price":"","price_type":"","restrictions":false,"min":"0","max":"0","options":[]}],"yoast_head":"<!-- This site is optimized with the Yoast SEO plugin v26.7 - https:\/\/yoast.com\/wordpress\/plugins\/seo\/ -->\n<title>Cabina de ducha 70x90 derecha o izquierda con vidrio transparente o semicircular punteada hd<\/title>\n<meta name=\"description\" content=\"Cabina de ducha disponible en la medida de modelo semicircular reversible de 70x90 cm, con cristal transparente o de puntos.\" \/>\n<meta name=\"robots\" content=\"index, follow, max-snippet:-1, max-image-preview:large, max-video-preview:-1\" \/>\n<link rel=\"canonical\" href=\"https:\/\/www.bagnoitalia.com\/es\/producto\/cabina-de-ducha-70x90-reversible-transparente-o-semicircular-vidrio-opaco-box010-549.html\" \/>\n<meta property=\"og:locale\" content=\"es_ES\" \/>\n<meta property=\"og:type\" content=\"article\" \/>\n<meta property=\"og:title\" content=\"Cabina de ducha 70x90 derecha o izquierda con vidrio transparente o semicircular punteada hd\" \/>\n<meta property=\"og:description\" content=\"Cabina de ducha disponible en la medida de modelo semicircular reversible de 70x90 cm, con cristal transparente o de puntos.\" \/>\n<meta property=\"og:url\" content=\"https:\/\/www.bagnoitalia.com\/es\/producto\/cabina-de-ducha-70x90-reversible-transparente-o-semicircular-vidrio-opaco-box010-549.html\" \/>\n<meta property=\"og:site_name\" content=\"Bagno Italia\" \/>\n<meta property=\"og:image\" content=\"https:\/\/img.bagnoitalia.com\/wp-content\/uploads\/virtuemart\/product\/semicircular-shower-enclosure-70x90-cm-transparent-slim-box061-123_1545217448_855.jpg\" \/>\n\t<meta property=\"og:image:width\" content=\"505\" \/>\n\t<meta property=\"og:image:height\" content=\"550\" \/>\n\t<meta property=\"og:image:type\" content=\"image\/jpeg\" \/>\n<meta name=\"twitter:card\" content=\"summary_large_image\" \/>\n<meta name=\"twitter:label1\" content=\"Tiempo de lectura\" \/>\n\t<meta name=\"twitter:data1\" content=\"1 minuto\" \/>\n<script type=\"application\/ld+json\" class=\"yoast-schema-graph\">{\"@context\":\"https:\/\/schema.org\",\"@graph\":[{\"@type\":\"WebPage\",\"@id\":\"https:\/\/www.bagnoitalia.com\/es\/producto\/cabina-de-ducha-70x90-reversible-transparente-o-semicircular-vidrio-opaco-box010-549.html\",\"url\":\"https:\/\/www.bagnoitalia.com\/es\/producto\/cabina-de-ducha-70x90-reversible-transparente-o-semicircular-vidrio-opaco-box010-549.html\",\"name\":\"Cabina de ducha 70x90 derecha o izquierda con vidrio transparente o semicircular punteada hd\",\"isPartOf\":{\"@id\":\"https:\/\/www.bagnoitalia.com\/es#website\"},\"primaryImageOfPage\":{\"@id\":\"https:\/\/www.bagnoitalia.com\/es\/producto\/cabina-de-ducha-70x90-reversible-transparente-o-semicircular-vidrio-opaco-box010-549.html#primaryimage\"},\"image\":{\"@id\":\"https:\/\/www.bagnoitalia.com\/es\/producto\/cabina-de-ducha-70x90-reversible-transparente-o-semicircular-vidrio-opaco-box010-549.html#primaryimage\"},\"thumbnailUrl\":\"https:\/\/img.bagnoitalia.com\/wp-content\/uploads\/virtuemart\/product\/semicircular-shower-enclosure-70x90-cm-transparent-slim-box061-123_1545217448_855.jpg\",\"datePublished\":\"2018-12-19T09:59:27+00:00\",\"description\":\"Cabina de ducha disponible en la medida de modelo semicircular reversible de 70x90 cm, con cristal transparente o de puntos.\",\"breadcrumb\":{\"@id\":\"https:\/\/www.bagnoitalia.com\/es\/producto\/cabina-de-ducha-70x90-reversible-transparente-o-semicircular-vidrio-opaco-box010-549.html#breadcrumb\"},\"inLanguage\":\"es\",\"potentialAction\":[{\"@type\":\"ReadAction\",\"target\":[\"https:\/\/www.bagnoitalia.com\/es\/producto\/cabina-de-ducha-70x90-reversible-transparente-o-semicircular-vidrio-opaco-box010-549.html\"]}]},{\"@type\":\"ImageObject\",\"inLanguage\":\"es\",\"@id\":\"https:\/\/www.bagnoitalia.com\/es\/producto\/cabina-de-ducha-70x90-reversible-transparente-o-semicircular-vidrio-opaco-box010-549.html#primaryimage\",\"url\":\"https:\/\/img.bagnoitalia.com\/wp-content\/uploads\/virtuemart\/product\/semicircular-shower-enclosure-70x90-cm-transparent-slim-box061-123_1545217448_855.jpg\",\"contentUrl\":\"https:\/\/img.bagnoitalia.com\/wp-content\/uploads\/virtuemart\/product\/semicircular-shower-enclosure-70x90-cm-transparent-slim-box061-123_1545217448_855.jpg\",\"width\":505,\"height\":550},{\"@type\":\"BreadcrumbList\",\"@id\":\"https:\/\/www.bagnoitalia.com\/es\/producto\/cabina-de-ducha-70x90-reversible-transparente-o-semicircular-vidrio-opaco-box010-549.html#breadcrumb\",\"itemListElement\":[{\"@type\":\"ListItem\",\"position\":1,\"name\":\"Home\",\"item\":\"https:\/\/www.bagnoitalia.com\/es\"},{\"@type\":\"ListItem\",\"position\":2,\"name\":\"Productos\",\"item\":\"https:\/\/www.bagnoitalia.com\/es\/shop\"},{\"@type\":\"ListItem\",\"position\":3,\"name\":\"Cabina de Ducha 70&#215;90 Reversible Cristal transparente u Opaco, Semicircular BOX061\"}]},{\"@type\":\"WebSite\",\"@id\":\"https:\/\/www.bagnoitalia.com\/es#website\",\"url\":\"https:\/\/www.bagnoitalia.com\/es\",\"name\":\"Bagno Italia\",\"description\":\"\",\"publisher\":{\"@id\":\"https:\/\/www.bagnoitalia.com\/es#organization\"},\"potentialAction\":[{\"@type\":\"SearchAction\",\"target\":{\"@type\":\"EntryPoint\",\"urlTemplate\":\"https:\/\/www.bagnoitalia.com\/es?s={search_term_string}\"},\"query-input\":{\"@type\":\"PropertyValueSpecification\",\"valueRequired\":true,\"valueName\":\"search_term_string\"}}],\"inLanguage\":\"es\"},{\"@type\":\"Organization\",\"@id\":\"https:\/\/www.bagnoitalia.com\/es#organization\",\"name\":\"Bagno Italia\",\"url\":\"https:\/\/www.bagnoitalia.com\/es\",\"logo\":{\"@type\":\"ImageObject\",\"inLanguage\":\"es\",\"@id\":\"https:\/\/www.bagnoitalia.com\/es#\/schema\/logo\/image\/\",\"url\":\"https:\/\/img.bagnoitalia.com\/wp-content\/uploads\/logo-bagnoitalia.webp\",\"contentUrl\":\"https:\/\/img.bagnoitalia.com\/wp-content\/uploads\/logo-bagnoitalia.webp\",\"width\":400,\"height\":70,\"caption\":\"Bagno Italia\"},\"image\":{\"@id\":\"https:\/\/www.bagnoitalia.com\/es#\/schema\/logo\/image\/\"}}]}<\/script>\n<!-- \/ Yoast SEO plugin. -->","yoast_head_json":{"title":"Cabina de ducha 70x90 derecha o izquierda con vidrio transparente o semicircular punteada hd","description":"Cabina de ducha disponible en la medida de modelo semicircular reversible de 70x90 cm, con cristal transparente o de puntos.","robots":{"index":"index","follow":"follow","max-snippet":"max-snippet:-1","max-image-preview":"max-image-preview:large","max-video-preview":"max-video-preview:-1"},"canonical":"https:\/\/www.bagnoitalia.com\/es\/producto\/cabina-de-ducha-70x90-reversible-transparente-o-semicircular-vidrio-opaco-box010-549.html","og_locale":"es_ES","og_type":"article","og_title":"Cabina de ducha 70x90 derecha o izquierda con vidrio transparente o semicircular punteada hd","og_description":"Cabina de ducha disponible en la medida de modelo semicircular reversible de 70x90 cm, con cristal transparente o de puntos.","og_url":"https:\/\/www.bagnoitalia.com\/es\/producto\/cabina-de-ducha-70x90-reversible-transparente-o-semicircular-vidrio-opaco-box010-549.html","og_site_name":"Bagno Italia","og_image":[{"width":505,"height":550,"url":"https:\/\/img.bagnoitalia.com\/wp-content\/uploads\/virtuemart\/product\/semicircular-shower-enclosure-70x90-cm-transparent-slim-box061-123_1545217448_855.jpg","type":"image\/jpeg"}],"twitter_card":"summary_large_image","twitter_misc":{"Tiempo de lectura":"1 minuto"},"schema":{"@context":"https:\/\/schema.org","@graph":[{"@type":"WebPage","@id":"https:\/\/www.bagnoitalia.com\/es\/producto\/cabina-de-ducha-70x90-reversible-transparente-o-semicircular-vidrio-opaco-box010-549.html","url":"https:\/\/www.bagnoitalia.com\/es\/producto\/cabina-de-ducha-70x90-reversible-transparente-o-semicircular-vidrio-opaco-box010-549.html","name":"Cabina de ducha 70x90 derecha o izquierda con vidrio transparente o semicircular punteada hd","isPartOf":{"@id":"https:\/\/www.bagnoitalia.com\/es#website"},"primaryImageOfPage":{"@id":"https:\/\/www.bagnoitalia.com\/es\/producto\/cabina-de-ducha-70x90-reversible-transparente-o-semicircular-vidrio-opaco-box010-549.html#primaryimage"},"image":{"@id":"https:\/\/www.bagnoitalia.com\/es\/producto\/cabina-de-ducha-70x90-reversible-transparente-o-semicircular-vidrio-opaco-box010-549.html#primaryimage"},"thumbnailUrl":"https:\/\/img.bagnoitalia.com\/wp-content\/uploads\/virtuemart\/product\/semicircular-shower-enclosure-70x90-cm-transparent-slim-box061-123_1545217448_855.jpg","datePublished":"2018-12-19T09:59:27+00:00","description":"Cabina de ducha disponible en la medida de modelo semicircular reversible de 70x90 cm, con cristal transparente o de puntos.","breadcrumb":{"@id":"https:\/\/www.bagnoitalia.com\/es\/producto\/cabina-de-ducha-70x90-reversible-transparente-o-semicircular-vidrio-opaco-box010-549.html#breadcrumb"},"inLanguage":"es","potentialAction":[{"@type":"ReadAction","target":["https:\/\/www.bagnoitalia.com\/es\/producto\/cabina-de-ducha-70x90-reversible-transparente-o-semicircular-vidrio-opaco-box010-549.html"]}]},{"@type":"ImageObject","inLanguage":"es","@id":"https:\/\/www.bagnoitalia.com\/es\/producto\/cabina-de-ducha-70x90-reversible-transparente-o-semicircular-vidrio-opaco-box010-549.html#primaryimage","url":"https:\/\/img.bagnoitalia.com\/wp-content\/uploads\/virtuemart\/product\/semicircular-shower-enclosure-70x90-cm-transparent-slim-box061-123_1545217448_855.jpg","contentUrl":"https:\/\/img.bagnoitalia.com\/wp-content\/uploads\/virtuemart\/product\/semicircular-shower-enclosure-70x90-cm-transparent-slim-box061-123_1545217448_855.jpg","width":505,"height":550},{"@type":"BreadcrumbList","@id":"https:\/\/www.bagnoitalia.com\/es\/producto\/cabina-de-ducha-70x90-reversible-transparente-o-semicircular-vidrio-opaco-box010-549.html#breadcrumb","itemListElement":[{"@type":"ListItem","position":1,"name":"Home","item":"https:\/\/www.bagnoitalia.com\/es"},{"@type":"ListItem","position":2,"name":"Productos","item":"https:\/\/www.bagnoitalia.com\/es\/shop"},{"@type":"ListItem","position":3,"name":"Cabina de Ducha 70&#215;90 Reversible Cristal transparente u Opaco, Semicircular BOX061"}]},{"@type":"WebSite","@id":"https:\/\/www.bagnoitalia.com\/es#website","url":"https:\/\/www.bagnoitalia.com\/es","name":"Bagno Italia","description":"","publisher":{"@id":"https:\/\/www.bagnoitalia.com\/es#organization"},"potentialAction":[{"@type":"SearchAction","target":{"@type":"EntryPoint","urlTemplate":"https:\/\/www.bagnoitalia.com\/es?s={search_term_string}"},"query-input":{"@type":"PropertyValueSpecification","valueRequired":true,"valueName":"search_term_string"}}],"inLanguage":"es"},{"@type":"Organization","@id":"https:\/\/www.bagnoitalia.com\/es#organization","name":"Bagno Italia","url":"https:\/\/www.bagnoitalia.com\/es","logo":{"@type":"ImageObject","inLanguage":"es","@id":"https:\/\/www.bagnoitalia.com\/es#\/schema\/logo\/image\/","url":"https:\/\/img.bagnoitalia.com\/wp-content\/uploads\/logo-bagnoitalia.webp","contentUrl":"https:\/\/img.bagnoitalia.com\/wp-content\/uploads\/logo-bagnoitalia.webp","width":400,"height":70,"caption":"Bagno Italia"},"image":{"@id":"https:\/\/www.bagnoitalia.com\/es#\/schema\/logo\/image\/"}}]}},"_links":{"self":[{"href":"https:\/\/www.bagnoitalia.com\/es\/wp-json\/wp\/v2\/product\/81204","targetHints":{"allow":["GET"]}}],"collection":[{"href":"https:\/\/www.bagnoitalia.com\/es\/wp-json\/wp\/v2\/product"}],"about":[{"href":"https:\/\/www.bagnoitalia.com\/es\/wp-json\/wp\/v2\/types\/product"}],"replies":[{"embeddable":true,"href":"https:\/\/www.bagnoitalia.com\/es\/wp-json\/wp\/v2\/comments?post=81204"}],"version-history":[{"count":0,"href":"https:\/\/www.bagnoitalia.com\/es\/wp-json\/wp\/v2\/product\/81204\/revisions"}],"wp:featuredmedia":[{"embeddable":true,"href":"https:\/\/www.bagnoitalia.com\/es\/wp-json\/wp\/v2\/media\/42082"}],"wp:attachment":[{"href":"https:\/\/www.bagnoitalia.com\/es\/wp-json\/wp\/v2\/media?parent=81204"}],"wp:term":[{"taxonomy":"product_brand","embeddable":true,"href":"https:\/\/www.bagnoitalia.com\/es\/wp-json\/wp\/v2\/product_brand?post=81204"},{"taxonomy":"product_cat","embeddable":true,"href":"https:\/\/www.bagnoitalia.com\/es\/wp-json\/wp\/v2\/product_cat?post=81204"},{"taxonomy":"product_tag","embeddable":true,"href":"https:\/\/www.bagnoitalia.com\/es\/wp-json\/wp\/v2\/product_tag?post=81204"}],"curies":[{"name":"wp","href":"https:\/\/api.w.org\/{rel}","templated":true}]}}