{"id":81184,"date":"2018-12-19T08:47:56","date_gmt":"2018-12-19T07:47:56","guid":{"rendered":"https:\/\/www.bagnoitalia.com\/product\/banera-de-hidromasaje-165x83-version-derecha-o-izquierda-con-cromoterapia-y-grifos-incluidos-vs079-1074-1121"},"modified":"2018-12-19T08:47:56","modified_gmt":"2018-12-19T07:47:56","slug":"banera-de-hidromasaje-165x83-version-derecha-o-izquierda-con-cromoterapia-y-grifos-incluidos-vs079-1074-1121","status":"publish","type":"product","link":"https:\/\/www.bagnoitalia.com\/es\/producto\/banera-de-hidromasaje-165x83-version-derecha-o-izquierda-con-cromoterapia-y-grifos-incluidos-vs079-1074-1121.html","title":{"rendered":"Ba\u00f1era de Hidromasaje 170&#215;70 cm con 9 jets y grifer\u00eda incluida VS089"},"content":{"rendered":"<p><span style=\"font-size: 12pt;\"><strong>BA\u00d1ERA DE HIDROMASAJE VS089<\/strong><\/span><\/p>\n<p><strong>CARACTER\u00cdSTICAS:<\/strong><\/p>\n<p>Medidas: 170x70xH53 cm<\/p>\n<p>5 Jets Grandes direccionables<\/p>\n<p>4 Jets Peque\u00f1os fijos<\/p>\n<p>Materiales: 5mm de acr\u00edlico y ABS reforzados con 3 estratos de vidrio-resina<\/p>\n<p>Bomba de Hidromasaje (grifer\u00eda incluida en el precio)<\/p>\n<p>Regulador de flujo de aire<\/p>\n<p>1 Apoya cabeza<\/p>\n<p>Peso (vac\u00eda) 65 kg<\/p><\/p>\n","protected":false},"excerpt":{"rendered":"<p>Ba\u00f1era con 5 jets grandes (direccionables) y 4 peque\u00f1os (fijos). Apoya cabeza y grifer\u00eda incluidos en el precio.<\/p>\n","protected":false},"featured_media":41962,"comment_status":"open","ping_status":"closed","template":"","meta":[],"product_brand":[9911],"product_cat":[9709,9745],"product_tag":[],"class_list":{"0":"post-81184","1":"product","2":"type-product","3":"status-publish","4":"has-post-thumbnail","6":"product_brand-puntorelax-es","7":"product_cat-banera-de-hidromasaje","8":"product_cat-piscinas-de-hidromasaje","10":"first","11":"instock","12":"sale","13":"taxable","14":"shipping-taxable","15":"purchasable","16":"product-type-simple"},"exclude_global_add_ons":[],"addons":[],"yoast_head":"<!-- This site is optimized with the Yoast SEO plugin v26.7 - https:\/\/yoast.com\/wordpress\/plugins\/seo\/ -->\n<title>Ba\u00f1era de hidromasaje 165x83 versi\u00f3n derecha o izquierda con cromoterapia y grifos incluidos VS079<\/title>\n<meta name=\"robots\" content=\"index, follow, max-snippet:-1, max-image-preview:large, max-video-preview:-1\" \/>\n<link rel=\"canonical\" href=\"https:\/\/www.bagnoitalia.com\/es\/producto\/banera-de-hidromasaje-165x83-version-derecha-o-izquierda-con-cromoterapia-y-grifos-incluidos-vs079-1074-1121.html\" \/>\n<meta property=\"og:locale\" content=\"es_ES\" \/>\n<meta property=\"og:type\" content=\"article\" \/>\n<meta property=\"og:title\" content=\"Ba\u00f1era de hidromasaje 165x83 versi\u00f3n derecha o izquierda con cromoterapia y grifos incluidos VS079\" \/>\n<meta property=\"og:description\" content=\"Ba\u00f1era con 5 jets grandes (direccionables) y 4 peque\u00f1os (fijos). Apoya cabeza y grifer\u00eda incluidos en el precio.\" \/>\n<meta property=\"og:url\" content=\"https:\/\/www.bagnoitalia.com\/es\/producto\/banera-de-hidromasaje-165x83-version-derecha-o-izquierda-con-cromoterapia-y-grifos-incluidos-vs079-1074-1121.html\" \/>\n<meta property=\"og:site_name\" content=\"Bagno Italia\" \/>\n<meta property=\"og:image\" content=\"https:\/\/img.bagnoitalia.com\/wp-content\/uploads\/virtuemart\/product\/170x70-cm-jacuzzi-9-jets-and-faucets-included-vs089-123_1545209489_749.jpg\" \/>\n\t<meta property=\"og:image:width\" content=\"550\" \/>\n\t<meta property=\"og:image:height\" content=\"550\" \/>\n\t<meta property=\"og:image:type\" content=\"image\/jpeg\" \/>\n<meta name=\"twitter:card\" content=\"summary_large_image\" \/>\n<script type=\"application\/ld+json\" class=\"yoast-schema-graph\">{\"@context\":\"https:\/\/schema.org\",\"@graph\":[{\"@type\":\"WebPage\",\"@id\":\"https:\/\/www.bagnoitalia.com\/es\/producto\/banera-de-hidromasaje-165x83-version-derecha-o-izquierda-con-cromoterapia-y-grifos-incluidos-vs079-1074-1121.html\",\"url\":\"https:\/\/www.bagnoitalia.com\/es\/producto\/banera-de-hidromasaje-165x83-version-derecha-o-izquierda-con-cromoterapia-y-grifos-incluidos-vs079-1074-1121.html\",\"name\":\"Ba\u00f1era de hidromasaje 165x83 versi\u00f3n derecha o izquierda con cromoterapia y grifos incluidos VS079\",\"isPartOf\":{\"@id\":\"https:\/\/www.bagnoitalia.com\/es#website\"},\"primaryImageOfPage\":{\"@id\":\"https:\/\/www.bagnoitalia.com\/es\/producto\/banera-de-hidromasaje-165x83-version-derecha-o-izquierda-con-cromoterapia-y-grifos-incluidos-vs079-1074-1121.html#primaryimage\"},\"image\":{\"@id\":\"https:\/\/www.bagnoitalia.com\/es\/producto\/banera-de-hidromasaje-165x83-version-derecha-o-izquierda-con-cromoterapia-y-grifos-incluidos-vs079-1074-1121.html#primaryimage\"},\"thumbnailUrl\":\"https:\/\/img.bagnoitalia.com\/wp-content\/uploads\/virtuemart\/product\/170x70-cm-jacuzzi-9-jets-and-faucets-included-vs089-123_1545209489_749.jpg\",\"datePublished\":\"2018-12-19T07:47:56+00:00\",\"breadcrumb\":{\"@id\":\"https:\/\/www.bagnoitalia.com\/es\/producto\/banera-de-hidromasaje-165x83-version-derecha-o-izquierda-con-cromoterapia-y-grifos-incluidos-vs079-1074-1121.html#breadcrumb\"},\"inLanguage\":\"es\",\"potentialAction\":[{\"@type\":\"ReadAction\",\"target\":[\"https:\/\/www.bagnoitalia.com\/es\/producto\/banera-de-hidromasaje-165x83-version-derecha-o-izquierda-con-cromoterapia-y-grifos-incluidos-vs079-1074-1121.html\"]}]},{\"@type\":\"ImageObject\",\"inLanguage\":\"es\",\"@id\":\"https:\/\/www.bagnoitalia.com\/es\/producto\/banera-de-hidromasaje-165x83-version-derecha-o-izquierda-con-cromoterapia-y-grifos-incluidos-vs079-1074-1121.html#primaryimage\",\"url\":\"https:\/\/img.bagnoitalia.com\/wp-content\/uploads\/virtuemart\/product\/170x70-cm-jacuzzi-9-jets-and-faucets-included-vs089-123_1545209489_749.jpg\",\"contentUrl\":\"https:\/\/img.bagnoitalia.com\/wp-content\/uploads\/virtuemart\/product\/170x70-cm-jacuzzi-9-jets-and-faucets-included-vs089-123_1545209489_749.jpg\",\"width\":550,\"height\":550},{\"@type\":\"BreadcrumbList\",\"@id\":\"https:\/\/www.bagnoitalia.com\/es\/producto\/banera-de-hidromasaje-165x83-version-derecha-o-izquierda-con-cromoterapia-y-grifos-incluidos-vs079-1074-1121.html#breadcrumb\",\"itemListElement\":[{\"@type\":\"ListItem\",\"position\":1,\"name\":\"Home\",\"item\":\"https:\/\/www.bagnoitalia.com\/es\"},{\"@type\":\"ListItem\",\"position\":2,\"name\":\"Productos\",\"item\":\"https:\/\/www.bagnoitalia.com\/es\/shop\"},{\"@type\":\"ListItem\",\"position\":3,\"name\":\"Ba\u00f1era de Hidromasaje 170&#215;70 cm con 9 jets y grifer\u00eda incluida VS089\"}]},{\"@type\":\"WebSite\",\"@id\":\"https:\/\/www.bagnoitalia.com\/es#website\",\"url\":\"https:\/\/www.bagnoitalia.com\/es\",\"name\":\"Bagno Italia\",\"description\":\"\",\"publisher\":{\"@id\":\"https:\/\/www.bagnoitalia.com\/es#organization\"},\"potentialAction\":[{\"@type\":\"SearchAction\",\"target\":{\"@type\":\"EntryPoint\",\"urlTemplate\":\"https:\/\/www.bagnoitalia.com\/es?s={search_term_string}\"},\"query-input\":{\"@type\":\"PropertyValueSpecification\",\"valueRequired\":true,\"valueName\":\"search_term_string\"}}],\"inLanguage\":\"es\"},{\"@type\":\"Organization\",\"@id\":\"https:\/\/www.bagnoitalia.com\/es#organization\",\"name\":\"Bagno Italia\",\"url\":\"https:\/\/www.bagnoitalia.com\/es\",\"logo\":{\"@type\":\"ImageObject\",\"inLanguage\":\"es\",\"@id\":\"https:\/\/www.bagnoitalia.com\/es#\/schema\/logo\/image\/\",\"url\":\"https:\/\/img.bagnoitalia.com\/wp-content\/uploads\/logo-bagnoitalia.webp\",\"contentUrl\":\"https:\/\/img.bagnoitalia.com\/wp-content\/uploads\/logo-bagnoitalia.webp\",\"width\":400,\"height\":70,\"caption\":\"Bagno Italia\"},\"image\":{\"@id\":\"https:\/\/www.bagnoitalia.com\/es#\/schema\/logo\/image\/\"}}]}<\/script>\n<!-- \/ Yoast SEO plugin. -->","yoast_head_json":{"title":"Ba\u00f1era de hidromasaje 165x83 versi\u00f3n derecha o izquierda con cromoterapia y grifos incluidos VS079","robots":{"index":"index","follow":"follow","max-snippet":"max-snippet:-1","max-image-preview":"max-image-preview:large","max-video-preview":"max-video-preview:-1"},"canonical":"https:\/\/www.bagnoitalia.com\/es\/producto\/banera-de-hidromasaje-165x83-version-derecha-o-izquierda-con-cromoterapia-y-grifos-incluidos-vs079-1074-1121.html","og_locale":"es_ES","og_type":"article","og_title":"Ba\u00f1era de hidromasaje 165x83 versi\u00f3n derecha o izquierda con cromoterapia y grifos incluidos VS079","og_description":"Ba\u00f1era con 5 jets grandes (direccionables) y 4 peque\u00f1os (fijos). Apoya cabeza y grifer\u00eda incluidos en el precio.","og_url":"https:\/\/www.bagnoitalia.com\/es\/producto\/banera-de-hidromasaje-165x83-version-derecha-o-izquierda-con-cromoterapia-y-grifos-incluidos-vs079-1074-1121.html","og_site_name":"Bagno Italia","og_image":[{"width":550,"height":550,"url":"https:\/\/img.bagnoitalia.com\/wp-content\/uploads\/virtuemart\/product\/170x70-cm-jacuzzi-9-jets-and-faucets-included-vs089-123_1545209489_749.jpg","type":"image\/jpeg"}],"twitter_card":"summary_large_image","schema":{"@context":"https:\/\/schema.org","@graph":[{"@type":"WebPage","@id":"https:\/\/www.bagnoitalia.com\/es\/producto\/banera-de-hidromasaje-165x83-version-derecha-o-izquierda-con-cromoterapia-y-grifos-incluidos-vs079-1074-1121.html","url":"https:\/\/www.bagnoitalia.com\/es\/producto\/banera-de-hidromasaje-165x83-version-derecha-o-izquierda-con-cromoterapia-y-grifos-incluidos-vs079-1074-1121.html","name":"Ba\u00f1era de hidromasaje 165x83 versi\u00f3n derecha o izquierda con cromoterapia y grifos incluidos VS079","isPartOf":{"@id":"https:\/\/www.bagnoitalia.com\/es#website"},"primaryImageOfPage":{"@id":"https:\/\/www.bagnoitalia.com\/es\/producto\/banera-de-hidromasaje-165x83-version-derecha-o-izquierda-con-cromoterapia-y-grifos-incluidos-vs079-1074-1121.html#primaryimage"},"image":{"@id":"https:\/\/www.bagnoitalia.com\/es\/producto\/banera-de-hidromasaje-165x83-version-derecha-o-izquierda-con-cromoterapia-y-grifos-incluidos-vs079-1074-1121.html#primaryimage"},"thumbnailUrl":"https:\/\/img.bagnoitalia.com\/wp-content\/uploads\/virtuemart\/product\/170x70-cm-jacuzzi-9-jets-and-faucets-included-vs089-123_1545209489_749.jpg","datePublished":"2018-12-19T07:47:56+00:00","breadcrumb":{"@id":"https:\/\/www.bagnoitalia.com\/es\/producto\/banera-de-hidromasaje-165x83-version-derecha-o-izquierda-con-cromoterapia-y-grifos-incluidos-vs079-1074-1121.html#breadcrumb"},"inLanguage":"es","potentialAction":[{"@type":"ReadAction","target":["https:\/\/www.bagnoitalia.com\/es\/producto\/banera-de-hidromasaje-165x83-version-derecha-o-izquierda-con-cromoterapia-y-grifos-incluidos-vs079-1074-1121.html"]}]},{"@type":"ImageObject","inLanguage":"es","@id":"https:\/\/www.bagnoitalia.com\/es\/producto\/banera-de-hidromasaje-165x83-version-derecha-o-izquierda-con-cromoterapia-y-grifos-incluidos-vs079-1074-1121.html#primaryimage","url":"https:\/\/img.bagnoitalia.com\/wp-content\/uploads\/virtuemart\/product\/170x70-cm-jacuzzi-9-jets-and-faucets-included-vs089-123_1545209489_749.jpg","contentUrl":"https:\/\/img.bagnoitalia.com\/wp-content\/uploads\/virtuemart\/product\/170x70-cm-jacuzzi-9-jets-and-faucets-included-vs089-123_1545209489_749.jpg","width":550,"height":550},{"@type":"BreadcrumbList","@id":"https:\/\/www.bagnoitalia.com\/es\/producto\/banera-de-hidromasaje-165x83-version-derecha-o-izquierda-con-cromoterapia-y-grifos-incluidos-vs079-1074-1121.html#breadcrumb","itemListElement":[{"@type":"ListItem","position":1,"name":"Home","item":"https:\/\/www.bagnoitalia.com\/es"},{"@type":"ListItem","position":2,"name":"Productos","item":"https:\/\/www.bagnoitalia.com\/es\/shop"},{"@type":"ListItem","position":3,"name":"Ba\u00f1era de Hidromasaje 170&#215;70 cm con 9 jets y grifer\u00eda incluida VS089"}]},{"@type":"WebSite","@id":"https:\/\/www.bagnoitalia.com\/es#website","url":"https:\/\/www.bagnoitalia.com\/es","name":"Bagno Italia","description":"","publisher":{"@id":"https:\/\/www.bagnoitalia.com\/es#organization"},"potentialAction":[{"@type":"SearchAction","target":{"@type":"EntryPoint","urlTemplate":"https:\/\/www.bagnoitalia.com\/es?s={search_term_string}"},"query-input":{"@type":"PropertyValueSpecification","valueRequired":true,"valueName":"search_term_string"}}],"inLanguage":"es"},{"@type":"Organization","@id":"https:\/\/www.bagnoitalia.com\/es#organization","name":"Bagno Italia","url":"https:\/\/www.bagnoitalia.com\/es","logo":{"@type":"ImageObject","inLanguage":"es","@id":"https:\/\/www.bagnoitalia.com\/es#\/schema\/logo\/image\/","url":"https:\/\/img.bagnoitalia.com\/wp-content\/uploads\/logo-bagnoitalia.webp","contentUrl":"https:\/\/img.bagnoitalia.com\/wp-content\/uploads\/logo-bagnoitalia.webp","width":400,"height":70,"caption":"Bagno Italia"},"image":{"@id":"https:\/\/www.bagnoitalia.com\/es#\/schema\/logo\/image\/"}}]}},"_links":{"self":[{"href":"https:\/\/www.bagnoitalia.com\/es\/wp-json\/wp\/v2\/product\/81184","targetHints":{"allow":["GET"]}}],"collection":[{"href":"https:\/\/www.bagnoitalia.com\/es\/wp-json\/wp\/v2\/product"}],"about":[{"href":"https:\/\/www.bagnoitalia.com\/es\/wp-json\/wp\/v2\/types\/product"}],"replies":[{"embeddable":true,"href":"https:\/\/www.bagnoitalia.com\/es\/wp-json\/wp\/v2\/comments?post=81184"}],"version-history":[{"count":0,"href":"https:\/\/www.bagnoitalia.com\/es\/wp-json\/wp\/v2\/product\/81184\/revisions"}],"wp:featuredmedia":[{"embeddable":true,"href":"https:\/\/www.bagnoitalia.com\/es\/wp-json\/wp\/v2\/media\/41962"}],"wp:attachment":[{"href":"https:\/\/www.bagnoitalia.com\/es\/wp-json\/wp\/v2\/media?parent=81184"}],"wp:term":[{"taxonomy":"product_brand","embeddable":true,"href":"https:\/\/www.bagnoitalia.com\/es\/wp-json\/wp\/v2\/product_brand?post=81184"},{"taxonomy":"product_cat","embeddable":true,"href":"https:\/\/www.bagnoitalia.com\/es\/wp-json\/wp\/v2\/product_cat?post=81184"},{"taxonomy":"product_tag","embeddable":true,"href":"https:\/\/www.bagnoitalia.com\/es\/wp-json\/wp\/v2\/product_tag?post=81184"}],"curies":[{"name":"wp","href":"https:\/\/api.w.org\/{rel}","templated":true}]}}