{"id":81172,"date":"2018-12-18T15:40:52","date_gmt":"2018-12-18T14:40:52","guid":{"rendered":"https:\/\/www.bagnoitalia.com\/product\/wall-hung-bathroom-vanity-debby-60x40-in-4-colors-and-mirror-included"},"modified":"2026-01-16T11:15:23","modified_gmt":"2026-01-16T10:15:23","slug":"wall-hung-bathroom-vanity-debby-60x40-in-4-colors-and-mirror-included","status":"publish","type":"product","link":"https:\/\/www.bagnoitalia.com\/es\/producto\/wall-hung-bathroom-vanity-debby-60x40-in-4-colors-and-mirror-included.html","title":{"rendered":"Mueble de Ba\u00f1o Suspendido Debby 60&#215;40,  disponible en 4 colores y con Espejo incluido"},"content":{"rendered":"<p><strong><span style=\"color: #ff0000; font-size: 18pt;\">Mueble de ba\u00f1o Debby<\/span><\/strong><\/p>\n<p>&nbsp;<\/p>\n<p><span style=\"text-decoration: underline;\"><strong><span style=\"font-size: 14pt;\">El precio de venta incluye:<\/span><\/strong><\/span><\/p>\n<p><span style=\"font-size: 12pt;\">1 base de lavabo 60xH44,3xPmax40 cm (Prof.\u00a0 m\u00ednima 34 cm)<\/span><\/p>\n<p><span style=\"font-size: 12pt;\"> 1 Lavabo integral en resina <\/span><\/p>\n<p><span style=\"font-size: 12pt;\">1 Espejo 60x80cm (reversible y con bordos anticorte)<\/span><\/p>\n<p>&nbsp;<\/p>\n<p><span style=\"font-size: 18.6667px;\">CARACTER\u00cdSTICAS T\u00c9CNICAS:<\/span><\/p>\n<p><span style=\"font-size: 12pt;\">Estructura en madera MDF <\/span><\/p>\n<p><span style=\"font-size: 12pt;\">Mueble formado por 1 caj\u00f3n<\/span><\/p>\n<p><span style=\"font-size: 12pt;\">Colores disponibles: Blanco opaco, Azul oc\u00e9ano opaco <\/span><\/p>\n<p><span style=\"font-size: 12pt;\">Kit para fijar en el muro incluido en el precio<\/span><\/p>\n<p><span style=\"font-size: 12pt;\"><strong style=\"font-size: 12px;\"><span style=\"font-size: 12pt;\">La Grifer\u00eda y lamparas led no vienen incluidas en el precio.<\/span><\/strong><\/span><\/p>\n<p>&nbsp;<\/p>\n<p>&nbsp;<\/p>\n","protected":false},"excerpt":{"rendered":"<p>El mueble Suspendido moderno Debby, est\u00e1 conformado por una base de caj\u00f3n porta lavabo en resina, con terminaci\u00f3n opaca, disponible: en blanco, negro, gris t\u00f3rtola y azul oc\u00e9ano<\/p>\n","protected":false},"featured_media":41812,"comment_status":"open","ping_status":"closed","template":"","meta":[],"product_brand":[9884],"product_cat":[9717],"product_tag":[],"class_list":{"0":"post-81172","1":"product","2":"type-product","3":"status-publish","4":"has-post-thumbnail","6":"product_brand-deghi-es","7":"product_cat-mueble-de-bano-de-40-a-70-cm-muebles-modernos","9":"first","10":"instock","11":"sale","12":"taxable","13":"shipping-taxable","14":"purchasable","15":"product-type-simple"},"exclude_global_add_ons":false,"addons":[{"name":"color","type":"multiple_choice","position":0,"required":true,"title_format":"heading","default":"","description_enable":false,"description":"","placeholder_enable":false,"placeholder":"","display":"select","restrictions_type":"any_text","adjust_price":false,"price":"","price_type":"flat_fee","restrictions":false,"min":"0","max":"0","options":[{"label":"azul oc\u00e9ano mate","price":"","price_type":"quantity_based","image":0,"visibility":true},{"label":"madera blanca","price":"","price_type":"quantity_based","image":0,"visibility":true},{"label":"nuez","price":"","price_type":"quantity_based","image":0,"visibility":true},{"label":"Blanco Mate","price":"","price_type":"quantity_based","image":0,"visibility":true},{"label":"gris paloma mate","price":"","price_type":"quantity_based","image":0,"visibility":true},{"label":"roble","price":"","price_type":"quantity_based","image":0,"visibility":true}],"id":1718710557},{"name":"Aplique","type":"multiple_choice","position":1,"required":true,"title_format":"heading","default":"","description_enable":false,"description":"","placeholder_enable":false,"placeholder":"","display":"select","restrictions_type":"any_text","adjust_price":false,"price":"","price_type":"flat_fee","restrictions":false,"min":"0","max":"0","options":[{"label":"sin aplique led","price":"","price_type":"quantity_based","image":0,"visibility":true},{"label":"Aplique LED cromado","price":"20","price_type":"quantity_based","image":0,"visibility":true},{"label":"Aplique LED negro","price":"25","price_type":"quantity_based","image":0,"visibility":true}],"id":1718710558}],"yoast_head":"<!-- This site is optimized with the Yoast SEO plugin v26.7 - https:\/\/yoast.com\/wordpress\/plugins\/seo\/ -->\n<title>Mueble de ba\u00f1o Holly 42 cm suspendido que ahorra espacio 4 colores espejo disponible<\/title>\n<meta name=\"description\" content=\"Holly mueble de ba\u00f1o 42 cm suspendido que ahorra espacio 4 colores espejo disponible incluido en madera mdf\" \/>\n<meta name=\"robots\" content=\"index, follow, max-snippet:-1, max-image-preview:large, max-video-preview:-1\" \/>\n<link rel=\"canonical\" href=\"https:\/\/www.bagnoitalia.com\/es\/producto\/wall-hung-bathroom-vanity-debby-60x40-in-4-colors-and-mirror-included.html\" \/>\n<meta property=\"og:locale\" content=\"es_ES\" \/>\n<meta property=\"og:type\" content=\"article\" \/>\n<meta property=\"og:title\" content=\"Mueble de ba\u00f1o Holly 42 cm suspendido que ahorra espacio 4 colores espejo disponible\" \/>\n<meta property=\"og:description\" content=\"Holly mueble de ba\u00f1o 42 cm suspendido que ahorra espacio 4 colores espejo disponible incluido en madera mdf\" \/>\n<meta property=\"og:url\" content=\"https:\/\/www.bagnoitalia.com\/es\/producto\/wall-hung-bathroom-vanity-debby-60x40-in-4-colors-and-mirror-included.html\" \/>\n<meta property=\"og:site_name\" content=\"Bagno Italia\" \/>\n<meta property=\"article:modified_time\" content=\"2026-01-16T10:15:23+00:00\" \/>\n<meta property=\"og:image\" content=\"https:\/\/img.bagnoitalia.com\/wp-content\/uploads\/virtuemart\/product\/wall-hung-bathroom-vanity-debby-60x40-colors_1622010849_862.jpg\" \/>\n\t<meta property=\"og:image:width\" content=\"550\" \/>\n\t<meta property=\"og:image:height\" content=\"550\" \/>\n\t<meta property=\"og:image:type\" content=\"image\/jpeg\" \/>\n<meta name=\"twitter:card\" content=\"summary_large_image\" \/>\n<meta name=\"twitter:label1\" content=\"Tiempo de lectura\" \/>\n\t<meta name=\"twitter:data1\" content=\"1 minuto\" \/>\n<script type=\"application\/ld+json\" class=\"yoast-schema-graph\">{\"@context\":\"https:\/\/schema.org\",\"@graph\":[{\"@type\":\"WebPage\",\"@id\":\"https:\/\/www.bagnoitalia.com\/es\/producto\/wall-hung-bathroom-vanity-debby-60x40-in-4-colors-and-mirror-included.html\",\"url\":\"https:\/\/www.bagnoitalia.com\/es\/producto\/wall-hung-bathroom-vanity-debby-60x40-in-4-colors-and-mirror-included.html\",\"name\":\"Mueble de ba\u00f1o Holly 42 cm suspendido que ahorra espacio 4 colores espejo disponible\",\"isPartOf\":{\"@id\":\"https:\/\/www.bagnoitalia.com\/es#website\"},\"primaryImageOfPage\":{\"@id\":\"https:\/\/www.bagnoitalia.com\/es\/producto\/wall-hung-bathroom-vanity-debby-60x40-in-4-colors-and-mirror-included.html#primaryimage\"},\"image\":{\"@id\":\"https:\/\/www.bagnoitalia.com\/es\/producto\/wall-hung-bathroom-vanity-debby-60x40-in-4-colors-and-mirror-included.html#primaryimage\"},\"thumbnailUrl\":\"https:\/\/img.bagnoitalia.com\/wp-content\/uploads\/virtuemart\/product\/wall-hung-bathroom-vanity-debby-60x40-colors_1622010849_862.jpg\",\"datePublished\":\"2018-12-18T14:40:52+00:00\",\"dateModified\":\"2026-01-16T10:15:23+00:00\",\"description\":\"Holly mueble de ba\u00f1o 42 cm suspendido que ahorra espacio 4 colores espejo disponible incluido en madera mdf\",\"breadcrumb\":{\"@id\":\"https:\/\/www.bagnoitalia.com\/es\/producto\/wall-hung-bathroom-vanity-debby-60x40-in-4-colors-and-mirror-included.html#breadcrumb\"},\"inLanguage\":\"es\",\"potentialAction\":[{\"@type\":\"ReadAction\",\"target\":[\"https:\/\/www.bagnoitalia.com\/es\/producto\/wall-hung-bathroom-vanity-debby-60x40-in-4-colors-and-mirror-included.html\"]}]},{\"@type\":\"ImageObject\",\"inLanguage\":\"es\",\"@id\":\"https:\/\/www.bagnoitalia.com\/es\/producto\/wall-hung-bathroom-vanity-debby-60x40-in-4-colors-and-mirror-included.html#primaryimage\",\"url\":\"https:\/\/img.bagnoitalia.com\/wp-content\/uploads\/virtuemart\/product\/wall-hung-bathroom-vanity-debby-60x40-colors_1622010849_862.jpg\",\"contentUrl\":\"https:\/\/img.bagnoitalia.com\/wp-content\/uploads\/virtuemart\/product\/wall-hung-bathroom-vanity-debby-60x40-colors_1622010849_862.jpg\",\"width\":550,\"height\":550},{\"@type\":\"BreadcrumbList\",\"@id\":\"https:\/\/www.bagnoitalia.com\/es\/producto\/wall-hung-bathroom-vanity-debby-60x40-in-4-colors-and-mirror-included.html#breadcrumb\",\"itemListElement\":[{\"@type\":\"ListItem\",\"position\":1,\"name\":\"Home\",\"item\":\"https:\/\/www.bagnoitalia.com\/es\"},{\"@type\":\"ListItem\",\"position\":2,\"name\":\"Productos\",\"item\":\"https:\/\/www.bagnoitalia.com\/es\/shop\"},{\"@type\":\"ListItem\",\"position\":3,\"name\":\"Mueble de Ba\u00f1o Suspendido Debby 60&#215;40, disponible en 4 colores y con Espejo incluido\"}]},{\"@type\":\"WebSite\",\"@id\":\"https:\/\/www.bagnoitalia.com\/es#website\",\"url\":\"https:\/\/www.bagnoitalia.com\/es\",\"name\":\"Bagno Italia\",\"description\":\"\",\"publisher\":{\"@id\":\"https:\/\/www.bagnoitalia.com\/es#organization\"},\"potentialAction\":[{\"@type\":\"SearchAction\",\"target\":{\"@type\":\"EntryPoint\",\"urlTemplate\":\"https:\/\/www.bagnoitalia.com\/es?s={search_term_string}\"},\"query-input\":{\"@type\":\"PropertyValueSpecification\",\"valueRequired\":true,\"valueName\":\"search_term_string\"}}],\"inLanguage\":\"es\"},{\"@type\":\"Organization\",\"@id\":\"https:\/\/www.bagnoitalia.com\/es#organization\",\"name\":\"Bagno Italia\",\"url\":\"https:\/\/www.bagnoitalia.com\/es\",\"logo\":{\"@type\":\"ImageObject\",\"inLanguage\":\"es\",\"@id\":\"https:\/\/www.bagnoitalia.com\/es#\/schema\/logo\/image\/\",\"url\":\"https:\/\/img.bagnoitalia.com\/wp-content\/uploads\/logo-bagnoitalia.webp\",\"contentUrl\":\"https:\/\/img.bagnoitalia.com\/wp-content\/uploads\/logo-bagnoitalia.webp\",\"width\":400,\"height\":70,\"caption\":\"Bagno Italia\"},\"image\":{\"@id\":\"https:\/\/www.bagnoitalia.com\/es#\/schema\/logo\/image\/\"}}]}<\/script>\n<!-- \/ Yoast SEO plugin. -->","yoast_head_json":{"title":"Mueble de ba\u00f1o Holly 42 cm suspendido que ahorra espacio 4 colores espejo disponible","description":"Holly mueble de ba\u00f1o 42 cm suspendido que ahorra espacio 4 colores espejo disponible incluido en madera mdf","robots":{"index":"index","follow":"follow","max-snippet":"max-snippet:-1","max-image-preview":"max-image-preview:large","max-video-preview":"max-video-preview:-1"},"canonical":"https:\/\/www.bagnoitalia.com\/es\/producto\/wall-hung-bathroom-vanity-debby-60x40-in-4-colors-and-mirror-included.html","og_locale":"es_ES","og_type":"article","og_title":"Mueble de ba\u00f1o Holly 42 cm suspendido que ahorra espacio 4 colores espejo disponible","og_description":"Holly mueble de ba\u00f1o 42 cm suspendido que ahorra espacio 4 colores espejo disponible incluido en madera mdf","og_url":"https:\/\/www.bagnoitalia.com\/es\/producto\/wall-hung-bathroom-vanity-debby-60x40-in-4-colors-and-mirror-included.html","og_site_name":"Bagno Italia","article_modified_time":"2026-01-16T10:15:23+00:00","og_image":[{"width":550,"height":550,"url":"https:\/\/img.bagnoitalia.com\/wp-content\/uploads\/virtuemart\/product\/wall-hung-bathroom-vanity-debby-60x40-colors_1622010849_862.jpg","type":"image\/jpeg"}],"twitter_card":"summary_large_image","twitter_misc":{"Tiempo de lectura":"1 minuto"},"schema":{"@context":"https:\/\/schema.org","@graph":[{"@type":"WebPage","@id":"https:\/\/www.bagnoitalia.com\/es\/producto\/wall-hung-bathroom-vanity-debby-60x40-in-4-colors-and-mirror-included.html","url":"https:\/\/www.bagnoitalia.com\/es\/producto\/wall-hung-bathroom-vanity-debby-60x40-in-4-colors-and-mirror-included.html","name":"Mueble de ba\u00f1o Holly 42 cm suspendido que ahorra espacio 4 colores espejo disponible","isPartOf":{"@id":"https:\/\/www.bagnoitalia.com\/es#website"},"primaryImageOfPage":{"@id":"https:\/\/www.bagnoitalia.com\/es\/producto\/wall-hung-bathroom-vanity-debby-60x40-in-4-colors-and-mirror-included.html#primaryimage"},"image":{"@id":"https:\/\/www.bagnoitalia.com\/es\/producto\/wall-hung-bathroom-vanity-debby-60x40-in-4-colors-and-mirror-included.html#primaryimage"},"thumbnailUrl":"https:\/\/img.bagnoitalia.com\/wp-content\/uploads\/virtuemart\/product\/wall-hung-bathroom-vanity-debby-60x40-colors_1622010849_862.jpg","datePublished":"2018-12-18T14:40:52+00:00","dateModified":"2026-01-16T10:15:23+00:00","description":"Holly mueble de ba\u00f1o 42 cm suspendido que ahorra espacio 4 colores espejo disponible incluido en madera mdf","breadcrumb":{"@id":"https:\/\/www.bagnoitalia.com\/es\/producto\/wall-hung-bathroom-vanity-debby-60x40-in-4-colors-and-mirror-included.html#breadcrumb"},"inLanguage":"es","potentialAction":[{"@type":"ReadAction","target":["https:\/\/www.bagnoitalia.com\/es\/producto\/wall-hung-bathroom-vanity-debby-60x40-in-4-colors-and-mirror-included.html"]}]},{"@type":"ImageObject","inLanguage":"es","@id":"https:\/\/www.bagnoitalia.com\/es\/producto\/wall-hung-bathroom-vanity-debby-60x40-in-4-colors-and-mirror-included.html#primaryimage","url":"https:\/\/img.bagnoitalia.com\/wp-content\/uploads\/virtuemart\/product\/wall-hung-bathroom-vanity-debby-60x40-colors_1622010849_862.jpg","contentUrl":"https:\/\/img.bagnoitalia.com\/wp-content\/uploads\/virtuemart\/product\/wall-hung-bathroom-vanity-debby-60x40-colors_1622010849_862.jpg","width":550,"height":550},{"@type":"BreadcrumbList","@id":"https:\/\/www.bagnoitalia.com\/es\/producto\/wall-hung-bathroom-vanity-debby-60x40-in-4-colors-and-mirror-included.html#breadcrumb","itemListElement":[{"@type":"ListItem","position":1,"name":"Home","item":"https:\/\/www.bagnoitalia.com\/es"},{"@type":"ListItem","position":2,"name":"Productos","item":"https:\/\/www.bagnoitalia.com\/es\/shop"},{"@type":"ListItem","position":3,"name":"Mueble de Ba\u00f1o Suspendido Debby 60&#215;40, disponible en 4 colores y con Espejo incluido"}]},{"@type":"WebSite","@id":"https:\/\/www.bagnoitalia.com\/es#website","url":"https:\/\/www.bagnoitalia.com\/es","name":"Bagno Italia","description":"","publisher":{"@id":"https:\/\/www.bagnoitalia.com\/es#organization"},"potentialAction":[{"@type":"SearchAction","target":{"@type":"EntryPoint","urlTemplate":"https:\/\/www.bagnoitalia.com\/es?s={search_term_string}"},"query-input":{"@type":"PropertyValueSpecification","valueRequired":true,"valueName":"search_term_string"}}],"inLanguage":"es"},{"@type":"Organization","@id":"https:\/\/www.bagnoitalia.com\/es#organization","name":"Bagno Italia","url":"https:\/\/www.bagnoitalia.com\/es","logo":{"@type":"ImageObject","inLanguage":"es","@id":"https:\/\/www.bagnoitalia.com\/es#\/schema\/logo\/image\/","url":"https:\/\/img.bagnoitalia.com\/wp-content\/uploads\/logo-bagnoitalia.webp","contentUrl":"https:\/\/img.bagnoitalia.com\/wp-content\/uploads\/logo-bagnoitalia.webp","width":400,"height":70,"caption":"Bagno Italia"},"image":{"@id":"https:\/\/www.bagnoitalia.com\/es#\/schema\/logo\/image\/"}}]}},"_links":{"self":[{"href":"https:\/\/www.bagnoitalia.com\/es\/wp-json\/wp\/v2\/product\/81172","targetHints":{"allow":["GET"]}}],"collection":[{"href":"https:\/\/www.bagnoitalia.com\/es\/wp-json\/wp\/v2\/product"}],"about":[{"href":"https:\/\/www.bagnoitalia.com\/es\/wp-json\/wp\/v2\/types\/product"}],"replies":[{"embeddable":true,"href":"https:\/\/www.bagnoitalia.com\/es\/wp-json\/wp\/v2\/comments?post=81172"}],"version-history":[{"count":1,"href":"https:\/\/www.bagnoitalia.com\/es\/wp-json\/wp\/v2\/product\/81172\/revisions"}],"predecessor-version":[{"id":90425,"href":"https:\/\/www.bagnoitalia.com\/es\/wp-json\/wp\/v2\/product\/81172\/revisions\/90425"}],"wp:featuredmedia":[{"embeddable":true,"href":"https:\/\/www.bagnoitalia.com\/es\/wp-json\/wp\/v2\/media\/41812"}],"wp:attachment":[{"href":"https:\/\/www.bagnoitalia.com\/es\/wp-json\/wp\/v2\/media?parent=81172"}],"wp:term":[{"taxonomy":"product_brand","embeddable":true,"href":"https:\/\/www.bagnoitalia.com\/es\/wp-json\/wp\/v2\/product_brand?post=81172"},{"taxonomy":"product_cat","embeddable":true,"href":"https:\/\/www.bagnoitalia.com\/es\/wp-json\/wp\/v2\/product_cat?post=81172"},{"taxonomy":"product_tag","embeddable":true,"href":"https:\/\/www.bagnoitalia.com\/es\/wp-json\/wp\/v2\/product_tag?post=81172"}],"curies":[{"name":"wp","href":"https:\/\/api.w.org\/{rel}","templated":true}]}}