{"id":81144,"date":"2018-12-14T15:59:53","date_gmt":"2018-12-14T14:59:53","guid":{"rendered":"https:\/\/www.bagnoitalia.com\/product\/hydromassage-shower-cabin-with-tub-125x85-150x85-170x85-with-or-without-sauna-cb064"},"modified":"2025-04-22T14:39:37","modified_gmt":"2025-04-22T12:39:37","slug":"hydromassage-shower-cabin-with-tub-125x85-150x85-170x85-with-or-without-sauna-cb064","status":"publish","type":"product","link":"https:\/\/www.bagnoitalia.com\/es\/producto\/hydromassage-shower-cabin-with-tub-125x85-150x85-170x85-with-or-without-sauna-cb064.html","title":{"rendered":"Cabina de Hidromasaje con Ba\u00f1era 125&#215;85, 150&#215;85 o 170&#215;85, multifuncional, cromoterapia, disponible tambi\u00e9n con Ba\u00f1o Turco CB064"},"content":{"rendered":"<p align=\"center\"><strong><strong><strong><strong>Cabina de Hidromasaje con Ba\u00f1era CB064<br \/>\n<\/strong><\/strong><\/strong><\/strong><\/p>\n<p>Atenci\u00f3n: La versi\u00f3n standard, la ba\u00f1era no es de Hidromasaje ni tend\u00eda el Ba\u00f1o turco<\/p>\n<p>&nbsp;<\/p>\n<p>Las conexiones h\u00eddricas de agua caliente\/fr\u00eda est\u00e1n detr\u00e1s de la columna de Hidromasaje que siempre est\u00e1 al centro de la cabina para las tres medidas disponibles.<\/p>\n<p>Caracter\u00edsticas:<\/p>\n<p>Dimensiones: 125&#215;85 &#8211; 150&#215;85 &#8211; 170&#215;85 cm, Altura 216 cm<\/p>\n<p>La profundidad es de 85 cm al centro; mientras que a los lados la profundidad es de 80 cm.<\/p>\n<p>Columna de Hidromasaje con 6 jets<\/p>\n<p>Cromoterapia<\/p>\n<p>Ozonoterapia<\/p>\n<p>Panel de control t\u00e1ctil<\/p>\n<p>Radio FM<\/p>\n<p>Altavoces<\/p>\n<p>Mezclador<\/p>\n<p>Masajeador plantar<\/p>\n<p>Toallero<\/p>\n<p>Ventilador<\/p>\n<p>Porta Jab\u00f3n l\u00edquido<\/p>\n<p>Drenaje para el agua<\/p>\n<p>EN LAS NUEVAS VERSIONES CON BA\u00d1O TURCO (ba\u00f1o de vapor) EST\u00c1 PRESENTE UN GENERADOR DE VAPOR<\/p>\n<p>&nbsp;<\/p>\n<p>DETALLES:<\/p>\n<p>Ducha en acero cromado<\/p>\n<p>Vidrio de 6,5 mm antiruptura, templado y polarizado<\/p>\n<p>Ba\u00f1era antideslizante<\/p>\n<p>Columnas en aluminio satinado<\/p>\n<p>manijas cromadas<\/p>\n<p>Plataforma en vidrio<\/p>\n<p>&nbsp;<\/p>\n","protected":false},"excerpt":{"rendered":"<p>Cabina de Hidromasaje en tres medidas, disponible tambi\u00e9n con Ba\u00f1o Turco CB064<\/p>\n","protected":false},"featured_media":41538,"comment_status":"open","ping_status":"closed","template":"","meta":[],"product_brand":[5021],"product_cat":[9737],"product_tag":[],"class_list":{"0":"post-81144","1":"product","2":"type-product","3":"status-publish","4":"has-post-thumbnail","6":"product_brand-predator-arredo-casa","7":"product_cat-cabina-de-hidromasaje","9":"first","10":"instock","11":"sale","12":"taxable","13":"shipping-taxable","14":"purchasable","15":"product-type-simple"},"exclude_global_add_ons":false,"addons":[{"name":"Tipolog\u00eda","type":"multiple_choice","position":0,"required":true,"title_format":"heading","default":"","description_enable":false,"description":"","placeholder_enable":false,"placeholder":"","display":"select","restrictions_type":"any_text","adjust_price":false,"price":"","price_type":"flat_fee","restrictions":false,"min":"0","max":"0","options":[{"label":"120x85 est\u00e1ndar","price":"","price_type":"quantity_based","image":0,"visibility":true},{"label":"120x85 con ba\u00f1o de vapor","price":"410","price_type":"quantity_based","image":0,"visibility":true},{"label":"(No disponible) 150x85 est\u00e1ndar","price":"90","price_type":"quantity_based","image":0,"visibility":true},{"label":"150x85 con ba\u00f1o de vapor y ba\u00f1era de hidromasaje","price":"780","price_type":"quantity_based","image":0,"visibility":true},{"label":"(No disponible)170x85 est\u00e1ndar","price":"180","price_type":"quantity_based","image":0,"visibility":true},{"label":"170x85 con ba\u00f1o de vapor y ba\u00f1era de hidromasaje","price":"865","price_type":"quantity_based","image":0,"visibility":true}],"id":1716462500}],"yoast_head":"<!-- This site is optimized with the Yoast SEO plugin v26.7 - https:\/\/yoast.com\/wordpress\/plugins\/seo\/ -->\n<title>CB064 Hydromassage shower cabin with tub 125x85 150x85 170x85 with or without sauna<\/title>\n<meta name=\"description\" content=\"Hydromassage shower cabin with tub available in two sizes, height 216 cm, smoked glass, FM radio, with or without sauna\" \/>\n<meta name=\"robots\" content=\"index, follow, max-snippet:-1, max-image-preview:large, max-video-preview:-1\" \/>\n<link rel=\"canonical\" href=\"https:\/\/www.bagnoitalia.com\/es\/producto\/hydromassage-shower-cabin-with-tub-125x85-150x85-170x85-with-or-without-sauna-cb064.html\" \/>\n<meta property=\"og:locale\" content=\"es_ES\" \/>\n<meta property=\"og:type\" content=\"article\" \/>\n<meta property=\"og:title\" content=\"CB064 Hydromassage shower cabin with tub 125x85 150x85 170x85 with or without sauna\" \/>\n<meta property=\"og:description\" content=\"Hydromassage shower cabin with tub available in two sizes, height 216 cm, smoked glass, FM radio, with or without sauna\" \/>\n<meta property=\"og:url\" content=\"https:\/\/www.bagnoitalia.com\/es\/producto\/hydromassage-shower-cabin-with-tub-125x85-150x85-170x85-with-or-without-sauna-cb064.html\" \/>\n<meta property=\"og:site_name\" content=\"Bagno Italia\" \/>\n<meta property=\"article:modified_time\" content=\"2025-04-22T12:39:37+00:00\" \/>\n<meta property=\"og:image\" content=\"https:\/\/img.bagnoitalia.com\/wp-content\/uploads\/virtuemart\/product\/Hydromassage-shower-cabin-cb064-11111_1547654603_5381.jpg\" \/>\n\t<meta property=\"og:image:width\" content=\"420\" \/>\n\t<meta property=\"og:image:height\" content=\"420\" \/>\n\t<meta property=\"og:image:type\" content=\"image\/jpeg\" \/>\n<meta name=\"twitter:card\" content=\"summary_large_image\" \/>\n<meta name=\"twitter:label1\" content=\"Tiempo de lectura\" \/>\n\t<meta name=\"twitter:data1\" content=\"1 minuto\" \/>\n<script type=\"application\/ld+json\" class=\"yoast-schema-graph\">{\"@context\":\"https:\/\/schema.org\",\"@graph\":[{\"@type\":\"WebPage\",\"@id\":\"https:\/\/www.bagnoitalia.com\/es\/producto\/hydromassage-shower-cabin-with-tub-125x85-150x85-170x85-with-or-without-sauna-cb064.html\",\"url\":\"https:\/\/www.bagnoitalia.com\/es\/producto\/hydromassage-shower-cabin-with-tub-125x85-150x85-170x85-with-or-without-sauna-cb064.html\",\"name\":\"CB064 Hydromassage shower cabin with tub 125x85 150x85 170x85 with or without sauna\",\"isPartOf\":{\"@id\":\"https:\/\/www.bagnoitalia.com\/es#website\"},\"primaryImageOfPage\":{\"@id\":\"https:\/\/www.bagnoitalia.com\/es\/producto\/hydromassage-shower-cabin-with-tub-125x85-150x85-170x85-with-or-without-sauna-cb064.html#primaryimage\"},\"image\":{\"@id\":\"https:\/\/www.bagnoitalia.com\/es\/producto\/hydromassage-shower-cabin-with-tub-125x85-150x85-170x85-with-or-without-sauna-cb064.html#primaryimage\"},\"thumbnailUrl\":\"https:\/\/img.bagnoitalia.com\/wp-content\/uploads\/virtuemart\/product\/Hydromassage-shower-cabin-cb064-11111_1547654603_5381.jpg\",\"datePublished\":\"2018-12-14T14:59:53+00:00\",\"dateModified\":\"2025-04-22T12:39:37+00:00\",\"description\":\"Hydromassage shower cabin with tub available in two sizes, height 216 cm, smoked glass, FM radio, with or without sauna\",\"breadcrumb\":{\"@id\":\"https:\/\/www.bagnoitalia.com\/es\/producto\/hydromassage-shower-cabin-with-tub-125x85-150x85-170x85-with-or-without-sauna-cb064.html#breadcrumb\"},\"inLanguage\":\"es\",\"potentialAction\":[{\"@type\":\"ReadAction\",\"target\":[\"https:\/\/www.bagnoitalia.com\/es\/producto\/hydromassage-shower-cabin-with-tub-125x85-150x85-170x85-with-or-without-sauna-cb064.html\"]}]},{\"@type\":\"ImageObject\",\"inLanguage\":\"es\",\"@id\":\"https:\/\/www.bagnoitalia.com\/es\/producto\/hydromassage-shower-cabin-with-tub-125x85-150x85-170x85-with-or-without-sauna-cb064.html#primaryimage\",\"url\":\"https:\/\/img.bagnoitalia.com\/wp-content\/uploads\/virtuemart\/product\/Hydromassage-shower-cabin-cb064-11111_1547654603_5381.jpg\",\"contentUrl\":\"https:\/\/img.bagnoitalia.com\/wp-content\/uploads\/virtuemart\/product\/Hydromassage-shower-cabin-cb064-11111_1547654603_5381.jpg\",\"width\":420,\"height\":420},{\"@type\":\"BreadcrumbList\",\"@id\":\"https:\/\/www.bagnoitalia.com\/es\/producto\/hydromassage-shower-cabin-with-tub-125x85-150x85-170x85-with-or-without-sauna-cb064.html#breadcrumb\",\"itemListElement\":[{\"@type\":\"ListItem\",\"position\":1,\"name\":\"Home\",\"item\":\"https:\/\/www.bagnoitalia.com\/es\"},{\"@type\":\"ListItem\",\"position\":2,\"name\":\"Productos\",\"item\":\"https:\/\/www.bagnoitalia.com\/es\/shop\"},{\"@type\":\"ListItem\",\"position\":3,\"name\":\"Cabina de Hidromasaje con Ba\u00f1era 125&#215;85, 150&#215;85 o 170&#215;85, multifuncional, cromoterapia, disponible tambi\u00e9n con Ba\u00f1o Turco CB064\"}]},{\"@type\":\"WebSite\",\"@id\":\"https:\/\/www.bagnoitalia.com\/es#website\",\"url\":\"https:\/\/www.bagnoitalia.com\/es\",\"name\":\"Bagno Italia\",\"description\":\"\",\"publisher\":{\"@id\":\"https:\/\/www.bagnoitalia.com\/es#organization\"},\"potentialAction\":[{\"@type\":\"SearchAction\",\"target\":{\"@type\":\"EntryPoint\",\"urlTemplate\":\"https:\/\/www.bagnoitalia.com\/es?s={search_term_string}\"},\"query-input\":{\"@type\":\"PropertyValueSpecification\",\"valueRequired\":true,\"valueName\":\"search_term_string\"}}],\"inLanguage\":\"es\"},{\"@type\":\"Organization\",\"@id\":\"https:\/\/www.bagnoitalia.com\/es#organization\",\"name\":\"Bagno Italia\",\"url\":\"https:\/\/www.bagnoitalia.com\/es\",\"logo\":{\"@type\":\"ImageObject\",\"inLanguage\":\"es\",\"@id\":\"https:\/\/www.bagnoitalia.com\/es#\/schema\/logo\/image\/\",\"url\":\"https:\/\/img.bagnoitalia.com\/wp-content\/uploads\/logo-bagnoitalia.webp\",\"contentUrl\":\"https:\/\/img.bagnoitalia.com\/wp-content\/uploads\/logo-bagnoitalia.webp\",\"width\":400,\"height\":70,\"caption\":\"Bagno Italia\"},\"image\":{\"@id\":\"https:\/\/www.bagnoitalia.com\/es#\/schema\/logo\/image\/\"}}]}<\/script>\n<!-- \/ Yoast SEO plugin. -->","yoast_head_json":{"title":"CB064 Hydromassage shower cabin with tub 125x85 150x85 170x85 with or without sauna","description":"Hydromassage shower cabin with tub available in two sizes, height 216 cm, smoked glass, FM radio, with or without sauna","robots":{"index":"index","follow":"follow","max-snippet":"max-snippet:-1","max-image-preview":"max-image-preview:large","max-video-preview":"max-video-preview:-1"},"canonical":"https:\/\/www.bagnoitalia.com\/es\/producto\/hydromassage-shower-cabin-with-tub-125x85-150x85-170x85-with-or-without-sauna-cb064.html","og_locale":"es_ES","og_type":"article","og_title":"CB064 Hydromassage shower cabin with tub 125x85 150x85 170x85 with or without sauna","og_description":"Hydromassage shower cabin with tub available in two sizes, height 216 cm, smoked glass, FM radio, with or without sauna","og_url":"https:\/\/www.bagnoitalia.com\/es\/producto\/hydromassage-shower-cabin-with-tub-125x85-150x85-170x85-with-or-without-sauna-cb064.html","og_site_name":"Bagno Italia","article_modified_time":"2025-04-22T12:39:37+00:00","og_image":[{"width":420,"height":420,"url":"https:\/\/img.bagnoitalia.com\/wp-content\/uploads\/virtuemart\/product\/Hydromassage-shower-cabin-cb064-11111_1547654603_5381.jpg","type":"image\/jpeg"}],"twitter_card":"summary_large_image","twitter_misc":{"Tiempo de lectura":"1 minuto"},"schema":{"@context":"https:\/\/schema.org","@graph":[{"@type":"WebPage","@id":"https:\/\/www.bagnoitalia.com\/es\/producto\/hydromassage-shower-cabin-with-tub-125x85-150x85-170x85-with-or-without-sauna-cb064.html","url":"https:\/\/www.bagnoitalia.com\/es\/producto\/hydromassage-shower-cabin-with-tub-125x85-150x85-170x85-with-or-without-sauna-cb064.html","name":"CB064 Hydromassage shower cabin with tub 125x85 150x85 170x85 with or without sauna","isPartOf":{"@id":"https:\/\/www.bagnoitalia.com\/es#website"},"primaryImageOfPage":{"@id":"https:\/\/www.bagnoitalia.com\/es\/producto\/hydromassage-shower-cabin-with-tub-125x85-150x85-170x85-with-or-without-sauna-cb064.html#primaryimage"},"image":{"@id":"https:\/\/www.bagnoitalia.com\/es\/producto\/hydromassage-shower-cabin-with-tub-125x85-150x85-170x85-with-or-without-sauna-cb064.html#primaryimage"},"thumbnailUrl":"https:\/\/img.bagnoitalia.com\/wp-content\/uploads\/virtuemart\/product\/Hydromassage-shower-cabin-cb064-11111_1547654603_5381.jpg","datePublished":"2018-12-14T14:59:53+00:00","dateModified":"2025-04-22T12:39:37+00:00","description":"Hydromassage shower cabin with tub available in two sizes, height 216 cm, smoked glass, FM radio, with or without sauna","breadcrumb":{"@id":"https:\/\/www.bagnoitalia.com\/es\/producto\/hydromassage-shower-cabin-with-tub-125x85-150x85-170x85-with-or-without-sauna-cb064.html#breadcrumb"},"inLanguage":"es","potentialAction":[{"@type":"ReadAction","target":["https:\/\/www.bagnoitalia.com\/es\/producto\/hydromassage-shower-cabin-with-tub-125x85-150x85-170x85-with-or-without-sauna-cb064.html"]}]},{"@type":"ImageObject","inLanguage":"es","@id":"https:\/\/www.bagnoitalia.com\/es\/producto\/hydromassage-shower-cabin-with-tub-125x85-150x85-170x85-with-or-without-sauna-cb064.html#primaryimage","url":"https:\/\/img.bagnoitalia.com\/wp-content\/uploads\/virtuemart\/product\/Hydromassage-shower-cabin-cb064-11111_1547654603_5381.jpg","contentUrl":"https:\/\/img.bagnoitalia.com\/wp-content\/uploads\/virtuemart\/product\/Hydromassage-shower-cabin-cb064-11111_1547654603_5381.jpg","width":420,"height":420},{"@type":"BreadcrumbList","@id":"https:\/\/www.bagnoitalia.com\/es\/producto\/hydromassage-shower-cabin-with-tub-125x85-150x85-170x85-with-or-without-sauna-cb064.html#breadcrumb","itemListElement":[{"@type":"ListItem","position":1,"name":"Home","item":"https:\/\/www.bagnoitalia.com\/es"},{"@type":"ListItem","position":2,"name":"Productos","item":"https:\/\/www.bagnoitalia.com\/es\/shop"},{"@type":"ListItem","position":3,"name":"Cabina de Hidromasaje con Ba\u00f1era 125&#215;85, 150&#215;85 o 170&#215;85, multifuncional, cromoterapia, disponible tambi\u00e9n con Ba\u00f1o Turco CB064"}]},{"@type":"WebSite","@id":"https:\/\/www.bagnoitalia.com\/es#website","url":"https:\/\/www.bagnoitalia.com\/es","name":"Bagno Italia","description":"","publisher":{"@id":"https:\/\/www.bagnoitalia.com\/es#organization"},"potentialAction":[{"@type":"SearchAction","target":{"@type":"EntryPoint","urlTemplate":"https:\/\/www.bagnoitalia.com\/es?s={search_term_string}"},"query-input":{"@type":"PropertyValueSpecification","valueRequired":true,"valueName":"search_term_string"}}],"inLanguage":"es"},{"@type":"Organization","@id":"https:\/\/www.bagnoitalia.com\/es#organization","name":"Bagno Italia","url":"https:\/\/www.bagnoitalia.com\/es","logo":{"@type":"ImageObject","inLanguage":"es","@id":"https:\/\/www.bagnoitalia.com\/es#\/schema\/logo\/image\/","url":"https:\/\/img.bagnoitalia.com\/wp-content\/uploads\/logo-bagnoitalia.webp","contentUrl":"https:\/\/img.bagnoitalia.com\/wp-content\/uploads\/logo-bagnoitalia.webp","width":400,"height":70,"caption":"Bagno Italia"},"image":{"@id":"https:\/\/www.bagnoitalia.com\/es#\/schema\/logo\/image\/"}}]}},"_links":{"self":[{"href":"https:\/\/www.bagnoitalia.com\/es\/wp-json\/wp\/v2\/product\/81144","targetHints":{"allow":["GET"]}}],"collection":[{"href":"https:\/\/www.bagnoitalia.com\/es\/wp-json\/wp\/v2\/product"}],"about":[{"href":"https:\/\/www.bagnoitalia.com\/es\/wp-json\/wp\/v2\/types\/product"}],"replies":[{"embeddable":true,"href":"https:\/\/www.bagnoitalia.com\/es\/wp-json\/wp\/v2\/comments?post=81144"}],"version-history":[{"count":4,"href":"https:\/\/www.bagnoitalia.com\/es\/wp-json\/wp\/v2\/product\/81144\/revisions"}],"predecessor-version":[{"id":97379,"href":"https:\/\/www.bagnoitalia.com\/es\/wp-json\/wp\/v2\/product\/81144\/revisions\/97379"}],"wp:featuredmedia":[{"embeddable":true,"href":"https:\/\/www.bagnoitalia.com\/es\/wp-json\/wp\/v2\/media\/41538"}],"wp:attachment":[{"href":"https:\/\/www.bagnoitalia.com\/es\/wp-json\/wp\/v2\/media?parent=81144"}],"wp:term":[{"taxonomy":"product_brand","embeddable":true,"href":"https:\/\/www.bagnoitalia.com\/es\/wp-json\/wp\/v2\/product_brand?post=81144"},{"taxonomy":"product_cat","embeddable":true,"href":"https:\/\/www.bagnoitalia.com\/es\/wp-json\/wp\/v2\/product_cat?post=81144"},{"taxonomy":"product_tag","embeddable":true,"href":"https:\/\/www.bagnoitalia.com\/es\/wp-json\/wp\/v2\/product_tag?post=81144"}],"curies":[{"name":"wp","href":"https:\/\/api.w.org\/{rel}","templated":true}]}}