{"id":81112,"date":"2018-12-13T11:14:22","date_gmt":"2018-12-13T10:14:22","guid":{"rendered":"https:\/\/www.bagnoitalia.com\/product\/plato-de-ducha-de-resina-de-marmol-de-3-cm-con-drenaje-por-sifon-en-6-colores-tambien-en-medida-927"},"modified":"2018-12-13T11:14:22","modified_gmt":"2018-12-13T10:14:22","slug":"plato-de-ducha-de-resina-de-marmol-de-3-cm-con-drenaje-por-sifon-en-6-colores-tambien-en-medida-927","status":"publish","type":"product","link":"https:\/\/www.bagnoitalia.com\/es\/producto\/plato-de-ducha-de-resina-de-marmol-de-3-cm-con-drenaje-por-sifon-en-6-colores-tambien-en-medida-927.html","title":{"rendered":"Plato de Ducha en Marmo-Resina, Drenaje incluido, varios colores, tambi\u00e9n sobre medida PA03"},"content":{"rendered":"<p style=\"margin-top: 0cm; margin-right: 0cm; margin-bottom: 0.0001pt; background-image: initial; background-position: initial; background-repeat: initial; background-attachment: initial; vertical-align: baseline;\"><span style=\"font-size: 12pt; font-family: Arial, sans-serif; color: #333333;\">El plato de ducha est\u00e1 hecho de <strong>Marmo-Resina<\/strong>, caracterizada por una part\u00edcula texturizada que le da a la superficie un elegante efecto pizarra y crea un relieve, haciendo que la superficie sea <strong>antideslizante<\/strong> .<\/span><\/p>\n<p style=\"margin-top: 0cm; margin-right: 0cm; margin-bottom: 0.0001pt; background-image: initial; background-position: initial; background-repeat: initial; background-attachment: initial; vertical-align: baseline;\"><span style=\"font-size: 12pt; font-family: Arial, sans-serif; color: #333333;\"><\/span><\/p>\n<p><span style=\"font-size: 12pt;\"><\/span><\/p>\n<\/p>\n<p style=\"margin-top: 0cm; margin-right: 0cm; margin-bottom: 0.0001pt; background-image: initial; background-position: initial; background-repeat: initial; background-attachment: initial; vertical-align: baseline;\"><span style=\"font-size: 12pt;\"><strong><span style=\"font-family: Arial, sans-serif; color: #333333;\">Caracter\u00edsticas t\u00e9cnicas:<\/span><\/strong><\/span><\/p>\n<ul>\n<li><span style=\"font-size: 12pt; font-family: Arial, sans-serif; color: #333333;\">Plato de ducha de <strong>marmoresina.<\/strong><\/span><\/li>\n<\/ul>\n<ul>\n<li><span style=\"font-size: 12pt; font-family: Arial, sans-serif; color: #333333;\">Grueso de la placa: <strong>3cm<\/strong><\/span><\/li>\n<\/ul>\n<ul>\n<li><span style=\"font-size: 12pt;\"><span style=\"text-decoration: underline;\"><span style=\"font-family: Arial, sans-serif; color: #333333;\">Incluido<\/span><\/span> <span style=\"font-family: Arial, sans-serif; color: #333333;\"><strong>sif\u00f3n<\/strong> y cuadrado <strong>gris en acero inoxidable<\/strong> de serie<\/span><\/span><\/li>\n<\/ul>\n<ul>\n<li><span style=\"font-size: 12pt; font-family: Arial, sans-serif; color: #333333;\">Disponible en colores: blanco, beige, antracita, cromo, chocolate y marr\u00f3n topo.<\/span><\/li>\n<\/ul>\n<ul>\n<li><span style=\"font-size: 12pt;\"><span style=\"text-decoration: underline;\"><span style=\"font-family: Arial, sans-serif; color: #333333;\">Tama\u00f1o variable<\/span><\/span> <span style=\"font-family: Arial, sans-serif; color: #333333;\">en el lugar con disco de diamante<\/span><\/span><\/li>\n<\/ul>\n<ul>\n<li><span style=\"font-size: 12pt; font-family: Arial, sans-serif; color: #333333;\">Tienen una <span style=\"text-decoration: underline;\">ligera<\/span> <span style=\"text-decoration: underline;\">pendiente<\/span> para facilitar el drenaje del agua.<\/span><\/li>\n<\/ul>\n<ul>\n<li><span style=\"font-size: 12pt; font-family: Arial, sans-serif; color: #333333;\">Perfectamente acabado en todos los lados.<\/span><\/li>\n<\/ul>\n<ul>\n<li><span style=\"font-size: 12pt; line-height: 107%; font-family: Arial, sans-serif; color: #333333;\">Simple y f\u00e1cil de limpiar<\/span><\/li>\n<\/ul>\n<ul>\n<li><span style=\"font-size: 12pt; line-height: 107%; font-family: Arial, sans-serif; color: #333333;\">Disponible en varios tama\u00f1os<\/span><\/li>\n<\/ul>\n<ul>\n<li><span style=\"font-size: 12pt; line-height: 107%; font-family: Arial, sans-serif; color: #333333;\">Platos elaborados con pigmentos especiales que evitan el amarilleo.<\/span><\/li>\n<\/ul>\n<p style=\"margin-top: 0cm; margin-right: 0cm; margin-bottom: 0.0001pt; background-image: initial; background-position: initial; background-repeat: initial; background-attachment: initial; vertical-align: baseline;\"><span style=\"font-size: 12pt;\"><strong><span style=\"font-family: Arial, sans-serif; color: #333333;\">El plato de ducha en cuesti\u00f3n est\u00e1 hecho a pedido. <br \/><\/span><\/strong><\/span><\/p>\n<div>\n<pre> <span style=\"color: #ff0010; font-family: Arial; font-size: large;\"><strong><span style=\"text-decoration: underline;\">HECHO A MEDIDA, LA PLACA PUEDE SER CORTE<\/span><\/strong><\/span> <\/pre>\n<\/div>\n<p style=\"margin-top: 0cm; margin-right: 0cm; margin-bottom: 0.0001pt; background-image: initial; background-position: initial; background-repeat: initial; background-attachment: initial; vertical-align: baseline;\"><span style=\"font-size: 12pt;\"><strong><span style=\"font-family: Arial, sans-serif; color: #333333;\">MATERIAL:<\/span><\/strong><\/span><\/p>\n<p style=\"margin-top: 0cm; margin-right: 0cm; margin-bottom: 0.0001pt; background-image: initial; background-position: initial; background-repeat: initial; background-attachment: initial; vertical-align: baseline;\"><span style=\"font-size: 12pt; font-family: Arial, sans-serif; color: #333333;\">Compuesto avanzado de resina de poli\u00e9ster y dolomita 100% mineral.<\/span><\/p>\n<p style=\"margin-top: 0cm; margin-right: 0cm; margin-bottom: 0.0001pt; background-image: initial; background-position: initial; background-repeat: initial; background-attachment: initial; vertical-align: baseline;\"><span style=\"font-size: 12pt; font-family: Arial, sans-serif; color: #333333;\">Un material con una superficie antideslizante, que se caracteriza por su dureza y agradable tacto, as\u00ed como su resistencia a los agentes corrosivos externos.<\/span><\/p><\/p>\n","protected":false},"excerpt":{"rendered":"<p>El plato de ducha est\u00e1 hecho de Marmo Resina, caracterizada por una textura de part\u00edculas que le da a la superficie un elegante efecto pizarra y crea un relieve, haciendo que la superficie antideslizante est\u00e9 disponible en blanco, beige, antracita, cromo, chocolate, marr\u00f3n topo. Hecho en diferentes tama\u00f1os.<\/p>\n","protected":false},"featured_media":41202,"comment_status":"open","ping_status":"closed","template":"","meta":[],"product_brand":[9881],"product_cat":[15],"product_tag":[],"class_list":{"0":"post-81112","1":"product","2":"type-product","3":"status-publish","4":"has-post-thumbnail","6":"product_brand-vari-produttori-es","7":"product_cat-senza-categoria","9":"first","10":"outofstock","11":"taxable","12":"shipping-taxable","13":"purchasable","14":"product-type-simple"},"exclude_global_add_ons":false,"addons":[{"name":"CAMPI_DIMENSIONI\r\n","type":"select","position":0,"required":true,"title_format":"label","default":"","description_enable":false,"description":"","placeholder_enable":false,"placeholder":"","display":"select","restrictions_type":"any_text","adjust_price":false,"price":"","price_type":"","restrictions":false,"min":"0","max":"0","options":[]},{"name":"CAMPI_COLORE\r\n","type":"select","position":0,"required":true,"title_format":"label","default":"","description_enable":false,"description":"","placeholder_enable":false,"placeholder":"","display":"select","restrictions_type":"any_text","adjust_price":false,"price":"","price_type":"","restrictions":false,"min":"0","max":"0","options":[]},{"name":"CAMPI_PILETTA\r\n","type":"select","position":0,"required":true,"title_format":"label","default":"","description_enable":false,"description":"","placeholder_enable":false,"placeholder":"","display":"select","restrictions_type":"any_text","adjust_price":false,"price":"","price_type":"","restrictions":false,"min":"0","max":"0","options":[]}],"yoast_head":"<!-- This site is optimized with the Yoast SEO plugin v26.7 - https:\/\/yoast.com\/wordpress\/plugins\/seo\/ -->\n<title>Plato de ducha de resina de m\u00e1rmol de 3 cm con drenaje de sif\u00f3n en 6 colores y varios tama\u00f1os de efecto pizarra<\/title>\n<meta name=\"description\" content=\"El plato de ducha est\u00e1 hecho de resina de m\u00e1rmol, que crea un relieve, lo que hace que la superficie antideslizante est\u00e9 disponible en blanco, beige, antracita, cromo, chocolate, marr\u00f3n topo. Hecho en diferentes tama\u00f1os.\" \/>\n<meta name=\"robots\" content=\"index, follow, max-snippet:-1, max-image-preview:large, max-video-preview:-1\" \/>\n<link rel=\"canonical\" href=\"https:\/\/www.bagnoitalia.com\/es\/producto\/plato-de-ducha-de-resina-de-marmol-de-3-cm-con-drenaje-por-sifon-en-6-colores-tambien-en-medida-927.html\" \/>\n<meta property=\"og:locale\" content=\"es_ES\" \/>\n<meta property=\"og:type\" content=\"article\" \/>\n<meta property=\"og:title\" content=\"Plato de ducha de resina de m\u00e1rmol de 3 cm con drenaje de sif\u00f3n en 6 colores y varios tama\u00f1os de efecto pizarra\" \/>\n<meta property=\"og:description\" content=\"El plato de ducha est\u00e1 hecho de resina de m\u00e1rmol, que crea un relieve, lo que hace que la superficie antideslizante est\u00e9 disponible en blanco, beige, antracita, cromo, chocolate, marr\u00f3n topo. Hecho en diferentes tama\u00f1os.\" \/>\n<meta property=\"og:url\" content=\"https:\/\/www.bagnoitalia.com\/es\/producto\/plato-de-ducha-de-resina-de-marmol-de-3-cm-con-drenaje-por-sifon-en-6-colores-tambien-en-medida-927.html\" \/>\n<meta property=\"og:site_name\" content=\"Bagno Italia\" \/>\n<meta property=\"og:image\" content=\"https:\/\/img.bagnoitalia.com\/wp-content\/uploads\/virtuemart\/product\/resin-marble-shower-tray-many-sizes-various-colors-121_1544700285_33.jpg\" \/>\n\t<meta property=\"og:image:width\" content=\"550\" \/>\n\t<meta property=\"og:image:height\" content=\"550\" \/>\n\t<meta property=\"og:image:type\" content=\"image\/jpeg\" \/>\n<meta name=\"twitter:card\" content=\"summary_large_image\" \/>\n<meta name=\"twitter:label1\" content=\"Tiempo de lectura\" \/>\n\t<meta name=\"twitter:data1\" content=\"1 minuto\" \/>\n<script type=\"application\/ld+json\" class=\"yoast-schema-graph\">{\"@context\":\"https:\/\/schema.org\",\"@graph\":[{\"@type\":\"WebPage\",\"@id\":\"https:\/\/www.bagnoitalia.com\/es\/producto\/plato-de-ducha-de-resina-de-marmol-de-3-cm-con-drenaje-por-sifon-en-6-colores-tambien-en-medida-927.html\",\"url\":\"https:\/\/www.bagnoitalia.com\/es\/producto\/plato-de-ducha-de-resina-de-marmol-de-3-cm-con-drenaje-por-sifon-en-6-colores-tambien-en-medida-927.html\",\"name\":\"Plato de ducha de resina de m\u00e1rmol de 3 cm con drenaje de sif\u00f3n en 6 colores y varios tama\u00f1os de efecto pizarra\",\"isPartOf\":{\"@id\":\"https:\/\/www.bagnoitalia.com\/es#website\"},\"primaryImageOfPage\":{\"@id\":\"https:\/\/www.bagnoitalia.com\/es\/producto\/plato-de-ducha-de-resina-de-marmol-de-3-cm-con-drenaje-por-sifon-en-6-colores-tambien-en-medida-927.html#primaryimage\"},\"image\":{\"@id\":\"https:\/\/www.bagnoitalia.com\/es\/producto\/plato-de-ducha-de-resina-de-marmol-de-3-cm-con-drenaje-por-sifon-en-6-colores-tambien-en-medida-927.html#primaryimage\"},\"thumbnailUrl\":\"https:\/\/img.bagnoitalia.com\/wp-content\/uploads\/virtuemart\/product\/resin-marble-shower-tray-many-sizes-various-colors-121_1544700285_33.jpg\",\"datePublished\":\"2018-12-13T10:14:22+00:00\",\"description\":\"El plato de ducha est\u00e1 hecho de resina de m\u00e1rmol, que crea un relieve, lo que hace que la superficie antideslizante est\u00e9 disponible en blanco, beige, antracita, cromo, chocolate, marr\u00f3n topo. Hecho en diferentes tama\u00f1os.\",\"breadcrumb\":{\"@id\":\"https:\/\/www.bagnoitalia.com\/es\/producto\/plato-de-ducha-de-resina-de-marmol-de-3-cm-con-drenaje-por-sifon-en-6-colores-tambien-en-medida-927.html#breadcrumb\"},\"inLanguage\":\"es\",\"potentialAction\":[{\"@type\":\"ReadAction\",\"target\":[\"https:\/\/www.bagnoitalia.com\/es\/producto\/plato-de-ducha-de-resina-de-marmol-de-3-cm-con-drenaje-por-sifon-en-6-colores-tambien-en-medida-927.html\"]}]},{\"@type\":\"ImageObject\",\"inLanguage\":\"es\",\"@id\":\"https:\/\/www.bagnoitalia.com\/es\/producto\/plato-de-ducha-de-resina-de-marmol-de-3-cm-con-drenaje-por-sifon-en-6-colores-tambien-en-medida-927.html#primaryimage\",\"url\":\"https:\/\/img.bagnoitalia.com\/wp-content\/uploads\/virtuemart\/product\/resin-marble-shower-tray-many-sizes-various-colors-121_1544700285_33.jpg\",\"contentUrl\":\"https:\/\/img.bagnoitalia.com\/wp-content\/uploads\/virtuemart\/product\/resin-marble-shower-tray-many-sizes-various-colors-121_1544700285_33.jpg\",\"width\":550,\"height\":550},{\"@type\":\"BreadcrumbList\",\"@id\":\"https:\/\/www.bagnoitalia.com\/es\/producto\/plato-de-ducha-de-resina-de-marmol-de-3-cm-con-drenaje-por-sifon-en-6-colores-tambien-en-medida-927.html#breadcrumb\",\"itemListElement\":[{\"@type\":\"ListItem\",\"position\":1,\"name\":\"Home\",\"item\":\"https:\/\/www.bagnoitalia.com\/es\"},{\"@type\":\"ListItem\",\"position\":2,\"name\":\"Productos\",\"item\":\"https:\/\/www.bagnoitalia.com\/es\/shop\"},{\"@type\":\"ListItem\",\"position\":3,\"name\":\"Plato de Ducha en Marmo-Resina, Drenaje incluido, varios colores, tambi\u00e9n sobre medida PA03\"}]},{\"@type\":\"WebSite\",\"@id\":\"https:\/\/www.bagnoitalia.com\/es#website\",\"url\":\"https:\/\/www.bagnoitalia.com\/es\",\"name\":\"Bagno Italia\",\"description\":\"\",\"publisher\":{\"@id\":\"https:\/\/www.bagnoitalia.com\/es#organization\"},\"potentialAction\":[{\"@type\":\"SearchAction\",\"target\":{\"@type\":\"EntryPoint\",\"urlTemplate\":\"https:\/\/www.bagnoitalia.com\/es?s={search_term_string}\"},\"query-input\":{\"@type\":\"PropertyValueSpecification\",\"valueRequired\":true,\"valueName\":\"search_term_string\"}}],\"inLanguage\":\"es\"},{\"@type\":\"Organization\",\"@id\":\"https:\/\/www.bagnoitalia.com\/es#organization\",\"name\":\"Bagno Italia\",\"url\":\"https:\/\/www.bagnoitalia.com\/es\",\"logo\":{\"@type\":\"ImageObject\",\"inLanguage\":\"es\",\"@id\":\"https:\/\/www.bagnoitalia.com\/es#\/schema\/logo\/image\/\",\"url\":\"https:\/\/img.bagnoitalia.com\/wp-content\/uploads\/logo-bagnoitalia.webp\",\"contentUrl\":\"https:\/\/img.bagnoitalia.com\/wp-content\/uploads\/logo-bagnoitalia.webp\",\"width\":400,\"height\":70,\"caption\":\"Bagno Italia\"},\"image\":{\"@id\":\"https:\/\/www.bagnoitalia.com\/es#\/schema\/logo\/image\/\"}}]}<\/script>\n<!-- \/ Yoast SEO plugin. -->","yoast_head_json":{"title":"Plato de ducha de resina de m\u00e1rmol de 3 cm con drenaje de sif\u00f3n en 6 colores y varios tama\u00f1os de efecto pizarra","description":"El plato de ducha est\u00e1 hecho de resina de m\u00e1rmol, que crea un relieve, lo que hace que la superficie antideslizante est\u00e9 disponible en blanco, beige, antracita, cromo, chocolate, marr\u00f3n topo. Hecho en diferentes tama\u00f1os.","robots":{"index":"index","follow":"follow","max-snippet":"max-snippet:-1","max-image-preview":"max-image-preview:large","max-video-preview":"max-video-preview:-1"},"canonical":"https:\/\/www.bagnoitalia.com\/es\/producto\/plato-de-ducha-de-resina-de-marmol-de-3-cm-con-drenaje-por-sifon-en-6-colores-tambien-en-medida-927.html","og_locale":"es_ES","og_type":"article","og_title":"Plato de ducha de resina de m\u00e1rmol de 3 cm con drenaje de sif\u00f3n en 6 colores y varios tama\u00f1os de efecto pizarra","og_description":"El plato de ducha est\u00e1 hecho de resina de m\u00e1rmol, que crea un relieve, lo que hace que la superficie antideslizante est\u00e9 disponible en blanco, beige, antracita, cromo, chocolate, marr\u00f3n topo. Hecho en diferentes tama\u00f1os.","og_url":"https:\/\/www.bagnoitalia.com\/es\/producto\/plato-de-ducha-de-resina-de-marmol-de-3-cm-con-drenaje-por-sifon-en-6-colores-tambien-en-medida-927.html","og_site_name":"Bagno Italia","og_image":[{"width":550,"height":550,"url":"https:\/\/img.bagnoitalia.com\/wp-content\/uploads\/virtuemart\/product\/resin-marble-shower-tray-many-sizes-various-colors-121_1544700285_33.jpg","type":"image\/jpeg"}],"twitter_card":"summary_large_image","twitter_misc":{"Tiempo de lectura":"1 minuto"},"schema":{"@context":"https:\/\/schema.org","@graph":[{"@type":"WebPage","@id":"https:\/\/www.bagnoitalia.com\/es\/producto\/plato-de-ducha-de-resina-de-marmol-de-3-cm-con-drenaje-por-sifon-en-6-colores-tambien-en-medida-927.html","url":"https:\/\/www.bagnoitalia.com\/es\/producto\/plato-de-ducha-de-resina-de-marmol-de-3-cm-con-drenaje-por-sifon-en-6-colores-tambien-en-medida-927.html","name":"Plato de ducha de resina de m\u00e1rmol de 3 cm con drenaje de sif\u00f3n en 6 colores y varios tama\u00f1os de efecto pizarra","isPartOf":{"@id":"https:\/\/www.bagnoitalia.com\/es#website"},"primaryImageOfPage":{"@id":"https:\/\/www.bagnoitalia.com\/es\/producto\/plato-de-ducha-de-resina-de-marmol-de-3-cm-con-drenaje-por-sifon-en-6-colores-tambien-en-medida-927.html#primaryimage"},"image":{"@id":"https:\/\/www.bagnoitalia.com\/es\/producto\/plato-de-ducha-de-resina-de-marmol-de-3-cm-con-drenaje-por-sifon-en-6-colores-tambien-en-medida-927.html#primaryimage"},"thumbnailUrl":"https:\/\/img.bagnoitalia.com\/wp-content\/uploads\/virtuemart\/product\/resin-marble-shower-tray-many-sizes-various-colors-121_1544700285_33.jpg","datePublished":"2018-12-13T10:14:22+00:00","description":"El plato de ducha est\u00e1 hecho de resina de m\u00e1rmol, que crea un relieve, lo que hace que la superficie antideslizante est\u00e9 disponible en blanco, beige, antracita, cromo, chocolate, marr\u00f3n topo. Hecho en diferentes tama\u00f1os.","breadcrumb":{"@id":"https:\/\/www.bagnoitalia.com\/es\/producto\/plato-de-ducha-de-resina-de-marmol-de-3-cm-con-drenaje-por-sifon-en-6-colores-tambien-en-medida-927.html#breadcrumb"},"inLanguage":"es","potentialAction":[{"@type":"ReadAction","target":["https:\/\/www.bagnoitalia.com\/es\/producto\/plato-de-ducha-de-resina-de-marmol-de-3-cm-con-drenaje-por-sifon-en-6-colores-tambien-en-medida-927.html"]}]},{"@type":"ImageObject","inLanguage":"es","@id":"https:\/\/www.bagnoitalia.com\/es\/producto\/plato-de-ducha-de-resina-de-marmol-de-3-cm-con-drenaje-por-sifon-en-6-colores-tambien-en-medida-927.html#primaryimage","url":"https:\/\/img.bagnoitalia.com\/wp-content\/uploads\/virtuemart\/product\/resin-marble-shower-tray-many-sizes-various-colors-121_1544700285_33.jpg","contentUrl":"https:\/\/img.bagnoitalia.com\/wp-content\/uploads\/virtuemart\/product\/resin-marble-shower-tray-many-sizes-various-colors-121_1544700285_33.jpg","width":550,"height":550},{"@type":"BreadcrumbList","@id":"https:\/\/www.bagnoitalia.com\/es\/producto\/plato-de-ducha-de-resina-de-marmol-de-3-cm-con-drenaje-por-sifon-en-6-colores-tambien-en-medida-927.html#breadcrumb","itemListElement":[{"@type":"ListItem","position":1,"name":"Home","item":"https:\/\/www.bagnoitalia.com\/es"},{"@type":"ListItem","position":2,"name":"Productos","item":"https:\/\/www.bagnoitalia.com\/es\/shop"},{"@type":"ListItem","position":3,"name":"Plato de Ducha en Marmo-Resina, Drenaje incluido, varios colores, tambi\u00e9n sobre medida PA03"}]},{"@type":"WebSite","@id":"https:\/\/www.bagnoitalia.com\/es#website","url":"https:\/\/www.bagnoitalia.com\/es","name":"Bagno Italia","description":"","publisher":{"@id":"https:\/\/www.bagnoitalia.com\/es#organization"},"potentialAction":[{"@type":"SearchAction","target":{"@type":"EntryPoint","urlTemplate":"https:\/\/www.bagnoitalia.com\/es?s={search_term_string}"},"query-input":{"@type":"PropertyValueSpecification","valueRequired":true,"valueName":"search_term_string"}}],"inLanguage":"es"},{"@type":"Organization","@id":"https:\/\/www.bagnoitalia.com\/es#organization","name":"Bagno Italia","url":"https:\/\/www.bagnoitalia.com\/es","logo":{"@type":"ImageObject","inLanguage":"es","@id":"https:\/\/www.bagnoitalia.com\/es#\/schema\/logo\/image\/","url":"https:\/\/img.bagnoitalia.com\/wp-content\/uploads\/logo-bagnoitalia.webp","contentUrl":"https:\/\/img.bagnoitalia.com\/wp-content\/uploads\/logo-bagnoitalia.webp","width":400,"height":70,"caption":"Bagno Italia"},"image":{"@id":"https:\/\/www.bagnoitalia.com\/es#\/schema\/logo\/image\/"}}]}},"_links":{"self":[{"href":"https:\/\/www.bagnoitalia.com\/es\/wp-json\/wp\/v2\/product\/81112","targetHints":{"allow":["GET"]}}],"collection":[{"href":"https:\/\/www.bagnoitalia.com\/es\/wp-json\/wp\/v2\/product"}],"about":[{"href":"https:\/\/www.bagnoitalia.com\/es\/wp-json\/wp\/v2\/types\/product"}],"replies":[{"embeddable":true,"href":"https:\/\/www.bagnoitalia.com\/es\/wp-json\/wp\/v2\/comments?post=81112"}],"version-history":[{"count":0,"href":"https:\/\/www.bagnoitalia.com\/es\/wp-json\/wp\/v2\/product\/81112\/revisions"}],"wp:featuredmedia":[{"embeddable":true,"href":"https:\/\/www.bagnoitalia.com\/es\/wp-json\/wp\/v2\/media\/41202"}],"wp:attachment":[{"href":"https:\/\/www.bagnoitalia.com\/es\/wp-json\/wp\/v2\/media?parent=81112"}],"wp:term":[{"taxonomy":"product_brand","embeddable":true,"href":"https:\/\/www.bagnoitalia.com\/es\/wp-json\/wp\/v2\/product_brand?post=81112"},{"taxonomy":"product_cat","embeddable":true,"href":"https:\/\/www.bagnoitalia.com\/es\/wp-json\/wp\/v2\/product_cat?post=81112"},{"taxonomy":"product_tag","embeddable":true,"href":"https:\/\/www.bagnoitalia.com\/es\/wp-json\/wp\/v2\/product_tag?post=81112"}],"curies":[{"name":"wp","href":"https:\/\/api.w.org\/{rel}","templated":true}]}}