{"id":81080,"date":"2018-04-13T06:39:41","date_gmt":"2018-04-13T04:39:41","guid":{"rendered":"https:\/\/www.bagnoitalia.com\/product\/banera-de-hidromasaje-170x120-para-dos-personas-22-chorros-con-calentador-y-cromoterapia-vs085"},"modified":"2026-04-09T11:35:10","modified_gmt":"2026-04-09T09:35:10","slug":"banera-de-hidromasaje-170x120-para-dos-personas-22-chorros-con-calentador-y-cromoterapia-vs085","status":"publish","type":"product","link":"https:\/\/www.bagnoitalia.com\/es\/producto\/banera-de-hidromasaje-170x120-para-dos-personas-22-chorros-con-calentador-y-cromoterapia-vs085.html","title":{"rendered":"Ba\u00f1era de hidromasaje 170&#215;120 cm con 22 o 24 jets calentador y cromoterapia VS085"},"content":{"rendered":"<p>&nbsp;<\/p>\n<p>BA\u00d1ERA DE HIDROMASAJE 170X120 cm VS085<\/p>\n<p>&nbsp;<\/p>\n<p>CARACTER\u00cdSTICAS<\/p>\n<p>Dimensiones 170x120xH61 cm<\/p>\n<p>Disponible en versi\u00f3n izquierda o derecha<\/p>\n<p>Estructura acr\u00edlica de 4 capas<\/p>\n<p>Mezclador en cascada<\/p>\n<p>22 chorros (4 grandes chorros de agua cromados, 12 peque\u00f1os chorros de aire en la base de lat\u00f3n y 6 peque\u00f1os chorros de agua en la parte trasera)<\/p>\n<p>Calentador<\/p>\n<p>Bomba doble (1,5 CV de agua y 0,25 CV de aire)<\/p>\n<p>Salvavidas incluido<\/p>\n<p>Cromoterapia<\/p>\n<p>Panel de control con radio y altavoces<\/p>\n<p>Rociador multifunci\u00f3n<\/p>\n<p>Entrada de agua en forma de T<\/p>\n<p>Mangueras reforzadas<\/p>\n<p>Interruptor<\/p>\n<p>Respaldos incluidos<\/p>\n<p>Grifer\u00eda incluida<\/p>\n<p>Toallero<\/p>\n<p>Ozonoterapia<\/p>\n<p>&nbsp;<\/p>\n<p>ATENCI\u00d3N En el men\u00fa desplegable puede elegir el tipo de ba\u00f1era:<\/p>\n<p>Est\u00e1ndar<br \/>\ncon pantalla Touch Led y Bluetooth<br \/>\nSuperequipada, con 24 chorros (12 chorros de aire en el fondo, 6 chorros de agua bajo los reposacabezas, 6 chorros de agua en los laterales), led rgb en el fald\u00f3n (leds multicolor en el panel de la ba\u00f1era), led en la pared (leds en la pared de la ba\u00f1era), pantalla t\u00e1ctil led y Bluetooth<\/p>\n<p><img fetchpriority=\"high\" decoding=\"async\" class=\"alignnone wp-image-109656\" src=\"https:\/\/www.bagnoitalia.it\/wp-content\/uploads\/vasca-170x120-idromassaggio-display-touch-bluetooth.jpg\" alt=\"\" width=\"507\" height=\"507\" \/><\/p>\n","protected":false},"excerpt":{"rendered":"<p>Ba\u00f1era de hidromasaje versi\u00f3n derecha o izquierda 170&#215;120 para dos personas 22 jets, Cromoterapia, con cascada mezclador calentador y doble bomba. Tambi\u00e9n disponible con pantalla t\u00e1ctil led + bluetooth o super equipada.<\/p>\n","protected":false},"featured_media":101996,"comment_status":"open","ping_status":"closed","template":"","meta":[],"product_brand":[9926],"product_cat":[9709,9745],"product_tag":[],"class_list":{"0":"post-81080","1":"product","2":"type-product","3":"status-publish","4":"has-post-thumbnail","6":"product_brand-predator-arredo-casa-es","7":"product_cat-banera-de-hidromasaje","8":"product_cat-piscinas-de-hidromasaje","10":"first","11":"instock","12":"sale","13":"taxable","14":"shipping-taxable","15":"purchasable","16":"product-type-simple"},"exclude_global_add_ons":false,"addons":[{"name":"Versi\u00f3n","type":"multiple_choice","position":0,"required":true,"title_format":"heading","default":"","description_enable":false,"description":"","placeholder_enable":false,"placeholder":"","display":"select","restrictions_type":"any_text","adjust_price":false,"price":"","price_type":"flat_fee","restrictions":false,"min":"0","max":"0","options":[{"label":"derecha","price":"","price_type":"quantity_based","image":0,"visibility":true},{"label":"izquierda","price":"","price_type":"quantity_based","image":0,"visibility":true}],"id":1716377836},{"name":"Tipolog\u00eda","type":"multiple_choice","position":1,"required":true,"title_format":"heading","default":"","description_enable":false,"description":"","placeholder_enable":false,"placeholder":"","display":"select","restrictions_type":"any_text","adjust_price":false,"price":"","price_type":"flat_fee","restrictions":false,"min":"0","max":"0","options":[{"label":"(No disponible) est\u00e1ndar","price":"","price_type":"quantity_based","image":0,"visibility":true},{"label":"(No disponible) con pantalla t\u00e1ctil LED y Bluetooth","price":"50","price_type":"quantity_based","image":0,"visibility":true},{"label":"Super equipado","price":"100","price_type":"flat_fee","image":0,"visibility":true}],"id":1732029596}],"yoast_head":"<!-- This site is optimized with the Yoast SEO plugin v26.7 - https:\/\/yoast.com\/wordpress\/plugins\/seo\/ -->\n<title>Ba\u00f1era de hidromasaje 170x120 para dos personas 22 chorros con calentador y cromoterapia VS085<\/title>\n<meta name=\"description\" content=\"Ba\u00f1era de hidromasaje 170x120 para dos personas 22 chorros con calentador y mezclador de cromoterapia de cascada y doble bomba VS085\" \/>\n<meta name=\"robots\" content=\"index, follow, max-snippet:-1, max-image-preview:large, max-video-preview:-1\" \/>\n<link rel=\"canonical\" href=\"https:\/\/www.bagnoitalia.com\/es\/producto\/banera-de-hidromasaje-170x120-para-dos-personas-22-chorros-con-calentador-y-cromoterapia-vs085.html\" \/>\n<meta property=\"og:locale\" content=\"es_ES\" \/>\n<meta property=\"og:type\" content=\"article\" \/>\n<meta property=\"og:title\" content=\"Ba\u00f1era de hidromasaje 170x120 para dos personas 22 chorros con calentador y cromoterapia VS085\" \/>\n<meta property=\"og:description\" content=\"Ba\u00f1era de hidromasaje 170x120 para dos personas 22 chorros con calentador y mezclador de cromoterapia de cascada y doble bomba VS085\" \/>\n<meta property=\"og:url\" content=\"https:\/\/www.bagnoitalia.com\/es\/producto\/banera-de-hidromasaje-170x120-para-dos-personas-22-chorros-con-calentador-y-cromoterapia-vs085.html\" \/>\n<meta property=\"og:site_name\" content=\"Bagno Italia\" \/>\n<meta property=\"article:modified_time\" content=\"2026-04-09T09:35:10+00:00\" \/>\n<meta property=\"og:image\" content=\"https:\/\/img.bagnoitalia.com\/wp-content\/uploads\/1-172.webp\" \/>\n\t<meta property=\"og:image:width\" content=\"550\" \/>\n\t<meta property=\"og:image:height\" content=\"550\" \/>\n\t<meta property=\"og:image:type\" content=\"image\/webp\" \/>\n<meta name=\"twitter:card\" content=\"summary_large_image\" \/>\n<meta name=\"twitter:label1\" content=\"Tiempo de lectura\" \/>\n\t<meta name=\"twitter:data1\" content=\"2 minutos\" \/>\n<script type=\"application\/ld+json\" class=\"yoast-schema-graph\">{\"@context\":\"https:\/\/schema.org\",\"@graph\":[{\"@type\":\"WebPage\",\"@id\":\"https:\/\/www.bagnoitalia.com\/es\/producto\/banera-de-hidromasaje-170x120-para-dos-personas-22-chorros-con-calentador-y-cromoterapia-vs085.html\",\"url\":\"https:\/\/www.bagnoitalia.com\/es\/producto\/banera-de-hidromasaje-170x120-para-dos-personas-22-chorros-con-calentador-y-cromoterapia-vs085.html\",\"name\":\"Ba\u00f1era de hidromasaje 170x120 para dos personas 22 chorros con calentador y cromoterapia VS085\",\"isPartOf\":{\"@id\":\"https:\/\/www.bagnoitalia.com\/es#website\"},\"primaryImageOfPage\":{\"@id\":\"https:\/\/www.bagnoitalia.com\/es\/producto\/banera-de-hidromasaje-170x120-para-dos-personas-22-chorros-con-calentador-y-cromoterapia-vs085.html#primaryimage\"},\"image\":{\"@id\":\"https:\/\/www.bagnoitalia.com\/es\/producto\/banera-de-hidromasaje-170x120-para-dos-personas-22-chorros-con-calentador-y-cromoterapia-vs085.html#primaryimage\"},\"thumbnailUrl\":\"https:\/\/img.bagnoitalia.com\/wp-content\/uploads\/1-172.webp\",\"datePublished\":\"2018-04-13T04:39:41+00:00\",\"dateModified\":\"2026-04-09T09:35:10+00:00\",\"description\":\"Ba\u00f1era de hidromasaje 170x120 para dos personas 22 chorros con calentador y mezclador de cromoterapia de cascada y doble bomba VS085\",\"breadcrumb\":{\"@id\":\"https:\/\/www.bagnoitalia.com\/es\/producto\/banera-de-hidromasaje-170x120-para-dos-personas-22-chorros-con-calentador-y-cromoterapia-vs085.html#breadcrumb\"},\"inLanguage\":\"es\",\"potentialAction\":[{\"@type\":\"ReadAction\",\"target\":[\"https:\/\/www.bagnoitalia.com\/es\/producto\/banera-de-hidromasaje-170x120-para-dos-personas-22-chorros-con-calentador-y-cromoterapia-vs085.html\"]}]},{\"@type\":\"ImageObject\",\"inLanguage\":\"es\",\"@id\":\"https:\/\/www.bagnoitalia.com\/es\/producto\/banera-de-hidromasaje-170x120-para-dos-personas-22-chorros-con-calentador-y-cromoterapia-vs085.html#primaryimage\",\"url\":\"https:\/\/img.bagnoitalia.com\/wp-content\/uploads\/1-172.webp\",\"contentUrl\":\"https:\/\/img.bagnoitalia.com\/wp-content\/uploads\/1-172.webp\",\"width\":550,\"height\":550},{\"@type\":\"BreadcrumbList\",\"@id\":\"https:\/\/www.bagnoitalia.com\/es\/producto\/banera-de-hidromasaje-170x120-para-dos-personas-22-chorros-con-calentador-y-cromoterapia-vs085.html#breadcrumb\",\"itemListElement\":[{\"@type\":\"ListItem\",\"position\":1,\"name\":\"Home\",\"item\":\"https:\/\/www.bagnoitalia.com\/es\"},{\"@type\":\"ListItem\",\"position\":2,\"name\":\"Productos\",\"item\":\"https:\/\/www.bagnoitalia.com\/es\/shop\"},{\"@type\":\"ListItem\",\"position\":3,\"name\":\"Ba\u00f1era de hidromasaje 170&#215;120 cm con 22 o 24 jets calentador y cromoterapia VS085\"}]},{\"@type\":\"WebSite\",\"@id\":\"https:\/\/www.bagnoitalia.com\/es#website\",\"url\":\"https:\/\/www.bagnoitalia.com\/es\",\"name\":\"Bagno Italia\",\"description\":\"\",\"publisher\":{\"@id\":\"https:\/\/www.bagnoitalia.com\/es#organization\"},\"potentialAction\":[{\"@type\":\"SearchAction\",\"target\":{\"@type\":\"EntryPoint\",\"urlTemplate\":\"https:\/\/www.bagnoitalia.com\/es?s={search_term_string}\"},\"query-input\":{\"@type\":\"PropertyValueSpecification\",\"valueRequired\":true,\"valueName\":\"search_term_string\"}}],\"inLanguage\":\"es\"},{\"@type\":\"Organization\",\"@id\":\"https:\/\/www.bagnoitalia.com\/es#organization\",\"name\":\"Bagno Italia\",\"url\":\"https:\/\/www.bagnoitalia.com\/es\",\"logo\":{\"@type\":\"ImageObject\",\"inLanguage\":\"es\",\"@id\":\"https:\/\/www.bagnoitalia.com\/es#\/schema\/logo\/image\/\",\"url\":\"https:\/\/img.bagnoitalia.com\/wp-content\/uploads\/logo-bagnoitalia.webp\",\"contentUrl\":\"https:\/\/img.bagnoitalia.com\/wp-content\/uploads\/logo-bagnoitalia.webp\",\"width\":400,\"height\":70,\"caption\":\"Bagno Italia\"},\"image\":{\"@id\":\"https:\/\/www.bagnoitalia.com\/es#\/schema\/logo\/image\/\"}}]}<\/script>\n<!-- \/ Yoast SEO plugin. -->","yoast_head_json":{"title":"Ba\u00f1era de hidromasaje 170x120 para dos personas 22 chorros con calentador y cromoterapia VS085","description":"Ba\u00f1era de hidromasaje 170x120 para dos personas 22 chorros con calentador y mezclador de cromoterapia de cascada y doble bomba VS085","robots":{"index":"index","follow":"follow","max-snippet":"max-snippet:-1","max-image-preview":"max-image-preview:large","max-video-preview":"max-video-preview:-1"},"canonical":"https:\/\/www.bagnoitalia.com\/es\/producto\/banera-de-hidromasaje-170x120-para-dos-personas-22-chorros-con-calentador-y-cromoterapia-vs085.html","og_locale":"es_ES","og_type":"article","og_title":"Ba\u00f1era de hidromasaje 170x120 para dos personas 22 chorros con calentador y cromoterapia VS085","og_description":"Ba\u00f1era de hidromasaje 170x120 para dos personas 22 chorros con calentador y mezclador de cromoterapia de cascada y doble bomba VS085","og_url":"https:\/\/www.bagnoitalia.com\/es\/producto\/banera-de-hidromasaje-170x120-para-dos-personas-22-chorros-con-calentador-y-cromoterapia-vs085.html","og_site_name":"Bagno Italia","article_modified_time":"2026-04-09T09:35:10+00:00","og_image":[{"width":550,"height":550,"url":"https:\/\/img.bagnoitalia.com\/wp-content\/uploads\/1-172.webp","type":"image\/webp"}],"twitter_card":"summary_large_image","twitter_misc":{"Tiempo de lectura":"2 minutos"},"schema":{"@context":"https:\/\/schema.org","@graph":[{"@type":"WebPage","@id":"https:\/\/www.bagnoitalia.com\/es\/producto\/banera-de-hidromasaje-170x120-para-dos-personas-22-chorros-con-calentador-y-cromoterapia-vs085.html","url":"https:\/\/www.bagnoitalia.com\/es\/producto\/banera-de-hidromasaje-170x120-para-dos-personas-22-chorros-con-calentador-y-cromoterapia-vs085.html","name":"Ba\u00f1era de hidromasaje 170x120 para dos personas 22 chorros con calentador y cromoterapia VS085","isPartOf":{"@id":"https:\/\/www.bagnoitalia.com\/es#website"},"primaryImageOfPage":{"@id":"https:\/\/www.bagnoitalia.com\/es\/producto\/banera-de-hidromasaje-170x120-para-dos-personas-22-chorros-con-calentador-y-cromoterapia-vs085.html#primaryimage"},"image":{"@id":"https:\/\/www.bagnoitalia.com\/es\/producto\/banera-de-hidromasaje-170x120-para-dos-personas-22-chorros-con-calentador-y-cromoterapia-vs085.html#primaryimage"},"thumbnailUrl":"https:\/\/img.bagnoitalia.com\/wp-content\/uploads\/1-172.webp","datePublished":"2018-04-13T04:39:41+00:00","dateModified":"2026-04-09T09:35:10+00:00","description":"Ba\u00f1era de hidromasaje 170x120 para dos personas 22 chorros con calentador y mezclador de cromoterapia de cascada y doble bomba VS085","breadcrumb":{"@id":"https:\/\/www.bagnoitalia.com\/es\/producto\/banera-de-hidromasaje-170x120-para-dos-personas-22-chorros-con-calentador-y-cromoterapia-vs085.html#breadcrumb"},"inLanguage":"es","potentialAction":[{"@type":"ReadAction","target":["https:\/\/www.bagnoitalia.com\/es\/producto\/banera-de-hidromasaje-170x120-para-dos-personas-22-chorros-con-calentador-y-cromoterapia-vs085.html"]}]},{"@type":"ImageObject","inLanguage":"es","@id":"https:\/\/www.bagnoitalia.com\/es\/producto\/banera-de-hidromasaje-170x120-para-dos-personas-22-chorros-con-calentador-y-cromoterapia-vs085.html#primaryimage","url":"https:\/\/img.bagnoitalia.com\/wp-content\/uploads\/1-172.webp","contentUrl":"https:\/\/img.bagnoitalia.com\/wp-content\/uploads\/1-172.webp","width":550,"height":550},{"@type":"BreadcrumbList","@id":"https:\/\/www.bagnoitalia.com\/es\/producto\/banera-de-hidromasaje-170x120-para-dos-personas-22-chorros-con-calentador-y-cromoterapia-vs085.html#breadcrumb","itemListElement":[{"@type":"ListItem","position":1,"name":"Home","item":"https:\/\/www.bagnoitalia.com\/es"},{"@type":"ListItem","position":2,"name":"Productos","item":"https:\/\/www.bagnoitalia.com\/es\/shop"},{"@type":"ListItem","position":3,"name":"Ba\u00f1era de hidromasaje 170&#215;120 cm con 22 o 24 jets calentador y cromoterapia VS085"}]},{"@type":"WebSite","@id":"https:\/\/www.bagnoitalia.com\/es#website","url":"https:\/\/www.bagnoitalia.com\/es","name":"Bagno Italia","description":"","publisher":{"@id":"https:\/\/www.bagnoitalia.com\/es#organization"},"potentialAction":[{"@type":"SearchAction","target":{"@type":"EntryPoint","urlTemplate":"https:\/\/www.bagnoitalia.com\/es?s={search_term_string}"},"query-input":{"@type":"PropertyValueSpecification","valueRequired":true,"valueName":"search_term_string"}}],"inLanguage":"es"},{"@type":"Organization","@id":"https:\/\/www.bagnoitalia.com\/es#organization","name":"Bagno Italia","url":"https:\/\/www.bagnoitalia.com\/es","logo":{"@type":"ImageObject","inLanguage":"es","@id":"https:\/\/www.bagnoitalia.com\/es#\/schema\/logo\/image\/","url":"https:\/\/img.bagnoitalia.com\/wp-content\/uploads\/logo-bagnoitalia.webp","contentUrl":"https:\/\/img.bagnoitalia.com\/wp-content\/uploads\/logo-bagnoitalia.webp","width":400,"height":70,"caption":"Bagno Italia"},"image":{"@id":"https:\/\/www.bagnoitalia.com\/es#\/schema\/logo\/image\/"}}]}},"_links":{"self":[{"href":"https:\/\/www.bagnoitalia.com\/es\/wp-json\/wp\/v2\/product\/81080","targetHints":{"allow":["GET"]}}],"collection":[{"href":"https:\/\/www.bagnoitalia.com\/es\/wp-json\/wp\/v2\/product"}],"about":[{"href":"https:\/\/www.bagnoitalia.com\/es\/wp-json\/wp\/v2\/types\/product"}],"replies":[{"embeddable":true,"href":"https:\/\/www.bagnoitalia.com\/es\/wp-json\/wp\/v2\/comments?post=81080"}],"version-history":[{"count":4,"href":"https:\/\/www.bagnoitalia.com\/es\/wp-json\/wp\/v2\/product\/81080\/revisions"}],"predecessor-version":[{"id":102070,"href":"https:\/\/www.bagnoitalia.com\/es\/wp-json\/wp\/v2\/product\/81080\/revisions\/102070"}],"wp:featuredmedia":[{"embeddable":true,"href":"https:\/\/www.bagnoitalia.com\/es\/wp-json\/wp\/v2\/media\/101996"}],"wp:attachment":[{"href":"https:\/\/www.bagnoitalia.com\/es\/wp-json\/wp\/v2\/media?parent=81080"}],"wp:term":[{"taxonomy":"product_brand","embeddable":true,"href":"https:\/\/www.bagnoitalia.com\/es\/wp-json\/wp\/v2\/product_brand?post=81080"},{"taxonomy":"product_cat","embeddable":true,"href":"https:\/\/www.bagnoitalia.com\/es\/wp-json\/wp\/v2\/product_cat?post=81080"},{"taxonomy":"product_tag","embeddable":true,"href":"https:\/\/www.bagnoitalia.com\/es\/wp-json\/wp\/v2\/product_tag?post=81080"}],"curies":[{"name":"wp","href":"https:\/\/api.w.org\/{rel}","templated":true}]}}