{"id":81044,"date":"2018-04-04T08:11:04","date_gmt":"2018-04-04T06:11:04","guid":{"rendered":"https:\/\/www.bagnoitalia.com\/product\/cabina-de-hidromasaje-de-esquina-130x130-radio-para-banera-de-cromoterapia-cb062"},"modified":"2024-05-22T11:29:41","modified_gmt":"2024-05-22T09:29:41","slug":"cabina-de-hidromasaje-de-esquina-130x130-radio-para-banera-de-cromoterapia-cb062","status":"publish","type":"product","link":"https:\/\/www.bagnoitalia.com\/es\/producto\/cabina-de-hidromasaje-de-esquina-130x130-radio-para-banera-de-cromoterapia-cb062.html","title":{"rendered":"Cabina de Hidromasaje de esquina 130&#215;130, Ba\u00f1era, Cromoterapia, y Radio CB062"},"content":{"rendered":"<p><span style=\"color: #ff0000;\"><strong><span style=\"font-family: arial, helvetica, sans-serif;\"><span style=\"text-decoration: underline;\"><span style=\"font-size: 18pt;\">Cabina de hidromasaje de 130&#215;130 con ba\u00f1era y cromoterapia.<\/span><\/span><\/span><\/strong><\/span><\/p>\n<\/p>\n<h5><span style=\"text-decoration: underline; font-family: arial, helvetica, sans-serif;\"><span style=\"font-size: 14pt;\">Especificaciones t\u00e9cnicas<\/span> <span style=\"font-size: 14pt;\">:<\/span><\/span><\/h5>\n<p><span style=\"font-size: 12pt; font-family: arial, helvetica, sans-serif;\">Medidas 130x130xh220 cm. <br \/> Base en ABS reforzado y tanque antideslizante. <br \/> Doble hidromasaje (ducha y ba\u00f1era). <br \/> Masaje de pies <br \/> Cromoterapia (12 luces LED) <br \/> Columna de ducha de hidromasaje y cabezal de ducha de alta cascada central <br \/> 10 chorros de hidromasaje (6 peque\u00f1os y 4 grandes) <br \/> Sostenedor de la toalla y compartimiento de almacenamiento <br \/>2 reposacabezas <br \/> Sistema de ventilaci\u00f3n <br \/> Panel de control y radio FM con altavoces est\u00e9reo. <br \/> Cierre magnetico <br \/> Pomos cromados y columnas en aluminio satinado. <br \/> Bomba de hidromasaje de 1.5 HP. <br \/> Vidrio de seguridad de 5 mm, templado y oscurecido.<\/span><\/p>\n<h5 style=\"text-align: left;\"><span style=\"font-family: arial, helvetica, sans-serif;\"><span style=\"font-size: 12pt;\"><\/span><\/span><\/h5>\n","protected":false},"excerpt":{"rendered":"<p>Cabina de Hidromasaje de esquina 130&#215;130, ba\u00f1era de 10 chorros, Cromoterapia, Radio, Masaje de pies, y Vidrios opacos CB062<\/p>\n","protected":false},"featured_media":40566,"comment_status":"open","ping_status":"closed","template":"","meta":[],"product_brand":[5017],"product_cat":[9737],"product_tag":[],"class_list":{"0":"post-81044","1":"product","2":"type-product","3":"status-publish","4":"has-post-thumbnail","6":"product_brand-simba","7":"product_cat-cabina-de-hidromasaje","9":"first","10":"instock","11":"sale","12":"taxable","13":"shipping-taxable","14":"purchasable","15":"product-type-simple"},"exclude_global_add_ons":[],"addons":[],"yoast_head":"<!-- This site is optimized with the Yoast SEO plugin v26.7 - https:\/\/yoast.com\/wordpress\/plugins\/seo\/ -->\n<title>Cabina de hidromasaje de esquina 130x130 radio para ba\u00f1era de cromoterapia CB062<\/title>\n<meta name=\"description\" content=\"Ba\u00f1era de hidromasaje de esquina ba\u00f1o de 130x130 ba\u00f1o de 10 chorros cromoterapia masaje de pies ventanas tintadas CB062\" \/>\n<meta name=\"robots\" content=\"index, follow, max-snippet:-1, max-image-preview:large, max-video-preview:-1\" \/>\n<link rel=\"canonical\" href=\"https:\/\/www.bagnoitalia.com\/es\/producto\/cabina-de-hidromasaje-de-esquina-130x130-radio-para-banera-de-cromoterapia-cb062.html\" \/>\n<meta property=\"og:locale\" content=\"es_ES\" \/>\n<meta property=\"og:type\" content=\"article\" \/>\n<meta property=\"og:title\" content=\"Cabina de hidromasaje de esquina 130x130 radio para ba\u00f1era de cromoterapia CB062\" \/>\n<meta property=\"og:description\" content=\"Ba\u00f1era de hidromasaje de esquina ba\u00f1o de 130x130 ba\u00f1o de 10 chorros cromoterapia masaje de pies ventanas tintadas CB062\" \/>\n<meta property=\"og:url\" content=\"https:\/\/www.bagnoitalia.com\/es\/producto\/cabina-de-hidromasaje-de-esquina-130x130-radio-para-banera-de-cromoterapia-cb062.html\" \/>\n<meta property=\"og:site_name\" content=\"Bagno Italia\" \/>\n<meta property=\"article:modified_time\" content=\"2024-05-22T09:29:41+00:00\" \/>\n<meta property=\"og:image\" content=\"https:\/\/img.bagnoitalia.com\/wp-content\/uploads\/virtuemart\/product\/Corner-hydromassage-CB062-1_1540991740_436.jpg\" \/>\n\t<meta property=\"og:image:width\" content=\"500\" \/>\n\t<meta property=\"og:image:height\" content=\"500\" \/>\n\t<meta property=\"og:image:type\" content=\"image\/jpeg\" \/>\n<meta name=\"twitter:card\" content=\"summary_large_image\" \/>\n<meta name=\"twitter:label1\" content=\"Tiempo de lectura\" \/>\n\t<meta name=\"twitter:data1\" content=\"1 minuto\" \/>\n<script type=\"application\/ld+json\" class=\"yoast-schema-graph\">{\"@context\":\"https:\/\/schema.org\",\"@graph\":[{\"@type\":\"WebPage\",\"@id\":\"https:\/\/www.bagnoitalia.com\/es\/producto\/cabina-de-hidromasaje-de-esquina-130x130-radio-para-banera-de-cromoterapia-cb062.html\",\"url\":\"https:\/\/www.bagnoitalia.com\/es\/producto\/cabina-de-hidromasaje-de-esquina-130x130-radio-para-banera-de-cromoterapia-cb062.html\",\"name\":\"Cabina de hidromasaje de esquina 130x130 radio para ba\u00f1era de cromoterapia CB062\",\"isPartOf\":{\"@id\":\"https:\/\/www.bagnoitalia.com\/es#website\"},\"primaryImageOfPage\":{\"@id\":\"https:\/\/www.bagnoitalia.com\/es\/producto\/cabina-de-hidromasaje-de-esquina-130x130-radio-para-banera-de-cromoterapia-cb062.html#primaryimage\"},\"image\":{\"@id\":\"https:\/\/www.bagnoitalia.com\/es\/producto\/cabina-de-hidromasaje-de-esquina-130x130-radio-para-banera-de-cromoterapia-cb062.html#primaryimage\"},\"thumbnailUrl\":\"https:\/\/img.bagnoitalia.com\/wp-content\/uploads\/virtuemart\/product\/Corner-hydromassage-CB062-1_1540991740_436.jpg\",\"datePublished\":\"2018-04-04T06:11:04+00:00\",\"dateModified\":\"2024-05-22T09:29:41+00:00\",\"description\":\"Ba\u00f1era de hidromasaje de esquina ba\u00f1o de 130x130 ba\u00f1o de 10 chorros cromoterapia masaje de pies ventanas tintadas CB062\",\"breadcrumb\":{\"@id\":\"https:\/\/www.bagnoitalia.com\/es\/producto\/cabina-de-hidromasaje-de-esquina-130x130-radio-para-banera-de-cromoterapia-cb062.html#breadcrumb\"},\"inLanguage\":\"es\",\"potentialAction\":[{\"@type\":\"ReadAction\",\"target\":[\"https:\/\/www.bagnoitalia.com\/es\/producto\/cabina-de-hidromasaje-de-esquina-130x130-radio-para-banera-de-cromoterapia-cb062.html\"]}]},{\"@type\":\"ImageObject\",\"inLanguage\":\"es\",\"@id\":\"https:\/\/www.bagnoitalia.com\/es\/producto\/cabina-de-hidromasaje-de-esquina-130x130-radio-para-banera-de-cromoterapia-cb062.html#primaryimage\",\"url\":\"https:\/\/img.bagnoitalia.com\/wp-content\/uploads\/virtuemart\/product\/Corner-hydromassage-CB062-1_1540991740_436.jpg\",\"contentUrl\":\"https:\/\/img.bagnoitalia.com\/wp-content\/uploads\/virtuemart\/product\/Corner-hydromassage-CB062-1_1540991740_436.jpg\",\"width\":500,\"height\":500},{\"@type\":\"BreadcrumbList\",\"@id\":\"https:\/\/www.bagnoitalia.com\/es\/producto\/cabina-de-hidromasaje-de-esquina-130x130-radio-para-banera-de-cromoterapia-cb062.html#breadcrumb\",\"itemListElement\":[{\"@type\":\"ListItem\",\"position\":1,\"name\":\"Home\",\"item\":\"https:\/\/www.bagnoitalia.com\/es\"},{\"@type\":\"ListItem\",\"position\":2,\"name\":\"Productos\",\"item\":\"https:\/\/www.bagnoitalia.com\/es\/shop\"},{\"@type\":\"ListItem\",\"position\":3,\"name\":\"Cabina de Hidromasaje de esquina 130&#215;130, Ba\u00f1era, Cromoterapia, y Radio CB062\"}]},{\"@type\":\"WebSite\",\"@id\":\"https:\/\/www.bagnoitalia.com\/es#website\",\"url\":\"https:\/\/www.bagnoitalia.com\/es\",\"name\":\"Bagno Italia\",\"description\":\"\",\"publisher\":{\"@id\":\"https:\/\/www.bagnoitalia.com\/es#organization\"},\"potentialAction\":[{\"@type\":\"SearchAction\",\"target\":{\"@type\":\"EntryPoint\",\"urlTemplate\":\"https:\/\/www.bagnoitalia.com\/es?s={search_term_string}\"},\"query-input\":{\"@type\":\"PropertyValueSpecification\",\"valueRequired\":true,\"valueName\":\"search_term_string\"}}],\"inLanguage\":\"es\"},{\"@type\":\"Organization\",\"@id\":\"https:\/\/www.bagnoitalia.com\/es#organization\",\"name\":\"Bagno Italia\",\"url\":\"https:\/\/www.bagnoitalia.com\/es\",\"logo\":{\"@type\":\"ImageObject\",\"inLanguage\":\"es\",\"@id\":\"https:\/\/www.bagnoitalia.com\/es#\/schema\/logo\/image\/\",\"url\":\"https:\/\/img.bagnoitalia.com\/wp-content\/uploads\/logo-bagnoitalia.webp\",\"contentUrl\":\"https:\/\/img.bagnoitalia.com\/wp-content\/uploads\/logo-bagnoitalia.webp\",\"width\":400,\"height\":70,\"caption\":\"Bagno Italia\"},\"image\":{\"@id\":\"https:\/\/www.bagnoitalia.com\/es#\/schema\/logo\/image\/\"}}]}<\/script>\n<!-- \/ Yoast SEO plugin. -->","yoast_head_json":{"title":"Cabina de hidromasaje de esquina 130x130 radio para ba\u00f1era de cromoterapia CB062","description":"Ba\u00f1era de hidromasaje de esquina ba\u00f1o de 130x130 ba\u00f1o de 10 chorros cromoterapia masaje de pies ventanas tintadas CB062","robots":{"index":"index","follow":"follow","max-snippet":"max-snippet:-1","max-image-preview":"max-image-preview:large","max-video-preview":"max-video-preview:-1"},"canonical":"https:\/\/www.bagnoitalia.com\/es\/producto\/cabina-de-hidromasaje-de-esquina-130x130-radio-para-banera-de-cromoterapia-cb062.html","og_locale":"es_ES","og_type":"article","og_title":"Cabina de hidromasaje de esquina 130x130 radio para ba\u00f1era de cromoterapia CB062","og_description":"Ba\u00f1era de hidromasaje de esquina ba\u00f1o de 130x130 ba\u00f1o de 10 chorros cromoterapia masaje de pies ventanas tintadas CB062","og_url":"https:\/\/www.bagnoitalia.com\/es\/producto\/cabina-de-hidromasaje-de-esquina-130x130-radio-para-banera-de-cromoterapia-cb062.html","og_site_name":"Bagno Italia","article_modified_time":"2024-05-22T09:29:41+00:00","og_image":[{"width":500,"height":500,"url":"https:\/\/img.bagnoitalia.com\/wp-content\/uploads\/virtuemart\/product\/Corner-hydromassage-CB062-1_1540991740_436.jpg","type":"image\/jpeg"}],"twitter_card":"summary_large_image","twitter_misc":{"Tiempo de lectura":"1 minuto"},"schema":{"@context":"https:\/\/schema.org","@graph":[{"@type":"WebPage","@id":"https:\/\/www.bagnoitalia.com\/es\/producto\/cabina-de-hidromasaje-de-esquina-130x130-radio-para-banera-de-cromoterapia-cb062.html","url":"https:\/\/www.bagnoitalia.com\/es\/producto\/cabina-de-hidromasaje-de-esquina-130x130-radio-para-banera-de-cromoterapia-cb062.html","name":"Cabina de hidromasaje de esquina 130x130 radio para ba\u00f1era de cromoterapia CB062","isPartOf":{"@id":"https:\/\/www.bagnoitalia.com\/es#website"},"primaryImageOfPage":{"@id":"https:\/\/www.bagnoitalia.com\/es\/producto\/cabina-de-hidromasaje-de-esquina-130x130-radio-para-banera-de-cromoterapia-cb062.html#primaryimage"},"image":{"@id":"https:\/\/www.bagnoitalia.com\/es\/producto\/cabina-de-hidromasaje-de-esquina-130x130-radio-para-banera-de-cromoterapia-cb062.html#primaryimage"},"thumbnailUrl":"https:\/\/img.bagnoitalia.com\/wp-content\/uploads\/virtuemart\/product\/Corner-hydromassage-CB062-1_1540991740_436.jpg","datePublished":"2018-04-04T06:11:04+00:00","dateModified":"2024-05-22T09:29:41+00:00","description":"Ba\u00f1era de hidromasaje de esquina ba\u00f1o de 130x130 ba\u00f1o de 10 chorros cromoterapia masaje de pies ventanas tintadas CB062","breadcrumb":{"@id":"https:\/\/www.bagnoitalia.com\/es\/producto\/cabina-de-hidromasaje-de-esquina-130x130-radio-para-banera-de-cromoterapia-cb062.html#breadcrumb"},"inLanguage":"es","potentialAction":[{"@type":"ReadAction","target":["https:\/\/www.bagnoitalia.com\/es\/producto\/cabina-de-hidromasaje-de-esquina-130x130-radio-para-banera-de-cromoterapia-cb062.html"]}]},{"@type":"ImageObject","inLanguage":"es","@id":"https:\/\/www.bagnoitalia.com\/es\/producto\/cabina-de-hidromasaje-de-esquina-130x130-radio-para-banera-de-cromoterapia-cb062.html#primaryimage","url":"https:\/\/img.bagnoitalia.com\/wp-content\/uploads\/virtuemart\/product\/Corner-hydromassage-CB062-1_1540991740_436.jpg","contentUrl":"https:\/\/img.bagnoitalia.com\/wp-content\/uploads\/virtuemart\/product\/Corner-hydromassage-CB062-1_1540991740_436.jpg","width":500,"height":500},{"@type":"BreadcrumbList","@id":"https:\/\/www.bagnoitalia.com\/es\/producto\/cabina-de-hidromasaje-de-esquina-130x130-radio-para-banera-de-cromoterapia-cb062.html#breadcrumb","itemListElement":[{"@type":"ListItem","position":1,"name":"Home","item":"https:\/\/www.bagnoitalia.com\/es"},{"@type":"ListItem","position":2,"name":"Productos","item":"https:\/\/www.bagnoitalia.com\/es\/shop"},{"@type":"ListItem","position":3,"name":"Cabina de Hidromasaje de esquina 130&#215;130, Ba\u00f1era, Cromoterapia, y Radio CB062"}]},{"@type":"WebSite","@id":"https:\/\/www.bagnoitalia.com\/es#website","url":"https:\/\/www.bagnoitalia.com\/es","name":"Bagno Italia","description":"","publisher":{"@id":"https:\/\/www.bagnoitalia.com\/es#organization"},"potentialAction":[{"@type":"SearchAction","target":{"@type":"EntryPoint","urlTemplate":"https:\/\/www.bagnoitalia.com\/es?s={search_term_string}"},"query-input":{"@type":"PropertyValueSpecification","valueRequired":true,"valueName":"search_term_string"}}],"inLanguage":"es"},{"@type":"Organization","@id":"https:\/\/www.bagnoitalia.com\/es#organization","name":"Bagno Italia","url":"https:\/\/www.bagnoitalia.com\/es","logo":{"@type":"ImageObject","inLanguage":"es","@id":"https:\/\/www.bagnoitalia.com\/es#\/schema\/logo\/image\/","url":"https:\/\/img.bagnoitalia.com\/wp-content\/uploads\/logo-bagnoitalia.webp","contentUrl":"https:\/\/img.bagnoitalia.com\/wp-content\/uploads\/logo-bagnoitalia.webp","width":400,"height":70,"caption":"Bagno Italia"},"image":{"@id":"https:\/\/www.bagnoitalia.com\/es#\/schema\/logo\/image\/"}}]}},"_links":{"self":[{"href":"https:\/\/www.bagnoitalia.com\/es\/wp-json\/wp\/v2\/product\/81044","targetHints":{"allow":["GET"]}}],"collection":[{"href":"https:\/\/www.bagnoitalia.com\/es\/wp-json\/wp\/v2\/product"}],"about":[{"href":"https:\/\/www.bagnoitalia.com\/es\/wp-json\/wp\/v2\/types\/product"}],"replies":[{"embeddable":true,"href":"https:\/\/www.bagnoitalia.com\/es\/wp-json\/wp\/v2\/comments?post=81044"}],"version-history":[{"count":0,"href":"https:\/\/www.bagnoitalia.com\/es\/wp-json\/wp\/v2\/product\/81044\/revisions"}],"wp:featuredmedia":[{"embeddable":true,"href":"https:\/\/www.bagnoitalia.com\/es\/wp-json\/wp\/v2\/media\/40566"}],"wp:attachment":[{"href":"https:\/\/www.bagnoitalia.com\/es\/wp-json\/wp\/v2\/media?parent=81044"}],"wp:term":[{"taxonomy":"product_brand","embeddable":true,"href":"https:\/\/www.bagnoitalia.com\/es\/wp-json\/wp\/v2\/product_brand?post=81044"},{"taxonomy":"product_cat","embeddable":true,"href":"https:\/\/www.bagnoitalia.com\/es\/wp-json\/wp\/v2\/product_cat?post=81044"},{"taxonomy":"product_tag","embeddable":true,"href":"https:\/\/www.bagnoitalia.com\/es\/wp-json\/wp\/v2\/product_tag?post=81044"}],"curies":[{"name":"wp","href":"https:\/\/api.w.org\/{rel}","templated":true}]}}