{"id":81032,"date":"2018-03-29T09:57:06","date_gmt":"2018-03-29T07:57:06","guid":{"rendered":"https:\/\/www.bagnoitalia.com\/product\/puerta-de-bano-de-133x67x101-cm-con-apertura-izquierda-o-derecha-vs081"},"modified":"2024-05-22T10:50:52","modified_gmt":"2024-05-22T08:50:52","slug":"puerta-de-bano-de-133x67x101-cm-con-apertura-izquierda-o-derecha-vs081","status":"publish","type":"product","link":"https:\/\/www.bagnoitalia.com\/es\/producto\/puerta-de-bano-de-133x67x101-cm-con-apertura-izquierda-o-derecha-vs081.html","title":{"rendered":"Puerta de ba\u00f1o de 133x67x101 cm con apertura izquierda o derecha VS081"},"content":{"rendered":"<p><span style=\"text-decoration: underline; color: #ff0000;\"><strong><span style=\"font-size: 14pt;\">BA\u00d1ERA VS081<\/span><\/strong><\/span><\/p>\n<p>La ba\u00f1era VS081 ofrece total comodidad y seguridad gracias a la parte inferior antideslizante y la puerta lateral que permite una entrada f\u00e1cil.<\/p>\n<p>Por eso est\u00e1 especialmente indicado para personas con dificultades de movilidad y personas mayores.<\/p>\n<p>Es posible seleccionar desde el men\u00fa si la puerta se abre hacia la derecha o hacia la izquierda.<\/p>\n<p><span style=\"text-decoration: underline;\"><strong>caracter\u00edsticas: <br style=\"clear: left;\" \/><\/strong><\/span><\/p>\n<p>medidas L 133 x P 67 x H 101 cm<\/p>\n<p>Hecho de fibra de vidrio<\/p>\n<p>Puerta con apertura hacia el interior.<\/p>\n<p>Asiento elevado<\/p>\n<p>F\u00e1cil de limpiar<\/p>\n<p>Grifos incluidos<\/p>\n<p>Reposacabezas incluido<\/p>\n<p>Manijas incluidas<\/p>\n<p><strong>APERTURA A LA DERECHA, COMO DE LAS FOTOS SUBYACENTES:<\/strong><\/p>\n<p><img fetchpriority=\"high\" decoding=\"async\" class=\" size-full wp-image-40490\" src=\"https:\/\/img.bagnoitalia.com\/wp-content\/uploads\/grafiche\/vasca-da-bagno-133x67x101-apertura-porta-destra-verso-interno.JPG\" alt=\"\" width=\"478\" height=\"478\" srcset=\"https:\/\/img.bagnoitalia.com\/wp-content\/uploads\/grafiche\/vasca-da-bagno-133x67x101-apertura-porta-destra-verso-interno.JPG 550w, https:\/\/img.bagnoitalia.com\/wp-content\/uploads\/grafiche\/vasca-da-bagno-133x67x101-apertura-porta-destra-verso-interno-441x441.jpg 441w, https:\/\/img.bagnoitalia.com\/wp-content\/uploads\/grafiche\/vasca-da-bagno-133x67x101-apertura-porta-destra-verso-interno-100x100.jpg 100w, https:\/\/img.bagnoitalia.com\/wp-content\/uploads\/grafiche\/vasca-da-bagno-133x67x101-apertura-porta-destra-verso-interno-150x150.jpg 150w\" sizes=\"(max-width: 478px) 100vw, 478px\" \/><\/p>\n","protected":false},"excerpt":{"rendered":"<p>Ba\u00f1era con puerta lateral que permite un acceso c\u00f3modo y seguro. Se abre hacia adentro y puedes tenerlo en la versi\u00f3n derecha o izquierda.<\/p>\n","protected":false},"featured_media":40446,"comment_status":"open","ping_status":"closed","template":"","meta":[],"product_brand":[5018],"product_cat":[9966],"product_tag":[],"class_list":{"0":"post-81032","1":"product","2":"type-product","3":"status-publish","4":"has-post-thumbnail","6":"product_brand-brand-store","7":"product_cat-tubs-whith-door-es","9":"first","10":"instock","11":"sale","12":"taxable","13":"shipping-taxable","14":"purchasable","15":"product-type-simple"},"exclude_global_add_ons":false,"addons":[{"name":"Tipolog\u00eda","type":"multiple_choice","position":0,"required":true,"title_format":"heading","default":"","description_enable":false,"description":"","placeholder_enable":false,"placeholder":"","display":"select","restrictions_type":"any_text","adjust_price":false,"price":"","price_type":"flat_fee","restrictions":false,"min":"0","max":"0","options":[{"label":"apertura a la izquierda - SINISTRA","price":"","price_type":"quantity_based","image":0,"visibility":true},{"label":"apertura a la derecha - DESTRA","price":"","price_type":"quantity_based","image":0,"visibility":true}],"id":1716375053}],"yoast_head":"<!-- This site is optimized with the Yoast SEO plugin v26.7 - https:\/\/yoast.com\/wordpress\/plugins\/seo\/ -->\n<title>Puerta de ba\u00f1o de 133x67x101 cm con apertura izquierda o derecha VS081<\/title>\n<meta name=\"description\" content=\"Ba\u00f1era con puerta lateral que permite un acceso c\u00f3modo y seguro.\" \/>\n<meta name=\"robots\" content=\"index, follow, max-snippet:-1, max-image-preview:large, max-video-preview:-1\" \/>\n<link rel=\"canonical\" href=\"https:\/\/www.bagnoitalia.com\/es\/producto\/puerta-de-bano-de-133x67x101-cm-con-apertura-izquierda-o-derecha-vs081.html\" \/>\n<meta property=\"og:locale\" content=\"es_ES\" \/>\n<meta property=\"og:type\" content=\"article\" \/>\n<meta property=\"og:title\" content=\"Puerta de ba\u00f1o de 133x67x101 cm con apertura izquierda o derecha VS081\" \/>\n<meta property=\"og:description\" content=\"Ba\u00f1era con puerta lateral que permite un acceso c\u00f3modo y seguro.\" \/>\n<meta property=\"og:url\" content=\"https:\/\/www.bagnoitalia.com\/es\/producto\/puerta-de-bano-de-133x67x101-cm-con-apertura-izquierda-o-derecha-vs081.html\" \/>\n<meta property=\"og:site_name\" content=\"Bagno Italia\" \/>\n<meta property=\"article:modified_time\" content=\"2024-05-22T08:50:52+00:00\" \/>\n<meta property=\"og:image\" content=\"https:\/\/img.bagnoitalia.com\/wp-content\/uploads\/virtuemart\/product\/133x67x110-bathtub-1_1541779841_626.jpg\" \/>\n\t<meta property=\"og:image:width\" content=\"550\" \/>\n\t<meta property=\"og:image:height\" content=\"550\" \/>\n\t<meta property=\"og:image:type\" content=\"image\/jpeg\" \/>\n<meta name=\"twitter:card\" content=\"summary_large_image\" \/>\n<meta name=\"twitter:label1\" content=\"Tiempo de lectura\" \/>\n\t<meta name=\"twitter:data1\" content=\"1 minuto\" \/>\n<script type=\"application\/ld+json\" class=\"yoast-schema-graph\">{\"@context\":\"https:\/\/schema.org\",\"@graph\":[{\"@type\":\"WebPage\",\"@id\":\"https:\/\/www.bagnoitalia.com\/es\/producto\/puerta-de-bano-de-133x67x101-cm-con-apertura-izquierda-o-derecha-vs081.html\",\"url\":\"https:\/\/www.bagnoitalia.com\/es\/producto\/puerta-de-bano-de-133x67x101-cm-con-apertura-izquierda-o-derecha-vs081.html\",\"name\":\"Puerta de ba\u00f1o de 133x67x101 cm con apertura izquierda o derecha VS081\",\"isPartOf\":{\"@id\":\"https:\/\/www.bagnoitalia.com\/es#website\"},\"primaryImageOfPage\":{\"@id\":\"https:\/\/www.bagnoitalia.com\/es\/producto\/puerta-de-bano-de-133x67x101-cm-con-apertura-izquierda-o-derecha-vs081.html#primaryimage\"},\"image\":{\"@id\":\"https:\/\/www.bagnoitalia.com\/es\/producto\/puerta-de-bano-de-133x67x101-cm-con-apertura-izquierda-o-derecha-vs081.html#primaryimage\"},\"thumbnailUrl\":\"https:\/\/img.bagnoitalia.com\/wp-content\/uploads\/virtuemart\/product\/133x67x110-bathtub-1_1541779841_626.jpg\",\"datePublished\":\"2018-03-29T07:57:06+00:00\",\"dateModified\":\"2024-05-22T08:50:52+00:00\",\"description\":\"Ba\u00f1era con puerta lateral que permite un acceso c\u00f3modo y seguro.\",\"breadcrumb\":{\"@id\":\"https:\/\/www.bagnoitalia.com\/es\/producto\/puerta-de-bano-de-133x67x101-cm-con-apertura-izquierda-o-derecha-vs081.html#breadcrumb\"},\"inLanguage\":\"es\",\"potentialAction\":[{\"@type\":\"ReadAction\",\"target\":[\"https:\/\/www.bagnoitalia.com\/es\/producto\/puerta-de-bano-de-133x67x101-cm-con-apertura-izquierda-o-derecha-vs081.html\"]}]},{\"@type\":\"ImageObject\",\"inLanguage\":\"es\",\"@id\":\"https:\/\/www.bagnoitalia.com\/es\/producto\/puerta-de-bano-de-133x67x101-cm-con-apertura-izquierda-o-derecha-vs081.html#primaryimage\",\"url\":\"https:\/\/img.bagnoitalia.com\/wp-content\/uploads\/virtuemart\/product\/133x67x110-bathtub-1_1541779841_626.jpg\",\"contentUrl\":\"https:\/\/img.bagnoitalia.com\/wp-content\/uploads\/virtuemart\/product\/133x67x110-bathtub-1_1541779841_626.jpg\",\"width\":550,\"height\":550},{\"@type\":\"BreadcrumbList\",\"@id\":\"https:\/\/www.bagnoitalia.com\/es\/producto\/puerta-de-bano-de-133x67x101-cm-con-apertura-izquierda-o-derecha-vs081.html#breadcrumb\",\"itemListElement\":[{\"@type\":\"ListItem\",\"position\":1,\"name\":\"Home\",\"item\":\"https:\/\/www.bagnoitalia.com\/es\"},{\"@type\":\"ListItem\",\"position\":2,\"name\":\"Productos\",\"item\":\"https:\/\/www.bagnoitalia.com\/es\/shop\"},{\"@type\":\"ListItem\",\"position\":3,\"name\":\"Puerta de ba\u00f1o de 133x67x101 cm con apertura izquierda o derecha VS081\"}]},{\"@type\":\"WebSite\",\"@id\":\"https:\/\/www.bagnoitalia.com\/es#website\",\"url\":\"https:\/\/www.bagnoitalia.com\/es\",\"name\":\"Bagno Italia\",\"description\":\"\",\"publisher\":{\"@id\":\"https:\/\/www.bagnoitalia.com\/es#organization\"},\"potentialAction\":[{\"@type\":\"SearchAction\",\"target\":{\"@type\":\"EntryPoint\",\"urlTemplate\":\"https:\/\/www.bagnoitalia.com\/es?s={search_term_string}\"},\"query-input\":{\"@type\":\"PropertyValueSpecification\",\"valueRequired\":true,\"valueName\":\"search_term_string\"}}],\"inLanguage\":\"es\"},{\"@type\":\"Organization\",\"@id\":\"https:\/\/www.bagnoitalia.com\/es#organization\",\"name\":\"Bagno Italia\",\"url\":\"https:\/\/www.bagnoitalia.com\/es\",\"logo\":{\"@type\":\"ImageObject\",\"inLanguage\":\"es\",\"@id\":\"https:\/\/www.bagnoitalia.com\/es#\/schema\/logo\/image\/\",\"url\":\"https:\/\/img.bagnoitalia.com\/wp-content\/uploads\/logo-bagnoitalia.webp\",\"contentUrl\":\"https:\/\/img.bagnoitalia.com\/wp-content\/uploads\/logo-bagnoitalia.webp\",\"width\":400,\"height\":70,\"caption\":\"Bagno Italia\"},\"image\":{\"@id\":\"https:\/\/www.bagnoitalia.com\/es#\/schema\/logo\/image\/\"}}]}<\/script>\n<!-- \/ Yoast SEO plugin. -->","yoast_head_json":{"title":"Puerta de ba\u00f1o de 133x67x101 cm con apertura izquierda o derecha VS081","description":"Ba\u00f1era con puerta lateral que permite un acceso c\u00f3modo y seguro.","robots":{"index":"index","follow":"follow","max-snippet":"max-snippet:-1","max-image-preview":"max-image-preview:large","max-video-preview":"max-video-preview:-1"},"canonical":"https:\/\/www.bagnoitalia.com\/es\/producto\/puerta-de-bano-de-133x67x101-cm-con-apertura-izquierda-o-derecha-vs081.html","og_locale":"es_ES","og_type":"article","og_title":"Puerta de ba\u00f1o de 133x67x101 cm con apertura izquierda o derecha VS081","og_description":"Ba\u00f1era con puerta lateral que permite un acceso c\u00f3modo y seguro.","og_url":"https:\/\/www.bagnoitalia.com\/es\/producto\/puerta-de-bano-de-133x67x101-cm-con-apertura-izquierda-o-derecha-vs081.html","og_site_name":"Bagno Italia","article_modified_time":"2024-05-22T08:50:52+00:00","og_image":[{"width":550,"height":550,"url":"https:\/\/img.bagnoitalia.com\/wp-content\/uploads\/virtuemart\/product\/133x67x110-bathtub-1_1541779841_626.jpg","type":"image\/jpeg"}],"twitter_card":"summary_large_image","twitter_misc":{"Tiempo de lectura":"1 minuto"},"schema":{"@context":"https:\/\/schema.org","@graph":[{"@type":"WebPage","@id":"https:\/\/www.bagnoitalia.com\/es\/producto\/puerta-de-bano-de-133x67x101-cm-con-apertura-izquierda-o-derecha-vs081.html","url":"https:\/\/www.bagnoitalia.com\/es\/producto\/puerta-de-bano-de-133x67x101-cm-con-apertura-izquierda-o-derecha-vs081.html","name":"Puerta de ba\u00f1o de 133x67x101 cm con apertura izquierda o derecha VS081","isPartOf":{"@id":"https:\/\/www.bagnoitalia.com\/es#website"},"primaryImageOfPage":{"@id":"https:\/\/www.bagnoitalia.com\/es\/producto\/puerta-de-bano-de-133x67x101-cm-con-apertura-izquierda-o-derecha-vs081.html#primaryimage"},"image":{"@id":"https:\/\/www.bagnoitalia.com\/es\/producto\/puerta-de-bano-de-133x67x101-cm-con-apertura-izquierda-o-derecha-vs081.html#primaryimage"},"thumbnailUrl":"https:\/\/img.bagnoitalia.com\/wp-content\/uploads\/virtuemart\/product\/133x67x110-bathtub-1_1541779841_626.jpg","datePublished":"2018-03-29T07:57:06+00:00","dateModified":"2024-05-22T08:50:52+00:00","description":"Ba\u00f1era con puerta lateral que permite un acceso c\u00f3modo y seguro.","breadcrumb":{"@id":"https:\/\/www.bagnoitalia.com\/es\/producto\/puerta-de-bano-de-133x67x101-cm-con-apertura-izquierda-o-derecha-vs081.html#breadcrumb"},"inLanguage":"es","potentialAction":[{"@type":"ReadAction","target":["https:\/\/www.bagnoitalia.com\/es\/producto\/puerta-de-bano-de-133x67x101-cm-con-apertura-izquierda-o-derecha-vs081.html"]}]},{"@type":"ImageObject","inLanguage":"es","@id":"https:\/\/www.bagnoitalia.com\/es\/producto\/puerta-de-bano-de-133x67x101-cm-con-apertura-izquierda-o-derecha-vs081.html#primaryimage","url":"https:\/\/img.bagnoitalia.com\/wp-content\/uploads\/virtuemart\/product\/133x67x110-bathtub-1_1541779841_626.jpg","contentUrl":"https:\/\/img.bagnoitalia.com\/wp-content\/uploads\/virtuemart\/product\/133x67x110-bathtub-1_1541779841_626.jpg","width":550,"height":550},{"@type":"BreadcrumbList","@id":"https:\/\/www.bagnoitalia.com\/es\/producto\/puerta-de-bano-de-133x67x101-cm-con-apertura-izquierda-o-derecha-vs081.html#breadcrumb","itemListElement":[{"@type":"ListItem","position":1,"name":"Home","item":"https:\/\/www.bagnoitalia.com\/es"},{"@type":"ListItem","position":2,"name":"Productos","item":"https:\/\/www.bagnoitalia.com\/es\/shop"},{"@type":"ListItem","position":3,"name":"Puerta de ba\u00f1o de 133x67x101 cm con apertura izquierda o derecha VS081"}]},{"@type":"WebSite","@id":"https:\/\/www.bagnoitalia.com\/es#website","url":"https:\/\/www.bagnoitalia.com\/es","name":"Bagno Italia","description":"","publisher":{"@id":"https:\/\/www.bagnoitalia.com\/es#organization"},"potentialAction":[{"@type":"SearchAction","target":{"@type":"EntryPoint","urlTemplate":"https:\/\/www.bagnoitalia.com\/es?s={search_term_string}"},"query-input":{"@type":"PropertyValueSpecification","valueRequired":true,"valueName":"search_term_string"}}],"inLanguage":"es"},{"@type":"Organization","@id":"https:\/\/www.bagnoitalia.com\/es#organization","name":"Bagno Italia","url":"https:\/\/www.bagnoitalia.com\/es","logo":{"@type":"ImageObject","inLanguage":"es","@id":"https:\/\/www.bagnoitalia.com\/es#\/schema\/logo\/image\/","url":"https:\/\/img.bagnoitalia.com\/wp-content\/uploads\/logo-bagnoitalia.webp","contentUrl":"https:\/\/img.bagnoitalia.com\/wp-content\/uploads\/logo-bagnoitalia.webp","width":400,"height":70,"caption":"Bagno Italia"},"image":{"@id":"https:\/\/www.bagnoitalia.com\/es#\/schema\/logo\/image\/"}}]}},"_links":{"self":[{"href":"https:\/\/www.bagnoitalia.com\/es\/wp-json\/wp\/v2\/product\/81032","targetHints":{"allow":["GET"]}}],"collection":[{"href":"https:\/\/www.bagnoitalia.com\/es\/wp-json\/wp\/v2\/product"}],"about":[{"href":"https:\/\/www.bagnoitalia.com\/es\/wp-json\/wp\/v2\/types\/product"}],"replies":[{"embeddable":true,"href":"https:\/\/www.bagnoitalia.com\/es\/wp-json\/wp\/v2\/comments?post=81032"}],"version-history":[{"count":1,"href":"https:\/\/www.bagnoitalia.com\/es\/wp-json\/wp\/v2\/product\/81032\/revisions"}],"predecessor-version":[{"id":87361,"href":"https:\/\/www.bagnoitalia.com\/es\/wp-json\/wp\/v2\/product\/81032\/revisions\/87361"}],"wp:featuredmedia":[{"embeddable":true,"href":"https:\/\/www.bagnoitalia.com\/es\/wp-json\/wp\/v2\/media\/40446"}],"wp:attachment":[{"href":"https:\/\/www.bagnoitalia.com\/es\/wp-json\/wp\/v2\/media?parent=81032"}],"wp:term":[{"taxonomy":"product_brand","embeddable":true,"href":"https:\/\/www.bagnoitalia.com\/es\/wp-json\/wp\/v2\/product_brand?post=81032"},{"taxonomy":"product_cat","embeddable":true,"href":"https:\/\/www.bagnoitalia.com\/es\/wp-json\/wp\/v2\/product_cat?post=81032"},{"taxonomy":"product_tag","embeddable":true,"href":"https:\/\/www.bagnoitalia.com\/es\/wp-json\/wp\/v2\/product_tag?post=81032"}],"curies":[{"name":"wp","href":"https:\/\/api.w.org\/{rel}","templated":true}]}}