{"id":80992,"date":"2018-03-07T10:35:02","date_gmt":"2018-03-07T09:35:02","guid":{"rendered":"https:\/\/www.bagnoitalia.com\/product\/banera-de-hidromasaje-con-banera-semicircular-de-150x150-con-funcion-bluetooth-y-bano-turco-de-cromoterapia-cb060"},"modified":"2024-11-08T11:55:08","modified_gmt":"2024-11-08T10:55:08","slug":"banera-de-hidromasaje-con-banera-semicircular-de-150x150-con-funcion-bluetooth-y-bano-turco-de-cromoterapia-cb060","status":"publish","type":"product","link":"https:\/\/www.bagnoitalia.com\/es\/producto\/banera-de-hidromasaje-con-banera-semicircular-de-150x150-con-funcion-bluetooth-y-bano-turco-de-cromoterapia-cb060.html","title":{"rendered":"Cabina de Hidromasaje con Ba\u00f1era semicircular de 150&#215;150, Multifuncional, y Ba\u00f1o turco CB060"},"content":{"rendered":"<p style=\"line-height: normal; margin: 0cm 0cm 10pt; text-align: justify;\" align=\"center\"><span style=\"font-size: 10pt;\"><strong><span style=\"font-family: 'Times New Roman', 'serif';\"><strong><span style=\"font-family: 'Times New Roman', 'serif';\"><span style=\"font-family: 'Times New Roman';\"><strong><span style=\"font-family: 'Times New Roman', 'serif';\"><strong><span style=\"font-family: 'Times New Roman', 'serif';\"><span style=\"font-family: 'Arial';\"><span style=\"text-decoration: underline;\"><span style=\"font-size: 12pt;\">Cabina de hidromasaje semicircular CB060 con ba\u00f1era<\/span><\/span><br \/>\n<\/span><\/span><\/strong><\/span><\/strong><\/span><\/span><\/strong><\/span><\/strong><\/span><\/p>\n<p><span style=\"text-decoration: underline;\">CARACTER\u00cdSTICAS:<\/span><\/p>\n<p>Cabina con ba\u00f1era medidas de 150x150x216 cm.<\/p>\n<p>Ba\u00f1era con fondo antideslizante en ABS reforzado.<\/p>\n<p>Fumas de vidrio anti rotura 6.5 mm.<\/p>\n<p>Columna de hidromasaje con 6 hidromasajes.<\/p>\n<p>Bluetooth<\/p>\n<p>ba\u00f1o de vapor<\/p>\n<p>La terapia de ozono<\/p>\n<p>Radio FM<\/p>\n<p>Panel de control de pantalla t\u00e1ctil<\/p>\n<p>Tettino con ducha central<\/p>\n<p>Terapia del color<\/p>\n<p>Estante porta botellas<\/p>\n<p>Titular de la toalla<\/p>\n<p>Mezclador termostatico<\/p>\n<p>espejo<\/p>\n<p>Masaje de pies<\/p>\n<p>LED traseros<\/p>\n<p>Receptor de telefono<\/p>\n<p>altavoz<\/p>\n","protected":false},"excerpt":{"rendered":"<p>Cabina de Hidromasaje de Vidrio templado con Ba\u00f1era, conexi\u00f3n Bluetooth, masaje de pies, radio FM y reproductor de CD<\/p>\n","protected":false},"featured_media":39894,"comment_status":"open","ping_status":"closed","template":"","meta":[],"product_brand":[5021],"product_cat":[9737],"product_tag":[],"class_list":{"0":"post-80992","1":"product","2":"type-product","3":"status-publish","4":"has-post-thumbnail","6":"product_brand-predator-arredo-casa","7":"product_cat-cabina-de-hidromasaje","9":"first","10":"instock","11":"sale","12":"taxable","13":"shipping-taxable","14":"purchasable","15":"product-type-simple"},"exclude_global_add_ons":false,"addons":[{"name":"Tipolog\u00eda","type":"multiple_choice","position":0,"required":true,"title_format":"heading","default":"","description_enable":false,"description":"","placeholder_enable":false,"placeholder":"","display":"select","restrictions_type":"any_text","adjust_price":false,"price":"","price_type":"flat_fee","restrictions":false,"min":"0","max":"0","options":[{"label":"Sin bluetooth","price":"","price_type":"quantity_based","image":0,"visibility":true},{"label":"Con bluetooth","price":"14.75","price_type":"quantity_based","image":0,"visibility":true}],"id":1716372944}],"yoast_head":"<!-- This site is optimized with the Yoast SEO plugin v26.7 - https:\/\/yoast.com\/wordpress\/plugins\/seo\/ -->\n<title>Cabina y jacuzzi con funci\u00f3n bluetooth y cromoterapia de sauna.<\/title>\n<meta name=\"description\" content=\"Caja de hidromasaje de vidrio ahumado con ba\u00f1era con conexi\u00f3n Bluetooth, masaje de pies, radio FM y reproductor de CD\" \/>\n<meta name=\"robots\" content=\"index, follow, max-snippet:-1, max-image-preview:large, max-video-preview:-1\" \/>\n<link rel=\"canonical\" href=\"https:\/\/www.bagnoitalia.com\/es\/producto\/banera-de-hidromasaje-con-banera-semicircular-de-150x150-con-funcion-bluetooth-y-bano-turco-de-cromoterapia-cb060.html\" \/>\n<meta property=\"og:locale\" content=\"es_ES\" \/>\n<meta property=\"og:type\" content=\"article\" \/>\n<meta property=\"og:title\" content=\"Cabina y jacuzzi con funci\u00f3n bluetooth y cromoterapia de sauna.\" \/>\n<meta property=\"og:description\" content=\"Caja de hidromasaje de vidrio ahumado con ba\u00f1era con conexi\u00f3n Bluetooth, masaje de pies, radio FM y reproductor de CD\" \/>\n<meta property=\"og:url\" content=\"https:\/\/www.bagnoitalia.com\/es\/producto\/banera-de-hidromasaje-con-banera-semicircular-de-150x150-con-funcion-bluetooth-y-bano-turco-de-cromoterapia-cb060.html\" \/>\n<meta property=\"og:site_name\" content=\"Bagno Italia\" \/>\n<meta property=\"article:modified_time\" content=\"2024-11-08T10:55:08+00:00\" \/>\n<meta property=\"og:image\" content=\"https:\/\/img.bagnoitalia.com\/wp-content\/uploads\/virtuemart\/product\/shower-cabin-with-tub-CB060-1_1540994406_767.jpg\" \/>\n\t<meta property=\"og:image:width\" content=\"550\" \/>\n\t<meta property=\"og:image:height\" content=\"416\" \/>\n\t<meta property=\"og:image:type\" content=\"image\/jpeg\" \/>\n<meta name=\"twitter:card\" content=\"summary_large_image\" \/>\n<meta name=\"twitter:label1\" content=\"Tiempo de lectura\" \/>\n\t<meta name=\"twitter:data1\" content=\"1 minuto\" \/>\n<script type=\"application\/ld+json\" class=\"yoast-schema-graph\">{\"@context\":\"https:\/\/schema.org\",\"@graph\":[{\"@type\":\"WebPage\",\"@id\":\"https:\/\/www.bagnoitalia.com\/es\/producto\/banera-de-hidromasaje-con-banera-semicircular-de-150x150-con-funcion-bluetooth-y-bano-turco-de-cromoterapia-cb060.html\",\"url\":\"https:\/\/www.bagnoitalia.com\/es\/producto\/banera-de-hidromasaje-con-banera-semicircular-de-150x150-con-funcion-bluetooth-y-bano-turco-de-cromoterapia-cb060.html\",\"name\":\"Cabina y jacuzzi con funci\u00f3n bluetooth y cromoterapia de sauna.\",\"isPartOf\":{\"@id\":\"https:\/\/www.bagnoitalia.com\/es#website\"},\"primaryImageOfPage\":{\"@id\":\"https:\/\/www.bagnoitalia.com\/es\/producto\/banera-de-hidromasaje-con-banera-semicircular-de-150x150-con-funcion-bluetooth-y-bano-turco-de-cromoterapia-cb060.html#primaryimage\"},\"image\":{\"@id\":\"https:\/\/www.bagnoitalia.com\/es\/producto\/banera-de-hidromasaje-con-banera-semicircular-de-150x150-con-funcion-bluetooth-y-bano-turco-de-cromoterapia-cb060.html#primaryimage\"},\"thumbnailUrl\":\"https:\/\/img.bagnoitalia.com\/wp-content\/uploads\/virtuemart\/product\/shower-cabin-with-tub-CB060-1_1540994406_767.jpg\",\"datePublished\":\"2018-03-07T09:35:02+00:00\",\"dateModified\":\"2024-11-08T10:55:08+00:00\",\"description\":\"Caja de hidromasaje de vidrio ahumado con ba\u00f1era con conexi\u00f3n Bluetooth, masaje de pies, radio FM y reproductor de CD\",\"breadcrumb\":{\"@id\":\"https:\/\/www.bagnoitalia.com\/es\/producto\/banera-de-hidromasaje-con-banera-semicircular-de-150x150-con-funcion-bluetooth-y-bano-turco-de-cromoterapia-cb060.html#breadcrumb\"},\"inLanguage\":\"es\",\"potentialAction\":[{\"@type\":\"ReadAction\",\"target\":[\"https:\/\/www.bagnoitalia.com\/es\/producto\/banera-de-hidromasaje-con-banera-semicircular-de-150x150-con-funcion-bluetooth-y-bano-turco-de-cromoterapia-cb060.html\"]}]},{\"@type\":\"ImageObject\",\"inLanguage\":\"es\",\"@id\":\"https:\/\/www.bagnoitalia.com\/es\/producto\/banera-de-hidromasaje-con-banera-semicircular-de-150x150-con-funcion-bluetooth-y-bano-turco-de-cromoterapia-cb060.html#primaryimage\",\"url\":\"https:\/\/img.bagnoitalia.com\/wp-content\/uploads\/virtuemart\/product\/shower-cabin-with-tub-CB060-1_1540994406_767.jpg\",\"contentUrl\":\"https:\/\/img.bagnoitalia.com\/wp-content\/uploads\/virtuemart\/product\/shower-cabin-with-tub-CB060-1_1540994406_767.jpg\",\"width\":550,\"height\":416},{\"@type\":\"BreadcrumbList\",\"@id\":\"https:\/\/www.bagnoitalia.com\/es\/producto\/banera-de-hidromasaje-con-banera-semicircular-de-150x150-con-funcion-bluetooth-y-bano-turco-de-cromoterapia-cb060.html#breadcrumb\",\"itemListElement\":[{\"@type\":\"ListItem\",\"position\":1,\"name\":\"Home\",\"item\":\"https:\/\/www.bagnoitalia.com\/es\"},{\"@type\":\"ListItem\",\"position\":2,\"name\":\"Productos\",\"item\":\"https:\/\/www.bagnoitalia.com\/es\/shop\"},{\"@type\":\"ListItem\",\"position\":3,\"name\":\"Cabina de Hidromasaje con Ba\u00f1era semicircular de 150&#215;150, Multifuncional, y Ba\u00f1o turco CB060\"}]},{\"@type\":\"WebSite\",\"@id\":\"https:\/\/www.bagnoitalia.com\/es#website\",\"url\":\"https:\/\/www.bagnoitalia.com\/es\",\"name\":\"Bagno Italia\",\"description\":\"\",\"publisher\":{\"@id\":\"https:\/\/www.bagnoitalia.com\/es#organization\"},\"potentialAction\":[{\"@type\":\"SearchAction\",\"target\":{\"@type\":\"EntryPoint\",\"urlTemplate\":\"https:\/\/www.bagnoitalia.com\/es?s={search_term_string}\"},\"query-input\":{\"@type\":\"PropertyValueSpecification\",\"valueRequired\":true,\"valueName\":\"search_term_string\"}}],\"inLanguage\":\"es\"},{\"@type\":\"Organization\",\"@id\":\"https:\/\/www.bagnoitalia.com\/es#organization\",\"name\":\"Bagno Italia\",\"url\":\"https:\/\/www.bagnoitalia.com\/es\",\"logo\":{\"@type\":\"ImageObject\",\"inLanguage\":\"es\",\"@id\":\"https:\/\/www.bagnoitalia.com\/es#\/schema\/logo\/image\/\",\"url\":\"https:\/\/img.bagnoitalia.com\/wp-content\/uploads\/logo-bagnoitalia.webp\",\"contentUrl\":\"https:\/\/img.bagnoitalia.com\/wp-content\/uploads\/logo-bagnoitalia.webp\",\"width\":400,\"height\":70,\"caption\":\"Bagno Italia\"},\"image\":{\"@id\":\"https:\/\/www.bagnoitalia.com\/es#\/schema\/logo\/image\/\"}}]}<\/script>\n<!-- \/ Yoast SEO plugin. -->","yoast_head_json":{"title":"Cabina y jacuzzi con funci\u00f3n bluetooth y cromoterapia de sauna.","description":"Caja de hidromasaje de vidrio ahumado con ba\u00f1era con conexi\u00f3n Bluetooth, masaje de pies, radio FM y reproductor de CD","robots":{"index":"index","follow":"follow","max-snippet":"max-snippet:-1","max-image-preview":"max-image-preview:large","max-video-preview":"max-video-preview:-1"},"canonical":"https:\/\/www.bagnoitalia.com\/es\/producto\/banera-de-hidromasaje-con-banera-semicircular-de-150x150-con-funcion-bluetooth-y-bano-turco-de-cromoterapia-cb060.html","og_locale":"es_ES","og_type":"article","og_title":"Cabina y jacuzzi con funci\u00f3n bluetooth y cromoterapia de sauna.","og_description":"Caja de hidromasaje de vidrio ahumado con ba\u00f1era con conexi\u00f3n Bluetooth, masaje de pies, radio FM y reproductor de CD","og_url":"https:\/\/www.bagnoitalia.com\/es\/producto\/banera-de-hidromasaje-con-banera-semicircular-de-150x150-con-funcion-bluetooth-y-bano-turco-de-cromoterapia-cb060.html","og_site_name":"Bagno Italia","article_modified_time":"2024-11-08T10:55:08+00:00","og_image":[{"width":550,"height":416,"url":"https:\/\/img.bagnoitalia.com\/wp-content\/uploads\/virtuemart\/product\/shower-cabin-with-tub-CB060-1_1540994406_767.jpg","type":"image\/jpeg"}],"twitter_card":"summary_large_image","twitter_misc":{"Tiempo de lectura":"1 minuto"},"schema":{"@context":"https:\/\/schema.org","@graph":[{"@type":"WebPage","@id":"https:\/\/www.bagnoitalia.com\/es\/producto\/banera-de-hidromasaje-con-banera-semicircular-de-150x150-con-funcion-bluetooth-y-bano-turco-de-cromoterapia-cb060.html","url":"https:\/\/www.bagnoitalia.com\/es\/producto\/banera-de-hidromasaje-con-banera-semicircular-de-150x150-con-funcion-bluetooth-y-bano-turco-de-cromoterapia-cb060.html","name":"Cabina y jacuzzi con funci\u00f3n bluetooth y cromoterapia de sauna.","isPartOf":{"@id":"https:\/\/www.bagnoitalia.com\/es#website"},"primaryImageOfPage":{"@id":"https:\/\/www.bagnoitalia.com\/es\/producto\/banera-de-hidromasaje-con-banera-semicircular-de-150x150-con-funcion-bluetooth-y-bano-turco-de-cromoterapia-cb060.html#primaryimage"},"image":{"@id":"https:\/\/www.bagnoitalia.com\/es\/producto\/banera-de-hidromasaje-con-banera-semicircular-de-150x150-con-funcion-bluetooth-y-bano-turco-de-cromoterapia-cb060.html#primaryimage"},"thumbnailUrl":"https:\/\/img.bagnoitalia.com\/wp-content\/uploads\/virtuemart\/product\/shower-cabin-with-tub-CB060-1_1540994406_767.jpg","datePublished":"2018-03-07T09:35:02+00:00","dateModified":"2024-11-08T10:55:08+00:00","description":"Caja de hidromasaje de vidrio ahumado con ba\u00f1era con conexi\u00f3n Bluetooth, masaje de pies, radio FM y reproductor de CD","breadcrumb":{"@id":"https:\/\/www.bagnoitalia.com\/es\/producto\/banera-de-hidromasaje-con-banera-semicircular-de-150x150-con-funcion-bluetooth-y-bano-turco-de-cromoterapia-cb060.html#breadcrumb"},"inLanguage":"es","potentialAction":[{"@type":"ReadAction","target":["https:\/\/www.bagnoitalia.com\/es\/producto\/banera-de-hidromasaje-con-banera-semicircular-de-150x150-con-funcion-bluetooth-y-bano-turco-de-cromoterapia-cb060.html"]}]},{"@type":"ImageObject","inLanguage":"es","@id":"https:\/\/www.bagnoitalia.com\/es\/producto\/banera-de-hidromasaje-con-banera-semicircular-de-150x150-con-funcion-bluetooth-y-bano-turco-de-cromoterapia-cb060.html#primaryimage","url":"https:\/\/img.bagnoitalia.com\/wp-content\/uploads\/virtuemart\/product\/shower-cabin-with-tub-CB060-1_1540994406_767.jpg","contentUrl":"https:\/\/img.bagnoitalia.com\/wp-content\/uploads\/virtuemart\/product\/shower-cabin-with-tub-CB060-1_1540994406_767.jpg","width":550,"height":416},{"@type":"BreadcrumbList","@id":"https:\/\/www.bagnoitalia.com\/es\/producto\/banera-de-hidromasaje-con-banera-semicircular-de-150x150-con-funcion-bluetooth-y-bano-turco-de-cromoterapia-cb060.html#breadcrumb","itemListElement":[{"@type":"ListItem","position":1,"name":"Home","item":"https:\/\/www.bagnoitalia.com\/es"},{"@type":"ListItem","position":2,"name":"Productos","item":"https:\/\/www.bagnoitalia.com\/es\/shop"},{"@type":"ListItem","position":3,"name":"Cabina de Hidromasaje con Ba\u00f1era semicircular de 150&#215;150, Multifuncional, y Ba\u00f1o turco CB060"}]},{"@type":"WebSite","@id":"https:\/\/www.bagnoitalia.com\/es#website","url":"https:\/\/www.bagnoitalia.com\/es","name":"Bagno Italia","description":"","publisher":{"@id":"https:\/\/www.bagnoitalia.com\/es#organization"},"potentialAction":[{"@type":"SearchAction","target":{"@type":"EntryPoint","urlTemplate":"https:\/\/www.bagnoitalia.com\/es?s={search_term_string}"},"query-input":{"@type":"PropertyValueSpecification","valueRequired":true,"valueName":"search_term_string"}}],"inLanguage":"es"},{"@type":"Organization","@id":"https:\/\/www.bagnoitalia.com\/es#organization","name":"Bagno Italia","url":"https:\/\/www.bagnoitalia.com\/es","logo":{"@type":"ImageObject","inLanguage":"es","@id":"https:\/\/www.bagnoitalia.com\/es#\/schema\/logo\/image\/","url":"https:\/\/img.bagnoitalia.com\/wp-content\/uploads\/logo-bagnoitalia.webp","contentUrl":"https:\/\/img.bagnoitalia.com\/wp-content\/uploads\/logo-bagnoitalia.webp","width":400,"height":70,"caption":"Bagno Italia"},"image":{"@id":"https:\/\/www.bagnoitalia.com\/es#\/schema\/logo\/image\/"}}]}},"_links":{"self":[{"href":"https:\/\/www.bagnoitalia.com\/es\/wp-json\/wp\/v2\/product\/80992","targetHints":{"allow":["GET"]}}],"collection":[{"href":"https:\/\/www.bagnoitalia.com\/es\/wp-json\/wp\/v2\/product"}],"about":[{"href":"https:\/\/www.bagnoitalia.com\/es\/wp-json\/wp\/v2\/types\/product"}],"replies":[{"embeddable":true,"href":"https:\/\/www.bagnoitalia.com\/es\/wp-json\/wp\/v2\/comments?post=80992"}],"version-history":[{"count":3,"href":"https:\/\/www.bagnoitalia.com\/es\/wp-json\/wp\/v2\/product\/80992\/revisions"}],"predecessor-version":[{"id":95100,"href":"https:\/\/www.bagnoitalia.com\/es\/wp-json\/wp\/v2\/product\/80992\/revisions\/95100"}],"wp:featuredmedia":[{"embeddable":true,"href":"https:\/\/www.bagnoitalia.com\/es\/wp-json\/wp\/v2\/media\/39894"}],"wp:attachment":[{"href":"https:\/\/www.bagnoitalia.com\/es\/wp-json\/wp\/v2\/media?parent=80992"}],"wp:term":[{"taxonomy":"product_brand","embeddable":true,"href":"https:\/\/www.bagnoitalia.com\/es\/wp-json\/wp\/v2\/product_brand?post=80992"},{"taxonomy":"product_cat","embeddable":true,"href":"https:\/\/www.bagnoitalia.com\/es\/wp-json\/wp\/v2\/product_cat?post=80992"},{"taxonomy":"product_tag","embeddable":true,"href":"https:\/\/www.bagnoitalia.com\/es\/wp-json\/wp\/v2\/product_tag?post=80992"}],"curies":[{"name":"wp","href":"https:\/\/api.w.org\/{rel}","templated":true}]}}