{"id":80944,"date":"2018-02-05T14:28:47","date_gmt":"2018-02-05T13:28:47","guid":{"rendered":"https:\/\/www.bagnoitalia.com\/product\/muebles-de-bano-desy-120-30-cm-negro-o-blanco-lavabo-con-batidor-incluido-pilar-libre"},"modified":"2026-03-26T16:30:55","modified_gmt":"2026-03-26T15:30:55","slug":"muebles-de-bano-desy-120-30-cm-negro-o-blanco-lavabo-con-batidor-incluido-pilar-libre","status":"publish","type":"product","link":"https:\/\/www.bagnoitalia.com\/es\/producto\/muebles-de-bano-desy-120-30-cm-negro-o-blanco-lavabo-con-batidor-incluido-pilar-libre.html","title":{"rendered":"Mueble de Ba\u00f1o Desy 120 + 30 cm, negro o blanco, lavabo con mezclador incluido, y columna en reglao"},"content":{"rendered":"<p><strong style=\"color: #ff0000; font-size: 12pt;\"><span style=\"text-decoration: underline;\">Muebles de ba\u00f1o Desy 120 + 30 cm.\u00a0<\/span><\/strong><\/p>\n<p><span style=\"font-size: 12pt;\"><strong>ATENCI\u00d3N: El mueble est\u00e1 EN OFERTA. Por lo tanto, solo se puede vender como fotos, no es posible separar ning\u00fan elemento de la composici\u00f3n.<\/strong><\/span><\/p>\n<h5><span style=\"text-decoration: underline; font-size: 12pt;\"><strong>El precio incluye:<\/strong><\/span><\/h5>\n<ul>\n<li><span style=\"font-size: 12pt;\">base de lavabo n \u00b0 1 cm 120x56Hx56 en mdf<br \/>\n<\/span><\/li>\n<li><span style=\"font-size: 12pt;\">N\u00ba 1 columna 30x35xh140 cm<\/span> <span style=\"font-size: 12pt;\">en mdf<\/span><\/li>\n<li><span style=\"font-size: 12pt;\">espejo n \u00b0 1 120&#215;60 cm<\/span><\/li>\n<li><span style=\"font-size: 12pt;\">1 Lavabo de cristal<br \/>\n<\/span><\/li>\n<li><span style=\"font-size: 12pt;\">mezclador de acero n \u00b0 1<\/span><\/li>\n<\/ul>\n<p><span style=\"font-size: 12pt;\">Disponible en negro brillante o blanco brillante.<\/span><\/p>\n<p>&nbsp;<\/p>\n<p>NB: los muebles solo se pueden vender <strong>completos<\/strong> con todos los art\u00edculos mencionados anteriormente.<\/p>\n<p>No es posible comprar el mueble sin columna, espejo o lavabo.<\/p>\n","protected":false},"excerpt":{"rendered":"<p>Mueble de ba\u00f1o modelo Desy de 120 cm + columna de 30 cm GRATIS! Disponible en blanco y negro, espejo y mezclador incluidos en la oferta.<\/p>\n","protected":false},"featured_media":39410,"comment_status":"open","ping_status":"closed","template":"","meta":[],"product_brand":[9914],"product_cat":[9725],"product_tag":[],"class_list":{"0":"post-80944","1":"product","2":"type-product","3":"status-publish","4":"has-post-thumbnail","6":"product_brand-simba-es","7":"product_cat-mueble-de-bano-de-101-a-220-cm-muebles-modernos","9":"first","10":"instock","11":"sale","12":"taxable","13":"shipping-taxable","14":"purchasable","15":"product-type-simple"},"exclude_global_add_ons":false,"addons":[{"name":"color","type":"multiple_choice","position":0,"required":true,"title_format":"heading","default":"","description_enable":false,"description":"","placeholder_enable":false,"placeholder":"","display":"select","restrictions_type":"any_text","adjust_price":false,"price":"","price_type":"flat_fee","restrictions":false,"min":"0","max":"0","options":[{"label":"(Disponible en agosto) negro","price":"","price_type":"quantity_based","image":0,"visibility":true},{"label":"(Disponible en agosto) blanco","price":"","price_type":"quantity_based","image":0,"visibility":true}],"id":1716478399}],"yoast_head":"<!-- This site is optimized with the Yoast SEO plugin v26.7 - https:\/\/yoast.com\/wordpress\/plugins\/seo\/ -->\n<title>Mueble de ba\u00f1o Desy 120 + 30 cm de fregadero de cristal negro o blanco y columna libre<\/title>\n<meta name=\"description\" content=\"OFERTA DEL MES: Mueble de ba\u00f1o Desy de 120 cm + columna libre de 30 cm. Con espejo y lavabo de cristal. Disponible en dos colores.\" \/>\n<meta name=\"robots\" content=\"index, follow, max-snippet:-1, max-image-preview:large, max-video-preview:-1\" \/>\n<link rel=\"canonical\" href=\"https:\/\/www.bagnoitalia.com\/es\/producto\/muebles-de-bano-desy-120-30-cm-negro-o-blanco-lavabo-con-batidor-incluido-pilar-libre.html\" \/>\n<meta property=\"og:locale\" content=\"es_ES\" \/>\n<meta property=\"og:type\" content=\"article\" \/>\n<meta property=\"og:title\" content=\"Mueble de ba\u00f1o Desy 120 + 30 cm de fregadero de cristal negro o blanco y columna libre\" \/>\n<meta property=\"og:description\" content=\"OFERTA DEL MES: Mueble de ba\u00f1o Desy de 120 cm + columna libre de 30 cm. Con espejo y lavabo de cristal. Disponible en dos colores.\" \/>\n<meta property=\"og:url\" content=\"https:\/\/www.bagnoitalia.com\/es\/producto\/muebles-de-bano-desy-120-30-cm-negro-o-blanco-lavabo-con-batidor-incluido-pilar-libre.html\" \/>\n<meta property=\"og:site_name\" content=\"Bagno Italia\" \/>\n<meta property=\"article:modified_time\" content=\"2026-03-26T15:30:55+00:00\" \/>\n<meta property=\"og:image\" content=\"https:\/\/img.bagnoitalia.com\/wp-content\/uploads\/virtuemart\/product\/Bathroom-vanity-Desy-1_1542383253_214.jpg\" \/>\n\t<meta property=\"og:image:width\" content=\"600\" \/>\n\t<meta property=\"og:image:height\" content=\"600\" \/>\n\t<meta property=\"og:image:type\" content=\"image\/jpeg\" \/>\n<meta name=\"twitter:card\" content=\"summary_large_image\" \/>\n<meta name=\"twitter:label1\" content=\"Tiempo de lectura\" \/>\n\t<meta name=\"twitter:data1\" content=\"1 minuto\" \/>\n<script type=\"application\/ld+json\" class=\"yoast-schema-graph\">{\"@context\":\"https:\/\/schema.org\",\"@graph\":[{\"@type\":\"WebPage\",\"@id\":\"https:\/\/www.bagnoitalia.com\/es\/producto\/muebles-de-bano-desy-120-30-cm-negro-o-blanco-lavabo-con-batidor-incluido-pilar-libre.html\",\"url\":\"https:\/\/www.bagnoitalia.com\/es\/producto\/muebles-de-bano-desy-120-30-cm-negro-o-blanco-lavabo-con-batidor-incluido-pilar-libre.html\",\"name\":\"Mueble de ba\u00f1o Desy 120 + 30 cm de fregadero de cristal negro o blanco y columna libre\",\"isPartOf\":{\"@id\":\"https:\/\/www.bagnoitalia.com\/es#website\"},\"primaryImageOfPage\":{\"@id\":\"https:\/\/www.bagnoitalia.com\/es\/producto\/muebles-de-bano-desy-120-30-cm-negro-o-blanco-lavabo-con-batidor-incluido-pilar-libre.html#primaryimage\"},\"image\":{\"@id\":\"https:\/\/www.bagnoitalia.com\/es\/producto\/muebles-de-bano-desy-120-30-cm-negro-o-blanco-lavabo-con-batidor-incluido-pilar-libre.html#primaryimage\"},\"thumbnailUrl\":\"https:\/\/img.bagnoitalia.com\/wp-content\/uploads\/virtuemart\/product\/Bathroom-vanity-Desy-1_1542383253_214.jpg\",\"datePublished\":\"2018-02-05T13:28:47+00:00\",\"dateModified\":\"2026-03-26T15:30:55+00:00\",\"description\":\"OFERTA DEL MES: Mueble de ba\u00f1o Desy de 120 cm + columna libre de 30 cm. Con espejo y lavabo de cristal. Disponible en dos colores.\",\"breadcrumb\":{\"@id\":\"https:\/\/www.bagnoitalia.com\/es\/producto\/muebles-de-bano-desy-120-30-cm-negro-o-blanco-lavabo-con-batidor-incluido-pilar-libre.html#breadcrumb\"},\"inLanguage\":\"es\",\"potentialAction\":[{\"@type\":\"ReadAction\",\"target\":[\"https:\/\/www.bagnoitalia.com\/es\/producto\/muebles-de-bano-desy-120-30-cm-negro-o-blanco-lavabo-con-batidor-incluido-pilar-libre.html\"]}]},{\"@type\":\"ImageObject\",\"inLanguage\":\"es\",\"@id\":\"https:\/\/www.bagnoitalia.com\/es\/producto\/muebles-de-bano-desy-120-30-cm-negro-o-blanco-lavabo-con-batidor-incluido-pilar-libre.html#primaryimage\",\"url\":\"https:\/\/img.bagnoitalia.com\/wp-content\/uploads\/virtuemart\/product\/Bathroom-vanity-Desy-1_1542383253_214.jpg\",\"contentUrl\":\"https:\/\/img.bagnoitalia.com\/wp-content\/uploads\/virtuemart\/product\/Bathroom-vanity-Desy-1_1542383253_214.jpg\",\"width\":600,\"height\":600},{\"@type\":\"BreadcrumbList\",\"@id\":\"https:\/\/www.bagnoitalia.com\/es\/producto\/muebles-de-bano-desy-120-30-cm-negro-o-blanco-lavabo-con-batidor-incluido-pilar-libre.html#breadcrumb\",\"itemListElement\":[{\"@type\":\"ListItem\",\"position\":1,\"name\":\"Home\",\"item\":\"https:\/\/www.bagnoitalia.com\/es\"},{\"@type\":\"ListItem\",\"position\":2,\"name\":\"Productos\",\"item\":\"https:\/\/www.bagnoitalia.com\/es\/shop\"},{\"@type\":\"ListItem\",\"position\":3,\"name\":\"Mueble de Ba\u00f1o Desy 120 + 30 cm, negro o blanco, lavabo con mezclador incluido, y columna en reglao\"}]},{\"@type\":\"WebSite\",\"@id\":\"https:\/\/www.bagnoitalia.com\/es#website\",\"url\":\"https:\/\/www.bagnoitalia.com\/es\",\"name\":\"Bagno Italia\",\"description\":\"\",\"publisher\":{\"@id\":\"https:\/\/www.bagnoitalia.com\/es#organization\"},\"potentialAction\":[{\"@type\":\"SearchAction\",\"target\":{\"@type\":\"EntryPoint\",\"urlTemplate\":\"https:\/\/www.bagnoitalia.com\/es?s={search_term_string}\"},\"query-input\":{\"@type\":\"PropertyValueSpecification\",\"valueRequired\":true,\"valueName\":\"search_term_string\"}}],\"inLanguage\":\"es\"},{\"@type\":\"Organization\",\"@id\":\"https:\/\/www.bagnoitalia.com\/es#organization\",\"name\":\"Bagno Italia\",\"url\":\"https:\/\/www.bagnoitalia.com\/es\",\"logo\":{\"@type\":\"ImageObject\",\"inLanguage\":\"es\",\"@id\":\"https:\/\/www.bagnoitalia.com\/es#\/schema\/logo\/image\/\",\"url\":\"https:\/\/img.bagnoitalia.com\/wp-content\/uploads\/logo-bagnoitalia.webp\",\"contentUrl\":\"https:\/\/img.bagnoitalia.com\/wp-content\/uploads\/logo-bagnoitalia.webp\",\"width\":400,\"height\":70,\"caption\":\"Bagno Italia\"},\"image\":{\"@id\":\"https:\/\/www.bagnoitalia.com\/es#\/schema\/logo\/image\/\"}}]}<\/script>\n<!-- \/ Yoast SEO plugin. -->","yoast_head_json":{"title":"Mueble de ba\u00f1o Desy 120 + 30 cm de fregadero de cristal negro o blanco y columna libre","description":"OFERTA DEL MES: Mueble de ba\u00f1o Desy de 120 cm + columna libre de 30 cm. Con espejo y lavabo de cristal. Disponible en dos colores.","robots":{"index":"index","follow":"follow","max-snippet":"max-snippet:-1","max-image-preview":"max-image-preview:large","max-video-preview":"max-video-preview:-1"},"canonical":"https:\/\/www.bagnoitalia.com\/es\/producto\/muebles-de-bano-desy-120-30-cm-negro-o-blanco-lavabo-con-batidor-incluido-pilar-libre.html","og_locale":"es_ES","og_type":"article","og_title":"Mueble de ba\u00f1o Desy 120 + 30 cm de fregadero de cristal negro o blanco y columna libre","og_description":"OFERTA DEL MES: Mueble de ba\u00f1o Desy de 120 cm + columna libre de 30 cm. Con espejo y lavabo de cristal. Disponible en dos colores.","og_url":"https:\/\/www.bagnoitalia.com\/es\/producto\/muebles-de-bano-desy-120-30-cm-negro-o-blanco-lavabo-con-batidor-incluido-pilar-libre.html","og_site_name":"Bagno Italia","article_modified_time":"2026-03-26T15:30:55+00:00","og_image":[{"width":600,"height":600,"url":"https:\/\/img.bagnoitalia.com\/wp-content\/uploads\/virtuemart\/product\/Bathroom-vanity-Desy-1_1542383253_214.jpg","type":"image\/jpeg"}],"twitter_card":"summary_large_image","twitter_misc":{"Tiempo de lectura":"1 minuto"},"schema":{"@context":"https:\/\/schema.org","@graph":[{"@type":"WebPage","@id":"https:\/\/www.bagnoitalia.com\/es\/producto\/muebles-de-bano-desy-120-30-cm-negro-o-blanco-lavabo-con-batidor-incluido-pilar-libre.html","url":"https:\/\/www.bagnoitalia.com\/es\/producto\/muebles-de-bano-desy-120-30-cm-negro-o-blanco-lavabo-con-batidor-incluido-pilar-libre.html","name":"Mueble de ba\u00f1o Desy 120 + 30 cm de fregadero de cristal negro o blanco y columna libre","isPartOf":{"@id":"https:\/\/www.bagnoitalia.com\/es#website"},"primaryImageOfPage":{"@id":"https:\/\/www.bagnoitalia.com\/es\/producto\/muebles-de-bano-desy-120-30-cm-negro-o-blanco-lavabo-con-batidor-incluido-pilar-libre.html#primaryimage"},"image":{"@id":"https:\/\/www.bagnoitalia.com\/es\/producto\/muebles-de-bano-desy-120-30-cm-negro-o-blanco-lavabo-con-batidor-incluido-pilar-libre.html#primaryimage"},"thumbnailUrl":"https:\/\/img.bagnoitalia.com\/wp-content\/uploads\/virtuemart\/product\/Bathroom-vanity-Desy-1_1542383253_214.jpg","datePublished":"2018-02-05T13:28:47+00:00","dateModified":"2026-03-26T15:30:55+00:00","description":"OFERTA DEL MES: Mueble de ba\u00f1o Desy de 120 cm + columna libre de 30 cm. Con espejo y lavabo de cristal. Disponible en dos colores.","breadcrumb":{"@id":"https:\/\/www.bagnoitalia.com\/es\/producto\/muebles-de-bano-desy-120-30-cm-negro-o-blanco-lavabo-con-batidor-incluido-pilar-libre.html#breadcrumb"},"inLanguage":"es","potentialAction":[{"@type":"ReadAction","target":["https:\/\/www.bagnoitalia.com\/es\/producto\/muebles-de-bano-desy-120-30-cm-negro-o-blanco-lavabo-con-batidor-incluido-pilar-libre.html"]}]},{"@type":"ImageObject","inLanguage":"es","@id":"https:\/\/www.bagnoitalia.com\/es\/producto\/muebles-de-bano-desy-120-30-cm-negro-o-blanco-lavabo-con-batidor-incluido-pilar-libre.html#primaryimage","url":"https:\/\/img.bagnoitalia.com\/wp-content\/uploads\/virtuemart\/product\/Bathroom-vanity-Desy-1_1542383253_214.jpg","contentUrl":"https:\/\/img.bagnoitalia.com\/wp-content\/uploads\/virtuemart\/product\/Bathroom-vanity-Desy-1_1542383253_214.jpg","width":600,"height":600},{"@type":"BreadcrumbList","@id":"https:\/\/www.bagnoitalia.com\/es\/producto\/muebles-de-bano-desy-120-30-cm-negro-o-blanco-lavabo-con-batidor-incluido-pilar-libre.html#breadcrumb","itemListElement":[{"@type":"ListItem","position":1,"name":"Home","item":"https:\/\/www.bagnoitalia.com\/es"},{"@type":"ListItem","position":2,"name":"Productos","item":"https:\/\/www.bagnoitalia.com\/es\/shop"},{"@type":"ListItem","position":3,"name":"Mueble de Ba\u00f1o Desy 120 + 30 cm, negro o blanco, lavabo con mezclador incluido, y columna en reglao"}]},{"@type":"WebSite","@id":"https:\/\/www.bagnoitalia.com\/es#website","url":"https:\/\/www.bagnoitalia.com\/es","name":"Bagno Italia","description":"","publisher":{"@id":"https:\/\/www.bagnoitalia.com\/es#organization"},"potentialAction":[{"@type":"SearchAction","target":{"@type":"EntryPoint","urlTemplate":"https:\/\/www.bagnoitalia.com\/es?s={search_term_string}"},"query-input":{"@type":"PropertyValueSpecification","valueRequired":true,"valueName":"search_term_string"}}],"inLanguage":"es"},{"@type":"Organization","@id":"https:\/\/www.bagnoitalia.com\/es#organization","name":"Bagno Italia","url":"https:\/\/www.bagnoitalia.com\/es","logo":{"@type":"ImageObject","inLanguage":"es","@id":"https:\/\/www.bagnoitalia.com\/es#\/schema\/logo\/image\/","url":"https:\/\/img.bagnoitalia.com\/wp-content\/uploads\/logo-bagnoitalia.webp","contentUrl":"https:\/\/img.bagnoitalia.com\/wp-content\/uploads\/logo-bagnoitalia.webp","width":400,"height":70,"caption":"Bagno Italia"},"image":{"@id":"https:\/\/www.bagnoitalia.com\/es#\/schema\/logo\/image\/"}}]}},"_links":{"self":[{"href":"https:\/\/www.bagnoitalia.com\/es\/wp-json\/wp\/v2\/product\/80944","targetHints":{"allow":["GET"]}}],"collection":[{"href":"https:\/\/www.bagnoitalia.com\/es\/wp-json\/wp\/v2\/product"}],"about":[{"href":"https:\/\/www.bagnoitalia.com\/es\/wp-json\/wp\/v2\/types\/product"}],"replies":[{"embeddable":true,"href":"https:\/\/www.bagnoitalia.com\/es\/wp-json\/wp\/v2\/comments?post=80944"}],"version-history":[{"count":1,"href":"https:\/\/www.bagnoitalia.com\/es\/wp-json\/wp\/v2\/product\/80944\/revisions"}],"predecessor-version":[{"id":87857,"href":"https:\/\/www.bagnoitalia.com\/es\/wp-json\/wp\/v2\/product\/80944\/revisions\/87857"}],"wp:featuredmedia":[{"embeddable":true,"href":"https:\/\/www.bagnoitalia.com\/es\/wp-json\/wp\/v2\/media\/39410"}],"wp:attachment":[{"href":"https:\/\/www.bagnoitalia.com\/es\/wp-json\/wp\/v2\/media?parent=80944"}],"wp:term":[{"taxonomy":"product_brand","embeddable":true,"href":"https:\/\/www.bagnoitalia.com\/es\/wp-json\/wp\/v2\/product_brand?post=80944"},{"taxonomy":"product_cat","embeddable":true,"href":"https:\/\/www.bagnoitalia.com\/es\/wp-json\/wp\/v2\/product_cat?post=80944"},{"taxonomy":"product_tag","embeddable":true,"href":"https:\/\/www.bagnoitalia.com\/es\/wp-json\/wp\/v2\/product_tag?post=80944"}],"curies":[{"name":"wp","href":"https:\/\/api.w.org\/{rel}","templated":true}]}}