{"id":80932,"date":"2017-12-14T09:37:57","date_gmt":"2017-12-14T08:37:57","guid":{"rendered":"https:\/\/www.bagnoitalia.com\/product\/cabina-de-hidromasaje-semicircular-con-banera-de-hidromasaje-y-cromoterapia-cb058"},"modified":"2026-03-10T11:15:34","modified_gmt":"2026-03-10T10:15:34","slug":"cabina-de-hidromasaje-semicircular-con-banera-de-hidromasaje-y-cromoterapia-cb058","status":"publish","type":"product","link":"https:\/\/www.bagnoitalia.com\/es\/producto\/cabina-de-hidromasaje-semicircular-con-banera-de-hidromasaje-y-cromoterapia-cb058.html","title":{"rendered":"Cabina de Hidromasaje Semicircular con Ba\u00f1era 135&#215;135 o 150&#215;150, Con Bluetooth, ba\u00f1o de vapor y Cromoterapia CB058"},"content":{"rendered":"<p style=\"line-height: normal; margin: 0cm 0cm 10pt; text-align: justify;\" align=\"center\"><span style=\"font-size: 10pt;\"><strong><span style=\"font-family: 'Times New Roman', 'serif';\"><strong><span style=\"font-family: 'Times New Roman', 'serif';\"><span style=\"font-family: 'Times New Roman';\"><strong><span style=\"font-family: 'Times New Roman', 'serif';\"><strong><span style=\"font-family: 'Times New Roman', 'serif';\"><span style=\"font-family: 'Arial';\"><span style=\"font-size: 12pt;\">Cabina de hidromasaje CB058 con ba\u00f1era.<\/span><br \/>\n<\/span><\/span><\/strong><\/span><\/strong><\/span><\/span><\/strong><\/span><\/strong><\/span><\/p>\n<p style=\"line-height: normal; margin: 0cm 0cm 10pt; text-align: justify;\" align=\"center\"><span style=\"font-size: 12pt;\"><span style=\"font-family: 'Times New Roman', 'serif'; color: #ff0000;\"><strong><span style=\"font-family: 'Arial';\">Tallas disponibles:<\/span><\/strong><\/span><\/span><\/p>\n<p style=\"line-height: normal; margin: 0cm 0cm 10pt; text-align: justify;\" align=\"center\"><span style=\"font-size: 12pt;\"><span style=\"font-family: 'Times New Roman', 'serif';\"><span style=\"font-family: 'Arial';\">135x135x215H (altura de la ba\u00f1era desde el suelo 60 cm)<\/span><\/span><\/span><\/p>\n<p style=\"line-height: normal; margin: 0cm 0cm 10pt; text-align: justify;\" align=\"center\"><span style=\"font-size: 12pt;\"><span style=\"font-family: 'Times New Roman', 'serif';\"><span style=\"font-family: 'Arial';\">150x150x228H (altura del piso 80 cm)<\/span><\/span><\/span><\/p>\n<p>&nbsp;<\/p>\n<p style=\"line-height: normal; margin: 0cm 0cm 10pt;\" align=\"center\"><span style=\"font-family: 'Times New Roman', 'serif'; font-size: 10pt; color: #000000;\"><strong><span style=\"font-family: 'Arial';\"><span style=\"font-family: 'Times New Roman', 'serif';\"><span style=\"line-height: 115%; font-family: 'Times New Roman', 'serif';\"><strong><span style=\"font-family: 'Arial';\">El <span style=\"font-size: 10pt;\">panel de control digital con pantalla t\u00e1ctil, el cierre magn\u00e9tico de la puerta, el acabado de aluminio satinado, el vidrio templado y oscuro a prueba de accidentes de 5 mm, el cabezal de ducha superior iluminado, el masaje de pies, el equipo telef\u00f3nico con manos libres. La radio FM y la predisposici\u00f3n para discos compactos son algunas de las caracter\u00edsticas espectaculares que distinguen a esta cabina.<\/span><\/span><\/strong><\/span><\/span><\/span><\/strong><\/span><\/p>\n<p>&nbsp;<\/p>\n<p style=\"text-align: justify;\" align=\"center\"><span style=\"font-size: 10pt;\"><span style=\"font-family: 'Trebuchet MS', sans-serif;\"><strong><span style=\"color: #ff0000; font-family: 'Arial';\"><strong>Caracter\u00edsticas t\u00e9cnicas:<\/strong><\/span><\/strong><\/span><\/span><\/p>\n<p align=\"left\"><span style=\"font-size: 10pt;\"><span style=\"font-family: 'Arial';\"><span style=\"color: #000000;\">&#8211;<\/span><\/span> <span style=\"color: #000000;\"><strong><span style=\"font-family: 'Arial';\">Panel de ordenador de pantalla t\u00e1ctil; <\/span><\/strong><\/span><\/span><\/p>\n<p align=\"left\"><span style=\"font-size: 10pt;\"><span style=\"color: #000000;\"><strong><span style=\"font-family: 'Arial';\">&#8211; Bluetooth<br \/>\n<\/span><\/strong><\/span><\/span><\/p>\n<p align=\"left\"><span style=\"font-size: 10pt; color: #000000;\"><strong><span style=\"font-family: 'Arial';\">&#8211; radio FM;<\/span><\/strong><\/span><\/p>\n<p align=\"left\"><span style=\"font-size: 10pt; color: #000000;\"><strong><span style=\"font-family: 'Arial';\">&#8211; Ba\u00f1era en ABS reforzado con tres capas en resina;<\/span><\/strong><\/span><\/p>\n<p align=\"left\"><span style=\"font-size: 10pt; color: #000000;\"><strong><span style=\"font-family: 'Arial';\">&#8211; G\u00e1rgola en el techo con iluminaci\u00f3n, ducha en acero cromado;<\/span><\/strong><\/span><\/p>\n<p align=\"left\"><span style=\"font-size: 10pt; color: #000000;\"><span style=\"font-family: 'Trebuchet MS', sans-serif;\"><span style=\"font-family: 'Times New Roman', 'serif';\"><span style=\"font-family: 'Trebuchet MS', sans-serif;\"><strong><span style=\"font-family: 'Arial';\">&#8211; Columnas de aluminio satinado;<\/span><\/strong><\/span><\/span><\/span><\/span><\/p>\n<p align=\"left\"><span style=\"font-size: 10pt;\"><strong><span style=\"font-family: 'Arial';\">&#8211; Asas transparentes;<\/span><\/strong><\/span><\/p>\n<p align=\"left\"><span style=\"font-size: 10pt;\"><strong><span style=\"font-family: 'Arial';\">&#8211; Estante de vidrio;<\/span><\/strong><\/span><\/p>\n<p align=\"left\"><span style=\"font-size: 10pt;\"><strong><span style=\"font-family: 'Arial';\">&#8211; Portarrollos;<\/span><\/strong><\/span><\/p>\n<p align=\"left\"><span style=\"font-size: 10pt;\"><strong><span style=\"font-family: 'Arial';\">&#8211; Espejo;<\/span><\/strong><\/span><\/p>\n<p align=\"left\"><span style=\"font-size: 10pt;\"><strong><span style=\"font-family: 'Arial';\">&#8211; Chorros de agua de hidromasaje (6 lugares en el panel);<\/span><\/strong><\/span><\/p>\n<p align=\"left\"><span style=\"font-size: 10pt;\"><strong><span style=\"font-family: 'Arial';\">&#8211; Control de agua caliente &#8211; Agua fr\u00eda.<\/span><\/strong><\/span><\/p>\n<p align=\"left\"><span style=\"font-size: 10pt;\"><strong><span style=\"font-family: 'Arial';\">&#8211; Respaldo;<\/span><\/strong><\/span><\/p>\n<p align=\"left\"><span style=\"font-size: 10pt;\"><strong><span style=\"font-family: 'Arial';\">&#8211; interruptor de cambio (mezclador termost\u00e1tico);<\/span><\/strong><\/span><\/p>\n<p align=\"left\"><span style=\"font-size: 10pt;\"><strong><span style=\"font-family: 'Arial';\">&#8211; Masaje de pies (masaje de pies);<\/span><\/strong><\/span><\/p>\n<p align=\"left\"><span style=\"font-size: 10pt;\"><strong><span style=\"font-family: 'Arial';\">&#8211; Asiento c\u00f3modo para ba\u00f1o de vapor o hidromasaje.<\/span><\/strong><\/span><\/p>\n<p align=\"left\"><span style=\"font-size: 10pt;\"><strong><span style=\"font-family: 'Arial';\">&#8211; Ba\u00f1era antideslizante.<\/span><\/strong><\/span><\/p>\n<p align=\"left\"><span style=\"font-size: 10pt;\"><strong><span style=\"font-family: 'Arial';\">&#8211; Amortiguador de espalda;<\/span><\/strong><\/span><\/p>\n<p align=\"left\"><span style=\"font-size: 10pt;\"><strong><span style=\"font-family: 'Arial';\">&#8211; Despensador de jab\u00f3n l\u00edquido;<\/span><\/strong><\/span><\/p>\n<p align=\"left\"><span style=\"font-size: 10pt;\"><strong><span style=\"font-family: 'Arial';\">&#8211; Luz en la parte superior, LEDs traseros;<\/span><\/strong><\/span><\/p>\n<p align=\"left\"><span style=\"font-size: 10pt;\"><strong><span style=\"font-family: 'Arial';\">&#8211; Receptor de tel\u00e9fono tambi\u00e9n en modo manos libres;<\/span><\/strong><\/span><\/p>\n<p align=\"left\"><span style=\"font-size: 10pt;\"><strong><span style=\"font-family: 'Arial';\">&#8211; Drenaje de agua;<\/span><\/strong><\/span><\/p>\n<p align=\"left\"><span style=\"font-size: 10pt;\"><strong><span style=\"font-family: 'Arial';\">&#8211; Extractor de aire;<\/span><\/strong><\/span><\/p>\n<p align=\"left\"><span style=\"font-size: 10pt;\"><strong><span style=\"font-family: 'Arial';\">&#8211; Los oradores;<\/span><\/strong><\/span><\/p>\n<p align=\"left\"><span style=\"font-size: 10pt;\"><strong><span style=\"font-family: 'Arial';\">&#8211; Vidrio templado y oscurecido anti-accidente de 5 mm (pedido especial).<\/span><\/strong><\/span><\/p>\n<p align=\"left\"><span style=\"color: #ff0000; font-size: small;\"><span style=\"color: #ff0000; font-size: small;\"> \u00a0 \u00a0\u00a0<\/span><\/span> <span style=\"font-size: 10pt;\"><strong><span style=\"font-family: 'Arial';\">&#8211; generador de vapor;<\/span><\/strong><\/span><\/p>\n<p align=\"left\"><span style=\"font-size: 10pt;\"><span style=\"font-family: 'Arial';\"><strong>&#8211; ba\u00f1o de vapor ;<\/strong><\/span><\/span><\/p>\n<p align=\"left\"><span style=\"font-family: 'Arial'; font-size: 10pt;\"><strong>&#8211; Ozonoterapia (generador de iones activos);<\/strong><\/span><\/p>\n<p align=\"left\"><span style=\"font-family: 'Arial'; font-size: 10pt;\"><strong>&#8211; Masaje jacuzzi.<\/strong><\/span><\/p>\n<p align=\"left\"><span style=\"font-family: 'Arial'; font-size: 10pt;\"><strong>&#8211; Hidrogectos a lo largo de la columna central.<\/strong><\/span><\/p>\n<p align=\"left\"><span style=\"font-size: 14pt;\"><strong>Cabina 135&#215;135<\/strong><\/span><\/p>\n<p><img fetchpriority=\"high\" decoding=\"async\" class=\" size-full wp-image-39303\" src=\"https:\/\/img.bagnoitalia.com\/wp-content\/uploads\/grafiche\/cabina-idromassaggio-con-vasca-135x135-cb058.jpg\" alt=\"\" width=\"500\" height=\"340\" srcset=\"https:\/\/img.bagnoitalia.com\/wp-content\/uploads\/grafiche\/cabina-idromassaggio-con-vasca-135x135-cb058.jpg 500w, https:\/\/img.bagnoitalia.com\/wp-content\/uploads\/grafiche\/cabina-idromassaggio-con-vasca-135x135-cb058-441x300.jpg 441w, https:\/\/img.bagnoitalia.com\/wp-content\/uploads\/grafiche\/cabina-idromassaggio-con-vasca-135x135-cb058-150x102.jpg 150w\" sizes=\"(max-width: 500px) 100vw, 500px\" \/><\/p>\n<p align=\"left\"><span style=\"font-size: 14pt;\"><strong>\u00a0<\/strong><\/span><\/p>\n<p align=\"left\"><strong><span style=\"font-size: 14pt;\">Cabina 150&#215;150<\/span><\/strong><\/p>\n<p><img decoding=\"async\" class=\" size-full wp-image-39307\" src=\"https:\/\/img.bagnoitalia.com\/wp-content\/uploads\/grafiche\/cabina-idromassaggio-con-vasca-150x150-cb058.jpg\" alt=\"\" width=\"500\" height=\"524\" srcset=\"https:\/\/img.bagnoitalia.com\/wp-content\/uploads\/grafiche\/cabina-idromassaggio-con-vasca-150x150-cb058.jpg 500w, https:\/\/img.bagnoitalia.com\/wp-content\/uploads\/grafiche\/cabina-idromassaggio-con-vasca-150x150-cb058-441x462.jpg 441w, https:\/\/img.bagnoitalia.com\/wp-content\/uploads\/grafiche\/cabina-idromassaggio-con-vasca-150x150-cb058-150x157.jpg 150w\" sizes=\"(max-width: 500px) 100vw, 500px\" \/><\/p>\n<p>&nbsp;<\/p>\n<p align=\"left\"><span style=\"font-size: 14pt;\"><strong>\u00a0<\/strong><\/span><\/p>\n<p align=\"left\"><span style=\"font-size: 14pt;\"><strong>\u00a0<\/strong><\/span><\/p>\n<p align=\"left\">\n","protected":false},"excerpt":{"rendered":"<p>Cabina con jacuzzi, semicircular 135&#215;135 o 150&#215;150 con ba\u00f1o turco y cromoterapia.<\/p>\n","protected":false},"featured_media":39242,"comment_status":"open","ping_status":"closed","template":"","meta":[],"product_brand":[9926],"product_cat":[9737],"product_tag":[],"class_list":{"0":"post-80932","1":"product","2":"type-product","3":"status-publish","4":"has-post-thumbnail","6":"product_brand-predator-arredo-casa-es","7":"product_cat-cabina-de-hidromasaje","9":"first","10":"instock","11":"sale","12":"taxable","13":"shipping-taxable","14":"purchasable","15":"product-type-simple"},"exclude_global_add_ons":false,"addons":[{"name":"dimensiones","type":"multiple_choice","position":0,"required":true,"title_format":"heading","default":"","description_enable":false,"description":"","placeholder_enable":false,"placeholder":"","display":"select","restrictions_type":"any_text","adjust_price":false,"price":"","price_type":"flat_fee","restrictions":false,"min":"0","max":"0","options":[{"label":"150x150 cm PRECIO DE PROMOCI\u00d3N","price":"","price_type":"quantity_based","image":0,"visibility":true},{"label":"135x135 cm","price":"310","price_type":"quantity_based","image":0,"visibility":true}],"id":1716374537}],"yoast_head":"<!-- This site is optimized with the Yoast SEO plugin v26.7 - https:\/\/yoast.com\/wordpress\/plugins\/seo\/ -->\n<title>Cabina y jacuzzi en dos tama\u00f1os con sauna y cromoterapia.<\/title>\n<meta name=\"description\" content=\"Cabina semicircular y ba\u00f1era de hidromasaje en diferentes tama\u00f1os, modelo multifunci\u00f3n que incluye chorros para hidromasaje, sauna y cromoterapia.\" \/>\n<meta name=\"robots\" content=\"index, follow, max-snippet:-1, max-image-preview:large, max-video-preview:-1\" \/>\n<link rel=\"canonical\" href=\"https:\/\/www.bagnoitalia.com\/es\/producto\/cabina-de-hidromasaje-semicircular-con-banera-de-hidromasaje-y-cromoterapia-cb058.html\" \/>\n<meta property=\"og:locale\" content=\"es_ES\" \/>\n<meta property=\"og:type\" content=\"article\" \/>\n<meta property=\"og:title\" content=\"Cabina y jacuzzi en dos tama\u00f1os con sauna y cromoterapia.\" \/>\n<meta property=\"og:description\" content=\"Cabina semicircular y ba\u00f1era de hidromasaje en diferentes tama\u00f1os, modelo multifunci\u00f3n que incluye chorros para hidromasaje, sauna y cromoterapia.\" \/>\n<meta property=\"og:url\" content=\"https:\/\/www.bagnoitalia.com\/es\/producto\/cabina-de-hidromasaje-semicircular-con-banera-de-hidromasaje-y-cromoterapia-cb058.html\" \/>\n<meta property=\"og:site_name\" content=\"Bagno Italia\" \/>\n<meta property=\"article:modified_time\" content=\"2026-03-10T10:15:34+00:00\" \/>\n<meta property=\"og:image\" content=\"https:\/\/img.bagnoitalia.com\/wp-content\/uploads\/virtuemart\/product\/Semicircular-hydromassage-shower-CB058-c-456_1565339967_32.jpg\" \/>\n\t<meta property=\"og:image:width\" content=\"550\" \/>\n\t<meta property=\"og:image:height\" content=\"550\" \/>\n\t<meta property=\"og:image:type\" content=\"image\/jpeg\" \/>\n<meta name=\"twitter:card\" content=\"summary_large_image\" \/>\n<meta name=\"twitter:label1\" content=\"Tiempo de lectura\" \/>\n\t<meta name=\"twitter:data1\" content=\"2 minutos\" \/>\n<script type=\"application\/ld+json\" class=\"yoast-schema-graph\">{\"@context\":\"https:\/\/schema.org\",\"@graph\":[{\"@type\":\"WebPage\",\"@id\":\"https:\/\/www.bagnoitalia.com\/es\/producto\/cabina-de-hidromasaje-semicircular-con-banera-de-hidromasaje-y-cromoterapia-cb058.html\",\"url\":\"https:\/\/www.bagnoitalia.com\/es\/producto\/cabina-de-hidromasaje-semicircular-con-banera-de-hidromasaje-y-cromoterapia-cb058.html\",\"name\":\"Cabina y jacuzzi en dos tama\u00f1os con sauna y cromoterapia.\",\"isPartOf\":{\"@id\":\"https:\/\/www.bagnoitalia.com\/es#website\"},\"primaryImageOfPage\":{\"@id\":\"https:\/\/www.bagnoitalia.com\/es\/producto\/cabina-de-hidromasaje-semicircular-con-banera-de-hidromasaje-y-cromoterapia-cb058.html#primaryimage\"},\"image\":{\"@id\":\"https:\/\/www.bagnoitalia.com\/es\/producto\/cabina-de-hidromasaje-semicircular-con-banera-de-hidromasaje-y-cromoterapia-cb058.html#primaryimage\"},\"thumbnailUrl\":\"https:\/\/img.bagnoitalia.com\/wp-content\/uploads\/virtuemart\/product\/Semicircular-hydromassage-shower-CB058-c-456_1565339967_32.jpg\",\"datePublished\":\"2017-12-14T08:37:57+00:00\",\"dateModified\":\"2026-03-10T10:15:34+00:00\",\"description\":\"Cabina semicircular y ba\u00f1era de hidromasaje en diferentes tama\u00f1os, modelo multifunci\u00f3n que incluye chorros para hidromasaje, sauna y cromoterapia.\",\"breadcrumb\":{\"@id\":\"https:\/\/www.bagnoitalia.com\/es\/producto\/cabina-de-hidromasaje-semicircular-con-banera-de-hidromasaje-y-cromoterapia-cb058.html#breadcrumb\"},\"inLanguage\":\"es\",\"potentialAction\":[{\"@type\":\"ReadAction\",\"target\":[\"https:\/\/www.bagnoitalia.com\/es\/producto\/cabina-de-hidromasaje-semicircular-con-banera-de-hidromasaje-y-cromoterapia-cb058.html\"]}]},{\"@type\":\"ImageObject\",\"inLanguage\":\"es\",\"@id\":\"https:\/\/www.bagnoitalia.com\/es\/producto\/cabina-de-hidromasaje-semicircular-con-banera-de-hidromasaje-y-cromoterapia-cb058.html#primaryimage\",\"url\":\"https:\/\/img.bagnoitalia.com\/wp-content\/uploads\/virtuemart\/product\/Semicircular-hydromassage-shower-CB058-c-456_1565339967_32.jpg\",\"contentUrl\":\"https:\/\/img.bagnoitalia.com\/wp-content\/uploads\/virtuemart\/product\/Semicircular-hydromassage-shower-CB058-c-456_1565339967_32.jpg\",\"width\":550,\"height\":550},{\"@type\":\"BreadcrumbList\",\"@id\":\"https:\/\/www.bagnoitalia.com\/es\/producto\/cabina-de-hidromasaje-semicircular-con-banera-de-hidromasaje-y-cromoterapia-cb058.html#breadcrumb\",\"itemListElement\":[{\"@type\":\"ListItem\",\"position\":1,\"name\":\"Home\",\"item\":\"https:\/\/www.bagnoitalia.com\/es\"},{\"@type\":\"ListItem\",\"position\":2,\"name\":\"Productos\",\"item\":\"https:\/\/www.bagnoitalia.com\/es\/shop\"},{\"@type\":\"ListItem\",\"position\":3,\"name\":\"Cabina de Hidromasaje Semicircular con Ba\u00f1era 135&#215;135 o 150&#215;150, Con Bluetooth, ba\u00f1o de vapor y Cromoterapia CB058\"}]},{\"@type\":\"WebSite\",\"@id\":\"https:\/\/www.bagnoitalia.com\/es#website\",\"url\":\"https:\/\/www.bagnoitalia.com\/es\",\"name\":\"Bagno Italia\",\"description\":\"\",\"publisher\":{\"@id\":\"https:\/\/www.bagnoitalia.com\/es#organization\"},\"potentialAction\":[{\"@type\":\"SearchAction\",\"target\":{\"@type\":\"EntryPoint\",\"urlTemplate\":\"https:\/\/www.bagnoitalia.com\/es?s={search_term_string}\"},\"query-input\":{\"@type\":\"PropertyValueSpecification\",\"valueRequired\":true,\"valueName\":\"search_term_string\"}}],\"inLanguage\":\"es\"},{\"@type\":\"Organization\",\"@id\":\"https:\/\/www.bagnoitalia.com\/es#organization\",\"name\":\"Bagno Italia\",\"url\":\"https:\/\/www.bagnoitalia.com\/es\",\"logo\":{\"@type\":\"ImageObject\",\"inLanguage\":\"es\",\"@id\":\"https:\/\/www.bagnoitalia.com\/es#\/schema\/logo\/image\/\",\"url\":\"https:\/\/img.bagnoitalia.com\/wp-content\/uploads\/logo-bagnoitalia.webp\",\"contentUrl\":\"https:\/\/img.bagnoitalia.com\/wp-content\/uploads\/logo-bagnoitalia.webp\",\"width\":400,\"height\":70,\"caption\":\"Bagno Italia\"},\"image\":{\"@id\":\"https:\/\/www.bagnoitalia.com\/es#\/schema\/logo\/image\/\"}}]}<\/script>\n<!-- \/ Yoast SEO plugin. -->","yoast_head_json":{"title":"Cabina y jacuzzi en dos tama\u00f1os con sauna y cromoterapia.","description":"Cabina semicircular y ba\u00f1era de hidromasaje en diferentes tama\u00f1os, modelo multifunci\u00f3n que incluye chorros para hidromasaje, sauna y cromoterapia.","robots":{"index":"index","follow":"follow","max-snippet":"max-snippet:-1","max-image-preview":"max-image-preview:large","max-video-preview":"max-video-preview:-1"},"canonical":"https:\/\/www.bagnoitalia.com\/es\/producto\/cabina-de-hidromasaje-semicircular-con-banera-de-hidromasaje-y-cromoterapia-cb058.html","og_locale":"es_ES","og_type":"article","og_title":"Cabina y jacuzzi en dos tama\u00f1os con sauna y cromoterapia.","og_description":"Cabina semicircular y ba\u00f1era de hidromasaje en diferentes tama\u00f1os, modelo multifunci\u00f3n que incluye chorros para hidromasaje, sauna y cromoterapia.","og_url":"https:\/\/www.bagnoitalia.com\/es\/producto\/cabina-de-hidromasaje-semicircular-con-banera-de-hidromasaje-y-cromoterapia-cb058.html","og_site_name":"Bagno Italia","article_modified_time":"2026-03-10T10:15:34+00:00","og_image":[{"width":550,"height":550,"url":"https:\/\/img.bagnoitalia.com\/wp-content\/uploads\/virtuemart\/product\/Semicircular-hydromassage-shower-CB058-c-456_1565339967_32.jpg","type":"image\/jpeg"}],"twitter_card":"summary_large_image","twitter_misc":{"Tiempo de lectura":"2 minutos"},"schema":{"@context":"https:\/\/schema.org","@graph":[{"@type":"WebPage","@id":"https:\/\/www.bagnoitalia.com\/es\/producto\/cabina-de-hidromasaje-semicircular-con-banera-de-hidromasaje-y-cromoterapia-cb058.html","url":"https:\/\/www.bagnoitalia.com\/es\/producto\/cabina-de-hidromasaje-semicircular-con-banera-de-hidromasaje-y-cromoterapia-cb058.html","name":"Cabina y jacuzzi en dos tama\u00f1os con sauna y cromoterapia.","isPartOf":{"@id":"https:\/\/www.bagnoitalia.com\/es#website"},"primaryImageOfPage":{"@id":"https:\/\/www.bagnoitalia.com\/es\/producto\/cabina-de-hidromasaje-semicircular-con-banera-de-hidromasaje-y-cromoterapia-cb058.html#primaryimage"},"image":{"@id":"https:\/\/www.bagnoitalia.com\/es\/producto\/cabina-de-hidromasaje-semicircular-con-banera-de-hidromasaje-y-cromoterapia-cb058.html#primaryimage"},"thumbnailUrl":"https:\/\/img.bagnoitalia.com\/wp-content\/uploads\/virtuemart\/product\/Semicircular-hydromassage-shower-CB058-c-456_1565339967_32.jpg","datePublished":"2017-12-14T08:37:57+00:00","dateModified":"2026-03-10T10:15:34+00:00","description":"Cabina semicircular y ba\u00f1era de hidromasaje en diferentes tama\u00f1os, modelo multifunci\u00f3n que incluye chorros para hidromasaje, sauna y cromoterapia.","breadcrumb":{"@id":"https:\/\/www.bagnoitalia.com\/es\/producto\/cabina-de-hidromasaje-semicircular-con-banera-de-hidromasaje-y-cromoterapia-cb058.html#breadcrumb"},"inLanguage":"es","potentialAction":[{"@type":"ReadAction","target":["https:\/\/www.bagnoitalia.com\/es\/producto\/cabina-de-hidromasaje-semicircular-con-banera-de-hidromasaje-y-cromoterapia-cb058.html"]}]},{"@type":"ImageObject","inLanguage":"es","@id":"https:\/\/www.bagnoitalia.com\/es\/producto\/cabina-de-hidromasaje-semicircular-con-banera-de-hidromasaje-y-cromoterapia-cb058.html#primaryimage","url":"https:\/\/img.bagnoitalia.com\/wp-content\/uploads\/virtuemart\/product\/Semicircular-hydromassage-shower-CB058-c-456_1565339967_32.jpg","contentUrl":"https:\/\/img.bagnoitalia.com\/wp-content\/uploads\/virtuemart\/product\/Semicircular-hydromassage-shower-CB058-c-456_1565339967_32.jpg","width":550,"height":550},{"@type":"BreadcrumbList","@id":"https:\/\/www.bagnoitalia.com\/es\/producto\/cabina-de-hidromasaje-semicircular-con-banera-de-hidromasaje-y-cromoterapia-cb058.html#breadcrumb","itemListElement":[{"@type":"ListItem","position":1,"name":"Home","item":"https:\/\/www.bagnoitalia.com\/es"},{"@type":"ListItem","position":2,"name":"Productos","item":"https:\/\/www.bagnoitalia.com\/es\/shop"},{"@type":"ListItem","position":3,"name":"Cabina de Hidromasaje Semicircular con Ba\u00f1era 135&#215;135 o 150&#215;150, Con Bluetooth, ba\u00f1o de vapor y Cromoterapia CB058"}]},{"@type":"WebSite","@id":"https:\/\/www.bagnoitalia.com\/es#website","url":"https:\/\/www.bagnoitalia.com\/es","name":"Bagno Italia","description":"","publisher":{"@id":"https:\/\/www.bagnoitalia.com\/es#organization"},"potentialAction":[{"@type":"SearchAction","target":{"@type":"EntryPoint","urlTemplate":"https:\/\/www.bagnoitalia.com\/es?s={search_term_string}"},"query-input":{"@type":"PropertyValueSpecification","valueRequired":true,"valueName":"search_term_string"}}],"inLanguage":"es"},{"@type":"Organization","@id":"https:\/\/www.bagnoitalia.com\/es#organization","name":"Bagno Italia","url":"https:\/\/www.bagnoitalia.com\/es","logo":{"@type":"ImageObject","inLanguage":"es","@id":"https:\/\/www.bagnoitalia.com\/es#\/schema\/logo\/image\/","url":"https:\/\/img.bagnoitalia.com\/wp-content\/uploads\/logo-bagnoitalia.webp","contentUrl":"https:\/\/img.bagnoitalia.com\/wp-content\/uploads\/logo-bagnoitalia.webp","width":400,"height":70,"caption":"Bagno Italia"},"image":{"@id":"https:\/\/www.bagnoitalia.com\/es#\/schema\/logo\/image\/"}}]}},"_links":{"self":[{"href":"https:\/\/www.bagnoitalia.com\/es\/wp-json\/wp\/v2\/product\/80932","targetHints":{"allow":["GET"]}}],"collection":[{"href":"https:\/\/www.bagnoitalia.com\/es\/wp-json\/wp\/v2\/product"}],"about":[{"href":"https:\/\/www.bagnoitalia.com\/es\/wp-json\/wp\/v2\/types\/product"}],"replies":[{"embeddable":true,"href":"https:\/\/www.bagnoitalia.com\/es\/wp-json\/wp\/v2\/comments?post=80932"}],"version-history":[{"count":3,"href":"https:\/\/www.bagnoitalia.com\/es\/wp-json\/wp\/v2\/product\/80932\/revisions"}],"predecessor-version":[{"id":95101,"href":"https:\/\/www.bagnoitalia.com\/es\/wp-json\/wp\/v2\/product\/80932\/revisions\/95101"}],"wp:featuredmedia":[{"embeddable":true,"href":"https:\/\/www.bagnoitalia.com\/es\/wp-json\/wp\/v2\/media\/39242"}],"wp:attachment":[{"href":"https:\/\/www.bagnoitalia.com\/es\/wp-json\/wp\/v2\/media?parent=80932"}],"wp:term":[{"taxonomy":"product_brand","embeddable":true,"href":"https:\/\/www.bagnoitalia.com\/es\/wp-json\/wp\/v2\/product_brand?post=80932"},{"taxonomy":"product_cat","embeddable":true,"href":"https:\/\/www.bagnoitalia.com\/es\/wp-json\/wp\/v2\/product_cat?post=80932"},{"taxonomy":"product_tag","embeddable":true,"href":"https:\/\/www.bagnoitalia.com\/es\/wp-json\/wp\/v2\/product_tag?post=80932"}],"curies":[{"name":"wp","href":"https:\/\/api.w.org\/{rel}","templated":true}]}}