{"id":80776,"date":"2017-09-18T10:20:55","date_gmt":"2017-09-18T08:20:55","guid":{"rendered":"https:\/\/www.bagnoitalia.com\/product\/comoda-avon-suspendida-cm-100x32x45-disponible-en-blanco-brillante-marron-topo-roble-suave"},"modified":"2025-04-12T20:00:52","modified_gmt":"2025-04-12T18:00:52","slug":"comoda-avon-suspendida-cm-100x32x45-disponible-en-blanco-brillante-marron-topo-roble-suave","status":"publish","type":"product","link":"https:\/\/www.bagnoitalia.com\/es\/producto\/comoda-avon-suspendida-cm-100x32x45-disponible-en-blanco-brillante-marron-topo-roble-suave.html","title":{"rendered":"C\u00f3moda Avon suspendida cm 100x32x45 disponible en blanco brillante, marr\u00f3n topo, roble suave"},"content":{"rendered":"<p><strong>El precio anterior incluye:<\/strong><\/p>\n<p>C\u00f3moda n \u00b0 1 Avon cm 100xH32x45<\/p>\n<p><strong>materiales<\/strong><\/p>\n<p>Estructura de MDF<\/p>\n<p>Gu\u00edas de metal con cierre lento.<\/p>\n<p>Colores disponibles: blanco brillante, roble suave, gris topo.<\/p>\n<p>La c\u00f3moda est\u00e1 suspendida, pero es posible instalar las ruedas a continuaci\u00f3n (no incluidas en el paquete, se pueden comprar)<\/p>\n<p>en cualquier brico o hardware)<\/p>\n","protected":false},"excerpt":{"rendered":"<p>Mueble de muebles Avon de 100 cm en blanco brillante, marr\u00f3n topo y roble suave<\/p>\n","protected":false},"featured_media":37758,"comment_status":"open","ping_status":"closed","template":"","meta":[],"product_brand":[5011],"product_cat":[9669],"product_tag":[],"class_list":{"0":"post-80776","1":"product","2":"type-product","3":"status-publish","4":"has-post-thumbnail","6":"product_brand-baden-haus","7":"product_cat-complementos-modernos","9":"first","10":"instock","11":"sale","12":"taxable","13":"shipping-taxable","14":"purchasable","15":"product-type-simple"},"exclude_global_add_ons":false,"addons":[{"name":"color","type":"multiple_choice","position":0,"required":true,"title_format":"heading","default":"","description_enable":false,"description":"","placeholder_enable":false,"placeholder":"","display":"select","restrictions_type":"any_text","adjust_price":false,"price":"","price_type":"flat_fee","restrictions":false,"min":"0","max":"0","options":[{"label":"Blanco brillante","price":"","price_type":"quantity_based","image":0,"visibility":true},{"label":"roble claro","price":"","price_type":"quantity_based","image":0,"visibility":true},{"label":"Gris topo","price":"","price_type":"quantity_based","image":0,"visibility":true}],"id":1718621478}],"yoast_head":"<!-- This site is optimized with the Yoast SEO plugin v26.7 - https:\/\/yoast.com\/wordpress\/plugins\/seo\/ -->\n<title>C\u00f3moda Avril cm 100 disponible en 3 colores.<\/title>\n<meta name=\"robots\" content=\"index, follow, max-snippet:-1, max-image-preview:large, max-video-preview:-1\" \/>\n<link rel=\"canonical\" href=\"https:\/\/www.bagnoitalia.com\/es\/producto\/comoda-avon-suspendida-cm-100x32x45-disponible-en-blanco-brillante-marron-topo-roble-suave.html\" \/>\n<meta property=\"og:locale\" content=\"es_ES\" \/>\n<meta property=\"og:type\" content=\"article\" \/>\n<meta property=\"og:title\" content=\"C\u00f3moda Avril cm 100 disponible en 3 colores.\" \/>\n<meta property=\"og:description\" content=\"Mueble de muebles Avon de 100 cm en blanco brillante, marr\u00f3n topo y roble suave\" \/>\n<meta property=\"og:url\" content=\"https:\/\/www.bagnoitalia.com\/es\/producto\/comoda-avon-suspendida-cm-100x32x45-disponible-en-blanco-brillante-marron-topo-roble-suave.html\" \/>\n<meta property=\"og:site_name\" content=\"Bagno Italia\" \/>\n<meta property=\"article:modified_time\" content=\"2025-04-12T18:00:52+00:00\" \/>\n<meta property=\"og:image\" content=\"https:\/\/img.bagnoitalia.com\/wp-content\/uploads\/virtuemart\/product\/wall-hung-drawer-unit-avon-model-1_1544532972_911.jpg\" \/>\n\t<meta property=\"og:image:width\" content=\"600\" \/>\n\t<meta property=\"og:image:height\" content=\"600\" \/>\n\t<meta property=\"og:image:type\" content=\"image\/jpeg\" \/>\n<meta name=\"twitter:card\" content=\"summary_large_image\" \/>\n<meta name=\"twitter:label1\" content=\"Tiempo de lectura\" \/>\n\t<meta name=\"twitter:data1\" content=\"1 minuto\" \/>\n<script type=\"application\/ld+json\" class=\"yoast-schema-graph\">{\"@context\":\"https:\/\/schema.org\",\"@graph\":[{\"@type\":\"WebPage\",\"@id\":\"https:\/\/www.bagnoitalia.com\/es\/producto\/comoda-avon-suspendida-cm-100x32x45-disponible-en-blanco-brillante-marron-topo-roble-suave.html\",\"url\":\"https:\/\/www.bagnoitalia.com\/es\/producto\/comoda-avon-suspendida-cm-100x32x45-disponible-en-blanco-brillante-marron-topo-roble-suave.html\",\"name\":\"C\u00f3moda Avril cm 100 disponible en 3 colores.\",\"isPartOf\":{\"@id\":\"https:\/\/www.bagnoitalia.com\/es#website\"},\"primaryImageOfPage\":{\"@id\":\"https:\/\/www.bagnoitalia.com\/es\/producto\/comoda-avon-suspendida-cm-100x32x45-disponible-en-blanco-brillante-marron-topo-roble-suave.html#primaryimage\"},\"image\":{\"@id\":\"https:\/\/www.bagnoitalia.com\/es\/producto\/comoda-avon-suspendida-cm-100x32x45-disponible-en-blanco-brillante-marron-topo-roble-suave.html#primaryimage\"},\"thumbnailUrl\":\"https:\/\/img.bagnoitalia.com\/wp-content\/uploads\/virtuemart\/product\/wall-hung-drawer-unit-avon-model-1_1544532972_911.jpg\",\"datePublished\":\"2017-09-18T08:20:55+00:00\",\"dateModified\":\"2025-04-12T18:00:52+00:00\",\"breadcrumb\":{\"@id\":\"https:\/\/www.bagnoitalia.com\/es\/producto\/comoda-avon-suspendida-cm-100x32x45-disponible-en-blanco-brillante-marron-topo-roble-suave.html#breadcrumb\"},\"inLanguage\":\"es\",\"potentialAction\":[{\"@type\":\"ReadAction\",\"target\":[\"https:\/\/www.bagnoitalia.com\/es\/producto\/comoda-avon-suspendida-cm-100x32x45-disponible-en-blanco-brillante-marron-topo-roble-suave.html\"]}]},{\"@type\":\"ImageObject\",\"inLanguage\":\"es\",\"@id\":\"https:\/\/www.bagnoitalia.com\/es\/producto\/comoda-avon-suspendida-cm-100x32x45-disponible-en-blanco-brillante-marron-topo-roble-suave.html#primaryimage\",\"url\":\"https:\/\/img.bagnoitalia.com\/wp-content\/uploads\/virtuemart\/product\/wall-hung-drawer-unit-avon-model-1_1544532972_911.jpg\",\"contentUrl\":\"https:\/\/img.bagnoitalia.com\/wp-content\/uploads\/virtuemart\/product\/wall-hung-drawer-unit-avon-model-1_1544532972_911.jpg\",\"width\":600,\"height\":600},{\"@type\":\"BreadcrumbList\",\"@id\":\"https:\/\/www.bagnoitalia.com\/es\/producto\/comoda-avon-suspendida-cm-100x32x45-disponible-en-blanco-brillante-marron-topo-roble-suave.html#breadcrumb\",\"itemListElement\":[{\"@type\":\"ListItem\",\"position\":1,\"name\":\"Home\",\"item\":\"https:\/\/www.bagnoitalia.com\/es\"},{\"@type\":\"ListItem\",\"position\":2,\"name\":\"Productos\",\"item\":\"https:\/\/www.bagnoitalia.com\/es\/shop\"},{\"@type\":\"ListItem\",\"position\":3,\"name\":\"C\u00f3moda Avon suspendida cm 100x32x45 disponible en blanco brillante, marr\u00f3n topo, roble suave\"}]},{\"@type\":\"WebSite\",\"@id\":\"https:\/\/www.bagnoitalia.com\/es#website\",\"url\":\"https:\/\/www.bagnoitalia.com\/es\",\"name\":\"Bagno Italia\",\"description\":\"\",\"publisher\":{\"@id\":\"https:\/\/www.bagnoitalia.com\/es#organization\"},\"potentialAction\":[{\"@type\":\"SearchAction\",\"target\":{\"@type\":\"EntryPoint\",\"urlTemplate\":\"https:\/\/www.bagnoitalia.com\/es?s={search_term_string}\"},\"query-input\":{\"@type\":\"PropertyValueSpecification\",\"valueRequired\":true,\"valueName\":\"search_term_string\"}}],\"inLanguage\":\"es\"},{\"@type\":\"Organization\",\"@id\":\"https:\/\/www.bagnoitalia.com\/es#organization\",\"name\":\"Bagno Italia\",\"url\":\"https:\/\/www.bagnoitalia.com\/es\",\"logo\":{\"@type\":\"ImageObject\",\"inLanguage\":\"es\",\"@id\":\"https:\/\/www.bagnoitalia.com\/es#\/schema\/logo\/image\/\",\"url\":\"https:\/\/img.bagnoitalia.com\/wp-content\/uploads\/logo-bagnoitalia.webp\",\"contentUrl\":\"https:\/\/img.bagnoitalia.com\/wp-content\/uploads\/logo-bagnoitalia.webp\",\"width\":400,\"height\":70,\"caption\":\"Bagno Italia\"},\"image\":{\"@id\":\"https:\/\/www.bagnoitalia.com\/es#\/schema\/logo\/image\/\"}}]}<\/script>\n<!-- \/ Yoast SEO plugin. -->","yoast_head_json":{"title":"C\u00f3moda Avril cm 100 disponible en 3 colores.","robots":{"index":"index","follow":"follow","max-snippet":"max-snippet:-1","max-image-preview":"max-image-preview:large","max-video-preview":"max-video-preview:-1"},"canonical":"https:\/\/www.bagnoitalia.com\/es\/producto\/comoda-avon-suspendida-cm-100x32x45-disponible-en-blanco-brillante-marron-topo-roble-suave.html","og_locale":"es_ES","og_type":"article","og_title":"C\u00f3moda Avril cm 100 disponible en 3 colores.","og_description":"Mueble de muebles Avon de 100 cm en blanco brillante, marr\u00f3n topo y roble suave","og_url":"https:\/\/www.bagnoitalia.com\/es\/producto\/comoda-avon-suspendida-cm-100x32x45-disponible-en-blanco-brillante-marron-topo-roble-suave.html","og_site_name":"Bagno Italia","article_modified_time":"2025-04-12T18:00:52+00:00","og_image":[{"width":600,"height":600,"url":"https:\/\/img.bagnoitalia.com\/wp-content\/uploads\/virtuemart\/product\/wall-hung-drawer-unit-avon-model-1_1544532972_911.jpg","type":"image\/jpeg"}],"twitter_card":"summary_large_image","twitter_misc":{"Tiempo de lectura":"1 minuto"},"schema":{"@context":"https:\/\/schema.org","@graph":[{"@type":"WebPage","@id":"https:\/\/www.bagnoitalia.com\/es\/producto\/comoda-avon-suspendida-cm-100x32x45-disponible-en-blanco-brillante-marron-topo-roble-suave.html","url":"https:\/\/www.bagnoitalia.com\/es\/producto\/comoda-avon-suspendida-cm-100x32x45-disponible-en-blanco-brillante-marron-topo-roble-suave.html","name":"C\u00f3moda Avril cm 100 disponible en 3 colores.","isPartOf":{"@id":"https:\/\/www.bagnoitalia.com\/es#website"},"primaryImageOfPage":{"@id":"https:\/\/www.bagnoitalia.com\/es\/producto\/comoda-avon-suspendida-cm-100x32x45-disponible-en-blanco-brillante-marron-topo-roble-suave.html#primaryimage"},"image":{"@id":"https:\/\/www.bagnoitalia.com\/es\/producto\/comoda-avon-suspendida-cm-100x32x45-disponible-en-blanco-brillante-marron-topo-roble-suave.html#primaryimage"},"thumbnailUrl":"https:\/\/img.bagnoitalia.com\/wp-content\/uploads\/virtuemart\/product\/wall-hung-drawer-unit-avon-model-1_1544532972_911.jpg","datePublished":"2017-09-18T08:20:55+00:00","dateModified":"2025-04-12T18:00:52+00:00","breadcrumb":{"@id":"https:\/\/www.bagnoitalia.com\/es\/producto\/comoda-avon-suspendida-cm-100x32x45-disponible-en-blanco-brillante-marron-topo-roble-suave.html#breadcrumb"},"inLanguage":"es","potentialAction":[{"@type":"ReadAction","target":["https:\/\/www.bagnoitalia.com\/es\/producto\/comoda-avon-suspendida-cm-100x32x45-disponible-en-blanco-brillante-marron-topo-roble-suave.html"]}]},{"@type":"ImageObject","inLanguage":"es","@id":"https:\/\/www.bagnoitalia.com\/es\/producto\/comoda-avon-suspendida-cm-100x32x45-disponible-en-blanco-brillante-marron-topo-roble-suave.html#primaryimage","url":"https:\/\/img.bagnoitalia.com\/wp-content\/uploads\/virtuemart\/product\/wall-hung-drawer-unit-avon-model-1_1544532972_911.jpg","contentUrl":"https:\/\/img.bagnoitalia.com\/wp-content\/uploads\/virtuemart\/product\/wall-hung-drawer-unit-avon-model-1_1544532972_911.jpg","width":600,"height":600},{"@type":"BreadcrumbList","@id":"https:\/\/www.bagnoitalia.com\/es\/producto\/comoda-avon-suspendida-cm-100x32x45-disponible-en-blanco-brillante-marron-topo-roble-suave.html#breadcrumb","itemListElement":[{"@type":"ListItem","position":1,"name":"Home","item":"https:\/\/www.bagnoitalia.com\/es"},{"@type":"ListItem","position":2,"name":"Productos","item":"https:\/\/www.bagnoitalia.com\/es\/shop"},{"@type":"ListItem","position":3,"name":"C\u00f3moda Avon suspendida cm 100x32x45 disponible en blanco brillante, marr\u00f3n topo, roble suave"}]},{"@type":"WebSite","@id":"https:\/\/www.bagnoitalia.com\/es#website","url":"https:\/\/www.bagnoitalia.com\/es","name":"Bagno Italia","description":"","publisher":{"@id":"https:\/\/www.bagnoitalia.com\/es#organization"},"potentialAction":[{"@type":"SearchAction","target":{"@type":"EntryPoint","urlTemplate":"https:\/\/www.bagnoitalia.com\/es?s={search_term_string}"},"query-input":{"@type":"PropertyValueSpecification","valueRequired":true,"valueName":"search_term_string"}}],"inLanguage":"es"},{"@type":"Organization","@id":"https:\/\/www.bagnoitalia.com\/es#organization","name":"Bagno Italia","url":"https:\/\/www.bagnoitalia.com\/es","logo":{"@type":"ImageObject","inLanguage":"es","@id":"https:\/\/www.bagnoitalia.com\/es#\/schema\/logo\/image\/","url":"https:\/\/img.bagnoitalia.com\/wp-content\/uploads\/logo-bagnoitalia.webp","contentUrl":"https:\/\/img.bagnoitalia.com\/wp-content\/uploads\/logo-bagnoitalia.webp","width":400,"height":70,"caption":"Bagno Italia"},"image":{"@id":"https:\/\/www.bagnoitalia.com\/es#\/schema\/logo\/image\/"}}]}},"_links":{"self":[{"href":"https:\/\/www.bagnoitalia.com\/es\/wp-json\/wp\/v2\/product\/80776","targetHints":{"allow":["GET"]}}],"collection":[{"href":"https:\/\/www.bagnoitalia.com\/es\/wp-json\/wp\/v2\/product"}],"about":[{"href":"https:\/\/www.bagnoitalia.com\/es\/wp-json\/wp\/v2\/types\/product"}],"replies":[{"embeddable":true,"href":"https:\/\/www.bagnoitalia.com\/es\/wp-json\/wp\/v2\/comments?post=80776"}],"version-history":[{"count":1,"href":"https:\/\/www.bagnoitalia.com\/es\/wp-json\/wp\/v2\/product\/80776\/revisions"}],"predecessor-version":[{"id":90282,"href":"https:\/\/www.bagnoitalia.com\/es\/wp-json\/wp\/v2\/product\/80776\/revisions\/90282"}],"wp:featuredmedia":[{"embeddable":true,"href":"https:\/\/www.bagnoitalia.com\/es\/wp-json\/wp\/v2\/media\/37758"}],"wp:attachment":[{"href":"https:\/\/www.bagnoitalia.com\/es\/wp-json\/wp\/v2\/media?parent=80776"}],"wp:term":[{"taxonomy":"product_brand","embeddable":true,"href":"https:\/\/www.bagnoitalia.com\/es\/wp-json\/wp\/v2\/product_brand?post=80776"},{"taxonomy":"product_cat","embeddable":true,"href":"https:\/\/www.bagnoitalia.com\/es\/wp-json\/wp\/v2\/product_cat?post=80776"},{"taxonomy":"product_tag","embeddable":true,"href":"https:\/\/www.bagnoitalia.com\/es\/wp-json\/wp\/v2\/product_tag?post=80776"}],"curies":[{"name":"wp","href":"https:\/\/api.w.org\/{rel}","templated":true}]}}