{"id":80752,"date":"2017-08-29T10:45:04","date_gmt":"2017-08-29T08:45:04","guid":{"rendered":"https:\/\/www.bagnoitalia.com\/product\/cabina-de-ducha-puerta-lateral-corredera-transparente-cristal-transparente-8-mm-box056"},"modified":"2025-06-03T08:33:36","modified_gmt":"2025-06-03T06:33:36","slug":"cabina-de-ducha-puerta-lateral-corredera-transparente-cristal-transparente-8-mm-box056","status":"publish","type":"product","link":"https:\/\/www.bagnoitalia.com\/es\/producto\/cabina-de-ducha-puerta-lateral-corredera-transparente-cristal-transparente-8-mm-box056.html","title":{"rendered":"Cabina de Ducha 3 Lados, en Cristal Transparente de 8 mm, con Puerta corrediza  BOX056"},"content":{"rendered":"<p><span style=\"font-size: 14pt;\"><strong><span style=\"color: #ff0000;\"><span style=\"font-size: large;\"><span style=\"text-decoration: underline;\">Cabina de ducha 3 lados para el centro de la habitaci\u00f3n con puerta corrediza BOX 056<br \/>\n<\/span><\/span><\/span><\/strong><\/span><\/p>\n<p><span style=\"font-size: 12pt;\"><strong>Caracter\u00edsticas t\u00e9cnicas:<\/strong><\/span><\/p>\n<ul>\n<li><span style=\"font-size: 12pt;\">Cristal transparente de 8mm<\/span><\/li>\n<li><span style=\"font-size: 12pt;\">Perfil en aluminio cromado pulido.<\/span><\/li>\n<li><span style=\"font-size: 12pt;\">Apertura deslizante; puerta reversible<\/span><\/li>\n<li><span style=\"font-size: 12pt;\">Barra de deslizamiento en acero inoxidable.<\/span><\/li>\n<li><span style=\"font-size: 12pt;\">La instalaci\u00f3n a nivel del suelo es posible<\/span><\/li>\n<li><span style=\"font-size: 12pt;\">Tolerancia por defecto -2 cm.<\/span><\/li>\n<\/ul>\n<p>ATENCI\u00d3N: BANDEJA DE DUCHA NO INCLUIDA EN EL PRECIO<\/p>\n<p><span style=\"font-size: 8pt;\">045F + Fix 8<\/span><\/p>\n","protected":false},"excerpt":{"rendered":"<p>Cabina de ducha 3 Lados, con puerta corrediza, con vidrio transparente 8 mm modelo BOX056<\/p>\n","protected":false},"featured_media":37394,"comment_status":"open","ping_status":"closed","template":"","meta":[],"product_brand":[5008],"product_cat":[9817,9713],"product_tag":[],"class_list":{"0":"post-80752","1":"product","2":"type-product","3":"status-publish","4":"has-post-thumbnail","6":"product_brand-idrom","7":"product_cat-cabina-de-ducha-con-tres-lados-cabina-de-ducha","8":"product_cat-cabina-de-ducha","10":"first","11":"instock","12":"sale","13":"taxable","14":"shipping-taxable","15":"purchasable","16":"product-type-simple"},"exclude_global_add_ons":false,"addons":[{"name":"dimensiones","type":"multiple_choice","position":0,"required":true,"title_format":"heading","default":"","description_enable":false,"description":"","placeholder_enable":false,"placeholder":"","display":"select","restrictions_type":"any_text","adjust_price":false,"price":"","price_type":"flat_fee","restrictions":false,"min":"0","max":"0","options":[{"label":"70x70x90 cm","price":"","price_type":"quantity_based","image":0,"visibility":true},{"label":"70x70x100 cm","price":"15","price_type":"quantity_based","image":0,"visibility":true},{"label":"70x70x120 cm","price":"30","price_type":"quantity_based","image":0,"visibility":true},{"label":"70x70x140 cm","price":"50","price_type":"quantity_based","image":0,"visibility":true},{"label":"70x70x160 cm","price":"65","price_type":"quantity_based","image":0,"visibility":true},{"label":"80x80x100 cm","price":"50","price_type":"quantity_based","image":0,"visibility":true},{"label":"80x80x120 cm","price":"65","price_type":"quantity_based","image":0,"visibility":true},{"label":"80x80x140 cm","price":"80","price_type":"quantity_based","image":0,"visibility":true},{"label":"80x80x160 cm","price":"100","price_type":"quantity_based","image":0,"visibility":true}],"id":1717001545},{"name":"perfil de compensaci\u00f3n","type":"multiple_choice","position":1,"required":true,"title_format":"heading","default":"","description_enable":false,"description":"","placeholder_enable":false,"placeholder":"","display":"select","restrictions_type":"any_text","adjust_price":false,"price":"","price_type":"flat_fee","restrictions":false,"min":"0","max":"0","options":[{"label":"SIN perfil de compensaci\u00f3n","price":"","price_type":"quantity_based","image":0,"visibility":true},{"label":"un perfil de compensaci\u00f3n +3cm","price":"40","price_type":"quantity_based","image":0,"visibility":true},{"label":"dos perfiles de compensaci\u00f3n +6cm","price":"80","price_type":"quantity_based","image":0,"visibility":true}],"id":1717001546}],"yoast_head":"<!-- This site is optimized with the Yoast SEO plugin v26.7 - https:\/\/yoast.com\/wordpress\/plugins\/seo\/ -->\n<title>Cabina de ducha de 3 lados puerta corredera cristal transparente 8mm BOX056<\/title>\n<meta name=\"description\" content=\"Cabina de ducha de 3 lados centro puerta corredera con vidrio transparente de 8 mm\" \/>\n<meta name=\"robots\" content=\"index, follow, max-snippet:-1, max-image-preview:large, max-video-preview:-1\" \/>\n<link rel=\"canonical\" href=\"https:\/\/www.bagnoitalia.com\/es\/producto\/cabina-de-ducha-puerta-lateral-corredera-transparente-cristal-transparente-8-mm-box056.html\" \/>\n<meta property=\"og:locale\" content=\"es_ES\" \/>\n<meta property=\"og:type\" content=\"article\" \/>\n<meta property=\"og:title\" content=\"Cabina de ducha de 3 lados puerta corredera cristal transparente 8mm BOX056\" \/>\n<meta property=\"og:description\" content=\"Cabina de ducha de 3 lados centro puerta corredera con vidrio transparente de 8 mm\" \/>\n<meta property=\"og:url\" content=\"https:\/\/www.bagnoitalia.com\/es\/producto\/cabina-de-ducha-puerta-lateral-corredera-transparente-cristal-transparente-8-mm-box056.html\" \/>\n<meta property=\"og:site_name\" content=\"Bagno Italia\" \/>\n<meta property=\"article:modified_time\" content=\"2025-06-03T06:33:36+00:00\" \/>\n<meta property=\"og:image\" content=\"https:\/\/img.bagnoitalia.com\/wp-content\/uploads\/virtuemart\/product\/3-sides-shower-enclosure-box056-1_1543563914_285.jpg\" \/>\n\t<meta property=\"og:image:width\" content=\"600\" \/>\n\t<meta property=\"og:image:height\" content=\"450\" \/>\n\t<meta property=\"og:image:type\" content=\"image\/jpeg\" \/>\n<meta name=\"twitter:card\" content=\"summary_large_image\" \/>\n<meta name=\"twitter:label1\" content=\"Tiempo de lectura\" \/>\n\t<meta name=\"twitter:data1\" content=\"1 minuto\" \/>\n<script type=\"application\/ld+json\" class=\"yoast-schema-graph\">{\"@context\":\"https:\/\/schema.org\",\"@graph\":[{\"@type\":\"WebPage\",\"@id\":\"https:\/\/www.bagnoitalia.com\/es\/producto\/cabina-de-ducha-puerta-lateral-corredera-transparente-cristal-transparente-8-mm-box056.html\",\"url\":\"https:\/\/www.bagnoitalia.com\/es\/producto\/cabina-de-ducha-puerta-lateral-corredera-transparente-cristal-transparente-8-mm-box056.html\",\"name\":\"Cabina de ducha de 3 lados puerta corredera cristal transparente 8mm BOX056\",\"isPartOf\":{\"@id\":\"https:\/\/www.bagnoitalia.com\/es#website\"},\"primaryImageOfPage\":{\"@id\":\"https:\/\/www.bagnoitalia.com\/es\/producto\/cabina-de-ducha-puerta-lateral-corredera-transparente-cristal-transparente-8-mm-box056.html#primaryimage\"},\"image\":{\"@id\":\"https:\/\/www.bagnoitalia.com\/es\/producto\/cabina-de-ducha-puerta-lateral-corredera-transparente-cristal-transparente-8-mm-box056.html#primaryimage\"},\"thumbnailUrl\":\"https:\/\/img.bagnoitalia.com\/wp-content\/uploads\/virtuemart\/product\/3-sides-shower-enclosure-box056-1_1543563914_285.jpg\",\"datePublished\":\"2017-08-29T08:45:04+00:00\",\"dateModified\":\"2025-06-03T06:33:36+00:00\",\"description\":\"Cabina de ducha de 3 lados centro puerta corredera con vidrio transparente de 8 mm\",\"breadcrumb\":{\"@id\":\"https:\/\/www.bagnoitalia.com\/es\/producto\/cabina-de-ducha-puerta-lateral-corredera-transparente-cristal-transparente-8-mm-box056.html#breadcrumb\"},\"inLanguage\":\"es\",\"potentialAction\":[{\"@type\":\"ReadAction\",\"target\":[\"https:\/\/www.bagnoitalia.com\/es\/producto\/cabina-de-ducha-puerta-lateral-corredera-transparente-cristal-transparente-8-mm-box056.html\"]}]},{\"@type\":\"ImageObject\",\"inLanguage\":\"es\",\"@id\":\"https:\/\/www.bagnoitalia.com\/es\/producto\/cabina-de-ducha-puerta-lateral-corredera-transparente-cristal-transparente-8-mm-box056.html#primaryimage\",\"url\":\"https:\/\/img.bagnoitalia.com\/wp-content\/uploads\/virtuemart\/product\/3-sides-shower-enclosure-box056-1_1543563914_285.jpg\",\"contentUrl\":\"https:\/\/img.bagnoitalia.com\/wp-content\/uploads\/virtuemart\/product\/3-sides-shower-enclosure-box056-1_1543563914_285.jpg\",\"width\":600,\"height\":450},{\"@type\":\"BreadcrumbList\",\"@id\":\"https:\/\/www.bagnoitalia.com\/es\/producto\/cabina-de-ducha-puerta-lateral-corredera-transparente-cristal-transparente-8-mm-box056.html#breadcrumb\",\"itemListElement\":[{\"@type\":\"ListItem\",\"position\":1,\"name\":\"Home\",\"item\":\"https:\/\/www.bagnoitalia.com\/es\"},{\"@type\":\"ListItem\",\"position\":2,\"name\":\"Productos\",\"item\":\"https:\/\/www.bagnoitalia.com\/es\/shop\"},{\"@type\":\"ListItem\",\"position\":3,\"name\":\"Cabina de Ducha 3 Lados, en Cristal Transparente de 8 mm, con Puerta corrediza BOX056\"}]},{\"@type\":\"WebSite\",\"@id\":\"https:\/\/www.bagnoitalia.com\/es#website\",\"url\":\"https:\/\/www.bagnoitalia.com\/es\",\"name\":\"Bagno Italia\",\"description\":\"\",\"publisher\":{\"@id\":\"https:\/\/www.bagnoitalia.com\/es#organization\"},\"potentialAction\":[{\"@type\":\"SearchAction\",\"target\":{\"@type\":\"EntryPoint\",\"urlTemplate\":\"https:\/\/www.bagnoitalia.com\/es?s={search_term_string}\"},\"query-input\":{\"@type\":\"PropertyValueSpecification\",\"valueRequired\":true,\"valueName\":\"search_term_string\"}}],\"inLanguage\":\"es\"},{\"@type\":\"Organization\",\"@id\":\"https:\/\/www.bagnoitalia.com\/es#organization\",\"name\":\"Bagno Italia\",\"url\":\"https:\/\/www.bagnoitalia.com\/es\",\"logo\":{\"@type\":\"ImageObject\",\"inLanguage\":\"es\",\"@id\":\"https:\/\/www.bagnoitalia.com\/es#\/schema\/logo\/image\/\",\"url\":\"https:\/\/img.bagnoitalia.com\/wp-content\/uploads\/logo-bagnoitalia.webp\",\"contentUrl\":\"https:\/\/img.bagnoitalia.com\/wp-content\/uploads\/logo-bagnoitalia.webp\",\"width\":400,\"height\":70,\"caption\":\"Bagno Italia\"},\"image\":{\"@id\":\"https:\/\/www.bagnoitalia.com\/es#\/schema\/logo\/image\/\"}}]}<\/script>\n<!-- \/ Yoast SEO plugin. -->","yoast_head_json":{"title":"Cabina de ducha de 3 lados puerta corredera cristal transparente 8mm BOX056","description":"Cabina de ducha de 3 lados centro puerta corredera con vidrio transparente de 8 mm","robots":{"index":"index","follow":"follow","max-snippet":"max-snippet:-1","max-image-preview":"max-image-preview:large","max-video-preview":"max-video-preview:-1"},"canonical":"https:\/\/www.bagnoitalia.com\/es\/producto\/cabina-de-ducha-puerta-lateral-corredera-transparente-cristal-transparente-8-mm-box056.html","og_locale":"es_ES","og_type":"article","og_title":"Cabina de ducha de 3 lados puerta corredera cristal transparente 8mm BOX056","og_description":"Cabina de ducha de 3 lados centro puerta corredera con vidrio transparente de 8 mm","og_url":"https:\/\/www.bagnoitalia.com\/es\/producto\/cabina-de-ducha-puerta-lateral-corredera-transparente-cristal-transparente-8-mm-box056.html","og_site_name":"Bagno Italia","article_modified_time":"2025-06-03T06:33:36+00:00","og_image":[{"width":600,"height":450,"url":"https:\/\/img.bagnoitalia.com\/wp-content\/uploads\/virtuemart\/product\/3-sides-shower-enclosure-box056-1_1543563914_285.jpg","type":"image\/jpeg"}],"twitter_card":"summary_large_image","twitter_misc":{"Tiempo de lectura":"1 minuto"},"schema":{"@context":"https:\/\/schema.org","@graph":[{"@type":"WebPage","@id":"https:\/\/www.bagnoitalia.com\/es\/producto\/cabina-de-ducha-puerta-lateral-corredera-transparente-cristal-transparente-8-mm-box056.html","url":"https:\/\/www.bagnoitalia.com\/es\/producto\/cabina-de-ducha-puerta-lateral-corredera-transparente-cristal-transparente-8-mm-box056.html","name":"Cabina de ducha de 3 lados puerta corredera cristal transparente 8mm BOX056","isPartOf":{"@id":"https:\/\/www.bagnoitalia.com\/es#website"},"primaryImageOfPage":{"@id":"https:\/\/www.bagnoitalia.com\/es\/producto\/cabina-de-ducha-puerta-lateral-corredera-transparente-cristal-transparente-8-mm-box056.html#primaryimage"},"image":{"@id":"https:\/\/www.bagnoitalia.com\/es\/producto\/cabina-de-ducha-puerta-lateral-corredera-transparente-cristal-transparente-8-mm-box056.html#primaryimage"},"thumbnailUrl":"https:\/\/img.bagnoitalia.com\/wp-content\/uploads\/virtuemart\/product\/3-sides-shower-enclosure-box056-1_1543563914_285.jpg","datePublished":"2017-08-29T08:45:04+00:00","dateModified":"2025-06-03T06:33:36+00:00","description":"Cabina de ducha de 3 lados centro puerta corredera con vidrio transparente de 8 mm","breadcrumb":{"@id":"https:\/\/www.bagnoitalia.com\/es\/producto\/cabina-de-ducha-puerta-lateral-corredera-transparente-cristal-transparente-8-mm-box056.html#breadcrumb"},"inLanguage":"es","potentialAction":[{"@type":"ReadAction","target":["https:\/\/www.bagnoitalia.com\/es\/producto\/cabina-de-ducha-puerta-lateral-corredera-transparente-cristal-transparente-8-mm-box056.html"]}]},{"@type":"ImageObject","inLanguage":"es","@id":"https:\/\/www.bagnoitalia.com\/es\/producto\/cabina-de-ducha-puerta-lateral-corredera-transparente-cristal-transparente-8-mm-box056.html#primaryimage","url":"https:\/\/img.bagnoitalia.com\/wp-content\/uploads\/virtuemart\/product\/3-sides-shower-enclosure-box056-1_1543563914_285.jpg","contentUrl":"https:\/\/img.bagnoitalia.com\/wp-content\/uploads\/virtuemart\/product\/3-sides-shower-enclosure-box056-1_1543563914_285.jpg","width":600,"height":450},{"@type":"BreadcrumbList","@id":"https:\/\/www.bagnoitalia.com\/es\/producto\/cabina-de-ducha-puerta-lateral-corredera-transparente-cristal-transparente-8-mm-box056.html#breadcrumb","itemListElement":[{"@type":"ListItem","position":1,"name":"Home","item":"https:\/\/www.bagnoitalia.com\/es"},{"@type":"ListItem","position":2,"name":"Productos","item":"https:\/\/www.bagnoitalia.com\/es\/shop"},{"@type":"ListItem","position":3,"name":"Cabina de Ducha 3 Lados, en Cristal Transparente de 8 mm, con Puerta corrediza BOX056"}]},{"@type":"WebSite","@id":"https:\/\/www.bagnoitalia.com\/es#website","url":"https:\/\/www.bagnoitalia.com\/es","name":"Bagno Italia","description":"","publisher":{"@id":"https:\/\/www.bagnoitalia.com\/es#organization"},"potentialAction":[{"@type":"SearchAction","target":{"@type":"EntryPoint","urlTemplate":"https:\/\/www.bagnoitalia.com\/es?s={search_term_string}"},"query-input":{"@type":"PropertyValueSpecification","valueRequired":true,"valueName":"search_term_string"}}],"inLanguage":"es"},{"@type":"Organization","@id":"https:\/\/www.bagnoitalia.com\/es#organization","name":"Bagno Italia","url":"https:\/\/www.bagnoitalia.com\/es","logo":{"@type":"ImageObject","inLanguage":"es","@id":"https:\/\/www.bagnoitalia.com\/es#\/schema\/logo\/image\/","url":"https:\/\/img.bagnoitalia.com\/wp-content\/uploads\/logo-bagnoitalia.webp","contentUrl":"https:\/\/img.bagnoitalia.com\/wp-content\/uploads\/logo-bagnoitalia.webp","width":400,"height":70,"caption":"Bagno Italia"},"image":{"@id":"https:\/\/www.bagnoitalia.com\/es#\/schema\/logo\/image\/"}}]}},"_links":{"self":[{"href":"https:\/\/www.bagnoitalia.com\/es\/wp-json\/wp\/v2\/product\/80752","targetHints":{"allow":["GET"]}}],"collection":[{"href":"https:\/\/www.bagnoitalia.com\/es\/wp-json\/wp\/v2\/product"}],"about":[{"href":"https:\/\/www.bagnoitalia.com\/es\/wp-json\/wp\/v2\/types\/product"}],"replies":[{"embeddable":true,"href":"https:\/\/www.bagnoitalia.com\/es\/wp-json\/wp\/v2\/comments?post=80752"}],"version-history":[{"count":1,"href":"https:\/\/www.bagnoitalia.com\/es\/wp-json\/wp\/v2\/product\/80752\/revisions"}],"predecessor-version":[{"id":88946,"href":"https:\/\/www.bagnoitalia.com\/es\/wp-json\/wp\/v2\/product\/80752\/revisions\/88946"}],"wp:featuredmedia":[{"embeddable":true,"href":"https:\/\/www.bagnoitalia.com\/es\/wp-json\/wp\/v2\/media\/37394"}],"wp:attachment":[{"href":"https:\/\/www.bagnoitalia.com\/es\/wp-json\/wp\/v2\/media?parent=80752"}],"wp:term":[{"taxonomy":"product_brand","embeddable":true,"href":"https:\/\/www.bagnoitalia.com\/es\/wp-json\/wp\/v2\/product_brand?post=80752"},{"taxonomy":"product_cat","embeddable":true,"href":"https:\/\/www.bagnoitalia.com\/es\/wp-json\/wp\/v2\/product_cat?post=80752"},{"taxonomy":"product_tag","embeddable":true,"href":"https:\/\/www.bagnoitalia.com\/es\/wp-json\/wp\/v2\/product_tag?post=80752"}],"curies":[{"name":"wp","href":"https:\/\/api.w.org\/{rel}","templated":true}]}}