{"id":80736,"date":"2017-07-18T13:26:03","date_gmt":"2017-07-18T11:26:03","guid":{"rendered":"https:\/\/www.bagnoitalia.com\/product\/base-de-cubierta-a-medida-disponible-en-15-colores-con-o-sin-puertas"},"modified":"2024-09-20T16:14:27","modified_gmt":"2024-09-20T14:14:27","slug":"base-de-cubierta-a-medida-disponible-en-15-colores-con-o-sin-puertas","status":"publish","type":"product","link":"https:\/\/www.bagnoitalia.com\/es\/producto\/base-de-cubierta-a-medida-disponible-en-15-colores-con-o-sin-puertas.html","title":{"rendered":"Base cubierta para lavadora a medida disponible en 15 colores con o sin puertas BM017"},"content":{"rendered":"<p><span style=\"font-size: 14pt;\">El mueble cubierta para lavadora est\u00e1 hecho\u00a0<strong>a medida<\/strong> . Al hacer el pedido, indique el ancho y la profundidad deseada.<\/span><\/p>\n<p><span style=\"font-size: 12pt;\">La versi\u00f3n abierta (es decir, sin puertas) o la versi\u00f3n con puertas se puede seleccionar a trav\u00e9s del men\u00fa; para este \u00faltimo, puede tener una puerta de garganta de 45 \u00b0 o una manija de cromo pulido.<\/span><\/p>\n<p><span style=\"font-size: 12pt;\">Disponible en todos los colores de la carpeta presente en las fotos.<\/span><\/p>\n<p><span style=\"font-size: 12pt;\"><strong>El precio incluye:<\/strong><\/span><\/p>\n<p><span style=\"font-size: 12pt;\"><span style=\"font-size: 12pt;\">N \u00b0 1\u00a0<\/span>Base cubierta para lavadora<\/span><\/p>\n<p><span style=\"font-size: 12pt;\"><strong>Materiales usados<\/strong><\/span><\/p>\n<p><span style=\"font-size: 12pt;\">Estructura y Puertas: en MDF.<\/span><\/p>\n<p><span style=\"font-size: 12pt;\">Manijas: cromo brillante<\/span><\/p>\n<p><span style=\"font-size: 12pt;\">NB: La versi\u00f3n con acabado Laminox es en madera contrachapada de \u00e1lamo, la que tiene un acabado cepillado es en tiras de \u00e1lamo y \/ o abeto.<\/span><\/p>\n","protected":false},"excerpt":{"rendered":"<p>Base cubierta para lavadora hecha a medida con o sin puertas disponible en 15 colores<\/p>\n","protected":false},"featured_media":37290,"comment_status":"open","ping_status":"closed","template":"","meta":[],"product_brand":[5025],"product_cat":[9669],"product_tag":[],"class_list":{"0":"post-80736","1":"product","2":"type-product","3":"status-publish","4":"has-post-thumbnail","6":"product_brand-mastro-fiore","7":"product_cat-complementos-modernos","9":"first","10":"instock","11":"sale","12":"taxable","13":"shipping-taxable","14":"purchasable","15":"product-type-simple"},"exclude_global_add_ons":false,"addons":[{"name":"Tipolog\u00eda","type":"multiple_choice","position":0,"required":true,"title_format":"heading","default":"","description_enable":false,"description":"","placeholder_enable":false,"placeholder":"","display":"select","restrictions_type":"any_text","adjust_price":false,"price":"","price_type":"flat_fee","restrictions":false,"min":"0","max":"0","options":[{"label":"sin puertas Hielo","price":"","price_type":"quantity_based","image":0,"visibility":true},{"label":"sin puertas Arena","price":"","price_type":"quantity_based","image":0,"visibility":true},{"label":"sin puertas Tabaco","price":"","price_type":"quantity_based","image":0,"visibility":true},{"label":"sin puertas Pizarra","price":"","price_type":"quantity_based","image":0,"visibility":true},{"label":"sin puertas Roble oscuro","price":"50","price_type":"quantity_based","image":0,"visibility":true},{"label":"sin puertas Roble Natural","price":"50","price_type":"quantity_based","image":0,"visibility":true},{"label":"sin puertas Roble Miel","price":"50","price_type":"quantity_based","image":0,"visibility":true},{"label":"sin puertas Profundo negro","price":"50","price_type":"quantity_based","image":0,"visibility":true},{"label":"sin puertas Antracita","price":"50","price_type":"quantity_based","image":0,"visibility":true},{"label":"sin puertas Blanco puro","price":"50","price_type":"quantity_based","image":0,"visibility":true},{"label":"sin puertas Negro opaco","price":"50","price_type":"quantity_based","image":0,"visibility":true},{"label":"sin puertas Blanco opaco","price":"50","price_type":"quantity_based","image":0,"visibility":true},{"label":"sin puertas \u00c9bano","price":"50","price_type":"quantity_based","image":0,"visibility":true},{"label":"sin puertas Artik","price":"50","price_type":"quantity_based","image":0,"visibility":true},{"label":"sin puertas Negro brillante","price":"140","price_type":"quantity_based","image":0,"visibility":true},{"label":"sin puertas Blanco brillante","price":"140","price_type":"quantity_based","image":0,"visibility":true},{"label":"sin puertas Hoja de oro","price":"140","price_type":"quantity_based","image":0,"visibility":true},{"label":"sin puertas Hoja de plata","price":"140","price_type":"quantity_based","image":0,"visibility":true},{"label":"con puertas Hielo","price":"110","price_type":"quantity_based","image":0,"visibility":true},{"label":"con puertas Arena","price":"110","price_type":"quantity_based","image":0,"visibility":true},{"label":"con puertas Tabaco","price":"110","price_type":"quantity_based","image":0,"visibility":true},{"label":"con puertas Pizarra","price":"110","price_type":"quantity_based","image":0,"visibility":true},{"label":"con puertas Roble oscuro","price":"180","price_type":"quantity_based","image":0,"visibility":true},{"label":"con puertas Roble Natural","price":"180","price_type":"quantity_based","image":0,"visibility":true},{"label":"con puertas Roble Miel","price":"180","price_type":"quantity_based","image":0,"visibility":true},{"label":"con puertas Profundo negro","price":"180","price_type":"quantity_based","image":0,"visibility":true},{"label":"con puertas Antracita","price":"180","price_type":"quantity_based","image":0,"visibility":true},{"label":"con puertas Blanco puro","price":"180","price_type":"quantity_based","image":0,"visibility":true},{"label":"con puertas \u00c9bano","price":"180","price_type":"quantity_based","image":0,"visibility":true},{"label":"con puertas Artik","price":"180","price_type":"quantity_based","image":0,"visibility":true},{"label":"con puertas Negro opaco","price":"180","price_type":"quantity_based","image":0,"visibility":true},{"label":"con puertas Blanco opaco","price":"180","price_type":"quantity_based","image":0,"visibility":true},{"label":"con puertas Negro brillante","price":"220","price_type":"quantity_based","image":0,"visibility":true},{"label":"con puertas Blanco brillante","price":"220","price_type":"quantity_based","image":0,"visibility":true},{"label":"con puertas Hoja de oro","price":"220","price_type":"quantity_based","image":0,"visibility":true},{"label":"con puertas Hoja de plata","price":"220","price_type":"quantity_based","image":0,"visibility":true}],"id":1718726087},{"name":"mango","type":"multiple_choice","position":1,"required":true,"title_format":"heading","default":"","description_enable":false,"description":"","placeholder_enable":false,"placeholder":"","display":"select","restrictions_type":"any_text","adjust_price":false,"price":"","price_type":"flat_fee","restrictions":false,"min":"0","max":"0","options":[{"label":"con mango cromado","price":"","price_type":"quantity_based","image":0,"visibility":true},{"label":"con ranura de 45\u00b0","price":"","price_type":"quantity_based","image":0,"visibility":true}],"id":1718726088}],"yoast_head":"<!-- This site is optimized with the Yoast SEO plugin v26.7 - https:\/\/yoast.com\/wordpress\/plugins\/seo\/ -->\n<title>Base Complementaria Moderna Mf<\/title>\n<meta name=\"description\" content=\"Moderna m\u00e1quina de recubrimiento de base complementaria disponible en 15 colores hechos a medida con puertas o abiertas.\" \/>\n<meta name=\"robots\" content=\"index, follow, max-snippet:-1, max-image-preview:large, max-video-preview:-1\" \/>\n<link rel=\"canonical\" href=\"https:\/\/www.bagnoitalia.com\/es\/producto\/base-de-cubierta-a-medida-disponible-en-15-colores-con-o-sin-puertas.html\" \/>\n<meta property=\"og:locale\" content=\"es_ES\" \/>\n<meta property=\"og:type\" content=\"article\" \/>\n<meta property=\"og:title\" content=\"Base Complementaria Moderna Mf\" \/>\n<meta property=\"og:description\" content=\"Moderna m\u00e1quina de recubrimiento de base complementaria disponible en 15 colores hechos a medida con puertas o abiertas.\" \/>\n<meta property=\"og:url\" content=\"https:\/\/www.bagnoitalia.com\/es\/producto\/base-de-cubierta-a-medida-disponible-en-15-colores-con-o-sin-puertas.html\" \/>\n<meta property=\"og:site_name\" content=\"Bagno Italia\" \/>\n<meta property=\"article:modified_time\" content=\"2024-09-20T14:14:27+00:00\" \/>\n<meta property=\"og:image\" content=\"https:\/\/img.bagnoitalia.com\/wp-content\/uploads\/virtuemart\/product\/custom-made-washing-machine-cover-base-1_1544460921_158.jpg\" \/>\n\t<meta property=\"og:image:width\" content=\"419\" \/>\n\t<meta property=\"og:image:height\" content=\"419\" \/>\n\t<meta property=\"og:image:type\" content=\"image\/jpeg\" \/>\n<meta name=\"twitter:card\" content=\"summary_large_image\" \/>\n<meta name=\"twitter:label1\" content=\"Tiempo de lectura\" \/>\n\t<meta name=\"twitter:data1\" content=\"1 minuto\" \/>\n<script type=\"application\/ld+json\" class=\"yoast-schema-graph\">{\"@context\":\"https:\/\/schema.org\",\"@graph\":[{\"@type\":\"WebPage\",\"@id\":\"https:\/\/www.bagnoitalia.com\/es\/producto\/base-de-cubierta-a-medida-disponible-en-15-colores-con-o-sin-puertas.html\",\"url\":\"https:\/\/www.bagnoitalia.com\/es\/producto\/base-de-cubierta-a-medida-disponible-en-15-colores-con-o-sin-puertas.html\",\"name\":\"Base Complementaria Moderna Mf\",\"isPartOf\":{\"@id\":\"https:\/\/www.bagnoitalia.com\/es#website\"},\"primaryImageOfPage\":{\"@id\":\"https:\/\/www.bagnoitalia.com\/es\/producto\/base-de-cubierta-a-medida-disponible-en-15-colores-con-o-sin-puertas.html#primaryimage\"},\"image\":{\"@id\":\"https:\/\/www.bagnoitalia.com\/es\/producto\/base-de-cubierta-a-medida-disponible-en-15-colores-con-o-sin-puertas.html#primaryimage\"},\"thumbnailUrl\":\"https:\/\/img.bagnoitalia.com\/wp-content\/uploads\/virtuemart\/product\/custom-made-washing-machine-cover-base-1_1544460921_158.jpg\",\"datePublished\":\"2017-07-18T11:26:03+00:00\",\"dateModified\":\"2024-09-20T14:14:27+00:00\",\"description\":\"Moderna m\u00e1quina de recubrimiento de base complementaria disponible en 15 colores hechos a medida con puertas o abiertas.\",\"breadcrumb\":{\"@id\":\"https:\/\/www.bagnoitalia.com\/es\/producto\/base-de-cubierta-a-medida-disponible-en-15-colores-con-o-sin-puertas.html#breadcrumb\"},\"inLanguage\":\"es\",\"potentialAction\":[{\"@type\":\"ReadAction\",\"target\":[\"https:\/\/www.bagnoitalia.com\/es\/producto\/base-de-cubierta-a-medida-disponible-en-15-colores-con-o-sin-puertas.html\"]}]},{\"@type\":\"ImageObject\",\"inLanguage\":\"es\",\"@id\":\"https:\/\/www.bagnoitalia.com\/es\/producto\/base-de-cubierta-a-medida-disponible-en-15-colores-con-o-sin-puertas.html#primaryimage\",\"url\":\"https:\/\/img.bagnoitalia.com\/wp-content\/uploads\/virtuemart\/product\/custom-made-washing-machine-cover-base-1_1544460921_158.jpg\",\"contentUrl\":\"https:\/\/img.bagnoitalia.com\/wp-content\/uploads\/virtuemart\/product\/custom-made-washing-machine-cover-base-1_1544460921_158.jpg\",\"width\":419,\"height\":419},{\"@type\":\"BreadcrumbList\",\"@id\":\"https:\/\/www.bagnoitalia.com\/es\/producto\/base-de-cubierta-a-medida-disponible-en-15-colores-con-o-sin-puertas.html#breadcrumb\",\"itemListElement\":[{\"@type\":\"ListItem\",\"position\":1,\"name\":\"Home\",\"item\":\"https:\/\/www.bagnoitalia.com\/es\"},{\"@type\":\"ListItem\",\"position\":2,\"name\":\"Productos\",\"item\":\"https:\/\/www.bagnoitalia.com\/es\/shop\"},{\"@type\":\"ListItem\",\"position\":3,\"name\":\"Base cubierta para lavadora a medida disponible en 15 colores con o sin puertas BM017\"}]},{\"@type\":\"WebSite\",\"@id\":\"https:\/\/www.bagnoitalia.com\/es#website\",\"url\":\"https:\/\/www.bagnoitalia.com\/es\",\"name\":\"Bagno Italia\",\"description\":\"\",\"publisher\":{\"@id\":\"https:\/\/www.bagnoitalia.com\/es#organization\"},\"potentialAction\":[{\"@type\":\"SearchAction\",\"target\":{\"@type\":\"EntryPoint\",\"urlTemplate\":\"https:\/\/www.bagnoitalia.com\/es?s={search_term_string}\"},\"query-input\":{\"@type\":\"PropertyValueSpecification\",\"valueRequired\":true,\"valueName\":\"search_term_string\"}}],\"inLanguage\":\"es\"},{\"@type\":\"Organization\",\"@id\":\"https:\/\/www.bagnoitalia.com\/es#organization\",\"name\":\"Bagno Italia\",\"url\":\"https:\/\/www.bagnoitalia.com\/es\",\"logo\":{\"@type\":\"ImageObject\",\"inLanguage\":\"es\",\"@id\":\"https:\/\/www.bagnoitalia.com\/es#\/schema\/logo\/image\/\",\"url\":\"https:\/\/img.bagnoitalia.com\/wp-content\/uploads\/logo-bagnoitalia.webp\",\"contentUrl\":\"https:\/\/img.bagnoitalia.com\/wp-content\/uploads\/logo-bagnoitalia.webp\",\"width\":400,\"height\":70,\"caption\":\"Bagno Italia\"},\"image\":{\"@id\":\"https:\/\/www.bagnoitalia.com\/es#\/schema\/logo\/image\/\"}}]}<\/script>\n<!-- \/ Yoast SEO plugin. -->","yoast_head_json":{"title":"Base Complementaria Moderna Mf","description":"Moderna m\u00e1quina de recubrimiento de base complementaria disponible en 15 colores hechos a medida con puertas o abiertas.","robots":{"index":"index","follow":"follow","max-snippet":"max-snippet:-1","max-image-preview":"max-image-preview:large","max-video-preview":"max-video-preview:-1"},"canonical":"https:\/\/www.bagnoitalia.com\/es\/producto\/base-de-cubierta-a-medida-disponible-en-15-colores-con-o-sin-puertas.html","og_locale":"es_ES","og_type":"article","og_title":"Base Complementaria Moderna Mf","og_description":"Moderna m\u00e1quina de recubrimiento de base complementaria disponible en 15 colores hechos a medida con puertas o abiertas.","og_url":"https:\/\/www.bagnoitalia.com\/es\/producto\/base-de-cubierta-a-medida-disponible-en-15-colores-con-o-sin-puertas.html","og_site_name":"Bagno Italia","article_modified_time":"2024-09-20T14:14:27+00:00","og_image":[{"width":419,"height":419,"url":"https:\/\/img.bagnoitalia.com\/wp-content\/uploads\/virtuemart\/product\/custom-made-washing-machine-cover-base-1_1544460921_158.jpg","type":"image\/jpeg"}],"twitter_card":"summary_large_image","twitter_misc":{"Tiempo de lectura":"1 minuto"},"schema":{"@context":"https:\/\/schema.org","@graph":[{"@type":"WebPage","@id":"https:\/\/www.bagnoitalia.com\/es\/producto\/base-de-cubierta-a-medida-disponible-en-15-colores-con-o-sin-puertas.html","url":"https:\/\/www.bagnoitalia.com\/es\/producto\/base-de-cubierta-a-medida-disponible-en-15-colores-con-o-sin-puertas.html","name":"Base Complementaria Moderna Mf","isPartOf":{"@id":"https:\/\/www.bagnoitalia.com\/es#website"},"primaryImageOfPage":{"@id":"https:\/\/www.bagnoitalia.com\/es\/producto\/base-de-cubierta-a-medida-disponible-en-15-colores-con-o-sin-puertas.html#primaryimage"},"image":{"@id":"https:\/\/www.bagnoitalia.com\/es\/producto\/base-de-cubierta-a-medida-disponible-en-15-colores-con-o-sin-puertas.html#primaryimage"},"thumbnailUrl":"https:\/\/img.bagnoitalia.com\/wp-content\/uploads\/virtuemart\/product\/custom-made-washing-machine-cover-base-1_1544460921_158.jpg","datePublished":"2017-07-18T11:26:03+00:00","dateModified":"2024-09-20T14:14:27+00:00","description":"Moderna m\u00e1quina de recubrimiento de base complementaria disponible en 15 colores hechos a medida con puertas o abiertas.","breadcrumb":{"@id":"https:\/\/www.bagnoitalia.com\/es\/producto\/base-de-cubierta-a-medida-disponible-en-15-colores-con-o-sin-puertas.html#breadcrumb"},"inLanguage":"es","potentialAction":[{"@type":"ReadAction","target":["https:\/\/www.bagnoitalia.com\/es\/producto\/base-de-cubierta-a-medida-disponible-en-15-colores-con-o-sin-puertas.html"]}]},{"@type":"ImageObject","inLanguage":"es","@id":"https:\/\/www.bagnoitalia.com\/es\/producto\/base-de-cubierta-a-medida-disponible-en-15-colores-con-o-sin-puertas.html#primaryimage","url":"https:\/\/img.bagnoitalia.com\/wp-content\/uploads\/virtuemart\/product\/custom-made-washing-machine-cover-base-1_1544460921_158.jpg","contentUrl":"https:\/\/img.bagnoitalia.com\/wp-content\/uploads\/virtuemart\/product\/custom-made-washing-machine-cover-base-1_1544460921_158.jpg","width":419,"height":419},{"@type":"BreadcrumbList","@id":"https:\/\/www.bagnoitalia.com\/es\/producto\/base-de-cubierta-a-medida-disponible-en-15-colores-con-o-sin-puertas.html#breadcrumb","itemListElement":[{"@type":"ListItem","position":1,"name":"Home","item":"https:\/\/www.bagnoitalia.com\/es"},{"@type":"ListItem","position":2,"name":"Productos","item":"https:\/\/www.bagnoitalia.com\/es\/shop"},{"@type":"ListItem","position":3,"name":"Base cubierta para lavadora a medida disponible en 15 colores con o sin puertas BM017"}]},{"@type":"WebSite","@id":"https:\/\/www.bagnoitalia.com\/es#website","url":"https:\/\/www.bagnoitalia.com\/es","name":"Bagno Italia","description":"","publisher":{"@id":"https:\/\/www.bagnoitalia.com\/es#organization"},"potentialAction":[{"@type":"SearchAction","target":{"@type":"EntryPoint","urlTemplate":"https:\/\/www.bagnoitalia.com\/es?s={search_term_string}"},"query-input":{"@type":"PropertyValueSpecification","valueRequired":true,"valueName":"search_term_string"}}],"inLanguage":"es"},{"@type":"Organization","@id":"https:\/\/www.bagnoitalia.com\/es#organization","name":"Bagno Italia","url":"https:\/\/www.bagnoitalia.com\/es","logo":{"@type":"ImageObject","inLanguage":"es","@id":"https:\/\/www.bagnoitalia.com\/es#\/schema\/logo\/image\/","url":"https:\/\/img.bagnoitalia.com\/wp-content\/uploads\/logo-bagnoitalia.webp","contentUrl":"https:\/\/img.bagnoitalia.com\/wp-content\/uploads\/logo-bagnoitalia.webp","width":400,"height":70,"caption":"Bagno Italia"},"image":{"@id":"https:\/\/www.bagnoitalia.com\/es#\/schema\/logo\/image\/"}}]}},"_links":{"self":[{"href":"https:\/\/www.bagnoitalia.com\/es\/wp-json\/wp\/v2\/product\/80736","targetHints":{"allow":["GET"]}}],"collection":[{"href":"https:\/\/www.bagnoitalia.com\/es\/wp-json\/wp\/v2\/product"}],"about":[{"href":"https:\/\/www.bagnoitalia.com\/es\/wp-json\/wp\/v2\/types\/product"}],"replies":[{"embeddable":true,"href":"https:\/\/www.bagnoitalia.com\/es\/wp-json\/wp\/v2\/comments?post=80736"}],"version-history":[{"count":3,"href":"https:\/\/www.bagnoitalia.com\/es\/wp-json\/wp\/v2\/product\/80736\/revisions"}],"predecessor-version":[{"id":92089,"href":"https:\/\/www.bagnoitalia.com\/es\/wp-json\/wp\/v2\/product\/80736\/revisions\/92089"}],"wp:featuredmedia":[{"embeddable":true,"href":"https:\/\/www.bagnoitalia.com\/es\/wp-json\/wp\/v2\/media\/37290"}],"wp:attachment":[{"href":"https:\/\/www.bagnoitalia.com\/es\/wp-json\/wp\/v2\/media?parent=80736"}],"wp:term":[{"taxonomy":"product_brand","embeddable":true,"href":"https:\/\/www.bagnoitalia.com\/es\/wp-json\/wp\/v2\/product_brand?post=80736"},{"taxonomy":"product_cat","embeddable":true,"href":"https:\/\/www.bagnoitalia.com\/es\/wp-json\/wp\/v2\/product_cat?post=80736"},{"taxonomy":"product_tag","embeddable":true,"href":"https:\/\/www.bagnoitalia.com\/es\/wp-json\/wp\/v2\/product_tag?post=80736"}],"curies":[{"name":"wp","href":"https:\/\/api.w.org\/{rel}","templated":true}]}}