{"id":80684,"date":"2017-06-23T11:33:51","date_gmt":"2017-06-23T09:33:51","guid":{"rendered":"https:\/\/www.bagnoitalia.com\/product\/zapatero-de-madera-60x78-o-60x150-blanco-o-roble-claro-con-2-o-4-puertas-con-estampado-serigrafiado"},"modified":"2024-05-16T16:56:32","modified_gmt":"2024-05-16T14:56:32","slug":"zapatero-de-madera-60x78-o-60x150-blanco-o-roble-claro-con-2-o-4-puertas-con-estampado-serigrafiado","status":"publish","type":"product","link":"https:\/\/www.bagnoitalia.com\/es\/producto\/zapatero-de-madera-60x78-o-60x150-blanco-o-roble-claro-con-2-o-4-puertas-con-estampado-serigrafiado.html","title":{"rendered":"Mueble Zapatero en madera 60&#215;78 o 60&#215;150 blanco o roble claro con 2 o 4 puertas con estampado serigrafiado"},"content":{"rendered":"<p><span style=\"font-size: 12pt;\"><strong><span style=\"text-decoration: underline; color: #ff0000;\"><span style=\"font-size: 14pt;\">Mubele Zapatero en madera MDF en roble blanco claro o brillante con estampado serigrafiado<\/span><\/span> <br \/><\/strong><\/span><\/p>\n<\/p>\n<p><span style=\"text-decoration: underline;\"><strong><span style=\"font-size: 12pt;\">Caracter\u00edsticas:<\/span><\/strong><\/span><\/p>\n<p><span style=\"font-size: 12pt;\">Marco de madera MDF con estampado serigrafiado<\/span><\/p>\n<p><span style=\"font-size: 12pt;\">Colores disponibles: roble claro y blanco brillante.<\/span><\/p>\n<p><span style=\"font-size: 12pt;\">Medida: 60xH78x34 prof. compuesto de 2 puertas<\/span><\/p>\n<p><span style=\"font-size: 12pt;\">Medida: 60xH150x34 prof. compuesto de 4 puertas<\/span><\/p>\n<\/p>\n<p><span style=\"text-decoration: underline;\"><strong><span style=\"font-size: 12pt;\">Zapatero 60xH78x34 cm<\/span><\/strong><\/span><\/p>\n<\/p>\n<p><img fetchpriority=\"high\" decoding=\"async\" class=\" size-full wp-image-36974\" src=\"https:\/\/img.bagnoitalia.com\/wp-content\/uploads\/scarpiera-bianca-2-ante-60x34-bianco-lucido-con-disegno-chiusa-879165651.jpg\" alt=\"\" width=\"553\" height=\"553\" srcset=\"https:\/\/img.bagnoitalia.com\/wp-content\/uploads\/scarpiera-bianca-2-ante-60x34-bianco-lucido-con-disegno-chiusa-879165651.jpg 1200w, https:\/\/img.bagnoitalia.com\/wp-content\/uploads\/scarpiera-bianca-2-ante-60x34-bianco-lucido-con-disegno-chiusa-879165651-768x768.jpg 768w, https:\/\/img.bagnoitalia.com\/wp-content\/uploads\/scarpiera-bianca-2-ante-60x34-bianco-lucido-con-disegno-chiusa-879165651-990x990.jpg 990w, https:\/\/img.bagnoitalia.com\/wp-content\/uploads\/scarpiera-bianca-2-ante-60x34-bianco-lucido-con-disegno-chiusa-879165651-441x441.jpg 441w, https:\/\/img.bagnoitalia.com\/wp-content\/uploads\/scarpiera-bianca-2-ante-60x34-bianco-lucido-con-disegno-chiusa-879165651-100x100.jpg 100w, https:\/\/img.bagnoitalia.com\/wp-content\/uploads\/scarpiera-bianca-2-ante-60x34-bianco-lucido-con-disegno-chiusa-879165651-600x600.jpg 600w, https:\/\/img.bagnoitalia.com\/wp-content\/uploads\/scarpiera-bianca-2-ante-60x34-bianco-lucido-con-disegno-chiusa-879165651-150x150.jpg 150w\" sizes=\"(max-width: 553px) 100vw, 553px\" \/><\/p>\n<p>________________________________________________________________________________<\/p>\n<\/p>\n<p><span style=\"text-decoration: underline;\"><strong><span style=\"font-size: 12pt;\">Zapatero 60xH150x34 cm<\/span><\/strong><\/span><\/p>\n<\/p>\n<p><img decoding=\"async\" class=\" size-full wp-image-36978\" src=\"https:\/\/img.bagnoitalia.com\/wp-content\/uploads\/scarpiera-4-ante-60x34xh150-rovere-chiaro-con-disegno-chiusa-15417851.jpg\" alt=\"\" width=\"530\" height=\"468\" \/><\/p>\n<\/p>\n<p>___________________________________________________<\/p>\n","protected":false},"excerpt":{"rendered":"<p>Estante para zapatos de madera en tama\u00f1os 60&#215;78 o 60&#215;150 en roble blanco o claro con 2 o 4 puertas con un patr\u00f3n de serigraf\u00eda<\/p>\n","protected":false},"featured_media":36926,"comment_status":"open","ping_status":"closed","template":"","meta":[],"product_brand":[9917],"product_cat":[15],"product_tag":[],"class_list":{"0":"post-80684","1":"product","2":"type-product","3":"status-publish","4":"has-post-thumbnail","6":"product_brand-brand-store-es","7":"product_cat-senza-categoria","9":"first","10":"outofstock","11":"taxable","12":"shipping-taxable","13":"purchasable","14":"product-type-simple"},"exclude_global_add_ons":false,"addons":[{"name":"CAMPI_DIMENSIONI\r\n","type":"select","position":0,"required":true,"title_format":"label","default":"","description_enable":false,"description":"","placeholder_enable":false,"placeholder":"","display":"select","restrictions_type":"any_text","adjust_price":false,"price":"","price_type":"","restrictions":false,"min":"0","max":"0","options":[]},{"name":"CAMPI_COLORE\r\n","type":"select","position":0,"required":true,"title_format":"label","default":"","description_enable":false,"description":"","placeholder_enable":false,"placeholder":"","display":"select","restrictions_type":"any_text","adjust_price":false,"price":"","price_type":"","restrictions":false,"min":"0","max":"0","options":[]}],"yoast_head":"<!-- This site is optimized with the Yoast SEO plugin v26.7 - https:\/\/yoast.com\/wordpress\/plugins\/seo\/ -->\n<title>Zapatero de madera 60x78 o 60x150 blanco o roble claro con 2 o 4 puertas con estampado serigrafiado<\/title>\n<meta name=\"description\" content=\"Estante para zapatos de madera en tama\u00f1os 60x78 o 60x150 en roble blanco o claro con 2 o 4 puertas con un patr\u00f3n de serigraf\u00eda\" \/>\n<meta name=\"robots\" content=\"index, follow, max-snippet:-1, max-image-preview:large, max-video-preview:-1\" \/>\n<link rel=\"canonical\" href=\"https:\/\/www.bagnoitalia.com\/es\/producto\/zapatero-de-madera-60x78-o-60x150-blanco-o-roble-claro-con-2-o-4-puertas-con-estampado-serigrafiado.html\" \/>\n<meta property=\"og:locale\" content=\"es_ES\" \/>\n<meta property=\"og:type\" content=\"article\" \/>\n<meta property=\"og:title\" content=\"Zapatero de madera 60x78 o 60x150 blanco o roble claro con 2 o 4 puertas con estampado serigrafiado\" \/>\n<meta property=\"og:description\" content=\"Estante para zapatos de madera en tama\u00f1os 60x78 o 60x150 en roble blanco o claro con 2 o 4 puertas con un patr\u00f3n de serigraf\u00eda\" \/>\n<meta property=\"og:url\" content=\"https:\/\/www.bagnoitalia.com\/es\/producto\/zapatero-de-madera-60x78-o-60x150-blanco-o-roble-claro-con-2-o-4-puertas-con-estampado-serigrafiado.html\" \/>\n<meta property=\"og:site_name\" content=\"Bagno Italia\" \/>\n<meta property=\"article:modified_time\" content=\"2024-05-16T14:56:32+00:00\" \/>\n<meta property=\"og:image\" content=\"https:\/\/img.bagnoitalia.com\/wp-content\/uploads\/virtuemart\/product\/wooden-shoe-rock-2-or-4-doors-silk-printed-pattern-1_1544460526_724.jpg\" \/>\n\t<meta property=\"og:image:width\" content=\"500\" \/>\n\t<meta property=\"og:image:height\" content=\"500\" \/>\n\t<meta property=\"og:image:type\" content=\"image\/jpeg\" \/>\n<meta name=\"twitter:card\" content=\"summary_large_image\" \/>\n<script type=\"application\/ld+json\" class=\"yoast-schema-graph\">{\"@context\":\"https:\/\/schema.org\",\"@graph\":[{\"@type\":\"WebPage\",\"@id\":\"https:\/\/www.bagnoitalia.com\/es\/producto\/zapatero-de-madera-60x78-o-60x150-blanco-o-roble-claro-con-2-o-4-puertas-con-estampado-serigrafiado.html\",\"url\":\"https:\/\/www.bagnoitalia.com\/es\/producto\/zapatero-de-madera-60x78-o-60x150-blanco-o-roble-claro-con-2-o-4-puertas-con-estampado-serigrafiado.html\",\"name\":\"Zapatero de madera 60x78 o 60x150 blanco o roble claro con 2 o 4 puertas con estampado serigrafiado\",\"isPartOf\":{\"@id\":\"https:\/\/www.bagnoitalia.com\/es#website\"},\"primaryImageOfPage\":{\"@id\":\"https:\/\/www.bagnoitalia.com\/es\/producto\/zapatero-de-madera-60x78-o-60x150-blanco-o-roble-claro-con-2-o-4-puertas-con-estampado-serigrafiado.html#primaryimage\"},\"image\":{\"@id\":\"https:\/\/www.bagnoitalia.com\/es\/producto\/zapatero-de-madera-60x78-o-60x150-blanco-o-roble-claro-con-2-o-4-puertas-con-estampado-serigrafiado.html#primaryimage\"},\"thumbnailUrl\":\"https:\/\/img.bagnoitalia.com\/wp-content\/uploads\/virtuemart\/product\/wooden-shoe-rock-2-or-4-doors-silk-printed-pattern-1_1544460526_724.jpg\",\"datePublished\":\"2017-06-23T09:33:51+00:00\",\"dateModified\":\"2024-05-16T14:56:32+00:00\",\"description\":\"Estante para zapatos de madera en tama\u00f1os 60x78 o 60x150 en roble blanco o claro con 2 o 4 puertas con un patr\u00f3n de serigraf\u00eda\",\"breadcrumb\":{\"@id\":\"https:\/\/www.bagnoitalia.com\/es\/producto\/zapatero-de-madera-60x78-o-60x150-blanco-o-roble-claro-con-2-o-4-puertas-con-estampado-serigrafiado.html#breadcrumb\"},\"inLanguage\":\"es\",\"potentialAction\":[{\"@type\":\"ReadAction\",\"target\":[\"https:\/\/www.bagnoitalia.com\/es\/producto\/zapatero-de-madera-60x78-o-60x150-blanco-o-roble-claro-con-2-o-4-puertas-con-estampado-serigrafiado.html\"]}]},{\"@type\":\"ImageObject\",\"inLanguage\":\"es\",\"@id\":\"https:\/\/www.bagnoitalia.com\/es\/producto\/zapatero-de-madera-60x78-o-60x150-blanco-o-roble-claro-con-2-o-4-puertas-con-estampado-serigrafiado.html#primaryimage\",\"url\":\"https:\/\/img.bagnoitalia.com\/wp-content\/uploads\/virtuemart\/product\/wooden-shoe-rock-2-or-4-doors-silk-printed-pattern-1_1544460526_724.jpg\",\"contentUrl\":\"https:\/\/img.bagnoitalia.com\/wp-content\/uploads\/virtuemart\/product\/wooden-shoe-rock-2-or-4-doors-silk-printed-pattern-1_1544460526_724.jpg\",\"width\":500,\"height\":500},{\"@type\":\"BreadcrumbList\",\"@id\":\"https:\/\/www.bagnoitalia.com\/es\/producto\/zapatero-de-madera-60x78-o-60x150-blanco-o-roble-claro-con-2-o-4-puertas-con-estampado-serigrafiado.html#breadcrumb\",\"itemListElement\":[{\"@type\":\"ListItem\",\"position\":1,\"name\":\"Home\",\"item\":\"https:\/\/www.bagnoitalia.com\/es\"},{\"@type\":\"ListItem\",\"position\":2,\"name\":\"Productos\",\"item\":\"https:\/\/www.bagnoitalia.com\/es\/shop\"},{\"@type\":\"ListItem\",\"position\":3,\"name\":\"Mueble Zapatero en madera 60&#215;78 o 60&#215;150 blanco o roble claro con 2 o 4 puertas con estampado serigrafiado\"}]},{\"@type\":\"WebSite\",\"@id\":\"https:\/\/www.bagnoitalia.com\/es#website\",\"url\":\"https:\/\/www.bagnoitalia.com\/es\",\"name\":\"Bagno Italia\",\"description\":\"\",\"publisher\":{\"@id\":\"https:\/\/www.bagnoitalia.com\/es#organization\"},\"potentialAction\":[{\"@type\":\"SearchAction\",\"target\":{\"@type\":\"EntryPoint\",\"urlTemplate\":\"https:\/\/www.bagnoitalia.com\/es?s={search_term_string}\"},\"query-input\":{\"@type\":\"PropertyValueSpecification\",\"valueRequired\":true,\"valueName\":\"search_term_string\"}}],\"inLanguage\":\"es\"},{\"@type\":\"Organization\",\"@id\":\"https:\/\/www.bagnoitalia.com\/es#organization\",\"name\":\"Bagno Italia\",\"url\":\"https:\/\/www.bagnoitalia.com\/es\",\"logo\":{\"@type\":\"ImageObject\",\"inLanguage\":\"es\",\"@id\":\"https:\/\/www.bagnoitalia.com\/es#\/schema\/logo\/image\/\",\"url\":\"https:\/\/img.bagnoitalia.com\/wp-content\/uploads\/logo-bagnoitalia.webp\",\"contentUrl\":\"https:\/\/img.bagnoitalia.com\/wp-content\/uploads\/logo-bagnoitalia.webp\",\"width\":400,\"height\":70,\"caption\":\"Bagno Italia\"},\"image\":{\"@id\":\"https:\/\/www.bagnoitalia.com\/es#\/schema\/logo\/image\/\"}}]}<\/script>\n<!-- \/ Yoast SEO plugin. -->","yoast_head_json":{"title":"Zapatero de madera 60x78 o 60x150 blanco o roble claro con 2 o 4 puertas con estampado serigrafiado","description":"Estante para zapatos de madera en tama\u00f1os 60x78 o 60x150 en roble blanco o claro con 2 o 4 puertas con un patr\u00f3n de serigraf\u00eda","robots":{"index":"index","follow":"follow","max-snippet":"max-snippet:-1","max-image-preview":"max-image-preview:large","max-video-preview":"max-video-preview:-1"},"canonical":"https:\/\/www.bagnoitalia.com\/es\/producto\/zapatero-de-madera-60x78-o-60x150-blanco-o-roble-claro-con-2-o-4-puertas-con-estampado-serigrafiado.html","og_locale":"es_ES","og_type":"article","og_title":"Zapatero de madera 60x78 o 60x150 blanco o roble claro con 2 o 4 puertas con estampado serigrafiado","og_description":"Estante para zapatos de madera en tama\u00f1os 60x78 o 60x150 en roble blanco o claro con 2 o 4 puertas con un patr\u00f3n de serigraf\u00eda","og_url":"https:\/\/www.bagnoitalia.com\/es\/producto\/zapatero-de-madera-60x78-o-60x150-blanco-o-roble-claro-con-2-o-4-puertas-con-estampado-serigrafiado.html","og_site_name":"Bagno Italia","article_modified_time":"2024-05-16T14:56:32+00:00","og_image":[{"width":500,"height":500,"url":"https:\/\/img.bagnoitalia.com\/wp-content\/uploads\/virtuemart\/product\/wooden-shoe-rock-2-or-4-doors-silk-printed-pattern-1_1544460526_724.jpg","type":"image\/jpeg"}],"twitter_card":"summary_large_image","schema":{"@context":"https:\/\/schema.org","@graph":[{"@type":"WebPage","@id":"https:\/\/www.bagnoitalia.com\/es\/producto\/zapatero-de-madera-60x78-o-60x150-blanco-o-roble-claro-con-2-o-4-puertas-con-estampado-serigrafiado.html","url":"https:\/\/www.bagnoitalia.com\/es\/producto\/zapatero-de-madera-60x78-o-60x150-blanco-o-roble-claro-con-2-o-4-puertas-con-estampado-serigrafiado.html","name":"Zapatero de madera 60x78 o 60x150 blanco o roble claro con 2 o 4 puertas con estampado serigrafiado","isPartOf":{"@id":"https:\/\/www.bagnoitalia.com\/es#website"},"primaryImageOfPage":{"@id":"https:\/\/www.bagnoitalia.com\/es\/producto\/zapatero-de-madera-60x78-o-60x150-blanco-o-roble-claro-con-2-o-4-puertas-con-estampado-serigrafiado.html#primaryimage"},"image":{"@id":"https:\/\/www.bagnoitalia.com\/es\/producto\/zapatero-de-madera-60x78-o-60x150-blanco-o-roble-claro-con-2-o-4-puertas-con-estampado-serigrafiado.html#primaryimage"},"thumbnailUrl":"https:\/\/img.bagnoitalia.com\/wp-content\/uploads\/virtuemart\/product\/wooden-shoe-rock-2-or-4-doors-silk-printed-pattern-1_1544460526_724.jpg","datePublished":"2017-06-23T09:33:51+00:00","dateModified":"2024-05-16T14:56:32+00:00","description":"Estante para zapatos de madera en tama\u00f1os 60x78 o 60x150 en roble blanco o claro con 2 o 4 puertas con un patr\u00f3n de serigraf\u00eda","breadcrumb":{"@id":"https:\/\/www.bagnoitalia.com\/es\/producto\/zapatero-de-madera-60x78-o-60x150-blanco-o-roble-claro-con-2-o-4-puertas-con-estampado-serigrafiado.html#breadcrumb"},"inLanguage":"es","potentialAction":[{"@type":"ReadAction","target":["https:\/\/www.bagnoitalia.com\/es\/producto\/zapatero-de-madera-60x78-o-60x150-blanco-o-roble-claro-con-2-o-4-puertas-con-estampado-serigrafiado.html"]}]},{"@type":"ImageObject","inLanguage":"es","@id":"https:\/\/www.bagnoitalia.com\/es\/producto\/zapatero-de-madera-60x78-o-60x150-blanco-o-roble-claro-con-2-o-4-puertas-con-estampado-serigrafiado.html#primaryimage","url":"https:\/\/img.bagnoitalia.com\/wp-content\/uploads\/virtuemart\/product\/wooden-shoe-rock-2-or-4-doors-silk-printed-pattern-1_1544460526_724.jpg","contentUrl":"https:\/\/img.bagnoitalia.com\/wp-content\/uploads\/virtuemart\/product\/wooden-shoe-rock-2-or-4-doors-silk-printed-pattern-1_1544460526_724.jpg","width":500,"height":500},{"@type":"BreadcrumbList","@id":"https:\/\/www.bagnoitalia.com\/es\/producto\/zapatero-de-madera-60x78-o-60x150-blanco-o-roble-claro-con-2-o-4-puertas-con-estampado-serigrafiado.html#breadcrumb","itemListElement":[{"@type":"ListItem","position":1,"name":"Home","item":"https:\/\/www.bagnoitalia.com\/es"},{"@type":"ListItem","position":2,"name":"Productos","item":"https:\/\/www.bagnoitalia.com\/es\/shop"},{"@type":"ListItem","position":3,"name":"Mueble Zapatero en madera 60&#215;78 o 60&#215;150 blanco o roble claro con 2 o 4 puertas con estampado serigrafiado"}]},{"@type":"WebSite","@id":"https:\/\/www.bagnoitalia.com\/es#website","url":"https:\/\/www.bagnoitalia.com\/es","name":"Bagno Italia","description":"","publisher":{"@id":"https:\/\/www.bagnoitalia.com\/es#organization"},"potentialAction":[{"@type":"SearchAction","target":{"@type":"EntryPoint","urlTemplate":"https:\/\/www.bagnoitalia.com\/es?s={search_term_string}"},"query-input":{"@type":"PropertyValueSpecification","valueRequired":true,"valueName":"search_term_string"}}],"inLanguage":"es"},{"@type":"Organization","@id":"https:\/\/www.bagnoitalia.com\/es#organization","name":"Bagno Italia","url":"https:\/\/www.bagnoitalia.com\/es","logo":{"@type":"ImageObject","inLanguage":"es","@id":"https:\/\/www.bagnoitalia.com\/es#\/schema\/logo\/image\/","url":"https:\/\/img.bagnoitalia.com\/wp-content\/uploads\/logo-bagnoitalia.webp","contentUrl":"https:\/\/img.bagnoitalia.com\/wp-content\/uploads\/logo-bagnoitalia.webp","width":400,"height":70,"caption":"Bagno Italia"},"image":{"@id":"https:\/\/www.bagnoitalia.com\/es#\/schema\/logo\/image\/"}}]}},"_links":{"self":[{"href":"https:\/\/www.bagnoitalia.com\/es\/wp-json\/wp\/v2\/product\/80684","targetHints":{"allow":["GET"]}}],"collection":[{"href":"https:\/\/www.bagnoitalia.com\/es\/wp-json\/wp\/v2\/product"}],"about":[{"href":"https:\/\/www.bagnoitalia.com\/es\/wp-json\/wp\/v2\/types\/product"}],"replies":[{"embeddable":true,"href":"https:\/\/www.bagnoitalia.com\/es\/wp-json\/wp\/v2\/comments?post=80684"}],"version-history":[{"count":0,"href":"https:\/\/www.bagnoitalia.com\/es\/wp-json\/wp\/v2\/product\/80684\/revisions"}],"wp:featuredmedia":[{"embeddable":true,"href":"https:\/\/www.bagnoitalia.com\/es\/wp-json\/wp\/v2\/media\/36926"}],"wp:attachment":[{"href":"https:\/\/www.bagnoitalia.com\/es\/wp-json\/wp\/v2\/media?parent=80684"}],"wp:term":[{"taxonomy":"product_brand","embeddable":true,"href":"https:\/\/www.bagnoitalia.com\/es\/wp-json\/wp\/v2\/product_brand?post=80684"},{"taxonomy":"product_cat","embeddable":true,"href":"https:\/\/www.bagnoitalia.com\/es\/wp-json\/wp\/v2\/product_cat?post=80684"},{"taxonomy":"product_tag","embeddable":true,"href":"https:\/\/www.bagnoitalia.com\/es\/wp-json\/wp\/v2\/product_tag?post=80684"}],"curies":[{"name":"wp","href":"https:\/\/api.w.org\/{rel}","templated":true}]}}