{"id":80668,"date":"2017-06-13T14:42:50","date_gmt":"2017-06-13T12:42:50","guid":{"rendered":"https:\/\/www.bagnoitalia.com\/product\/libro-de-ducha-simple-puerta-cristal-transparente-h195-8mm-en-diferentes-tamanos-pr024"},"modified":"2025-06-14T02:20:12","modified_gmt":"2025-06-14T00:20:12","slug":"libro-de-ducha-simple-puerta-cristal-transparente-h195-8mm-en-diferentes-tamanos-pr024","status":"publish","type":"product","link":"https:\/\/www.bagnoitalia.com\/es\/producto\/libro-de-ducha-simple-puerta-cristal-transparente-h195-8mm-en-diferentes-tamanos-pr024.html","title":{"rendered":"Puerta de Ducha con apertura de libro, en  cristal transparente H195 8mm, en diferentes tama\u00f1os PR024"},"content":{"rendered":"<p style=\"margin-bottom: 0cm;\"><strong><span style=\"color: #ff0000;\"><span style=\"font-size: large;\"><span style=\"text-decoration: underline;\">Puerta de ducha en cristal transparente modelo 8mm PR024<\/span><\/span><\/span><\/strong><\/p>\n<p style=\"margin-bottom: 0cm;\"><strong><span style=\"font-size: medium;\"><span style=\"text-decoration: underline;\">Caracter\u00edsticas t\u00e9cnicas:<\/span><\/span><\/strong><\/p>\n<ul>\n<li>\n<p style=\"margin-bottom: 0cm;\"><span style=\"font-size: medium;\">Puerta de ducha abatible con vidrio transparente de 8 mm de espesor.<\/span><\/p>\n<\/li>\n<li>\n<p style=\"margin-bottom: 0cm;\"><span style=\"font-size: medium;\">Altura de la puerta: 195 cm.<\/span><\/p>\n<\/li>\n<li>\n<p style=\"margin-bottom: 0cm;\"><span style=\"font-size: medium;\">Puerta de ducha compuesta por 2 puertas plegables, plegables hacia el interior o exterior.<\/span><\/p>\n<\/li>\n<li>\n<p style=\"margin-bottom: 0cm;\"><span style=\"font-size: medium;\">Mango de zinc cromado<\/span><\/p>\n<\/li>\n<li>\n<p style=\"margin-bottom: 0cm;\"><span style=\"font-size: medium;\">Tallas disponibles: desde 70,80 y 100 cm.<\/span><\/p>\n<\/li>\n<li>\n<p style=\"margin-bottom: 0cm;\"><span style=\"font-size: 12pt;\">La puerta se puede instalar a ras del suelo.<\/span><\/p>\n<\/li>\n<li>\n<p style=\"margin-bottom: 0cm;\"><span style=\"font-size: medium;\">Puerta de ducha con junta en la parte inferior.<\/span><\/p>\n<\/li>\n<li>\n<p style=\"margin-bottom: 0cm;\"><span style=\"font-size: medium;\">Puerta con tolerancia de 2 cm menos por lado (p. Ej., Puerta de 90 cm, ajustable de 88 a 90 cm)<\/span><\/p>\n<\/li>\n<li>\n<p style=\"margin-bottom: 0cm;\"><span style=\"font-size: medium;\">Es posible agregar un perfil de compensaci\u00f3n (a trav\u00e9s del men\u00fa de la derecha)<\/span><\/p>\n<\/li>\n<li>\n<p style=\"margin-bottom: 0cm;\"><span style=\"font-size: medium;\">Puerta de ducha reversible<\/span><\/p>\n<\/li>\n<li>\n<p style=\"margin-bottom: 0cm;\"><span style=\"font-size: medium;\">Plato de ducha no incluido en el precio de venta.<br \/>\n<\/span><\/p>\n<\/li>\n<li><span style=\"font-size: medium;\">Sin perfil pero con junta de agua.<\/span><\/li>\n<\/ul>\n<p style=\"margin-bottom: 0cm;\"><span style=\"font-size: 12pt;\"><strong>Medir la adaptabilidad Medir la entrada de la puerta<\/strong><\/span><\/p>\n<p style=\"margin-bottom: 0cm;\"><span style=\"font-size: 12pt;\">70 cm 68-70 cm 58.5 cm<\/span><\/p>\n<p style=\"margin-bottom: 0cm;\"><span style=\"font-size: 12pt;\">80 cm 78-80 cm 68.5 cm<\/span><\/p>\n<p style=\"margin-bottom: 0cm;\"><span style=\"font-size: 12pt;\">90 cm 88-90 cm 78.5 cm<\/span><\/p>\n<p style=\"margin-bottom: 0cm;\"><span style=\"font-size: 12pt;\">100 cm 98-100 cm 88.5 cm<\/span><\/p>\n","protected":false},"excerpt":{"rendered":"<p>Puerta de ducha apertura plegable individual, en cristal transparente de 8 mm modelo PR024<\/p>\n","protected":false},"featured_media":36818,"comment_status":"open","ping_status":"closed","template":"","meta":[],"product_brand":[5008],"product_cat":[9833,9729],"product_tag":[],"class_list":{"0":"post-80668","1":"product","2":"type-product","3":"status-publish","4":"has-post-thumbnail","6":"product_brand-idrom","7":"product_cat-puerta-de-ducha-plegable-puertas-de-ducha","8":"product_cat-puertas-de-ducha","10":"first","11":"instock","12":"sale","13":"taxable","14":"shipping-taxable","15":"purchasable","16":"product-type-simple"},"exclude_global_add_ons":false,"addons":[{"name":"Puerta de ducha","type":"multiple_choice","position":0,"required":true,"title_format":"heading","default":"","description_enable":false,"description":"","placeholder_enable":false,"placeholder":"","display":"select","restrictions_type":"any_text","adjust_price":false,"price":"","price_type":"flat_fee","restrictions":false,"min":"0","max":"0","options":[{"label":"60 cm","price":"","price_type":"quantity_based","image":0,"visibility":true},{"label":"70 cm","price":"16","price_type":"quantity_based","image":0,"visibility":true},{"label":"80 cm","price":"30","price_type":"quantity_based","image":0,"visibility":true},{"label":"90 cm","price":"50","price_type":"quantity_based","image":0,"visibility":true},{"label":"100 cm","price":"66","price_type":"quantity_based","image":0,"visibility":true}],"id":1716997553},{"name":"Perfil de compensaci\u00f3n","type":"multiple_choice","position":1,"required":true,"title_format":"heading","default":"","description_enable":false,"description":"","placeholder_enable":false,"placeholder":"","display":"select","restrictions_type":"any_text","adjust_price":false,"price":"","price_type":"flat_fee","restrictions":false,"min":"0","max":"0","options":[{"label":"Sin perfil","price":"","price_type":"quantity_based","image":0,"visibility":true},{"label":"1 perfil de compensaci\u00f3n 3 cm","price":"36","price_type":"quantity_based","image":0,"visibility":true}],"id":1716997554}],"yoast_head":"<!-- This site is optimized with the Yoast SEO plugin v26.7 - https:\/\/yoast.com\/wordpress\/plugins\/seo\/ -->\n<title>Ducha de una puerta libro transparente cristal 8mm PR024<\/title>\n<meta name=\"description\" content=\"Libro de apertura de puertas de ducha en cristal transparente modelo PR024 de 8 mm.\" \/>\n<meta name=\"robots\" content=\"index, follow, max-snippet:-1, max-image-preview:large, max-video-preview:-1\" \/>\n<link rel=\"canonical\" href=\"https:\/\/www.bagnoitalia.com\/es\/producto\/libro-de-ducha-simple-puerta-cristal-transparente-h195-8mm-en-diferentes-tamanos-pr024.html\" \/>\n<meta property=\"og:locale\" content=\"es_ES\" \/>\n<meta property=\"og:type\" content=\"article\" \/>\n<meta property=\"og:title\" content=\"Ducha de una puerta libro transparente cristal 8mm PR024\" \/>\n<meta property=\"og:description\" content=\"Libro de apertura de puertas de ducha en cristal transparente modelo PR024 de 8 mm.\" \/>\n<meta property=\"og:url\" content=\"https:\/\/www.bagnoitalia.com\/es\/producto\/libro-de-ducha-simple-puerta-cristal-transparente-h195-8mm-en-diferentes-tamanos-pr024.html\" \/>\n<meta property=\"og:site_name\" content=\"Bagno Italia\" \/>\n<meta property=\"article:modified_time\" content=\"2025-06-14T00:20:12+00:00\" \/>\n<meta property=\"og:image\" content=\"https:\/\/img.bagnoitalia.com\/wp-content\/uploads\/virtuemart\/product\/single-shower-bifold-door-195h-pr024-1_1543842708_163.jpg\" \/>\n\t<meta property=\"og:image:width\" content=\"505\" \/>\n\t<meta property=\"og:image:height\" content=\"505\" \/>\n\t<meta property=\"og:image:type\" content=\"image\/jpeg\" \/>\n<meta name=\"twitter:card\" content=\"summary_large_image\" \/>\n<meta name=\"twitter:label1\" content=\"Tiempo de lectura\" \/>\n\t<meta name=\"twitter:data1\" content=\"1 minuto\" \/>\n<script type=\"application\/ld+json\" class=\"yoast-schema-graph\">{\"@context\":\"https:\/\/schema.org\",\"@graph\":[{\"@type\":\"WebPage\",\"@id\":\"https:\/\/www.bagnoitalia.com\/es\/producto\/libro-de-ducha-simple-puerta-cristal-transparente-h195-8mm-en-diferentes-tamanos-pr024.html\",\"url\":\"https:\/\/www.bagnoitalia.com\/es\/producto\/libro-de-ducha-simple-puerta-cristal-transparente-h195-8mm-en-diferentes-tamanos-pr024.html\",\"name\":\"Ducha de una puerta libro transparente cristal 8mm PR024\",\"isPartOf\":{\"@id\":\"https:\/\/www.bagnoitalia.com\/es#website\"},\"primaryImageOfPage\":{\"@id\":\"https:\/\/www.bagnoitalia.com\/es\/producto\/libro-de-ducha-simple-puerta-cristal-transparente-h195-8mm-en-diferentes-tamanos-pr024.html#primaryimage\"},\"image\":{\"@id\":\"https:\/\/www.bagnoitalia.com\/es\/producto\/libro-de-ducha-simple-puerta-cristal-transparente-h195-8mm-en-diferentes-tamanos-pr024.html#primaryimage\"},\"thumbnailUrl\":\"https:\/\/img.bagnoitalia.com\/wp-content\/uploads\/virtuemart\/product\/single-shower-bifold-door-195h-pr024-1_1543842708_163.jpg\",\"datePublished\":\"2017-06-13T12:42:50+00:00\",\"dateModified\":\"2025-06-14T00:20:12+00:00\",\"description\":\"Libro de apertura de puertas de ducha en cristal transparente modelo PR024 de 8 mm.\",\"breadcrumb\":{\"@id\":\"https:\/\/www.bagnoitalia.com\/es\/producto\/libro-de-ducha-simple-puerta-cristal-transparente-h195-8mm-en-diferentes-tamanos-pr024.html#breadcrumb\"},\"inLanguage\":\"es\",\"potentialAction\":[{\"@type\":\"ReadAction\",\"target\":[\"https:\/\/www.bagnoitalia.com\/es\/producto\/libro-de-ducha-simple-puerta-cristal-transparente-h195-8mm-en-diferentes-tamanos-pr024.html\"]}]},{\"@type\":\"ImageObject\",\"inLanguage\":\"es\",\"@id\":\"https:\/\/www.bagnoitalia.com\/es\/producto\/libro-de-ducha-simple-puerta-cristal-transparente-h195-8mm-en-diferentes-tamanos-pr024.html#primaryimage\",\"url\":\"https:\/\/img.bagnoitalia.com\/wp-content\/uploads\/virtuemart\/product\/single-shower-bifold-door-195h-pr024-1_1543842708_163.jpg\",\"contentUrl\":\"https:\/\/img.bagnoitalia.com\/wp-content\/uploads\/virtuemart\/product\/single-shower-bifold-door-195h-pr024-1_1543842708_163.jpg\",\"width\":505,\"height\":505},{\"@type\":\"BreadcrumbList\",\"@id\":\"https:\/\/www.bagnoitalia.com\/es\/producto\/libro-de-ducha-simple-puerta-cristal-transparente-h195-8mm-en-diferentes-tamanos-pr024.html#breadcrumb\",\"itemListElement\":[{\"@type\":\"ListItem\",\"position\":1,\"name\":\"Home\",\"item\":\"https:\/\/www.bagnoitalia.com\/es\"},{\"@type\":\"ListItem\",\"position\":2,\"name\":\"Productos\",\"item\":\"https:\/\/www.bagnoitalia.com\/es\/shop\"},{\"@type\":\"ListItem\",\"position\":3,\"name\":\"Puerta de Ducha con apertura de libro, en cristal transparente H195 8mm, en diferentes tama\u00f1os PR024\"}]},{\"@type\":\"WebSite\",\"@id\":\"https:\/\/www.bagnoitalia.com\/es#website\",\"url\":\"https:\/\/www.bagnoitalia.com\/es\",\"name\":\"Bagno Italia\",\"description\":\"\",\"publisher\":{\"@id\":\"https:\/\/www.bagnoitalia.com\/es#organization\"},\"potentialAction\":[{\"@type\":\"SearchAction\",\"target\":{\"@type\":\"EntryPoint\",\"urlTemplate\":\"https:\/\/www.bagnoitalia.com\/es?s={search_term_string}\"},\"query-input\":{\"@type\":\"PropertyValueSpecification\",\"valueRequired\":true,\"valueName\":\"search_term_string\"}}],\"inLanguage\":\"es\"},{\"@type\":\"Organization\",\"@id\":\"https:\/\/www.bagnoitalia.com\/es#organization\",\"name\":\"Bagno Italia\",\"url\":\"https:\/\/www.bagnoitalia.com\/es\",\"logo\":{\"@type\":\"ImageObject\",\"inLanguage\":\"es\",\"@id\":\"https:\/\/www.bagnoitalia.com\/es#\/schema\/logo\/image\/\",\"url\":\"https:\/\/img.bagnoitalia.com\/wp-content\/uploads\/logo-bagnoitalia.webp\",\"contentUrl\":\"https:\/\/img.bagnoitalia.com\/wp-content\/uploads\/logo-bagnoitalia.webp\",\"width\":400,\"height\":70,\"caption\":\"Bagno Italia\"},\"image\":{\"@id\":\"https:\/\/www.bagnoitalia.com\/es#\/schema\/logo\/image\/\"}}]}<\/script>\n<!-- \/ Yoast SEO plugin. -->","yoast_head_json":{"title":"Ducha de una puerta libro transparente cristal 8mm PR024","description":"Libro de apertura de puertas de ducha en cristal transparente modelo PR024 de 8 mm.","robots":{"index":"index","follow":"follow","max-snippet":"max-snippet:-1","max-image-preview":"max-image-preview:large","max-video-preview":"max-video-preview:-1"},"canonical":"https:\/\/www.bagnoitalia.com\/es\/producto\/libro-de-ducha-simple-puerta-cristal-transparente-h195-8mm-en-diferentes-tamanos-pr024.html","og_locale":"es_ES","og_type":"article","og_title":"Ducha de una puerta libro transparente cristal 8mm PR024","og_description":"Libro de apertura de puertas de ducha en cristal transparente modelo PR024 de 8 mm.","og_url":"https:\/\/www.bagnoitalia.com\/es\/producto\/libro-de-ducha-simple-puerta-cristal-transparente-h195-8mm-en-diferentes-tamanos-pr024.html","og_site_name":"Bagno Italia","article_modified_time":"2025-06-14T00:20:12+00:00","og_image":[{"width":505,"height":505,"url":"https:\/\/img.bagnoitalia.com\/wp-content\/uploads\/virtuemart\/product\/single-shower-bifold-door-195h-pr024-1_1543842708_163.jpg","type":"image\/jpeg"}],"twitter_card":"summary_large_image","twitter_misc":{"Tiempo de lectura":"1 minuto"},"schema":{"@context":"https:\/\/schema.org","@graph":[{"@type":"WebPage","@id":"https:\/\/www.bagnoitalia.com\/es\/producto\/libro-de-ducha-simple-puerta-cristal-transparente-h195-8mm-en-diferentes-tamanos-pr024.html","url":"https:\/\/www.bagnoitalia.com\/es\/producto\/libro-de-ducha-simple-puerta-cristal-transparente-h195-8mm-en-diferentes-tamanos-pr024.html","name":"Ducha de una puerta libro transparente cristal 8mm PR024","isPartOf":{"@id":"https:\/\/www.bagnoitalia.com\/es#website"},"primaryImageOfPage":{"@id":"https:\/\/www.bagnoitalia.com\/es\/producto\/libro-de-ducha-simple-puerta-cristal-transparente-h195-8mm-en-diferentes-tamanos-pr024.html#primaryimage"},"image":{"@id":"https:\/\/www.bagnoitalia.com\/es\/producto\/libro-de-ducha-simple-puerta-cristal-transparente-h195-8mm-en-diferentes-tamanos-pr024.html#primaryimage"},"thumbnailUrl":"https:\/\/img.bagnoitalia.com\/wp-content\/uploads\/virtuemart\/product\/single-shower-bifold-door-195h-pr024-1_1543842708_163.jpg","datePublished":"2017-06-13T12:42:50+00:00","dateModified":"2025-06-14T00:20:12+00:00","description":"Libro de apertura de puertas de ducha en cristal transparente modelo PR024 de 8 mm.","breadcrumb":{"@id":"https:\/\/www.bagnoitalia.com\/es\/producto\/libro-de-ducha-simple-puerta-cristal-transparente-h195-8mm-en-diferentes-tamanos-pr024.html#breadcrumb"},"inLanguage":"es","potentialAction":[{"@type":"ReadAction","target":["https:\/\/www.bagnoitalia.com\/es\/producto\/libro-de-ducha-simple-puerta-cristal-transparente-h195-8mm-en-diferentes-tamanos-pr024.html"]}]},{"@type":"ImageObject","inLanguage":"es","@id":"https:\/\/www.bagnoitalia.com\/es\/producto\/libro-de-ducha-simple-puerta-cristal-transparente-h195-8mm-en-diferentes-tamanos-pr024.html#primaryimage","url":"https:\/\/img.bagnoitalia.com\/wp-content\/uploads\/virtuemart\/product\/single-shower-bifold-door-195h-pr024-1_1543842708_163.jpg","contentUrl":"https:\/\/img.bagnoitalia.com\/wp-content\/uploads\/virtuemart\/product\/single-shower-bifold-door-195h-pr024-1_1543842708_163.jpg","width":505,"height":505},{"@type":"BreadcrumbList","@id":"https:\/\/www.bagnoitalia.com\/es\/producto\/libro-de-ducha-simple-puerta-cristal-transparente-h195-8mm-en-diferentes-tamanos-pr024.html#breadcrumb","itemListElement":[{"@type":"ListItem","position":1,"name":"Home","item":"https:\/\/www.bagnoitalia.com\/es"},{"@type":"ListItem","position":2,"name":"Productos","item":"https:\/\/www.bagnoitalia.com\/es\/shop"},{"@type":"ListItem","position":3,"name":"Puerta de Ducha con apertura de libro, en cristal transparente H195 8mm, en diferentes tama\u00f1os PR024"}]},{"@type":"WebSite","@id":"https:\/\/www.bagnoitalia.com\/es#website","url":"https:\/\/www.bagnoitalia.com\/es","name":"Bagno Italia","description":"","publisher":{"@id":"https:\/\/www.bagnoitalia.com\/es#organization"},"potentialAction":[{"@type":"SearchAction","target":{"@type":"EntryPoint","urlTemplate":"https:\/\/www.bagnoitalia.com\/es?s={search_term_string}"},"query-input":{"@type":"PropertyValueSpecification","valueRequired":true,"valueName":"search_term_string"}}],"inLanguage":"es"},{"@type":"Organization","@id":"https:\/\/www.bagnoitalia.com\/es#organization","name":"Bagno Italia","url":"https:\/\/www.bagnoitalia.com\/es","logo":{"@type":"ImageObject","inLanguage":"es","@id":"https:\/\/www.bagnoitalia.com\/es#\/schema\/logo\/image\/","url":"https:\/\/img.bagnoitalia.com\/wp-content\/uploads\/logo-bagnoitalia.webp","contentUrl":"https:\/\/img.bagnoitalia.com\/wp-content\/uploads\/logo-bagnoitalia.webp","width":400,"height":70,"caption":"Bagno Italia"},"image":{"@id":"https:\/\/www.bagnoitalia.com\/es#\/schema\/logo\/image\/"}}]}},"_links":{"self":[{"href":"https:\/\/www.bagnoitalia.com\/es\/wp-json\/wp\/v2\/product\/80668","targetHints":{"allow":["GET"]}}],"collection":[{"href":"https:\/\/www.bagnoitalia.com\/es\/wp-json\/wp\/v2\/product"}],"about":[{"href":"https:\/\/www.bagnoitalia.com\/es\/wp-json\/wp\/v2\/types\/product"}],"replies":[{"embeddable":true,"href":"https:\/\/www.bagnoitalia.com\/es\/wp-json\/wp\/v2\/comments?post=80668"}],"version-history":[{"count":1,"href":"https:\/\/www.bagnoitalia.com\/es\/wp-json\/wp\/v2\/product\/80668\/revisions"}],"predecessor-version":[{"id":88849,"href":"https:\/\/www.bagnoitalia.com\/es\/wp-json\/wp\/v2\/product\/80668\/revisions\/88849"}],"wp:featuredmedia":[{"embeddable":true,"href":"https:\/\/www.bagnoitalia.com\/es\/wp-json\/wp\/v2\/media\/36818"}],"wp:attachment":[{"href":"https:\/\/www.bagnoitalia.com\/es\/wp-json\/wp\/v2\/media?parent=80668"}],"wp:term":[{"taxonomy":"product_brand","embeddable":true,"href":"https:\/\/www.bagnoitalia.com\/es\/wp-json\/wp\/v2\/product_brand?post=80668"},{"taxonomy":"product_cat","embeddable":true,"href":"https:\/\/www.bagnoitalia.com\/es\/wp-json\/wp\/v2\/product_cat?post=80668"},{"taxonomy":"product_tag","embeddable":true,"href":"https:\/\/www.bagnoitalia.com\/es\/wp-json\/wp\/v2\/product_tag?post=80668"}],"curies":[{"name":"wp","href":"https:\/\/api.w.org\/{rel}","templated":true}]}}