{"id":80664,"date":"2017-06-12T15:26:18","date_gmt":"2017-06-12T13:26:18","guid":{"rendered":"https:\/\/www.bagnoitalia.com\/product\/cabina-de-ducha-puerta-lateral-corredera-de-vidrio-transparente-de-8-lados-sistema-de-cierre-suave-anti-cal-de-8-mm-box049"},"modified":"2024-05-29T16:50:18","modified_gmt":"2024-05-29T14:50:18","slug":"cabina-de-ducha-puerta-lateral-corredera-de-vidrio-transparente-de-8-lados-sistema-de-cierre-suave-anti-cal-de-8-mm-box049","status":"publish","type":"product","link":"https:\/\/www.bagnoitalia.com\/es\/producto\/cabina-de-ducha-puerta-lateral-corredera-de-vidrio-transparente-de-8-lados-sistema-de-cierre-suave-anti-cal-de-8-mm-box049.html","title":{"rendered":"Cabina de ducha 3 Lados, Puerta corrediza de vidrio transparente de 8 mm, tratamiento anti-cal, Sistema de cierre suave  de 8 mm BOX049"},"content":{"rendered":"<p style=\"margin-bottom: 0cm;\"><span style=\"font-size: 14pt;\"><strong><span style=\"color: #ff0000;\"><span style=\"font-size: large;\"><span style=\"text-decoration: underline;\">Cabina de ducha 3 lados para el centro de la habitaci\u00f3n con puerta corrediza de vidrio transparente Tratamiento antical de 8 mm con cierre suave BOX049<\/span><\/span><\/span><\/strong><\/span><\/p>\n<p style=\"margin-bottom: 0cm;\"><span style=\"font-size: 12pt;\"><strong><span style=\"font-size: medium;\"><span style=\"text-decoration: underline;\">Caracter\u00edsticas tecnicas<\/span><\/span><\/strong><\/span><\/p>\n<ul>\n<li>\n<p style=\"margin-bottom: 0cm;\"><span style=\"font-size: 12pt;\">Cabina de ducha con vidrio transparente de 8mm de espesor.<\/span><\/p>\n<\/li>\n<li>\n<p style=\"margin-bottom: 0cm;\"><span style=\"font-size: 12pt;\">Altura 195 cm<\/span><\/p>\n<\/li>\n<li>\n<p style=\"margin-bottom: 0cm;\"><span style=\"font-size: 12pt;\">Puerta disponible en tama\u00f1os 90,100,110,120,130 y 140 cm.<\/span><\/p>\n<\/li>\n<li>\n<p style=\"margin-bottom: 0cm;\"><span style=\"font-size: 12pt;\">Lado fijo y segundo lado fijo disponibles en tama\u00f1os de 70 y 80 cm.<\/span><\/p>\n<\/li>\n<li>\n<p style=\"margin-bottom: 0cm;\"><span style=\"font-size: 12pt;\">Puerta con puerta corredera equipada con cierre suave (o ralentizado)<\/span><\/p>\n<\/li>\n<li>\n<p style=\"margin-bottom: 0cm;\"><span style=\"font-size: 12pt;\">Tratamiento anti-incrustante presente solo en la puerta y en el lado fijo.<\/span><\/p>\n<\/li>\n<li>\n<p style=\"margin-bottom: 0cm;\"><span style=\"font-size: 12pt;\">Cabina de ducha reversible<\/span><\/p>\n<\/li>\n<li>\n<p style=\"margin-bottom: 0cm;\"><span style=\"font-size: 12pt;\">Barras superiores y perfiles de pared en aluminio cromado.<\/span><\/p>\n<\/li>\n<li>\n<p style=\"margin-bottom: 0cm;\"><span style=\"font-size: 12pt;\">La caja tambi\u00e9n se puede instalar a ras del suelo;<\/span><\/p>\n<\/li>\n<li>\n<p style=\"margin-bottom: 0cm;\"><span style=\"font-size: 12pt;\">Mango de zinc cromado<\/span><\/p>\n<\/li>\n<\/ul>\n<p>P702<\/p>\n<p>2 LF702<\/p>\n<table style=\"width: 397px; height: 648px;\" border=\"1\" cellspacing=\"0\" cellpadding=\"4\">\n<colgroup>\n<col width=\"77\" \/>\n<col width=\"134\" \/>\n<col width=\"159\" \/><\/colgroup>\n<tbody>\n<tr valign=\"TOP\">\n<td style=\"width: 77px;\"><span style=\"font-size: 12pt;\">dimensiones<\/span><\/td>\n<td style=\"width: 134px;\"><span style=\"font-size: 12pt;\">Tolerancia lateral fija<\/span><\/td>\n<td style=\"width: 159px;\"><span style=\"font-size: 12pt;\">Tolerancia puerta corredera<\/span><\/td>\n<\/tr>\n<tr valign=\"TOP\">\n<td style=\"width: 77px;\"><span style=\"font-size: 12pt;\">70&#215;90<\/span><\/td>\n<td style=\"width: 134px;\"><span style=\"font-size: 12pt;\">68.5 \/ 71 cm<\/span><\/td>\n<td style=\"width: 159px;\"><span style=\"font-size: 12pt;\">88.5 \/ 91 cm<\/span><\/td>\n<\/tr>\n<tr valign=\"TOP\">\n<td style=\"width: 77px;\"><span style=\"font-size: 12pt;\">70&#215;100<\/span><\/td>\n<td style=\"width: 134px;\"><span style=\"font-size: 12pt;\">68.5 \/ 71 cm<\/span><\/td>\n<td style=\"width: 159px;\"><span style=\"font-size: 12pt;\">98.5 \/ 101 cm<\/span><\/td>\n<\/tr>\n<tr valign=\"TOP\">\n<td style=\"width: 77px;\"><span style=\"font-size: 12pt;\">70&#215;110<\/span><\/td>\n<td style=\"width: 134px;\"><span style=\"font-size: 12pt;\">68.8 \/ 71 cm<\/span><\/td>\n<td style=\"width: 159px;\"><span style=\"font-size: 12pt;\">108.5 \/ 111 cm<\/span><\/td>\n<\/tr>\n<tr valign=\"TOP\">\n<td style=\"width: 77px;\"><span style=\"font-size: 12pt;\">70&#215;120<\/span><\/td>\n<td style=\"width: 134px;\"><span style=\"font-size: 12pt;\">68.5 \/ 71 cm<\/span><\/td>\n<td style=\"width: 159px;\"><span style=\"font-size: 12pt;\">118.5 \/ 121 cm<\/span><\/td>\n<\/tr>\n<tr valign=\"TOP\">\n<td style=\"width: 77px;\"><span style=\"font-size: 12pt;\">70&#215;140<\/span><\/td>\n<td style=\"width: 134px;\"><span style=\"font-size: 12pt;\">68.5 \/ 71 cm<\/span><\/td>\n<td style=\"width: 159px;\"><span style=\"font-size: 12pt;\">138.5 \/ 141 cm<\/span><\/td>\n<\/tr>\n<tr valign=\"TOP\">\n<td style=\"width: 77px;\"><span style=\"font-size: 12pt;\">80&#215;90<\/span><\/td>\n<td style=\"width: 134px;\"><span style=\"font-size: 12pt;\">78.5 \/ 81 cm<\/span><\/td>\n<td style=\"width: 159px;\"><span style=\"font-size: 12pt;\">88.5 \/ 91 cm<\/span><\/td>\n<\/tr>\n<tr valign=\"TOP\">\n<td style=\"width: 77px;\"><span style=\"font-size: 12pt;\">80&#215;100<\/span><\/td>\n<td style=\"width: 134px;\"><span style=\"font-size: 12pt;\">78.5 \/ 81 cm<\/span><\/td>\n<td style=\"width: 159px;\"><span style=\"font-size: 12pt;\">98.5 \/ 101 cm<\/span><\/td>\n<\/tr>\n<tr valign=\"TOP\">\n<td style=\"width: 77px;\"><span style=\"font-size: 12pt;\">80&#215;110<\/span><\/td>\n<td style=\"width: 134px;\"><span style=\"font-size: 12pt;\">78.5 \/ 81 cm<\/span><\/td>\n<td style=\"width: 159px;\"><span style=\"font-size: 12pt;\">108.5 \/ 111 cm<\/span><\/td>\n<\/tr>\n<tr valign=\"TOP\">\n<td style=\"width: 77px;\"><span style=\"font-size: 12pt;\">80&#215;120<\/span><\/td>\n<td style=\"width: 134px;\"><span style=\"font-size: 12pt;\">78.5 \/ 81 cm<\/span><\/td>\n<td style=\"width: 159px;\"><span style=\"font-size: 12pt;\">118.5 \/ 121 cm<\/span><\/td>\n<\/tr>\n<tr valign=\"TOP\">\n<td style=\"width: 77px;\"><span style=\"font-size: 12pt;\">80&#215;140<\/span><\/td>\n<td style=\"width: 134px;\"><span style=\"font-size: 12pt;\">78.5 \/ 81 cm<\/span><\/td>\n<td style=\"width: 159px;\"><span style=\"font-size: 12pt;\">138.5 \/ 141 cm<\/span><\/td>\n<\/tr>\n<\/tbody>\n<\/table>\n","protected":false},"excerpt":{"rendered":"<p>Cabina de ducha 3 lados con puerta corrediza, vidrio transparente de 8 mm con tratamiento antical y cierre acolchado modelo BOX049<\/p>\n","protected":false},"featured_media":36794,"comment_status":"open","ping_status":"closed","template":"","meta":[],"product_brand":[5008],"product_cat":[9817,9713],"product_tag":[],"class_list":{"0":"post-80664","1":"product","2":"type-product","3":"status-publish","4":"has-post-thumbnail","6":"product_brand-idrom","7":"product_cat-cabina-de-ducha-con-tres-lados-cabina-de-ducha","8":"product_cat-cabina-de-ducha","10":"first","11":"instock","12":"sale","13":"taxable","14":"shipping-taxable","15":"purchasable","16":"product-type-simple"},"exclude_global_add_ons":false,"addons":[{"name":"dimensiones","type":"multiple_choice","position":0,"required":true,"title_format":"heading","default":"","description_enable":false,"description":"","placeholder_enable":false,"placeholder":"","display":"select","restrictions_type":"any_text","adjust_price":false,"price":"","price_type":"flat_fee","restrictions":false,"min":"0","max":"0","options":[{"label":"70x70x90 cm","price":"","price_type":"quantity_based","image":0,"visibility":true},{"label":"70x70x100 cm","price":"19","price_type":"quantity_based","image":0,"visibility":true},{"label":"70x70x110 cm","price":"49","price_type":"quantity_based","image":0,"visibility":true},{"label":"70x70x120 cm","price":"89","price_type":"quantity_based","image":0,"visibility":true},{"label":"70x70x130 cm","price":"99","price_type":"quantity_based","image":0,"visibility":true},{"label":"70x70x140 cm","price":"109","price_type":"quantity_based","image":0,"visibility":true},{"label":"80x80x90 cm","price":"31","price_type":"quantity_based","image":0,"visibility":true},{"label":"80x80x100 cm","price":"50","price_type":"quantity_based","image":0,"visibility":true},{"label":"80x80x110 cm","price":"80","price_type":"quantity_based","image":0,"visibility":true},{"label":"80x80x120 cm","price":"120","price_type":"quantity_based","image":0,"visibility":true},{"label":"80x80x130 cm","price":"130","price_type":"quantity_based","image":0,"visibility":true},{"label":"80x80x140 cm","price":"140","price_type":"quantity_based","image":0,"visibility":true},{"label":"90x90x90 cm","price":"59","price_type":"quantity_based","image":0,"visibility":true},{"label":"90x90x100 cm","price":"78","price_type":"quantity_based","image":0,"visibility":true},{"label":"90x90x110 cm","price":"108","price_type":"quantity_based","image":0,"visibility":true},{"label":"90x90x120 cm","price":"148","price_type":"quantity_based","image":0,"visibility":true},{"label":"90x90x130 cm","price":"158","price_type":"quantity_based","image":0,"visibility":true},{"label":"90x90x140 cm","price":"168","price_type":"quantity_based","image":0,"visibility":true}],"id":1717001418},{"name":"perfil de compensaci\u00f3n","type":"multiple_choice","position":1,"required":true,"title_format":"heading","default":"","description_enable":false,"description":"","placeholder_enable":false,"placeholder":"","display":"select","restrictions_type":"any_text","adjust_price":false,"price":"","price_type":"flat_fee","restrictions":false,"min":"0","max":"0","options":[{"label":"SIN perfil de compensaci\u00f3n","price":"","price_type":"quantity_based","image":0,"visibility":true},{"label":"un perfil de compensaci\u00f3n +3cm","price":"40","price_type":"quantity_based","image":0,"visibility":true},{"label":"dos perfiles de compensaci\u00f3n +6cm","price":"80","price_type":"quantity_based","image":0,"visibility":true}],"id":1717001419}],"yoast_head":"<!-- This site is optimized with the Yoast SEO plugin v26.7 - https:\/\/yoast.com\/wordpress\/plugins\/seo\/ -->\n<title>Cabina de ducha 3 lados puerta corredera de cristal transparente Tratamiento anti-incrustaciones de 8 mm Cierre suave<\/title>\n<meta name=\"description\" content=\"Cabina de ducha de 3 lados con puerta corredera, vidrio transparente de 8 mm con tratamiento antical y cierre suave\" \/>\n<meta name=\"robots\" content=\"index, follow, max-snippet:-1, max-image-preview:large, max-video-preview:-1\" \/>\n<link rel=\"canonical\" href=\"https:\/\/www.bagnoitalia.com\/es\/producto\/cabina-de-ducha-puerta-lateral-corredera-de-vidrio-transparente-de-8-lados-sistema-de-cierre-suave-anti-cal-de-8-mm-box049.html\" \/>\n<meta property=\"og:locale\" content=\"es_ES\" \/>\n<meta property=\"og:type\" content=\"article\" \/>\n<meta property=\"og:title\" content=\"Cabina de ducha 3 lados puerta corredera de cristal transparente Tratamiento anti-incrustaciones de 8 mm Cierre suave\" \/>\n<meta property=\"og:description\" content=\"Cabina de ducha de 3 lados con puerta corredera, vidrio transparente de 8 mm con tratamiento antical y cierre suave\" \/>\n<meta property=\"og:url\" content=\"https:\/\/www.bagnoitalia.com\/es\/producto\/cabina-de-ducha-puerta-lateral-corredera-de-vidrio-transparente-de-8-lados-sistema-de-cierre-suave-anti-cal-de-8-mm-box049.html\" \/>\n<meta property=\"og:site_name\" content=\"Bagno Italia\" \/>\n<meta property=\"article:modified_time\" content=\"2024-05-29T14:50:18+00:00\" \/>\n<meta property=\"og:image\" content=\"https:\/\/img.bagnoitalia.com\/wp-content\/uploads\/virtuemart\/product\/3-sided-shower-enclosure-sliding-door-box049-1_1543565746_253.jpg\" \/>\n\t<meta property=\"og:image:width\" content=\"509\" \/>\n\t<meta property=\"og:image:height\" content=\"506\" \/>\n\t<meta property=\"og:image:type\" content=\"image\/jpeg\" \/>\n<meta name=\"twitter:card\" content=\"summary_large_image\" \/>\n<meta name=\"twitter:label1\" content=\"Tiempo de lectura\" \/>\n\t<meta name=\"twitter:data1\" content=\"2 minutos\" \/>\n<script type=\"application\/ld+json\" class=\"yoast-schema-graph\">{\"@context\":\"https:\/\/schema.org\",\"@graph\":[{\"@type\":\"WebPage\",\"@id\":\"https:\/\/www.bagnoitalia.com\/es\/producto\/cabina-de-ducha-puerta-lateral-corredera-de-vidrio-transparente-de-8-lados-sistema-de-cierre-suave-anti-cal-de-8-mm-box049.html\",\"url\":\"https:\/\/www.bagnoitalia.com\/es\/producto\/cabina-de-ducha-puerta-lateral-corredera-de-vidrio-transparente-de-8-lados-sistema-de-cierre-suave-anti-cal-de-8-mm-box049.html\",\"name\":\"Cabina de ducha 3 lados puerta corredera de cristal transparente Tratamiento anti-incrustaciones de 8 mm Cierre suave\",\"isPartOf\":{\"@id\":\"https:\/\/www.bagnoitalia.com\/es#website\"},\"primaryImageOfPage\":{\"@id\":\"https:\/\/www.bagnoitalia.com\/es\/producto\/cabina-de-ducha-puerta-lateral-corredera-de-vidrio-transparente-de-8-lados-sistema-de-cierre-suave-anti-cal-de-8-mm-box049.html#primaryimage\"},\"image\":{\"@id\":\"https:\/\/www.bagnoitalia.com\/es\/producto\/cabina-de-ducha-puerta-lateral-corredera-de-vidrio-transparente-de-8-lados-sistema-de-cierre-suave-anti-cal-de-8-mm-box049.html#primaryimage\"},\"thumbnailUrl\":\"https:\/\/img.bagnoitalia.com\/wp-content\/uploads\/virtuemart\/product\/3-sided-shower-enclosure-sliding-door-box049-1_1543565746_253.jpg\",\"datePublished\":\"2017-06-12T13:26:18+00:00\",\"dateModified\":\"2024-05-29T14:50:18+00:00\",\"description\":\"Cabina de ducha de 3 lados con puerta corredera, vidrio transparente de 8 mm con tratamiento antical y cierre suave\",\"breadcrumb\":{\"@id\":\"https:\/\/www.bagnoitalia.com\/es\/producto\/cabina-de-ducha-puerta-lateral-corredera-de-vidrio-transparente-de-8-lados-sistema-de-cierre-suave-anti-cal-de-8-mm-box049.html#breadcrumb\"},\"inLanguage\":\"es\",\"potentialAction\":[{\"@type\":\"ReadAction\",\"target\":[\"https:\/\/www.bagnoitalia.com\/es\/producto\/cabina-de-ducha-puerta-lateral-corredera-de-vidrio-transparente-de-8-lados-sistema-de-cierre-suave-anti-cal-de-8-mm-box049.html\"]}]},{\"@type\":\"ImageObject\",\"inLanguage\":\"es\",\"@id\":\"https:\/\/www.bagnoitalia.com\/es\/producto\/cabina-de-ducha-puerta-lateral-corredera-de-vidrio-transparente-de-8-lados-sistema-de-cierre-suave-anti-cal-de-8-mm-box049.html#primaryimage\",\"url\":\"https:\/\/img.bagnoitalia.com\/wp-content\/uploads\/virtuemart\/product\/3-sided-shower-enclosure-sliding-door-box049-1_1543565746_253.jpg\",\"contentUrl\":\"https:\/\/img.bagnoitalia.com\/wp-content\/uploads\/virtuemart\/product\/3-sided-shower-enclosure-sliding-door-box049-1_1543565746_253.jpg\",\"width\":509,\"height\":506},{\"@type\":\"BreadcrumbList\",\"@id\":\"https:\/\/www.bagnoitalia.com\/es\/producto\/cabina-de-ducha-puerta-lateral-corredera-de-vidrio-transparente-de-8-lados-sistema-de-cierre-suave-anti-cal-de-8-mm-box049.html#breadcrumb\",\"itemListElement\":[{\"@type\":\"ListItem\",\"position\":1,\"name\":\"Home\",\"item\":\"https:\/\/www.bagnoitalia.com\/es\"},{\"@type\":\"ListItem\",\"position\":2,\"name\":\"Productos\",\"item\":\"https:\/\/www.bagnoitalia.com\/es\/shop\"},{\"@type\":\"ListItem\",\"position\":3,\"name\":\"Cabina de ducha 3 Lados, Puerta corrediza de vidrio transparente de 8 mm, tratamiento anti-cal, Sistema de cierre suave de 8 mm BOX049\"}]},{\"@type\":\"WebSite\",\"@id\":\"https:\/\/www.bagnoitalia.com\/es#website\",\"url\":\"https:\/\/www.bagnoitalia.com\/es\",\"name\":\"Bagno Italia\",\"description\":\"\",\"publisher\":{\"@id\":\"https:\/\/www.bagnoitalia.com\/es#organization\"},\"potentialAction\":[{\"@type\":\"SearchAction\",\"target\":{\"@type\":\"EntryPoint\",\"urlTemplate\":\"https:\/\/www.bagnoitalia.com\/es?s={search_term_string}\"},\"query-input\":{\"@type\":\"PropertyValueSpecification\",\"valueRequired\":true,\"valueName\":\"search_term_string\"}}],\"inLanguage\":\"es\"},{\"@type\":\"Organization\",\"@id\":\"https:\/\/www.bagnoitalia.com\/es#organization\",\"name\":\"Bagno Italia\",\"url\":\"https:\/\/www.bagnoitalia.com\/es\",\"logo\":{\"@type\":\"ImageObject\",\"inLanguage\":\"es\",\"@id\":\"https:\/\/www.bagnoitalia.com\/es#\/schema\/logo\/image\/\",\"url\":\"https:\/\/img.bagnoitalia.com\/wp-content\/uploads\/logo-bagnoitalia.webp\",\"contentUrl\":\"https:\/\/img.bagnoitalia.com\/wp-content\/uploads\/logo-bagnoitalia.webp\",\"width\":400,\"height\":70,\"caption\":\"Bagno Italia\"},\"image\":{\"@id\":\"https:\/\/www.bagnoitalia.com\/es#\/schema\/logo\/image\/\"}}]}<\/script>\n<!-- \/ Yoast SEO plugin. -->","yoast_head_json":{"title":"Cabina de ducha 3 lados puerta corredera de cristal transparente Tratamiento anti-incrustaciones de 8 mm Cierre suave","description":"Cabina de ducha de 3 lados con puerta corredera, vidrio transparente de 8 mm con tratamiento antical y cierre suave","robots":{"index":"index","follow":"follow","max-snippet":"max-snippet:-1","max-image-preview":"max-image-preview:large","max-video-preview":"max-video-preview:-1"},"canonical":"https:\/\/www.bagnoitalia.com\/es\/producto\/cabina-de-ducha-puerta-lateral-corredera-de-vidrio-transparente-de-8-lados-sistema-de-cierre-suave-anti-cal-de-8-mm-box049.html","og_locale":"es_ES","og_type":"article","og_title":"Cabina de ducha 3 lados puerta corredera de cristal transparente Tratamiento anti-incrustaciones de 8 mm Cierre suave","og_description":"Cabina de ducha de 3 lados con puerta corredera, vidrio transparente de 8 mm con tratamiento antical y cierre suave","og_url":"https:\/\/www.bagnoitalia.com\/es\/producto\/cabina-de-ducha-puerta-lateral-corredera-de-vidrio-transparente-de-8-lados-sistema-de-cierre-suave-anti-cal-de-8-mm-box049.html","og_site_name":"Bagno Italia","article_modified_time":"2024-05-29T14:50:18+00:00","og_image":[{"width":509,"height":506,"url":"https:\/\/img.bagnoitalia.com\/wp-content\/uploads\/virtuemart\/product\/3-sided-shower-enclosure-sliding-door-box049-1_1543565746_253.jpg","type":"image\/jpeg"}],"twitter_card":"summary_large_image","twitter_misc":{"Tiempo de lectura":"2 minutos"},"schema":{"@context":"https:\/\/schema.org","@graph":[{"@type":"WebPage","@id":"https:\/\/www.bagnoitalia.com\/es\/producto\/cabina-de-ducha-puerta-lateral-corredera-de-vidrio-transparente-de-8-lados-sistema-de-cierre-suave-anti-cal-de-8-mm-box049.html","url":"https:\/\/www.bagnoitalia.com\/es\/producto\/cabina-de-ducha-puerta-lateral-corredera-de-vidrio-transparente-de-8-lados-sistema-de-cierre-suave-anti-cal-de-8-mm-box049.html","name":"Cabina de ducha 3 lados puerta corredera de cristal transparente Tratamiento anti-incrustaciones de 8 mm Cierre suave","isPartOf":{"@id":"https:\/\/www.bagnoitalia.com\/es#website"},"primaryImageOfPage":{"@id":"https:\/\/www.bagnoitalia.com\/es\/producto\/cabina-de-ducha-puerta-lateral-corredera-de-vidrio-transparente-de-8-lados-sistema-de-cierre-suave-anti-cal-de-8-mm-box049.html#primaryimage"},"image":{"@id":"https:\/\/www.bagnoitalia.com\/es\/producto\/cabina-de-ducha-puerta-lateral-corredera-de-vidrio-transparente-de-8-lados-sistema-de-cierre-suave-anti-cal-de-8-mm-box049.html#primaryimage"},"thumbnailUrl":"https:\/\/img.bagnoitalia.com\/wp-content\/uploads\/virtuemart\/product\/3-sided-shower-enclosure-sliding-door-box049-1_1543565746_253.jpg","datePublished":"2017-06-12T13:26:18+00:00","dateModified":"2024-05-29T14:50:18+00:00","description":"Cabina de ducha de 3 lados con puerta corredera, vidrio transparente de 8 mm con tratamiento antical y cierre suave","breadcrumb":{"@id":"https:\/\/www.bagnoitalia.com\/es\/producto\/cabina-de-ducha-puerta-lateral-corredera-de-vidrio-transparente-de-8-lados-sistema-de-cierre-suave-anti-cal-de-8-mm-box049.html#breadcrumb"},"inLanguage":"es","potentialAction":[{"@type":"ReadAction","target":["https:\/\/www.bagnoitalia.com\/es\/producto\/cabina-de-ducha-puerta-lateral-corredera-de-vidrio-transparente-de-8-lados-sistema-de-cierre-suave-anti-cal-de-8-mm-box049.html"]}]},{"@type":"ImageObject","inLanguage":"es","@id":"https:\/\/www.bagnoitalia.com\/es\/producto\/cabina-de-ducha-puerta-lateral-corredera-de-vidrio-transparente-de-8-lados-sistema-de-cierre-suave-anti-cal-de-8-mm-box049.html#primaryimage","url":"https:\/\/img.bagnoitalia.com\/wp-content\/uploads\/virtuemart\/product\/3-sided-shower-enclosure-sliding-door-box049-1_1543565746_253.jpg","contentUrl":"https:\/\/img.bagnoitalia.com\/wp-content\/uploads\/virtuemart\/product\/3-sided-shower-enclosure-sliding-door-box049-1_1543565746_253.jpg","width":509,"height":506},{"@type":"BreadcrumbList","@id":"https:\/\/www.bagnoitalia.com\/es\/producto\/cabina-de-ducha-puerta-lateral-corredera-de-vidrio-transparente-de-8-lados-sistema-de-cierre-suave-anti-cal-de-8-mm-box049.html#breadcrumb","itemListElement":[{"@type":"ListItem","position":1,"name":"Home","item":"https:\/\/www.bagnoitalia.com\/es"},{"@type":"ListItem","position":2,"name":"Productos","item":"https:\/\/www.bagnoitalia.com\/es\/shop"},{"@type":"ListItem","position":3,"name":"Cabina de ducha 3 Lados, Puerta corrediza de vidrio transparente de 8 mm, tratamiento anti-cal, Sistema de cierre suave de 8 mm BOX049"}]},{"@type":"WebSite","@id":"https:\/\/www.bagnoitalia.com\/es#website","url":"https:\/\/www.bagnoitalia.com\/es","name":"Bagno Italia","description":"","publisher":{"@id":"https:\/\/www.bagnoitalia.com\/es#organization"},"potentialAction":[{"@type":"SearchAction","target":{"@type":"EntryPoint","urlTemplate":"https:\/\/www.bagnoitalia.com\/es?s={search_term_string}"},"query-input":{"@type":"PropertyValueSpecification","valueRequired":true,"valueName":"search_term_string"}}],"inLanguage":"es"},{"@type":"Organization","@id":"https:\/\/www.bagnoitalia.com\/es#organization","name":"Bagno Italia","url":"https:\/\/www.bagnoitalia.com\/es","logo":{"@type":"ImageObject","inLanguage":"es","@id":"https:\/\/www.bagnoitalia.com\/es#\/schema\/logo\/image\/","url":"https:\/\/img.bagnoitalia.com\/wp-content\/uploads\/logo-bagnoitalia.webp","contentUrl":"https:\/\/img.bagnoitalia.com\/wp-content\/uploads\/logo-bagnoitalia.webp","width":400,"height":70,"caption":"Bagno Italia"},"image":{"@id":"https:\/\/www.bagnoitalia.com\/es#\/schema\/logo\/image\/"}}]}},"_links":{"self":[{"href":"https:\/\/www.bagnoitalia.com\/es\/wp-json\/wp\/v2\/product\/80664","targetHints":{"allow":["GET"]}}],"collection":[{"href":"https:\/\/www.bagnoitalia.com\/es\/wp-json\/wp\/v2\/product"}],"about":[{"href":"https:\/\/www.bagnoitalia.com\/es\/wp-json\/wp\/v2\/types\/product"}],"replies":[{"embeddable":true,"href":"https:\/\/www.bagnoitalia.com\/es\/wp-json\/wp\/v2\/comments?post=80664"}],"version-history":[{"count":1,"href":"https:\/\/www.bagnoitalia.com\/es\/wp-json\/wp\/v2\/product\/80664\/revisions"}],"predecessor-version":[{"id":88942,"href":"https:\/\/www.bagnoitalia.com\/es\/wp-json\/wp\/v2\/product\/80664\/revisions\/88942"}],"wp:featuredmedia":[{"embeddable":true,"href":"https:\/\/www.bagnoitalia.com\/es\/wp-json\/wp\/v2\/media\/36794"}],"wp:attachment":[{"href":"https:\/\/www.bagnoitalia.com\/es\/wp-json\/wp\/v2\/media?parent=80664"}],"wp:term":[{"taxonomy":"product_brand","embeddable":true,"href":"https:\/\/www.bagnoitalia.com\/es\/wp-json\/wp\/v2\/product_brand?post=80664"},{"taxonomy":"product_cat","embeddable":true,"href":"https:\/\/www.bagnoitalia.com\/es\/wp-json\/wp\/v2\/product_cat?post=80664"},{"taxonomy":"product_tag","embeddable":true,"href":"https:\/\/www.bagnoitalia.com\/es\/wp-json\/wp\/v2\/product_tag?post=80664"}],"curies":[{"name":"wp","href":"https:\/\/api.w.org\/{rel}","templated":true}]}}