{"id":80648,"date":"2017-06-07T13:36:51","date_gmt":"2017-06-07T11:36:51","guid":{"rendered":"https:\/\/www.bagnoitalia.com\/product\/puerta-de-ducha-de-vidrio-transparente-de-doble-cara-de-8-mm-con-cierre-magnetico-pr023"},"modified":"2024-05-29T16:01:00","modified_gmt":"2024-05-29T14:01:00","slug":"puerta-de-ducha-de-vidrio-transparente-de-doble-cara-de-8-mm-con-cierre-magnetico-pr023","status":"publish","type":"product","link":"https:\/\/www.bagnoitalia.com\/es\/producto\/puerta-de-ducha-de-vidrio-transparente-de-doble-cara-de-8-mm-con-cierre-magnetico-pr023.html","title":{"rendered":"Puerta de Ducha doble con apertura de libro, en cristal transparente de 8 mm, y cierre magn\u00e9tico PR023"},"content":{"rendered":"<p style=\"margin-bottom: 0cm;\"><span style=\"text-decoration: underline; color: #ff0000; font-size: 14pt;\"><strong>Puerta de ducha de vidrio transparente doble cara 8mm con cierre magn\u00e9tico PR023<\/strong><\/span><\/p>\n<p style=\"margin-bottom: 0cm;\"><span style=\"text-decoration: underline;\"><strong><span style=\"font-size: 12pt;\">Caracter\u00edsticas t\u00e9cnicas:<\/span><\/strong><\/span><\/p>\n<ul>\n<li style=\"margin-bottom: 0cm;\"><span style=\"font-size: 12pt;\">Doble ducha abatible con vidrio transparente de 8 mm de espesor.<\/span><\/li>\n<li style=\"margin-bottom: 0cm;\"><span style=\"font-size: 12pt;\">Altura de la puerta: 195 cm.<\/span><\/li>\n<li style=\"margin-bottom: 0cm;\"><span style=\"font-size: 12pt;\">Puerta de ducha compuesta por 4 puertas plegables, plegables hacia el interior o exterior.<\/span><\/li>\n<li style=\"margin-bottom: 0cm;\"><span style=\"font-size: 12pt;\">Mango de zinc cromado<\/span><\/li>\n<li style=\"margin-bottom: 0cm;\"><span style=\"font-size: 12pt;\">Cierre con im\u00e1n angular.<\/span><\/li>\n<li style=\"margin-bottom: 0cm;\"><span style=\"font-size: 12pt;\">Puerta de ducha con junta en la parte inferior.<\/span><\/li>\n<li style=\"margin-bottom: 0cm;\"><span style=\"font-size: 12pt;\">Puerta con tolerancia de 2 cm menos por lado (p. Ej., Puerta de 70 cm adaptable de 68 a 70 cm)<\/span><\/li>\n<li style=\"margin-bottom: 0cm;\"><span style=\"font-size: 12pt;\">Es posible agregar un perfil de compensaci\u00f3n (a trav\u00e9s del men\u00fa de la derecha)<\/span><\/li>\n<li style=\"margin-bottom: 0cm;\"><span style=\"font-size: 12pt;\">Puertas de ducha reversibles (durante el montaje es posible elegir si, por ejemplo, tiene la puerta de 70 cm a la izquierda y la puerta de 100 cm a la derecha, o viceversa)<\/span><\/li>\n<li><span style=\"font-size: 12pt;\">Sin perfil pero con junta de agua.<\/span><\/li>\n<\/ul>\n","protected":false},"excerpt":{"rendered":"<p>Puerta de ducha plegable doble con vidrio transparente de 8 mm y equipada con cierre magn\u00e9tico modelo PR023<\/p>\n","protected":false},"featured_media":36682,"comment_status":"open","ping_status":"closed","template":"","meta":[],"product_brand":[5008],"product_cat":[9833,9729],"product_tag":[],"class_list":{"0":"post-80648","1":"product","2":"type-product","3":"status-publish","4":"has-post-thumbnail","6":"product_brand-idrom","7":"product_cat-puerta-de-ducha-plegable-puertas-de-ducha","8":"product_cat-puertas-de-ducha","10":"first","11":"instock","12":"sale","13":"taxable","14":"shipping-taxable","15":"purchasable","16":"product-type-simple"},"exclude_global_add_ons":false,"addons":[{"name":"puerta de ducha","type":"multiple_choice","position":0,"required":true,"title_format":"heading","default":"","description_enable":false,"description":"","placeholder_enable":false,"placeholder":"","display":"select","restrictions_type":"any_text","adjust_price":false,"price":"","price_type":"flat_fee","restrictions":false,"min":"0","max":"0","options":[{"label":"70 cm - de 66 a 68 cm ajustable","price":"","price_type":"quantity_based","image":0,"visibility":true},{"label":"80 cm - de 76 a 78cm ajustable","price":"20","price_type":"quantity_based","image":0,"visibility":true},{"label":"90 cm - de 86 a 88 cm ajustable","price":"30","price_type":"quantity_based","image":0,"visibility":true},{"label":"100 cm - de 96 a 98 cm ajustable","price":"50","price_type":"quantity_based","image":0,"visibility":true}],"id":1716998461},{"name":"segunda puerta de ducha","type":"multiple_choice","position":1,"required":true,"title_format":"heading","default":"","description_enable":false,"description":"","placeholder_enable":false,"placeholder":"","display":"select","restrictions_type":"any_text","adjust_price":false,"price":"","price_type":"flat_fee","restrictions":false,"min":"0","max":"0","options":[{"label":"70 cm - de 66 a 68 cm ajustable","price":"","price_type":"quantity_based","image":0,"visibility":true},{"label":"80 cm - de 76 a 78 cm ajustable","price":"20","price_type":"quantity_based","image":0,"visibility":true},{"label":"90 cm - de 86 a 88 cm ajustable","price":"30","price_type":"quantity_based","image":0,"visibility":true},{"label":"100 cm - de 96 a 98 cm ajustable","price":"50","price_type":"quantity_based","image":0,"visibility":true}],"id":1716998462},{"name":"perfil de compensaci\u00f3n","type":"multiple_choice","position":2,"required":true,"title_format":"heading","default":"","description_enable":false,"description":"","placeholder_enable":false,"placeholder":"","display":"select","restrictions_type":"any_text","adjust_price":false,"price":"","price_type":"flat_fee","restrictions":false,"min":"0","max":"0","options":[{"label":"SIN perfil de compensaci\u00f3n","price":"","price_type":"quantity_based","image":0,"visibility":true},{"label":"un perfil de compensaci\u00f3n +3cm","price":"40","price_type":"quantity_based","image":0,"visibility":true},{"label":"dos perfiles de compensaci\u00f3n +6cm","price":"80","price_type":"quantity_based","image":0,"visibility":true}],"id":1716998463}],"yoast_head":"<!-- This site is optimized with the Yoast SEO plugin v26.7 - https:\/\/yoast.com\/wordpress\/plugins\/seo\/ -->\n<title>Puerta de ducha de vidrio transparente de doble cara de 8 mm con cierre magn\u00e9tico.<\/title>\n<meta name=\"description\" content=\"Doble ducha abatible con cristal transparente de 8mm y cierre magn\u00e9tico.\" \/>\n<meta name=\"robots\" content=\"index, follow, max-snippet:-1, max-image-preview:large, max-video-preview:-1\" \/>\n<link rel=\"canonical\" href=\"https:\/\/www.bagnoitalia.com\/es\/producto\/puerta-de-ducha-de-vidrio-transparente-de-doble-cara-de-8-mm-con-cierre-magnetico-pr023.html\" \/>\n<meta property=\"og:locale\" content=\"es_ES\" \/>\n<meta property=\"og:type\" content=\"article\" \/>\n<meta property=\"og:title\" content=\"Puerta de ducha de vidrio transparente de doble cara de 8 mm con cierre magn\u00e9tico.\" \/>\n<meta property=\"og:description\" content=\"Doble ducha abatible con cristal transparente de 8mm y cierre magn\u00e9tico.\" \/>\n<meta property=\"og:url\" content=\"https:\/\/www.bagnoitalia.com\/es\/producto\/puerta-de-ducha-de-vidrio-transparente-de-doble-cara-de-8-mm-con-cierre-magnetico-pr023.html\" \/>\n<meta property=\"og:site_name\" content=\"Bagno Italia\" \/>\n<meta property=\"article:modified_time\" content=\"2024-05-29T14:01:00+00:00\" \/>\n<meta property=\"og:image\" content=\"https:\/\/img.bagnoitalia.com\/wp-content\/uploads\/virtuemart\/product\/double-bifold-shower-door-magnetic-closure-pr023-1_1543843407_811.jpg\" \/>\n\t<meta property=\"og:image:width\" content=\"561\" \/>\n\t<meta property=\"og:image:height\" content=\"556\" \/>\n\t<meta property=\"og:image:type\" content=\"image\/jpeg\" \/>\n<meta name=\"twitter:card\" content=\"summary_large_image\" \/>\n<meta name=\"twitter:label1\" content=\"Tiempo de lectura\" \/>\n\t<meta name=\"twitter:data1\" content=\"1 minuto\" \/>\n<script type=\"application\/ld+json\" class=\"yoast-schema-graph\">{\"@context\":\"https:\/\/schema.org\",\"@graph\":[{\"@type\":\"WebPage\",\"@id\":\"https:\/\/www.bagnoitalia.com\/es\/producto\/puerta-de-ducha-de-vidrio-transparente-de-doble-cara-de-8-mm-con-cierre-magnetico-pr023.html\",\"url\":\"https:\/\/www.bagnoitalia.com\/es\/producto\/puerta-de-ducha-de-vidrio-transparente-de-doble-cara-de-8-mm-con-cierre-magnetico-pr023.html\",\"name\":\"Puerta de ducha de vidrio transparente de doble cara de 8 mm con cierre magn\u00e9tico.\",\"isPartOf\":{\"@id\":\"https:\/\/www.bagnoitalia.com\/es#website\"},\"primaryImageOfPage\":{\"@id\":\"https:\/\/www.bagnoitalia.com\/es\/producto\/puerta-de-ducha-de-vidrio-transparente-de-doble-cara-de-8-mm-con-cierre-magnetico-pr023.html#primaryimage\"},\"image\":{\"@id\":\"https:\/\/www.bagnoitalia.com\/es\/producto\/puerta-de-ducha-de-vidrio-transparente-de-doble-cara-de-8-mm-con-cierre-magnetico-pr023.html#primaryimage\"},\"thumbnailUrl\":\"https:\/\/img.bagnoitalia.com\/wp-content\/uploads\/virtuemart\/product\/double-bifold-shower-door-magnetic-closure-pr023-1_1543843407_811.jpg\",\"datePublished\":\"2017-06-07T11:36:51+00:00\",\"dateModified\":\"2024-05-29T14:01:00+00:00\",\"description\":\"Doble ducha abatible con cristal transparente de 8mm y cierre magn\u00e9tico.\",\"breadcrumb\":{\"@id\":\"https:\/\/www.bagnoitalia.com\/es\/producto\/puerta-de-ducha-de-vidrio-transparente-de-doble-cara-de-8-mm-con-cierre-magnetico-pr023.html#breadcrumb\"},\"inLanguage\":\"es\",\"potentialAction\":[{\"@type\":\"ReadAction\",\"target\":[\"https:\/\/www.bagnoitalia.com\/es\/producto\/puerta-de-ducha-de-vidrio-transparente-de-doble-cara-de-8-mm-con-cierre-magnetico-pr023.html\"]}]},{\"@type\":\"ImageObject\",\"inLanguage\":\"es\",\"@id\":\"https:\/\/www.bagnoitalia.com\/es\/producto\/puerta-de-ducha-de-vidrio-transparente-de-doble-cara-de-8-mm-con-cierre-magnetico-pr023.html#primaryimage\",\"url\":\"https:\/\/img.bagnoitalia.com\/wp-content\/uploads\/virtuemart\/product\/double-bifold-shower-door-magnetic-closure-pr023-1_1543843407_811.jpg\",\"contentUrl\":\"https:\/\/img.bagnoitalia.com\/wp-content\/uploads\/virtuemart\/product\/double-bifold-shower-door-magnetic-closure-pr023-1_1543843407_811.jpg\",\"width\":561,\"height\":556},{\"@type\":\"BreadcrumbList\",\"@id\":\"https:\/\/www.bagnoitalia.com\/es\/producto\/puerta-de-ducha-de-vidrio-transparente-de-doble-cara-de-8-mm-con-cierre-magnetico-pr023.html#breadcrumb\",\"itemListElement\":[{\"@type\":\"ListItem\",\"position\":1,\"name\":\"Home\",\"item\":\"https:\/\/www.bagnoitalia.com\/es\"},{\"@type\":\"ListItem\",\"position\":2,\"name\":\"Productos\",\"item\":\"https:\/\/www.bagnoitalia.com\/es\/shop\"},{\"@type\":\"ListItem\",\"position\":3,\"name\":\"Puerta de Ducha doble con apertura de libro, en cristal transparente de 8 mm, y cierre magn\u00e9tico PR023\"}]},{\"@type\":\"WebSite\",\"@id\":\"https:\/\/www.bagnoitalia.com\/es#website\",\"url\":\"https:\/\/www.bagnoitalia.com\/es\",\"name\":\"Bagno Italia\",\"description\":\"\",\"publisher\":{\"@id\":\"https:\/\/www.bagnoitalia.com\/es#organization\"},\"potentialAction\":[{\"@type\":\"SearchAction\",\"target\":{\"@type\":\"EntryPoint\",\"urlTemplate\":\"https:\/\/www.bagnoitalia.com\/es?s={search_term_string}\"},\"query-input\":{\"@type\":\"PropertyValueSpecification\",\"valueRequired\":true,\"valueName\":\"search_term_string\"}}],\"inLanguage\":\"es\"},{\"@type\":\"Organization\",\"@id\":\"https:\/\/www.bagnoitalia.com\/es#organization\",\"name\":\"Bagno Italia\",\"url\":\"https:\/\/www.bagnoitalia.com\/es\",\"logo\":{\"@type\":\"ImageObject\",\"inLanguage\":\"es\",\"@id\":\"https:\/\/www.bagnoitalia.com\/es#\/schema\/logo\/image\/\",\"url\":\"https:\/\/img.bagnoitalia.com\/wp-content\/uploads\/logo-bagnoitalia.webp\",\"contentUrl\":\"https:\/\/img.bagnoitalia.com\/wp-content\/uploads\/logo-bagnoitalia.webp\",\"width\":400,\"height\":70,\"caption\":\"Bagno Italia\"},\"image\":{\"@id\":\"https:\/\/www.bagnoitalia.com\/es#\/schema\/logo\/image\/\"}}]}<\/script>\n<!-- \/ Yoast SEO plugin. -->","yoast_head_json":{"title":"Puerta de ducha de vidrio transparente de doble cara de 8 mm con cierre magn\u00e9tico.","description":"Doble ducha abatible con cristal transparente de 8mm y cierre magn\u00e9tico.","robots":{"index":"index","follow":"follow","max-snippet":"max-snippet:-1","max-image-preview":"max-image-preview:large","max-video-preview":"max-video-preview:-1"},"canonical":"https:\/\/www.bagnoitalia.com\/es\/producto\/puerta-de-ducha-de-vidrio-transparente-de-doble-cara-de-8-mm-con-cierre-magnetico-pr023.html","og_locale":"es_ES","og_type":"article","og_title":"Puerta de ducha de vidrio transparente de doble cara de 8 mm con cierre magn\u00e9tico.","og_description":"Doble ducha abatible con cristal transparente de 8mm y cierre magn\u00e9tico.","og_url":"https:\/\/www.bagnoitalia.com\/es\/producto\/puerta-de-ducha-de-vidrio-transparente-de-doble-cara-de-8-mm-con-cierre-magnetico-pr023.html","og_site_name":"Bagno Italia","article_modified_time":"2024-05-29T14:01:00+00:00","og_image":[{"width":561,"height":556,"url":"https:\/\/img.bagnoitalia.com\/wp-content\/uploads\/virtuemart\/product\/double-bifold-shower-door-magnetic-closure-pr023-1_1543843407_811.jpg","type":"image\/jpeg"}],"twitter_card":"summary_large_image","twitter_misc":{"Tiempo de lectura":"1 minuto"},"schema":{"@context":"https:\/\/schema.org","@graph":[{"@type":"WebPage","@id":"https:\/\/www.bagnoitalia.com\/es\/producto\/puerta-de-ducha-de-vidrio-transparente-de-doble-cara-de-8-mm-con-cierre-magnetico-pr023.html","url":"https:\/\/www.bagnoitalia.com\/es\/producto\/puerta-de-ducha-de-vidrio-transparente-de-doble-cara-de-8-mm-con-cierre-magnetico-pr023.html","name":"Puerta de ducha de vidrio transparente de doble cara de 8 mm con cierre magn\u00e9tico.","isPartOf":{"@id":"https:\/\/www.bagnoitalia.com\/es#website"},"primaryImageOfPage":{"@id":"https:\/\/www.bagnoitalia.com\/es\/producto\/puerta-de-ducha-de-vidrio-transparente-de-doble-cara-de-8-mm-con-cierre-magnetico-pr023.html#primaryimage"},"image":{"@id":"https:\/\/www.bagnoitalia.com\/es\/producto\/puerta-de-ducha-de-vidrio-transparente-de-doble-cara-de-8-mm-con-cierre-magnetico-pr023.html#primaryimage"},"thumbnailUrl":"https:\/\/img.bagnoitalia.com\/wp-content\/uploads\/virtuemart\/product\/double-bifold-shower-door-magnetic-closure-pr023-1_1543843407_811.jpg","datePublished":"2017-06-07T11:36:51+00:00","dateModified":"2024-05-29T14:01:00+00:00","description":"Doble ducha abatible con cristal transparente de 8mm y cierre magn\u00e9tico.","breadcrumb":{"@id":"https:\/\/www.bagnoitalia.com\/es\/producto\/puerta-de-ducha-de-vidrio-transparente-de-doble-cara-de-8-mm-con-cierre-magnetico-pr023.html#breadcrumb"},"inLanguage":"es","potentialAction":[{"@type":"ReadAction","target":["https:\/\/www.bagnoitalia.com\/es\/producto\/puerta-de-ducha-de-vidrio-transparente-de-doble-cara-de-8-mm-con-cierre-magnetico-pr023.html"]}]},{"@type":"ImageObject","inLanguage":"es","@id":"https:\/\/www.bagnoitalia.com\/es\/producto\/puerta-de-ducha-de-vidrio-transparente-de-doble-cara-de-8-mm-con-cierre-magnetico-pr023.html#primaryimage","url":"https:\/\/img.bagnoitalia.com\/wp-content\/uploads\/virtuemart\/product\/double-bifold-shower-door-magnetic-closure-pr023-1_1543843407_811.jpg","contentUrl":"https:\/\/img.bagnoitalia.com\/wp-content\/uploads\/virtuemart\/product\/double-bifold-shower-door-magnetic-closure-pr023-1_1543843407_811.jpg","width":561,"height":556},{"@type":"BreadcrumbList","@id":"https:\/\/www.bagnoitalia.com\/es\/producto\/puerta-de-ducha-de-vidrio-transparente-de-doble-cara-de-8-mm-con-cierre-magnetico-pr023.html#breadcrumb","itemListElement":[{"@type":"ListItem","position":1,"name":"Home","item":"https:\/\/www.bagnoitalia.com\/es"},{"@type":"ListItem","position":2,"name":"Productos","item":"https:\/\/www.bagnoitalia.com\/es\/shop"},{"@type":"ListItem","position":3,"name":"Puerta de Ducha doble con apertura de libro, en cristal transparente de 8 mm, y cierre magn\u00e9tico PR023"}]},{"@type":"WebSite","@id":"https:\/\/www.bagnoitalia.com\/es#website","url":"https:\/\/www.bagnoitalia.com\/es","name":"Bagno Italia","description":"","publisher":{"@id":"https:\/\/www.bagnoitalia.com\/es#organization"},"potentialAction":[{"@type":"SearchAction","target":{"@type":"EntryPoint","urlTemplate":"https:\/\/www.bagnoitalia.com\/es?s={search_term_string}"},"query-input":{"@type":"PropertyValueSpecification","valueRequired":true,"valueName":"search_term_string"}}],"inLanguage":"es"},{"@type":"Organization","@id":"https:\/\/www.bagnoitalia.com\/es#organization","name":"Bagno Italia","url":"https:\/\/www.bagnoitalia.com\/es","logo":{"@type":"ImageObject","inLanguage":"es","@id":"https:\/\/www.bagnoitalia.com\/es#\/schema\/logo\/image\/","url":"https:\/\/img.bagnoitalia.com\/wp-content\/uploads\/logo-bagnoitalia.webp","contentUrl":"https:\/\/img.bagnoitalia.com\/wp-content\/uploads\/logo-bagnoitalia.webp","width":400,"height":70,"caption":"Bagno Italia"},"image":{"@id":"https:\/\/www.bagnoitalia.com\/es#\/schema\/logo\/image\/"}}]}},"_links":{"self":[{"href":"https:\/\/www.bagnoitalia.com\/es\/wp-json\/wp\/v2\/product\/80648","targetHints":{"allow":["GET"]}}],"collection":[{"href":"https:\/\/www.bagnoitalia.com\/es\/wp-json\/wp\/v2\/product"}],"about":[{"href":"https:\/\/www.bagnoitalia.com\/es\/wp-json\/wp\/v2\/types\/product"}],"replies":[{"embeddable":true,"href":"https:\/\/www.bagnoitalia.com\/es\/wp-json\/wp\/v2\/comments?post=80648"}],"version-history":[{"count":1,"href":"https:\/\/www.bagnoitalia.com\/es\/wp-json\/wp\/v2\/product\/80648\/revisions"}],"predecessor-version":[{"id":88871,"href":"https:\/\/www.bagnoitalia.com\/es\/wp-json\/wp\/v2\/product\/80648\/revisions\/88871"}],"wp:featuredmedia":[{"embeddable":true,"href":"https:\/\/www.bagnoitalia.com\/es\/wp-json\/wp\/v2\/media\/36682"}],"wp:attachment":[{"href":"https:\/\/www.bagnoitalia.com\/es\/wp-json\/wp\/v2\/media?parent=80648"}],"wp:term":[{"taxonomy":"product_brand","embeddable":true,"href":"https:\/\/www.bagnoitalia.com\/es\/wp-json\/wp\/v2\/product_brand?post=80648"},{"taxonomy":"product_cat","embeddable":true,"href":"https:\/\/www.bagnoitalia.com\/es\/wp-json\/wp\/v2\/product_cat?post=80648"},{"taxonomy":"product_tag","embeddable":true,"href":"https:\/\/www.bagnoitalia.com\/es\/wp-json\/wp\/v2\/product_tag?post=80648"}],"curies":[{"name":"wp","href":"https:\/\/api.w.org\/{rel}","templated":true}]}}