{"id":80640,"date":"2017-06-07T12:47:02","date_gmt":"2017-06-07T10:47:02","guid":{"rendered":"https:\/\/www.bagnoitalia.com\/product\/cabina-de-ducha-de-3-lados-para-el-centro-de-la-habitacion-con-puerta-plegable-de-8-mm-de-vidrio-transparente-h195-box046"},"modified":"2025-06-14T06:47:33","modified_gmt":"2025-06-14T04:47:33","slug":"cabina-de-ducha-de-3-lados-para-el-centro-de-la-habitacion-con-puerta-plegable-de-8-mm-de-vidrio-transparente-h195-box046","status":"publish","type":"product","link":"https:\/\/www.bagnoitalia.com\/es\/producto\/cabina-de-ducha-de-3-lados-para-el-centro-de-la-habitacion-con-puerta-plegable-de-8-mm-de-vidrio-transparente-h195-box046.html","title":{"rendered":"Cabina de Ducha de 3 Lados para el centro de la habitaci\u00f3n con puerta plegable de 8 mm de vidrio transparente H195 BOX046"},"content":{"rendered":"<p style=\"margin-bottom: 0cm;\"><span style=\"text-decoration: underline; font-size: 14pt; color: #ff0000;\"><strong>Cabina de ducha de 3 lados para el centro de la habitaci\u00f3n con puerta plegable de vidrio transparente de 8 mm BOX046<\/strong><\/span><\/p>\n<p style=\"margin-bottom: 0cm;\"><span style=\"text-decoration: underline;\"><strong><span style=\"font-size: 12pt;\">Caracter\u00edsticas tecnicas<\/span><\/strong><\/span><\/p>\n<ul>\n<li style=\"margin-bottom: 0cm;\"><span style=\"font-size: 12pt;\">Cabina de ducha con vidrio transparente de 8mm de espesor.<\/span><\/li>\n<li style=\"margin-bottom: 0cm;\"><span style=\"font-size: 12pt;\">Altura 195 cm<\/span><\/li>\n<li style=\"margin-bottom: 0cm;\"><span style=\"font-size: 12pt;\">Puerta disponible en medidas de 70.80.90.100 cm.<\/span><\/li>\n<li style=\"margin-bottom: 0cm;\"><span style=\"font-size: 12pt;\">Lado fijo disponible en tallas 70 y 80 cm.<\/span><\/li>\n<li style=\"margin-bottom: 0cm;\"><span style=\"font-size: 12pt;\">Puerta plegable con cierre interno o externo y es posible abrir la puerta como si fuera una puerta con bisagras;<br \/>\n<\/span><\/li>\n<li style=\"margin-bottom: 0cm;\"><span style=\"font-size: 12pt;\">Cabina de ducha reversible<\/span><\/li>\n<li style=\"margin-bottom: 0cm;\"><span style=\"font-size: 12pt;\">Tolerancia de la caja hasta 2 cm menos por lado.<\/span><\/li>\n<li style=\"margin-bottom: 0cm;\"><span style=\"font-size: 12pt;\">La caja tambi\u00e9n se puede instalar a ras del suelo;<\/span><\/li>\n<li style=\"margin-bottom: 0cm;\"><span style=\"font-size: 12pt;\">Mango de zinc cromado<\/span><\/li>\n<li><span style=\"font-size: 12pt;\">Plato de ducha excluido del precio, disponible <a href=\"piatti-doccia\">aqu\u00ed.<\/a><\/span><\/li>\n<\/ul>\n<ul>\n<li><strong><span style=\"font-size: 12pt;\"><span style=\"font-size: 12pt;\">Sin perfil pero con junta de agua.<\/span><\/span><\/strong><\/li>\n<\/ul>\n","protected":false},"excerpt":{"rendered":"<p>Cabina de Ducha de 3 lados para instalaci\u00f3n en el centro de la habitaci\u00f3n con puerta plegable y vidrio transparente 8 mm de altura 195 cm modelo BOX046<\/p>\n","protected":false},"featured_media":36610,"comment_status":"open","ping_status":"closed","template":"","meta":[],"product_brand":[5008],"product_cat":[9817,9713],"product_tag":[],"class_list":{"0":"post-80640","1":"product","2":"type-product","3":"status-publish","4":"has-post-thumbnail","6":"product_brand-idrom","7":"product_cat-cabina-de-ducha-con-tres-lados-cabina-de-ducha","8":"product_cat-cabina-de-ducha","10":"first","11":"instock","12":"sale","13":"taxable","14":"shipping-taxable","15":"purchasable","16":"product-type-simple"},"exclude_global_add_ons":false,"addons":[{"name":"puerta de la ducha","type":"multiple_choice","position":0,"required":true,"title_format":"heading","default":"","description_enable":false,"description":"","placeholder_enable":false,"placeholder":"","display":"select","restrictions_type":"any_text","adjust_price":false,"price":"","price_type":"flat_fee","restrictions":false,"min":"0","max":"0","options":[{"label":"70 cm","price":"","price_type":"quantity_based","image":0,"visibility":true},{"label":"80 cm","price":"20","price_type":"quantity_based","image":0,"visibility":true},{"label":"90 cm","price":"30","price_type":"quantity_based","image":0,"visibility":true},{"label":"100 cm","price":"50","price_type":"quantity_based","image":0,"visibility":true}],"id":1716991335},{"name":"lados fijos","type":"multiple_choice","position":1,"required":true,"title_format":"heading","default":"","description_enable":false,"description":"","placeholder_enable":false,"placeholder":"","display":"select","restrictions_type":"any_text","adjust_price":false,"price":"","price_type":"flat_fee","restrictions":false,"min":"0","max":"0","options":[{"label":"2 lados fijos de 70cm","price":"","price_type":"quantity_based","image":0,"visibility":true},{"label":"2 lados fijos de 80cm","price":"30","price_type":"quantity_based","image":0,"visibility":true},{"label":"2 lados fijos de 90cm","price":"70","price_type":"quantity_based","image":0,"visibility":true},{"label":"2 lados fijos de 100cm","price":"130","price_type":"quantity_based","image":0,"visibility":true}],"id":1716991336},{"name":"perfil de compensaci\u00f3n","type":"multiple_choice","position":2,"required":true,"title_format":"heading","default":"","description_enable":false,"description":"","placeholder_enable":false,"placeholder":"","display":"select","restrictions_type":"any_text","adjust_price":false,"price":"","price_type":"flat_fee","restrictions":false,"min":"0","max":"0","options":[{"label":"Sin perfil","price":"","price_type":"quantity_based","image":0,"visibility":true},{"label":"1 perfil de compensaci\u00f3n +3 cm","price":"40","price_type":"quantity_based","image":0,"visibility":true},{"label":"2 perfiles de compensaci\u00f3n +6 cm","price":"80","price_type":"quantity_based","image":0,"visibility":true}],"id":1716991337}],"yoast_head":"<!-- This site is optimized with the Yoast SEO plugin v26.7 - https:\/\/yoast.com\/wordpress\/plugins\/seo\/ -->\n<title>Cabina de ducha de 3 lados para el centro de la habitaci\u00f3n con puerta plegable de vidrio transparente de 8 mm H195<\/title>\n<meta name=\"description\" content=\"Cabina de ducha de 3 lados para instalaci\u00f3n en el centro de la habitaci\u00f3n con puerta plegable y cristal transparente de 8 mm, altura 195 cm\" \/>\n<meta name=\"robots\" content=\"index, follow, max-snippet:-1, max-image-preview:large, max-video-preview:-1\" \/>\n<link rel=\"canonical\" href=\"https:\/\/www.bagnoitalia.com\/es\/producto\/cabina-de-ducha-de-3-lados-para-el-centro-de-la-habitacion-con-puerta-plegable-de-8-mm-de-vidrio-transparente-h195-box046.html\" \/>\n<meta property=\"og:locale\" content=\"es_ES\" \/>\n<meta property=\"og:type\" content=\"article\" \/>\n<meta property=\"og:title\" content=\"Cabina de ducha de 3 lados para el centro de la habitaci\u00f3n con puerta plegable de vidrio transparente de 8 mm H195\" \/>\n<meta property=\"og:description\" content=\"Cabina de ducha de 3 lados para instalaci\u00f3n en el centro de la habitaci\u00f3n con puerta plegable y cristal transparente de 8 mm, altura 195 cm\" \/>\n<meta property=\"og:url\" content=\"https:\/\/www.bagnoitalia.com\/es\/producto\/cabina-de-ducha-de-3-lados-para-el-centro-de-la-habitacion-con-puerta-plegable-de-8-mm-de-vidrio-transparente-h195-box046.html\" \/>\n<meta property=\"og:site_name\" content=\"Bagno Italia\" \/>\n<meta property=\"article:modified_time\" content=\"2025-06-14T04:47:33+00:00\" \/>\n<meta property=\"og:image\" content=\"https:\/\/img.bagnoitalia.com\/wp-content\/uploads\/virtuemart\/product\/3-sided-shower-enclosure-middle-room-box046-1_1543566867_717.jpg\" \/>\n\t<meta property=\"og:image:width\" content=\"501\" \/>\n\t<meta property=\"og:image:height\" content=\"501\" \/>\n\t<meta property=\"og:image:type\" content=\"image\/jpeg\" \/>\n<meta name=\"twitter:card\" content=\"summary_large_image\" \/>\n<meta name=\"twitter:label1\" content=\"Tiempo de lectura\" \/>\n\t<meta name=\"twitter:data1\" content=\"1 minuto\" \/>\n<script type=\"application\/ld+json\" class=\"yoast-schema-graph\">{\"@context\":\"https:\/\/schema.org\",\"@graph\":[{\"@type\":\"WebPage\",\"@id\":\"https:\/\/www.bagnoitalia.com\/es\/producto\/cabina-de-ducha-de-3-lados-para-el-centro-de-la-habitacion-con-puerta-plegable-de-8-mm-de-vidrio-transparente-h195-box046.html\",\"url\":\"https:\/\/www.bagnoitalia.com\/es\/producto\/cabina-de-ducha-de-3-lados-para-el-centro-de-la-habitacion-con-puerta-plegable-de-8-mm-de-vidrio-transparente-h195-box046.html\",\"name\":\"Cabina de ducha de 3 lados para el centro de la habitaci\u00f3n con puerta plegable de vidrio transparente de 8 mm H195\",\"isPartOf\":{\"@id\":\"https:\/\/www.bagnoitalia.com\/es#website\"},\"primaryImageOfPage\":{\"@id\":\"https:\/\/www.bagnoitalia.com\/es\/producto\/cabina-de-ducha-de-3-lados-para-el-centro-de-la-habitacion-con-puerta-plegable-de-8-mm-de-vidrio-transparente-h195-box046.html#primaryimage\"},\"image\":{\"@id\":\"https:\/\/www.bagnoitalia.com\/es\/producto\/cabina-de-ducha-de-3-lados-para-el-centro-de-la-habitacion-con-puerta-plegable-de-8-mm-de-vidrio-transparente-h195-box046.html#primaryimage\"},\"thumbnailUrl\":\"https:\/\/img.bagnoitalia.com\/wp-content\/uploads\/virtuemart\/product\/3-sided-shower-enclosure-middle-room-box046-1_1543566867_717.jpg\",\"datePublished\":\"2017-06-07T10:47:02+00:00\",\"dateModified\":\"2025-06-14T04:47:33+00:00\",\"description\":\"Cabina de ducha de 3 lados para instalaci\u00f3n en el centro de la habitaci\u00f3n con puerta plegable y cristal transparente de 8 mm, altura 195 cm\",\"breadcrumb\":{\"@id\":\"https:\/\/www.bagnoitalia.com\/es\/producto\/cabina-de-ducha-de-3-lados-para-el-centro-de-la-habitacion-con-puerta-plegable-de-8-mm-de-vidrio-transparente-h195-box046.html#breadcrumb\"},\"inLanguage\":\"es\",\"potentialAction\":[{\"@type\":\"ReadAction\",\"target\":[\"https:\/\/www.bagnoitalia.com\/es\/producto\/cabina-de-ducha-de-3-lados-para-el-centro-de-la-habitacion-con-puerta-plegable-de-8-mm-de-vidrio-transparente-h195-box046.html\"]}]},{\"@type\":\"ImageObject\",\"inLanguage\":\"es\",\"@id\":\"https:\/\/www.bagnoitalia.com\/es\/producto\/cabina-de-ducha-de-3-lados-para-el-centro-de-la-habitacion-con-puerta-plegable-de-8-mm-de-vidrio-transparente-h195-box046.html#primaryimage\",\"url\":\"https:\/\/img.bagnoitalia.com\/wp-content\/uploads\/virtuemart\/product\/3-sided-shower-enclosure-middle-room-box046-1_1543566867_717.jpg\",\"contentUrl\":\"https:\/\/img.bagnoitalia.com\/wp-content\/uploads\/virtuemart\/product\/3-sided-shower-enclosure-middle-room-box046-1_1543566867_717.jpg\",\"width\":501,\"height\":501},{\"@type\":\"BreadcrumbList\",\"@id\":\"https:\/\/www.bagnoitalia.com\/es\/producto\/cabina-de-ducha-de-3-lados-para-el-centro-de-la-habitacion-con-puerta-plegable-de-8-mm-de-vidrio-transparente-h195-box046.html#breadcrumb\",\"itemListElement\":[{\"@type\":\"ListItem\",\"position\":1,\"name\":\"Home\",\"item\":\"https:\/\/www.bagnoitalia.com\/es\"},{\"@type\":\"ListItem\",\"position\":2,\"name\":\"Productos\",\"item\":\"https:\/\/www.bagnoitalia.com\/es\/shop\"},{\"@type\":\"ListItem\",\"position\":3,\"name\":\"Cabina de Ducha de 3 Lados para el centro de la habitaci\u00f3n con puerta plegable de 8 mm de vidrio transparente H195 BOX046\"}]},{\"@type\":\"WebSite\",\"@id\":\"https:\/\/www.bagnoitalia.com\/es#website\",\"url\":\"https:\/\/www.bagnoitalia.com\/es\",\"name\":\"Bagno Italia\",\"description\":\"\",\"publisher\":{\"@id\":\"https:\/\/www.bagnoitalia.com\/es#organization\"},\"potentialAction\":[{\"@type\":\"SearchAction\",\"target\":{\"@type\":\"EntryPoint\",\"urlTemplate\":\"https:\/\/www.bagnoitalia.com\/es?s={search_term_string}\"},\"query-input\":{\"@type\":\"PropertyValueSpecification\",\"valueRequired\":true,\"valueName\":\"search_term_string\"}}],\"inLanguage\":\"es\"},{\"@type\":\"Organization\",\"@id\":\"https:\/\/www.bagnoitalia.com\/es#organization\",\"name\":\"Bagno Italia\",\"url\":\"https:\/\/www.bagnoitalia.com\/es\",\"logo\":{\"@type\":\"ImageObject\",\"inLanguage\":\"es\",\"@id\":\"https:\/\/www.bagnoitalia.com\/es#\/schema\/logo\/image\/\",\"url\":\"https:\/\/img.bagnoitalia.com\/wp-content\/uploads\/logo-bagnoitalia.webp\",\"contentUrl\":\"https:\/\/img.bagnoitalia.com\/wp-content\/uploads\/logo-bagnoitalia.webp\",\"width\":400,\"height\":70,\"caption\":\"Bagno Italia\"},\"image\":{\"@id\":\"https:\/\/www.bagnoitalia.com\/es#\/schema\/logo\/image\/\"}}]}<\/script>\n<!-- \/ Yoast SEO plugin. -->","yoast_head_json":{"title":"Cabina de ducha de 3 lados para el centro de la habitaci\u00f3n con puerta plegable de vidrio transparente de 8 mm H195","description":"Cabina de ducha de 3 lados para instalaci\u00f3n en el centro de la habitaci\u00f3n con puerta plegable y cristal transparente de 8 mm, altura 195 cm","robots":{"index":"index","follow":"follow","max-snippet":"max-snippet:-1","max-image-preview":"max-image-preview:large","max-video-preview":"max-video-preview:-1"},"canonical":"https:\/\/www.bagnoitalia.com\/es\/producto\/cabina-de-ducha-de-3-lados-para-el-centro-de-la-habitacion-con-puerta-plegable-de-8-mm-de-vidrio-transparente-h195-box046.html","og_locale":"es_ES","og_type":"article","og_title":"Cabina de ducha de 3 lados para el centro de la habitaci\u00f3n con puerta plegable de vidrio transparente de 8 mm H195","og_description":"Cabina de ducha de 3 lados para instalaci\u00f3n en el centro de la habitaci\u00f3n con puerta plegable y cristal transparente de 8 mm, altura 195 cm","og_url":"https:\/\/www.bagnoitalia.com\/es\/producto\/cabina-de-ducha-de-3-lados-para-el-centro-de-la-habitacion-con-puerta-plegable-de-8-mm-de-vidrio-transparente-h195-box046.html","og_site_name":"Bagno Italia","article_modified_time":"2025-06-14T04:47:33+00:00","og_image":[{"width":501,"height":501,"url":"https:\/\/img.bagnoitalia.com\/wp-content\/uploads\/virtuemart\/product\/3-sided-shower-enclosure-middle-room-box046-1_1543566867_717.jpg","type":"image\/jpeg"}],"twitter_card":"summary_large_image","twitter_misc":{"Tiempo de lectura":"1 minuto"},"schema":{"@context":"https:\/\/schema.org","@graph":[{"@type":"WebPage","@id":"https:\/\/www.bagnoitalia.com\/es\/producto\/cabina-de-ducha-de-3-lados-para-el-centro-de-la-habitacion-con-puerta-plegable-de-8-mm-de-vidrio-transparente-h195-box046.html","url":"https:\/\/www.bagnoitalia.com\/es\/producto\/cabina-de-ducha-de-3-lados-para-el-centro-de-la-habitacion-con-puerta-plegable-de-8-mm-de-vidrio-transparente-h195-box046.html","name":"Cabina de ducha de 3 lados para el centro de la habitaci\u00f3n con puerta plegable de vidrio transparente de 8 mm H195","isPartOf":{"@id":"https:\/\/www.bagnoitalia.com\/es#website"},"primaryImageOfPage":{"@id":"https:\/\/www.bagnoitalia.com\/es\/producto\/cabina-de-ducha-de-3-lados-para-el-centro-de-la-habitacion-con-puerta-plegable-de-8-mm-de-vidrio-transparente-h195-box046.html#primaryimage"},"image":{"@id":"https:\/\/www.bagnoitalia.com\/es\/producto\/cabina-de-ducha-de-3-lados-para-el-centro-de-la-habitacion-con-puerta-plegable-de-8-mm-de-vidrio-transparente-h195-box046.html#primaryimage"},"thumbnailUrl":"https:\/\/img.bagnoitalia.com\/wp-content\/uploads\/virtuemart\/product\/3-sided-shower-enclosure-middle-room-box046-1_1543566867_717.jpg","datePublished":"2017-06-07T10:47:02+00:00","dateModified":"2025-06-14T04:47:33+00:00","description":"Cabina de ducha de 3 lados para instalaci\u00f3n en el centro de la habitaci\u00f3n con puerta plegable y cristal transparente de 8 mm, altura 195 cm","breadcrumb":{"@id":"https:\/\/www.bagnoitalia.com\/es\/producto\/cabina-de-ducha-de-3-lados-para-el-centro-de-la-habitacion-con-puerta-plegable-de-8-mm-de-vidrio-transparente-h195-box046.html#breadcrumb"},"inLanguage":"es","potentialAction":[{"@type":"ReadAction","target":["https:\/\/www.bagnoitalia.com\/es\/producto\/cabina-de-ducha-de-3-lados-para-el-centro-de-la-habitacion-con-puerta-plegable-de-8-mm-de-vidrio-transparente-h195-box046.html"]}]},{"@type":"ImageObject","inLanguage":"es","@id":"https:\/\/www.bagnoitalia.com\/es\/producto\/cabina-de-ducha-de-3-lados-para-el-centro-de-la-habitacion-con-puerta-plegable-de-8-mm-de-vidrio-transparente-h195-box046.html#primaryimage","url":"https:\/\/img.bagnoitalia.com\/wp-content\/uploads\/virtuemart\/product\/3-sided-shower-enclosure-middle-room-box046-1_1543566867_717.jpg","contentUrl":"https:\/\/img.bagnoitalia.com\/wp-content\/uploads\/virtuemart\/product\/3-sided-shower-enclosure-middle-room-box046-1_1543566867_717.jpg","width":501,"height":501},{"@type":"BreadcrumbList","@id":"https:\/\/www.bagnoitalia.com\/es\/producto\/cabina-de-ducha-de-3-lados-para-el-centro-de-la-habitacion-con-puerta-plegable-de-8-mm-de-vidrio-transparente-h195-box046.html#breadcrumb","itemListElement":[{"@type":"ListItem","position":1,"name":"Home","item":"https:\/\/www.bagnoitalia.com\/es"},{"@type":"ListItem","position":2,"name":"Productos","item":"https:\/\/www.bagnoitalia.com\/es\/shop"},{"@type":"ListItem","position":3,"name":"Cabina de Ducha de 3 Lados para el centro de la habitaci\u00f3n con puerta plegable de 8 mm de vidrio transparente H195 BOX046"}]},{"@type":"WebSite","@id":"https:\/\/www.bagnoitalia.com\/es#website","url":"https:\/\/www.bagnoitalia.com\/es","name":"Bagno Italia","description":"","publisher":{"@id":"https:\/\/www.bagnoitalia.com\/es#organization"},"potentialAction":[{"@type":"SearchAction","target":{"@type":"EntryPoint","urlTemplate":"https:\/\/www.bagnoitalia.com\/es?s={search_term_string}"},"query-input":{"@type":"PropertyValueSpecification","valueRequired":true,"valueName":"search_term_string"}}],"inLanguage":"es"},{"@type":"Organization","@id":"https:\/\/www.bagnoitalia.com\/es#organization","name":"Bagno Italia","url":"https:\/\/www.bagnoitalia.com\/es","logo":{"@type":"ImageObject","inLanguage":"es","@id":"https:\/\/www.bagnoitalia.com\/es#\/schema\/logo\/image\/","url":"https:\/\/img.bagnoitalia.com\/wp-content\/uploads\/logo-bagnoitalia.webp","contentUrl":"https:\/\/img.bagnoitalia.com\/wp-content\/uploads\/logo-bagnoitalia.webp","width":400,"height":70,"caption":"Bagno Italia"},"image":{"@id":"https:\/\/www.bagnoitalia.com\/es#\/schema\/logo\/image\/"}}]}},"_links":{"self":[{"href":"https:\/\/www.bagnoitalia.com\/es\/wp-json\/wp\/v2\/product\/80640","targetHints":{"allow":["GET"]}}],"collection":[{"href":"https:\/\/www.bagnoitalia.com\/es\/wp-json\/wp\/v2\/product"}],"about":[{"href":"https:\/\/www.bagnoitalia.com\/es\/wp-json\/wp\/v2\/types\/product"}],"replies":[{"embeddable":true,"href":"https:\/\/www.bagnoitalia.com\/es\/wp-json\/wp\/v2\/comments?post=80640"}],"version-history":[{"count":1,"href":"https:\/\/www.bagnoitalia.com\/es\/wp-json\/wp\/v2\/product\/80640\/revisions"}],"predecessor-version":[{"id":88781,"href":"https:\/\/www.bagnoitalia.com\/es\/wp-json\/wp\/v2\/product\/80640\/revisions\/88781"}],"wp:featuredmedia":[{"embeddable":true,"href":"https:\/\/www.bagnoitalia.com\/es\/wp-json\/wp\/v2\/media\/36610"}],"wp:attachment":[{"href":"https:\/\/www.bagnoitalia.com\/es\/wp-json\/wp\/v2\/media?parent=80640"}],"wp:term":[{"taxonomy":"product_brand","embeddable":true,"href":"https:\/\/www.bagnoitalia.com\/es\/wp-json\/wp\/v2\/product_brand?post=80640"},{"taxonomy":"product_cat","embeddable":true,"href":"https:\/\/www.bagnoitalia.com\/es\/wp-json\/wp\/v2\/product_cat?post=80640"},{"taxonomy":"product_tag","embeddable":true,"href":"https:\/\/www.bagnoitalia.com\/es\/wp-json\/wp\/v2\/product_tag?post=80640"}],"curies":[{"name":"wp","href":"https:\/\/api.w.org\/{rel}","templated":true}]}}