{"id":80568,"date":"2017-04-27T11:47:14","date_gmt":"2017-04-27T09:47:14","guid":{"rendered":"https:\/\/www.bagnoitalia.com\/product\/sauna-de-infrarrojos-120x105-o-153x110-para-exteriores-con-panel-de-control-de-ceramica-irradianti-con-radio-de-madera-mp3-hemlock-sn026"},"modified":"2026-02-09T16:12:52","modified_gmt":"2026-02-09T15:12:52","slug":"sauna-de-infrarrojos-120x105-o-153x110-para-exteriores-con-panel-de-control-de-ceramica-irradianti-con-radio-de-madera-mp3-hemlock-sn026","status":"publish","type":"product","link":"https:\/\/www.bagnoitalia.com\/es\/producto\/sauna-de-infrarrojos-120x105-o-153x110-para-exteriores-con-panel-de-control-de-ceramica-irradianti-con-radio-de-madera-mp3-hemlock-sn026.html","title":{"rendered":"Sauna de Infrarrojos 120&#215;105 o 153&#215;110 para exteriores con panel de control de cer\u00e1mica irradiante con radio MP3 madera Hemlock SN026"},"content":{"rendered":"<p><span style=\"text-decoration: underline; font-size: 14pt; color: #ff0000;\"><strong>Sauna de infrarrojos para exteriores 120&#215;105 con 7 irradiantes de cer\u00e1mica 2 puestos con radio de madera MP3 Hemlock<\/strong><\/span><\/p>\n<p><img fetchpriority=\"high\" decoding=\"async\" class=\" size-full wp-image-35990\" src=\"https:\/\/img.bagnoitalia.com\/wp-content\/uploads\/virtuemart\/product\/resized\/sauna-infarossi-120x105-da-esterno-con-tettino-dettaglio_239x239.jpg\" alt=\"sauna-infarossi-120x105-da-esterno-con-tettino-dettaglio\" width=\"239\" height=\"239\" srcset=\"https:\/\/img.bagnoitalia.com\/wp-content\/uploads\/virtuemart\/product\/resized\/sauna-infarossi-120x105-da-esterno-con-tettino-dettaglio_239x239.jpg 239w, https:\/\/img.bagnoitalia.com\/wp-content\/uploads\/virtuemart\/product\/resized\/sauna-infarossi-120x105-da-esterno-con-tettino-dettaglio_239x239-100x100.jpg 100w, https:\/\/img.bagnoitalia.com\/wp-content\/uploads\/virtuemart\/product\/resized\/sauna-infarossi-120x105-da-esterno-con-tettino-dettaglio_239x239-150x150.jpg 150w\" sizes=\"(max-width: 239px) 100vw, 239px\" \/><\/p>\n<p><span style=\"text-decoration: underline; font-size: 12pt;\"><strong>Caracter\u00edsticas t\u00e9cnicas:<\/strong><\/span><\/p>\n<p>&nbsp;<\/p>\n<p style=\"margin-bottom: 0cm;\"><span style=\"font-size: 12pt;\">&#8211; Medidas sin techo: 120x105xH250 cm.<\/span><\/p>\n<p style=\"margin-bottom: 0cm;\"><span style=\"font-size: 12pt;\">&#8211; Medidas con techo: 156x141xH250 cm.<\/span><\/p>\n<p style=\"margin-bottom: 0cm;\"><span style=\"font-size: 12pt;\">&#8211; Panel de control digital.<\/span><\/p>\n<p style=\"margin-bottom: 0cm;\"><span style=\"font-size: 12pt;\">&#8211; 7 radiadores de cer\u00e1mica infrarrojos.<\/span><\/p>\n<p style=\"margin-bottom: 0cm;\"><span style=\"font-size: 12pt;\">&#8211; Radio FM con soporte USB para reproducir archivos MP3 dentro de la sauna<\/span><\/p>\n<p style=\"margin-bottom: 0cm;\"><span style=\"font-size: 12pt;\">&#8211; Perfume terapia<\/span><\/p>\n<p style=\"margin-bottom: 0cm;\"><span style=\"font-size: 12pt;\">&#8211; Luz LED para cromoterapia en 7 colores.<\/span><\/p>\n<p style=\"margin-bottom: 0cm;\"><span style=\"font-size: 12pt;\">&#8211; Canopy hecho con tejas canadienses.<\/span><\/p>\n<p style=\"margin-bottom: 0cm;\"><span style=\"font-size: 12pt;\">&#8211; Temperatura m\u00ednima \/ m\u00e1xima: 18 a 65 \u00b0 C.<\/span><\/p>\n<p style=\"margin-bottom: 0cm;\"><span style=\"font-size: 12pt;\">&#8211; Potencia de la sauna: 2100 W.<\/span><\/p>\n<p style=\"margin-bottom: 0cm;\"><span style=\"font-size: 12pt;\">&#8211; Sauna hecha de madera de cicuta; Paredes exteriores en WPC (composites pl\u00e1sticos de madera).<\/span><\/p>\n<p>&nbsp;<\/p>\n<p>____________________________________________________________________________________________________________________________________<\/p>\n<p>&nbsp;<\/p>\n<p>&nbsp;<\/p>\n<p><span style=\"text-decoration: underline; font-size: 14pt; color: #ff0000;\"><strong>Sauna de infrarrojos al aire libre 153&#215;110 con 8 irradiantes en cer\u00e1mica 3 puestos con radio MP3 de madera Hemlock<\/strong><\/span><\/p>\n<p><img decoding=\"async\" class=\" size-full wp-image-35994\" src=\"https:\/\/img.bagnoitalia.com\/wp-content\/uploads\/virtuemart\/product\/resized\/sauna-infarossi-153x110-da-esterno-con-tettino-dettagli_239x239.jpg\" alt=\"sauna-infarossi-153x110-da-esterno-con-tettino-dettagli\" width=\"238\" height=\"239\" srcset=\"https:\/\/img.bagnoitalia.com\/wp-content\/uploads\/virtuemart\/product\/resized\/sauna-infarossi-153x110-da-esterno-con-tettino-dettagli_239x239.jpg 238w, https:\/\/img.bagnoitalia.com\/wp-content\/uploads\/virtuemart\/product\/resized\/sauna-infarossi-153x110-da-esterno-con-tettino-dettagli_239x239-100x100.jpg 100w, https:\/\/img.bagnoitalia.com\/wp-content\/uploads\/virtuemart\/product\/resized\/sauna-infarossi-153x110-da-esterno-con-tettino-dettagli_239x239-150x151.jpg 150w\" sizes=\"(max-width: 238px) 100vw, 238px\" \/><\/p>\n<p>&nbsp;<\/p>\n<p><span style=\"text-decoration: underline; font-size: 12pt;\"><strong>Caracter\u00edsticas t\u00e9cnicas:<\/strong><\/span><\/p>\n<p>&nbsp;<\/p>\n<p style=\"margin-bottom: 0cm;\"><span style=\"font-size: 12pt;\">&#8211; Medidas sin techo: 153x110xH250 cm.<\/span><\/p>\n<p style=\"margin-bottom: 0cm;\"><span style=\"font-size: 12pt;\">&#8211; Medidas con techo: 189x146xH250 cm.<\/span><\/p>\n<p style=\"margin-bottom: 0cm;\"><span style=\"font-size: 12pt;\">&#8211; Panel de control digital.<\/span><\/p>\n<p style=\"margin-bottom: 0cm;\"><span style=\"font-size: 12pt;\">&#8211; 8 radiadores de cer\u00e1mica infrarrojos.<\/span><\/p>\n<p style=\"margin-bottom: 0cm;\"><span style=\"font-size: 12pt;\">&#8211; Radio FM con soporte USB para reproducir archivos MP3 dentro de la sauna<\/span><\/p>\n<p style=\"margin-bottom: 0cm;\"><span style=\"font-size: 12pt;\">&#8211; Perfumer\u00eda<\/span><\/p>\n<p style=\"margin-bottom: 0cm;\"><span style=\"font-size: 12pt;\">&#8211; Luz LED para cromoterapia en 7 colores.<\/span><\/p>\n<p style=\"margin-bottom: 0cm;\"><span style=\"font-size: 12pt;\">&#8211; Canopy hecho con tejas canadienses.<\/span><\/p>\n<p style=\"margin-bottom: 0cm;\"><span style=\"font-size: 12pt;\">&#8211; Paredes exteriores hechas de WPC (compuestos pl\u00e1sticos de madera).<\/span><\/p>\n<p style=\"margin-bottom: 0cm;\"><span style=\"font-size: 12pt;\">&#8211; Temperatura m\u00ednima \/ m\u00e1xima: 18 a 65 \u00b0 C.<\/span><\/p>\n<p style=\"margin-bottom: 0cm;\"><span style=\"font-size: 12pt;\">&#8211; Potencia de sauna: 2400W.<\/span><\/p>\n<p style=\"margin-bottom: 0cm;\"><span style=\"font-size: 12pt;\">-Sauna hecha de madera de cicuta.<\/span><\/p>\n<p>&nbsp;<\/p>\n","protected":false},"excerpt":{"rendered":"<p>Sauna de infrarrojos al aire libre disponible en tama\u00f1os de 120&#215;105 o 153&#215;110 con irradianti de cer\u00e1mica, panel de control con radio MP3, de madera de hemlock<\/p>\n","protected":false},"featured_media":35950,"comment_status":"open","ping_status":"closed","template":"","meta":[],"product_brand":[9911],"product_cat":[9753],"product_tag":[],"class_list":{"0":"post-80568","1":"product","2":"type-product","3":"status-publish","4":"has-post-thumbnail","6":"product_brand-puntorelax-es","7":"product_cat-sauna-de-infrarrojos","9":"first","10":"instock","11":"sale","12":"taxable","13":"shipping-taxable","14":"purchasable","15":"product-type-simple"},"exclude_global_add_ons":false,"addons":[{"name":"dimensiones","type":"multiple_choice","position":0,"required":true,"title_format":"heading","default":"","description_enable":false,"description":"","placeholder_enable":false,"placeholder":"","display":"select","restrictions_type":"any_text","adjust_price":false,"price":"","price_type":"flat_fee","restrictions":false,"min":"0","max":"0","options":[{"label":"120x105xH250 cm","price":"","price_type":"quantity_based","image":0,"visibility":true},{"label":"153x110xH250 cm","price":"400","price_type":"quantity_based","image":0,"visibility":true}],"id":1716304505}],"yoast_head":"<!-- This site is optimized with the Yoast SEO plugin v26.7 - https:\/\/yoast.com\/wordpress\/plugins\/seo\/ -->\n<title>Sauna de infrarrojos 120x105 o 153x110 con panel de control de irradiaci\u00f3n de cer\u00e1mica con radio MP3, de madera Hemlock<\/title>\n<meta name=\"description\" content=\"Sauna de infrarrojos al aire libre disponible en tama\u00f1os de 120x105 o 153x110 con irradiante de cer\u00e1mica, panel de control con radio MP3, de madera de hemlock\" \/>\n<meta name=\"robots\" content=\"index, follow, max-snippet:-1, max-image-preview:large, max-video-preview:-1\" \/>\n<link rel=\"canonical\" href=\"https:\/\/www.bagnoitalia.com\/es\/producto\/sauna-de-infrarrojos-120x105-o-153x110-para-exteriores-con-panel-de-control-de-ceramica-irradianti-con-radio-de-madera-mp3-hemlock-sn026.html\" \/>\n<meta property=\"og:locale\" content=\"es_ES\" \/>\n<meta property=\"og:type\" content=\"article\" \/>\n<meta property=\"og:title\" content=\"Sauna de infrarrojos 120x105 o 153x110 con panel de control de irradiaci\u00f3n de cer\u00e1mica con radio MP3, de madera Hemlock\" \/>\n<meta property=\"og:description\" content=\"Sauna de infrarrojos al aire libre disponible en tama\u00f1os de 120x105 o 153x110 con irradiante de cer\u00e1mica, panel de control con radio MP3, de madera de hemlock\" \/>\n<meta property=\"og:url\" content=\"https:\/\/www.bagnoitalia.com\/es\/producto\/sauna-de-infrarrojos-120x105-o-153x110-para-exteriores-con-panel-de-control-de-ceramica-irradianti-con-radio-de-madera-mp3-hemlock-sn026.html\" \/>\n<meta property=\"og:site_name\" content=\"Bagno Italia\" \/>\n<meta property=\"article:modified_time\" content=\"2026-02-09T15:12:52+00:00\" \/>\n<meta property=\"og:image\" content=\"https:\/\/img.bagnoitalia.com\/wp-content\/uploads\/virtuemart\/product\/sauna-infarossi-da-esterno-con-tettino.jpg\" \/>\n\t<meta property=\"og:image:width\" content=\"550\" \/>\n\t<meta property=\"og:image:height\" content=\"550\" \/>\n\t<meta property=\"og:image:type\" content=\"image\/jpeg\" \/>\n<meta name=\"twitter:card\" content=\"summary_large_image\" \/>\n<meta name=\"twitter:label1\" content=\"Tiempo de lectura\" \/>\n\t<meta name=\"twitter:data1\" content=\"2 minutos\" \/>\n<script type=\"application\/ld+json\" class=\"yoast-schema-graph\">{\"@context\":\"https:\/\/schema.org\",\"@graph\":[{\"@type\":\"WebPage\",\"@id\":\"https:\/\/www.bagnoitalia.com\/es\/producto\/sauna-de-infrarrojos-120x105-o-153x110-para-exteriores-con-panel-de-control-de-ceramica-irradianti-con-radio-de-madera-mp3-hemlock-sn026.html\",\"url\":\"https:\/\/www.bagnoitalia.com\/es\/producto\/sauna-de-infrarrojos-120x105-o-153x110-para-exteriores-con-panel-de-control-de-ceramica-irradianti-con-radio-de-madera-mp3-hemlock-sn026.html\",\"name\":\"Sauna de infrarrojos 120x105 o 153x110 con panel de control de irradiaci\u00f3n de cer\u00e1mica con radio MP3, de madera Hemlock\",\"isPartOf\":{\"@id\":\"https:\/\/www.bagnoitalia.com\/es#website\"},\"primaryImageOfPage\":{\"@id\":\"https:\/\/www.bagnoitalia.com\/es\/producto\/sauna-de-infrarrojos-120x105-o-153x110-para-exteriores-con-panel-de-control-de-ceramica-irradianti-con-radio-de-madera-mp3-hemlock-sn026.html#primaryimage\"},\"image\":{\"@id\":\"https:\/\/www.bagnoitalia.com\/es\/producto\/sauna-de-infrarrojos-120x105-o-153x110-para-exteriores-con-panel-de-control-de-ceramica-irradianti-con-radio-de-madera-mp3-hemlock-sn026.html#primaryimage\"},\"thumbnailUrl\":\"https:\/\/img.bagnoitalia.com\/wp-content\/uploads\/virtuemart\/product\/sauna-infarossi-da-esterno-con-tettino.jpg\",\"datePublished\":\"2017-04-27T09:47:14+00:00\",\"dateModified\":\"2026-02-09T15:12:52+00:00\",\"description\":\"Sauna de infrarrojos al aire libre disponible en tama\u00f1os de 120x105 o 153x110 con irradiante de cer\u00e1mica, panel de control con radio MP3, de madera de hemlock\",\"breadcrumb\":{\"@id\":\"https:\/\/www.bagnoitalia.com\/es\/producto\/sauna-de-infrarrojos-120x105-o-153x110-para-exteriores-con-panel-de-control-de-ceramica-irradianti-con-radio-de-madera-mp3-hemlock-sn026.html#breadcrumb\"},\"inLanguage\":\"es\",\"potentialAction\":[{\"@type\":\"ReadAction\",\"target\":[\"https:\/\/www.bagnoitalia.com\/es\/producto\/sauna-de-infrarrojos-120x105-o-153x110-para-exteriores-con-panel-de-control-de-ceramica-irradianti-con-radio-de-madera-mp3-hemlock-sn026.html\"]}]},{\"@type\":\"ImageObject\",\"inLanguage\":\"es\",\"@id\":\"https:\/\/www.bagnoitalia.com\/es\/producto\/sauna-de-infrarrojos-120x105-o-153x110-para-exteriores-con-panel-de-control-de-ceramica-irradianti-con-radio-de-madera-mp3-hemlock-sn026.html#primaryimage\",\"url\":\"https:\/\/img.bagnoitalia.com\/wp-content\/uploads\/virtuemart\/product\/sauna-infarossi-da-esterno-con-tettino.jpg\",\"contentUrl\":\"https:\/\/img.bagnoitalia.com\/wp-content\/uploads\/virtuemart\/product\/sauna-infarossi-da-esterno-con-tettino.jpg\",\"width\":550,\"height\":550},{\"@type\":\"BreadcrumbList\",\"@id\":\"https:\/\/www.bagnoitalia.com\/es\/producto\/sauna-de-infrarrojos-120x105-o-153x110-para-exteriores-con-panel-de-control-de-ceramica-irradianti-con-radio-de-madera-mp3-hemlock-sn026.html#breadcrumb\",\"itemListElement\":[{\"@type\":\"ListItem\",\"position\":1,\"name\":\"Home\",\"item\":\"https:\/\/www.bagnoitalia.com\/es\"},{\"@type\":\"ListItem\",\"position\":2,\"name\":\"Productos\",\"item\":\"https:\/\/www.bagnoitalia.com\/es\/shop\"},{\"@type\":\"ListItem\",\"position\":3,\"name\":\"Sauna de Infrarrojos 120&#215;105 o 153&#215;110 para exteriores con panel de control de cer\u00e1mica irradiante con radio MP3 madera Hemlock SN026\"}]},{\"@type\":\"WebSite\",\"@id\":\"https:\/\/www.bagnoitalia.com\/es#website\",\"url\":\"https:\/\/www.bagnoitalia.com\/es\",\"name\":\"Bagno Italia\",\"description\":\"\",\"publisher\":{\"@id\":\"https:\/\/www.bagnoitalia.com\/es#organization\"},\"potentialAction\":[{\"@type\":\"SearchAction\",\"target\":{\"@type\":\"EntryPoint\",\"urlTemplate\":\"https:\/\/www.bagnoitalia.com\/es?s={search_term_string}\"},\"query-input\":{\"@type\":\"PropertyValueSpecification\",\"valueRequired\":true,\"valueName\":\"search_term_string\"}}],\"inLanguage\":\"es\"},{\"@type\":\"Organization\",\"@id\":\"https:\/\/www.bagnoitalia.com\/es#organization\",\"name\":\"Bagno Italia\",\"url\":\"https:\/\/www.bagnoitalia.com\/es\",\"logo\":{\"@type\":\"ImageObject\",\"inLanguage\":\"es\",\"@id\":\"https:\/\/www.bagnoitalia.com\/es#\/schema\/logo\/image\/\",\"url\":\"https:\/\/img.bagnoitalia.com\/wp-content\/uploads\/logo-bagnoitalia.webp\",\"contentUrl\":\"https:\/\/img.bagnoitalia.com\/wp-content\/uploads\/logo-bagnoitalia.webp\",\"width\":400,\"height\":70,\"caption\":\"Bagno Italia\"},\"image\":{\"@id\":\"https:\/\/www.bagnoitalia.com\/es#\/schema\/logo\/image\/\"}}]}<\/script>\n<!-- \/ Yoast SEO plugin. -->","yoast_head_json":{"title":"Sauna de infrarrojos 120x105 o 153x110 con panel de control de irradiaci\u00f3n de cer\u00e1mica con radio MP3, de madera Hemlock","description":"Sauna de infrarrojos al aire libre disponible en tama\u00f1os de 120x105 o 153x110 con irradiante de cer\u00e1mica, panel de control con radio MP3, de madera de hemlock","robots":{"index":"index","follow":"follow","max-snippet":"max-snippet:-1","max-image-preview":"max-image-preview:large","max-video-preview":"max-video-preview:-1"},"canonical":"https:\/\/www.bagnoitalia.com\/es\/producto\/sauna-de-infrarrojos-120x105-o-153x110-para-exteriores-con-panel-de-control-de-ceramica-irradianti-con-radio-de-madera-mp3-hemlock-sn026.html","og_locale":"es_ES","og_type":"article","og_title":"Sauna de infrarrojos 120x105 o 153x110 con panel de control de irradiaci\u00f3n de cer\u00e1mica con radio MP3, de madera Hemlock","og_description":"Sauna de infrarrojos al aire libre disponible en tama\u00f1os de 120x105 o 153x110 con irradiante de cer\u00e1mica, panel de control con radio MP3, de madera de hemlock","og_url":"https:\/\/www.bagnoitalia.com\/es\/producto\/sauna-de-infrarrojos-120x105-o-153x110-para-exteriores-con-panel-de-control-de-ceramica-irradianti-con-radio-de-madera-mp3-hemlock-sn026.html","og_site_name":"Bagno Italia","article_modified_time":"2026-02-09T15:12:52+00:00","og_image":[{"width":550,"height":550,"url":"https:\/\/img.bagnoitalia.com\/wp-content\/uploads\/virtuemart\/product\/sauna-infarossi-da-esterno-con-tettino.jpg","type":"image\/jpeg"}],"twitter_card":"summary_large_image","twitter_misc":{"Tiempo de lectura":"2 minutos"},"schema":{"@context":"https:\/\/schema.org","@graph":[{"@type":"WebPage","@id":"https:\/\/www.bagnoitalia.com\/es\/producto\/sauna-de-infrarrojos-120x105-o-153x110-para-exteriores-con-panel-de-control-de-ceramica-irradianti-con-radio-de-madera-mp3-hemlock-sn026.html","url":"https:\/\/www.bagnoitalia.com\/es\/producto\/sauna-de-infrarrojos-120x105-o-153x110-para-exteriores-con-panel-de-control-de-ceramica-irradianti-con-radio-de-madera-mp3-hemlock-sn026.html","name":"Sauna de infrarrojos 120x105 o 153x110 con panel de control de irradiaci\u00f3n de cer\u00e1mica con radio MP3, de madera Hemlock","isPartOf":{"@id":"https:\/\/www.bagnoitalia.com\/es#website"},"primaryImageOfPage":{"@id":"https:\/\/www.bagnoitalia.com\/es\/producto\/sauna-de-infrarrojos-120x105-o-153x110-para-exteriores-con-panel-de-control-de-ceramica-irradianti-con-radio-de-madera-mp3-hemlock-sn026.html#primaryimage"},"image":{"@id":"https:\/\/www.bagnoitalia.com\/es\/producto\/sauna-de-infrarrojos-120x105-o-153x110-para-exteriores-con-panel-de-control-de-ceramica-irradianti-con-radio-de-madera-mp3-hemlock-sn026.html#primaryimage"},"thumbnailUrl":"https:\/\/img.bagnoitalia.com\/wp-content\/uploads\/virtuemart\/product\/sauna-infarossi-da-esterno-con-tettino.jpg","datePublished":"2017-04-27T09:47:14+00:00","dateModified":"2026-02-09T15:12:52+00:00","description":"Sauna de infrarrojos al aire libre disponible en tama\u00f1os de 120x105 o 153x110 con irradiante de cer\u00e1mica, panel de control con radio MP3, de madera de hemlock","breadcrumb":{"@id":"https:\/\/www.bagnoitalia.com\/es\/producto\/sauna-de-infrarrojos-120x105-o-153x110-para-exteriores-con-panel-de-control-de-ceramica-irradianti-con-radio-de-madera-mp3-hemlock-sn026.html#breadcrumb"},"inLanguage":"es","potentialAction":[{"@type":"ReadAction","target":["https:\/\/www.bagnoitalia.com\/es\/producto\/sauna-de-infrarrojos-120x105-o-153x110-para-exteriores-con-panel-de-control-de-ceramica-irradianti-con-radio-de-madera-mp3-hemlock-sn026.html"]}]},{"@type":"ImageObject","inLanguage":"es","@id":"https:\/\/www.bagnoitalia.com\/es\/producto\/sauna-de-infrarrojos-120x105-o-153x110-para-exteriores-con-panel-de-control-de-ceramica-irradianti-con-radio-de-madera-mp3-hemlock-sn026.html#primaryimage","url":"https:\/\/img.bagnoitalia.com\/wp-content\/uploads\/virtuemart\/product\/sauna-infarossi-da-esterno-con-tettino.jpg","contentUrl":"https:\/\/img.bagnoitalia.com\/wp-content\/uploads\/virtuemart\/product\/sauna-infarossi-da-esterno-con-tettino.jpg","width":550,"height":550},{"@type":"BreadcrumbList","@id":"https:\/\/www.bagnoitalia.com\/es\/producto\/sauna-de-infrarrojos-120x105-o-153x110-para-exteriores-con-panel-de-control-de-ceramica-irradianti-con-radio-de-madera-mp3-hemlock-sn026.html#breadcrumb","itemListElement":[{"@type":"ListItem","position":1,"name":"Home","item":"https:\/\/www.bagnoitalia.com\/es"},{"@type":"ListItem","position":2,"name":"Productos","item":"https:\/\/www.bagnoitalia.com\/es\/shop"},{"@type":"ListItem","position":3,"name":"Sauna de Infrarrojos 120&#215;105 o 153&#215;110 para exteriores con panel de control de cer\u00e1mica irradiante con radio MP3 madera Hemlock SN026"}]},{"@type":"WebSite","@id":"https:\/\/www.bagnoitalia.com\/es#website","url":"https:\/\/www.bagnoitalia.com\/es","name":"Bagno Italia","description":"","publisher":{"@id":"https:\/\/www.bagnoitalia.com\/es#organization"},"potentialAction":[{"@type":"SearchAction","target":{"@type":"EntryPoint","urlTemplate":"https:\/\/www.bagnoitalia.com\/es?s={search_term_string}"},"query-input":{"@type":"PropertyValueSpecification","valueRequired":true,"valueName":"search_term_string"}}],"inLanguage":"es"},{"@type":"Organization","@id":"https:\/\/www.bagnoitalia.com\/es#organization","name":"Bagno Italia","url":"https:\/\/www.bagnoitalia.com\/es","logo":{"@type":"ImageObject","inLanguage":"es","@id":"https:\/\/www.bagnoitalia.com\/es#\/schema\/logo\/image\/","url":"https:\/\/img.bagnoitalia.com\/wp-content\/uploads\/logo-bagnoitalia.webp","contentUrl":"https:\/\/img.bagnoitalia.com\/wp-content\/uploads\/logo-bagnoitalia.webp","width":400,"height":70,"caption":"Bagno Italia"},"image":{"@id":"https:\/\/www.bagnoitalia.com\/es#\/schema\/logo\/image\/"}}]}},"_links":{"self":[{"href":"https:\/\/www.bagnoitalia.com\/es\/wp-json\/wp\/v2\/product\/80568","targetHints":{"allow":["GET"]}}],"collection":[{"href":"https:\/\/www.bagnoitalia.com\/es\/wp-json\/wp\/v2\/product"}],"about":[{"href":"https:\/\/www.bagnoitalia.com\/es\/wp-json\/wp\/v2\/types\/product"}],"replies":[{"embeddable":true,"href":"https:\/\/www.bagnoitalia.com\/es\/wp-json\/wp\/v2\/comments?post=80568"}],"version-history":[{"count":2,"href":"https:\/\/www.bagnoitalia.com\/es\/wp-json\/wp\/v2\/product\/80568\/revisions"}],"predecessor-version":[{"id":96191,"href":"https:\/\/www.bagnoitalia.com\/es\/wp-json\/wp\/v2\/product\/80568\/revisions\/96191"}],"wp:featuredmedia":[{"embeddable":true,"href":"https:\/\/www.bagnoitalia.com\/es\/wp-json\/wp\/v2\/media\/35950"}],"wp:attachment":[{"href":"https:\/\/www.bagnoitalia.com\/es\/wp-json\/wp\/v2\/media?parent=80568"}],"wp:term":[{"taxonomy":"product_brand","embeddable":true,"href":"https:\/\/www.bagnoitalia.com\/es\/wp-json\/wp\/v2\/product_brand?post=80568"},{"taxonomy":"product_cat","embeddable":true,"href":"https:\/\/www.bagnoitalia.com\/es\/wp-json\/wp\/v2\/product_cat?post=80568"},{"taxonomy":"product_tag","embeddable":true,"href":"https:\/\/www.bagnoitalia.com\/es\/wp-json\/wp\/v2\/product_tag?post=80568"}],"curies":[{"name":"wp","href":"https:\/\/api.w.org\/{rel}","templated":true}]}}