{"id":80516,"date":"2017-03-24T13:23:00","date_gmt":"2017-03-24T12:23:00","guid":{"rendered":"https:\/\/www.bagnoitalia.com\/product\/teseo-moderno-mobiliario-de-exterior-con-dos-sillones-y-una-mesita"},"modified":"2024-05-10T23:50:45","modified_gmt":"2024-05-10T21:50:45","slug":"teseo-moderno-mobiliario-de-exterior-con-dos-sillones-y-una-mesita","status":"publish","type":"product","link":"https:\/\/www.bagnoitalia.com\/es\/producto\/teseo-moderno-mobiliario-de-exterior-con-dos-sillones-y-una-mesita.html","title":{"rendered":"Teseo moderno mobiliario de exterior con 2 sillones y una mesa."},"content":{"rendered":"<h1 class=\"western\" style=\"margin: 0cm 0px; font-size: 36px; font-family: ABeeZee,Verdana,sans-serif; font-weight: normal; line-height: 0.6; color: #333333; font-style: normal; letter-spacing: normal; text-align: start; text-indent: 0px; text-transform: none; white-space: normal; word-spacing: 0px; background-color: #ffffff;\"><span style=\"font-size: small;\">Sillones: medidas 65&#215;66 cm.<\/span><\/h1>\n<h1 class=\"western\" style=\"margin: 0cm 0px; font-size: 36px; font-family: ABeeZee,Verdana,sans-serif; font-weight: normal; line-height: 0.6; color: #333333; font-style: normal; letter-spacing: normal; text-align: start; text-indent: 0px; text-transform: none; white-space: normal; word-spacing: 0px; background-color: #ffffff;\"><span style=\"font-size: small;\">Mesa de centro: mide 65&#215;36 cm.<\/span><\/h1>\n<h1 class=\"western\" style=\"margin: 0cm 0px; font-size: 36px; font-family: ABeeZee,Verdana,sans-serif; font-weight: normal; line-height: 0.6; color: #333333; font-style: normal; letter-spacing: normal; text-align: start; text-indent: 0px; text-transform: none; white-space: normal; word-spacing: 0px; background-color: #ffffff;\"><span style=\"font-size: small;\">Mobiliario completo con cojines blancos de 8cm de espesor.<\/span><\/h1>\n<h1 class=\"western\" style=\"margin: 0cm 0px; font-size: 36px; font-family: ABeeZee,Verdana,sans-serif; font-weight: 500; line-height: 0.6; color: #333333; font-style: normal; letter-spacing: normal; text-align: start; text-indent: 0px; text-transform: none; white-space: normal; word-spacing: 0px; background-color: #ffffff;\"><\/h1>\n<p style=\"margin: 0px 0px 0cm; line-height: 2; color: #333333; font-family: ABeeZee,Verdana,sans-serif; font-size: 12px; font-style: normal; font-weight: normal; letter-spacing: normal; text-align: start; text-indent: 0px; text-transform: none; white-space: normal; word-spacing: 0px; background-color: #ffffff;\"><span style=\"font-size: medium;\"><strong style=\"font-weight: bold;\"><span style=\"text-decoration: underline;\">caracter\u00edsticas:<\/span><\/strong><\/span><\/p>\n<ul style=\"margin-top: 0px; margin-bottom: 10px; color: #333333; font-family: ABeeZee,Verdana,sans-serif; font-size: 12px; font-style: normal; font-weight: normal; letter-spacing: normal; text-align: start; text-indent: 0px; text-transform: none; white-space: normal; word-spacing: 0px; background-color: #ffffff;\">\n<li class=\"western\" style=\"margin-top: 0cm; margin-bottom: 0cm; font-weight: normal;\"><span style=\"font-size: small;\">Producto resistente a todo tipo de clima y utilizable en todas las estaciones del a\u00f1o.<\/span><\/li>\n<li class=\"western\" style=\"margin-top: 0cm; margin-bottom: 0cm; font-weight: normal;\"><span style=\"font-size: small;\">F\u00e1cil de lavar;<\/span><\/li>\n<li class=\"western\" style=\"margin-top: 0cm; margin-bottom: 0cm; font-weight: normal;\"><span style=\"font-size: small;\">Acabado a mano<\/span><\/li>\n<li class=\"western\" style=\"margin-top: 0cm; margin-bottom: 0cm; font-weight: normal;\"><span style=\"font-size: small;\">Forro de cojines extra\u00edbles<\/span><\/li>\n<li class=\"western\" style=\"margin-top: 0cm; margin-bottom: 0cm; font-weight: normal;\"><span style=\"font-size: small;\">Resistencia al agua salada;<\/span><\/li>\n<li class=\"western\" style=\"margin-top: 0cm; margin-bottom: 0cm; font-weight: normal;\"><span style=\"font-size: small;\">Muebles 100% polyrattan de excelente calidad.<\/span><\/li>\n<li class=\"western\" style=\"margin-top: 0cm; margin-bottom: 0cm; font-weight: normal;\"><span style=\"font-size: small;\">Resistente a los rayos UV y anti-fading.<\/span><\/li>\n<li class=\"western\" style=\"margin-top: 0cm; margin-bottom: 0cm; font-weight: normal;\"><span style=\"font-size: small;\">Cojines impermeables<\/span><\/li>\n<li class=\"western\" style=\"margin-top: 0cm; margin-bottom: 0cm; font-weight: normal;\"><span style=\"font-size: small;\">Marco reforzado<\/span><\/li>\n<\/ul>\n","protected":false},"excerpt":{"rendered":"<p>Muebles de exterior de estilo moderno compuestos por dos sillones de 65&#215;66 y una mesa de 65&#215;36 con cojines blancos<\/p>\n","protected":false},"featured_media":35666,"comment_status":"open","ping_status":"closed","template":"","meta":[],"product_brand":[9926],"product_cat":[10029,9785],"product_tag":[],"class_list":{"0":"post-80516","1":"product","2":"type-product","3":"status-publish","4":"has-post-thumbnail","6":"product_brand-predator-arredo-casa-es","7":"product_cat-mesas-con-sillas","8":"product_cat-muebles-de-exterior","10":"first","11":"instock","12":"sale","13":"taxable","14":"shipping-taxable","15":"purchasable","16":"product-type-simple"},"exclude_global_add_ons":[],"addons":[],"yoast_head":"<!-- This site is optimized with the Yoast SEO plugin v26.7 - https:\/\/yoast.com\/wordpress\/plugins\/seo\/ -->\n<title>Muebles de exterior Theseus con sillones y una mesa peque\u00f1a.<\/title>\n<meta name=\"description\" content=\"Muebles de exterior de dise\u00f1o moderno que consisten en dos sillones peque\u00f1os de 65x66 y una mesa peque\u00f1a de 65x36 incluida con cojines blancos\" \/>\n<meta name=\"robots\" content=\"index, follow, max-snippet:-1, max-image-preview:large, max-video-preview:-1\" \/>\n<link rel=\"canonical\" href=\"https:\/\/www.bagnoitalia.com\/es\/producto\/teseo-moderno-mobiliario-de-exterior-con-dos-sillones-y-una-mesita.html\" \/>\n<meta property=\"og:locale\" content=\"es_ES\" \/>\n<meta property=\"og:type\" content=\"article\" \/>\n<meta property=\"og:title\" content=\"Muebles de exterior Theseus con sillones y una mesa peque\u00f1a.\" \/>\n<meta property=\"og:description\" content=\"Muebles de exterior de dise\u00f1o moderno que consisten en dos sillones peque\u00f1os de 65x66 y una mesa peque\u00f1a de 65x36 incluida con cojines blancos\" \/>\n<meta property=\"og:url\" content=\"https:\/\/www.bagnoitalia.com\/es\/producto\/teseo-moderno-mobiliario-de-exterior-con-dos-sillones-y-una-mesita.html\" \/>\n<meta property=\"og:site_name\" content=\"Bagno Italia\" \/>\n<meta property=\"article:modified_time\" content=\"2024-05-10T21:50:45+00:00\" \/>\n<meta property=\"og:image\" content=\"https:\/\/img.bagnoitalia.com\/wp-content\/uploads\/virtuemart\/product\/Modern-outdoor-furniture-two-armchairs-small-table-Theseus-model-1_1541164161_19.jpg\" \/>\n\t<meta property=\"og:image:width\" content=\"200\" \/>\n\t<meta property=\"og:image:height\" content=\"200\" \/>\n\t<meta property=\"og:image:type\" content=\"image\/jpeg\" \/>\n<meta name=\"twitter:card\" content=\"summary_large_image\" \/>\n<script type=\"application\/ld+json\" class=\"yoast-schema-graph\">{\"@context\":\"https:\/\/schema.org\",\"@graph\":[{\"@type\":\"WebPage\",\"@id\":\"https:\/\/www.bagnoitalia.com\/es\/producto\/teseo-moderno-mobiliario-de-exterior-con-dos-sillones-y-una-mesita.html\",\"url\":\"https:\/\/www.bagnoitalia.com\/es\/producto\/teseo-moderno-mobiliario-de-exterior-con-dos-sillones-y-una-mesita.html\",\"name\":\"Muebles de exterior Theseus con sillones y una mesa peque\u00f1a.\",\"isPartOf\":{\"@id\":\"https:\/\/www.bagnoitalia.com\/es#website\"},\"primaryImageOfPage\":{\"@id\":\"https:\/\/www.bagnoitalia.com\/es\/producto\/teseo-moderno-mobiliario-de-exterior-con-dos-sillones-y-una-mesita.html#primaryimage\"},\"image\":{\"@id\":\"https:\/\/www.bagnoitalia.com\/es\/producto\/teseo-moderno-mobiliario-de-exterior-con-dos-sillones-y-una-mesita.html#primaryimage\"},\"thumbnailUrl\":\"https:\/\/img.bagnoitalia.com\/wp-content\/uploads\/virtuemart\/product\/Modern-outdoor-furniture-two-armchairs-small-table-Theseus-model-1_1541164161_19.jpg\",\"datePublished\":\"2017-03-24T12:23:00+00:00\",\"dateModified\":\"2024-05-10T21:50:45+00:00\",\"description\":\"Muebles de exterior de dise\u00f1o moderno que consisten en dos sillones peque\u00f1os de 65x66 y una mesa peque\u00f1a de 65x36 incluida con cojines blancos\",\"breadcrumb\":{\"@id\":\"https:\/\/www.bagnoitalia.com\/es\/producto\/teseo-moderno-mobiliario-de-exterior-con-dos-sillones-y-una-mesita.html#breadcrumb\"},\"inLanguage\":\"es\",\"potentialAction\":[{\"@type\":\"ReadAction\",\"target\":[\"https:\/\/www.bagnoitalia.com\/es\/producto\/teseo-moderno-mobiliario-de-exterior-con-dos-sillones-y-una-mesita.html\"]}]},{\"@type\":\"ImageObject\",\"inLanguage\":\"es\",\"@id\":\"https:\/\/www.bagnoitalia.com\/es\/producto\/teseo-moderno-mobiliario-de-exterior-con-dos-sillones-y-una-mesita.html#primaryimage\",\"url\":\"https:\/\/img.bagnoitalia.com\/wp-content\/uploads\/virtuemart\/product\/Modern-outdoor-furniture-two-armchairs-small-table-Theseus-model-1_1541164161_19.jpg\",\"contentUrl\":\"https:\/\/img.bagnoitalia.com\/wp-content\/uploads\/virtuemart\/product\/Modern-outdoor-furniture-two-armchairs-small-table-Theseus-model-1_1541164161_19.jpg\",\"width\":200,\"height\":200},{\"@type\":\"BreadcrumbList\",\"@id\":\"https:\/\/www.bagnoitalia.com\/es\/producto\/teseo-moderno-mobiliario-de-exterior-con-dos-sillones-y-una-mesita.html#breadcrumb\",\"itemListElement\":[{\"@type\":\"ListItem\",\"position\":1,\"name\":\"Home\",\"item\":\"https:\/\/www.bagnoitalia.com\/es\"},{\"@type\":\"ListItem\",\"position\":2,\"name\":\"Productos\",\"item\":\"https:\/\/www.bagnoitalia.com\/es\/shop\"},{\"@type\":\"ListItem\",\"position\":3,\"name\":\"Teseo moderno mobiliario de exterior con 2 sillones y una mesa.\"}]},{\"@type\":\"WebSite\",\"@id\":\"https:\/\/www.bagnoitalia.com\/es#website\",\"url\":\"https:\/\/www.bagnoitalia.com\/es\",\"name\":\"Bagno Italia\",\"description\":\"\",\"publisher\":{\"@id\":\"https:\/\/www.bagnoitalia.com\/es#organization\"},\"potentialAction\":[{\"@type\":\"SearchAction\",\"target\":{\"@type\":\"EntryPoint\",\"urlTemplate\":\"https:\/\/www.bagnoitalia.com\/es?s={search_term_string}\"},\"query-input\":{\"@type\":\"PropertyValueSpecification\",\"valueRequired\":true,\"valueName\":\"search_term_string\"}}],\"inLanguage\":\"es\"},{\"@type\":\"Organization\",\"@id\":\"https:\/\/www.bagnoitalia.com\/es#organization\",\"name\":\"Bagno Italia\",\"url\":\"https:\/\/www.bagnoitalia.com\/es\",\"logo\":{\"@type\":\"ImageObject\",\"inLanguage\":\"es\",\"@id\":\"https:\/\/www.bagnoitalia.com\/es#\/schema\/logo\/image\/\",\"url\":\"https:\/\/img.bagnoitalia.com\/wp-content\/uploads\/logo-bagnoitalia.webp\",\"contentUrl\":\"https:\/\/img.bagnoitalia.com\/wp-content\/uploads\/logo-bagnoitalia.webp\",\"width\":400,\"height\":70,\"caption\":\"Bagno Italia\"},\"image\":{\"@id\":\"https:\/\/www.bagnoitalia.com\/es#\/schema\/logo\/image\/\"}}]}<\/script>\n<!-- \/ Yoast SEO plugin. -->","yoast_head_json":{"title":"Muebles de exterior Theseus con sillones y una mesa peque\u00f1a.","description":"Muebles de exterior de dise\u00f1o moderno que consisten en dos sillones peque\u00f1os de 65x66 y una mesa peque\u00f1a de 65x36 incluida con cojines blancos","robots":{"index":"index","follow":"follow","max-snippet":"max-snippet:-1","max-image-preview":"max-image-preview:large","max-video-preview":"max-video-preview:-1"},"canonical":"https:\/\/www.bagnoitalia.com\/es\/producto\/teseo-moderno-mobiliario-de-exterior-con-dos-sillones-y-una-mesita.html","og_locale":"es_ES","og_type":"article","og_title":"Muebles de exterior Theseus con sillones y una mesa peque\u00f1a.","og_description":"Muebles de exterior de dise\u00f1o moderno que consisten en dos sillones peque\u00f1os de 65x66 y una mesa peque\u00f1a de 65x36 incluida con cojines blancos","og_url":"https:\/\/www.bagnoitalia.com\/es\/producto\/teseo-moderno-mobiliario-de-exterior-con-dos-sillones-y-una-mesita.html","og_site_name":"Bagno Italia","article_modified_time":"2024-05-10T21:50:45+00:00","og_image":[{"width":200,"height":200,"url":"https:\/\/img.bagnoitalia.com\/wp-content\/uploads\/virtuemart\/product\/Modern-outdoor-furniture-two-armchairs-small-table-Theseus-model-1_1541164161_19.jpg","type":"image\/jpeg"}],"twitter_card":"summary_large_image","schema":{"@context":"https:\/\/schema.org","@graph":[{"@type":"WebPage","@id":"https:\/\/www.bagnoitalia.com\/es\/producto\/teseo-moderno-mobiliario-de-exterior-con-dos-sillones-y-una-mesita.html","url":"https:\/\/www.bagnoitalia.com\/es\/producto\/teseo-moderno-mobiliario-de-exterior-con-dos-sillones-y-una-mesita.html","name":"Muebles de exterior Theseus con sillones y una mesa peque\u00f1a.","isPartOf":{"@id":"https:\/\/www.bagnoitalia.com\/es#website"},"primaryImageOfPage":{"@id":"https:\/\/www.bagnoitalia.com\/es\/producto\/teseo-moderno-mobiliario-de-exterior-con-dos-sillones-y-una-mesita.html#primaryimage"},"image":{"@id":"https:\/\/www.bagnoitalia.com\/es\/producto\/teseo-moderno-mobiliario-de-exterior-con-dos-sillones-y-una-mesita.html#primaryimage"},"thumbnailUrl":"https:\/\/img.bagnoitalia.com\/wp-content\/uploads\/virtuemart\/product\/Modern-outdoor-furniture-two-armchairs-small-table-Theseus-model-1_1541164161_19.jpg","datePublished":"2017-03-24T12:23:00+00:00","dateModified":"2024-05-10T21:50:45+00:00","description":"Muebles de exterior de dise\u00f1o moderno que consisten en dos sillones peque\u00f1os de 65x66 y una mesa peque\u00f1a de 65x36 incluida con cojines blancos","breadcrumb":{"@id":"https:\/\/www.bagnoitalia.com\/es\/producto\/teseo-moderno-mobiliario-de-exterior-con-dos-sillones-y-una-mesita.html#breadcrumb"},"inLanguage":"es","potentialAction":[{"@type":"ReadAction","target":["https:\/\/www.bagnoitalia.com\/es\/producto\/teseo-moderno-mobiliario-de-exterior-con-dos-sillones-y-una-mesita.html"]}]},{"@type":"ImageObject","inLanguage":"es","@id":"https:\/\/www.bagnoitalia.com\/es\/producto\/teseo-moderno-mobiliario-de-exterior-con-dos-sillones-y-una-mesita.html#primaryimage","url":"https:\/\/img.bagnoitalia.com\/wp-content\/uploads\/virtuemart\/product\/Modern-outdoor-furniture-two-armchairs-small-table-Theseus-model-1_1541164161_19.jpg","contentUrl":"https:\/\/img.bagnoitalia.com\/wp-content\/uploads\/virtuemart\/product\/Modern-outdoor-furniture-two-armchairs-small-table-Theseus-model-1_1541164161_19.jpg","width":200,"height":200},{"@type":"BreadcrumbList","@id":"https:\/\/www.bagnoitalia.com\/es\/producto\/teseo-moderno-mobiliario-de-exterior-con-dos-sillones-y-una-mesita.html#breadcrumb","itemListElement":[{"@type":"ListItem","position":1,"name":"Home","item":"https:\/\/www.bagnoitalia.com\/es"},{"@type":"ListItem","position":2,"name":"Productos","item":"https:\/\/www.bagnoitalia.com\/es\/shop"},{"@type":"ListItem","position":3,"name":"Teseo moderno mobiliario de exterior con 2 sillones y una mesa."}]},{"@type":"WebSite","@id":"https:\/\/www.bagnoitalia.com\/es#website","url":"https:\/\/www.bagnoitalia.com\/es","name":"Bagno Italia","description":"","publisher":{"@id":"https:\/\/www.bagnoitalia.com\/es#organization"},"potentialAction":[{"@type":"SearchAction","target":{"@type":"EntryPoint","urlTemplate":"https:\/\/www.bagnoitalia.com\/es?s={search_term_string}"},"query-input":{"@type":"PropertyValueSpecification","valueRequired":true,"valueName":"search_term_string"}}],"inLanguage":"es"},{"@type":"Organization","@id":"https:\/\/www.bagnoitalia.com\/es#organization","name":"Bagno Italia","url":"https:\/\/www.bagnoitalia.com\/es","logo":{"@type":"ImageObject","inLanguage":"es","@id":"https:\/\/www.bagnoitalia.com\/es#\/schema\/logo\/image\/","url":"https:\/\/img.bagnoitalia.com\/wp-content\/uploads\/logo-bagnoitalia.webp","contentUrl":"https:\/\/img.bagnoitalia.com\/wp-content\/uploads\/logo-bagnoitalia.webp","width":400,"height":70,"caption":"Bagno Italia"},"image":{"@id":"https:\/\/www.bagnoitalia.com\/es#\/schema\/logo\/image\/"}}]}},"_links":{"self":[{"href":"https:\/\/www.bagnoitalia.com\/es\/wp-json\/wp\/v2\/product\/80516","targetHints":{"allow":["GET"]}}],"collection":[{"href":"https:\/\/www.bagnoitalia.com\/es\/wp-json\/wp\/v2\/product"}],"about":[{"href":"https:\/\/www.bagnoitalia.com\/es\/wp-json\/wp\/v2\/types\/product"}],"replies":[{"embeddable":true,"href":"https:\/\/www.bagnoitalia.com\/es\/wp-json\/wp\/v2\/comments?post=80516"}],"version-history":[{"count":0,"href":"https:\/\/www.bagnoitalia.com\/es\/wp-json\/wp\/v2\/product\/80516\/revisions"}],"wp:featuredmedia":[{"embeddable":true,"href":"https:\/\/www.bagnoitalia.com\/es\/wp-json\/wp\/v2\/media\/35666"}],"wp:attachment":[{"href":"https:\/\/www.bagnoitalia.com\/es\/wp-json\/wp\/v2\/media?parent=80516"}],"wp:term":[{"taxonomy":"product_brand","embeddable":true,"href":"https:\/\/www.bagnoitalia.com\/es\/wp-json\/wp\/v2\/product_brand?post=80516"},{"taxonomy":"product_cat","embeddable":true,"href":"https:\/\/www.bagnoitalia.com\/es\/wp-json\/wp\/v2\/product_cat?post=80516"},{"taxonomy":"product_tag","embeddable":true,"href":"https:\/\/www.bagnoitalia.com\/es\/wp-json\/wp\/v2\/product_tag?post=80516"}],"curies":[{"name":"wp","href":"https:\/\/api.w.org\/{rel}","templated":true}]}}