{"id":80504,"date":"2017-03-16T15:23:43","date_gmt":"2017-03-16T14:23:43","guid":{"rendered":"https:\/\/www.bagnoitalia.com\/product\/muebles-de-exterior-elodie-cama-mecedora-para-una-estructura-de-hierro-cuadrada-y-media"},"modified":"2024-05-10T23:50:08","modified_gmt":"2024-05-10T21:50:08","slug":"muebles-de-exterior-elodie-cama-mecedora-para-una-estructura-de-hierro-cuadrada-y-media","status":"publish","type":"product","link":"https:\/\/www.bagnoitalia.com\/es\/producto\/muebles-de-exterior-elodie-cama-mecedora-para-una-estructura-de-hierro-cuadrada-y-media.html","title":{"rendered":"Mueble de exterior Cama-Mecedora Elodie, en estructura de hierro cuadrada y media"},"content":{"rendered":"<p style=\"margin-bottom: 0cm;\"><span style=\"font-size: 10pt;\">Este complemento para exteriores con l\u00edneas cl\u00e1sicas y elegantes, ideal para darle un toque de estilo a su jard\u00edn. No hay un accesorio m\u00e1s atemporal que la mecedora, que no puede faltar en los espacios exteriores.<\/span><\/p>\n<p>Cama de 3 puestos y mecedora, con una estructura de acero reclinable de liberaci\u00f3n r\u00e1pida en tubo de metal de di\u00e1metro 38 mm pintado de Gris antracita.<\/p>\n<p>Asiento, respaldo y capota est\u00e1n hechos de poli\u00e9ster 180 gr. De color natural crudo.<\/p>\n<\/p>\n<p style=\"margin-bottom: 0cm;\"><strong><span style=\"font-size: 12pt;\">caracter\u00edsticas:<\/span><\/strong><\/p>\n<\/p>\n<ul>\n<li style=\"margin-bottom: 0cm;\"><span style=\"font-size: 10pt;\">ESTRUCTURA MET\u00c1LICA TUBULAR, DIAMETRO DE TUBO PARA PIERNAS 60 MM<\/span><\/li>\n<li>MEDIDAS: 190 cm x 170 cm x 110 cm.<\/li>\n<li style=\"margin-bottom: 0cm;\"><span style=\"font-size: 10pt;\">MARCO DE ACERO 38mm<\/span><\/li>\n<li style=\"margin-bottom: 0cm;\"><span style=\"font-size: 10pt;\">Resistente a cualquier tipo de clima en cualquier \u00e9poca del a\u00f1o.<\/span><\/li>\n<li style=\"margin-bottom: 0cm;\"><span style=\"font-size: 10pt;\">F\u00e1cil de lavar<\/span><\/li>\n<li style=\"margin-bottom: 0cm;\"><span style=\"font-size: 10pt;\">Resistente al agua de mar, a los rayos UV y al material anti-desvanecimiento.<\/span><\/li>\n<\/ul>\n","protected":false},"excerpt":{"rendered":"<p>Cama-Mecedora modelo Eloide, estructura de hierro con 3 asientos, e incluyen un Parasol y Cojines gruesos<\/p>\n","protected":false},"featured_media":35554,"comment_status":"open","ping_status":"closed","template":"","meta":[],"product_brand":[5021],"product_cat":[10014,9785],"product_tag":[],"class_list":{"0":"post-80504","1":"product","2":"type-product","3":"status-publish","4":"has-post-thumbnail","6":"product_brand-predator-arredo-casa","7":"product_cat-sofas-de-exterior","8":"product_cat-muebles-de-exterior","10":"first","11":"instock","12":"sale","13":"taxable","14":"shipping-taxable","15":"purchasable","16":"product-type-simple"},"exclude_global_add_ons":[],"addons":[],"yoast_head":"<!-- This site is optimized with the Yoast SEO plugin v26.7 - https:\/\/yoast.com\/wordpress\/plugins\/seo\/ -->\n<title>Muebles de jard\u00edn Elodie con struttara en metal color crudo y cusini grueso<\/title>\n<meta name=\"description\" content=\"Rocking 3 asientos para exteriores con l\u00edneas cl\u00e1sicas y elegantes, ideal para darle un toque de estilo a tu jard\u00edn. Tiene una estructura reclinable de liberaci\u00f3n r\u00e1pida en tubo de metal de di\u00e1metro. 38 mm pintado antracita. Asiento, respaldo y capota est\u00e1n hechos de poli\u00e9ster 180 gr. De color natural crudo.\" \/>\n<meta name=\"robots\" content=\"index, follow, max-snippet:-1, max-image-preview:large, max-video-preview:-1\" \/>\n<link rel=\"canonical\" href=\"https:\/\/www.bagnoitalia.com\/es\/producto\/muebles-de-exterior-elodie-cama-mecedora-para-una-estructura-de-hierro-cuadrada-y-media.html\" \/>\n<meta property=\"og:locale\" content=\"es_ES\" \/>\n<meta property=\"og:type\" content=\"article\" \/>\n<meta property=\"og:title\" content=\"Muebles de jard\u00edn Elodie con struttara en metal color crudo y cusini grueso\" \/>\n<meta property=\"og:description\" content=\"Rocking 3 asientos para exteriores con l\u00edneas cl\u00e1sicas y elegantes, ideal para darle un toque de estilo a tu jard\u00edn. Tiene una estructura reclinable de liberaci\u00f3n r\u00e1pida en tubo de metal de di\u00e1metro. 38 mm pintado antracita. Asiento, respaldo y capota est\u00e1n hechos de poli\u00e9ster 180 gr. De color natural crudo.\" \/>\n<meta property=\"og:url\" content=\"https:\/\/www.bagnoitalia.com\/es\/producto\/muebles-de-exterior-elodie-cama-mecedora-para-una-estructura-de-hierro-cuadrada-y-media.html\" \/>\n<meta property=\"og:site_name\" content=\"Bagno Italia\" \/>\n<meta property=\"article:modified_time\" content=\"2024-05-10T21:50:08+00:00\" \/>\n<meta property=\"og:image\" content=\"https:\/\/img.bagnoitalia.com\/wp-content\/uploads\/virtuemart\/product\/Outdoor-queen-size-rocking-bed-iron-frame-Elodie-model-1_1541164535_651.jpg\" \/>\n\t<meta property=\"og:image:width\" content=\"200\" \/>\n\t<meta property=\"og:image:height\" content=\"200\" \/>\n\t<meta property=\"og:image:type\" content=\"image\/jpeg\" \/>\n<meta name=\"twitter:card\" content=\"summary_large_image\" \/>\n<meta name=\"twitter:label1\" content=\"Tiempo de lectura\" \/>\n\t<meta name=\"twitter:data1\" content=\"1 minuto\" \/>\n<script type=\"application\/ld+json\" class=\"yoast-schema-graph\">{\"@context\":\"https:\/\/schema.org\",\"@graph\":[{\"@type\":\"WebPage\",\"@id\":\"https:\/\/www.bagnoitalia.com\/es\/producto\/muebles-de-exterior-elodie-cama-mecedora-para-una-estructura-de-hierro-cuadrada-y-media.html\",\"url\":\"https:\/\/www.bagnoitalia.com\/es\/producto\/muebles-de-exterior-elodie-cama-mecedora-para-una-estructura-de-hierro-cuadrada-y-media.html\",\"name\":\"Muebles de jard\u00edn Elodie con struttara en metal color crudo y cusini grueso\",\"isPartOf\":{\"@id\":\"https:\/\/www.bagnoitalia.com\/es#website\"},\"primaryImageOfPage\":{\"@id\":\"https:\/\/www.bagnoitalia.com\/es\/producto\/muebles-de-exterior-elodie-cama-mecedora-para-una-estructura-de-hierro-cuadrada-y-media.html#primaryimage\"},\"image\":{\"@id\":\"https:\/\/www.bagnoitalia.com\/es\/producto\/muebles-de-exterior-elodie-cama-mecedora-para-una-estructura-de-hierro-cuadrada-y-media.html#primaryimage\"},\"thumbnailUrl\":\"https:\/\/img.bagnoitalia.com\/wp-content\/uploads\/virtuemart\/product\/Outdoor-queen-size-rocking-bed-iron-frame-Elodie-model-1_1541164535_651.jpg\",\"datePublished\":\"2017-03-16T14:23:43+00:00\",\"dateModified\":\"2024-05-10T21:50:08+00:00\",\"description\":\"Rocking 3 asientos para exteriores con l\u00edneas cl\u00e1sicas y elegantes, ideal para darle un toque de estilo a tu jard\u00edn. Tiene una estructura reclinable de liberaci\u00f3n r\u00e1pida en tubo de metal de di\u00e1metro. 38 mm pintado antracita. Asiento, respaldo y capota est\u00e1n hechos de poli\u00e9ster 180 gr. De color natural crudo.\",\"breadcrumb\":{\"@id\":\"https:\/\/www.bagnoitalia.com\/es\/producto\/muebles-de-exterior-elodie-cama-mecedora-para-una-estructura-de-hierro-cuadrada-y-media.html#breadcrumb\"},\"inLanguage\":\"es\",\"potentialAction\":[{\"@type\":\"ReadAction\",\"target\":[\"https:\/\/www.bagnoitalia.com\/es\/producto\/muebles-de-exterior-elodie-cama-mecedora-para-una-estructura-de-hierro-cuadrada-y-media.html\"]}]},{\"@type\":\"ImageObject\",\"inLanguage\":\"es\",\"@id\":\"https:\/\/www.bagnoitalia.com\/es\/producto\/muebles-de-exterior-elodie-cama-mecedora-para-una-estructura-de-hierro-cuadrada-y-media.html#primaryimage\",\"url\":\"https:\/\/img.bagnoitalia.com\/wp-content\/uploads\/virtuemart\/product\/Outdoor-queen-size-rocking-bed-iron-frame-Elodie-model-1_1541164535_651.jpg\",\"contentUrl\":\"https:\/\/img.bagnoitalia.com\/wp-content\/uploads\/virtuemart\/product\/Outdoor-queen-size-rocking-bed-iron-frame-Elodie-model-1_1541164535_651.jpg\",\"width\":200,\"height\":200},{\"@type\":\"BreadcrumbList\",\"@id\":\"https:\/\/www.bagnoitalia.com\/es\/producto\/muebles-de-exterior-elodie-cama-mecedora-para-una-estructura-de-hierro-cuadrada-y-media.html#breadcrumb\",\"itemListElement\":[{\"@type\":\"ListItem\",\"position\":1,\"name\":\"Home\",\"item\":\"https:\/\/www.bagnoitalia.com\/es\"},{\"@type\":\"ListItem\",\"position\":2,\"name\":\"Productos\",\"item\":\"https:\/\/www.bagnoitalia.com\/es\/shop\"},{\"@type\":\"ListItem\",\"position\":3,\"name\":\"Mueble de exterior Cama-Mecedora Elodie, en estructura de hierro cuadrada y media\"}]},{\"@type\":\"WebSite\",\"@id\":\"https:\/\/www.bagnoitalia.com\/es#website\",\"url\":\"https:\/\/www.bagnoitalia.com\/es\",\"name\":\"Bagno Italia\",\"description\":\"\",\"publisher\":{\"@id\":\"https:\/\/www.bagnoitalia.com\/es#organization\"},\"potentialAction\":[{\"@type\":\"SearchAction\",\"target\":{\"@type\":\"EntryPoint\",\"urlTemplate\":\"https:\/\/www.bagnoitalia.com\/es?s={search_term_string}\"},\"query-input\":{\"@type\":\"PropertyValueSpecification\",\"valueRequired\":true,\"valueName\":\"search_term_string\"}}],\"inLanguage\":\"es\"},{\"@type\":\"Organization\",\"@id\":\"https:\/\/www.bagnoitalia.com\/es#organization\",\"name\":\"Bagno Italia\",\"url\":\"https:\/\/www.bagnoitalia.com\/es\",\"logo\":{\"@type\":\"ImageObject\",\"inLanguage\":\"es\",\"@id\":\"https:\/\/www.bagnoitalia.com\/es#\/schema\/logo\/image\/\",\"url\":\"https:\/\/img.bagnoitalia.com\/wp-content\/uploads\/logo-bagnoitalia.webp\",\"contentUrl\":\"https:\/\/img.bagnoitalia.com\/wp-content\/uploads\/logo-bagnoitalia.webp\",\"width\":400,\"height\":70,\"caption\":\"Bagno Italia\"},\"image\":{\"@id\":\"https:\/\/www.bagnoitalia.com\/es#\/schema\/logo\/image\/\"}}]}<\/script>\n<!-- \/ Yoast SEO plugin. -->","yoast_head_json":{"title":"Muebles de jard\u00edn Elodie con struttara en metal color crudo y cusini grueso","description":"Rocking 3 asientos para exteriores con l\u00edneas cl\u00e1sicas y elegantes, ideal para darle un toque de estilo a tu jard\u00edn. Tiene una estructura reclinable de liberaci\u00f3n r\u00e1pida en tubo de metal de di\u00e1metro. 38 mm pintado antracita. Asiento, respaldo y capota est\u00e1n hechos de poli\u00e9ster 180 gr. De color natural crudo.","robots":{"index":"index","follow":"follow","max-snippet":"max-snippet:-1","max-image-preview":"max-image-preview:large","max-video-preview":"max-video-preview:-1"},"canonical":"https:\/\/www.bagnoitalia.com\/es\/producto\/muebles-de-exterior-elodie-cama-mecedora-para-una-estructura-de-hierro-cuadrada-y-media.html","og_locale":"es_ES","og_type":"article","og_title":"Muebles de jard\u00edn Elodie con struttara en metal color crudo y cusini grueso","og_description":"Rocking 3 asientos para exteriores con l\u00edneas cl\u00e1sicas y elegantes, ideal para darle un toque de estilo a tu jard\u00edn. Tiene una estructura reclinable de liberaci\u00f3n r\u00e1pida en tubo de metal de di\u00e1metro. 38 mm pintado antracita. Asiento, respaldo y capota est\u00e1n hechos de poli\u00e9ster 180 gr. De color natural crudo.","og_url":"https:\/\/www.bagnoitalia.com\/es\/producto\/muebles-de-exterior-elodie-cama-mecedora-para-una-estructura-de-hierro-cuadrada-y-media.html","og_site_name":"Bagno Italia","article_modified_time":"2024-05-10T21:50:08+00:00","og_image":[{"width":200,"height":200,"url":"https:\/\/img.bagnoitalia.com\/wp-content\/uploads\/virtuemart\/product\/Outdoor-queen-size-rocking-bed-iron-frame-Elodie-model-1_1541164535_651.jpg","type":"image\/jpeg"}],"twitter_card":"summary_large_image","twitter_misc":{"Tiempo de lectura":"1 minuto"},"schema":{"@context":"https:\/\/schema.org","@graph":[{"@type":"WebPage","@id":"https:\/\/www.bagnoitalia.com\/es\/producto\/muebles-de-exterior-elodie-cama-mecedora-para-una-estructura-de-hierro-cuadrada-y-media.html","url":"https:\/\/www.bagnoitalia.com\/es\/producto\/muebles-de-exterior-elodie-cama-mecedora-para-una-estructura-de-hierro-cuadrada-y-media.html","name":"Muebles de jard\u00edn Elodie con struttara en metal color crudo y cusini grueso","isPartOf":{"@id":"https:\/\/www.bagnoitalia.com\/es#website"},"primaryImageOfPage":{"@id":"https:\/\/www.bagnoitalia.com\/es\/producto\/muebles-de-exterior-elodie-cama-mecedora-para-una-estructura-de-hierro-cuadrada-y-media.html#primaryimage"},"image":{"@id":"https:\/\/www.bagnoitalia.com\/es\/producto\/muebles-de-exterior-elodie-cama-mecedora-para-una-estructura-de-hierro-cuadrada-y-media.html#primaryimage"},"thumbnailUrl":"https:\/\/img.bagnoitalia.com\/wp-content\/uploads\/virtuemart\/product\/Outdoor-queen-size-rocking-bed-iron-frame-Elodie-model-1_1541164535_651.jpg","datePublished":"2017-03-16T14:23:43+00:00","dateModified":"2024-05-10T21:50:08+00:00","description":"Rocking 3 asientos para exteriores con l\u00edneas cl\u00e1sicas y elegantes, ideal para darle un toque de estilo a tu jard\u00edn. Tiene una estructura reclinable de liberaci\u00f3n r\u00e1pida en tubo de metal de di\u00e1metro. 38 mm pintado antracita. Asiento, respaldo y capota est\u00e1n hechos de poli\u00e9ster 180 gr. De color natural crudo.","breadcrumb":{"@id":"https:\/\/www.bagnoitalia.com\/es\/producto\/muebles-de-exterior-elodie-cama-mecedora-para-una-estructura-de-hierro-cuadrada-y-media.html#breadcrumb"},"inLanguage":"es","potentialAction":[{"@type":"ReadAction","target":["https:\/\/www.bagnoitalia.com\/es\/producto\/muebles-de-exterior-elodie-cama-mecedora-para-una-estructura-de-hierro-cuadrada-y-media.html"]}]},{"@type":"ImageObject","inLanguage":"es","@id":"https:\/\/www.bagnoitalia.com\/es\/producto\/muebles-de-exterior-elodie-cama-mecedora-para-una-estructura-de-hierro-cuadrada-y-media.html#primaryimage","url":"https:\/\/img.bagnoitalia.com\/wp-content\/uploads\/virtuemart\/product\/Outdoor-queen-size-rocking-bed-iron-frame-Elodie-model-1_1541164535_651.jpg","contentUrl":"https:\/\/img.bagnoitalia.com\/wp-content\/uploads\/virtuemart\/product\/Outdoor-queen-size-rocking-bed-iron-frame-Elodie-model-1_1541164535_651.jpg","width":200,"height":200},{"@type":"BreadcrumbList","@id":"https:\/\/www.bagnoitalia.com\/es\/producto\/muebles-de-exterior-elodie-cama-mecedora-para-una-estructura-de-hierro-cuadrada-y-media.html#breadcrumb","itemListElement":[{"@type":"ListItem","position":1,"name":"Home","item":"https:\/\/www.bagnoitalia.com\/es"},{"@type":"ListItem","position":2,"name":"Productos","item":"https:\/\/www.bagnoitalia.com\/es\/shop"},{"@type":"ListItem","position":3,"name":"Mueble de exterior Cama-Mecedora Elodie, en estructura de hierro cuadrada y media"}]},{"@type":"WebSite","@id":"https:\/\/www.bagnoitalia.com\/es#website","url":"https:\/\/www.bagnoitalia.com\/es","name":"Bagno Italia","description":"","publisher":{"@id":"https:\/\/www.bagnoitalia.com\/es#organization"},"potentialAction":[{"@type":"SearchAction","target":{"@type":"EntryPoint","urlTemplate":"https:\/\/www.bagnoitalia.com\/es?s={search_term_string}"},"query-input":{"@type":"PropertyValueSpecification","valueRequired":true,"valueName":"search_term_string"}}],"inLanguage":"es"},{"@type":"Organization","@id":"https:\/\/www.bagnoitalia.com\/es#organization","name":"Bagno Italia","url":"https:\/\/www.bagnoitalia.com\/es","logo":{"@type":"ImageObject","inLanguage":"es","@id":"https:\/\/www.bagnoitalia.com\/es#\/schema\/logo\/image\/","url":"https:\/\/img.bagnoitalia.com\/wp-content\/uploads\/logo-bagnoitalia.webp","contentUrl":"https:\/\/img.bagnoitalia.com\/wp-content\/uploads\/logo-bagnoitalia.webp","width":400,"height":70,"caption":"Bagno Italia"},"image":{"@id":"https:\/\/www.bagnoitalia.com\/es#\/schema\/logo\/image\/"}}]}},"_links":{"self":[{"href":"https:\/\/www.bagnoitalia.com\/es\/wp-json\/wp\/v2\/product\/80504","targetHints":{"allow":["GET"]}}],"collection":[{"href":"https:\/\/www.bagnoitalia.com\/es\/wp-json\/wp\/v2\/product"}],"about":[{"href":"https:\/\/www.bagnoitalia.com\/es\/wp-json\/wp\/v2\/types\/product"}],"replies":[{"embeddable":true,"href":"https:\/\/www.bagnoitalia.com\/es\/wp-json\/wp\/v2\/comments?post=80504"}],"version-history":[{"count":0,"href":"https:\/\/www.bagnoitalia.com\/es\/wp-json\/wp\/v2\/product\/80504\/revisions"}],"wp:featuredmedia":[{"embeddable":true,"href":"https:\/\/www.bagnoitalia.com\/es\/wp-json\/wp\/v2\/media\/35554"}],"wp:attachment":[{"href":"https:\/\/www.bagnoitalia.com\/es\/wp-json\/wp\/v2\/media?parent=80504"}],"wp:term":[{"taxonomy":"product_brand","embeddable":true,"href":"https:\/\/www.bagnoitalia.com\/es\/wp-json\/wp\/v2\/product_brand?post=80504"},{"taxonomy":"product_cat","embeddable":true,"href":"https:\/\/www.bagnoitalia.com\/es\/wp-json\/wp\/v2\/product_cat?post=80504"},{"taxonomy":"product_tag","embeddable":true,"href":"https:\/\/www.bagnoitalia.com\/es\/wp-json\/wp\/v2\/product_tag?post=80504"}],"curies":[{"name":"wp","href":"https:\/\/api.w.org\/{rel}","templated":true}]}}