{"id":80368,"date":"2016-12-20T14:19:45","date_gmt":"2016-12-20T13:19:45","guid":{"rendered":"https:\/\/www.bagnoitalia.com\/product\/dafne-living-room-sofa-350cm-cojines-angulares-negros-y-blancos-incluidos-extraibles"},"modified":"2024-05-11T00:03:07","modified_gmt":"2024-05-10T22:03:07","slug":"dafne-living-room-sofa-350cm-cojines-angulares-negros-y-blancos-incluidos-extraibles","status":"publish","type":"product","link":"https:\/\/www.bagnoitalia.com\/es\/producto\/dafne-living-room-sofa-350cm-cojines-angulares-negros-y-blancos-incluidos-extraibles.html","title":{"rendered":"Sof\u00e1 Dafne para Sala de estar, Modular, 350 cm Blanco y Negro, Cojines incluyendo fundas extra\u00edbles."},"content":{"rendered":"<p style=\"margin-bottom: 0cm;\"><span style=\"font-family: 'Arial Unicode MS', sans-serif; font-size: 12pt;\">El sof\u00e1 <strong>Dafne<\/strong> viene de la elecci\u00f3n de usar vol\u00famenes bien definidos.<\/span> <span style=\"font-family: 'Arial Unicode MS', sans-serif; font-size: 12pt;\">Las proporciones medidas caracterizan el dise\u00f1o de este sof\u00e1, todos dise\u00f1ados para ofrecer un alto grado de confort.<\/span><\/p>\n<p style=\"margin-bottom: 0cm;\"><span style=\"font-family: 'Arial Unicode MS', sans-serif; font-size: 12pt;\">La l\u00ednea moderna del sof\u00e1 cama Dafne le da un car\u00e1cter fuerte pero nunca excesivo, adem\u00e1s de las puntadas especialmente precisas, juegan un papel fundamental en la est\u00e9tica general del componente.<\/span><\/p>\n<\/p>\n<p style=\"margin-bottom: 0cm;\"><span style=\"font-family: 'Arial Unicode MS', sans-serif; font-size: 12pt;\"><span style=\"text-decoration: underline;\"><strong>CARACTER\u00cdSTICAS<\/strong><\/span><\/span><\/p>\n<ul>\n<li>\n<p style=\"margin-bottom: 0cm;\"><span style=\"font-family: 'Arial Unicode MS', sans-serif; font-size: 12pt;\">Medidas: 350x180x70 cm.<\/span><\/p>\n<\/li>\n<li>\n<p style=\"margin-bottom: 0cm;\"><span style=\"font-family: 'Arial Unicode MS', sans-serif; font-size: 12pt;\">Desmontable<\/span><\/p>\n<\/li>\n<li>\n<p style=\"margin-bottom: 0cm;\"><span style=\"font-family: 'Arial Unicode MS', sans-serif; font-size: 12pt;\">Almohadas <strong>inclu\u00eddas<\/strong> en el precio.<\/span><\/p>\n<\/li>\n<li>\n<p style=\"margin-bottom: 0cm; line-height: 0.71cm;\"><span style=\"color: #000000; font-size: 12pt;\"><span style=\"font-family: 'Arial Unicode MS', sans-serif;\"><span>F\u00e1cil de limpiar<\/span><\/span><\/span><\/p>\n<\/li>\n<li>\n<p style=\"margin-bottom: 0cm; line-height: 0.71cm;\"><span style=\"color: #000000; font-size: 12pt;\"><span style=\"font-family: 'Arial Unicode MS', sans-serif;\"><span><strong>Resistente al<\/strong> desgaste<\/span><\/span><\/span><\/p>\n<\/li>\n<li>\n<p style=\"margin-bottom: 0cm; line-height: 0.71cm;\"><span style=\"color: #000000; font-size: 12pt;\"><span style=\"font-family: 'Arial Unicode MS', sans-serif;\"><span>Terminado a mano<\/span><\/span><\/span><\/p>\n<\/li>\n<li>\n<p style=\"margin-bottom: 0cm; line-height: 0.71cm;\"><span style=\"color: #000000; font-size: 12pt;\"><span style=\"font-family: 'Arial Unicode MS', sans-serif;\"><span>El\u00e1sticidad natural<\/span><\/span><\/span><\/p>\n<\/li>\n<li>\n<p style=\"margin-bottom: 0cm; line-height: 0.71cm;\"><span style=\"color: #000000; font-size: 12pt;\"><span style=\"font-family: 'Arial Unicode MS', sans-serif;\"><span>Marco <strong>reforzado<\/strong><\/span><\/span><\/span><\/p>\n<\/li>\n<li>\n<p style=\"margin-bottom: 0cm; line-height: 0.71cm;\"><span style=\"color: #000000; font-size: 12pt;\"><span style=\"font-family: 'Arial Unicode MS', sans-serif;\"><span>Cojines gruesos<\/span><\/span><\/span><\/p>\n<\/li>\n<\/ul>\n<p style=\"margin-bottom: 0cm;\"><span style=\"font-family: 'Arial Unicode MS', sans-serif; font-size: 12pt;\"><span style=\"text-decoration: underline;\"><strong>MATERIALES<\/strong><\/span><\/span><\/p>\n<ul>\n<li>\n<p style=\"margin-bottom: 0cm;\"><span style=\"font-family: 'Arial Unicode MS', sans-serif; font-size: 12pt;\">Estructura: Madera virgen recubierta con una capa de POLIURETANO.<\/span><\/p>\n<\/li>\n<li>\n<p style=\"margin-bottom: 0cm;\"><span style=\"font-family: 'Arial Unicode MS', sans-serif; font-size: 12pt;\">Relleno: tejido de densidad diferenciada cubierto con una capa de dacron.<\/span><\/p>\n<\/li>\n<li>\n<p style=\"margin-bottom: 0cm;\"><span style=\"font-family: 'Arial Unicode MS', sans-serif; font-size: 12pt;\">Asiento y respaldo: poliuretano.<\/span><\/p>\n<\/li>\n<\/ul>\n<p style=\"margin-bottom: 0cm;\"><span style=\"font-family: 'Arial Unicode MS', sans-serif; font-size: 12pt;\">Para fines de <strong>limpieza<\/strong> , use solo un pa\u00f1o suave y ligeramente h\u00famedo. <span style=\"text-decoration: underline;\">Evite<\/span> usar telas \u00e1speras o esponjas abrasivas que rayen la superficie. <span style=\"text-decoration: underline;\">No<\/span> utilice detergentes agresivos.<\/span><\/p><\/p>\n","protected":false},"excerpt":{"rendered":"<p>La l\u00ednea moderna del sof\u00e1 cama Dafne le da un car\u00e1cter fuerte pero nunca excesivo, adem\u00e1s de las puntadas especialmente precisas, juegan un papel fundamental en la est\u00e9tica general del componente.<\/p>\n","protected":false},"featured_media":34190,"comment_status":"open","ping_status":"closed","template":"","meta":[],"product_brand":[5021],"product_cat":[9793],"product_tag":[],"class_list":{"0":"post-80368","1":"product","2":"type-product","3":"status-publish","4":"has-post-thumbnail","6":"product_brand-predator-arredo-casa","7":"product_cat-sofas-2-muebles-de-interior","9":"first","10":"instock","11":"sale","12":"taxable","13":"shipping-taxable","14":"purchasable","15":"product-type-simple"},"exclude_global_add_ons":[],"addons":[],"yoast_head":"<!-- This site is optimized with the Yoast SEO plugin v26.7 - https:\/\/yoast.com\/wordpress\/plugins\/seo\/ -->\n<title>Sof\u00e1 Dafne para Sala de estar, Modular, 350 cm Blanco y Negro, Cojines incluyendo fundas extra\u00edbles.<\/title>\n<meta name=\"description\" content=\"El sof\u00e1 Dafne viene de la elecci\u00f3n de usar vol\u00famenes bien definidos. Las proporciones medidas caracterizan el dise\u00f1o de este sof\u00e1, todos dise\u00f1ados para ofrecer un alto grado de confort.\" \/>\n<meta name=\"robots\" content=\"index, follow, max-snippet:-1, max-image-preview:large, max-video-preview:-1\" \/>\n<link rel=\"canonical\" href=\"https:\/\/www.bagnoitalia.com\/es\/producto\/dafne-living-room-sofa-350cm-cojines-angulares-negros-y-blancos-incluidos-extraibles.html\" \/>\n<meta property=\"og:locale\" content=\"es_ES\" \/>\n<meta property=\"og:type\" content=\"article\" \/>\n<meta property=\"og:title\" content=\"Sof\u00e1 Dafne para Sala de estar, Modular, 350 cm Blanco y Negro, Cojines incluyendo fundas extra\u00edbles.\" \/>\n<meta property=\"og:description\" content=\"El sof\u00e1 Dafne viene de la elecci\u00f3n de usar vol\u00famenes bien definidos. Las proporciones medidas caracterizan el dise\u00f1o de este sof\u00e1, todos dise\u00f1ados para ofrecer un alto grado de confort.\" \/>\n<meta property=\"og:url\" content=\"https:\/\/www.bagnoitalia.com\/es\/producto\/dafne-living-room-sofa-350cm-cojines-angulares-negros-y-blancos-incluidos-extraibles.html\" \/>\n<meta property=\"og:site_name\" content=\"Bagno Italia\" \/>\n<meta property=\"article:modified_time\" content=\"2024-05-10T22:03:07+00:00\" \/>\n<meta property=\"og:image\" content=\"https:\/\/img.bagnoitalia.com\/wp-content\/uploads\/virtuemart\/product\/Corner-sofa-living-Dafne-1_1541696428_82.jpg\" \/>\n\t<meta property=\"og:image:width\" content=\"600\" \/>\n\t<meta property=\"og:image:height\" content=\"600\" \/>\n\t<meta property=\"og:image:type\" content=\"image\/jpeg\" \/>\n<meta name=\"twitter:card\" content=\"summary_large_image\" \/>\n<meta name=\"twitter:label1\" content=\"Tiempo de lectura\" \/>\n\t<meta name=\"twitter:data1\" content=\"1 minuto\" \/>\n<script type=\"application\/ld+json\" class=\"yoast-schema-graph\">{\"@context\":\"https:\/\/schema.org\",\"@graph\":[{\"@type\":\"WebPage\",\"@id\":\"https:\/\/www.bagnoitalia.com\/es\/producto\/dafne-living-room-sofa-350cm-cojines-angulares-negros-y-blancos-incluidos-extraibles.html\",\"url\":\"https:\/\/www.bagnoitalia.com\/es\/producto\/dafne-living-room-sofa-350cm-cojines-angulares-negros-y-blancos-incluidos-extraibles.html\",\"name\":\"Sof\u00e1 Dafne para Sala de estar, Modular, 350 cm Blanco y Negro, Cojines incluyendo fundas extra\u00edbles.\",\"isPartOf\":{\"@id\":\"https:\/\/www.bagnoitalia.com\/es#website\"},\"primaryImageOfPage\":{\"@id\":\"https:\/\/www.bagnoitalia.com\/es\/producto\/dafne-living-room-sofa-350cm-cojines-angulares-negros-y-blancos-incluidos-extraibles.html#primaryimage\"},\"image\":{\"@id\":\"https:\/\/www.bagnoitalia.com\/es\/producto\/dafne-living-room-sofa-350cm-cojines-angulares-negros-y-blancos-incluidos-extraibles.html#primaryimage\"},\"thumbnailUrl\":\"https:\/\/img.bagnoitalia.com\/wp-content\/uploads\/virtuemart\/product\/Corner-sofa-living-Dafne-1_1541696428_82.jpg\",\"datePublished\":\"2016-12-20T13:19:45+00:00\",\"dateModified\":\"2024-05-10T22:03:07+00:00\",\"description\":\"El sof\u00e1 Dafne viene de la elecci\u00f3n de usar vol\u00famenes bien definidos. Las proporciones medidas caracterizan el dise\u00f1o de este sof\u00e1, todos dise\u00f1ados para ofrecer un alto grado de confort.\",\"breadcrumb\":{\"@id\":\"https:\/\/www.bagnoitalia.com\/es\/producto\/dafne-living-room-sofa-350cm-cojines-angulares-negros-y-blancos-incluidos-extraibles.html#breadcrumb\"},\"inLanguage\":\"es\",\"potentialAction\":[{\"@type\":\"ReadAction\",\"target\":[\"https:\/\/www.bagnoitalia.com\/es\/producto\/dafne-living-room-sofa-350cm-cojines-angulares-negros-y-blancos-incluidos-extraibles.html\"]}]},{\"@type\":\"ImageObject\",\"inLanguage\":\"es\",\"@id\":\"https:\/\/www.bagnoitalia.com\/es\/producto\/dafne-living-room-sofa-350cm-cojines-angulares-negros-y-blancos-incluidos-extraibles.html#primaryimage\",\"url\":\"https:\/\/img.bagnoitalia.com\/wp-content\/uploads\/virtuemart\/product\/Corner-sofa-living-Dafne-1_1541696428_82.jpg\",\"contentUrl\":\"https:\/\/img.bagnoitalia.com\/wp-content\/uploads\/virtuemart\/product\/Corner-sofa-living-Dafne-1_1541696428_82.jpg\",\"width\":600,\"height\":600},{\"@type\":\"BreadcrumbList\",\"@id\":\"https:\/\/www.bagnoitalia.com\/es\/producto\/dafne-living-room-sofa-350cm-cojines-angulares-negros-y-blancos-incluidos-extraibles.html#breadcrumb\",\"itemListElement\":[{\"@type\":\"ListItem\",\"position\":1,\"name\":\"Home\",\"item\":\"https:\/\/www.bagnoitalia.com\/es\"},{\"@type\":\"ListItem\",\"position\":2,\"name\":\"Productos\",\"item\":\"https:\/\/www.bagnoitalia.com\/es\/shop\"},{\"@type\":\"ListItem\",\"position\":3,\"name\":\"Sof\u00e1 Dafne para Sala de estar, Modular, 350 cm Blanco y Negro, Cojines incluyendo fundas extra\u00edbles.\"}]},{\"@type\":\"WebSite\",\"@id\":\"https:\/\/www.bagnoitalia.com\/es#website\",\"url\":\"https:\/\/www.bagnoitalia.com\/es\",\"name\":\"Bagno Italia\",\"description\":\"\",\"publisher\":{\"@id\":\"https:\/\/www.bagnoitalia.com\/es#organization\"},\"potentialAction\":[{\"@type\":\"SearchAction\",\"target\":{\"@type\":\"EntryPoint\",\"urlTemplate\":\"https:\/\/www.bagnoitalia.com\/es?s={search_term_string}\"},\"query-input\":{\"@type\":\"PropertyValueSpecification\",\"valueRequired\":true,\"valueName\":\"search_term_string\"}}],\"inLanguage\":\"es\"},{\"@type\":\"Organization\",\"@id\":\"https:\/\/www.bagnoitalia.com\/es#organization\",\"name\":\"Bagno Italia\",\"url\":\"https:\/\/www.bagnoitalia.com\/es\",\"logo\":{\"@type\":\"ImageObject\",\"inLanguage\":\"es\",\"@id\":\"https:\/\/www.bagnoitalia.com\/es#\/schema\/logo\/image\/\",\"url\":\"https:\/\/img.bagnoitalia.com\/wp-content\/uploads\/logo-bagnoitalia.webp\",\"contentUrl\":\"https:\/\/img.bagnoitalia.com\/wp-content\/uploads\/logo-bagnoitalia.webp\",\"width\":400,\"height\":70,\"caption\":\"Bagno Italia\"},\"image\":{\"@id\":\"https:\/\/www.bagnoitalia.com\/es#\/schema\/logo\/image\/\"}}]}<\/script>\n<!-- \/ Yoast SEO plugin. -->","yoast_head_json":{"title":"Sof\u00e1 Dafne para Sala de estar, Modular, 350 cm Blanco y Negro, Cojines incluyendo fundas extra\u00edbles.","description":"El sof\u00e1 Dafne viene de la elecci\u00f3n de usar vol\u00famenes bien definidos. Las proporciones medidas caracterizan el dise\u00f1o de este sof\u00e1, todos dise\u00f1ados para ofrecer un alto grado de confort.","robots":{"index":"index","follow":"follow","max-snippet":"max-snippet:-1","max-image-preview":"max-image-preview:large","max-video-preview":"max-video-preview:-1"},"canonical":"https:\/\/www.bagnoitalia.com\/es\/producto\/dafne-living-room-sofa-350cm-cojines-angulares-negros-y-blancos-incluidos-extraibles.html","og_locale":"es_ES","og_type":"article","og_title":"Sof\u00e1 Dafne para Sala de estar, Modular, 350 cm Blanco y Negro, Cojines incluyendo fundas extra\u00edbles.","og_description":"El sof\u00e1 Dafne viene de la elecci\u00f3n de usar vol\u00famenes bien definidos. Las proporciones medidas caracterizan el dise\u00f1o de este sof\u00e1, todos dise\u00f1ados para ofrecer un alto grado de confort.","og_url":"https:\/\/www.bagnoitalia.com\/es\/producto\/dafne-living-room-sofa-350cm-cojines-angulares-negros-y-blancos-incluidos-extraibles.html","og_site_name":"Bagno Italia","article_modified_time":"2024-05-10T22:03:07+00:00","og_image":[{"width":600,"height":600,"url":"https:\/\/img.bagnoitalia.com\/wp-content\/uploads\/virtuemart\/product\/Corner-sofa-living-Dafne-1_1541696428_82.jpg","type":"image\/jpeg"}],"twitter_card":"summary_large_image","twitter_misc":{"Tiempo de lectura":"1 minuto"},"schema":{"@context":"https:\/\/schema.org","@graph":[{"@type":"WebPage","@id":"https:\/\/www.bagnoitalia.com\/es\/producto\/dafne-living-room-sofa-350cm-cojines-angulares-negros-y-blancos-incluidos-extraibles.html","url":"https:\/\/www.bagnoitalia.com\/es\/producto\/dafne-living-room-sofa-350cm-cojines-angulares-negros-y-blancos-incluidos-extraibles.html","name":"Sof\u00e1 Dafne para Sala de estar, Modular, 350 cm Blanco y Negro, Cojines incluyendo fundas extra\u00edbles.","isPartOf":{"@id":"https:\/\/www.bagnoitalia.com\/es#website"},"primaryImageOfPage":{"@id":"https:\/\/www.bagnoitalia.com\/es\/producto\/dafne-living-room-sofa-350cm-cojines-angulares-negros-y-blancos-incluidos-extraibles.html#primaryimage"},"image":{"@id":"https:\/\/www.bagnoitalia.com\/es\/producto\/dafne-living-room-sofa-350cm-cojines-angulares-negros-y-blancos-incluidos-extraibles.html#primaryimage"},"thumbnailUrl":"https:\/\/img.bagnoitalia.com\/wp-content\/uploads\/virtuemart\/product\/Corner-sofa-living-Dafne-1_1541696428_82.jpg","datePublished":"2016-12-20T13:19:45+00:00","dateModified":"2024-05-10T22:03:07+00:00","description":"El sof\u00e1 Dafne viene de la elecci\u00f3n de usar vol\u00famenes bien definidos. Las proporciones medidas caracterizan el dise\u00f1o de este sof\u00e1, todos dise\u00f1ados para ofrecer un alto grado de confort.","breadcrumb":{"@id":"https:\/\/www.bagnoitalia.com\/es\/producto\/dafne-living-room-sofa-350cm-cojines-angulares-negros-y-blancos-incluidos-extraibles.html#breadcrumb"},"inLanguage":"es","potentialAction":[{"@type":"ReadAction","target":["https:\/\/www.bagnoitalia.com\/es\/producto\/dafne-living-room-sofa-350cm-cojines-angulares-negros-y-blancos-incluidos-extraibles.html"]}]},{"@type":"ImageObject","inLanguage":"es","@id":"https:\/\/www.bagnoitalia.com\/es\/producto\/dafne-living-room-sofa-350cm-cojines-angulares-negros-y-blancos-incluidos-extraibles.html#primaryimage","url":"https:\/\/img.bagnoitalia.com\/wp-content\/uploads\/virtuemart\/product\/Corner-sofa-living-Dafne-1_1541696428_82.jpg","contentUrl":"https:\/\/img.bagnoitalia.com\/wp-content\/uploads\/virtuemart\/product\/Corner-sofa-living-Dafne-1_1541696428_82.jpg","width":600,"height":600},{"@type":"BreadcrumbList","@id":"https:\/\/www.bagnoitalia.com\/es\/producto\/dafne-living-room-sofa-350cm-cojines-angulares-negros-y-blancos-incluidos-extraibles.html#breadcrumb","itemListElement":[{"@type":"ListItem","position":1,"name":"Home","item":"https:\/\/www.bagnoitalia.com\/es"},{"@type":"ListItem","position":2,"name":"Productos","item":"https:\/\/www.bagnoitalia.com\/es\/shop"},{"@type":"ListItem","position":3,"name":"Sof\u00e1 Dafne para Sala de estar, Modular, 350 cm Blanco y Negro, Cojines incluyendo fundas extra\u00edbles."}]},{"@type":"WebSite","@id":"https:\/\/www.bagnoitalia.com\/es#website","url":"https:\/\/www.bagnoitalia.com\/es","name":"Bagno Italia","description":"","publisher":{"@id":"https:\/\/www.bagnoitalia.com\/es#organization"},"potentialAction":[{"@type":"SearchAction","target":{"@type":"EntryPoint","urlTemplate":"https:\/\/www.bagnoitalia.com\/es?s={search_term_string}"},"query-input":{"@type":"PropertyValueSpecification","valueRequired":true,"valueName":"search_term_string"}}],"inLanguage":"es"},{"@type":"Organization","@id":"https:\/\/www.bagnoitalia.com\/es#organization","name":"Bagno Italia","url":"https:\/\/www.bagnoitalia.com\/es","logo":{"@type":"ImageObject","inLanguage":"es","@id":"https:\/\/www.bagnoitalia.com\/es#\/schema\/logo\/image\/","url":"https:\/\/img.bagnoitalia.com\/wp-content\/uploads\/logo-bagnoitalia.webp","contentUrl":"https:\/\/img.bagnoitalia.com\/wp-content\/uploads\/logo-bagnoitalia.webp","width":400,"height":70,"caption":"Bagno Italia"},"image":{"@id":"https:\/\/www.bagnoitalia.com\/es#\/schema\/logo\/image\/"}}]}},"_links":{"self":[{"href":"https:\/\/www.bagnoitalia.com\/es\/wp-json\/wp\/v2\/product\/80368","targetHints":{"allow":["GET"]}}],"collection":[{"href":"https:\/\/www.bagnoitalia.com\/es\/wp-json\/wp\/v2\/product"}],"about":[{"href":"https:\/\/www.bagnoitalia.com\/es\/wp-json\/wp\/v2\/types\/product"}],"replies":[{"embeddable":true,"href":"https:\/\/www.bagnoitalia.com\/es\/wp-json\/wp\/v2\/comments?post=80368"}],"version-history":[{"count":0,"href":"https:\/\/www.bagnoitalia.com\/es\/wp-json\/wp\/v2\/product\/80368\/revisions"}],"wp:featuredmedia":[{"embeddable":true,"href":"https:\/\/www.bagnoitalia.com\/es\/wp-json\/wp\/v2\/media\/34190"}],"wp:attachment":[{"href":"https:\/\/www.bagnoitalia.com\/es\/wp-json\/wp\/v2\/media?parent=80368"}],"wp:term":[{"taxonomy":"product_brand","embeddable":true,"href":"https:\/\/www.bagnoitalia.com\/es\/wp-json\/wp\/v2\/product_brand?post=80368"},{"taxonomy":"product_cat","embeddable":true,"href":"https:\/\/www.bagnoitalia.com\/es\/wp-json\/wp\/v2\/product_cat?post=80368"},{"taxonomy":"product_tag","embeddable":true,"href":"https:\/\/www.bagnoitalia.com\/es\/wp-json\/wp\/v2\/product_tag?post=80368"}],"curies":[{"name":"wp","href":"https:\/\/api.w.org\/{rel}","templated":true}]}}