{"id":80364,"date":"2016-12-20T14:08:21","date_gmt":"2016-12-20T13:08:21","guid":{"rendered":"https:\/\/www.bagnoitalia.com\/product\/sofa-lavanda-funda-extraible-microfibra-300-cm"},"modified":"2025-06-13T04:10:23","modified_gmt":"2025-06-13T02:10:23","slug":"sofa-lavanda-funda-extraible-microfibra-300-cm","status":"publish","type":"product","link":"https:\/\/www.bagnoitalia.com\/es\/producto\/sofa-lavanda-funda-extraible-microfibra-300-cm.html","title":{"rendered":"Sof\u00e1 Lavanda para Sala de estar 300 cm Microfibra, Funda extra\u00edble"},"content":{"rendered":"<p style=\"margin-bottom: 0cm;\"><span style=\"font-family: 'Arial Unicode MS', sans-serif; font-size: 12pt;\">El sof\u00e1 <strong>Lavanda<\/strong> tiene un estilo moderno y un car\u00e1cter contempor\u00e1neo en l\u00ednea con el estilo y la personalidad de nuestros d\u00edas combinados con el dise\u00f1o particular.<\/span><\/p>\n<p style=\"margin-bottom: 0cm;\"><span style=\"font-family: 'Arial Unicode MS', sans-serif; font-size: 12pt;\">Proporciones equilibradas, que gracias a un dise\u00f1o cuidadoso adquieren un valor de elegancia superior. El exclusivo contraste de costuras cuadradas en los asientos, respaldos y reposabrazos tambi\u00e9n juega un papel fundamental en la est\u00e9tica general.<\/span><\/p>\n<\/p>\n<p style=\"margin-bottom: 0cm;\"><span style=\"font-family: 'Arial Unicode MS', sans-serif; font-size: 12pt;\"><span style=\"text-decoration: underline;\"><strong>CARACTER\u00cdSTICAS<\/strong><\/span><\/span><\/p>\n<ul>\n<li>\n<p style=\"margin-bottom: 0cm;\"><span style=\"font-family: 'Arial Unicode MS', sans-serif; font-size: 12pt;\">Medidas: 300x180x70 cm.<\/span><\/p>\n<\/li>\n<li>\n<p style=\"margin-bottom: 0cm;\"><span style=\"font-family: 'Arial Unicode MS', sans-serif; font-size: 12pt;\">Desmontable<\/span><\/p>\n<\/li>\n<li>\n<p style=\"margin-bottom: 0cm;\"><span style=\"font-family: 'Arial Unicode MS', sans-serif; font-size: 12pt;\">Almohadas <strong>inclu\u00eddas<\/strong> en el precio.<\/span><\/p>\n<\/li>\n<li>\n<p style=\"margin-bottom: 0cm; line-height: 0.71cm;\"><span style=\"color: #000000; font-size: 12pt;\"><span style=\"font-family: 'Arial Unicode MS', sans-serif;\"><span>F\u00e1cil de limpiar<\/span><\/span><\/span><\/p>\n<\/li>\n<li>\n<p style=\"margin-bottom: 0cm; line-height: 0.71cm;\"><span style=\"color: #000000; font-size: 12pt;\"><span style=\"font-family: 'Arial Unicode MS', sans-serif;\"><span><strong>Resistente al<\/strong> desgaste<\/span><\/span><\/span><\/p>\n<\/li>\n<li>\n<p style=\"margin-bottom: 0cm; line-height: 0.71cm;\"><span style=\"color: #000000; font-size: 12pt;\"><span style=\"font-family: 'Arial Unicode MS', sans-serif;\"><span>Terminado a mano<\/span><\/span><\/span><\/p>\n<\/li>\n<li>\n<p style=\"margin-bottom: 0cm; line-height: 0.71cm;\"><span style=\"color: #000000; font-size: 12pt;\"><span style=\"font-family: 'Arial Unicode MS', sans-serif;\"><span>El\u00e1sticidad natural<\/span><\/span><\/span><\/p>\n<\/li>\n<li>\n<p style=\"margin-bottom: 0cm; line-height: 0.71cm;\"><span style=\"color: #000000; font-size: 12pt;\"><span style=\"font-family: 'Arial Unicode MS', sans-serif;\"><span>Marco <strong>reforzado<\/strong><\/span><\/span><\/span><\/p>\n<\/li>\n<li>\n<p style=\"margin-bottom: 0cm; line-height: 0.71cm;\"><span style=\"color: #000000; font-size: 12pt;\"><span style=\"font-family: 'Arial Unicode MS', sans-serif;\"><span>Cojines gruesos<\/span><\/span><\/span><\/p>\n<\/li>\n<\/ul>\n<p style=\"margin-bottom: 0cm;\"><span style=\"font-family: 'Arial Unicode MS', sans-serif; font-size: 12pt;\"><span style=\"text-decoration: underline;\"><strong>MATERIALES<\/strong><\/span><\/span><\/p>\n<ul>\n<li>\n<p style=\"margin-bottom: 0cm;\"><span style=\"font-family: 'Arial Unicode MS', sans-serif; font-size: 12pt;\">Estructura: Madera virgen recubierta con una capa de POLIURETANO.<\/span><\/p>\n<\/li>\n<li>\n<p style=\"margin-bottom: 0cm;\"><span style=\"font-family: 'Arial Unicode MS', sans-serif; font-size: 12pt;\">Relleno: tejido de densidad diferenciada cubierto con una capa de dacron.<\/span><\/p>\n<\/li>\n<li>\n<p style=\"margin-bottom: 0cm;\"><span style=\"font-family: 'Arial Unicode MS', sans-serif; font-size: 12pt;\">Asiento y respaldo: poliuretano.<\/span><\/p>\n<\/li>\n<\/ul>\n<p style=\"margin-bottom: 0cm;\"><span style=\"font-family: 'Arial Unicode MS', sans-serif; font-size: 12pt;\">Para fines de <strong>limpieza<\/strong> , use solo un pa\u00f1o suave y ligeramente h\u00famedo. <span style=\"text-decoration: underline;\">Evite<\/span> usar telas \u00e1speras o esponjas abrasivas que rayen la superficie. <span style=\"text-decoration: underline;\">No<\/span> utilice detergentes agresivos.<\/span><\/p><\/p>\n","protected":false},"excerpt":{"rendered":"<p>El sof\u00e1 Lavanda tiene un estilo moderno y un car\u00e1cter contempor\u00e1neo en l\u00ednea con el estilo y la personalidad de nuestros d\u00edas combinados con el dise\u00f1o particular.<\/p>\n","protected":false},"featured_media":34162,"comment_status":"open","ping_status":"closed","template":"","meta":[],"product_brand":[5021],"product_cat":[9793],"product_tag":[],"class_list":{"0":"post-80364","1":"product","2":"type-product","3":"status-publish","4":"has-post-thumbnail","6":"product_brand-predator-arredo-casa","7":"product_cat-sofas-2-muebles-de-interior","9":"first","10":"instock","11":"sale","12":"taxable","13":"shipping-taxable","14":"purchasable","15":"product-type-simple"},"exclude_global_add_ons":[],"addons":[],"yoast_head":"<!-- This site is optimized with the Yoast SEO plugin v26.7 - https:\/\/yoast.com\/wordpress\/plugins\/seo\/ -->\n<title>Sof\u00e1 Lavanda para Sala de estar 300 cm Microfibra, Funda extra\u00edble<\/title>\n<meta name=\"description\" content=\"Proporciones equilibradas, que gracias a un dise\u00f1o cuidadoso adquieren un valor de elegancia superior. El exclusivo contraste de costuras cuadradas en los asientos, respaldos y reposabrazos tambi\u00e9n juega un papel fundamental en la est\u00e9tica general.\" \/>\n<meta name=\"robots\" content=\"index, follow, max-snippet:-1, max-image-preview:large, max-video-preview:-1\" \/>\n<link rel=\"canonical\" href=\"https:\/\/www.bagnoitalia.com\/es\/producto\/sofa-lavanda-funda-extraible-microfibra-300-cm.html\" \/>\n<meta property=\"og:locale\" content=\"es_ES\" \/>\n<meta property=\"og:type\" content=\"article\" \/>\n<meta property=\"og:title\" content=\"Sof\u00e1 Lavanda para Sala de estar 300 cm Microfibra, Funda extra\u00edble\" \/>\n<meta property=\"og:description\" content=\"Proporciones equilibradas, que gracias a un dise\u00f1o cuidadoso adquieren un valor de elegancia superior. El exclusivo contraste de costuras cuadradas en los asientos, respaldos y reposabrazos tambi\u00e9n juega un papel fundamental en la est\u00e9tica general.\" \/>\n<meta property=\"og:url\" content=\"https:\/\/www.bagnoitalia.com\/es\/producto\/sofa-lavanda-funda-extraible-microfibra-300-cm.html\" \/>\n<meta property=\"og:site_name\" content=\"Bagno Italia\" \/>\n<meta property=\"article:modified_time\" content=\"2025-06-13T02:10:23+00:00\" \/>\n<meta property=\"og:image\" content=\"https:\/\/img.bagnoitalia.com\/wp-content\/uploads\/virtuemart\/product\/Sofa-living-300-Lavanda-1_1541696719_135.jpg\" \/>\n\t<meta property=\"og:image:width\" content=\"600\" \/>\n\t<meta property=\"og:image:height\" content=\"600\" \/>\n\t<meta property=\"og:image:type\" content=\"image\/jpeg\" \/>\n<meta name=\"twitter:card\" content=\"summary_large_image\" \/>\n<meta name=\"twitter:label1\" content=\"Tiempo de lectura\" \/>\n\t<meta name=\"twitter:data1\" content=\"1 minuto\" \/>\n<script type=\"application\/ld+json\" class=\"yoast-schema-graph\">{\"@context\":\"https:\/\/schema.org\",\"@graph\":[{\"@type\":\"WebPage\",\"@id\":\"https:\/\/www.bagnoitalia.com\/es\/producto\/sofa-lavanda-funda-extraible-microfibra-300-cm.html\",\"url\":\"https:\/\/www.bagnoitalia.com\/es\/producto\/sofa-lavanda-funda-extraible-microfibra-300-cm.html\",\"name\":\"Sof\u00e1 Lavanda para Sala de estar 300 cm Microfibra, Funda extra\u00edble\",\"isPartOf\":{\"@id\":\"https:\/\/www.bagnoitalia.com\/es#website\"},\"primaryImageOfPage\":{\"@id\":\"https:\/\/www.bagnoitalia.com\/es\/producto\/sofa-lavanda-funda-extraible-microfibra-300-cm.html#primaryimage\"},\"image\":{\"@id\":\"https:\/\/www.bagnoitalia.com\/es\/producto\/sofa-lavanda-funda-extraible-microfibra-300-cm.html#primaryimage\"},\"thumbnailUrl\":\"https:\/\/img.bagnoitalia.com\/wp-content\/uploads\/virtuemart\/product\/Sofa-living-300-Lavanda-1_1541696719_135.jpg\",\"datePublished\":\"2016-12-20T13:08:21+00:00\",\"dateModified\":\"2025-06-13T02:10:23+00:00\",\"description\":\"Proporciones equilibradas, que gracias a un dise\u00f1o cuidadoso adquieren un valor de elegancia superior. El exclusivo contraste de costuras cuadradas en los asientos, respaldos y reposabrazos tambi\u00e9n juega un papel fundamental en la est\u00e9tica general.\",\"breadcrumb\":{\"@id\":\"https:\/\/www.bagnoitalia.com\/es\/producto\/sofa-lavanda-funda-extraible-microfibra-300-cm.html#breadcrumb\"},\"inLanguage\":\"es\",\"potentialAction\":[{\"@type\":\"ReadAction\",\"target\":[\"https:\/\/www.bagnoitalia.com\/es\/producto\/sofa-lavanda-funda-extraible-microfibra-300-cm.html\"]}]},{\"@type\":\"ImageObject\",\"inLanguage\":\"es\",\"@id\":\"https:\/\/www.bagnoitalia.com\/es\/producto\/sofa-lavanda-funda-extraible-microfibra-300-cm.html#primaryimage\",\"url\":\"https:\/\/img.bagnoitalia.com\/wp-content\/uploads\/virtuemart\/product\/Sofa-living-300-Lavanda-1_1541696719_135.jpg\",\"contentUrl\":\"https:\/\/img.bagnoitalia.com\/wp-content\/uploads\/virtuemart\/product\/Sofa-living-300-Lavanda-1_1541696719_135.jpg\",\"width\":600,\"height\":600},{\"@type\":\"BreadcrumbList\",\"@id\":\"https:\/\/www.bagnoitalia.com\/es\/producto\/sofa-lavanda-funda-extraible-microfibra-300-cm.html#breadcrumb\",\"itemListElement\":[{\"@type\":\"ListItem\",\"position\":1,\"name\":\"Home\",\"item\":\"https:\/\/www.bagnoitalia.com\/es\"},{\"@type\":\"ListItem\",\"position\":2,\"name\":\"Productos\",\"item\":\"https:\/\/www.bagnoitalia.com\/es\/shop\"},{\"@type\":\"ListItem\",\"position\":3,\"name\":\"Sof\u00e1 Lavanda para Sala de estar 300 cm Microfibra, Funda extra\u00edble\"}]},{\"@type\":\"WebSite\",\"@id\":\"https:\/\/www.bagnoitalia.com\/es#website\",\"url\":\"https:\/\/www.bagnoitalia.com\/es\",\"name\":\"Bagno Italia\",\"description\":\"\",\"publisher\":{\"@id\":\"https:\/\/www.bagnoitalia.com\/es#organization\"},\"potentialAction\":[{\"@type\":\"SearchAction\",\"target\":{\"@type\":\"EntryPoint\",\"urlTemplate\":\"https:\/\/www.bagnoitalia.com\/es?s={search_term_string}\"},\"query-input\":{\"@type\":\"PropertyValueSpecification\",\"valueRequired\":true,\"valueName\":\"search_term_string\"}}],\"inLanguage\":\"es\"},{\"@type\":\"Organization\",\"@id\":\"https:\/\/www.bagnoitalia.com\/es#organization\",\"name\":\"Bagno Italia\",\"url\":\"https:\/\/www.bagnoitalia.com\/es\",\"logo\":{\"@type\":\"ImageObject\",\"inLanguage\":\"es\",\"@id\":\"https:\/\/www.bagnoitalia.com\/es#\/schema\/logo\/image\/\",\"url\":\"https:\/\/img.bagnoitalia.com\/wp-content\/uploads\/logo-bagnoitalia.webp\",\"contentUrl\":\"https:\/\/img.bagnoitalia.com\/wp-content\/uploads\/logo-bagnoitalia.webp\",\"width\":400,\"height\":70,\"caption\":\"Bagno Italia\"},\"image\":{\"@id\":\"https:\/\/www.bagnoitalia.com\/es#\/schema\/logo\/image\/\"}}]}<\/script>\n<!-- \/ Yoast SEO plugin. -->","yoast_head_json":{"title":"Sof\u00e1 Lavanda para Sala de estar 300 cm Microfibra, Funda extra\u00edble","description":"Proporciones equilibradas, que gracias a un dise\u00f1o cuidadoso adquieren un valor de elegancia superior. El exclusivo contraste de costuras cuadradas en los asientos, respaldos y reposabrazos tambi\u00e9n juega un papel fundamental en la est\u00e9tica general.","robots":{"index":"index","follow":"follow","max-snippet":"max-snippet:-1","max-image-preview":"max-image-preview:large","max-video-preview":"max-video-preview:-1"},"canonical":"https:\/\/www.bagnoitalia.com\/es\/producto\/sofa-lavanda-funda-extraible-microfibra-300-cm.html","og_locale":"es_ES","og_type":"article","og_title":"Sof\u00e1 Lavanda para Sala de estar 300 cm Microfibra, Funda extra\u00edble","og_description":"Proporciones equilibradas, que gracias a un dise\u00f1o cuidadoso adquieren un valor de elegancia superior. El exclusivo contraste de costuras cuadradas en los asientos, respaldos y reposabrazos tambi\u00e9n juega un papel fundamental en la est\u00e9tica general.","og_url":"https:\/\/www.bagnoitalia.com\/es\/producto\/sofa-lavanda-funda-extraible-microfibra-300-cm.html","og_site_name":"Bagno Italia","article_modified_time":"2025-06-13T02:10:23+00:00","og_image":[{"width":600,"height":600,"url":"https:\/\/img.bagnoitalia.com\/wp-content\/uploads\/virtuemart\/product\/Sofa-living-300-Lavanda-1_1541696719_135.jpg","type":"image\/jpeg"}],"twitter_card":"summary_large_image","twitter_misc":{"Tiempo de lectura":"1 minuto"},"schema":{"@context":"https:\/\/schema.org","@graph":[{"@type":"WebPage","@id":"https:\/\/www.bagnoitalia.com\/es\/producto\/sofa-lavanda-funda-extraible-microfibra-300-cm.html","url":"https:\/\/www.bagnoitalia.com\/es\/producto\/sofa-lavanda-funda-extraible-microfibra-300-cm.html","name":"Sof\u00e1 Lavanda para Sala de estar 300 cm Microfibra, Funda extra\u00edble","isPartOf":{"@id":"https:\/\/www.bagnoitalia.com\/es#website"},"primaryImageOfPage":{"@id":"https:\/\/www.bagnoitalia.com\/es\/producto\/sofa-lavanda-funda-extraible-microfibra-300-cm.html#primaryimage"},"image":{"@id":"https:\/\/www.bagnoitalia.com\/es\/producto\/sofa-lavanda-funda-extraible-microfibra-300-cm.html#primaryimage"},"thumbnailUrl":"https:\/\/img.bagnoitalia.com\/wp-content\/uploads\/virtuemart\/product\/Sofa-living-300-Lavanda-1_1541696719_135.jpg","datePublished":"2016-12-20T13:08:21+00:00","dateModified":"2025-06-13T02:10:23+00:00","description":"Proporciones equilibradas, que gracias a un dise\u00f1o cuidadoso adquieren un valor de elegancia superior. El exclusivo contraste de costuras cuadradas en los asientos, respaldos y reposabrazos tambi\u00e9n juega un papel fundamental en la est\u00e9tica general.","breadcrumb":{"@id":"https:\/\/www.bagnoitalia.com\/es\/producto\/sofa-lavanda-funda-extraible-microfibra-300-cm.html#breadcrumb"},"inLanguage":"es","potentialAction":[{"@type":"ReadAction","target":["https:\/\/www.bagnoitalia.com\/es\/producto\/sofa-lavanda-funda-extraible-microfibra-300-cm.html"]}]},{"@type":"ImageObject","inLanguage":"es","@id":"https:\/\/www.bagnoitalia.com\/es\/producto\/sofa-lavanda-funda-extraible-microfibra-300-cm.html#primaryimage","url":"https:\/\/img.bagnoitalia.com\/wp-content\/uploads\/virtuemart\/product\/Sofa-living-300-Lavanda-1_1541696719_135.jpg","contentUrl":"https:\/\/img.bagnoitalia.com\/wp-content\/uploads\/virtuemart\/product\/Sofa-living-300-Lavanda-1_1541696719_135.jpg","width":600,"height":600},{"@type":"BreadcrumbList","@id":"https:\/\/www.bagnoitalia.com\/es\/producto\/sofa-lavanda-funda-extraible-microfibra-300-cm.html#breadcrumb","itemListElement":[{"@type":"ListItem","position":1,"name":"Home","item":"https:\/\/www.bagnoitalia.com\/es"},{"@type":"ListItem","position":2,"name":"Productos","item":"https:\/\/www.bagnoitalia.com\/es\/shop"},{"@type":"ListItem","position":3,"name":"Sof\u00e1 Lavanda para Sala de estar 300 cm Microfibra, Funda extra\u00edble"}]},{"@type":"WebSite","@id":"https:\/\/www.bagnoitalia.com\/es#website","url":"https:\/\/www.bagnoitalia.com\/es","name":"Bagno Italia","description":"","publisher":{"@id":"https:\/\/www.bagnoitalia.com\/es#organization"},"potentialAction":[{"@type":"SearchAction","target":{"@type":"EntryPoint","urlTemplate":"https:\/\/www.bagnoitalia.com\/es?s={search_term_string}"},"query-input":{"@type":"PropertyValueSpecification","valueRequired":true,"valueName":"search_term_string"}}],"inLanguage":"es"},{"@type":"Organization","@id":"https:\/\/www.bagnoitalia.com\/es#organization","name":"Bagno Italia","url":"https:\/\/www.bagnoitalia.com\/es","logo":{"@type":"ImageObject","inLanguage":"es","@id":"https:\/\/www.bagnoitalia.com\/es#\/schema\/logo\/image\/","url":"https:\/\/img.bagnoitalia.com\/wp-content\/uploads\/logo-bagnoitalia.webp","contentUrl":"https:\/\/img.bagnoitalia.com\/wp-content\/uploads\/logo-bagnoitalia.webp","width":400,"height":70,"caption":"Bagno Italia"},"image":{"@id":"https:\/\/www.bagnoitalia.com\/es#\/schema\/logo\/image\/"}}]}},"_links":{"self":[{"href":"https:\/\/www.bagnoitalia.com\/es\/wp-json\/wp\/v2\/product\/80364","targetHints":{"allow":["GET"]}}],"collection":[{"href":"https:\/\/www.bagnoitalia.com\/es\/wp-json\/wp\/v2\/product"}],"about":[{"href":"https:\/\/www.bagnoitalia.com\/es\/wp-json\/wp\/v2\/types\/product"}],"replies":[{"embeddable":true,"href":"https:\/\/www.bagnoitalia.com\/es\/wp-json\/wp\/v2\/comments?post=80364"}],"version-history":[{"count":0,"href":"https:\/\/www.bagnoitalia.com\/es\/wp-json\/wp\/v2\/product\/80364\/revisions"}],"wp:featuredmedia":[{"embeddable":true,"href":"https:\/\/www.bagnoitalia.com\/es\/wp-json\/wp\/v2\/media\/34162"}],"wp:attachment":[{"href":"https:\/\/www.bagnoitalia.com\/es\/wp-json\/wp\/v2\/media?parent=80364"}],"wp:term":[{"taxonomy":"product_brand","embeddable":true,"href":"https:\/\/www.bagnoitalia.com\/es\/wp-json\/wp\/v2\/product_brand?post=80364"},{"taxonomy":"product_cat","embeddable":true,"href":"https:\/\/www.bagnoitalia.com\/es\/wp-json\/wp\/v2\/product_cat?post=80364"},{"taxonomy":"product_tag","embeddable":true,"href":"https:\/\/www.bagnoitalia.com\/es\/wp-json\/wp\/v2\/product_tag?post=80364"}],"curies":[{"name":"wp","href":"https:\/\/api.w.org\/{rel}","templated":true}]}}