{"id":80344,"date":"2016-12-17T09:52:52","date_gmt":"2016-12-17T08:52:52","guid":{"rendered":"https:\/\/www.bagnoitalia.com\/product\/magnolia-living-comedor-sofa-340cm-moderno-color-arena-modular"},"modified":"2024-05-11T00:09:40","modified_gmt":"2024-05-10T22:09:40","slug":"magnolia-living-comedor-sofa-340cm-moderno-color-arena-modular","status":"publish","type":"product","link":"https:\/\/www.bagnoitalia.com\/es\/producto\/magnolia-living-comedor-sofa-340cm-moderno-color-arena-modular.html","title":{"rendered":"Sof\u00e1 sala de estar Magnolia 340cm Moderno color arena"},"content":{"rendered":"<p style=\"margin-bottom: 0cm;\"><span style=\"font-family: 'Arial Unicode MS', sans-serif; font-size: 12pt;\">El sof\u00e1 <strong>Magnolia<\/strong> tiene un dise\u00f1o cl\u00e1sico, pero encaja perfectamente incluso en los entornos m\u00e1s modernos, de hecho, destaca por su <span style=\"text-decoration: underline;\">elegancia<\/span> realzada por la simplicidad de las formas.<\/span><\/p>\n<p style=\"margin-bottom: 0cm;\"><span style=\"font-size: 12pt;\"><span style=\"font-family: 'Arial Unicode MS', sans-serif;\">Este sof\u00e1 de tela le da un toque de color y fantas\u00eda, recreando un ambiente c\u00e1lido y acogedor; Tambi\u00e9n se caracteriza por su l\u00ednea sinuosa y envolvente,<\/span> <strong><span style=\"color: #242424;\"><span style=\"font-family: 'Arial Unicode MS', sans-serif;\"><span><span style=\"font-weight: normal;\">tiene un relleno de<\/span><\/span><\/span><\/span><\/strong> <strong><span style=\"color: #242424;\"><span style=\"font-family: 'Arial Unicode MS', sans-serif;\"><span><span style=\"text-decoration: underline;\"><span style=\"font-weight: normal;\">espuma de poliuretano<\/span><\/span><\/span><\/span><\/span><\/strong> <strong><span style=\"color: #242424;\"><span style=\"font-family: 'Arial Unicode MS', sans-serif;\"><span><span style=\"font-weight: normal;\">ecol\u00f3gico con densidad diferenciada cubierta por una capa de dacron que marca la diferencia de confort en el asiento.<\/span><\/span><\/span><\/span><\/strong><\/span><\/p>\n<\/p>\n<p style=\"margin-bottom: 0cm;\"><span style=\"font-family: 'Arial Unicode MS', sans-serif; font-size: 12pt;\"><span style=\"text-decoration: underline;\"><strong>CARACTER\u00cdSTICAS<\/strong><\/span><\/span><\/p>\n<ul>\n<li>\n<p style=\"margin-bottom: 0cm;\"><span style=\"font-family: 'Arial Unicode MS', sans-serif; font-size: 12pt;\">Medidas: 340x200x85 cm.<\/span><\/p>\n<\/li>\n<li>\n<p style=\"margin-bottom: 0cm;\"><span style=\"font-family: 'Arial Unicode MS', sans-serif; font-size: 12pt;\">Modular<\/span><\/p>\n<\/li>\n<li>\n<p style=\"margin-bottom: 0cm;\"><span style=\"font-family: 'Arial Unicode MS', sans-serif; font-size: 12pt;\">Desmontable<\/span><\/p>\n<\/li>\n<li>\n<p style=\"margin-bottom: 0cm;\"><span style=\"font-family: 'Arial Unicode MS', sans-serif; font-size: 12pt;\">Almohadas <strong>incluidas<\/strong> en el precio.<\/span><\/p>\n<\/li>\n<li>\n<p style=\"margin-bottom: 0cm; line-height: 0.71cm;\"><span style=\"color: #000000; font-size: 12pt;\"><span style=\"font-family: 'Arial Unicode MS', sans-serif;\"><span>F\u00e1cil de limpiar<\/span><\/span><\/span><\/p>\n<\/li>\n<li>\n<p style=\"margin-bottom: 0cm; line-height: 0.71cm;\"><span style=\"color: #000000; font-size: 12pt;\"><span style=\"font-family: 'Arial Unicode MS', sans-serif;\"><span><strong>Resistente al<\/strong> desgaste<\/span><\/span><\/span><\/p>\n<\/li>\n<li>\n<p style=\"margin-bottom: 0cm; line-height: 0.71cm;\"><span style=\"color: #000000; font-size: 12pt;\"><span style=\"font-family: 'Arial Unicode MS', sans-serif;\"><span>Terminado a mano<\/span><\/span><\/span><\/p>\n<\/li>\n<li>\n<p style=\"margin-bottom: 0cm; line-height: 0.71cm;\"><span style=\"color: #000000; font-size: 12pt;\"><span style=\"font-family: 'Arial Unicode MS', sans-serif;\"><span>Elasticidad natural<\/span><\/span><\/span><\/p>\n<\/li>\n<li>\n<p style=\"margin-bottom: 0cm; line-height: 0.71cm;\"><span style=\"color: #000000; font-size: 12pt;\"><span style=\"font-family: 'Arial Unicode MS', sans-serif;\"><span>Marco <strong>reforzado<\/strong><\/span><\/span><\/span><\/p>\n<\/li>\n<\/ul>\n<p style=\"margin-bottom: 0cm;\"><span style=\"font-family: 'Arial Unicode MS', sans-serif; font-size: 12pt;\"><span style=\"text-decoration: underline;\"><strong>MATERIALES<\/strong><\/span><\/span><\/p>\n<ul>\n<li>\n<p style=\"margin-bottom: 0cm;\"><span style=\"font-family: 'Arial Unicode MS', sans-serif; font-size: 12pt;\">Estructura: Madera virgen recubierta con una capa de POLIUTANEO.<\/span><\/p>\n<\/li>\n<li>\n<p style=\"margin-bottom: 0cm;\"><span style=\"font-family: 'Arial Unicode MS', sans-serif; font-size: 12pt;\">Relleno: tejido de densidad diferenciada cubierto con una capa de dacron.<\/span><\/p>\n<\/li>\n<li>\n<p style=\"margin-bottom: 0cm;\"><span style=\"font-family: 'Arial Unicode MS', sans-serif; font-size: 12pt;\">Asiento y respaldo: poliuretano.<\/span><\/p>\n<\/li>\n<\/ul>\n<p style=\"margin-bottom: 0cm;\"><span style=\"font-family: 'Arial Unicode MS', sans-serif; font-size: 12pt;\">Para fines de <strong>limpieza<\/strong> , use solo un pa\u00f1o suave y ligeramente h\u00famedo. <span style=\"text-decoration: underline;\">Evite<\/span> usar telas \u00e1speras o esponjas abrasivas que rayen la superficie. <span style=\"text-decoration: underline;\">No<\/span> utilice detergentes agresivos.<\/span><\/p><\/p>\n","protected":false},"excerpt":{"rendered":"<p>El sof\u00e1 Magnolia tiene un dise\u00f1o cl\u00e1sico, pero encaja perfectamente incluso en los entornos m\u00e1s modernos, de hecho, destaca por su elegancia realzada por la simplicidad de las formas.<\/p>\n","protected":false},"featured_media":34022,"comment_status":"open","ping_status":"closed","template":"","meta":[],"product_brand":[5021],"product_cat":[9793],"product_tag":[],"class_list":{"0":"post-80344","1":"product","2":"type-product","3":"status-publish","4":"has-post-thumbnail","6":"product_brand-predator-arredo-casa","7":"product_cat-sofas-2-muebles-de-interior","9":"first","10":"instock","11":"sale","12":"taxable","13":"shipping-taxable","14":"purchasable","15":"product-type-simple"},"exclude_global_add_ons":[],"addons":[],"yoast_head":"<!-- This site is optimized with the Yoast SEO plugin v26.7 - https:\/\/yoast.com\/wordpress\/plugins\/seo\/ -->\n<title>Magnolia, sof\u00e1 de la sala de estar, 340 cm, moderno y modular de muebles de color arena.<\/title>\n<meta name=\"description\" content=\"El sof\u00e1 Magnolia tiene un dise\u00f1o cl\u00e1sico, pero encaja perfectamente incluso en los entornos m\u00e1s modernos, de hecho, destaca por su elegancia realzada por la simplicidad de las formas.\" \/>\n<meta name=\"robots\" content=\"index, follow, max-snippet:-1, max-image-preview:large, max-video-preview:-1\" \/>\n<link rel=\"canonical\" href=\"https:\/\/www.bagnoitalia.com\/es\/producto\/magnolia-living-comedor-sofa-340cm-moderno-color-arena-modular.html\" \/>\n<meta property=\"og:locale\" content=\"es_ES\" \/>\n<meta property=\"og:type\" content=\"article\" \/>\n<meta property=\"og:title\" content=\"Magnolia, sof\u00e1 de la sala de estar, 340 cm, moderno y modular de muebles de color arena.\" \/>\n<meta property=\"og:description\" content=\"El sof\u00e1 Magnolia tiene un dise\u00f1o cl\u00e1sico, pero encaja perfectamente incluso en los entornos m\u00e1s modernos, de hecho, destaca por su elegancia realzada por la simplicidad de las formas.\" \/>\n<meta property=\"og:url\" content=\"https:\/\/www.bagnoitalia.com\/es\/producto\/magnolia-living-comedor-sofa-340cm-moderno-color-arena-modular.html\" \/>\n<meta property=\"og:site_name\" content=\"Bagno Italia\" \/>\n<meta property=\"article:modified_time\" content=\"2024-05-10T22:09:40+00:00\" \/>\n<meta property=\"og:image\" content=\"https:\/\/img.bagnoitalia.com\/wp-content\/uploads\/virtuemart\/product\/Sectional-sofa-living-1_1541697873_18.jpg\" \/>\n\t<meta property=\"og:image:width\" content=\"600\" \/>\n\t<meta property=\"og:image:height\" content=\"600\" \/>\n\t<meta property=\"og:image:type\" content=\"image\/jpeg\" \/>\n<meta name=\"twitter:card\" content=\"summary_large_image\" \/>\n<meta name=\"twitter:label1\" content=\"Tiempo de lectura\" \/>\n\t<meta name=\"twitter:data1\" content=\"1 minuto\" \/>\n<script type=\"application\/ld+json\" class=\"yoast-schema-graph\">{\"@context\":\"https:\/\/schema.org\",\"@graph\":[{\"@type\":\"WebPage\",\"@id\":\"https:\/\/www.bagnoitalia.com\/es\/producto\/magnolia-living-comedor-sofa-340cm-moderno-color-arena-modular.html\",\"url\":\"https:\/\/www.bagnoitalia.com\/es\/producto\/magnolia-living-comedor-sofa-340cm-moderno-color-arena-modular.html\",\"name\":\"Magnolia, sof\u00e1 de la sala de estar, 340 cm, moderno y modular de muebles de color arena.\",\"isPartOf\":{\"@id\":\"https:\/\/www.bagnoitalia.com\/es#website\"},\"primaryImageOfPage\":{\"@id\":\"https:\/\/www.bagnoitalia.com\/es\/producto\/magnolia-living-comedor-sofa-340cm-moderno-color-arena-modular.html#primaryimage\"},\"image\":{\"@id\":\"https:\/\/www.bagnoitalia.com\/es\/producto\/magnolia-living-comedor-sofa-340cm-moderno-color-arena-modular.html#primaryimage\"},\"thumbnailUrl\":\"https:\/\/img.bagnoitalia.com\/wp-content\/uploads\/virtuemart\/product\/Sectional-sofa-living-1_1541697873_18.jpg\",\"datePublished\":\"2016-12-17T08:52:52+00:00\",\"dateModified\":\"2024-05-10T22:09:40+00:00\",\"description\":\"El sof\u00e1 Magnolia tiene un dise\u00f1o cl\u00e1sico, pero encaja perfectamente incluso en los entornos m\u00e1s modernos, de hecho, destaca por su elegancia realzada por la simplicidad de las formas.\",\"breadcrumb\":{\"@id\":\"https:\/\/www.bagnoitalia.com\/es\/producto\/magnolia-living-comedor-sofa-340cm-moderno-color-arena-modular.html#breadcrumb\"},\"inLanguage\":\"es\",\"potentialAction\":[{\"@type\":\"ReadAction\",\"target\":[\"https:\/\/www.bagnoitalia.com\/es\/producto\/magnolia-living-comedor-sofa-340cm-moderno-color-arena-modular.html\"]}]},{\"@type\":\"ImageObject\",\"inLanguage\":\"es\",\"@id\":\"https:\/\/www.bagnoitalia.com\/es\/producto\/magnolia-living-comedor-sofa-340cm-moderno-color-arena-modular.html#primaryimage\",\"url\":\"https:\/\/img.bagnoitalia.com\/wp-content\/uploads\/virtuemart\/product\/Sectional-sofa-living-1_1541697873_18.jpg\",\"contentUrl\":\"https:\/\/img.bagnoitalia.com\/wp-content\/uploads\/virtuemart\/product\/Sectional-sofa-living-1_1541697873_18.jpg\",\"width\":600,\"height\":600},{\"@type\":\"BreadcrumbList\",\"@id\":\"https:\/\/www.bagnoitalia.com\/es\/producto\/magnolia-living-comedor-sofa-340cm-moderno-color-arena-modular.html#breadcrumb\",\"itemListElement\":[{\"@type\":\"ListItem\",\"position\":1,\"name\":\"Home\",\"item\":\"https:\/\/www.bagnoitalia.com\/es\"},{\"@type\":\"ListItem\",\"position\":2,\"name\":\"Productos\",\"item\":\"https:\/\/www.bagnoitalia.com\/es\/shop\"},{\"@type\":\"ListItem\",\"position\":3,\"name\":\"Sof\u00e1 sala de estar Magnolia 340cm Moderno color arena\"}]},{\"@type\":\"WebSite\",\"@id\":\"https:\/\/www.bagnoitalia.com\/es#website\",\"url\":\"https:\/\/www.bagnoitalia.com\/es\",\"name\":\"Bagno Italia\",\"description\":\"\",\"publisher\":{\"@id\":\"https:\/\/www.bagnoitalia.com\/es#organization\"},\"potentialAction\":[{\"@type\":\"SearchAction\",\"target\":{\"@type\":\"EntryPoint\",\"urlTemplate\":\"https:\/\/www.bagnoitalia.com\/es?s={search_term_string}\"},\"query-input\":{\"@type\":\"PropertyValueSpecification\",\"valueRequired\":true,\"valueName\":\"search_term_string\"}}],\"inLanguage\":\"es\"},{\"@type\":\"Organization\",\"@id\":\"https:\/\/www.bagnoitalia.com\/es#organization\",\"name\":\"Bagno Italia\",\"url\":\"https:\/\/www.bagnoitalia.com\/es\",\"logo\":{\"@type\":\"ImageObject\",\"inLanguage\":\"es\",\"@id\":\"https:\/\/www.bagnoitalia.com\/es#\/schema\/logo\/image\/\",\"url\":\"https:\/\/img.bagnoitalia.com\/wp-content\/uploads\/logo-bagnoitalia.webp\",\"contentUrl\":\"https:\/\/img.bagnoitalia.com\/wp-content\/uploads\/logo-bagnoitalia.webp\",\"width\":400,\"height\":70,\"caption\":\"Bagno Italia\"},\"image\":{\"@id\":\"https:\/\/www.bagnoitalia.com\/es#\/schema\/logo\/image\/\"}}]}<\/script>\n<!-- \/ Yoast SEO plugin. -->","yoast_head_json":{"title":"Magnolia, sof\u00e1 de la sala de estar, 340 cm, moderno y modular de muebles de color arena.","description":"El sof\u00e1 Magnolia tiene un dise\u00f1o cl\u00e1sico, pero encaja perfectamente incluso en los entornos m\u00e1s modernos, de hecho, destaca por su elegancia realzada por la simplicidad de las formas.","robots":{"index":"index","follow":"follow","max-snippet":"max-snippet:-1","max-image-preview":"max-image-preview:large","max-video-preview":"max-video-preview:-1"},"canonical":"https:\/\/www.bagnoitalia.com\/es\/producto\/magnolia-living-comedor-sofa-340cm-moderno-color-arena-modular.html","og_locale":"es_ES","og_type":"article","og_title":"Magnolia, sof\u00e1 de la sala de estar, 340 cm, moderno y modular de muebles de color arena.","og_description":"El sof\u00e1 Magnolia tiene un dise\u00f1o cl\u00e1sico, pero encaja perfectamente incluso en los entornos m\u00e1s modernos, de hecho, destaca por su elegancia realzada por la simplicidad de las formas.","og_url":"https:\/\/www.bagnoitalia.com\/es\/producto\/magnolia-living-comedor-sofa-340cm-moderno-color-arena-modular.html","og_site_name":"Bagno Italia","article_modified_time":"2024-05-10T22:09:40+00:00","og_image":[{"width":600,"height":600,"url":"https:\/\/img.bagnoitalia.com\/wp-content\/uploads\/virtuemart\/product\/Sectional-sofa-living-1_1541697873_18.jpg","type":"image\/jpeg"}],"twitter_card":"summary_large_image","twitter_misc":{"Tiempo de lectura":"1 minuto"},"schema":{"@context":"https:\/\/schema.org","@graph":[{"@type":"WebPage","@id":"https:\/\/www.bagnoitalia.com\/es\/producto\/magnolia-living-comedor-sofa-340cm-moderno-color-arena-modular.html","url":"https:\/\/www.bagnoitalia.com\/es\/producto\/magnolia-living-comedor-sofa-340cm-moderno-color-arena-modular.html","name":"Magnolia, sof\u00e1 de la sala de estar, 340 cm, moderno y modular de muebles de color arena.","isPartOf":{"@id":"https:\/\/www.bagnoitalia.com\/es#website"},"primaryImageOfPage":{"@id":"https:\/\/www.bagnoitalia.com\/es\/producto\/magnolia-living-comedor-sofa-340cm-moderno-color-arena-modular.html#primaryimage"},"image":{"@id":"https:\/\/www.bagnoitalia.com\/es\/producto\/magnolia-living-comedor-sofa-340cm-moderno-color-arena-modular.html#primaryimage"},"thumbnailUrl":"https:\/\/img.bagnoitalia.com\/wp-content\/uploads\/virtuemart\/product\/Sectional-sofa-living-1_1541697873_18.jpg","datePublished":"2016-12-17T08:52:52+00:00","dateModified":"2024-05-10T22:09:40+00:00","description":"El sof\u00e1 Magnolia tiene un dise\u00f1o cl\u00e1sico, pero encaja perfectamente incluso en los entornos m\u00e1s modernos, de hecho, destaca por su elegancia realzada por la simplicidad de las formas.","breadcrumb":{"@id":"https:\/\/www.bagnoitalia.com\/es\/producto\/magnolia-living-comedor-sofa-340cm-moderno-color-arena-modular.html#breadcrumb"},"inLanguage":"es","potentialAction":[{"@type":"ReadAction","target":["https:\/\/www.bagnoitalia.com\/es\/producto\/magnolia-living-comedor-sofa-340cm-moderno-color-arena-modular.html"]}]},{"@type":"ImageObject","inLanguage":"es","@id":"https:\/\/www.bagnoitalia.com\/es\/producto\/magnolia-living-comedor-sofa-340cm-moderno-color-arena-modular.html#primaryimage","url":"https:\/\/img.bagnoitalia.com\/wp-content\/uploads\/virtuemart\/product\/Sectional-sofa-living-1_1541697873_18.jpg","contentUrl":"https:\/\/img.bagnoitalia.com\/wp-content\/uploads\/virtuemart\/product\/Sectional-sofa-living-1_1541697873_18.jpg","width":600,"height":600},{"@type":"BreadcrumbList","@id":"https:\/\/www.bagnoitalia.com\/es\/producto\/magnolia-living-comedor-sofa-340cm-moderno-color-arena-modular.html#breadcrumb","itemListElement":[{"@type":"ListItem","position":1,"name":"Home","item":"https:\/\/www.bagnoitalia.com\/es"},{"@type":"ListItem","position":2,"name":"Productos","item":"https:\/\/www.bagnoitalia.com\/es\/shop"},{"@type":"ListItem","position":3,"name":"Sof\u00e1 sala de estar Magnolia 340cm Moderno color arena"}]},{"@type":"WebSite","@id":"https:\/\/www.bagnoitalia.com\/es#website","url":"https:\/\/www.bagnoitalia.com\/es","name":"Bagno Italia","description":"","publisher":{"@id":"https:\/\/www.bagnoitalia.com\/es#organization"},"potentialAction":[{"@type":"SearchAction","target":{"@type":"EntryPoint","urlTemplate":"https:\/\/www.bagnoitalia.com\/es?s={search_term_string}"},"query-input":{"@type":"PropertyValueSpecification","valueRequired":true,"valueName":"search_term_string"}}],"inLanguage":"es"},{"@type":"Organization","@id":"https:\/\/www.bagnoitalia.com\/es#organization","name":"Bagno Italia","url":"https:\/\/www.bagnoitalia.com\/es","logo":{"@type":"ImageObject","inLanguage":"es","@id":"https:\/\/www.bagnoitalia.com\/es#\/schema\/logo\/image\/","url":"https:\/\/img.bagnoitalia.com\/wp-content\/uploads\/logo-bagnoitalia.webp","contentUrl":"https:\/\/img.bagnoitalia.com\/wp-content\/uploads\/logo-bagnoitalia.webp","width":400,"height":70,"caption":"Bagno Italia"},"image":{"@id":"https:\/\/www.bagnoitalia.com\/es#\/schema\/logo\/image\/"}}]}},"_links":{"self":[{"href":"https:\/\/www.bagnoitalia.com\/es\/wp-json\/wp\/v2\/product\/80344","targetHints":{"allow":["GET"]}}],"collection":[{"href":"https:\/\/www.bagnoitalia.com\/es\/wp-json\/wp\/v2\/product"}],"about":[{"href":"https:\/\/www.bagnoitalia.com\/es\/wp-json\/wp\/v2\/types\/product"}],"replies":[{"embeddable":true,"href":"https:\/\/www.bagnoitalia.com\/es\/wp-json\/wp\/v2\/comments?post=80344"}],"version-history":[{"count":0,"href":"https:\/\/www.bagnoitalia.com\/es\/wp-json\/wp\/v2\/product\/80344\/revisions"}],"wp:featuredmedia":[{"embeddable":true,"href":"https:\/\/www.bagnoitalia.com\/es\/wp-json\/wp\/v2\/media\/34022"}],"wp:attachment":[{"href":"https:\/\/www.bagnoitalia.com\/es\/wp-json\/wp\/v2\/media?parent=80344"}],"wp:term":[{"taxonomy":"product_brand","embeddable":true,"href":"https:\/\/www.bagnoitalia.com\/es\/wp-json\/wp\/v2\/product_brand?post=80344"},{"taxonomy":"product_cat","embeddable":true,"href":"https:\/\/www.bagnoitalia.com\/es\/wp-json\/wp\/v2\/product_cat?post=80344"},{"taxonomy":"product_tag","embeddable":true,"href":"https:\/\/www.bagnoitalia.com\/es\/wp-json\/wp\/v2\/product_tag?post=80344"}],"curies":[{"name":"wp","href":"https:\/\/api.w.org\/{rel}","templated":true}]}}