{"id":80332,"date":"2016-12-05T14:34:49","date_gmt":"2016-12-05T13:34:49","guid":{"rendered":"https:\/\/www.bagnoitalia.com\/product\/cama-doble-silene-227x174-pies-de-acero-acolchado-de-imitacion-de-cuero-blanco-o-negro"},"modified":"2024-06-18T14:23:14","modified_gmt":"2024-06-18T12:23:14","slug":"cama-doble-silene-227x174-pies-de-acero-acolchado-de-imitacion-de-cuero-blanco-o-negro","status":"publish","type":"product","link":"https:\/\/www.bagnoitalia.com\/es\/producto\/cama-doble-silene-227x174-pies-de-acero-acolchado-de-imitacion-de-cuero-blanco-o-negro.html","title":{"rendered":"Cama Matrimonial Silene Blanca o Negra 227&#215;174, en Cuero Ecol\u00f3gico acolchado con pies de acero"},"content":{"rendered":"<p>&nbsp;<\/p>\n<p style=\"margin-bottom: 0cm;\"><span style=\"font-family: 'Arial Unicode MS', sans-serif; font-size: 12pt;\">La Cama Matrimonial (o doble)\u00a0<strong>Silene<\/strong>, totalmente hecha de <strong>cuero ecol\u00f3gico<\/strong>, tiene un estilo moderno, y, un dise\u00f1o particular y vanguardista, resaltado por formas simples, y la l\u00ednea curva, con una estructura acolchada s\u00f3lida y los pies de metal.<\/span><\/p>\n<p><img fetchpriority=\"high\" decoding=\"async\" class=\" size-full wp-image-33954\" style=\"display: block; margin-left: auto; margin-right: auto;\" src=\"https:\/\/img.bagnoitalia.com\/wp-content\/uploads\/letto-matrimoniale-silene.jpg\" alt=\"cama doble silene\" width=\"396\" height=\"264\" srcset=\"https:\/\/img.bagnoitalia.com\/wp-content\/uploads\/letto-matrimoniale-silene.jpg 1200w, https:\/\/img.bagnoitalia.com\/wp-content\/uploads\/letto-matrimoniale-silene-768x512.jpg 768w, https:\/\/img.bagnoitalia.com\/wp-content\/uploads\/letto-matrimoniale-silene-990x660.jpg 990w, https:\/\/img.bagnoitalia.com\/wp-content\/uploads\/letto-matrimoniale-silene-441x294.jpg 441w, https:\/\/img.bagnoitalia.com\/wp-content\/uploads\/letto-matrimoniale-silene-600x400.jpg 600w, https:\/\/img.bagnoitalia.com\/wp-content\/uploads\/letto-matrimoniale-silene-150x100.jpg 150w\" sizes=\"(max-width: 396px) 100vw, 396px\" \/><\/p>\n<p style=\"margin-bottom: 0cm;\"><span style=\"font-family: 'Arial Unicode MS', sans-serif; font-size: 12pt;\">Est\u00e1 hecha en dos colores (blanco y negro) y con su <span style=\"text-decoration: underline;\">doble\u00a0acolchado<\/span>, esta cama de dise\u00f1o especial ser\u00e1 perfecta para generar en su dormitorio un ambiente refinado y elegante, garantizando un efecto decorativo original.<\/span><\/p>\n<p style=\"margin-bottom: 0cm;\"><span style=\"font-family: 'Arial Unicode MS', sans-serif; font-size: 12pt;\"><span style=\"text-decoration: underline;\"><strong>CARACTER\u00cdSTICAS<\/strong><\/span><\/span><\/p>\n<ul>\n<li>\n<p style=\"margin-bottom: 0cm;\"><span style=\"color: #000000; font-size: 12pt;\"><span style=\"font-family: 'Arial Unicode MS', sans-serif;\">Medidas <strong>externas<\/strong> : L227 x P174 \u00d7 H87 cm.<\/span><\/span><\/p>\n<\/li>\n<li>\n<p style=\"margin-bottom: 0cm; line-height: 0.71cm;\"><span style=\"color: #000000; font-size: 12pt;\"><span style=\"font-family: 'Arial Unicode MS', sans-serif;\">Medidas del <strong>espacio de la cama<\/strong> : 160 \u00d7 200 cm.<\/span><\/span><\/p>\n<\/li>\n<li>\n<p style=\"margin-bottom: 0cm; line-height: 0.71cm;\"><span style=\"color: #000000; font-size: 12pt;\"><span style=\"font-family: 'Arial Unicode MS', sans-serif;\">F\u00e1cil de limpiar<\/span><\/span><\/p>\n<\/li>\n<li>\n<p style=\"margin-bottom: 0cm; line-height: 0.71cm;\"><span style=\"color: #000000; font-size: 12pt;\"><span style=\"font-family: 'Arial Unicode MS', sans-serif;\"><strong>Resistente al<\/strong> desgaste <img decoding=\"async\" class=\" alignright size-full wp-image-33958\" style=\"margin-right: 20px; float: right;\" src=\"https:\/\/img.bagnoitalia.com\/wp-content\/uploads\/letto-matrimoniale-contenitore-silete-bianco-moderno-dettaglio.jpg\" alt=\"Cama doble contenedor moderno blanco silete detalle.\" width=\"500\" height=\"333\" srcset=\"https:\/\/img.bagnoitalia.com\/wp-content\/uploads\/letto-matrimoniale-contenitore-silete-bianco-moderno-dettaglio.jpg 1200w, https:\/\/img.bagnoitalia.com\/wp-content\/uploads\/letto-matrimoniale-contenitore-silete-bianco-moderno-dettaglio-768x512.jpg 768w, https:\/\/img.bagnoitalia.com\/wp-content\/uploads\/letto-matrimoniale-contenitore-silete-bianco-moderno-dettaglio-990x660.jpg 990w, https:\/\/img.bagnoitalia.com\/wp-content\/uploads\/letto-matrimoniale-contenitore-silete-bianco-moderno-dettaglio-441x294.jpg 441w, https:\/\/img.bagnoitalia.com\/wp-content\/uploads\/letto-matrimoniale-contenitore-silete-bianco-moderno-dettaglio-600x400.jpg 600w, https:\/\/img.bagnoitalia.com\/wp-content\/uploads\/letto-matrimoniale-contenitore-silete-bianco-moderno-dettaglio-150x100.jpg 150w\" sizes=\"(max-width: 500px) 100vw, 500px\" \/><\/span><\/span><\/p>\n<\/li>\n<li>\n<p style=\"margin-bottom: 0cm; line-height: 0.71cm;\"><span style=\"color: #000000; font-size: 12pt;\"><span style=\"font-family: 'Arial Unicode MS', sans-serif;\">Cojines <strong>acolchados<\/strong><\/span><\/span><\/p>\n<\/li>\n<li>\n<p style=\"margin-bottom: 0cm; line-height: 0.71cm;\"><span style=\"color: #000000; font-size: 12pt;\"><span style=\"font-family: 'Arial Unicode MS', sans-serif;\">Terminado a mano<\/span><\/span><\/p>\n<\/li>\n<li>\n<p style=\"margin-bottom: 0cm; line-height: 0.71cm;\"><span style=\"color: #000000; font-size: 12pt;\"><span style=\"font-family: 'Arial Unicode MS', sans-serif;\">Elasticidad natural<\/span><\/span><\/p>\n<\/li>\n<li>\n<p style=\"margin-bottom: 0cm; line-height: 0.71cm;\"><span style=\"color: #000000; font-size: 12pt;\"><span style=\"font-family: 'Arial Unicode MS', sans-serif;\">Marco <strong>reforzado<\/strong><\/span><\/span><\/p>\n<\/li>\n<\/ul>\n<p style=\"margin-bottom: 0cm;\"><span style=\"font-family: 'Arial Unicode MS', sans-serif; font-size: 12pt;\"><span style=\"text-decoration: underline;\"><strong>MATERIALES<\/strong><\/span><\/span><\/p>\n<ul>\n<li>\n<p style=\"margin-bottom: 0cm;\"><span style=\"color: #000000; font-size: 12pt;\"><span style=\"font-family: 'Arial Unicode MS', sans-serif;\"><span style=\"text-decoration: underline;\">Superficie de la cama<\/span> :<\/span><\/span><\/p>\n<ul>\n<li>\n<p style=\"margin-bottom: 0cm;\"><span style=\"color: #000000; font-size: 12pt;\"><span style=\"font-family: 'Arial Unicode MS', sans-serif;\">10% de poliuretano<\/span><\/span><\/p>\n<\/li>\n<li>\n<p style=\"margin-bottom: 0cm;\"><span style=\"color: #000000; font-size: 12pt;\"><span style=\"font-family: 'Arial Unicode MS', sans-serif;\">35% de PVC<\/span><\/span><\/p>\n<\/li>\n<li>\n<p style=\"margin-bottom: 0cm;\"><span style=\"color: #000000; font-size: 12pt;\"><span style=\"font-family: 'Arial Unicode MS', sans-serif;\">35% poli\u00e9ster<\/span><\/span><\/p>\n<\/li>\n<li>\n<p style=\"margin-bottom: 0cm;\"><span style=\"color: #000000; font-size: 12pt;\"><span style=\"font-family: 'Arial Unicode MS', sans-serif;\">20% algod\u00f3n<\/span><\/span><\/p>\n<\/li>\n<\/ul>\n<\/li>\n<li>\n<p style=\"margin-bottom: 0cm; line-height: 0.71cm;\"><span style=\"color: #000000; font-size: 12pt;\"><span style=\"font-family: 'Arial Unicode MS', sans-serif;\"><span style=\"text-decoration: underline;\">Cabecero<\/span> : <span style=\"text-decoration: underline;\">Ecopiel<\/span> .<\/span><\/span><\/p>\n<\/li>\n<li>\n<p style=\"margin-bottom: 0cm; line-height: 0.71cm;\"><span style=\"color: #000000; font-size: 12pt;\"><span style=\"font-family: 'Arial Unicode MS', sans-serif;\"><span style=\"text-decoration: underline;\">Revestimiento<\/span> : Ecopiel<\/span><\/span><\/p>\n<\/li>\n<li>\n<p style=\"margin-bottom: 0cm; line-height: 0.71cm;\"><span style=\"color: #000000; font-size: 12pt;\"><span style=\"font-family: 'Arial Unicode MS', sans-serif;\"><span style=\"text-decoration: underline;\">Pies<\/span> : Metal<\/span><\/span><\/p>\n<\/li>\n<\/ul>\n<p style=\"margin-bottom: 0cm; line-height: 0.71cm;\"><span style=\"color: #000000; font-size: 12pt;\"><span style=\"font-family: 'Arial Unicode MS', sans-serif;\">Para fines de <strong>limpieza<\/strong>, use solo un pa\u00f1o suave y ligeramente h\u00famedo. <span style=\"text-decoration: underline;\">Evite<\/span> usar telas \u00e1speras o esponjas abrasivas que rayen la superficie. <span style=\"text-decoration: underline;\">No<\/span> utilice detergentes agresivos.<\/span><\/span><\/p>\n","protected":false},"excerpt":{"rendered":"<p>La Cama Matrimonial (o Doble) Silene est\u00e1 hecha en dos colores: blanco y negro, con acolchado doble. Este dise\u00f1o de cama ser\u00e1 perfecto para generar un ambiente refinado y elegante en su habitaci\u00f3n, garantizando un efecto decorativo original.<\/p>\n","protected":false},"featured_media":33902,"comment_status":"open","ping_status":"closed","template":"","meta":[],"product_brand":[5021],"product_cat":[9801],"product_tag":[],"class_list":{"0":"post-80332","1":"product","2":"type-product","3":"status-publish","4":"has-post-thumbnail","6":"product_brand-predator-arredo-casa","7":"product_cat-cama-muebles-de-interior","9":"first","10":"instock","11":"sale","12":"taxable","13":"shipping-taxable","14":"purchasable","15":"product-type-simple"},"exclude_global_add_ons":false,"addons":[{"name":"color","type":"multiple_choice","position":0,"required":true,"title_format":"heading","default":"","description_enable":false,"description":"","placeholder_enable":false,"placeholder":"","display":"select","restrictions_type":"any_text","adjust_price":false,"price":"","price_type":"flat_fee","restrictions":false,"min":"0","max":"0","options":[{"label":"Blanco","price":"","price_type":"quantity_based","image":0,"visibility":true},{"label":"No disponible - Negro","price":"","price_type":"quantity_based","image":0,"visibility":true}],"id":1718720594}],"yoast_head":"<!-- This site is optimized with the Yoast SEO plugin v26.7 - https:\/\/yoast.com\/wordpress\/plugins\/seo\/ -->\n<title>Silene cama dos cuadrados 227x174 pies acolchados de imitaci\u00f3n de cuero blanco o negro en acero cepillado<\/title>\n<meta name=\"robots\" content=\"index, follow, max-snippet:-1, max-image-preview:large, max-video-preview:-1\" \/>\n<link rel=\"canonical\" href=\"https:\/\/www.bagnoitalia.com\/es\/producto\/cama-doble-silene-227x174-pies-de-acero-acolchado-de-imitacion-de-cuero-blanco-o-negro.html\" \/>\n<meta property=\"og:locale\" content=\"es_ES\" \/>\n<meta property=\"og:type\" content=\"article\" \/>\n<meta property=\"og:title\" content=\"Silene cama dos cuadrados 227x174 pies acolchados de imitaci\u00f3n de cuero blanco o negro en acero cepillado\" \/>\n<meta property=\"og:description\" content=\"La Cama Matrimonial (o Doble) Silene est\u00e1 hecha en dos colores: blanco y negro, con acolchado doble. Este dise\u00f1o de cama ser\u00e1 perfecto para generar un ambiente refinado y elegante en su habitaci\u00f3n, garantizando un efecto decorativo original.\" \/>\n<meta property=\"og:url\" content=\"https:\/\/www.bagnoitalia.com\/es\/producto\/cama-doble-silene-227x174-pies-de-acero-acolchado-de-imitacion-de-cuero-blanco-o-negro.html\" \/>\n<meta property=\"og:site_name\" content=\"Bagno Italia\" \/>\n<meta property=\"article:modified_time\" content=\"2024-06-18T12:23:14+00:00\" \/>\n<meta property=\"og:image\" content=\"https:\/\/img.bagnoitalia.com\/wp-content\/uploads\/virtuemart\/product\/Quilted-double-bad-Silene-1_1541775481_897.jpg\" \/>\n\t<meta property=\"og:image:width\" content=\"600\" \/>\n\t<meta property=\"og:image:height\" content=\"600\" \/>\n\t<meta property=\"og:image:type\" content=\"image\/jpeg\" \/>\n<meta name=\"twitter:card\" content=\"summary_large_image\" \/>\n<meta name=\"twitter:label1\" content=\"Tiempo de lectura\" \/>\n\t<meta name=\"twitter:data1\" content=\"2 minutos\" \/>\n<script type=\"application\/ld+json\" class=\"yoast-schema-graph\">{\"@context\":\"https:\/\/schema.org\",\"@graph\":[{\"@type\":\"WebPage\",\"@id\":\"https:\/\/www.bagnoitalia.com\/es\/producto\/cama-doble-silene-227x174-pies-de-acero-acolchado-de-imitacion-de-cuero-blanco-o-negro.html\",\"url\":\"https:\/\/www.bagnoitalia.com\/es\/producto\/cama-doble-silene-227x174-pies-de-acero-acolchado-de-imitacion-de-cuero-blanco-o-negro.html\",\"name\":\"Silene cama dos cuadrados 227x174 pies acolchados de imitaci\u00f3n de cuero blanco o negro en acero cepillado\",\"isPartOf\":{\"@id\":\"https:\/\/www.bagnoitalia.com\/es#website\"},\"primaryImageOfPage\":{\"@id\":\"https:\/\/www.bagnoitalia.com\/es\/producto\/cama-doble-silene-227x174-pies-de-acero-acolchado-de-imitacion-de-cuero-blanco-o-negro.html#primaryimage\"},\"image\":{\"@id\":\"https:\/\/www.bagnoitalia.com\/es\/producto\/cama-doble-silene-227x174-pies-de-acero-acolchado-de-imitacion-de-cuero-blanco-o-negro.html#primaryimage\"},\"thumbnailUrl\":\"https:\/\/img.bagnoitalia.com\/wp-content\/uploads\/virtuemart\/product\/Quilted-double-bad-Silene-1_1541775481_897.jpg\",\"datePublished\":\"2016-12-05T13:34:49+00:00\",\"dateModified\":\"2024-06-18T12:23:14+00:00\",\"breadcrumb\":{\"@id\":\"https:\/\/www.bagnoitalia.com\/es\/producto\/cama-doble-silene-227x174-pies-de-acero-acolchado-de-imitacion-de-cuero-blanco-o-negro.html#breadcrumb\"},\"inLanguage\":\"es\",\"potentialAction\":[{\"@type\":\"ReadAction\",\"target\":[\"https:\/\/www.bagnoitalia.com\/es\/producto\/cama-doble-silene-227x174-pies-de-acero-acolchado-de-imitacion-de-cuero-blanco-o-negro.html\"]}]},{\"@type\":\"ImageObject\",\"inLanguage\":\"es\",\"@id\":\"https:\/\/www.bagnoitalia.com\/es\/producto\/cama-doble-silene-227x174-pies-de-acero-acolchado-de-imitacion-de-cuero-blanco-o-negro.html#primaryimage\",\"url\":\"https:\/\/img.bagnoitalia.com\/wp-content\/uploads\/virtuemart\/product\/Quilted-double-bad-Silene-1_1541775481_897.jpg\",\"contentUrl\":\"https:\/\/img.bagnoitalia.com\/wp-content\/uploads\/virtuemart\/product\/Quilted-double-bad-Silene-1_1541775481_897.jpg\",\"width\":600,\"height\":600},{\"@type\":\"BreadcrumbList\",\"@id\":\"https:\/\/www.bagnoitalia.com\/es\/producto\/cama-doble-silene-227x174-pies-de-acero-acolchado-de-imitacion-de-cuero-blanco-o-negro.html#breadcrumb\",\"itemListElement\":[{\"@type\":\"ListItem\",\"position\":1,\"name\":\"Home\",\"item\":\"https:\/\/www.bagnoitalia.com\/es\"},{\"@type\":\"ListItem\",\"position\":2,\"name\":\"Productos\",\"item\":\"https:\/\/www.bagnoitalia.com\/es\/shop\"},{\"@type\":\"ListItem\",\"position\":3,\"name\":\"Cama Matrimonial Silene Blanca o Negra 227&#215;174, en Cuero Ecol\u00f3gico acolchado con pies de acero\"}]},{\"@type\":\"WebSite\",\"@id\":\"https:\/\/www.bagnoitalia.com\/es#website\",\"url\":\"https:\/\/www.bagnoitalia.com\/es\",\"name\":\"Bagno Italia\",\"description\":\"\",\"publisher\":{\"@id\":\"https:\/\/www.bagnoitalia.com\/es#organization\"},\"potentialAction\":[{\"@type\":\"SearchAction\",\"target\":{\"@type\":\"EntryPoint\",\"urlTemplate\":\"https:\/\/www.bagnoitalia.com\/es?s={search_term_string}\"},\"query-input\":{\"@type\":\"PropertyValueSpecification\",\"valueRequired\":true,\"valueName\":\"search_term_string\"}}],\"inLanguage\":\"es\"},{\"@type\":\"Organization\",\"@id\":\"https:\/\/www.bagnoitalia.com\/es#organization\",\"name\":\"Bagno Italia\",\"url\":\"https:\/\/www.bagnoitalia.com\/es\",\"logo\":{\"@type\":\"ImageObject\",\"inLanguage\":\"es\",\"@id\":\"https:\/\/www.bagnoitalia.com\/es#\/schema\/logo\/image\/\",\"url\":\"https:\/\/img.bagnoitalia.com\/wp-content\/uploads\/logo-bagnoitalia.webp\",\"contentUrl\":\"https:\/\/img.bagnoitalia.com\/wp-content\/uploads\/logo-bagnoitalia.webp\",\"width\":400,\"height\":70,\"caption\":\"Bagno Italia\"},\"image\":{\"@id\":\"https:\/\/www.bagnoitalia.com\/es#\/schema\/logo\/image\/\"}}]}<\/script>\n<!-- \/ Yoast SEO plugin. -->","yoast_head_json":{"title":"Silene cama dos cuadrados 227x174 pies acolchados de imitaci\u00f3n de cuero blanco o negro en acero cepillado","robots":{"index":"index","follow":"follow","max-snippet":"max-snippet:-1","max-image-preview":"max-image-preview:large","max-video-preview":"max-video-preview:-1"},"canonical":"https:\/\/www.bagnoitalia.com\/es\/producto\/cama-doble-silene-227x174-pies-de-acero-acolchado-de-imitacion-de-cuero-blanco-o-negro.html","og_locale":"es_ES","og_type":"article","og_title":"Silene cama dos cuadrados 227x174 pies acolchados de imitaci\u00f3n de cuero blanco o negro en acero cepillado","og_description":"La Cama Matrimonial (o Doble) Silene est\u00e1 hecha en dos colores: blanco y negro, con acolchado doble. Este dise\u00f1o de cama ser\u00e1 perfecto para generar un ambiente refinado y elegante en su habitaci\u00f3n, garantizando un efecto decorativo original.","og_url":"https:\/\/www.bagnoitalia.com\/es\/producto\/cama-doble-silene-227x174-pies-de-acero-acolchado-de-imitacion-de-cuero-blanco-o-negro.html","og_site_name":"Bagno Italia","article_modified_time":"2024-06-18T12:23:14+00:00","og_image":[{"width":600,"height":600,"url":"https:\/\/img.bagnoitalia.com\/wp-content\/uploads\/virtuemart\/product\/Quilted-double-bad-Silene-1_1541775481_897.jpg","type":"image\/jpeg"}],"twitter_card":"summary_large_image","twitter_misc":{"Tiempo de lectura":"2 minutos"},"schema":{"@context":"https:\/\/schema.org","@graph":[{"@type":"WebPage","@id":"https:\/\/www.bagnoitalia.com\/es\/producto\/cama-doble-silene-227x174-pies-de-acero-acolchado-de-imitacion-de-cuero-blanco-o-negro.html","url":"https:\/\/www.bagnoitalia.com\/es\/producto\/cama-doble-silene-227x174-pies-de-acero-acolchado-de-imitacion-de-cuero-blanco-o-negro.html","name":"Silene cama dos cuadrados 227x174 pies acolchados de imitaci\u00f3n de cuero blanco o negro en acero cepillado","isPartOf":{"@id":"https:\/\/www.bagnoitalia.com\/es#website"},"primaryImageOfPage":{"@id":"https:\/\/www.bagnoitalia.com\/es\/producto\/cama-doble-silene-227x174-pies-de-acero-acolchado-de-imitacion-de-cuero-blanco-o-negro.html#primaryimage"},"image":{"@id":"https:\/\/www.bagnoitalia.com\/es\/producto\/cama-doble-silene-227x174-pies-de-acero-acolchado-de-imitacion-de-cuero-blanco-o-negro.html#primaryimage"},"thumbnailUrl":"https:\/\/img.bagnoitalia.com\/wp-content\/uploads\/virtuemart\/product\/Quilted-double-bad-Silene-1_1541775481_897.jpg","datePublished":"2016-12-05T13:34:49+00:00","dateModified":"2024-06-18T12:23:14+00:00","breadcrumb":{"@id":"https:\/\/www.bagnoitalia.com\/es\/producto\/cama-doble-silene-227x174-pies-de-acero-acolchado-de-imitacion-de-cuero-blanco-o-negro.html#breadcrumb"},"inLanguage":"es","potentialAction":[{"@type":"ReadAction","target":["https:\/\/www.bagnoitalia.com\/es\/producto\/cama-doble-silene-227x174-pies-de-acero-acolchado-de-imitacion-de-cuero-blanco-o-negro.html"]}]},{"@type":"ImageObject","inLanguage":"es","@id":"https:\/\/www.bagnoitalia.com\/es\/producto\/cama-doble-silene-227x174-pies-de-acero-acolchado-de-imitacion-de-cuero-blanco-o-negro.html#primaryimage","url":"https:\/\/img.bagnoitalia.com\/wp-content\/uploads\/virtuemart\/product\/Quilted-double-bad-Silene-1_1541775481_897.jpg","contentUrl":"https:\/\/img.bagnoitalia.com\/wp-content\/uploads\/virtuemart\/product\/Quilted-double-bad-Silene-1_1541775481_897.jpg","width":600,"height":600},{"@type":"BreadcrumbList","@id":"https:\/\/www.bagnoitalia.com\/es\/producto\/cama-doble-silene-227x174-pies-de-acero-acolchado-de-imitacion-de-cuero-blanco-o-negro.html#breadcrumb","itemListElement":[{"@type":"ListItem","position":1,"name":"Home","item":"https:\/\/www.bagnoitalia.com\/es"},{"@type":"ListItem","position":2,"name":"Productos","item":"https:\/\/www.bagnoitalia.com\/es\/shop"},{"@type":"ListItem","position":3,"name":"Cama Matrimonial Silene Blanca o Negra 227&#215;174, en Cuero Ecol\u00f3gico acolchado con pies de acero"}]},{"@type":"WebSite","@id":"https:\/\/www.bagnoitalia.com\/es#website","url":"https:\/\/www.bagnoitalia.com\/es","name":"Bagno Italia","description":"","publisher":{"@id":"https:\/\/www.bagnoitalia.com\/es#organization"},"potentialAction":[{"@type":"SearchAction","target":{"@type":"EntryPoint","urlTemplate":"https:\/\/www.bagnoitalia.com\/es?s={search_term_string}"},"query-input":{"@type":"PropertyValueSpecification","valueRequired":true,"valueName":"search_term_string"}}],"inLanguage":"es"},{"@type":"Organization","@id":"https:\/\/www.bagnoitalia.com\/es#organization","name":"Bagno Italia","url":"https:\/\/www.bagnoitalia.com\/es","logo":{"@type":"ImageObject","inLanguage":"es","@id":"https:\/\/www.bagnoitalia.com\/es#\/schema\/logo\/image\/","url":"https:\/\/img.bagnoitalia.com\/wp-content\/uploads\/logo-bagnoitalia.webp","contentUrl":"https:\/\/img.bagnoitalia.com\/wp-content\/uploads\/logo-bagnoitalia.webp","width":400,"height":70,"caption":"Bagno Italia"},"image":{"@id":"https:\/\/www.bagnoitalia.com\/es#\/schema\/logo\/image\/"}}]}},"_links":{"self":[{"href":"https:\/\/www.bagnoitalia.com\/es\/wp-json\/wp\/v2\/product\/80332","targetHints":{"allow":["GET"]}}],"collection":[{"href":"https:\/\/www.bagnoitalia.com\/es\/wp-json\/wp\/v2\/product"}],"about":[{"href":"https:\/\/www.bagnoitalia.com\/es\/wp-json\/wp\/v2\/types\/product"}],"replies":[{"embeddable":true,"href":"https:\/\/www.bagnoitalia.com\/es\/wp-json\/wp\/v2\/comments?post=80332"}],"version-history":[{"count":1,"href":"https:\/\/www.bagnoitalia.com\/es\/wp-json\/wp\/v2\/product\/80332\/revisions"}],"predecessor-version":[{"id":90526,"href":"https:\/\/www.bagnoitalia.com\/es\/wp-json\/wp\/v2\/product\/80332\/revisions\/90526"}],"wp:featuredmedia":[{"embeddable":true,"href":"https:\/\/www.bagnoitalia.com\/es\/wp-json\/wp\/v2\/media\/33902"}],"wp:attachment":[{"href":"https:\/\/www.bagnoitalia.com\/es\/wp-json\/wp\/v2\/media?parent=80332"}],"wp:term":[{"taxonomy":"product_brand","embeddable":true,"href":"https:\/\/www.bagnoitalia.com\/es\/wp-json\/wp\/v2\/product_brand?post=80332"},{"taxonomy":"product_cat","embeddable":true,"href":"https:\/\/www.bagnoitalia.com\/es\/wp-json\/wp\/v2\/product_cat?post=80332"},{"taxonomy":"product_tag","embeddable":true,"href":"https:\/\/www.bagnoitalia.com\/es\/wp-json\/wp\/v2\/product_tag?post=80332"}],"curies":[{"name":"wp","href":"https:\/\/api.w.org\/{rel}","templated":true}]}}