{"id":80324,"date":"2016-12-01T14:16:48","date_gmt":"2016-12-01T13:16:48","guid":{"rendered":"https:\/\/www.bagnoitalia.com\/product\/cama-contenedor-doble-primula-blanco-negro-y-beige-en-eco-cuero"},"modified":"2025-06-09T11:42:53","modified_gmt":"2025-06-09T09:42:53","slug":"cama-contenedor-doble-primula-blanco-negro-y-beige-en-eco-cuero","status":"publish","type":"product","link":"https:\/\/www.bagnoitalia.com\/es\/producto\/cama-contenedor-doble-primula-blanco-negro-y-beige-en-eco-cuero.html","title":{"rendered":"Cama Matrimonial Pr\u00edmula Blanca, Negra o Beige con contenedor y en cuero sint\u00e9tico"},"content":{"rendered":"<p style=\"margin-bottom: 0cm;\"><span style=\"font-family: 'Arial Unicode MS', sans-serif; font-size: 12pt;\">La cama Matrimonial\u00a0<strong>Pr\u00edmula<\/strong>\u00a0con contenedor, hecha completamente de <strong>cuero sint\u00e9tico<\/strong>, tiene un estilo moderno y un car\u00e1cter contempor\u00e1neo en l\u00ednea con el estilo y la personalidad de nuestros d\u00edas, un dise\u00f1o particular, gracias a los reposacabezas redondos apoyados en los accesorios de hierro.<\/span><\/p>\n<p><span style=\"font-family: 'Arial Unicode MS', sans-serif; font-size: 12pt;\">Hecho en tres colores (blanco, beige y negro), con las combinaciones adecuadas, se ajusta perfectamente incluso en los entornos m\u00e1s cl\u00e1sicos.<\/span><\/p>\n<p style=\"margin-bottom: 0cm;\"><span style=\"font-family: 'Arial Unicode MS', sans-serif; font-size: 12pt;\">Tiene un compartimiento de almacenamiento<strong>, que<\/strong> se abre f\u00e1cilmente gracias a los <span style=\"text-decoration: underline;\">pistones<\/span> instalados en la malla met\u00e1lica, que le permitir\u00e1n guardar todo lo que necesita para su habitaci\u00f3n, respondiendo a la necesidad contempor\u00e1nea de combinar perfectamente practicidad y est\u00e9tica, funcionalidad y estilo.<\/span><\/p>\n<p style=\"margin-bottom: 0cm;\"><span style=\"font-family: 'Arial Unicode MS', sans-serif; font-size: 12pt;\"><span style=\"text-decoration: underline;\"><strong>CARACTER\u00cdSTICAS<\/strong><\/span><\/span><\/p>\n<ul>\n<li>\n<p style=\"margin-bottom: 0cm;\"><span style=\"color: #000000; font-size: 12pt;\"><span style=\"font-family: 'Arial Unicode MS', sans-serif;\">Medidas <strong>externas<\/strong> : L220 x P167 \u00d7 H90 cm.<\/span><\/span><\/p>\n<\/li>\n<li>\n<p style=\"margin-bottom: 0cm; line-height: 0.71cm;\"><span style=\"color: #000000; font-size: 12pt;\"><span style=\"font-family: 'Arial Unicode MS', sans-serif;\">Medidas del <strong>espacio de la cama<\/strong> : 160 \u00d7 200 cm.<\/span><\/span><\/p>\n<\/li>\n<li>\n<p style=\"margin-bottom: 0cm; line-height: 0.71cm;\"><span style=\"color: #000000; font-size: 12pt;\"><span style=\"font-family: 'Arial Unicode MS', sans-serif;\">F\u00e1cil de limpiar<\/span><\/span><\/p>\n<p><img fetchpriority=\"high\" decoding=\"async\" class=\" alignright size-full wp-image-33858\" style=\"margin-left: 10px; margin-right: 20px; float: right;\" src=\"https:\/\/img.bagnoitalia.com\/wp-content\/uploads\/letto-matrimoniale-primula-arredamento-moderno-ecopelle-nero-contenitore.jpg\" alt=\"Primrose cama doble muebles modernos imitaci\u00f3n cuero negro contenedor\" width=\"486\" height=\"320\" srcset=\"https:\/\/img.bagnoitalia.com\/wp-content\/uploads\/letto-matrimoniale-primula-arredamento-moderno-ecopelle-nero-contenitore.jpg 790w, https:\/\/img.bagnoitalia.com\/wp-content\/uploads\/letto-matrimoniale-primula-arredamento-moderno-ecopelle-nero-contenitore-768x505.jpg 768w, https:\/\/img.bagnoitalia.com\/wp-content\/uploads\/letto-matrimoniale-primula-arredamento-moderno-ecopelle-nero-contenitore-441x290.jpg 441w, https:\/\/img.bagnoitalia.com\/wp-content\/uploads\/letto-matrimoniale-primula-arredamento-moderno-ecopelle-nero-contenitore-600x394.jpg 600w, https:\/\/img.bagnoitalia.com\/wp-content\/uploads\/letto-matrimoniale-primula-arredamento-moderno-ecopelle-nero-contenitore-150x99.jpg 150w\" sizes=\"(max-width: 486px) 100vw, 486px\" \/><\/li>\n<li>\n<p style=\"margin-bottom: 0cm; line-height: 0.71cm;\"><span style=\"color: #000000; font-size: 12pt;\"><span style=\"font-family: 'Arial Unicode MS', sans-serif;\"><strong>Resistente al<\/strong> desgaste<\/span><\/span><\/p>\n<\/li>\n<li>\n<p style=\"margin-bottom: 0cm; line-height: 0.71cm;\"><span style=\"color: #000000; font-size: 12pt;\"><span style=\"font-family: 'Arial Unicode MS', sans-serif;\">Cojines <strong>acolchados<\/strong><\/span><\/span><\/p>\n<\/li>\n<li>\n<p style=\"margin-bottom: 0cm; line-height: 0.71cm;\"><span style=\"color: #000000; font-size: 12pt;\"><span style=\"font-family: 'Arial Unicode MS', sans-serif;\">Terminado a mano<\/span><\/span><\/p>\n<\/li>\n<li>\n<p style=\"margin-bottom: 0cm; line-height: 0.71cm;\"><span style=\"color: #000000; font-size: 12pt;\"><span style=\"font-family: 'Arial Unicode MS', sans-serif;\">Elasticidad natural<\/span><\/span><\/p>\n<\/li>\n<li>\n<p style=\"margin-bottom: 0cm; line-height: 0.71cm;\"><span style=\"color: #000000; font-size: 12pt;\"><span style=\"font-family: 'Arial Unicode MS', sans-serif;\">Marco <strong>reforzado<\/strong><\/span><\/span><\/p>\n<\/li>\n<\/ul>\n<p style=\"margin-bottom: 0cm;\"><span style=\"font-family: 'Arial Unicode MS', sans-serif; font-size: 12pt;\"><span style=\"text-decoration: underline;\"><strong>MATERIALES<\/strong><\/span><\/span><\/p>\n<ul>\n<li>\n<p style=\"margin-bottom: 0cm;\"><span style=\"color: #000000; font-size: 12pt;\"><span style=\"font-family: 'Arial Unicode MS', sans-serif;\"><span style=\"text-decoration: underline;\">Superficie de la cama<\/span> :<\/span><\/span><\/p>\n<ul>\n<li>\n<p style=\"margin-bottom: 0cm;\"><span style=\"color: #000000; font-size: 12pt;\"><span style=\"font-family: 'Arial Unicode MS', sans-serif;\">10% de poliuretano<\/span><\/span><\/p>\n<\/li>\n<li>\n<p style=\"margin-bottom: 0cm;\"><span style=\"color: #000000; font-size: 12pt;\"><span style=\"font-family: 'Arial Unicode MS', sans-serif;\">35% de PVC<\/span><\/span><\/p>\n<\/li>\n<li>\n<p style=\"margin-bottom: 0cm;\"><span style=\"color: #000000; font-size: 12pt;\"><span style=\"font-family: 'Arial Unicode MS', sans-serif;\">35% poli\u00e9ster<\/span><\/span><\/p>\n<\/li>\n<li>\n<p style=\"margin-bottom: 0cm;\"><span style=\"color: #000000; font-size: 12pt;\"><span style=\"font-family: 'Arial Unicode MS', sans-serif;\">20% algod\u00f3n<\/span><\/span><\/p>\n<\/li>\n<\/ul>\n<\/li>\n<li>\n<p style=\"margin-bottom: 0cm; line-height: 0.71cm;\"><span style=\"color: #000000; font-size: 12pt;\"><span style=\"font-family: 'Arial Unicode MS', sans-serif;\"><span style=\"text-decoration: underline;\">Cojines<\/span> : Ecopiel.<\/span><\/span><\/p>\n<\/li>\n<li>\n<p style=\"margin-bottom: 0cm; line-height: 0.71cm;\"><span style=\"color: #000000; font-size: 12pt;\"><span style=\"font-family: 'Arial Unicode MS', sans-serif;\"><span style=\"text-decoration: underline;\">Revestimiento<\/span> : Ecopiel.<\/span><\/span><\/p>\n<\/li>\n<\/ul>\n<p style=\"margin-bottom: 0cm; line-height: 0.71cm;\"><span style=\"color: #000000; font-size: 12pt;\"><span style=\"font-family: 'Arial Unicode MS', sans-serif;\">Para fines de <strong>limpieza<\/strong>, use solo un pa\u00f1o suave y ligeramente h\u00famedo. <span style=\"text-decoration: underline;\">Evite<\/span> usar telas \u00e1speras o esponjas abrasivas que rayen la superficie. <span style=\"text-decoration: underline;\">No<\/span> utilice detergentes agresivos.<\/span><\/span><\/p>\n","protected":false},"excerpt":{"rendered":"<p>La cama doble Pr\u00edmula tiene un compartimiento de almacenamiento que puede abrirse f\u00e1cilmente gracias a los pistones instalados en la malla met\u00e1lica, que le permitir\u00e1n guardar todo lo que necesita para su habitaci\u00f3n, respondiendo a la necesidad contempor\u00e1nea de combinar practicidad y est\u00e9tica, funcionalidad y estilo.<\/p>\n","protected":false},"featured_media":33826,"comment_status":"open","ping_status":"closed","template":"","meta":[],"product_brand":[9926],"product_cat":[9801],"product_tag":[],"class_list":{"0":"post-80324","1":"product","2":"type-product","3":"status-publish","4":"has-post-thumbnail","6":"product_brand-predator-arredo-casa-es","7":"product_cat-cama-muebles-de-interior","9":"first","10":"instock","11":"sale","12":"taxable","13":"shipping-taxable","14":"purchasable","15":"product-type-simple"},"exclude_global_add_ons":false,"addons":[{"name":"Color","type":"multiple_choice","position":0,"required":true,"title_format":"heading","default":"","description_enable":false,"description":"","placeholder_enable":false,"placeholder":"","display":"select","restrictions_type":"any_text","adjust_price":false,"price":"","price_type":"flat_fee","restrictions":false,"min":"0","max":"0","options":[{"label":"Blanco","price":"","price_type":"quantity_based","image":0,"visibility":true},{"label":"Beige","price":"","price_type":"quantity_based","image":0,"visibility":true},{"label":"Negro","price":"","price_type":"quantity_based","image":0,"visibility":true}],"id":1718364954}],"yoast_head":"<!-- This site is optimized with the Yoast SEO plugin v26.7 - https:\/\/yoast.com\/wordpress\/plugins\/seo\/ -->\n<title>Cama doble con contenedor Primula en piel sint\u00e9tica negra y beige blanco.<\/title>\n<meta name=\"description\" content=\"La cama doble de contenedor Primula, hecha completamente de cuero ecol\u00f3gico Tiene un compartimiento de almacenamiento, que se abre f\u00e1cilmente gracias a los pistones instalados en la malla de alambre, que le permitir\u00e1n tener todo lo que necesita para su dormitorio\" \/>\n<meta name=\"robots\" content=\"index, follow, max-snippet:-1, max-image-preview:large, max-video-preview:-1\" \/>\n<link rel=\"canonical\" href=\"https:\/\/www.bagnoitalia.com\/es\/producto\/cama-contenedor-doble-primula-blanco-negro-y-beige-en-eco-cuero.html\" \/>\n<meta property=\"og:locale\" content=\"es_ES\" \/>\n<meta property=\"og:type\" content=\"article\" \/>\n<meta property=\"og:title\" content=\"Cama doble con contenedor Primula en piel sint\u00e9tica negra y beige blanco.\" \/>\n<meta property=\"og:description\" content=\"La cama doble de contenedor Primula, hecha completamente de cuero ecol\u00f3gico Tiene un compartimiento de almacenamiento, que se abre f\u00e1cilmente gracias a los pistones instalados en la malla de alambre, que le permitir\u00e1n tener todo lo que necesita para su dormitorio\" \/>\n<meta property=\"og:url\" content=\"https:\/\/www.bagnoitalia.com\/es\/producto\/cama-contenedor-doble-primula-blanco-negro-y-beige-en-eco-cuero.html\" \/>\n<meta property=\"og:site_name\" content=\"Bagno Italia\" \/>\n<meta property=\"article:modified_time\" content=\"2025-06-09T09:42:53+00:00\" \/>\n<meta property=\"og:image\" content=\"https:\/\/img.bagnoitalia.com\/wp-content\/uploads\/virtuemart\/product\/Container-double-bed-primula-1_1541776374_11.jpg\" \/>\n\t<meta property=\"og:image:width\" content=\"600\" \/>\n\t<meta property=\"og:image:height\" content=\"600\" \/>\n\t<meta property=\"og:image:type\" content=\"image\/jpeg\" \/>\n<meta name=\"twitter:card\" content=\"summary_large_image\" \/>\n<meta name=\"twitter:label1\" content=\"Tiempo de lectura\" \/>\n\t<meta name=\"twitter:data1\" content=\"2 minutos\" \/>\n<script type=\"application\/ld+json\" class=\"yoast-schema-graph\">{\"@context\":\"https:\/\/schema.org\",\"@graph\":[{\"@type\":\"WebPage\",\"@id\":\"https:\/\/www.bagnoitalia.com\/es\/producto\/cama-contenedor-doble-primula-blanco-negro-y-beige-en-eco-cuero.html\",\"url\":\"https:\/\/www.bagnoitalia.com\/es\/producto\/cama-contenedor-doble-primula-blanco-negro-y-beige-en-eco-cuero.html\",\"name\":\"Cama doble con contenedor Primula en piel sint\u00e9tica negra y beige blanco.\",\"isPartOf\":{\"@id\":\"https:\/\/www.bagnoitalia.com\/es#website\"},\"primaryImageOfPage\":{\"@id\":\"https:\/\/www.bagnoitalia.com\/es\/producto\/cama-contenedor-doble-primula-blanco-negro-y-beige-en-eco-cuero.html#primaryimage\"},\"image\":{\"@id\":\"https:\/\/www.bagnoitalia.com\/es\/producto\/cama-contenedor-doble-primula-blanco-negro-y-beige-en-eco-cuero.html#primaryimage\"},\"thumbnailUrl\":\"https:\/\/img.bagnoitalia.com\/wp-content\/uploads\/virtuemart\/product\/Container-double-bed-primula-1_1541776374_11.jpg\",\"datePublished\":\"2016-12-01T13:16:48+00:00\",\"dateModified\":\"2025-06-09T09:42:53+00:00\",\"description\":\"La cama doble de contenedor Primula, hecha completamente de cuero ecol\u00f3gico Tiene un compartimiento de almacenamiento, que se abre f\u00e1cilmente gracias a los pistones instalados en la malla de alambre, que le permitir\u00e1n tener todo lo que necesita para su dormitorio\",\"breadcrumb\":{\"@id\":\"https:\/\/www.bagnoitalia.com\/es\/producto\/cama-contenedor-doble-primula-blanco-negro-y-beige-en-eco-cuero.html#breadcrumb\"},\"inLanguage\":\"es\",\"potentialAction\":[{\"@type\":\"ReadAction\",\"target\":[\"https:\/\/www.bagnoitalia.com\/es\/producto\/cama-contenedor-doble-primula-blanco-negro-y-beige-en-eco-cuero.html\"]}]},{\"@type\":\"ImageObject\",\"inLanguage\":\"es\",\"@id\":\"https:\/\/www.bagnoitalia.com\/es\/producto\/cama-contenedor-doble-primula-blanco-negro-y-beige-en-eco-cuero.html#primaryimage\",\"url\":\"https:\/\/img.bagnoitalia.com\/wp-content\/uploads\/virtuemart\/product\/Container-double-bed-primula-1_1541776374_11.jpg\",\"contentUrl\":\"https:\/\/img.bagnoitalia.com\/wp-content\/uploads\/virtuemart\/product\/Container-double-bed-primula-1_1541776374_11.jpg\",\"width\":600,\"height\":600},{\"@type\":\"BreadcrumbList\",\"@id\":\"https:\/\/www.bagnoitalia.com\/es\/producto\/cama-contenedor-doble-primula-blanco-negro-y-beige-en-eco-cuero.html#breadcrumb\",\"itemListElement\":[{\"@type\":\"ListItem\",\"position\":1,\"name\":\"Home\",\"item\":\"https:\/\/www.bagnoitalia.com\/es\"},{\"@type\":\"ListItem\",\"position\":2,\"name\":\"Productos\",\"item\":\"https:\/\/www.bagnoitalia.com\/es\/shop\"},{\"@type\":\"ListItem\",\"position\":3,\"name\":\"Cama Matrimonial Pr\u00edmula Blanca, Negra o Beige con contenedor y en cuero sint\u00e9tico\"}]},{\"@type\":\"WebSite\",\"@id\":\"https:\/\/www.bagnoitalia.com\/es#website\",\"url\":\"https:\/\/www.bagnoitalia.com\/es\",\"name\":\"Bagno Italia\",\"description\":\"\",\"publisher\":{\"@id\":\"https:\/\/www.bagnoitalia.com\/es#organization\"},\"potentialAction\":[{\"@type\":\"SearchAction\",\"target\":{\"@type\":\"EntryPoint\",\"urlTemplate\":\"https:\/\/www.bagnoitalia.com\/es?s={search_term_string}\"},\"query-input\":{\"@type\":\"PropertyValueSpecification\",\"valueRequired\":true,\"valueName\":\"search_term_string\"}}],\"inLanguage\":\"es\"},{\"@type\":\"Organization\",\"@id\":\"https:\/\/www.bagnoitalia.com\/es#organization\",\"name\":\"Bagno Italia\",\"url\":\"https:\/\/www.bagnoitalia.com\/es\",\"logo\":{\"@type\":\"ImageObject\",\"inLanguage\":\"es\",\"@id\":\"https:\/\/www.bagnoitalia.com\/es#\/schema\/logo\/image\/\",\"url\":\"https:\/\/img.bagnoitalia.com\/wp-content\/uploads\/logo-bagnoitalia.webp\",\"contentUrl\":\"https:\/\/img.bagnoitalia.com\/wp-content\/uploads\/logo-bagnoitalia.webp\",\"width\":400,\"height\":70,\"caption\":\"Bagno Italia\"},\"image\":{\"@id\":\"https:\/\/www.bagnoitalia.com\/es#\/schema\/logo\/image\/\"}}]}<\/script>\n<!-- \/ Yoast SEO plugin. -->","yoast_head_json":{"title":"Cama doble con contenedor Primula en piel sint\u00e9tica negra y beige blanco.","description":"La cama doble de contenedor Primula, hecha completamente de cuero ecol\u00f3gico Tiene un compartimiento de almacenamiento, que se abre f\u00e1cilmente gracias a los pistones instalados en la malla de alambre, que le permitir\u00e1n tener todo lo que necesita para su dormitorio","robots":{"index":"index","follow":"follow","max-snippet":"max-snippet:-1","max-image-preview":"max-image-preview:large","max-video-preview":"max-video-preview:-1"},"canonical":"https:\/\/www.bagnoitalia.com\/es\/producto\/cama-contenedor-doble-primula-blanco-negro-y-beige-en-eco-cuero.html","og_locale":"es_ES","og_type":"article","og_title":"Cama doble con contenedor Primula en piel sint\u00e9tica negra y beige blanco.","og_description":"La cama doble de contenedor Primula, hecha completamente de cuero ecol\u00f3gico Tiene un compartimiento de almacenamiento, que se abre f\u00e1cilmente gracias a los pistones instalados en la malla de alambre, que le permitir\u00e1n tener todo lo que necesita para su dormitorio","og_url":"https:\/\/www.bagnoitalia.com\/es\/producto\/cama-contenedor-doble-primula-blanco-negro-y-beige-en-eco-cuero.html","og_site_name":"Bagno Italia","article_modified_time":"2025-06-09T09:42:53+00:00","og_image":[{"width":600,"height":600,"url":"https:\/\/img.bagnoitalia.com\/wp-content\/uploads\/virtuemart\/product\/Container-double-bed-primula-1_1541776374_11.jpg","type":"image\/jpeg"}],"twitter_card":"summary_large_image","twitter_misc":{"Tiempo de lectura":"2 minutos"},"schema":{"@context":"https:\/\/schema.org","@graph":[{"@type":"WebPage","@id":"https:\/\/www.bagnoitalia.com\/es\/producto\/cama-contenedor-doble-primula-blanco-negro-y-beige-en-eco-cuero.html","url":"https:\/\/www.bagnoitalia.com\/es\/producto\/cama-contenedor-doble-primula-blanco-negro-y-beige-en-eco-cuero.html","name":"Cama doble con contenedor Primula en piel sint\u00e9tica negra y beige blanco.","isPartOf":{"@id":"https:\/\/www.bagnoitalia.com\/es#website"},"primaryImageOfPage":{"@id":"https:\/\/www.bagnoitalia.com\/es\/producto\/cama-contenedor-doble-primula-blanco-negro-y-beige-en-eco-cuero.html#primaryimage"},"image":{"@id":"https:\/\/www.bagnoitalia.com\/es\/producto\/cama-contenedor-doble-primula-blanco-negro-y-beige-en-eco-cuero.html#primaryimage"},"thumbnailUrl":"https:\/\/img.bagnoitalia.com\/wp-content\/uploads\/virtuemart\/product\/Container-double-bed-primula-1_1541776374_11.jpg","datePublished":"2016-12-01T13:16:48+00:00","dateModified":"2025-06-09T09:42:53+00:00","description":"La cama doble de contenedor Primula, hecha completamente de cuero ecol\u00f3gico Tiene un compartimiento de almacenamiento, que se abre f\u00e1cilmente gracias a los pistones instalados en la malla de alambre, que le permitir\u00e1n tener todo lo que necesita para su dormitorio","breadcrumb":{"@id":"https:\/\/www.bagnoitalia.com\/es\/producto\/cama-contenedor-doble-primula-blanco-negro-y-beige-en-eco-cuero.html#breadcrumb"},"inLanguage":"es","potentialAction":[{"@type":"ReadAction","target":["https:\/\/www.bagnoitalia.com\/es\/producto\/cama-contenedor-doble-primula-blanco-negro-y-beige-en-eco-cuero.html"]}]},{"@type":"ImageObject","inLanguage":"es","@id":"https:\/\/www.bagnoitalia.com\/es\/producto\/cama-contenedor-doble-primula-blanco-negro-y-beige-en-eco-cuero.html#primaryimage","url":"https:\/\/img.bagnoitalia.com\/wp-content\/uploads\/virtuemart\/product\/Container-double-bed-primula-1_1541776374_11.jpg","contentUrl":"https:\/\/img.bagnoitalia.com\/wp-content\/uploads\/virtuemart\/product\/Container-double-bed-primula-1_1541776374_11.jpg","width":600,"height":600},{"@type":"BreadcrumbList","@id":"https:\/\/www.bagnoitalia.com\/es\/producto\/cama-contenedor-doble-primula-blanco-negro-y-beige-en-eco-cuero.html#breadcrumb","itemListElement":[{"@type":"ListItem","position":1,"name":"Home","item":"https:\/\/www.bagnoitalia.com\/es"},{"@type":"ListItem","position":2,"name":"Productos","item":"https:\/\/www.bagnoitalia.com\/es\/shop"},{"@type":"ListItem","position":3,"name":"Cama Matrimonial Pr\u00edmula Blanca, Negra o Beige con contenedor y en cuero sint\u00e9tico"}]},{"@type":"WebSite","@id":"https:\/\/www.bagnoitalia.com\/es#website","url":"https:\/\/www.bagnoitalia.com\/es","name":"Bagno Italia","description":"","publisher":{"@id":"https:\/\/www.bagnoitalia.com\/es#organization"},"potentialAction":[{"@type":"SearchAction","target":{"@type":"EntryPoint","urlTemplate":"https:\/\/www.bagnoitalia.com\/es?s={search_term_string}"},"query-input":{"@type":"PropertyValueSpecification","valueRequired":true,"valueName":"search_term_string"}}],"inLanguage":"es"},{"@type":"Organization","@id":"https:\/\/www.bagnoitalia.com\/es#organization","name":"Bagno Italia","url":"https:\/\/www.bagnoitalia.com\/es","logo":{"@type":"ImageObject","inLanguage":"es","@id":"https:\/\/www.bagnoitalia.com\/es#\/schema\/logo\/image\/","url":"https:\/\/img.bagnoitalia.com\/wp-content\/uploads\/logo-bagnoitalia.webp","contentUrl":"https:\/\/img.bagnoitalia.com\/wp-content\/uploads\/logo-bagnoitalia.webp","width":400,"height":70,"caption":"Bagno Italia"},"image":{"@id":"https:\/\/www.bagnoitalia.com\/es#\/schema\/logo\/image\/"}}]}},"_links":{"self":[{"href":"https:\/\/www.bagnoitalia.com\/es\/wp-json\/wp\/v2\/product\/80324","targetHints":{"allow":["GET"]}}],"collection":[{"href":"https:\/\/www.bagnoitalia.com\/es\/wp-json\/wp\/v2\/product"}],"about":[{"href":"https:\/\/www.bagnoitalia.com\/es\/wp-json\/wp\/v2\/types\/product"}],"replies":[{"embeddable":true,"href":"https:\/\/www.bagnoitalia.com\/es\/wp-json\/wp\/v2\/comments?post=80324"}],"version-history":[{"count":1,"href":"https:\/\/www.bagnoitalia.com\/es\/wp-json\/wp\/v2\/product\/80324\/revisions"}],"predecessor-version":[{"id":90190,"href":"https:\/\/www.bagnoitalia.com\/es\/wp-json\/wp\/v2\/product\/80324\/revisions\/90190"}],"wp:featuredmedia":[{"embeddable":true,"href":"https:\/\/www.bagnoitalia.com\/es\/wp-json\/wp\/v2\/media\/33826"}],"wp:attachment":[{"href":"https:\/\/www.bagnoitalia.com\/es\/wp-json\/wp\/v2\/media?parent=80324"}],"wp:term":[{"taxonomy":"product_brand","embeddable":true,"href":"https:\/\/www.bagnoitalia.com\/es\/wp-json\/wp\/v2\/product_brand?post=80324"},{"taxonomy":"product_cat","embeddable":true,"href":"https:\/\/www.bagnoitalia.com\/es\/wp-json\/wp\/v2\/product_cat?post=80324"},{"taxonomy":"product_tag","embeddable":true,"href":"https:\/\/www.bagnoitalia.com\/es\/wp-json\/wp\/v2\/product_tag?post=80324"}],"curies":[{"name":"wp","href":"https:\/\/api.w.org\/{rel}","templated":true}]}}