{"id":80316,"date":"2016-11-30T16:26:26","date_gmt":"2016-11-30T15:26:26","guid":{"rendered":"https:\/\/www.bagnoitalia.com\/product\/cama-moderna-narciso-225x174-blanca-o-negra-con-pies-de-acero-e-inserciones"},"modified":"2026-03-10T15:57:39","modified_gmt":"2026-03-10T14:57:39","slug":"cama-moderna-narciso-225x174-blanca-o-negra-con-pies-de-acero-e-inserciones","status":"publish","type":"product","link":"https:\/\/www.bagnoitalia.com\/es\/producto\/cama-moderna-narciso-225x174-blanca-o-negra-con-pies-de-acero-e-inserciones.html","title":{"rendered":"Cama Matrimonial de Narciso Moderno 225&#215;174, Blanca o Negra, con pies integrados en acero"},"content":{"rendered":"<p style=\"margin-bottom: 0cm;\"><span style=\"font-family: 'Arial Unicode MS', sans-serif; font-size: 12pt;\">La cama Matrimonial <strong>Narciso<\/strong> combina: originalidad, lujo y confort.<\/span><\/p>\n<p style=\"margin-bottom: 0cm;\"><span style=\"font-family: 'Arial Unicode MS', sans-serif; font-size: 12pt;\">Hecha completamente de <strong>piel sint\u00e9tica<\/strong>, este producto te ayudar\u00e1 a dise\u00f1ar la habitaci\u00f3n de tus sue\u00f1os.<\/span><\/p>\n<p style=\"margin-bottom: 0cm;\"><span style=\"font-family: 'Arial Unicode MS', sans-serif; font-size: 12pt;\">Tiene un dise\u00f1o atractivo y de vanguardia, resaltado por formas simples y lineales e inserciones de acero en el centro de la cama.<\/span><\/p>\n<p style=\"margin-bottom: 0cm;\"><span style=\"font-family: 'Arial Unicode MS', sans-serif; font-size: 12pt;\">Caracterizado por una s\u00f3lida estructura acolchada, con una cabecera ancha y pies de acero.<\/span><\/p>\n<p style=\"margin-bottom: 0cm;\"><span style=\"font-family: 'Arial Unicode MS', sans-serif; color: #000000; font-size: 12pt;\"><span style=\"text-decoration: underline;\"><strong>CARACTER\u00cdSTICAS<\/strong><\/span><\/span><\/p>\n<ul>\n<li>\n<p style=\"margin-bottom: 0cm;\"><span style=\"color: #000000; font-size: 12pt;\"><span style=\"font-family: 'Arial Unicode MS', sans-serif;\">Medidas <strong>externas<\/strong> : L225 x P174 \u00d7 H101 cm<\/span><\/span><\/p>\n<\/li>\n<li>\n<p style=\"margin-bottom: 0cm; line-height: 0.71cm;\"><span style=\"color: #000000; font-size: 12pt;\"><span style=\"font-family: 'Arial Unicode MS', sans-serif;\">Medidas del <strong>espacio de la cama<\/strong> : 160 \u00d7 200 cm. <img fetchpriority=\"high\" decoding=\"async\" class=\" alignright size-full wp-image-33783\" style=\"margin-right: 10px; float: right;\" src=\"https:\/\/img.bagnoitalia.com\/wp-content\/uploads\/letto-contenitore-ecopelle-bianco-narciso-moderno-design-dettaglio-doghe.jpg\" alt=\"Cama contenedor piel sint\u00e9tica blanco narciso detalle moderno dise\u00f1o listones\" width=\"431\" height=\"276\" srcset=\"https:\/\/img.bagnoitalia.com\/wp-content\/uploads\/letto-contenitore-ecopelle-bianco-narciso-moderno-design-dettaglio-doghe.jpg 709w, https:\/\/img.bagnoitalia.com\/wp-content\/uploads\/letto-contenitore-ecopelle-bianco-narciso-moderno-design-dettaglio-doghe-441x281.jpg 441w, https:\/\/img.bagnoitalia.com\/wp-content\/uploads\/letto-contenitore-ecopelle-bianco-narciso-moderno-design-dettaglio-doghe-600x383.jpg 600w, https:\/\/img.bagnoitalia.com\/wp-content\/uploads\/letto-contenitore-ecopelle-bianco-narciso-moderno-design-dettaglio-doghe-150x96.jpg 150w\" sizes=\"(max-width: 431px) 100vw, 431px\" \/><\/span><\/span><\/p>\n<\/li>\n<li>\n<p style=\"margin-bottom: 0cm; line-height: 0.71cm;\"><span style=\"color: #000000; font-size: 12pt;\"><span style=\"font-family: 'Arial Unicode MS', sans-serif;\">F\u00e1cil de limpiar<\/span><\/span><\/p>\n<\/li>\n<li>\n<p style=\"margin-bottom: 0cm; line-height: 0.71cm;\"><span style=\"color: #000000; font-size: 12pt;\"><span style=\"font-family: 'Arial Unicode MS', sans-serif;\"><strong>Resistente al<\/strong> desgaste<\/span><\/span><\/p>\n<\/li>\n<li>\n<p style=\"margin-bottom: 0cm; line-height: 0.71cm;\"><span style=\"color: #000000; font-size: 12pt;\"><span style=\"font-family: 'Arial Unicode MS', sans-serif;\">Cojines <strong>acolchados<\/strong><\/span><\/span><\/p>\n<\/li>\n<li>\n<p style=\"margin-bottom: 0cm; line-height: 0.71cm;\"><span style=\"color: #000000; font-size: 12pt;\"><span style=\"font-family: 'Arial Unicode MS', sans-serif;\">Terminado a mano<\/span><\/span><\/p>\n<\/li>\n<li>\n<p style=\"margin-bottom: 0cm; line-height: 0.71cm;\"><span style=\"color: #000000; font-size: 12pt;\"><span style=\"font-family: 'Arial Unicode MS', sans-serif;\">Elasticidad natural<\/span><\/span><\/p>\n<\/li>\n<li>\n<p style=\"margin-bottom: 0cm; line-height: 0.71cm;\"><span style=\"color: #000000; font-size: 12pt;\"><span style=\"font-family: 'Arial Unicode MS', sans-serif;\">Marco <strong>reforzado<\/strong><\/span><\/span><\/p>\n<\/li>\n<\/ul>\n<p style=\"margin-bottom: 0cm;\"><span style=\"font-family: 'Arial Unicode MS', sans-serif; color: #000000; font-size: 12pt;\"><span style=\"text-decoration: underline;\"><strong>MATERIALES<\/strong><\/span><\/span><\/p>\n<ul>\n<li>\n<p style=\"margin-bottom: 0cm;\"><span style=\"color: #000000; font-size: 12pt;\"><span style=\"font-family: 'Arial Unicode MS', sans-serif;\"><span style=\"text-decoration: underline;\">Superficie de la cama<\/span> :<\/span><\/span><\/p>\n<ul>\n<li>\n<p style=\"margin-bottom: 0cm;\"><span style=\"color: #000000; font-size: 12pt;\"><span style=\"font-family: 'Arial Unicode MS', sans-serif;\">10% de poliuretano<\/span><\/span><\/p>\n<\/li>\n<li>\n<p style=\"margin-bottom: 0cm;\"><span style=\"color: #000000; font-size: 12pt;\"><span style=\"font-family: 'Arial Unicode MS', sans-serif;\">35% de PVC<\/span><\/span><\/p>\n<\/li>\n<li>\n<p style=\"margin-bottom: 0cm;\"><span style=\"color: #000000; font-size: 12pt;\"><span style=\"font-family: 'Arial Unicode MS', sans-serif;\">35% poli\u00e9ster<\/span><\/span><\/p>\n<\/li>\n<li>\n<p style=\"margin-bottom: 0cm;\"><span style=\"color: #000000; font-size: 12pt;\"><span style=\"font-family: 'Arial Unicode MS', sans-serif;\">20% algod\u00f3n<\/span><\/span><\/p>\n<\/li>\n<\/ul>\n<\/li>\n<li>\n<p style=\"margin-bottom: 0cm; line-height: 0.71cm;\"><span style=\"color: #000000; font-size: 12pt;\"><span style=\"font-family: 'Arial Unicode MS', sans-serif;\"><span style=\"text-decoration: underline;\">Cabecero<\/span> : <span style=\"text-decoration: underline;\">Ecopiel<\/span>.<\/span><\/span><\/p>\n<\/li>\n<li>\n<p style=\"margin-bottom: 0cm; line-height: 0.71cm;\"><span style=\"color: #000000; font-size: 12pt;\"><span style=\"font-family: 'Arial Unicode MS', sans-serif;\"><span style=\"text-decoration: underline;\">Revestimiento<\/span> : Ecopiel.<\/span><\/span><\/p>\n<\/li>\n<\/ul>\n<p style=\"margin-bottom: 0cm; line-height: 0.71cm;\"><span style=\"color: #000000; font-size: 12pt;\"><span style=\"font-family: 'Arial Unicode MS', sans-serif;\">Para fines de <strong>limpieza<\/strong> , use solo un pa\u00f1o suave y ligeramente h\u00famedo. <span style=\"text-decoration: underline;\">Evite<\/span> usar telas \u00e1speras o esponjas abrasivas que rayen la superficie. <span style=\"text-decoration: underline;\">No<\/span> utilice detergentes agresivos .<\/span><\/span><\/p>\n","protected":false},"excerpt":{"rendered":"<p>Cama Doble Blanca o Negra, hecha completamente de Ecopiel, tiene inserciones de acero en el centro, as\u00ed como en los pies.<\/p>\n","protected":false},"featured_media":33746,"comment_status":"open","ping_status":"closed","template":"","meta":[],"product_brand":[9926],"product_cat":[9801],"product_tag":[],"class_list":{"0":"post-80316","1":"product","2":"type-product","3":"status-publish","4":"has-post-thumbnail","6":"product_brand-predator-arredo-casa-es","7":"product_cat-cama-muebles-de-interior","9":"first","10":"instock","11":"sale","12":"taxable","13":"shipping-taxable","14":"purchasable","15":"product-type-simple"},"exclude_global_add_ons":false,"addons":[{"name":"Color","type":"multiple_choice","position":0,"required":true,"title_format":"heading","default":"","description_enable":false,"description":"","placeholder_enable":false,"placeholder":"","display":"select","restrictions_type":"any_text","adjust_price":false,"price":"","price_type":"flat_fee","restrictions":false,"min":"0","max":"0","options":[{"label":"225x174cm - Blanco","price":"","price_type":"quantity_based","image":0,"visibility":true},{"label":"225x194cm - Negro","price":"10","price_type":"quantity_based","image":0,"visibility":true}],"id":1718374814}],"yoast_head":"<!-- This site is optimized with the Yoast SEO plugin v26.7 - https:\/\/yoast.com\/wordpress\/plugins\/seo\/ -->\n<title>Cama doble Narciso 225x174 en cuero ecol\u00f3gico blanco o negro con pies de acero e inserciones<\/title>\n<meta name=\"description\" content=\"El contenedor de cama doble Narciso combina originalidad, lujo y confort. Hecho completamente de cuero ecol\u00f3gico blanco o negro, tiene un dise\u00f1o atractivo con una estructura acolchada s\u00f3lida y patas de metal\" \/>\n<meta name=\"robots\" content=\"index, follow, max-snippet:-1, max-image-preview:large, max-video-preview:-1\" \/>\n<link rel=\"canonical\" href=\"https:\/\/www.bagnoitalia.com\/es\/producto\/cama-moderna-narciso-225x174-blanca-o-negra-con-pies-de-acero-e-inserciones.html\" \/>\n<meta property=\"og:locale\" content=\"es_ES\" \/>\n<meta property=\"og:type\" content=\"article\" \/>\n<meta property=\"og:title\" content=\"Cama doble Narciso 225x174 en cuero ecol\u00f3gico blanco o negro con pies de acero e inserciones\" \/>\n<meta property=\"og:description\" content=\"El contenedor de cama doble Narciso combina originalidad, lujo y confort. Hecho completamente de cuero ecol\u00f3gico blanco o negro, tiene un dise\u00f1o atractivo con una estructura acolchada s\u00f3lida y patas de metal\" \/>\n<meta property=\"og:url\" content=\"https:\/\/www.bagnoitalia.com\/es\/producto\/cama-moderna-narciso-225x174-blanca-o-negra-con-pies-de-acero-e-inserciones.html\" \/>\n<meta property=\"og:site_name\" content=\"Bagno Italia\" \/>\n<meta property=\"article:modified_time\" content=\"2026-03-10T14:57:39+00:00\" \/>\n<meta property=\"og:image\" content=\"https:\/\/img.bagnoitalia.com\/wp-content\/uploads\/virtuemart\/product\/modern-bed-narciso-225x174-white-or-black-with-steel-feet-and-inserts_1545412392_210.jpg\" \/>\n\t<meta property=\"og:image:width\" content=\"550\" \/>\n\t<meta property=\"og:image:height\" content=\"550\" \/>\n\t<meta property=\"og:image:type\" content=\"image\/jpeg\" \/>\n<meta name=\"twitter:card\" content=\"summary_large_image\" \/>\n<meta name=\"twitter:label1\" content=\"Tiempo de lectura\" \/>\n\t<meta name=\"twitter:data1\" content=\"2 minutos\" \/>\n<script type=\"application\/ld+json\" class=\"yoast-schema-graph\">{\"@context\":\"https:\/\/schema.org\",\"@graph\":[{\"@type\":\"WebPage\",\"@id\":\"https:\/\/www.bagnoitalia.com\/es\/producto\/cama-moderna-narciso-225x174-blanca-o-negra-con-pies-de-acero-e-inserciones.html\",\"url\":\"https:\/\/www.bagnoitalia.com\/es\/producto\/cama-moderna-narciso-225x174-blanca-o-negra-con-pies-de-acero-e-inserciones.html\",\"name\":\"Cama doble Narciso 225x174 en cuero ecol\u00f3gico blanco o negro con pies de acero e inserciones\",\"isPartOf\":{\"@id\":\"https:\/\/www.bagnoitalia.com\/es#website\"},\"primaryImageOfPage\":{\"@id\":\"https:\/\/www.bagnoitalia.com\/es\/producto\/cama-moderna-narciso-225x174-blanca-o-negra-con-pies-de-acero-e-inserciones.html#primaryimage\"},\"image\":{\"@id\":\"https:\/\/www.bagnoitalia.com\/es\/producto\/cama-moderna-narciso-225x174-blanca-o-negra-con-pies-de-acero-e-inserciones.html#primaryimage\"},\"thumbnailUrl\":\"https:\/\/img.bagnoitalia.com\/wp-content\/uploads\/virtuemart\/product\/modern-bed-narciso-225x174-white-or-black-with-steel-feet-and-inserts_1545412392_210.jpg\",\"datePublished\":\"2016-11-30T15:26:26+00:00\",\"dateModified\":\"2026-03-10T14:57:39+00:00\",\"description\":\"El contenedor de cama doble Narciso combina originalidad, lujo y confort. Hecho completamente de cuero ecol\u00f3gico blanco o negro, tiene un dise\u00f1o atractivo con una estructura acolchada s\u00f3lida y patas de metal\",\"breadcrumb\":{\"@id\":\"https:\/\/www.bagnoitalia.com\/es\/producto\/cama-moderna-narciso-225x174-blanca-o-negra-con-pies-de-acero-e-inserciones.html#breadcrumb\"},\"inLanguage\":\"es\",\"potentialAction\":[{\"@type\":\"ReadAction\",\"target\":[\"https:\/\/www.bagnoitalia.com\/es\/producto\/cama-moderna-narciso-225x174-blanca-o-negra-con-pies-de-acero-e-inserciones.html\"]}]},{\"@type\":\"ImageObject\",\"inLanguage\":\"es\",\"@id\":\"https:\/\/www.bagnoitalia.com\/es\/producto\/cama-moderna-narciso-225x174-blanca-o-negra-con-pies-de-acero-e-inserciones.html#primaryimage\",\"url\":\"https:\/\/img.bagnoitalia.com\/wp-content\/uploads\/virtuemart\/product\/modern-bed-narciso-225x174-white-or-black-with-steel-feet-and-inserts_1545412392_210.jpg\",\"contentUrl\":\"https:\/\/img.bagnoitalia.com\/wp-content\/uploads\/virtuemart\/product\/modern-bed-narciso-225x174-white-or-black-with-steel-feet-and-inserts_1545412392_210.jpg\",\"width\":550,\"height\":550},{\"@type\":\"BreadcrumbList\",\"@id\":\"https:\/\/www.bagnoitalia.com\/es\/producto\/cama-moderna-narciso-225x174-blanca-o-negra-con-pies-de-acero-e-inserciones.html#breadcrumb\",\"itemListElement\":[{\"@type\":\"ListItem\",\"position\":1,\"name\":\"Home\",\"item\":\"https:\/\/www.bagnoitalia.com\/es\"},{\"@type\":\"ListItem\",\"position\":2,\"name\":\"Productos\",\"item\":\"https:\/\/www.bagnoitalia.com\/es\/shop\"},{\"@type\":\"ListItem\",\"position\":3,\"name\":\"Cama Matrimonial de Narciso Moderno 225&#215;174, Blanca o Negra, con pies integrados en acero\"}]},{\"@type\":\"WebSite\",\"@id\":\"https:\/\/www.bagnoitalia.com\/es#website\",\"url\":\"https:\/\/www.bagnoitalia.com\/es\",\"name\":\"Bagno Italia\",\"description\":\"\",\"publisher\":{\"@id\":\"https:\/\/www.bagnoitalia.com\/es#organization\"},\"potentialAction\":[{\"@type\":\"SearchAction\",\"target\":{\"@type\":\"EntryPoint\",\"urlTemplate\":\"https:\/\/www.bagnoitalia.com\/es?s={search_term_string}\"},\"query-input\":{\"@type\":\"PropertyValueSpecification\",\"valueRequired\":true,\"valueName\":\"search_term_string\"}}],\"inLanguage\":\"es\"},{\"@type\":\"Organization\",\"@id\":\"https:\/\/www.bagnoitalia.com\/es#organization\",\"name\":\"Bagno Italia\",\"url\":\"https:\/\/www.bagnoitalia.com\/es\",\"logo\":{\"@type\":\"ImageObject\",\"inLanguage\":\"es\",\"@id\":\"https:\/\/www.bagnoitalia.com\/es#\/schema\/logo\/image\/\",\"url\":\"https:\/\/img.bagnoitalia.com\/wp-content\/uploads\/logo-bagnoitalia.webp\",\"contentUrl\":\"https:\/\/img.bagnoitalia.com\/wp-content\/uploads\/logo-bagnoitalia.webp\",\"width\":400,\"height\":70,\"caption\":\"Bagno Italia\"},\"image\":{\"@id\":\"https:\/\/www.bagnoitalia.com\/es#\/schema\/logo\/image\/\"}}]}<\/script>\n<!-- \/ Yoast SEO plugin. -->","yoast_head_json":{"title":"Cama doble Narciso 225x174 en cuero ecol\u00f3gico blanco o negro con pies de acero e inserciones","description":"El contenedor de cama doble Narciso combina originalidad, lujo y confort. Hecho completamente de cuero ecol\u00f3gico blanco o negro, tiene un dise\u00f1o atractivo con una estructura acolchada s\u00f3lida y patas de metal","robots":{"index":"index","follow":"follow","max-snippet":"max-snippet:-1","max-image-preview":"max-image-preview:large","max-video-preview":"max-video-preview:-1"},"canonical":"https:\/\/www.bagnoitalia.com\/es\/producto\/cama-moderna-narciso-225x174-blanca-o-negra-con-pies-de-acero-e-inserciones.html","og_locale":"es_ES","og_type":"article","og_title":"Cama doble Narciso 225x174 en cuero ecol\u00f3gico blanco o negro con pies de acero e inserciones","og_description":"El contenedor de cama doble Narciso combina originalidad, lujo y confort. Hecho completamente de cuero ecol\u00f3gico blanco o negro, tiene un dise\u00f1o atractivo con una estructura acolchada s\u00f3lida y patas de metal","og_url":"https:\/\/www.bagnoitalia.com\/es\/producto\/cama-moderna-narciso-225x174-blanca-o-negra-con-pies-de-acero-e-inserciones.html","og_site_name":"Bagno Italia","article_modified_time":"2026-03-10T14:57:39+00:00","og_image":[{"width":550,"height":550,"url":"https:\/\/img.bagnoitalia.com\/wp-content\/uploads\/virtuemart\/product\/modern-bed-narciso-225x174-white-or-black-with-steel-feet-and-inserts_1545412392_210.jpg","type":"image\/jpeg"}],"twitter_card":"summary_large_image","twitter_misc":{"Tiempo de lectura":"2 minutos"},"schema":{"@context":"https:\/\/schema.org","@graph":[{"@type":"WebPage","@id":"https:\/\/www.bagnoitalia.com\/es\/producto\/cama-moderna-narciso-225x174-blanca-o-negra-con-pies-de-acero-e-inserciones.html","url":"https:\/\/www.bagnoitalia.com\/es\/producto\/cama-moderna-narciso-225x174-blanca-o-negra-con-pies-de-acero-e-inserciones.html","name":"Cama doble Narciso 225x174 en cuero ecol\u00f3gico blanco o negro con pies de acero e inserciones","isPartOf":{"@id":"https:\/\/www.bagnoitalia.com\/es#website"},"primaryImageOfPage":{"@id":"https:\/\/www.bagnoitalia.com\/es\/producto\/cama-moderna-narciso-225x174-blanca-o-negra-con-pies-de-acero-e-inserciones.html#primaryimage"},"image":{"@id":"https:\/\/www.bagnoitalia.com\/es\/producto\/cama-moderna-narciso-225x174-blanca-o-negra-con-pies-de-acero-e-inserciones.html#primaryimage"},"thumbnailUrl":"https:\/\/img.bagnoitalia.com\/wp-content\/uploads\/virtuemart\/product\/modern-bed-narciso-225x174-white-or-black-with-steel-feet-and-inserts_1545412392_210.jpg","datePublished":"2016-11-30T15:26:26+00:00","dateModified":"2026-03-10T14:57:39+00:00","description":"El contenedor de cama doble Narciso combina originalidad, lujo y confort. Hecho completamente de cuero ecol\u00f3gico blanco o negro, tiene un dise\u00f1o atractivo con una estructura acolchada s\u00f3lida y patas de metal","breadcrumb":{"@id":"https:\/\/www.bagnoitalia.com\/es\/producto\/cama-moderna-narciso-225x174-blanca-o-negra-con-pies-de-acero-e-inserciones.html#breadcrumb"},"inLanguage":"es","potentialAction":[{"@type":"ReadAction","target":["https:\/\/www.bagnoitalia.com\/es\/producto\/cama-moderna-narciso-225x174-blanca-o-negra-con-pies-de-acero-e-inserciones.html"]}]},{"@type":"ImageObject","inLanguage":"es","@id":"https:\/\/www.bagnoitalia.com\/es\/producto\/cama-moderna-narciso-225x174-blanca-o-negra-con-pies-de-acero-e-inserciones.html#primaryimage","url":"https:\/\/img.bagnoitalia.com\/wp-content\/uploads\/virtuemart\/product\/modern-bed-narciso-225x174-white-or-black-with-steel-feet-and-inserts_1545412392_210.jpg","contentUrl":"https:\/\/img.bagnoitalia.com\/wp-content\/uploads\/virtuemart\/product\/modern-bed-narciso-225x174-white-or-black-with-steel-feet-and-inserts_1545412392_210.jpg","width":550,"height":550},{"@type":"BreadcrumbList","@id":"https:\/\/www.bagnoitalia.com\/es\/producto\/cama-moderna-narciso-225x174-blanca-o-negra-con-pies-de-acero-e-inserciones.html#breadcrumb","itemListElement":[{"@type":"ListItem","position":1,"name":"Home","item":"https:\/\/www.bagnoitalia.com\/es"},{"@type":"ListItem","position":2,"name":"Productos","item":"https:\/\/www.bagnoitalia.com\/es\/shop"},{"@type":"ListItem","position":3,"name":"Cama Matrimonial de Narciso Moderno 225&#215;174, Blanca o Negra, con pies integrados en acero"}]},{"@type":"WebSite","@id":"https:\/\/www.bagnoitalia.com\/es#website","url":"https:\/\/www.bagnoitalia.com\/es","name":"Bagno Italia","description":"","publisher":{"@id":"https:\/\/www.bagnoitalia.com\/es#organization"},"potentialAction":[{"@type":"SearchAction","target":{"@type":"EntryPoint","urlTemplate":"https:\/\/www.bagnoitalia.com\/es?s={search_term_string}"},"query-input":{"@type":"PropertyValueSpecification","valueRequired":true,"valueName":"search_term_string"}}],"inLanguage":"es"},{"@type":"Organization","@id":"https:\/\/www.bagnoitalia.com\/es#organization","name":"Bagno Italia","url":"https:\/\/www.bagnoitalia.com\/es","logo":{"@type":"ImageObject","inLanguage":"es","@id":"https:\/\/www.bagnoitalia.com\/es#\/schema\/logo\/image\/","url":"https:\/\/img.bagnoitalia.com\/wp-content\/uploads\/logo-bagnoitalia.webp","contentUrl":"https:\/\/img.bagnoitalia.com\/wp-content\/uploads\/logo-bagnoitalia.webp","width":400,"height":70,"caption":"Bagno Italia"},"image":{"@id":"https:\/\/www.bagnoitalia.com\/es#\/schema\/logo\/image\/"}}]}},"_links":{"self":[{"href":"https:\/\/www.bagnoitalia.com\/es\/wp-json\/wp\/v2\/product\/80316","targetHints":{"allow":["GET"]}}],"collection":[{"href":"https:\/\/www.bagnoitalia.com\/es\/wp-json\/wp\/v2\/product"}],"about":[{"href":"https:\/\/www.bagnoitalia.com\/es\/wp-json\/wp\/v2\/types\/product"}],"replies":[{"embeddable":true,"href":"https:\/\/www.bagnoitalia.com\/es\/wp-json\/wp\/v2\/comments?post=80316"}],"version-history":[{"count":2,"href":"https:\/\/www.bagnoitalia.com\/es\/wp-json\/wp\/v2\/product\/80316\/revisions"}],"predecessor-version":[{"id":116754,"href":"https:\/\/www.bagnoitalia.com\/es\/wp-json\/wp\/v2\/product\/80316\/revisions\/116754"}],"wp:featuredmedia":[{"embeddable":true,"href":"https:\/\/www.bagnoitalia.com\/es\/wp-json\/wp\/v2\/media\/33746"}],"wp:attachment":[{"href":"https:\/\/www.bagnoitalia.com\/es\/wp-json\/wp\/v2\/media?parent=80316"}],"wp:term":[{"taxonomy":"product_brand","embeddable":true,"href":"https:\/\/www.bagnoitalia.com\/es\/wp-json\/wp\/v2\/product_brand?post=80316"},{"taxonomy":"product_cat","embeddable":true,"href":"https:\/\/www.bagnoitalia.com\/es\/wp-json\/wp\/v2\/product_cat?post=80316"},{"taxonomy":"product_tag","embeddable":true,"href":"https:\/\/www.bagnoitalia.com\/es\/wp-json\/wp\/v2\/product_tag?post=80316"}],"curies":[{"name":"wp","href":"https:\/\/api.w.org\/{rel}","templated":true}]}}