{"id":80304,"date":"2016-11-11T08:23:17","date_gmt":"2016-11-11T07:23:17","guid":{"rendered":"https:\/\/www.bagnoitalia.com\/product\/mueble-reversible-blanco-de-tela-contrachapada-en-resina-109x60-cm-con-fregadero-exterior-con-doble-puerta"},"modified":"2024-09-20T16:27:43","modified_gmt":"2024-09-20T14:27:43","slug":"mueble-reversible-blanco-de-tela-contrachapada-en-resina-109x60-cm-con-fregadero-exterior-con-doble-puerta","status":"publish","type":"product","link":"https:\/\/www.bagnoitalia.com\/es\/producto\/mueble-reversible-blanco-de-tela-contrachapada-en-resina-109x60-cm-con-fregadero-exterior-con-doble-puerta.html","title":{"rendered":"Mueble reversible blanco de tela contrachapada en resina 109&#215;60 cm con fregadero exterior con doble puerta BM029"},"content":{"rendered":"<p style=\"margin-bottom: 0cm;\"><span style=\"text-decoration: underline; font-size: 12pt;\"><strong>Funda de muebles de resina con lavabo incluido exterior con doble puerta.<\/strong><\/span><\/p>\n<p style=\"margin-bottom: 0cm;\"><strong><span style=\"font-size: 12pt;\">Especificaciones t\u00e9cnicas:<\/span><\/strong><\/p>\n<ul>\n<li style=\"margin-bottom: 0cm;\"><span style=\"font-size: 12pt;\">Medidas: 109x60x92h cm.<\/span><\/li>\n<li style=\"margin-bottom: 0cm;\"><span style=\"font-size: 12pt;\">Cuerpo monobloque de resina con paredes frontales y puertas.<\/span><\/li>\n<li style=\"margin-bottom: 0cm;\"><span style=\"font-size: 12pt;\">Altura total de la m\u00e1quina de recubrimiento: 92 cm desde el suelo.<\/span><\/li>\n<li style=\"margin-bottom: 0cm;\"><span style=\"font-size: 12pt;\">Tiradores en abs cromado.<\/span><\/li>\n<li style=\"margin-bottom: 0cm;\"><span style=\"font-size: 12pt;\">Puerta de una hoja con cierre magn\u00e9tico para abrir y cerrar el compartimiento debajo del fregadero y para el compartimiento de la lavadora<br \/>\n<\/span><\/li>\n<li style=\"margin-bottom: 0cm;\"><span style=\"font-size: 12pt;\">Ba\u00f1era de resina con repisa derecha o izquierda.<\/span><\/li>\n<li style=\"margin-bottom: 0cm;\"><span style=\"font-size: 12pt;\">Eje de resina extra\u00edble y plegable de forma f\u00e1cil y r\u00e1pida<br \/>\n<\/span><\/li>\n<li style=\"margin-bottom: 0cm;\"><span style=\"font-size: 12pt;\">Pies ajustables<br \/>\n<\/span><\/li>\n<li><span style=\"font-size: 12pt;\">M\u00e1quina reversible reversible<\/span><\/li>\n<li><span style=\"font-size: 12pt;\">Grifos excluidos<\/span><\/li>\n<li style=\"margin-bottom: 0cm;\"><span style=\"font-size: 12pt;\">Incluido en el precio: fregadero de resina, kit de sif\u00f3n con rebosadero y pies ajustables en altura<\/span><\/li>\n<li style=\"margin-bottom: 0cm;\"><span style=\"font-size: 12pt;\">Posibilidad de colocar el grifo en la ba\u00f1era perforando la lavadora ya preparada<\/span><\/li>\n<li style=\"margin-bottom: 0cm;\"><span style=\"font-size: 12pt;\">Medidas internas m\u00e1ximas para la lavadora: 54 cm de profundidad, 63,5 cm de ancho y 89 cm de alto.<\/span><\/li>\n<\/ul>\n","protected":false},"excerpt":{"rendered":"<p>M\u00e1quina para cubrir muebles fabricada en resina, medidas reversibles de 109&#215;60 cm, blancas con fregadero exterior y doble puerta.<\/p>\n","protected":false},"featured_media":33622,"comment_status":"open","ping_status":"closed","template":"","meta":[],"product_brand":[5004],"product_cat":[9677,9665],"product_tag":[],"class_list":{"0":"post-80304","1":"product","2":"type-product","3":"status-publish","4":"has-post-thumbnail","6":"product_brand-vari-produttori","7":"product_cat-lavaderos","8":"product_cat-complementos-economicos","10":"first","11":"instock","12":"sale","13":"taxable","14":"shipping-taxable","15":"purchasable","16":"product-type-simple"},"exclude_global_add_ons":[],"addons":[],"yoast_head":"<!-- This site is optimized with the Yoast SEO plugin v26.7 - https:\/\/yoast.com\/wordpress\/plugins\/seo\/ -->\n<title>Muebles de contraluz blancos de 109x60 cm con fregadero exterior con doble puerta Sm<\/title>\n<meta name=\"description\" content=\"M\u00e1quina para cubrir muebles de resina de 109x60 cm en color blanco con fregadero exterior y doble puerta.\" \/>\n<meta name=\"robots\" content=\"index, follow, max-snippet:-1, max-image-preview:large, max-video-preview:-1\" \/>\n<link rel=\"canonical\" href=\"https:\/\/www.bagnoitalia.com\/es\/producto\/mueble-reversible-blanco-de-tela-contrachapada-en-resina-109x60-cm-con-fregadero-exterior-con-doble-puerta.html\" \/>\n<meta property=\"og:locale\" content=\"es_ES\" \/>\n<meta property=\"og:type\" content=\"article\" \/>\n<meta property=\"og:title\" content=\"Muebles de contraluz blancos de 109x60 cm con fregadero exterior con doble puerta Sm\" \/>\n<meta property=\"og:description\" content=\"M\u00e1quina para cubrir muebles de resina de 109x60 cm en color blanco con fregadero exterior y doble puerta.\" \/>\n<meta property=\"og:url\" content=\"https:\/\/www.bagnoitalia.com\/es\/producto\/mueble-reversible-blanco-de-tela-contrachapada-en-resina-109x60-cm-con-fregadero-exterior-con-doble-puerta.html\" \/>\n<meta property=\"og:site_name\" content=\"Bagno Italia\" \/>\n<meta property=\"article:modified_time\" content=\"2024-09-20T14:27:43+00:00\" \/>\n<meta property=\"og:image\" content=\"https:\/\/img.bagnoitalia.com\/wp-content\/uploads\/virtuemart\/product\/Reversible-laundry-sink-washing-machine-cover-1_1542817022_966.jpg\" \/>\n\t<meta property=\"og:image:width\" content=\"633\" \/>\n\t<meta property=\"og:image:height\" content=\"599\" \/>\n\t<meta property=\"og:image:type\" content=\"image\/jpeg\" \/>\n<meta name=\"twitter:card\" content=\"summary_large_image\" \/>\n<meta name=\"twitter:label1\" content=\"Tiempo de lectura\" \/>\n\t<meta name=\"twitter:data1\" content=\"1 minuto\" \/>\n<script type=\"application\/ld+json\" class=\"yoast-schema-graph\">{\"@context\":\"https:\/\/schema.org\",\"@graph\":[{\"@type\":\"WebPage\",\"@id\":\"https:\/\/www.bagnoitalia.com\/es\/producto\/mueble-reversible-blanco-de-tela-contrachapada-en-resina-109x60-cm-con-fregadero-exterior-con-doble-puerta.html\",\"url\":\"https:\/\/www.bagnoitalia.com\/es\/producto\/mueble-reversible-blanco-de-tela-contrachapada-en-resina-109x60-cm-con-fregadero-exterior-con-doble-puerta.html\",\"name\":\"Muebles de contraluz blancos de 109x60 cm con fregadero exterior con doble puerta Sm\",\"isPartOf\":{\"@id\":\"https:\/\/www.bagnoitalia.com\/es#website\"},\"primaryImageOfPage\":{\"@id\":\"https:\/\/www.bagnoitalia.com\/es\/producto\/mueble-reversible-blanco-de-tela-contrachapada-en-resina-109x60-cm-con-fregadero-exterior-con-doble-puerta.html#primaryimage\"},\"image\":{\"@id\":\"https:\/\/www.bagnoitalia.com\/es\/producto\/mueble-reversible-blanco-de-tela-contrachapada-en-resina-109x60-cm-con-fregadero-exterior-con-doble-puerta.html#primaryimage\"},\"thumbnailUrl\":\"https:\/\/img.bagnoitalia.com\/wp-content\/uploads\/virtuemart\/product\/Reversible-laundry-sink-washing-machine-cover-1_1542817022_966.jpg\",\"datePublished\":\"2016-11-11T07:23:17+00:00\",\"dateModified\":\"2024-09-20T14:27:43+00:00\",\"description\":\"M\u00e1quina para cubrir muebles de resina de 109x60 cm en color blanco con fregadero exterior y doble puerta.\",\"breadcrumb\":{\"@id\":\"https:\/\/www.bagnoitalia.com\/es\/producto\/mueble-reversible-blanco-de-tela-contrachapada-en-resina-109x60-cm-con-fregadero-exterior-con-doble-puerta.html#breadcrumb\"},\"inLanguage\":\"es\",\"potentialAction\":[{\"@type\":\"ReadAction\",\"target\":[\"https:\/\/www.bagnoitalia.com\/es\/producto\/mueble-reversible-blanco-de-tela-contrachapada-en-resina-109x60-cm-con-fregadero-exterior-con-doble-puerta.html\"]}]},{\"@type\":\"ImageObject\",\"inLanguage\":\"es\",\"@id\":\"https:\/\/www.bagnoitalia.com\/es\/producto\/mueble-reversible-blanco-de-tela-contrachapada-en-resina-109x60-cm-con-fregadero-exterior-con-doble-puerta.html#primaryimage\",\"url\":\"https:\/\/img.bagnoitalia.com\/wp-content\/uploads\/virtuemart\/product\/Reversible-laundry-sink-washing-machine-cover-1_1542817022_966.jpg\",\"contentUrl\":\"https:\/\/img.bagnoitalia.com\/wp-content\/uploads\/virtuemart\/product\/Reversible-laundry-sink-washing-machine-cover-1_1542817022_966.jpg\",\"width\":633,\"height\":599},{\"@type\":\"BreadcrumbList\",\"@id\":\"https:\/\/www.bagnoitalia.com\/es\/producto\/mueble-reversible-blanco-de-tela-contrachapada-en-resina-109x60-cm-con-fregadero-exterior-con-doble-puerta.html#breadcrumb\",\"itemListElement\":[{\"@type\":\"ListItem\",\"position\":1,\"name\":\"Home\",\"item\":\"https:\/\/www.bagnoitalia.com\/es\"},{\"@type\":\"ListItem\",\"position\":2,\"name\":\"Productos\",\"item\":\"https:\/\/www.bagnoitalia.com\/es\/shop\"},{\"@type\":\"ListItem\",\"position\":3,\"name\":\"Mueble reversible blanco de tela contrachapada en resina 109&#215;60 cm con fregadero exterior con doble puerta BM029\"}]},{\"@type\":\"WebSite\",\"@id\":\"https:\/\/www.bagnoitalia.com\/es#website\",\"url\":\"https:\/\/www.bagnoitalia.com\/es\",\"name\":\"Bagno Italia\",\"description\":\"\",\"publisher\":{\"@id\":\"https:\/\/www.bagnoitalia.com\/es#organization\"},\"potentialAction\":[{\"@type\":\"SearchAction\",\"target\":{\"@type\":\"EntryPoint\",\"urlTemplate\":\"https:\/\/www.bagnoitalia.com\/es?s={search_term_string}\"},\"query-input\":{\"@type\":\"PropertyValueSpecification\",\"valueRequired\":true,\"valueName\":\"search_term_string\"}}],\"inLanguage\":\"es\"},{\"@type\":\"Organization\",\"@id\":\"https:\/\/www.bagnoitalia.com\/es#organization\",\"name\":\"Bagno Italia\",\"url\":\"https:\/\/www.bagnoitalia.com\/es\",\"logo\":{\"@type\":\"ImageObject\",\"inLanguage\":\"es\",\"@id\":\"https:\/\/www.bagnoitalia.com\/es#\/schema\/logo\/image\/\",\"url\":\"https:\/\/img.bagnoitalia.com\/wp-content\/uploads\/logo-bagnoitalia.webp\",\"contentUrl\":\"https:\/\/img.bagnoitalia.com\/wp-content\/uploads\/logo-bagnoitalia.webp\",\"width\":400,\"height\":70,\"caption\":\"Bagno Italia\"},\"image\":{\"@id\":\"https:\/\/www.bagnoitalia.com\/es#\/schema\/logo\/image\/\"}}]}<\/script>\n<!-- \/ Yoast SEO plugin. -->","yoast_head_json":{"title":"Muebles de contraluz blancos de 109x60 cm con fregadero exterior con doble puerta Sm","description":"M\u00e1quina para cubrir muebles de resina de 109x60 cm en color blanco con fregadero exterior y doble puerta.","robots":{"index":"index","follow":"follow","max-snippet":"max-snippet:-1","max-image-preview":"max-image-preview:large","max-video-preview":"max-video-preview:-1"},"canonical":"https:\/\/www.bagnoitalia.com\/es\/producto\/mueble-reversible-blanco-de-tela-contrachapada-en-resina-109x60-cm-con-fregadero-exterior-con-doble-puerta.html","og_locale":"es_ES","og_type":"article","og_title":"Muebles de contraluz blancos de 109x60 cm con fregadero exterior con doble puerta Sm","og_description":"M\u00e1quina para cubrir muebles de resina de 109x60 cm en color blanco con fregadero exterior y doble puerta.","og_url":"https:\/\/www.bagnoitalia.com\/es\/producto\/mueble-reversible-blanco-de-tela-contrachapada-en-resina-109x60-cm-con-fregadero-exterior-con-doble-puerta.html","og_site_name":"Bagno Italia","article_modified_time":"2024-09-20T14:27:43+00:00","og_image":[{"width":633,"height":599,"url":"https:\/\/img.bagnoitalia.com\/wp-content\/uploads\/virtuemart\/product\/Reversible-laundry-sink-washing-machine-cover-1_1542817022_966.jpg","type":"image\/jpeg"}],"twitter_card":"summary_large_image","twitter_misc":{"Tiempo de lectura":"1 minuto"},"schema":{"@context":"https:\/\/schema.org","@graph":[{"@type":"WebPage","@id":"https:\/\/www.bagnoitalia.com\/es\/producto\/mueble-reversible-blanco-de-tela-contrachapada-en-resina-109x60-cm-con-fregadero-exterior-con-doble-puerta.html","url":"https:\/\/www.bagnoitalia.com\/es\/producto\/mueble-reversible-blanco-de-tela-contrachapada-en-resina-109x60-cm-con-fregadero-exterior-con-doble-puerta.html","name":"Muebles de contraluz blancos de 109x60 cm con fregadero exterior con doble puerta Sm","isPartOf":{"@id":"https:\/\/www.bagnoitalia.com\/es#website"},"primaryImageOfPage":{"@id":"https:\/\/www.bagnoitalia.com\/es\/producto\/mueble-reversible-blanco-de-tela-contrachapada-en-resina-109x60-cm-con-fregadero-exterior-con-doble-puerta.html#primaryimage"},"image":{"@id":"https:\/\/www.bagnoitalia.com\/es\/producto\/mueble-reversible-blanco-de-tela-contrachapada-en-resina-109x60-cm-con-fregadero-exterior-con-doble-puerta.html#primaryimage"},"thumbnailUrl":"https:\/\/img.bagnoitalia.com\/wp-content\/uploads\/virtuemart\/product\/Reversible-laundry-sink-washing-machine-cover-1_1542817022_966.jpg","datePublished":"2016-11-11T07:23:17+00:00","dateModified":"2024-09-20T14:27:43+00:00","description":"M\u00e1quina para cubrir muebles de resina de 109x60 cm en color blanco con fregadero exterior y doble puerta.","breadcrumb":{"@id":"https:\/\/www.bagnoitalia.com\/es\/producto\/mueble-reversible-blanco-de-tela-contrachapada-en-resina-109x60-cm-con-fregadero-exterior-con-doble-puerta.html#breadcrumb"},"inLanguage":"es","potentialAction":[{"@type":"ReadAction","target":["https:\/\/www.bagnoitalia.com\/es\/producto\/mueble-reversible-blanco-de-tela-contrachapada-en-resina-109x60-cm-con-fregadero-exterior-con-doble-puerta.html"]}]},{"@type":"ImageObject","inLanguage":"es","@id":"https:\/\/www.bagnoitalia.com\/es\/producto\/mueble-reversible-blanco-de-tela-contrachapada-en-resina-109x60-cm-con-fregadero-exterior-con-doble-puerta.html#primaryimage","url":"https:\/\/img.bagnoitalia.com\/wp-content\/uploads\/virtuemart\/product\/Reversible-laundry-sink-washing-machine-cover-1_1542817022_966.jpg","contentUrl":"https:\/\/img.bagnoitalia.com\/wp-content\/uploads\/virtuemart\/product\/Reversible-laundry-sink-washing-machine-cover-1_1542817022_966.jpg","width":633,"height":599},{"@type":"BreadcrumbList","@id":"https:\/\/www.bagnoitalia.com\/es\/producto\/mueble-reversible-blanco-de-tela-contrachapada-en-resina-109x60-cm-con-fregadero-exterior-con-doble-puerta.html#breadcrumb","itemListElement":[{"@type":"ListItem","position":1,"name":"Home","item":"https:\/\/www.bagnoitalia.com\/es"},{"@type":"ListItem","position":2,"name":"Productos","item":"https:\/\/www.bagnoitalia.com\/es\/shop"},{"@type":"ListItem","position":3,"name":"Mueble reversible blanco de tela contrachapada en resina 109&#215;60 cm con fregadero exterior con doble puerta BM029"}]},{"@type":"WebSite","@id":"https:\/\/www.bagnoitalia.com\/es#website","url":"https:\/\/www.bagnoitalia.com\/es","name":"Bagno Italia","description":"","publisher":{"@id":"https:\/\/www.bagnoitalia.com\/es#organization"},"potentialAction":[{"@type":"SearchAction","target":{"@type":"EntryPoint","urlTemplate":"https:\/\/www.bagnoitalia.com\/es?s={search_term_string}"},"query-input":{"@type":"PropertyValueSpecification","valueRequired":true,"valueName":"search_term_string"}}],"inLanguage":"es"},{"@type":"Organization","@id":"https:\/\/www.bagnoitalia.com\/es#organization","name":"Bagno Italia","url":"https:\/\/www.bagnoitalia.com\/es","logo":{"@type":"ImageObject","inLanguage":"es","@id":"https:\/\/www.bagnoitalia.com\/es#\/schema\/logo\/image\/","url":"https:\/\/img.bagnoitalia.com\/wp-content\/uploads\/logo-bagnoitalia.webp","contentUrl":"https:\/\/img.bagnoitalia.com\/wp-content\/uploads\/logo-bagnoitalia.webp","width":400,"height":70,"caption":"Bagno Italia"},"image":{"@id":"https:\/\/www.bagnoitalia.com\/es#\/schema\/logo\/image\/"}}]}},"_links":{"self":[{"href":"https:\/\/www.bagnoitalia.com\/es\/wp-json\/wp\/v2\/product\/80304","targetHints":{"allow":["GET"]}}],"collection":[{"href":"https:\/\/www.bagnoitalia.com\/es\/wp-json\/wp\/v2\/product"}],"about":[{"href":"https:\/\/www.bagnoitalia.com\/es\/wp-json\/wp\/v2\/types\/product"}],"replies":[{"embeddable":true,"href":"https:\/\/www.bagnoitalia.com\/es\/wp-json\/wp\/v2\/comments?post=80304"}],"version-history":[{"count":2,"href":"https:\/\/www.bagnoitalia.com\/es\/wp-json\/wp\/v2\/product\/80304\/revisions"}],"predecessor-version":[{"id":92269,"href":"https:\/\/www.bagnoitalia.com\/es\/wp-json\/wp\/v2\/product\/80304\/revisions\/92269"}],"wp:featuredmedia":[{"embeddable":true,"href":"https:\/\/www.bagnoitalia.com\/es\/wp-json\/wp\/v2\/media\/33622"}],"wp:attachment":[{"href":"https:\/\/www.bagnoitalia.com\/es\/wp-json\/wp\/v2\/media?parent=80304"}],"wp:term":[{"taxonomy":"product_brand","embeddable":true,"href":"https:\/\/www.bagnoitalia.com\/es\/wp-json\/wp\/v2\/product_brand?post=80304"},{"taxonomy":"product_cat","embeddable":true,"href":"https:\/\/www.bagnoitalia.com\/es\/wp-json\/wp\/v2\/product_cat?post=80304"},{"taxonomy":"product_tag","embeddable":true,"href":"https:\/\/www.bagnoitalia.com\/es\/wp-json\/wp\/v2\/product_tag?post=80304"}],"curies":[{"name":"wp","href":"https:\/\/api.w.org\/{rel}","templated":true}]}}