{"id":80288,"date":"2016-11-03T13:03:54","date_gmt":"2016-11-03T12:03:54","guid":{"rendered":"https:\/\/www.bagnoitalia.com\/product\/cama-doble-paris-220x174-en-piel-sintetica-blanca-moderna-terminada-a-mano"},"modified":"2024-05-11T00:07:30","modified_gmt":"2024-05-10T22:07:30","slug":"cama-doble-paris-220x174-en-piel-sintetica-blanca-moderna-terminada-a-mano","status":"publish","type":"product","link":"https:\/\/www.bagnoitalia.com\/es\/producto\/cama-doble-paris-220x174-en-piel-sintetica-blanca-moderna-terminada-a-mano.html","title":{"rendered":"Cama Matrimonial Par\u00eds 220&#215;174, en piel sint\u00e9tica blanca moderna terminada a mano."},"content":{"rendered":"<p style=\"margin-bottom: 0cm;\"><span style=\"font-family: 'Arial Unicode MS', sans-serif; font-size: 24pt;\"><span style=\"text-decoration: underline;\"><strong>Cama Matrimonial Par\u00eds<\/strong><\/span><\/span><\/p>\n<p><span style=\"font-size: 24pt;\"><\/span><\/p>\n<p style=\"margin-bottom: 0cm;\"><span style=\"font-family: 'Arial Unicode MS', sans-serif; font-size: 12pt;\">La cama Doble o Matrimonial&nbsp;<strong>Paris<\/strong> tiene un dise\u00f1o cl\u00e1sico, pero encaja perfectamente incluso en los entornos m\u00e1s modernos, de hecho, se distingue por su dise\u00f1o innovador con formas simples y lineales.<\/span><\/p>\n<\/p>\n<p><span style=\"font-size: 12pt;\"><\/span><\/p>\n<p><span style=\"font-size: 12pt;\"><img fetchpriority=\"high\" decoding=\"async\" class=\" size-full wp-image-33474\" style=\"display: block; margin-left: auto; margin-right: auto; margin-bottom: 10px;\" src=\"https:\/\/img.bagnoitalia.com\/wp-content\/uploads\/divano-bianco-matrimoniale.jpg\" alt=\"sof\u00e1 doble blanco\" width=\"412\" height=\"280\" srcset=\"https:\/\/img.bagnoitalia.com\/wp-content\/uploads\/divano-bianco-matrimoniale.jpg 412w, https:\/\/img.bagnoitalia.com\/wp-content\/uploads\/divano-bianco-matrimoniale-150x102.jpg 150w\" sizes=\"(max-width: 412px) 100vw, 412px\" \/><\/span><\/p>\n<p><span style=\"font-size: 12pt;\"><\/span><\/p>\n<p style=\"margin-bottom: 0cm;\"><span style=\"font-family: 'Arial Unicode MS', sans-serif; font-size: 12pt;\"><span style=\"text-decoration: underline;\"><strong>CARACTER\u00cdSTICAS<\/strong><\/span><\/span><\/p>\n<ul>\n<li>\n<p style=\"margin-bottom: 0cm;\"><span style=\"color: #000000; font-size: 12pt;\"><span style=\"font-family: 'Arial Unicode MS', sans-serif;\">Medidas <strong>externas<\/strong> : L220 x P174 \u00d7 H90 cm.<\/span><\/span><\/p>\n<\/li>\n<li>\n<p style=\"margin-bottom: 0cm; line-height: 0.71cm;\"><span style=\"color: #000000; font-size: 12pt;\"><span style=\"font-family: 'Arial Unicode MS', sans-serif;\">Medidas del <strong>espacio de la cama<\/strong> : 160 \u00d7 200 cm.<\/span><\/span><\/p>\n<p><img decoding=\"async\" class=\" alignright size-full wp-image-33478\" style=\"margin-right: 20px; margin-left: 10px; float: right;\" src=\"https:\/\/img.bagnoitalia.com\/wp-content\/uploads\/divano-bianco-matrimoniale-moderno2.jpg\" alt=\"moderno sofa2 blanco doble\" width=\"475\" height=\"324\" srcset=\"https:\/\/img.bagnoitalia.com\/wp-content\/uploads\/divano-bianco-matrimoniale-moderno2.jpg 660w, https:\/\/img.bagnoitalia.com\/wp-content\/uploads\/divano-bianco-matrimoniale-moderno2-441x301.jpg 441w, https:\/\/img.bagnoitalia.com\/wp-content\/uploads\/divano-bianco-matrimoniale-moderno2-600x409.jpg 600w, https:\/\/img.bagnoitalia.com\/wp-content\/uploads\/divano-bianco-matrimoniale-moderno2-150x102.jpg 150w\" sizes=\"(max-width: 475px) 100vw, 475px\" \/><\/li>\n<li>\n<p style=\"margin-bottom: 0cm; line-height: 0.71cm;\"><span style=\"color: #000000; font-size: 12pt;\"><span style=\"font-family: 'Arial Unicode MS', sans-serif;\">Se adapta a los colchones: 160 x 200 cm.<\/span><\/span><\/p>\n<\/li>\n<li>\n<p style=\"margin-bottom: 0cm; line-height: 0.71cm;\"><span style=\"color: #000000; font-size: 12pt;\"><span style=\"font-family: 'Arial Unicode MS', sans-serif;\">F\u00e1cil de limpiar<\/span><\/span><\/p>\n<\/li>\n<li>\n<p style=\"margin-bottom: 0cm; line-height: 0.71cm;\"><span style=\"color: #000000; font-size: 12pt;\"><span style=\"font-family: 'Arial Unicode MS', sans-serif;\"><strong>Resistente al<\/strong> desgaste<\/span><\/span><\/p>\n<\/li>\n<li>\n<p style=\"margin-bottom: 0cm; line-height: 0.71cm;\"><span style=\"color: #000000; font-size: 12pt;\"><span style=\"font-family: 'Arial Unicode MS', sans-serif;\">Acabado a mano<\/span><\/span><\/p>\n<\/li>\n<li>\n<p style=\"margin-bottom: 0cm; line-height: 0.71cm;\"><span style=\"color: #000000; font-size: 12pt;\"><span style=\"font-family: 'Arial Unicode MS', sans-serif;\">Elasticidad natural<\/span><\/span><\/p>\n<\/li>\n<li>\n<p style=\"margin-bottom: 0cm; line-height: 0.71cm;\"><span style=\"color: #000000; font-size: 12pt;\"><span style=\"font-family: 'Arial Unicode MS', sans-serif;\">Marco <strong>reforzado<\/strong><\/span><\/span><\/p>\n<\/li>\n<li>\n<p style=\"margin-bottom: 0cm; line-height: 0.71cm;\"><span style=\"color: #000000; font-size: 12pt;\"><span style=\"font-family: 'Arial Unicode MS', sans-serif;\">Colch\u00f3n <strong>no incluido<\/strong><\/span><\/span><\/p>\n<\/li>\n<\/ul>\n<p><span style=\"font-size: 12pt;\"><\/span><\/p>\n<p style=\"margin-bottom: 0cm;\"><span style=\"font-family: 'Arial Unicode MS', sans-serif; font-size: 12pt;\"><span style=\"text-decoration: underline;\"><strong>MATERIALES<\/strong><\/span><\/span><\/p>\n<p><span style=\"font-size: 12pt;\"><\/span><\/p>\n<ul>\n<li>\n<p style=\"margin-bottom: 0cm;\"><span style=\"color: #000000; font-size: 12pt;\"><span style=\"font-family: 'Arial Unicode MS', sans-serif;\"><span style=\"text-decoration: underline;\">Superficie de la cama<\/span> :<\/span><\/span><\/p>\n<ul>\n<li>\n<p style=\"margin-bottom: 0cm;\"><span style=\"color: #000000; font-size: 12pt;\"><span style=\"font-family: 'Arial Unicode MS', sans-serif;\">10% de poliuretano<\/span><\/span><\/p>\n<\/li>\n<li>\n<p style=\"margin-bottom: 0cm;\"><span style=\"color: #000000; font-size: 12pt;\"><span style=\"font-family: 'Arial Unicode MS', sans-serif;\">35% de PVC <br \/><\/span><\/span><\/p>\n<\/li>\n<li>\n<p style=\"margin-bottom: 0cm;\"><span style=\"color: #000000; font-size: 12pt;\"><span style=\"font-family: 'Arial Unicode MS', sans-serif;\">35% poli\u00e9ster<\/span><\/span><\/p>\n<\/li>\n<li>\n<p style=\"margin-bottom: 0cm;\"><span style=\"color: #000000; font-size: 12pt;\"><span style=\"font-family: 'Arial Unicode MS', sans-serif;\">20% algod\u00f3n<\/span><\/span><\/p>\n<\/li>\n<\/ul>\n<\/li>\n<li>\n<p style=\"margin-bottom: 0cm; line-height: 0.71cm;\"><span style=\"color: #000000; font-size: 12pt;\"><span style=\"font-family: 'Arial Unicode MS', sans-serif;\"><span style=\"text-decoration: underline;\">Cojines<\/span> : Ecopiel.<\/span><\/span><\/p>\n<\/li>\n<li>\n<p style=\"margin-bottom: 0cm; line-height: 0.71cm;\"><span style=\"color: #000000; font-size: 12pt;\"><span style=\"font-family: 'Arial Unicode MS', sans-serif;\"><span style=\"text-decoration: underline;\">Revestimiento<\/span> : Ecopiel.<\/span><\/span><\/p>\n<\/li>\n<\/ul>\n<\/p>\n<p><span style=\"font-size: 12pt;\"><\/span><\/p>\n","protected":false},"excerpt":{"rendered":"<p>La cama Doble Par\u00eds tiene un dise\u00f1o cl\u00e1sico, pero tambi\u00e9n encaja perfectamente en los entornos m\u00e1s modernos, de hecho, se distingue por su dise\u00f1o innovador con formas simples y lineales.<\/p>\n","protected":false},"featured_media":33442,"comment_status":"open","ping_status":"closed","template":"","meta":[],"product_brand":[9926],"product_cat":[9801],"product_tag":[],"class_list":{"0":"post-80288","1":"product","2":"type-product","3":"status-publish","4":"has-post-thumbnail","6":"product_brand-predator-arredo-casa-es","7":"product_cat-cama-muebles-de-interior","9":"first","10":"instock","11":"sale","12":"taxable","13":"shipping-taxable","14":"purchasable","15":"product-type-simple"},"exclude_global_add_ons":[],"addons":[],"yoast_head":"<!-- This site is optimized with the Yoast SEO plugin v26.7 - https:\/\/yoast.com\/wordpress\/plugins\/seo\/ -->\n<title>Cama cl\u00e1sica Paris cl\u00e1sica en piel blanca.<\/title>\n<meta name=\"description\" content=\"La cama doble Paris tiene un dise\u00f1o cl\u00e1sico, pero encaja perfectamente incluso en los entornos m\u00e1s modernos, de hecho, se distingue por su dise\u00f1o innovador con formas simples y lineales.\" \/>\n<meta name=\"robots\" content=\"index, follow, max-snippet:-1, max-image-preview:large, max-video-preview:-1\" \/>\n<link rel=\"canonical\" href=\"https:\/\/www.bagnoitalia.com\/es\/producto\/cama-doble-paris-220x174-en-piel-sintetica-blanca-moderna-terminada-a-mano.html\" \/>\n<meta property=\"og:locale\" content=\"es_ES\" \/>\n<meta property=\"og:type\" content=\"article\" \/>\n<meta property=\"og:title\" content=\"Cama cl\u00e1sica Paris cl\u00e1sica en piel blanca.\" \/>\n<meta property=\"og:description\" content=\"La cama doble Paris tiene un dise\u00f1o cl\u00e1sico, pero encaja perfectamente incluso en los entornos m\u00e1s modernos, de hecho, se distingue por su dise\u00f1o innovador con formas simples y lineales.\" \/>\n<meta property=\"og:url\" content=\"https:\/\/www.bagnoitalia.com\/es\/producto\/cama-doble-paris-220x174-en-piel-sintetica-blanca-moderna-terminada-a-mano.html\" \/>\n<meta property=\"og:site_name\" content=\"Bagno Italia\" \/>\n<meta property=\"article:modified_time\" content=\"2024-05-10T22:07:30+00:00\" \/>\n<meta property=\"og:image\" content=\"https:\/\/img.bagnoitalia.com\/wp-content\/uploads\/virtuemart\/product\/Modern-double-bed-Paris-1_1541777653_28.jpg\" \/>\n\t<meta property=\"og:image:width\" content=\"600\" \/>\n\t<meta property=\"og:image:height\" content=\"600\" \/>\n\t<meta property=\"og:image:type\" content=\"image\/jpeg\" \/>\n<meta name=\"twitter:card\" content=\"summary_large_image\" \/>\n<script type=\"application\/ld+json\" class=\"yoast-schema-graph\">{\"@context\":\"https:\/\/schema.org\",\"@graph\":[{\"@type\":\"WebPage\",\"@id\":\"https:\/\/www.bagnoitalia.com\/es\/producto\/cama-doble-paris-220x174-en-piel-sintetica-blanca-moderna-terminada-a-mano.html\",\"url\":\"https:\/\/www.bagnoitalia.com\/es\/producto\/cama-doble-paris-220x174-en-piel-sintetica-blanca-moderna-terminada-a-mano.html\",\"name\":\"Cama cl\u00e1sica Paris cl\u00e1sica en piel blanca.\",\"isPartOf\":{\"@id\":\"https:\/\/www.bagnoitalia.com\/es#website\"},\"primaryImageOfPage\":{\"@id\":\"https:\/\/www.bagnoitalia.com\/es\/producto\/cama-doble-paris-220x174-en-piel-sintetica-blanca-moderna-terminada-a-mano.html#primaryimage\"},\"image\":{\"@id\":\"https:\/\/www.bagnoitalia.com\/es\/producto\/cama-doble-paris-220x174-en-piel-sintetica-blanca-moderna-terminada-a-mano.html#primaryimage\"},\"thumbnailUrl\":\"https:\/\/img.bagnoitalia.com\/wp-content\/uploads\/virtuemart\/product\/Modern-double-bed-Paris-1_1541777653_28.jpg\",\"datePublished\":\"2016-11-03T12:03:54+00:00\",\"dateModified\":\"2024-05-10T22:07:30+00:00\",\"description\":\"La cama doble Paris tiene un dise\u00f1o cl\u00e1sico, pero encaja perfectamente incluso en los entornos m\u00e1s modernos, de hecho, se distingue por su dise\u00f1o innovador con formas simples y lineales.\",\"breadcrumb\":{\"@id\":\"https:\/\/www.bagnoitalia.com\/es\/producto\/cama-doble-paris-220x174-en-piel-sintetica-blanca-moderna-terminada-a-mano.html#breadcrumb\"},\"inLanguage\":\"es\",\"potentialAction\":[{\"@type\":\"ReadAction\",\"target\":[\"https:\/\/www.bagnoitalia.com\/es\/producto\/cama-doble-paris-220x174-en-piel-sintetica-blanca-moderna-terminada-a-mano.html\"]}]},{\"@type\":\"ImageObject\",\"inLanguage\":\"es\",\"@id\":\"https:\/\/www.bagnoitalia.com\/es\/producto\/cama-doble-paris-220x174-en-piel-sintetica-blanca-moderna-terminada-a-mano.html#primaryimage\",\"url\":\"https:\/\/img.bagnoitalia.com\/wp-content\/uploads\/virtuemart\/product\/Modern-double-bed-Paris-1_1541777653_28.jpg\",\"contentUrl\":\"https:\/\/img.bagnoitalia.com\/wp-content\/uploads\/virtuemart\/product\/Modern-double-bed-Paris-1_1541777653_28.jpg\",\"width\":600,\"height\":600},{\"@type\":\"BreadcrumbList\",\"@id\":\"https:\/\/www.bagnoitalia.com\/es\/producto\/cama-doble-paris-220x174-en-piel-sintetica-blanca-moderna-terminada-a-mano.html#breadcrumb\",\"itemListElement\":[{\"@type\":\"ListItem\",\"position\":1,\"name\":\"Home\",\"item\":\"https:\/\/www.bagnoitalia.com\/es\"},{\"@type\":\"ListItem\",\"position\":2,\"name\":\"Productos\",\"item\":\"https:\/\/www.bagnoitalia.com\/es\/shop\"},{\"@type\":\"ListItem\",\"position\":3,\"name\":\"Cama Matrimonial Par\u00eds 220&#215;174, en piel sint\u00e9tica blanca moderna terminada a mano.\"}]},{\"@type\":\"WebSite\",\"@id\":\"https:\/\/www.bagnoitalia.com\/es#website\",\"url\":\"https:\/\/www.bagnoitalia.com\/es\",\"name\":\"Bagno Italia\",\"description\":\"\",\"publisher\":{\"@id\":\"https:\/\/www.bagnoitalia.com\/es#organization\"},\"potentialAction\":[{\"@type\":\"SearchAction\",\"target\":{\"@type\":\"EntryPoint\",\"urlTemplate\":\"https:\/\/www.bagnoitalia.com\/es?s={search_term_string}\"},\"query-input\":{\"@type\":\"PropertyValueSpecification\",\"valueRequired\":true,\"valueName\":\"search_term_string\"}}],\"inLanguage\":\"es\"},{\"@type\":\"Organization\",\"@id\":\"https:\/\/www.bagnoitalia.com\/es#organization\",\"name\":\"Bagno Italia\",\"url\":\"https:\/\/www.bagnoitalia.com\/es\",\"logo\":{\"@type\":\"ImageObject\",\"inLanguage\":\"es\",\"@id\":\"https:\/\/www.bagnoitalia.com\/es#\/schema\/logo\/image\/\",\"url\":\"https:\/\/img.bagnoitalia.com\/wp-content\/uploads\/logo-bagnoitalia.webp\",\"contentUrl\":\"https:\/\/img.bagnoitalia.com\/wp-content\/uploads\/logo-bagnoitalia.webp\",\"width\":400,\"height\":70,\"caption\":\"Bagno Italia\"},\"image\":{\"@id\":\"https:\/\/www.bagnoitalia.com\/es#\/schema\/logo\/image\/\"}}]}<\/script>\n<!-- \/ Yoast SEO plugin. -->","yoast_head_json":{"title":"Cama cl\u00e1sica Paris cl\u00e1sica en piel blanca.","description":"La cama doble Paris tiene un dise\u00f1o cl\u00e1sico, pero encaja perfectamente incluso en los entornos m\u00e1s modernos, de hecho, se distingue por su dise\u00f1o innovador con formas simples y lineales.","robots":{"index":"index","follow":"follow","max-snippet":"max-snippet:-1","max-image-preview":"max-image-preview:large","max-video-preview":"max-video-preview:-1"},"canonical":"https:\/\/www.bagnoitalia.com\/es\/producto\/cama-doble-paris-220x174-en-piel-sintetica-blanca-moderna-terminada-a-mano.html","og_locale":"es_ES","og_type":"article","og_title":"Cama cl\u00e1sica Paris cl\u00e1sica en piel blanca.","og_description":"La cama doble Paris tiene un dise\u00f1o cl\u00e1sico, pero encaja perfectamente incluso en los entornos m\u00e1s modernos, de hecho, se distingue por su dise\u00f1o innovador con formas simples y lineales.","og_url":"https:\/\/www.bagnoitalia.com\/es\/producto\/cama-doble-paris-220x174-en-piel-sintetica-blanca-moderna-terminada-a-mano.html","og_site_name":"Bagno Italia","article_modified_time":"2024-05-10T22:07:30+00:00","og_image":[{"width":600,"height":600,"url":"https:\/\/img.bagnoitalia.com\/wp-content\/uploads\/virtuemart\/product\/Modern-double-bed-Paris-1_1541777653_28.jpg","type":"image\/jpeg"}],"twitter_card":"summary_large_image","schema":{"@context":"https:\/\/schema.org","@graph":[{"@type":"WebPage","@id":"https:\/\/www.bagnoitalia.com\/es\/producto\/cama-doble-paris-220x174-en-piel-sintetica-blanca-moderna-terminada-a-mano.html","url":"https:\/\/www.bagnoitalia.com\/es\/producto\/cama-doble-paris-220x174-en-piel-sintetica-blanca-moderna-terminada-a-mano.html","name":"Cama cl\u00e1sica Paris cl\u00e1sica en piel blanca.","isPartOf":{"@id":"https:\/\/www.bagnoitalia.com\/es#website"},"primaryImageOfPage":{"@id":"https:\/\/www.bagnoitalia.com\/es\/producto\/cama-doble-paris-220x174-en-piel-sintetica-blanca-moderna-terminada-a-mano.html#primaryimage"},"image":{"@id":"https:\/\/www.bagnoitalia.com\/es\/producto\/cama-doble-paris-220x174-en-piel-sintetica-blanca-moderna-terminada-a-mano.html#primaryimage"},"thumbnailUrl":"https:\/\/img.bagnoitalia.com\/wp-content\/uploads\/virtuemart\/product\/Modern-double-bed-Paris-1_1541777653_28.jpg","datePublished":"2016-11-03T12:03:54+00:00","dateModified":"2024-05-10T22:07:30+00:00","description":"La cama doble Paris tiene un dise\u00f1o cl\u00e1sico, pero encaja perfectamente incluso en los entornos m\u00e1s modernos, de hecho, se distingue por su dise\u00f1o innovador con formas simples y lineales.","breadcrumb":{"@id":"https:\/\/www.bagnoitalia.com\/es\/producto\/cama-doble-paris-220x174-en-piel-sintetica-blanca-moderna-terminada-a-mano.html#breadcrumb"},"inLanguage":"es","potentialAction":[{"@type":"ReadAction","target":["https:\/\/www.bagnoitalia.com\/es\/producto\/cama-doble-paris-220x174-en-piel-sintetica-blanca-moderna-terminada-a-mano.html"]}]},{"@type":"ImageObject","inLanguage":"es","@id":"https:\/\/www.bagnoitalia.com\/es\/producto\/cama-doble-paris-220x174-en-piel-sintetica-blanca-moderna-terminada-a-mano.html#primaryimage","url":"https:\/\/img.bagnoitalia.com\/wp-content\/uploads\/virtuemart\/product\/Modern-double-bed-Paris-1_1541777653_28.jpg","contentUrl":"https:\/\/img.bagnoitalia.com\/wp-content\/uploads\/virtuemart\/product\/Modern-double-bed-Paris-1_1541777653_28.jpg","width":600,"height":600},{"@type":"BreadcrumbList","@id":"https:\/\/www.bagnoitalia.com\/es\/producto\/cama-doble-paris-220x174-en-piel-sintetica-blanca-moderna-terminada-a-mano.html#breadcrumb","itemListElement":[{"@type":"ListItem","position":1,"name":"Home","item":"https:\/\/www.bagnoitalia.com\/es"},{"@type":"ListItem","position":2,"name":"Productos","item":"https:\/\/www.bagnoitalia.com\/es\/shop"},{"@type":"ListItem","position":3,"name":"Cama Matrimonial Par\u00eds 220&#215;174, en piel sint\u00e9tica blanca moderna terminada a mano."}]},{"@type":"WebSite","@id":"https:\/\/www.bagnoitalia.com\/es#website","url":"https:\/\/www.bagnoitalia.com\/es","name":"Bagno Italia","description":"","publisher":{"@id":"https:\/\/www.bagnoitalia.com\/es#organization"},"potentialAction":[{"@type":"SearchAction","target":{"@type":"EntryPoint","urlTemplate":"https:\/\/www.bagnoitalia.com\/es?s={search_term_string}"},"query-input":{"@type":"PropertyValueSpecification","valueRequired":true,"valueName":"search_term_string"}}],"inLanguage":"es"},{"@type":"Organization","@id":"https:\/\/www.bagnoitalia.com\/es#organization","name":"Bagno Italia","url":"https:\/\/www.bagnoitalia.com\/es","logo":{"@type":"ImageObject","inLanguage":"es","@id":"https:\/\/www.bagnoitalia.com\/es#\/schema\/logo\/image\/","url":"https:\/\/img.bagnoitalia.com\/wp-content\/uploads\/logo-bagnoitalia.webp","contentUrl":"https:\/\/img.bagnoitalia.com\/wp-content\/uploads\/logo-bagnoitalia.webp","width":400,"height":70,"caption":"Bagno Italia"},"image":{"@id":"https:\/\/www.bagnoitalia.com\/es#\/schema\/logo\/image\/"}}]}},"_links":{"self":[{"href":"https:\/\/www.bagnoitalia.com\/es\/wp-json\/wp\/v2\/product\/80288","targetHints":{"allow":["GET"]}}],"collection":[{"href":"https:\/\/www.bagnoitalia.com\/es\/wp-json\/wp\/v2\/product"}],"about":[{"href":"https:\/\/www.bagnoitalia.com\/es\/wp-json\/wp\/v2\/types\/product"}],"replies":[{"embeddable":true,"href":"https:\/\/www.bagnoitalia.com\/es\/wp-json\/wp\/v2\/comments?post=80288"}],"version-history":[{"count":0,"href":"https:\/\/www.bagnoitalia.com\/es\/wp-json\/wp\/v2\/product\/80288\/revisions"}],"wp:featuredmedia":[{"embeddable":true,"href":"https:\/\/www.bagnoitalia.com\/es\/wp-json\/wp\/v2\/media\/33442"}],"wp:attachment":[{"href":"https:\/\/www.bagnoitalia.com\/es\/wp-json\/wp\/v2\/media?parent=80288"}],"wp:term":[{"taxonomy":"product_brand","embeddable":true,"href":"https:\/\/www.bagnoitalia.com\/es\/wp-json\/wp\/v2\/product_brand?post=80288"},{"taxonomy":"product_cat","embeddable":true,"href":"https:\/\/www.bagnoitalia.com\/es\/wp-json\/wp\/v2\/product_cat?post=80288"},{"taxonomy":"product_tag","embeddable":true,"href":"https:\/\/www.bagnoitalia.com\/es\/wp-json\/wp\/v2\/product_tag?post=80288"}],"curies":[{"name":"wp","href":"https:\/\/api.w.org\/{rel}","templated":true}]}}