{"id":80284,"date":"2016-11-02T15:33:39","date_gmt":"2016-11-02T14:33:39","guid":{"rendered":"https:\/\/www.bagnoitalia.com\/product\/romantico-sofa-esquinero-con-otomana-de-205-cm-blanco-piel-ecologica-3-plazas-sala-de-estar"},"modified":"2026-03-10T12:19:22","modified_gmt":"2026-03-10T11:19:22","slug":"romantico-sofa-esquinero-con-otomana-de-205-cm-blanco-piel-ecologica-3-plazas-sala-de-estar","status":"publish","type":"product","link":"https:\/\/www.bagnoitalia.com\/es\/producto\/romantico-sofa-esquinero-con-otomana-de-205-cm-blanco-piel-ecologica-3-plazas-sala-de-estar.html","title":{"rendered":"Sofa Modular Romantic, de Otomana de 205 cm, Cuero ecol\u00f3gico, Blanco \/ Negro, 3 puestos, Sala de estar"},"content":{"rendered":"<p><span style=\"text-decoration: underline; font-size: 12pt;\"><strong>\u00a0<\/strong> <span style=\"font-size: 24pt;\"><strong>SOF\u00c1 ROM\u00c1NTICO<\/strong><\/span><\/span><\/p>\n<p style=\"margin-bottom: 0cm;\"><span style=\"font-family: 'Arial Unicode MS', sans-serif; font-size: 12pt;\">El sof\u00e1 <strong>Romantico se<\/strong> vuelve <strong>angular<\/strong> gracias a la espl\u00e9ndida composici\u00f3n con el <strong>puf<\/strong> , con un dise\u00f1o minimalista y moderno, pero a la vez elegante y cautivador.<\/span><\/p>\n<p><span style=\"font-size: 12pt;\"><img fetchpriority=\"high\" decoding=\"async\" class=\" size-full wp-image-33430\" style=\"display: block; margin-left: auto; margin-right: auto;\" src=\"https:\/\/img.bagnoitalia.com\/wp-content\/uploads\/divano-roma-nero-pouf-angolare-ecopelle-arredamento-soggiorno3.jpg\" alt=\"Sof\u00e1 Roma Roma otomana esquina cuero artificial muebles de sala de estar3\" width=\"452\" height=\"271\" srcset=\"https:\/\/img.bagnoitalia.com\/wp-content\/uploads\/divano-roma-nero-pouf-angolare-ecopelle-arredamento-soggiorno3.jpg 1000w, https:\/\/img.bagnoitalia.com\/wp-content\/uploads\/divano-roma-nero-pouf-angolare-ecopelle-arredamento-soggiorno3-768x461.jpg 768w, https:\/\/img.bagnoitalia.com\/wp-content\/uploads\/divano-roma-nero-pouf-angolare-ecopelle-arredamento-soggiorno3-990x594.jpg 990w, https:\/\/img.bagnoitalia.com\/wp-content\/uploads\/divano-roma-nero-pouf-angolare-ecopelle-arredamento-soggiorno3-441x265.jpg 441w, https:\/\/img.bagnoitalia.com\/wp-content\/uploads\/divano-roma-nero-pouf-angolare-ecopelle-arredamento-soggiorno3-600x360.jpg 600w, https:\/\/img.bagnoitalia.com\/wp-content\/uploads\/divano-roma-nero-pouf-angolare-ecopelle-arredamento-soggiorno3-150x90.jpg 150w\" sizes=\"(max-width: 452px) 100vw, 452px\" \/><\/span><\/p>\n<p>&nbsp;<\/p>\n<p style=\"margin-bottom: 0cm;\"><span style=\"font-family: 'Arial Unicode MS', sans-serif; font-size: 12pt;\">Fabricado completamente en <span style=\"text-decoration: underline;\">piel sint\u00e9tica<\/span> , tiene una <strong>pen\u00ednsula<\/strong> que, dependiendo de sus necesidades, puede separarse del sof\u00e1, desarrollar diferentes combinaciones de muebles, moverlo hacia la derecha o hacia la izquierda, o colocarlo como un puf en el centro de la habitaci\u00f3n o como reposapi\u00e9s.<\/span><\/p>\n<p style=\"margin-bottom: 0cm;\"><span style=\"font-family: 'Arial Unicode MS', sans-serif; font-size: 12pt;\">Tiene un relleno de <span style=\"text-decoration: underline;\">espuma de poliuretano<\/span> en densidad diferente, cubierto con una solapa de drac\u00f3n que hace la diferencia de comodidad en el asiento.<\/span><\/p>\n<p>&nbsp;<\/p>\n<p><img decoding=\"async\" class=\" alignright size-full wp-image-33434\" style=\"margin-bottom: 10px; margin-left: 10px; margin-right: 20px; float: right;\" src=\"https:\/\/img.bagnoitalia.com\/wp-content\/uploads\/divano-roma-nero-pouf-angolare-ecopelle-arredamento-soggiorno.jpg\" alt=\"Sof\u00e1 roma Puf negro esquina de cuero de imitaci\u00f3n muebles de sala de estar\" width=\"452\" height=\"452\" srcset=\"https:\/\/img.bagnoitalia.com\/wp-content\/uploads\/divano-roma-nero-pouf-angolare-ecopelle-arredamento-soggiorno.jpg 1200w, https:\/\/img.bagnoitalia.com\/wp-content\/uploads\/divano-roma-nero-pouf-angolare-ecopelle-arredamento-soggiorno-768x768.jpg 768w, https:\/\/img.bagnoitalia.com\/wp-content\/uploads\/divano-roma-nero-pouf-angolare-ecopelle-arredamento-soggiorno-990x990.jpg 990w, https:\/\/img.bagnoitalia.com\/wp-content\/uploads\/divano-roma-nero-pouf-angolare-ecopelle-arredamento-soggiorno-441x441.jpg 441w, https:\/\/img.bagnoitalia.com\/wp-content\/uploads\/divano-roma-nero-pouf-angolare-ecopelle-arredamento-soggiorno-100x100.jpg 100w, https:\/\/img.bagnoitalia.com\/wp-content\/uploads\/divano-roma-nero-pouf-angolare-ecopelle-arredamento-soggiorno-600x600.jpg 600w, https:\/\/img.bagnoitalia.com\/wp-content\/uploads\/divano-roma-nero-pouf-angolare-ecopelle-arredamento-soggiorno-150x150.jpg 150w\" sizes=\"(max-width: 452px) 100vw, 452px\" \/><\/p>\n<p style=\"margin-bottom: 0cm;\"><span style=\"font-family: 'Arial Unicode MS', sans-serif; font-size: 12pt;\"><span style=\"text-decoration: underline;\"><strong>CARACTER\u00cdSTICAS<\/strong><\/span><\/span><\/p>\n<ul>\n<li>\n<p style=\"margin-bottom: 0cm;\"><span style=\"font-family: 'Arial Unicode MS', sans-serif; font-size: 12pt;\">Largo: 205cm.<\/span><\/p>\n<\/li>\n<li>\n<p style=\"margin-bottom: 0cm;\"><span style=\"font-family: 'Arial Unicode MS', sans-serif; font-size: 12pt;\">Altura del asiento: 43 cm.<\/span><\/p>\n<\/li>\n<li>\n<p style=\"margin-bottom: 0cm;\"><span style=\"font-family: 'Arial Unicode MS', sans-serif; font-size: 12pt;\">Altura del asiento: 85 cm del suelo.<\/span><\/p>\n<\/li>\n<\/ul>\n<ul>\n<li>\n<p style=\"margin-bottom: 0cm;\"><span style=\"font-family: 'Arial Unicode MS', sans-serif; font-size: 12pt;\">Profundidad: 85 cm.<\/span><\/p>\n<\/li>\n<li>\n<p style=\"margin-bottom: 0cm;\"><span style=\"font-family: 'Arial Unicode MS', sans-serif; font-size: 12pt;\">Profundidad con puf: 145 cm.<\/span><\/p>\n<\/li>\n<li>\n<p style=\"margin-bottom: 0cm; line-height: 0.71cm;\"><span style=\"color: #000000; font-size: 12pt;\">F\u00e1cil de limpiar<\/span><\/p>\n<\/li>\n<li>\n<p style=\"margin-bottom: 0cm; line-height: 0.71cm;\"><span style=\"color: #000000; font-size: 12pt;\"><strong>Resistente al<\/strong> desgaste<\/span><\/p>\n<\/li>\n<li>\n<p style=\"margin-bottom: 0cm; line-height: 0.71cm;\"><span style=\"color: #000000; font-size: 12pt;\">Terminado a mano<\/span><\/p>\n<\/li>\n<li>\n<p style=\"margin-bottom: 0cm; line-height: 0.71cm;\"><span style=\"color: #000000; font-size: 12pt;\">Elasticidad natural<\/span><\/p>\n<\/li>\n<li>\n<p style=\"margin-bottom: 0cm; line-height: 0.71cm;\"><span style=\"font-family: 'Arial Unicode MS', sans-serif; font-size: 12pt;\"><span style=\"color: #000000;\">Marco<\/span> <span style=\"color: #000000;\"><strong>reforzado<\/strong><\/span><\/span><\/p>\n<\/li>\n<\/ul>\n<p>&nbsp;<\/p>\n<p style=\"margin-bottom: 0cm;\"><span style=\"font-family: 'Arial Unicode MS', sans-serif; font-size: 12pt;\"><span style=\"text-decoration: underline;\"><strong>MATERIALES<\/strong><\/span><\/span><\/p>\n<ul>\n<li>\n<p style=\"margin-bottom: 0cm;\"><span style=\"font-family: 'Arial Unicode MS', sans-serif; font-size: 12pt;\">Estructura: Haya<\/span><\/p>\n<\/li>\n<li>\n<p style=\"margin-bottom: 0cm;\"><span style=\"font-family: 'Arial Unicode MS', sans-serif; font-size: 12pt;\">Relleno: eco-cuero.<\/span><\/p>\n<\/li>\n<li>\n<p style=\"margin-bottom: 0cm;\"><span style=\"font-family: 'Arial Unicode MS', sans-serif; font-size: 12pt;\">Asiento y respaldo: poliuretano.<\/span><\/p>\n<\/li>\n<\/ul>\n<p>&nbsp;<\/p>\n<p>&nbsp;<\/p>\n","protected":false},"excerpt":{"rendered":"<p>C\u00f3modo sof\u00e1 de tres puestos gracias al cual tu hogar tendr\u00e1 un toque de estilo. Disponible en blanco y negro. Fabricado completamente en piel sint\u00e9tica, tiene una chaise longue que, seg\u00fan sus necesidades, se puede dividir desde el sof\u00e1, desarrollando diferentes combinaciones de muebles, movi\u00e9ndolo hacia la derecha o hacia la izquierda, o posicion\u00e1ndolo como un reposapi\u00e9s.<\/p>\n","protected":false},"featured_media":33394,"comment_status":"open","ping_status":"closed","template":"","meta":[],"product_brand":[9926],"product_cat":[9793],"product_tag":[],"class_list":{"0":"post-80284","1":"product","2":"type-product","3":"status-publish","4":"has-post-thumbnail","6":"product_brand-predator-arredo-casa-es","7":"product_cat-sofas-2-muebles-de-interior","9":"first","10":"instock","11":"sale","12":"taxable","13":"shipping-taxable","14":"purchasable","15":"product-type-simple"},"exclude_global_add_ons":false,"addons":[{"name":"Color","type":"multiple_choice","position":0,"required":true,"title_format":"heading","default":"","description_enable":false,"description":"","placeholder_enable":false,"placeholder":"","display":"select","restrictions_type":"any_text","adjust_price":false,"price":"","price_type":"flat_fee","restrictions":false,"min":"0","max":"0","options":[{"label":"Blanco PRECIO DE PROMOCI\u00d3N","price":"","price_type":"quantity_based","image":0,"visibility":true},{"label":"Negro","price":"60","price_type":"quantity_based","image":0,"visibility":true}],"id":1718290280}],"yoast_head":"<!-- This site is optimized with the Yoast SEO plugin v26.7 - https:\/\/yoast.com\/wordpress\/plugins\/seo\/ -->\n<title>Sofa Modular Romantic de Otomana de 205 cm, Cuero ecol\u00f3gico, Blanco \/ Negro, 3 puestos, Sala de estar<\/title>\n<meta name=\"description\" content=\"C\u00f3modo sof\u00e1 de tres puestos gracias al cual tu hogar tendr\u00e1 un toque de estilo. Disponible en blanco y negro. Fabricado completamente en piel sint\u00e9tica, tiene una chaise longue que, seg\u00fan sus necesidades, se puede dividir desde el sof\u00e1, desarrollando diferentes combinaciones de muebles, movi\u00e9ndolo hacia la derecha o hacia la izquierda, o posicion\u00e1ndolo como un reposapi\u00e9s.\" \/>\n<meta name=\"robots\" content=\"index, follow, max-snippet:-1, max-image-preview:large, max-video-preview:-1\" \/>\n<link rel=\"canonical\" href=\"https:\/\/www.bagnoitalia.com\/es\/producto\/romantico-sofa-esquinero-con-otomana-de-205-cm-blanco-piel-ecologica-3-plazas-sala-de-estar.html\" \/>\n<meta property=\"og:locale\" content=\"es_ES\" \/>\n<meta property=\"og:type\" content=\"article\" \/>\n<meta property=\"og:title\" content=\"Sofa Modular Romantic de Otomana de 205 cm, Cuero ecol\u00f3gico, Blanco \/ Negro, 3 puestos, Sala de estar\" \/>\n<meta property=\"og:description\" content=\"C\u00f3modo sof\u00e1 de tres puestos gracias al cual tu hogar tendr\u00e1 un toque de estilo. Disponible en blanco y negro. Fabricado completamente en piel sint\u00e9tica, tiene una chaise longue que, seg\u00fan sus necesidades, se puede dividir desde el sof\u00e1, desarrollando diferentes combinaciones de muebles, movi\u00e9ndolo hacia la derecha o hacia la izquierda, o posicion\u00e1ndolo como un reposapi\u00e9s.\" \/>\n<meta property=\"og:url\" content=\"https:\/\/www.bagnoitalia.com\/es\/producto\/romantico-sofa-esquinero-con-otomana-de-205-cm-blanco-piel-ecologica-3-plazas-sala-de-estar.html\" \/>\n<meta property=\"og:site_name\" content=\"Bagno Italia\" \/>\n<meta property=\"article:modified_time\" content=\"2026-03-10T11:19:22+00:00\" \/>\n<meta property=\"og:image\" content=\"https:\/\/img.bagnoitalia.com\/wp-content\/uploads\/virtuemart\/product\/Corner-sofa-living-Romantic-1_1541698158_717-scaled.jpg\" \/>\n\t<meta property=\"og:image:width\" content=\"2560\" \/>\n\t<meta property=\"og:image:height\" content=\"2560\" \/>\n\t<meta property=\"og:image:type\" content=\"image\/jpeg\" \/>\n<meta name=\"twitter:card\" content=\"summary_large_image\" \/>\n<meta name=\"twitter:label1\" content=\"Tiempo de lectura\" \/>\n\t<meta name=\"twitter:data1\" content=\"2 minutos\" \/>\n<script type=\"application\/ld+json\" class=\"yoast-schema-graph\">{\"@context\":\"https:\/\/schema.org\",\"@graph\":[{\"@type\":\"WebPage\",\"@id\":\"https:\/\/www.bagnoitalia.com\/es\/producto\/romantico-sofa-esquinero-con-otomana-de-205-cm-blanco-piel-ecologica-3-plazas-sala-de-estar.html\",\"url\":\"https:\/\/www.bagnoitalia.com\/es\/producto\/romantico-sofa-esquinero-con-otomana-de-205-cm-blanco-piel-ecologica-3-plazas-sala-de-estar.html\",\"name\":\"Sofa Modular Romantic de Otomana de 205 cm, Cuero ecol\u00f3gico, Blanco \/ Negro, 3 puestos, Sala de estar\",\"isPartOf\":{\"@id\":\"https:\/\/www.bagnoitalia.com\/es#website\"},\"primaryImageOfPage\":{\"@id\":\"https:\/\/www.bagnoitalia.com\/es\/producto\/romantico-sofa-esquinero-con-otomana-de-205-cm-blanco-piel-ecologica-3-plazas-sala-de-estar.html#primaryimage\"},\"image\":{\"@id\":\"https:\/\/www.bagnoitalia.com\/es\/producto\/romantico-sofa-esquinero-con-otomana-de-205-cm-blanco-piel-ecologica-3-plazas-sala-de-estar.html#primaryimage\"},\"thumbnailUrl\":\"https:\/\/img.bagnoitalia.com\/wp-content\/uploads\/virtuemart\/product\/Corner-sofa-living-Romantic-1_1541698158_717-scaled.jpg\",\"datePublished\":\"2016-11-02T14:33:39+00:00\",\"dateModified\":\"2026-03-10T11:19:22+00:00\",\"description\":\"C\u00f3modo sof\u00e1 de tres puestos gracias al cual tu hogar tendr\u00e1 un toque de estilo. Disponible en blanco y negro. Fabricado completamente en piel sint\u00e9tica, tiene una chaise longue que, seg\u00fan sus necesidades, se puede dividir desde el sof\u00e1, desarrollando diferentes combinaciones de muebles, movi\u00e9ndolo hacia la derecha o hacia la izquierda, o posicion\u00e1ndolo como un reposapi\u00e9s.\",\"breadcrumb\":{\"@id\":\"https:\/\/www.bagnoitalia.com\/es\/producto\/romantico-sofa-esquinero-con-otomana-de-205-cm-blanco-piel-ecologica-3-plazas-sala-de-estar.html#breadcrumb\"},\"inLanguage\":\"es\",\"potentialAction\":[{\"@type\":\"ReadAction\",\"target\":[\"https:\/\/www.bagnoitalia.com\/es\/producto\/romantico-sofa-esquinero-con-otomana-de-205-cm-blanco-piel-ecologica-3-plazas-sala-de-estar.html\"]}]},{\"@type\":\"ImageObject\",\"inLanguage\":\"es\",\"@id\":\"https:\/\/www.bagnoitalia.com\/es\/producto\/romantico-sofa-esquinero-con-otomana-de-205-cm-blanco-piel-ecologica-3-plazas-sala-de-estar.html#primaryimage\",\"url\":\"https:\/\/img.bagnoitalia.com\/wp-content\/uploads\/virtuemart\/product\/Corner-sofa-living-Romantic-1_1541698158_717-scaled.jpg\",\"contentUrl\":\"https:\/\/img.bagnoitalia.com\/wp-content\/uploads\/virtuemart\/product\/Corner-sofa-living-Romantic-1_1541698158_717-scaled.jpg\",\"width\":2560,\"height\":2560},{\"@type\":\"BreadcrumbList\",\"@id\":\"https:\/\/www.bagnoitalia.com\/es\/producto\/romantico-sofa-esquinero-con-otomana-de-205-cm-blanco-piel-ecologica-3-plazas-sala-de-estar.html#breadcrumb\",\"itemListElement\":[{\"@type\":\"ListItem\",\"position\":1,\"name\":\"Home\",\"item\":\"https:\/\/www.bagnoitalia.com\/es\"},{\"@type\":\"ListItem\",\"position\":2,\"name\":\"Productos\",\"item\":\"https:\/\/www.bagnoitalia.com\/es\/shop\"},{\"@type\":\"ListItem\",\"position\":3,\"name\":\"Sofa Modular Romantic, de Otomana de 205 cm, Cuero ecol\u00f3gico, Blanco \/ Negro, 3 puestos, Sala de estar\"}]},{\"@type\":\"WebSite\",\"@id\":\"https:\/\/www.bagnoitalia.com\/es#website\",\"url\":\"https:\/\/www.bagnoitalia.com\/es\",\"name\":\"Bagno Italia\",\"description\":\"\",\"publisher\":{\"@id\":\"https:\/\/www.bagnoitalia.com\/es#organization\"},\"potentialAction\":[{\"@type\":\"SearchAction\",\"target\":{\"@type\":\"EntryPoint\",\"urlTemplate\":\"https:\/\/www.bagnoitalia.com\/es?s={search_term_string}\"},\"query-input\":{\"@type\":\"PropertyValueSpecification\",\"valueRequired\":true,\"valueName\":\"search_term_string\"}}],\"inLanguage\":\"es\"},{\"@type\":\"Organization\",\"@id\":\"https:\/\/www.bagnoitalia.com\/es#organization\",\"name\":\"Bagno Italia\",\"url\":\"https:\/\/www.bagnoitalia.com\/es\",\"logo\":{\"@type\":\"ImageObject\",\"inLanguage\":\"es\",\"@id\":\"https:\/\/www.bagnoitalia.com\/es#\/schema\/logo\/image\/\",\"url\":\"https:\/\/img.bagnoitalia.com\/wp-content\/uploads\/logo-bagnoitalia.webp\",\"contentUrl\":\"https:\/\/img.bagnoitalia.com\/wp-content\/uploads\/logo-bagnoitalia.webp\",\"width\":400,\"height\":70,\"caption\":\"Bagno Italia\"},\"image\":{\"@id\":\"https:\/\/www.bagnoitalia.com\/es#\/schema\/logo\/image\/\"}}]}<\/script>\n<!-- \/ Yoast SEO plugin. -->","yoast_head_json":{"title":"Sofa Modular Romantic de Otomana de 205 cm, Cuero ecol\u00f3gico, Blanco \/ Negro, 3 puestos, Sala de estar","description":"C\u00f3modo sof\u00e1 de tres puestos gracias al cual tu hogar tendr\u00e1 un toque de estilo. Disponible en blanco y negro. Fabricado completamente en piel sint\u00e9tica, tiene una chaise longue que, seg\u00fan sus necesidades, se puede dividir desde el sof\u00e1, desarrollando diferentes combinaciones de muebles, movi\u00e9ndolo hacia la derecha o hacia la izquierda, o posicion\u00e1ndolo como un reposapi\u00e9s.","robots":{"index":"index","follow":"follow","max-snippet":"max-snippet:-1","max-image-preview":"max-image-preview:large","max-video-preview":"max-video-preview:-1"},"canonical":"https:\/\/www.bagnoitalia.com\/es\/producto\/romantico-sofa-esquinero-con-otomana-de-205-cm-blanco-piel-ecologica-3-plazas-sala-de-estar.html","og_locale":"es_ES","og_type":"article","og_title":"Sofa Modular Romantic de Otomana de 205 cm, Cuero ecol\u00f3gico, Blanco \/ Negro, 3 puestos, Sala de estar","og_description":"C\u00f3modo sof\u00e1 de tres puestos gracias al cual tu hogar tendr\u00e1 un toque de estilo. Disponible en blanco y negro. Fabricado completamente en piel sint\u00e9tica, tiene una chaise longue que, seg\u00fan sus necesidades, se puede dividir desde el sof\u00e1, desarrollando diferentes combinaciones de muebles, movi\u00e9ndolo hacia la derecha o hacia la izquierda, o posicion\u00e1ndolo como un reposapi\u00e9s.","og_url":"https:\/\/www.bagnoitalia.com\/es\/producto\/romantico-sofa-esquinero-con-otomana-de-205-cm-blanco-piel-ecologica-3-plazas-sala-de-estar.html","og_site_name":"Bagno Italia","article_modified_time":"2026-03-10T11:19:22+00:00","og_image":[{"width":2560,"height":2560,"url":"https:\/\/img.bagnoitalia.com\/wp-content\/uploads\/virtuemart\/product\/Corner-sofa-living-Romantic-1_1541698158_717-scaled.jpg","type":"image\/jpeg"}],"twitter_card":"summary_large_image","twitter_misc":{"Tiempo de lectura":"2 minutos"},"schema":{"@context":"https:\/\/schema.org","@graph":[{"@type":"WebPage","@id":"https:\/\/www.bagnoitalia.com\/es\/producto\/romantico-sofa-esquinero-con-otomana-de-205-cm-blanco-piel-ecologica-3-plazas-sala-de-estar.html","url":"https:\/\/www.bagnoitalia.com\/es\/producto\/romantico-sofa-esquinero-con-otomana-de-205-cm-blanco-piel-ecologica-3-plazas-sala-de-estar.html","name":"Sofa Modular Romantic de Otomana de 205 cm, Cuero ecol\u00f3gico, Blanco \/ Negro, 3 puestos, Sala de estar","isPartOf":{"@id":"https:\/\/www.bagnoitalia.com\/es#website"},"primaryImageOfPage":{"@id":"https:\/\/www.bagnoitalia.com\/es\/producto\/romantico-sofa-esquinero-con-otomana-de-205-cm-blanco-piel-ecologica-3-plazas-sala-de-estar.html#primaryimage"},"image":{"@id":"https:\/\/www.bagnoitalia.com\/es\/producto\/romantico-sofa-esquinero-con-otomana-de-205-cm-blanco-piel-ecologica-3-plazas-sala-de-estar.html#primaryimage"},"thumbnailUrl":"https:\/\/img.bagnoitalia.com\/wp-content\/uploads\/virtuemart\/product\/Corner-sofa-living-Romantic-1_1541698158_717-scaled.jpg","datePublished":"2016-11-02T14:33:39+00:00","dateModified":"2026-03-10T11:19:22+00:00","description":"C\u00f3modo sof\u00e1 de tres puestos gracias al cual tu hogar tendr\u00e1 un toque de estilo. Disponible en blanco y negro. Fabricado completamente en piel sint\u00e9tica, tiene una chaise longue que, seg\u00fan sus necesidades, se puede dividir desde el sof\u00e1, desarrollando diferentes combinaciones de muebles, movi\u00e9ndolo hacia la derecha o hacia la izquierda, o posicion\u00e1ndolo como un reposapi\u00e9s.","breadcrumb":{"@id":"https:\/\/www.bagnoitalia.com\/es\/producto\/romantico-sofa-esquinero-con-otomana-de-205-cm-blanco-piel-ecologica-3-plazas-sala-de-estar.html#breadcrumb"},"inLanguage":"es","potentialAction":[{"@type":"ReadAction","target":["https:\/\/www.bagnoitalia.com\/es\/producto\/romantico-sofa-esquinero-con-otomana-de-205-cm-blanco-piel-ecologica-3-plazas-sala-de-estar.html"]}]},{"@type":"ImageObject","inLanguage":"es","@id":"https:\/\/www.bagnoitalia.com\/es\/producto\/romantico-sofa-esquinero-con-otomana-de-205-cm-blanco-piel-ecologica-3-plazas-sala-de-estar.html#primaryimage","url":"https:\/\/img.bagnoitalia.com\/wp-content\/uploads\/virtuemart\/product\/Corner-sofa-living-Romantic-1_1541698158_717-scaled.jpg","contentUrl":"https:\/\/img.bagnoitalia.com\/wp-content\/uploads\/virtuemart\/product\/Corner-sofa-living-Romantic-1_1541698158_717-scaled.jpg","width":2560,"height":2560},{"@type":"BreadcrumbList","@id":"https:\/\/www.bagnoitalia.com\/es\/producto\/romantico-sofa-esquinero-con-otomana-de-205-cm-blanco-piel-ecologica-3-plazas-sala-de-estar.html#breadcrumb","itemListElement":[{"@type":"ListItem","position":1,"name":"Home","item":"https:\/\/www.bagnoitalia.com\/es"},{"@type":"ListItem","position":2,"name":"Productos","item":"https:\/\/www.bagnoitalia.com\/es\/shop"},{"@type":"ListItem","position":3,"name":"Sofa Modular Romantic, de Otomana de 205 cm, Cuero ecol\u00f3gico, Blanco \/ Negro, 3 puestos, Sala de estar"}]},{"@type":"WebSite","@id":"https:\/\/www.bagnoitalia.com\/es#website","url":"https:\/\/www.bagnoitalia.com\/es","name":"Bagno Italia","description":"","publisher":{"@id":"https:\/\/www.bagnoitalia.com\/es#organization"},"potentialAction":[{"@type":"SearchAction","target":{"@type":"EntryPoint","urlTemplate":"https:\/\/www.bagnoitalia.com\/es?s={search_term_string}"},"query-input":{"@type":"PropertyValueSpecification","valueRequired":true,"valueName":"search_term_string"}}],"inLanguage":"es"},{"@type":"Organization","@id":"https:\/\/www.bagnoitalia.com\/es#organization","name":"Bagno Italia","url":"https:\/\/www.bagnoitalia.com\/es","logo":{"@type":"ImageObject","inLanguage":"es","@id":"https:\/\/www.bagnoitalia.com\/es#\/schema\/logo\/image\/","url":"https:\/\/img.bagnoitalia.com\/wp-content\/uploads\/logo-bagnoitalia.webp","contentUrl":"https:\/\/img.bagnoitalia.com\/wp-content\/uploads\/logo-bagnoitalia.webp","width":400,"height":70,"caption":"Bagno Italia"},"image":{"@id":"https:\/\/www.bagnoitalia.com\/es#\/schema\/logo\/image\/"}}]}},"_links":{"self":[{"href":"https:\/\/www.bagnoitalia.com\/es\/wp-json\/wp\/v2\/product\/80284","targetHints":{"allow":["GET"]}}],"collection":[{"href":"https:\/\/www.bagnoitalia.com\/es\/wp-json\/wp\/v2\/product"}],"about":[{"href":"https:\/\/www.bagnoitalia.com\/es\/wp-json\/wp\/v2\/types\/product"}],"replies":[{"embeddable":true,"href":"https:\/\/www.bagnoitalia.com\/es\/wp-json\/wp\/v2\/comments?post=80284"}],"version-history":[{"count":2,"href":"https:\/\/www.bagnoitalia.com\/es\/wp-json\/wp\/v2\/product\/80284\/revisions"}],"predecessor-version":[{"id":116726,"href":"https:\/\/www.bagnoitalia.com\/es\/wp-json\/wp\/v2\/product\/80284\/revisions\/116726"}],"wp:featuredmedia":[{"embeddable":true,"href":"https:\/\/www.bagnoitalia.com\/es\/wp-json\/wp\/v2\/media\/33394"}],"wp:attachment":[{"href":"https:\/\/www.bagnoitalia.com\/es\/wp-json\/wp\/v2\/media?parent=80284"}],"wp:term":[{"taxonomy":"product_brand","embeddable":true,"href":"https:\/\/www.bagnoitalia.com\/es\/wp-json\/wp\/v2\/product_brand?post=80284"},{"taxonomy":"product_cat","embeddable":true,"href":"https:\/\/www.bagnoitalia.com\/es\/wp-json\/wp\/v2\/product_cat?post=80284"},{"taxonomy":"product_tag","embeddable":true,"href":"https:\/\/www.bagnoitalia.com\/es\/wp-json\/wp\/v2\/product_tag?post=80284"}],"curies":[{"name":"wp","href":"https:\/\/api.w.org\/{rel}","templated":true}]}}