{"id":80280,"date":"2016-11-02T14:43:11","date_gmt":"2016-11-02T13:43:11","guid":{"rendered":"https:\/\/www.bagnoitalia.com\/product\/puf-de-cama-individual-venezia-con-colchon-72x45x73-en-estructura-de-acero-negro-microfibra-blanco-rojo"},"modified":"2025-05-13T16:05:04","modified_gmt":"2025-05-13T14:05:04","slug":"puf-de-cama-individual-venezia-con-colchon-72x45x73-en-estructura-de-acero-negro-microfibra-blanco-rojo","status":"publish","type":"product","link":"https:\/\/www.bagnoitalia.com\/es\/producto\/puf-de-cama-individual-venezia-con-colchon-72x45x73-en-estructura-de-acero-negro-microfibra-blanco-rojo.html","title":{"rendered":"Puf Cama Venezia Individual con colch\u00f3n 72x45x73 en microfibra, Blanco, Rojo o Negro Estructura de acero"},"content":{"rendered":"<p>&nbsp;<\/p>\n<p>&nbsp;<\/p>\n<p><img fetchpriority=\"high\" decoding=\"async\" class=\" alignleft size-full wp-image-33382\" style=\"margin-right: 10px; float: left;\" src=\"https:\/\/img.bagnoitalia.com\/wp-content\/uploads\/pouff-letto-singolo-bianco-arredamento.jpg\" alt=\"Pouff muebles de cama blanca individual\" width=\"340\" height=\"260\" \/><\/p>\n<p><span style=\"font-size: 12pt;\"><span style=\"font-family: 'Arial Unicode MS', sans-serif;\">La cama pouf <strong>Venezia<\/strong> tiene un dise\u00f1o moderno, pero se ajusta perfectamente<\/span> <span style=\"font-family: 'Arial Unicode MS', sans-serif;\">incluso en los entornos m\u00e1s cl\u00e1sicos,<\/span> <span style=\"font-family: 'Arial Unicode MS', sans-serif;\">de hecho, se distingue por su dise\u00f1o innovador mejorado por la simplicidad de las formas.<\/span><\/span><\/p>\n<p><span style=\"font-size: 12pt;\"><span style=\"font-family: 'Arial Unicode MS', sans-serif;\">Hecho en 3 colores (blanco, negro y rojo) tiene relleno<\/span> <span style=\"text-decoration: underline;\">de espuma<\/span>\u00a0p<span style=\"text-decoration: underline;\">oliuretano<\/span> <span style=\"font-family: 'Arial Unicode MS', sans-serif;\">\u00a0\u00a0<\/span> <span style=\"font-family: 'Arial Unicode MS', sans-serif;\">Ecol\u00f3gico con densidad diferenciada, cubierto por una capa de dacron que marca la diferencia de<\/span> <span style=\"font-family: 'Arial Unicode MS', sans-serif;\">confort en el asiento.<\/span><\/span><\/p>\n<p><span style=\"font-size: 12pt;\"><span style=\"font-family: 'Arial Unicode MS', sans-serif;\">Combina estilo con eficiencia, hecho completamente de<\/span> <span style=\"text-decoration: underline;\">microfibra<\/span> <span style=\"font-family: 'Arial Unicode MS', sans-serif;\">, le permitir\u00e1 pasar de un asiento c\u00f3modo a una cama a un cuadrado, gracias a un mecanismo simple y r\u00e1pido.<\/span><\/span><\/p>\n<p><img decoding=\"async\" class=\" alignright size-full wp-image-33386\" style=\"margin-left: 10px; float: right;\" src=\"https:\/\/img.bagnoitalia.com\/wp-content\/uploads\/pouff-letto-singolo-bianco-chiuso.jpg\" alt=\"puff cama individual blanca cerrada\" width=\"367\" height=\"367\" srcset=\"https:\/\/img.bagnoitalia.com\/wp-content\/uploads\/pouff-letto-singolo-bianco-chiuso.jpg 1500w, https:\/\/img.bagnoitalia.com\/wp-content\/uploads\/pouff-letto-singolo-bianco-chiuso-768x768.jpg 768w, https:\/\/img.bagnoitalia.com\/wp-content\/uploads\/pouff-letto-singolo-bianco-chiuso-990x990.jpg 990w, https:\/\/img.bagnoitalia.com\/wp-content\/uploads\/pouff-letto-singolo-bianco-chiuso-441x441.jpg 441w, https:\/\/img.bagnoitalia.com\/wp-content\/uploads\/pouff-letto-singolo-bianco-chiuso-100x100.jpg 100w, https:\/\/img.bagnoitalia.com\/wp-content\/uploads\/pouff-letto-singolo-bianco-chiuso-600x600.jpg 600w, https:\/\/img.bagnoitalia.com\/wp-content\/uploads\/pouff-letto-singolo-bianco-chiuso-150x150.jpg 150w\" sizes=\"(max-width: 367px) 100vw, 367px\" \/><\/p>\n<p><span style=\"font-size: 12pt;\"><strong style=\"font-family: 'Arial Unicode MS', sans-serif; font-size: 12pt;\">CARACTER\u00cdSTICAS<\/strong><\/span><\/p>\n<ul>\n<li>\n<p style=\"margin-bottom: 0cm;\"><span style=\"color: #000000; font-size: 12pt;\"><span style=\"font-family: 'Arial Unicode MS', sans-serif;\">Longitud cerrada: 72cm<\/span><\/span><\/p>\n<\/li>\n<li>\n<p style=\"margin-bottom: 0cm; line-height: 0.71cm;\"><span style=\"color: #000000; font-size: 12pt;\"><span style=\"font-family: 'Arial Unicode MS', sans-serif;\">Longitud abierta: 202cm<\/span><\/span><\/p>\n<\/li>\n<li>\n<p style=\"margin-bottom: 0cm; line-height: 0.71cm;\"><span style=\"color: #000000; font-size: 12pt;\"><span style=\"font-family: 'Arial Unicode MS', sans-serif;\">Altura: 45 cm.<\/span><\/span><\/p>\n<\/li>\n<li>\n<p style=\"margin-bottom: 0cm; line-height: 0.71cm;\"><span style=\"color: #000000; font-size: 12pt;\"><span style=\"font-family: 'Arial Unicode MS', sans-serif;\">Profundidad: 73 cm.<\/span><\/span><\/p>\n<\/li>\n<\/ul>\n<p>&nbsp;<\/p>\n<p style=\"margin-bottom: 0cm;\"><span style=\"font-family: 'Arial Unicode MS', sans-serif; font-size: 12pt;\"><span style=\"text-decoration: underline;\"><strong>MATERIALES<\/strong><\/span><\/span><\/p>\n<ul>\n<li>\n<p style=\"margin-bottom: 0cm;\"><span style=\"color: #000000; font-size: 12pt;\"><span style=\"font-family: 'Arial Unicode MS', sans-serif;\">Estructura: en acero.<\/span><\/span><\/p>\n<\/li>\n<li>\n<p style=\"margin-bottom: 0cm; line-height: 0.71cm;\"><span style=\"color: #000000; font-size: 12pt;\"><span style=\"font-family: 'Arial Unicode MS', sans-serif;\">Asiento: microfibra<\/span><\/span><\/p>\n<\/li>\n<li>\n<p style=\"margin-bottom: 0cm; line-height: 0.71cm;\"><span style=\"color: #000000; font-size: 12pt;\"><span style=\"font-family: 'Arial Unicode MS', sans-serif;\">Asiento y respaldo: espuma de poliuretano.<\/span><\/span><\/p>\n<\/li>\n<\/ul>\n<p>&nbsp;<\/p>\n","protected":false},"excerpt":{"rendered":"<p>La cama pouf Venezia tiene un dise\u00f1o moderno, pero se ajusta perfectamente incluso en los entornos m\u00e1s cl\u00e1sicos, de hecho, se distingue por su dise\u00f1o innovador mejorado por la simplicidad de las formas. Hecho en 3 colores (blanco, negro y rojo) tiene un relleno de poliuretano<\/p>\n","protected":false},"featured_media":33344,"comment_status":"open","ping_status":"closed","template":"","meta":[],"product_brand":[5021],"product_cat":[9797],"product_tag":[],"class_list":{"0":"post-80280","1":"product","2":"type-product","3":"status-publish","4":"has-post-thumbnail","6":"product_brand-predator-arredo-casa","7":"product_cat-sofa-cama-muebles-de-interior","9":"first","10":"instock","11":"sale","12":"taxable","13":"shipping-taxable","14":"purchasable","15":"product-type-simple"},"exclude_global_add_ons":false,"addons":[{"name":"color","type":"multiple_choice","position":0,"required":true,"title_format":"heading","default":"","description_enable":false,"description":"","placeholder_enable":false,"placeholder":"","display":"select","restrictions_type":"any_text","adjust_price":false,"price":"","price_type":"flat_fee","restrictions":false,"min":"0","max":"0","options":[{"label":"blanco","price":"","price_type":"quantity_based","image":0,"visibility":true},{"label":"Negro (con colch\u00f3n blanco)","price":"","price_type":"quantity_based","image":0,"visibility":true},{"label":"(No disponible) rojo","price":"","price_type":"quantity_based","image":0,"visibility":true}],"id":1715955576}],"yoast_head":"<!-- This site is optimized with the Yoast SEO plugin v26.7 - https:\/\/yoast.com\/wordpress\/plugins\/seo\/ -->\n<title>Puf Cama Venezia Individual con colch\u00f3n 72x45x73 en microfibra, Blanco, Rojo o Negro Estructura de acero<\/title>\n<meta name=\"description\" content=\"La cama pouf Venezia tiene un dise\u00f1o moderno, pero se ajusta perfectamente incluso en los entornos m\u00e1s cl\u00e1sicos, de hecho, se distingue por su dise\u00f1o innovador mejorado por la simplicidad de las formas.\" \/>\n<meta name=\"robots\" content=\"index, follow, max-snippet:-1, max-image-preview:large, max-video-preview:-1\" \/>\n<link rel=\"canonical\" href=\"https:\/\/www.bagnoitalia.com\/es\/producto\/puf-de-cama-individual-venezia-con-colchon-72x45x73-en-estructura-de-acero-negro-microfibra-blanco-rojo.html\" \/>\n<meta property=\"og:locale\" content=\"es_ES\" \/>\n<meta property=\"og:type\" content=\"article\" \/>\n<meta property=\"og:title\" content=\"Puf Cama Venezia Individual con colch\u00f3n 72x45x73 en microfibra, Blanco, Rojo o Negro Estructura de acero\" \/>\n<meta property=\"og:description\" content=\"La cama pouf Venezia tiene un dise\u00f1o moderno, pero se ajusta perfectamente incluso en los entornos m\u00e1s cl\u00e1sicos, de hecho, se distingue por su dise\u00f1o innovador mejorado por la simplicidad de las formas.\" \/>\n<meta property=\"og:url\" content=\"https:\/\/www.bagnoitalia.com\/es\/producto\/puf-de-cama-individual-venezia-con-colchon-72x45x73-en-estructura-de-acero-negro-microfibra-blanco-rojo.html\" \/>\n<meta property=\"og:site_name\" content=\"Bagno Italia\" \/>\n<meta property=\"article:modified_time\" content=\"2025-05-13T14:05:04+00:00\" \/>\n<meta property=\"og:image\" content=\"https:\/\/img.bagnoitalia.com\/wp-content\/uploads\/virtuemart\/product\/Single-pouf-bed-Venezia-1_1541770370_735.jpg\" \/>\n\t<meta property=\"og:image:width\" content=\"600\" \/>\n\t<meta property=\"og:image:height\" content=\"600\" \/>\n\t<meta property=\"og:image:type\" content=\"image\/jpeg\" \/>\n<meta name=\"twitter:card\" content=\"summary_large_image\" \/>\n<meta name=\"twitter:label1\" content=\"Tiempo de lectura\" \/>\n\t<meta name=\"twitter:data1\" content=\"2 minutos\" \/>\n<script type=\"application\/ld+json\" class=\"yoast-schema-graph\">{\"@context\":\"https:\/\/schema.org\",\"@graph\":[{\"@type\":\"WebPage\",\"@id\":\"https:\/\/www.bagnoitalia.com\/es\/producto\/puf-de-cama-individual-venezia-con-colchon-72x45x73-en-estructura-de-acero-negro-microfibra-blanco-rojo.html\",\"url\":\"https:\/\/www.bagnoitalia.com\/es\/producto\/puf-de-cama-individual-venezia-con-colchon-72x45x73-en-estructura-de-acero-negro-microfibra-blanco-rojo.html\",\"name\":\"Puf Cama Venezia Individual con colch\u00f3n 72x45x73 en microfibra, Blanco, Rojo o Negro Estructura de acero\",\"isPartOf\":{\"@id\":\"https:\/\/www.bagnoitalia.com\/es#website\"},\"primaryImageOfPage\":{\"@id\":\"https:\/\/www.bagnoitalia.com\/es\/producto\/puf-de-cama-individual-venezia-con-colchon-72x45x73-en-estructura-de-acero-negro-microfibra-blanco-rojo.html#primaryimage\"},\"image\":{\"@id\":\"https:\/\/www.bagnoitalia.com\/es\/producto\/puf-de-cama-individual-venezia-con-colchon-72x45x73-en-estructura-de-acero-negro-microfibra-blanco-rojo.html#primaryimage\"},\"thumbnailUrl\":\"https:\/\/img.bagnoitalia.com\/wp-content\/uploads\/virtuemart\/product\/Single-pouf-bed-Venezia-1_1541770370_735.jpg\",\"datePublished\":\"2016-11-02T13:43:11+00:00\",\"dateModified\":\"2025-05-13T14:05:04+00:00\",\"description\":\"La cama pouf Venezia tiene un dise\u00f1o moderno, pero se ajusta perfectamente incluso en los entornos m\u00e1s cl\u00e1sicos, de hecho, se distingue por su dise\u00f1o innovador mejorado por la simplicidad de las formas.\",\"breadcrumb\":{\"@id\":\"https:\/\/www.bagnoitalia.com\/es\/producto\/puf-de-cama-individual-venezia-con-colchon-72x45x73-en-estructura-de-acero-negro-microfibra-blanco-rojo.html#breadcrumb\"},\"inLanguage\":\"es\",\"potentialAction\":[{\"@type\":\"ReadAction\",\"target\":[\"https:\/\/www.bagnoitalia.com\/es\/producto\/puf-de-cama-individual-venezia-con-colchon-72x45x73-en-estructura-de-acero-negro-microfibra-blanco-rojo.html\"]}]},{\"@type\":\"ImageObject\",\"inLanguage\":\"es\",\"@id\":\"https:\/\/www.bagnoitalia.com\/es\/producto\/puf-de-cama-individual-venezia-con-colchon-72x45x73-en-estructura-de-acero-negro-microfibra-blanco-rojo.html#primaryimage\",\"url\":\"https:\/\/img.bagnoitalia.com\/wp-content\/uploads\/virtuemart\/product\/Single-pouf-bed-Venezia-1_1541770370_735.jpg\",\"contentUrl\":\"https:\/\/img.bagnoitalia.com\/wp-content\/uploads\/virtuemart\/product\/Single-pouf-bed-Venezia-1_1541770370_735.jpg\",\"width\":600,\"height\":600},{\"@type\":\"BreadcrumbList\",\"@id\":\"https:\/\/www.bagnoitalia.com\/es\/producto\/puf-de-cama-individual-venezia-con-colchon-72x45x73-en-estructura-de-acero-negro-microfibra-blanco-rojo.html#breadcrumb\",\"itemListElement\":[{\"@type\":\"ListItem\",\"position\":1,\"name\":\"Home\",\"item\":\"https:\/\/www.bagnoitalia.com\/es\"},{\"@type\":\"ListItem\",\"position\":2,\"name\":\"Productos\",\"item\":\"https:\/\/www.bagnoitalia.com\/es\/shop\"},{\"@type\":\"ListItem\",\"position\":3,\"name\":\"Puf Cama Venezia Individual con colch\u00f3n 72x45x73 en microfibra, Blanco, Rojo o Negro Estructura de acero\"}]},{\"@type\":\"WebSite\",\"@id\":\"https:\/\/www.bagnoitalia.com\/es#website\",\"url\":\"https:\/\/www.bagnoitalia.com\/es\",\"name\":\"Bagno Italia\",\"description\":\"\",\"publisher\":{\"@id\":\"https:\/\/www.bagnoitalia.com\/es#organization\"},\"potentialAction\":[{\"@type\":\"SearchAction\",\"target\":{\"@type\":\"EntryPoint\",\"urlTemplate\":\"https:\/\/www.bagnoitalia.com\/es?s={search_term_string}\"},\"query-input\":{\"@type\":\"PropertyValueSpecification\",\"valueRequired\":true,\"valueName\":\"search_term_string\"}}],\"inLanguage\":\"es\"},{\"@type\":\"Organization\",\"@id\":\"https:\/\/www.bagnoitalia.com\/es#organization\",\"name\":\"Bagno Italia\",\"url\":\"https:\/\/www.bagnoitalia.com\/es\",\"logo\":{\"@type\":\"ImageObject\",\"inLanguage\":\"es\",\"@id\":\"https:\/\/www.bagnoitalia.com\/es#\/schema\/logo\/image\/\",\"url\":\"https:\/\/img.bagnoitalia.com\/wp-content\/uploads\/logo-bagnoitalia.webp\",\"contentUrl\":\"https:\/\/img.bagnoitalia.com\/wp-content\/uploads\/logo-bagnoitalia.webp\",\"width\":400,\"height\":70,\"caption\":\"Bagno Italia\"},\"image\":{\"@id\":\"https:\/\/www.bagnoitalia.com\/es#\/schema\/logo\/image\/\"}}]}<\/script>\n<!-- \/ Yoast SEO plugin. -->","yoast_head_json":{"title":"Puf Cama Venezia Individual con colch\u00f3n 72x45x73 en microfibra, Blanco, Rojo o Negro Estructura de acero","description":"La cama pouf Venezia tiene un dise\u00f1o moderno, pero se ajusta perfectamente incluso en los entornos m\u00e1s cl\u00e1sicos, de hecho, se distingue por su dise\u00f1o innovador mejorado por la simplicidad de las formas.","robots":{"index":"index","follow":"follow","max-snippet":"max-snippet:-1","max-image-preview":"max-image-preview:large","max-video-preview":"max-video-preview:-1"},"canonical":"https:\/\/www.bagnoitalia.com\/es\/producto\/puf-de-cama-individual-venezia-con-colchon-72x45x73-en-estructura-de-acero-negro-microfibra-blanco-rojo.html","og_locale":"es_ES","og_type":"article","og_title":"Puf Cama Venezia Individual con colch\u00f3n 72x45x73 en microfibra, Blanco, Rojo o Negro Estructura de acero","og_description":"La cama pouf Venezia tiene un dise\u00f1o moderno, pero se ajusta perfectamente incluso en los entornos m\u00e1s cl\u00e1sicos, de hecho, se distingue por su dise\u00f1o innovador mejorado por la simplicidad de las formas.","og_url":"https:\/\/www.bagnoitalia.com\/es\/producto\/puf-de-cama-individual-venezia-con-colchon-72x45x73-en-estructura-de-acero-negro-microfibra-blanco-rojo.html","og_site_name":"Bagno Italia","article_modified_time":"2025-05-13T14:05:04+00:00","og_image":[{"width":600,"height":600,"url":"https:\/\/img.bagnoitalia.com\/wp-content\/uploads\/virtuemart\/product\/Single-pouf-bed-Venezia-1_1541770370_735.jpg","type":"image\/jpeg"}],"twitter_card":"summary_large_image","twitter_misc":{"Tiempo de lectura":"2 minutos"},"schema":{"@context":"https:\/\/schema.org","@graph":[{"@type":"WebPage","@id":"https:\/\/www.bagnoitalia.com\/es\/producto\/puf-de-cama-individual-venezia-con-colchon-72x45x73-en-estructura-de-acero-negro-microfibra-blanco-rojo.html","url":"https:\/\/www.bagnoitalia.com\/es\/producto\/puf-de-cama-individual-venezia-con-colchon-72x45x73-en-estructura-de-acero-negro-microfibra-blanco-rojo.html","name":"Puf Cama Venezia Individual con colch\u00f3n 72x45x73 en microfibra, Blanco, Rojo o Negro Estructura de acero","isPartOf":{"@id":"https:\/\/www.bagnoitalia.com\/es#website"},"primaryImageOfPage":{"@id":"https:\/\/www.bagnoitalia.com\/es\/producto\/puf-de-cama-individual-venezia-con-colchon-72x45x73-en-estructura-de-acero-negro-microfibra-blanco-rojo.html#primaryimage"},"image":{"@id":"https:\/\/www.bagnoitalia.com\/es\/producto\/puf-de-cama-individual-venezia-con-colchon-72x45x73-en-estructura-de-acero-negro-microfibra-blanco-rojo.html#primaryimage"},"thumbnailUrl":"https:\/\/img.bagnoitalia.com\/wp-content\/uploads\/virtuemart\/product\/Single-pouf-bed-Venezia-1_1541770370_735.jpg","datePublished":"2016-11-02T13:43:11+00:00","dateModified":"2025-05-13T14:05:04+00:00","description":"La cama pouf Venezia tiene un dise\u00f1o moderno, pero se ajusta perfectamente incluso en los entornos m\u00e1s cl\u00e1sicos, de hecho, se distingue por su dise\u00f1o innovador mejorado por la simplicidad de las formas.","breadcrumb":{"@id":"https:\/\/www.bagnoitalia.com\/es\/producto\/puf-de-cama-individual-venezia-con-colchon-72x45x73-en-estructura-de-acero-negro-microfibra-blanco-rojo.html#breadcrumb"},"inLanguage":"es","potentialAction":[{"@type":"ReadAction","target":["https:\/\/www.bagnoitalia.com\/es\/producto\/puf-de-cama-individual-venezia-con-colchon-72x45x73-en-estructura-de-acero-negro-microfibra-blanco-rojo.html"]}]},{"@type":"ImageObject","inLanguage":"es","@id":"https:\/\/www.bagnoitalia.com\/es\/producto\/puf-de-cama-individual-venezia-con-colchon-72x45x73-en-estructura-de-acero-negro-microfibra-blanco-rojo.html#primaryimage","url":"https:\/\/img.bagnoitalia.com\/wp-content\/uploads\/virtuemart\/product\/Single-pouf-bed-Venezia-1_1541770370_735.jpg","contentUrl":"https:\/\/img.bagnoitalia.com\/wp-content\/uploads\/virtuemart\/product\/Single-pouf-bed-Venezia-1_1541770370_735.jpg","width":600,"height":600},{"@type":"BreadcrumbList","@id":"https:\/\/www.bagnoitalia.com\/es\/producto\/puf-de-cama-individual-venezia-con-colchon-72x45x73-en-estructura-de-acero-negro-microfibra-blanco-rojo.html#breadcrumb","itemListElement":[{"@type":"ListItem","position":1,"name":"Home","item":"https:\/\/www.bagnoitalia.com\/es"},{"@type":"ListItem","position":2,"name":"Productos","item":"https:\/\/www.bagnoitalia.com\/es\/shop"},{"@type":"ListItem","position":3,"name":"Puf Cama Venezia Individual con colch\u00f3n 72x45x73 en microfibra, Blanco, Rojo o Negro Estructura de acero"}]},{"@type":"WebSite","@id":"https:\/\/www.bagnoitalia.com\/es#website","url":"https:\/\/www.bagnoitalia.com\/es","name":"Bagno Italia","description":"","publisher":{"@id":"https:\/\/www.bagnoitalia.com\/es#organization"},"potentialAction":[{"@type":"SearchAction","target":{"@type":"EntryPoint","urlTemplate":"https:\/\/www.bagnoitalia.com\/es?s={search_term_string}"},"query-input":{"@type":"PropertyValueSpecification","valueRequired":true,"valueName":"search_term_string"}}],"inLanguage":"es"},{"@type":"Organization","@id":"https:\/\/www.bagnoitalia.com\/es#organization","name":"Bagno Italia","url":"https:\/\/www.bagnoitalia.com\/es","logo":{"@type":"ImageObject","inLanguage":"es","@id":"https:\/\/www.bagnoitalia.com\/es#\/schema\/logo\/image\/","url":"https:\/\/img.bagnoitalia.com\/wp-content\/uploads\/logo-bagnoitalia.webp","contentUrl":"https:\/\/img.bagnoitalia.com\/wp-content\/uploads\/logo-bagnoitalia.webp","width":400,"height":70,"caption":"Bagno Italia"},"image":{"@id":"https:\/\/www.bagnoitalia.com\/es#\/schema\/logo\/image\/"}}]}},"_links":{"self":[{"href":"https:\/\/www.bagnoitalia.com\/es\/wp-json\/wp\/v2\/product\/80280","targetHints":{"allow":["GET"]}}],"collection":[{"href":"https:\/\/www.bagnoitalia.com\/es\/wp-json\/wp\/v2\/product"}],"about":[{"href":"https:\/\/www.bagnoitalia.com\/es\/wp-json\/wp\/v2\/types\/product"}],"replies":[{"embeddable":true,"href":"https:\/\/www.bagnoitalia.com\/es\/wp-json\/wp\/v2\/comments?post=80280"}],"version-history":[{"count":1,"href":"https:\/\/www.bagnoitalia.com\/es\/wp-json\/wp\/v2\/product\/80280\/revisions"}],"predecessor-version":[{"id":86763,"href":"https:\/\/www.bagnoitalia.com\/es\/wp-json\/wp\/v2\/product\/80280\/revisions\/86763"}],"wp:featuredmedia":[{"embeddable":true,"href":"https:\/\/www.bagnoitalia.com\/es\/wp-json\/wp\/v2\/media\/33344"}],"wp:attachment":[{"href":"https:\/\/www.bagnoitalia.com\/es\/wp-json\/wp\/v2\/media?parent=80280"}],"wp:term":[{"taxonomy":"product_brand","embeddable":true,"href":"https:\/\/www.bagnoitalia.com\/es\/wp-json\/wp\/v2\/product_brand?post=80280"},{"taxonomy":"product_cat","embeddable":true,"href":"https:\/\/www.bagnoitalia.com\/es\/wp-json\/wp\/v2\/product_cat?post=80280"},{"taxonomy":"product_tag","embeddable":true,"href":"https:\/\/www.bagnoitalia.com\/es\/wp-json\/wp\/v2\/product_tag?post=80280"}],"curies":[{"name":"wp","href":"https:\/\/api.w.org\/{rel}","templated":true}]}}