{"id":80240,"date":"2016-10-11T09:05:42","date_gmt":"2016-10-11T07:05:42","guid":{"rendered":"https:\/\/www.bagnoitalia.com\/product\/arbol-ecologico-pino-verde-sintetico-con-base-de-apoyo-en-diferentes-tamanos-y-modelos-arboles"},"modified":"2024-05-23T15:37:33","modified_gmt":"2024-05-23T13:37:33","slug":"arbol-ecologico-pino-verde-sintetico-con-base-de-apoyo-en-diferentes-tamanos-y-modelos-arboles","status":"publish","type":"product","link":"https:\/\/www.bagnoitalia.com\/es\/producto\/arbol-ecologico-pino-verde-sintetico-con-base-de-apoyo-en-diferentes-tamanos-y-modelos-arboles.html","title":{"rendered":"\u00c1rbol de Navidad Ecol\u00f3gico, Sint\u00e9tico, Pino verde con base de apoyo, \u00c1rboles en diferentes tama\u00f1os y modelos."},"content":{"rendered":"<p><span style=\"text-decoration: underline;\"><strong><span style=\"font-size: 12pt;\">\u00c1rbol de NAVIDAD ecol\u00f3gico pino verde sint\u00e9tico con base de apoyo en diferentes tama\u00f1os y modelos<\/span><\/strong><\/span><\/p>\n<ul>\n<li><span style=\"font-size: 14pt; font-family: andale mono,times; color: #000000;\"><span class=\"nomeprod\">Excelente calidad de los materiales utilizados, estilo moderno y elegante.<\/span><\/span><\/li>\n<li><span style=\"font-size: 14pt; font-family: andale mono,times; color: #000000;\"><span class=\"nomeprod\">Equipado con una base de pl\u00e1stico o hierro.<br \/>\n<\/span><\/span><\/li>\n<li><span style=\"font-size: 14pt; font-family: andale mono,times; color: #000000;\"><span class=\"nomeprod\">Ligero y f\u00e1cil de almacenar incluso en espacios reducidos<\/span><\/span><\/li>\n<li><span style=\"font-size: 14pt; font-family: andale mono,times; color: #000000;\"><span class=\"nomeprod\">Ramas abundantes y gruesas<\/span><\/span><\/li>\n<li><span style=\"font-size: 14pt; font-family: andale mono,times; color: #000000;\"><span class=\"nomeprod\">Materiales ign\u00edfugos y no t\u00f3xicos, certificado CE<\/span><\/span><\/li>\n<\/ul>\n<p>_____________________________________________________________________________________________<\/p>\n<p><span style=\"text-decoration: underline;\"><span style=\"font-size: 12pt;\"><strong>\u00c1rbol de navidad 210 cm con 1500 ramas sint\u00e9ticas pino verde modelo ALB01<\/strong><\/span><\/span><\/p>\n<p><img fetchpriority=\"high\" decoding=\"async\" class=\" size-full wp-image-33027\" src=\"https:\/\/img.bagnoitalia.com\/wp-content\/uploads\/albero-natale-210-cm.jpg\" alt=\"\" width=\"535\" height=\"392\" srcset=\"https:\/\/img.bagnoitalia.com\/wp-content\/uploads\/albero-natale-210-cm.jpg 600w, https:\/\/img.bagnoitalia.com\/wp-content\/uploads\/albero-natale-210-cm-441x323.jpg 441w, https:\/\/img.bagnoitalia.com\/wp-content\/uploads\/albero-natale-210-cm-150x110.jpg 150w\" sizes=\"(max-width: 535px) 100vw, 535px\" \/><\/p>\n<p>__________________________________________________________________________________________________<\/p>\n<p><span style=\"text-decoration: underline;\"><span style=\"font-size: 12pt;\"><strong>\u00c1rbol de Navidad de 240 cm con 1032 ramas sint\u00e9ticas de pino verde modelo ALB02<\/strong><\/span><\/span><\/p>\n<p><img decoding=\"async\" class=\" size-full wp-image-33031\" src=\"https:\/\/img.bagnoitalia.com\/wp-content\/uploads\/albero-di-natale-240-cm-artificiale-pino-addobbo-1032-rami-per-interni-ALB05.jpg\" alt=\"\" width=\"540\" height=\"395\" srcset=\"https:\/\/img.bagnoitalia.com\/wp-content\/uploads\/albero-di-natale-240-cm-artificiale-pino-addobbo-1032-rami-per-interni-ALB05.jpg 600w, https:\/\/img.bagnoitalia.com\/wp-content\/uploads\/albero-di-natale-240-cm-artificiale-pino-addobbo-1032-rami-per-interni-ALB05-441x323.jpg 441w, https:\/\/img.bagnoitalia.com\/wp-content\/uploads\/albero-di-natale-240-cm-artificiale-pino-addobbo-1032-rami-per-interni-ALB05-150x110.jpg 150w\" sizes=\"(max-width: 540px) 100vw, 540px\" \/><\/p>\n<p>__________________________________________________________________________________________________________<\/p>\n<p><span style=\"text-decoration: underline;\"><span style=\"font-size: 12pt;\"><strong>\u00c1rbol de Navidad de 240 cm con 2200 ramas sint\u00e9ticas de pino verde modelo ALB03 (base de hierro)<br \/>\n<\/strong><\/span><\/span><\/p>\n<p><img decoding=\"async\" class=\" size-full wp-image-33035\" src=\"https:\/\/img.bagnoitalia.com\/wp-content\/uploads\/albero-di-natale-240-cm-artificiale-pino-addobbo-2200-rami-sintetici-per-interno-ecologico-ALB09.jpg\" alt=\"\" width=\"543\" height=\"398\" srcset=\"https:\/\/img.bagnoitalia.com\/wp-content\/uploads\/albero-di-natale-240-cm-artificiale-pino-addobbo-2200-rami-sintetici-per-interno-ecologico-ALB09.jpg 600w, https:\/\/img.bagnoitalia.com\/wp-content\/uploads\/albero-di-natale-240-cm-artificiale-pino-addobbo-2200-rami-sintetici-per-interno-ecologico-ALB09-441x323.jpg 441w, https:\/\/img.bagnoitalia.com\/wp-content\/uploads\/albero-di-natale-240-cm-artificiale-pino-addobbo-2200-rami-sintetici-per-interno-ecologico-ALB09-150x110.jpg 150w\" sizes=\"(max-width: 543px) 100vw, 543px\" \/><\/p>\n<p>_____________________________________________________________________________________________________________________<\/p>\n<p><span style=\"text-decoration: underline;\"><span style=\"font-size: 12pt;\"><strong>\u00c1rbol de Navidad de 270 cm con 2000 ramas sint\u00e9ticas pino verde modelo ALB04 (base de hierro)<br \/>\n<\/strong><\/span><\/span><\/p>\n<p><img loading=\"lazy\" decoding=\"async\" class=\" size-full wp-image-33039\" src=\"https:\/\/img.bagnoitalia.com\/wp-content\/uploads\/albero-di-natale-270-cm-artificiale-pino-addobbo-sintetico-con-treppiedi-verde-ALB010.jpg\" alt=\"\" width=\"543\" height=\"447\" srcset=\"https:\/\/img.bagnoitalia.com\/wp-content\/uploads\/albero-di-natale-270-cm-artificiale-pino-addobbo-sintetico-con-treppiedi-verde-ALB010.jpg 800w, https:\/\/img.bagnoitalia.com\/wp-content\/uploads\/albero-di-natale-270-cm-artificiale-pino-addobbo-sintetico-con-treppiedi-verde-ALB010-768x634.jpg 768w, https:\/\/img.bagnoitalia.com\/wp-content\/uploads\/albero-di-natale-270-cm-artificiale-pino-addobbo-sintetico-con-treppiedi-verde-ALB010-441x364.jpg 441w, https:\/\/img.bagnoitalia.com\/wp-content\/uploads\/albero-di-natale-270-cm-artificiale-pino-addobbo-sintetico-con-treppiedi-verde-ALB010-600x495.jpg 600w, https:\/\/img.bagnoitalia.com\/wp-content\/uploads\/albero-di-natale-270-cm-artificiale-pino-addobbo-sintetico-con-treppiedi-verde-ALB010-150x124.jpg 150w\" sizes=\"(max-width: 543px) 100vw, 543px\" \/><\/p>\n<p>_________________________________________________________________________________________________________________<\/p>\n<p><span style=\"text-decoration: underline;\"><span style=\"font-size: 12pt;\"><strong>\u00a0<\/strong><\/span><\/span><\/p>\n","protected":false},"excerpt":{"rendered":"<p>\u00c1rbol de Navidad Ecol\u00f3gico, Sint\u00e9tico, Pino verde con base de apoyo, \u00c1rboles en diferentes tama\u00f1os y modelos.<\/p>\n","protected":false},"featured_media":32982,"comment_status":"open","ping_status":"closed","template":"","meta":[],"product_brand":[5021],"product_cat":[9789],"product_tag":[],"class_list":{"0":"post-80240","1":"product","2":"type-product","3":"status-publish","4":"has-post-thumbnail","6":"product_brand-predator-arredo-casa","7":"product_cat-muebles-varios-muebles-de-interior","9":"first","10":"instock","11":"sale","12":"taxable","13":"shipping-taxable","14":"purchasable","15":"product-type-simple"},"exclude_global_add_ons":false,"addons":[{"name":"Tipo","type":"multiple_choice","position":0,"required":true,"title_format":"heading","default":"","description_enable":false,"description":"","placeholder_enable":false,"placeholder":"","display":"select","restrictions_type":"any_text","adjust_price":false,"price":"","price_type":"flat_fee","restrictions":false,"min":"0","max":"0","options":[{"label":"180 cm con 742 ramas","price":"","price_type":"quantity_based","image":0,"visibility":true},{"label":"180 cm con 1200 ramas","price":"9","price_type":"quantity_based","image":0,"visibility":true},{"label":"210 cm con 974 ramas","price":"19","price_type":"quantity_based","image":0,"visibility":true},{"label":"210 cm con 1500 ramas","price":"29","price_type":"quantity_based","image":0,"visibility":true},{"label":"240 cm con 1032 ramas","price":"","price_type":"quantity_based","image":0,"visibility":true},{"label":"240 cm con 2200 ramas","price":"82","price_type":"quantity_based","image":0,"visibility":true},{"label":"270 cm con 2000 ramas","price":"81","price_type":"quantity_based","image":0,"visibility":true},{"label":"300 cm con 2800 ramas","price":"129","price_type":"quantity_based","image":0,"visibility":true}],"id":1716478654}],"yoast_head":"<!-- This site is optimized with the Yoast SEO plugin v26.7 - https:\/\/yoast.com\/wordpress\/plugins\/seo\/ -->\n<title>\u00c1rbol de Navidad. Ecol\u00f3gico \u00e1rbol de pino verde, sint\u00e9tico con base de apoyo, Diferentes tama\u00f1os y modelos<\/title>\n<meta name=\"description\" content=\"\u00c1rbol de Navidad. Ecol\u00f3gico pino verde, sint\u00e9tico con base de apoyo, Diferentes tama\u00f1os y modelos\" \/>\n<meta name=\"robots\" content=\"index, follow, max-snippet:-1, max-image-preview:large, max-video-preview:-1\" \/>\n<link rel=\"canonical\" href=\"https:\/\/www.bagnoitalia.com\/es\/producto\/arbol-ecologico-pino-verde-sintetico-con-base-de-apoyo-en-diferentes-tamanos-y-modelos-arboles.html\" \/>\n<meta property=\"og:locale\" content=\"es_ES\" \/>\n<meta property=\"og:type\" content=\"article\" \/>\n<meta property=\"og:title\" content=\"\u00c1rbol de Navidad. Ecol\u00f3gico \u00e1rbol de pino verde, sint\u00e9tico con base de apoyo, Diferentes tama\u00f1os y modelos\" \/>\n<meta property=\"og:description\" content=\"\u00c1rbol de Navidad. Ecol\u00f3gico pino verde, sint\u00e9tico con base de apoyo, Diferentes tama\u00f1os y modelos\" \/>\n<meta property=\"og:url\" content=\"https:\/\/www.bagnoitalia.com\/es\/producto\/arbol-ecologico-pino-verde-sintetico-con-base-de-apoyo-en-diferentes-tamanos-y-modelos-arboles.html\" \/>\n<meta property=\"og:site_name\" content=\"Bagno Italia\" \/>\n<meta property=\"article:modified_time\" content=\"2024-05-23T13:37:33+00:00\" \/>\n<meta property=\"og:image\" content=\"https:\/\/img.bagnoitalia.com\/wp-content\/uploads\/virtuemart\/product\/ecological-christmas-tree.jpg\" \/>\n\t<meta property=\"og:image:width\" content=\"550\" \/>\n\t<meta property=\"og:image:height\" content=\"403\" \/>\n\t<meta property=\"og:image:type\" content=\"image\/jpeg\" \/>\n<meta name=\"twitter:card\" content=\"summary_large_image\" \/>\n<meta name=\"twitter:label1\" content=\"Tiempo de lectura\" \/>\n\t<meta name=\"twitter:data1\" content=\"2 minutos\" \/>\n<script type=\"application\/ld+json\" class=\"yoast-schema-graph\">{\"@context\":\"https:\/\/schema.org\",\"@graph\":[{\"@type\":\"WebPage\",\"@id\":\"https:\/\/www.bagnoitalia.com\/es\/producto\/arbol-ecologico-pino-verde-sintetico-con-base-de-apoyo-en-diferentes-tamanos-y-modelos-arboles.html\",\"url\":\"https:\/\/www.bagnoitalia.com\/es\/producto\/arbol-ecologico-pino-verde-sintetico-con-base-de-apoyo-en-diferentes-tamanos-y-modelos-arboles.html\",\"name\":\"\u00c1rbol de Navidad. Ecol\u00f3gico \u00e1rbol de pino verde, sint\u00e9tico con base de apoyo, Diferentes tama\u00f1os y modelos\",\"isPartOf\":{\"@id\":\"https:\/\/www.bagnoitalia.com\/es#website\"},\"primaryImageOfPage\":{\"@id\":\"https:\/\/www.bagnoitalia.com\/es\/producto\/arbol-ecologico-pino-verde-sintetico-con-base-de-apoyo-en-diferentes-tamanos-y-modelos-arboles.html#primaryimage\"},\"image\":{\"@id\":\"https:\/\/www.bagnoitalia.com\/es\/producto\/arbol-ecologico-pino-verde-sintetico-con-base-de-apoyo-en-diferentes-tamanos-y-modelos-arboles.html#primaryimage\"},\"thumbnailUrl\":\"https:\/\/img.bagnoitalia.com\/wp-content\/uploads\/virtuemart\/product\/ecological-christmas-tree.jpg\",\"datePublished\":\"2016-10-11T07:05:42+00:00\",\"dateModified\":\"2024-05-23T13:37:33+00:00\",\"description\":\"\u00c1rbol de Navidad. Ecol\u00f3gico pino verde, sint\u00e9tico con base de apoyo, Diferentes tama\u00f1os y modelos\",\"breadcrumb\":{\"@id\":\"https:\/\/www.bagnoitalia.com\/es\/producto\/arbol-ecologico-pino-verde-sintetico-con-base-de-apoyo-en-diferentes-tamanos-y-modelos-arboles.html#breadcrumb\"},\"inLanguage\":\"es\",\"potentialAction\":[{\"@type\":\"ReadAction\",\"target\":[\"https:\/\/www.bagnoitalia.com\/es\/producto\/arbol-ecologico-pino-verde-sintetico-con-base-de-apoyo-en-diferentes-tamanos-y-modelos-arboles.html\"]}]},{\"@type\":\"ImageObject\",\"inLanguage\":\"es\",\"@id\":\"https:\/\/www.bagnoitalia.com\/es\/producto\/arbol-ecologico-pino-verde-sintetico-con-base-de-apoyo-en-diferentes-tamanos-y-modelos-arboles.html#primaryimage\",\"url\":\"https:\/\/img.bagnoitalia.com\/wp-content\/uploads\/virtuemart\/product\/ecological-christmas-tree.jpg\",\"contentUrl\":\"https:\/\/img.bagnoitalia.com\/wp-content\/uploads\/virtuemart\/product\/ecological-christmas-tree.jpg\",\"width\":550,\"height\":403},{\"@type\":\"BreadcrumbList\",\"@id\":\"https:\/\/www.bagnoitalia.com\/es\/producto\/arbol-ecologico-pino-verde-sintetico-con-base-de-apoyo-en-diferentes-tamanos-y-modelos-arboles.html#breadcrumb\",\"itemListElement\":[{\"@type\":\"ListItem\",\"position\":1,\"name\":\"Home\",\"item\":\"https:\/\/www.bagnoitalia.com\/es\"},{\"@type\":\"ListItem\",\"position\":2,\"name\":\"Productos\",\"item\":\"https:\/\/www.bagnoitalia.com\/es\/shop\"},{\"@type\":\"ListItem\",\"position\":3,\"name\":\"\u00c1rbol de Navidad Ecol\u00f3gico, Sint\u00e9tico, Pino verde con base de apoyo, \u00c1rboles en diferentes tama\u00f1os y modelos.\"}]},{\"@type\":\"WebSite\",\"@id\":\"https:\/\/www.bagnoitalia.com\/es#website\",\"url\":\"https:\/\/www.bagnoitalia.com\/es\",\"name\":\"Bagno Italia\",\"description\":\"\",\"publisher\":{\"@id\":\"https:\/\/www.bagnoitalia.com\/es#organization\"},\"potentialAction\":[{\"@type\":\"SearchAction\",\"target\":{\"@type\":\"EntryPoint\",\"urlTemplate\":\"https:\/\/www.bagnoitalia.com\/es?s={search_term_string}\"},\"query-input\":{\"@type\":\"PropertyValueSpecification\",\"valueRequired\":true,\"valueName\":\"search_term_string\"}}],\"inLanguage\":\"es\"},{\"@type\":\"Organization\",\"@id\":\"https:\/\/www.bagnoitalia.com\/es#organization\",\"name\":\"Bagno Italia\",\"url\":\"https:\/\/www.bagnoitalia.com\/es\",\"logo\":{\"@type\":\"ImageObject\",\"inLanguage\":\"es\",\"@id\":\"https:\/\/www.bagnoitalia.com\/es#\/schema\/logo\/image\/\",\"url\":\"https:\/\/img.bagnoitalia.com\/wp-content\/uploads\/logo-bagnoitalia.webp\",\"contentUrl\":\"https:\/\/img.bagnoitalia.com\/wp-content\/uploads\/logo-bagnoitalia.webp\",\"width\":400,\"height\":70,\"caption\":\"Bagno Italia\"},\"image\":{\"@id\":\"https:\/\/www.bagnoitalia.com\/es#\/schema\/logo\/image\/\"}}]}<\/script>\n<!-- \/ Yoast SEO plugin. -->","yoast_head_json":{"title":"\u00c1rbol de Navidad. Ecol\u00f3gico \u00e1rbol de pino verde, sint\u00e9tico con base de apoyo, Diferentes tama\u00f1os y modelos","description":"\u00c1rbol de Navidad. Ecol\u00f3gico pino verde, sint\u00e9tico con base de apoyo, Diferentes tama\u00f1os y modelos","robots":{"index":"index","follow":"follow","max-snippet":"max-snippet:-1","max-image-preview":"max-image-preview:large","max-video-preview":"max-video-preview:-1"},"canonical":"https:\/\/www.bagnoitalia.com\/es\/producto\/arbol-ecologico-pino-verde-sintetico-con-base-de-apoyo-en-diferentes-tamanos-y-modelos-arboles.html","og_locale":"es_ES","og_type":"article","og_title":"\u00c1rbol de Navidad. Ecol\u00f3gico \u00e1rbol de pino verde, sint\u00e9tico con base de apoyo, Diferentes tama\u00f1os y modelos","og_description":"\u00c1rbol de Navidad. Ecol\u00f3gico pino verde, sint\u00e9tico con base de apoyo, Diferentes tama\u00f1os y modelos","og_url":"https:\/\/www.bagnoitalia.com\/es\/producto\/arbol-ecologico-pino-verde-sintetico-con-base-de-apoyo-en-diferentes-tamanos-y-modelos-arboles.html","og_site_name":"Bagno Italia","article_modified_time":"2024-05-23T13:37:33+00:00","og_image":[{"width":550,"height":403,"url":"https:\/\/img.bagnoitalia.com\/wp-content\/uploads\/virtuemart\/product\/ecological-christmas-tree.jpg","type":"image\/jpeg"}],"twitter_card":"summary_large_image","twitter_misc":{"Tiempo de lectura":"2 minutos"},"schema":{"@context":"https:\/\/schema.org","@graph":[{"@type":"WebPage","@id":"https:\/\/www.bagnoitalia.com\/es\/producto\/arbol-ecologico-pino-verde-sintetico-con-base-de-apoyo-en-diferentes-tamanos-y-modelos-arboles.html","url":"https:\/\/www.bagnoitalia.com\/es\/producto\/arbol-ecologico-pino-verde-sintetico-con-base-de-apoyo-en-diferentes-tamanos-y-modelos-arboles.html","name":"\u00c1rbol de Navidad. Ecol\u00f3gico \u00e1rbol de pino verde, sint\u00e9tico con base de apoyo, Diferentes tama\u00f1os y modelos","isPartOf":{"@id":"https:\/\/www.bagnoitalia.com\/es#website"},"primaryImageOfPage":{"@id":"https:\/\/www.bagnoitalia.com\/es\/producto\/arbol-ecologico-pino-verde-sintetico-con-base-de-apoyo-en-diferentes-tamanos-y-modelos-arboles.html#primaryimage"},"image":{"@id":"https:\/\/www.bagnoitalia.com\/es\/producto\/arbol-ecologico-pino-verde-sintetico-con-base-de-apoyo-en-diferentes-tamanos-y-modelos-arboles.html#primaryimage"},"thumbnailUrl":"https:\/\/img.bagnoitalia.com\/wp-content\/uploads\/virtuemart\/product\/ecological-christmas-tree.jpg","datePublished":"2016-10-11T07:05:42+00:00","dateModified":"2024-05-23T13:37:33+00:00","description":"\u00c1rbol de Navidad. Ecol\u00f3gico pino verde, sint\u00e9tico con base de apoyo, Diferentes tama\u00f1os y modelos","breadcrumb":{"@id":"https:\/\/www.bagnoitalia.com\/es\/producto\/arbol-ecologico-pino-verde-sintetico-con-base-de-apoyo-en-diferentes-tamanos-y-modelos-arboles.html#breadcrumb"},"inLanguage":"es","potentialAction":[{"@type":"ReadAction","target":["https:\/\/www.bagnoitalia.com\/es\/producto\/arbol-ecologico-pino-verde-sintetico-con-base-de-apoyo-en-diferentes-tamanos-y-modelos-arboles.html"]}]},{"@type":"ImageObject","inLanguage":"es","@id":"https:\/\/www.bagnoitalia.com\/es\/producto\/arbol-ecologico-pino-verde-sintetico-con-base-de-apoyo-en-diferentes-tamanos-y-modelos-arboles.html#primaryimage","url":"https:\/\/img.bagnoitalia.com\/wp-content\/uploads\/virtuemart\/product\/ecological-christmas-tree.jpg","contentUrl":"https:\/\/img.bagnoitalia.com\/wp-content\/uploads\/virtuemart\/product\/ecological-christmas-tree.jpg","width":550,"height":403},{"@type":"BreadcrumbList","@id":"https:\/\/www.bagnoitalia.com\/es\/producto\/arbol-ecologico-pino-verde-sintetico-con-base-de-apoyo-en-diferentes-tamanos-y-modelos-arboles.html#breadcrumb","itemListElement":[{"@type":"ListItem","position":1,"name":"Home","item":"https:\/\/www.bagnoitalia.com\/es"},{"@type":"ListItem","position":2,"name":"Productos","item":"https:\/\/www.bagnoitalia.com\/es\/shop"},{"@type":"ListItem","position":3,"name":"\u00c1rbol de Navidad Ecol\u00f3gico, Sint\u00e9tico, Pino verde con base de apoyo, \u00c1rboles en diferentes tama\u00f1os y modelos."}]},{"@type":"WebSite","@id":"https:\/\/www.bagnoitalia.com\/es#website","url":"https:\/\/www.bagnoitalia.com\/es","name":"Bagno Italia","description":"","publisher":{"@id":"https:\/\/www.bagnoitalia.com\/es#organization"},"potentialAction":[{"@type":"SearchAction","target":{"@type":"EntryPoint","urlTemplate":"https:\/\/www.bagnoitalia.com\/es?s={search_term_string}"},"query-input":{"@type":"PropertyValueSpecification","valueRequired":true,"valueName":"search_term_string"}}],"inLanguage":"es"},{"@type":"Organization","@id":"https:\/\/www.bagnoitalia.com\/es#organization","name":"Bagno Italia","url":"https:\/\/www.bagnoitalia.com\/es","logo":{"@type":"ImageObject","inLanguage":"es","@id":"https:\/\/www.bagnoitalia.com\/es#\/schema\/logo\/image\/","url":"https:\/\/img.bagnoitalia.com\/wp-content\/uploads\/logo-bagnoitalia.webp","contentUrl":"https:\/\/img.bagnoitalia.com\/wp-content\/uploads\/logo-bagnoitalia.webp","width":400,"height":70,"caption":"Bagno Italia"},"image":{"@id":"https:\/\/www.bagnoitalia.com\/es#\/schema\/logo\/image\/"}}]}},"_links":{"self":[{"href":"https:\/\/www.bagnoitalia.com\/es\/wp-json\/wp\/v2\/product\/80240","targetHints":{"allow":["GET"]}}],"collection":[{"href":"https:\/\/www.bagnoitalia.com\/es\/wp-json\/wp\/v2\/product"}],"about":[{"href":"https:\/\/www.bagnoitalia.com\/es\/wp-json\/wp\/v2\/types\/product"}],"replies":[{"embeddable":true,"href":"https:\/\/www.bagnoitalia.com\/es\/wp-json\/wp\/v2\/comments?post=80240"}],"version-history":[{"count":1,"href":"https:\/\/www.bagnoitalia.com\/es\/wp-json\/wp\/v2\/product\/80240\/revisions"}],"predecessor-version":[{"id":87867,"href":"https:\/\/www.bagnoitalia.com\/es\/wp-json\/wp\/v2\/product\/80240\/revisions\/87867"}],"wp:featuredmedia":[{"embeddable":true,"href":"https:\/\/www.bagnoitalia.com\/es\/wp-json\/wp\/v2\/media\/32982"}],"wp:attachment":[{"href":"https:\/\/www.bagnoitalia.com\/es\/wp-json\/wp\/v2\/media?parent=80240"}],"wp:term":[{"taxonomy":"product_brand","embeddable":true,"href":"https:\/\/www.bagnoitalia.com\/es\/wp-json\/wp\/v2\/product_brand?post=80240"},{"taxonomy":"product_cat","embeddable":true,"href":"https:\/\/www.bagnoitalia.com\/es\/wp-json\/wp\/v2\/product_cat?post=80240"},{"taxonomy":"product_tag","embeddable":true,"href":"https:\/\/www.bagnoitalia.com\/es\/wp-json\/wp\/v2\/product_tag?post=80240"}],"curies":[{"name":"wp","href":"https:\/\/api.w.org\/{rel}","templated":true}]}}